{"id":2420,"date":"2019-10-16T15:49:04","date_gmt":"2019-10-16T15:49:04","guid":{"rendered":"https:\/\/www.freebetsinfo.co.uk\/asien-buchmacher\/"},"modified":"2021-06-29T03:28:02","modified_gmt":"2021-06-29T03:28:02","slug":"asien-buchmacher","status":"publish","type":"page","link":"https:\/\/www.freebetsinfo.co.uk\/de\/asien-buchmacher\/","title":{"rendered":"Asien Buchmacher"},"content":{"rendered":"<h3><span style=\"color: #808080;\">Bester asiatischer Buchmacher<\/span><\/h3>\n<p><span style=\"color: #808080;\">Die meisten asiatischen Buchmacher. Es gibt verschiedene Arten von Internet-Casinos. Das Wetten auf Videospiele hat eine lange Tradition, die Hunderte von Jahren andauern wird. Tats\u00e4chlich ist Asien ein Gl\u00fccksspielplatz. Einer der gr\u00f6\u00dften Weltm\u00e4rkte f\u00fcr Videospiele,<\/span><br \/>\n<span style=\"color: #808080;\">Mit der Entwicklung von Online-Casinos k\u00f6nnte Asien weiter wachsen. Spieler, die nach Online-Casinos in Asien suchen. Abschlie\u00dfend, Einschlie\u00dflich chinesischer Gaming-Unternehmen. Verschiedene Casino-Betreiber.<\/span><\/p>\n<h3><span style=\"color: #808080;\">Eine gro\u00dfe Anzahl von Online-Videospielen.<\/span><\/h3>\n<p><span style=\"color: #808080;\">Asiatische Buchmacher kennen viele L\u00e4nder in asiatischen L\u00e4ndern. Sie sind alle islamische L\u00e4nder und sind nicht erlaubt. Platzieren Sie jede Art von Wetten. Einschr\u00e4nkungen finden Sie in vielen L\u00e4ndern\/Regionen. Es gibt Einschr\u00e4nkungen f\u00fcr physische Casinos,<\/span><\/p>\n<h3><span style=\"color: #808080;\">Asiatisches Gl\u00fccksspielunternehmen.<\/span><\/h3>\n<p><span style=\"color: #808080;\">Zum Beispiel die indonesische Regierung. Jede Form des Gl\u00fccksspiels wurde verboten, aber es ist leicht zu akzeptieren. Zusammenfassend l\u00e4sst sich sagen, dass Einwohner in der N\u00e4he auf Internet-Casinos wetten.<\/span><br \/>\n<span style=\"color: #808080;\">Finden Sie Online-Casinos in Indonesien. Die Regierung schloss lokale Online-Casinos und verwandte Beh\u00f6rden in der N\u00e4he. Normalerweise auf andere Hosting-Orte beschr\u00e4nkt. Die Nutzung asiatischer Online-Casinos ist nicht effizient.<\/span><\/p>\n<h3><span style=\"color: #808080;\">Sie suchen das beste Online-Casino in Asien<\/span><\/h3>\n<p><span style=\"color: #808080;\">Sie werden den Bereich sehen. Alle Top-Casinos. Beide behalten das \u00f6stliche Vokabular bei und geben zu, mit der nahegelegenen W\u00e4hrung, dem chinesischen Yuan, zu wetten. Dar\u00fcber hinaus ist jede in der Internet-Gl\u00fccksspielorganisation t\u00e4tig. F\u00fchrende asiatische L\u00e4nder. Alle Wetten im Neuen Taiwan-Dollar, Japanischen Yen und Hongkong-Dollar sind willkommen.<\/span><\/p>\n<p><span style=\"color: #808080;\">Dies macht asiatische Online-Casinos. Werde aus einem asiatischen Land. Und die erste Wahl vieler Spieler in anderen L\u00e4ndern, weil viele davon Wettseiten haben. Wetten in US-Dollar und Euro werden ebenfalls akzeptiert. Sie m\u00fcssen auch daran denken, dass die meisten der gr\u00f6\u00dften Buchmacher. Internetbasiertes Casino. Alle Spieler f\u00fcr asiatische B\u00f6rsen. Bieten Sie Gl\u00fccksspieldienste an.<\/span><\/p>\n<h3><span style=\"color: #808080;\">Chinas Online-Casino<\/span><\/h3>\n<p><span style=\"color: #808080;\">Unterst\u00fctzt normalerweise mehrere W\u00e4hrungen. Mehrere Zahlungs- und Auszahlungsoptionen, die Spieler aus der ganzen Welt machen. Kann in asiatischen Casinos sein. Fazit: Spielen Sie Casino-Videospiele. Spezifische Einzahlungsmethoden, verschiedene Gl\u00fccksspieleinrichtungen k\u00f6nnen einem helfen. Ein weiterer. Wie PayPal, Neteller oder Skrill. Die meisten asiatischen L\u00e4nder.<\/span><\/p>\n<h3><span style=\"color: #808080;\">Wetten Sie auf das asiatische Buchmacher-Online-Casino<\/span><\/h3>\n<p><span style=\"color: #808080;\">Im Internet-Casino. Asiatische Spiele werden mit Spielern zur Verf\u00fcgung gestellt. Im f\u00fchrenden Online-Casino. Sie k\u00f6nnen genau die gleichen Casino-Online-Spiele finden, einschlie\u00dflich Tisch-Online-Spiele, Spielautomaten und Video-Poker.<\/span><\/p>\n<p><span style=\"color: #808080;\">Und die erste Wahl vieler Spieler in anderen L\u00e4ndern, weil viele davon Wettseiten haben. Wetten in US-Dollar und Euro werden ebenfalls akzeptiert. Sie m\u00fcssen auch daran denken, dass die meisten der gr\u00f6\u00dften Buchmacher. Internetbasiertes Casino.<\/span><\/p>\n<h3><span style=\"color: #808080;\">Die f\u00fchrenden Online-Casinos in Asien<\/span><\/h3>\n<p><span style=\"color: #808080;\">Bieten Sie Online-Gl\u00fccksspielpl\u00e4tze f\u00fcr Videospiele an. Zusammenfassend l\u00e4sst sich sagen, dass Poker in dieser speziellen Kategorie ist. Das bekannteste Spiel. Video-Spielautomaten und Online-Video-Poker.<\/span><\/p>\n<h3><span style=\"color: #808080;\">Asiatische L\u00e4nder, die Online-Casinospiele spielen<\/span><\/h3>\n<p><span style=\"color: #808080;\">Wenn Sie in einem Land in der Region leben, m\u00fcssen Sie bedenken, dass Sie m\u00f6glicherweise auf Ihre spezielle Website mit Einschr\u00e4nkungen in Bezug auf die Online-Nutzung zugreifen k\u00f6nnen, die in Online-Casinos in Asien am beliebtesten ist. Wenn dies der Fall ist, bitte. Erw\u00e4gen Sie die Verwendung von VPN-Diensten, um Wetten zu platzieren. Und genie\u00dfen Sie Internet-Casino-Online-Spiele. Alle bieten mobile Gl\u00fccksspieldienste an und verf\u00fcgen \u00fcber mobile Wettanwendungen, um es den Spielern zu erleichtern. Spielen Sie Spiele in nahegelegenen Online-Casinos<\/span><\/p>\n","protected":false},"excerpt":{"rendered":"Bester asiatischer Buchmacher Die meisten asiatischen Buchmacher. Es gibt verschiedene Arten von Internet-Casinos. Das Wetten auf Videospiele hat eine lange Tradition, die Hunderte von Jahren andauern wird. Tats\u00e4chlich ist Asien ein Gl\u00fccksspielplatz. Einer der gr\u00f6\u00dften Weltm\u00e4rkte f\u00fcr Videospiele, Mit der Entwicklung von Online-Casinos k\u00f6nnte Asien weiter wachsen. Spieler, die nach Online-Casinos in Asien suchen. Abschlie\u00dfend,&#8230; <a class=\"view-article\" href=\"https:\/\/www.freebetsinfo.co.uk\/de\/asien-buchmacher\/\">Artikel ansehen<\/a>","protected":false},"author":1,"featured_media":0,"parent":0,"menu_order":0,"comment_status":"closed","ping_status":"closed","template":"asia-sports-page-template.php","meta":{"_uag_custom_page_level_css":"","footnotes":""},"class_list":["post-2420","page","type-page","status-publish","hentry"],"yoast_head":"<!-- This site is optimized with the Yoast SEO Premium plugin v19.5 (Yoast SEO v27.5) - https:\/\/yoast.com\/product\/yoast-seo-premium-wordpress\/ -->\n<title>Asien Buchmacher , Bewertung der asiatischen Buchmacher-Rangliste.<\/title>\n<meta name=\"description\" content=\"Asien Buchmacher ,Asian Bookmakers Rating Ranking Rating, Asiens beste Online-Buchmacher mit den meisten Angeboten und den schnellsten Auszahlungen.\" \/>\n<meta name=\"robots\" content=\"index, follow, max-snippet:-1, max-image-preview:large, max-video-preview:-1\" \/>\n<link rel=\"canonical\" href=\"https:\/\/www.freebetsinfo.co.uk\/de\/asien-buchmacher\/\" \/>\n<meta property=\"og:locale\" content=\"de_DE\" \/>\n<meta property=\"og:type\" content=\"article\" \/>\n<meta property=\"og:title\" content=\"Asien Buchmacher\" \/>\n<meta property=\"og:description\" content=\"Asien Buchmacher ,Asian Bookmakers Rating Ranking Rating, Asiens beste Online-Buchmacher mit den meisten Angeboten und den schnellsten Auszahlungen.\" \/>\n<meta property=\"og:url\" content=\"https:\/\/www.freebetsinfo.co.uk\/de\/asien-buchmacher\/\" \/>\n<meta property=\"og:site_name\" content=\"Kostenlose Sportwetten, Online Buchmacher Wettinfo\" \/>\n<meta property=\"article:modified_time\" content=\"2021-06-29T03:28:02+00:00\" \/>\n<meta name=\"twitter:card\" content=\"summary_large_image\" \/>\n<meta name=\"twitter:label1\" content=\"Gesch\u00e4tzte Lesezeit\" \/>\n\t<meta name=\"twitter:data1\" content=\"3\u00a0Minuten\" \/>\n<script type=\"application\/ld+json\" class=\"yoast-schema-graph\">{\"@context\":\"https:\\\/\\\/schema.org\",\"@graph\":[{\"@type\":\"WebPage\",\"@id\":\"https:\\\/\\\/www.freebetsinfo.co.uk\\\/de\\\/asien-buchmacher\\\/\",\"url\":\"https:\\\/\\\/www.freebetsinfo.co.uk\\\/de\\\/asien-buchmacher\\\/\",\"name\":\"Asien Buchmacher , Bewertung der asiatischen Buchmacher-Rangliste.\",\"isPartOf\":{\"@id\":\"https:\\\/\\\/www.freebetsinfo.co.uk\\\/de\\\/#website\"},\"datePublished\":\"2019-10-16T15:49:04+00:00\",\"dateModified\":\"2021-06-29T03:28:02+00:00\",\"description\":\"Asien Buchmacher ,Asian Bookmakers Rating Ranking Rating, Asiens beste Online-Buchmacher mit den meisten Angeboten und den schnellsten Auszahlungen.\",\"breadcrumb\":{\"@id\":\"https:\\\/\\\/www.freebetsinfo.co.uk\\\/de\\\/asien-buchmacher\\\/#breadcrumb\"},\"inLanguage\":\"de\",\"potentialAction\":[{\"@type\":\"ReadAction\",\"target\":[\"https:\\\/\\\/www.freebetsinfo.co.uk\\\/de\\\/asien-buchmacher\\\/\"]}]},{\"@type\":\"BreadcrumbList\",\"@id\":\"https:\\\/\\\/www.freebetsinfo.co.uk\\\/de\\\/asien-buchmacher\\\/#breadcrumb\",\"itemListElement\":[{\"@type\":\"ListItem\",\"position\":1,\"name\":\"Home\",\"item\":\"https:\\\/\\\/www.freebetsinfo.co.uk\\\/de\\\/\"},{\"@type\":\"ListItem\",\"position\":2,\"name\":\"Asien Buchmacher\"}]},{\"@type\":\"WebSite\",\"@id\":\"https:\\\/\\\/www.freebetsinfo.co.uk\\\/de\\\/#website\",\"url\":\"https:\\\/\\\/www.freebetsinfo.co.uk\\\/de\\\/\",\"name\":\"Kostenlose Sportwetten, Online Buchmacher Wettinfo\",\"description\":\"Beste Online-Wetten und Casino-Bonuscodes ohne Einzahlung! \u2705Top-Online-Wett-Seiten-Bewertungen, \u2705Beste Online-Casinos-Boni!\",\"potentialAction\":[{\"@type\":\"SearchAction\",\"target\":{\"@type\":\"EntryPoint\",\"urlTemplate\":\"https:\\\/\\\/www.freebetsinfo.co.uk\\\/de\\\/?s={search_term_string}\"},\"query-input\":{\"@type\":\"PropertyValueSpecification\",\"valueRequired\":true,\"valueName\":\"search_term_string\"}}],\"inLanguage\":\"de\"}]}<\/script>\n<!-- \/ Yoast SEO Premium plugin. -->","yoast_head_json":{"title":"Asien Buchmacher , Bewertung der asiatischen Buchmacher-Rangliste.","description":"Asien Buchmacher ,Asian Bookmakers Rating Ranking Rating, Asiens beste Online-Buchmacher mit den meisten Angeboten und den schnellsten Auszahlungen.","robots":{"index":"index","follow":"follow","max-snippet":"max-snippet:-1","max-image-preview":"max-image-preview:large","max-video-preview":"max-video-preview:-1"},"canonical":"https:\/\/www.freebetsinfo.co.uk\/de\/asien-buchmacher\/","og_locale":"de_DE","og_type":"article","og_title":"Asien Buchmacher","og_description":"Asien Buchmacher ,Asian Bookmakers Rating Ranking Rating, Asiens beste Online-Buchmacher mit den meisten Angeboten und den schnellsten Auszahlungen.","og_url":"https:\/\/www.freebetsinfo.co.uk\/de\/asien-buchmacher\/","og_site_name":"Kostenlose Sportwetten, Online Buchmacher Wettinfo","article_modified_time":"2021-06-29T03:28:02+00:00","twitter_card":"summary_large_image","twitter_misc":{"Gesch\u00e4tzte Lesezeit":"3\u00a0Minuten"},"schema":{"@context":"https:\/\/schema.org","@graph":[{"@type":"WebPage","@id":"https:\/\/www.freebetsinfo.co.uk\/de\/asien-buchmacher\/","url":"https:\/\/www.freebetsinfo.co.uk\/de\/asien-buchmacher\/","name":"Asien Buchmacher , Bewertung der asiatischen Buchmacher-Rangliste.","isPartOf":{"@id":"https:\/\/www.freebetsinfo.co.uk\/de\/#website"},"datePublished":"2019-10-16T15:49:04+00:00","dateModified":"2021-06-29T03:28:02+00:00","description":"Asien Buchmacher ,Asian Bookmakers Rating Ranking Rating, Asiens beste Online-Buchmacher mit den meisten Angeboten und den schnellsten Auszahlungen.","breadcrumb":{"@id":"https:\/\/www.freebetsinfo.co.uk\/de\/asien-buchmacher\/#breadcrumb"},"inLanguage":"de","potentialAction":[{"@type":"ReadAction","target":["https:\/\/www.freebetsinfo.co.uk\/de\/asien-buchmacher\/"]}]},{"@type":"BreadcrumbList","@id":"https:\/\/www.freebetsinfo.co.uk\/de\/asien-buchmacher\/#breadcrumb","itemListElement":[{"@type":"ListItem","position":1,"name":"Home","item":"https:\/\/www.freebetsinfo.co.uk\/de\/"},{"@type":"ListItem","position":2,"name":"Asien Buchmacher"}]},{"@type":"WebSite","@id":"https:\/\/www.freebetsinfo.co.uk\/de\/#website","url":"https:\/\/www.freebetsinfo.co.uk\/de\/","name":"Kostenlose Sportwetten, Online Buchmacher Wettinfo","description":"Beste Online-Wetten und Casino-Bonuscodes ohne Einzahlung! \u2705Top-Online-Wett-Seiten-Bewertungen, \u2705Beste Online-Casinos-Boni!","potentialAction":[{"@type":"SearchAction","target":{"@type":"EntryPoint","urlTemplate":"https:\/\/www.freebetsinfo.co.uk\/de\/?s={search_term_string}"},"query-input":{"@type":"PropertyValueSpecification","valueRequired":true,"valueName":"search_term_string"}}],"inLanguage":"de"}]}},"uagb_featured_image_src":{"full":false,"thumbnail":false,"medium":false,"medium_large":false,"large":false,"1536x1536":false,"2048x2048":false,"small":false,"custom-size":false},"uagb_author_info":{"display_name":"\u7ba1\u7406","author_link":"https:\/\/www.freebetsinfo.co.uk\/de\/author\/kdfl4q\/"},"uagb_comment_info":0,"uagb_excerpt":"Bester asiatischer Buchmacher Die meisten asiatischen Buchmacher. Es gibt verschiedene Arten von Internet-Casinos. Das Wetten auf Videospiele hat eine lange Tradition, die Hunderte von Jahren andauern wird. Tats\u00e4chlich ist Asien ein Gl\u00fccksspielplatz. Einer der gr\u00f6\u00dften Weltm\u00e4rkte f\u00fcr Videospiele, Mit der Entwicklung von Online-Casinos k\u00f6nnte Asien weiter wachsen. Spieler, die nach Online-Casinos in Asien suchen. Abschlie\u00dfend,...&hellip;","_links":{"self":[{"href":"https:\/\/www.freebetsinfo.co.uk\/de\/wp-json\/wp\/v2\/pages\/2420","targetHints":{"allow":["GET"]}}],"collection":[{"href":"https:\/\/www.freebetsinfo.co.uk\/de\/wp-json\/wp\/v2\/pages"}],"about":[{"href":"https:\/\/www.freebetsinfo.co.uk\/de\/wp-json\/wp\/v2\/types\/page"}],"author":[{"embeddable":true,"href":"https:\/\/www.freebetsinfo.co.uk\/de\/wp-json\/wp\/v2\/users\/1"}],"replies":[{"embeddable":true,"href":"https:\/\/www.freebetsinfo.co.uk\/de\/wp-json\/wp\/v2\/comments?post=2420"}],"version-history":[{"count":0,"href":"https:\/\/www.freebetsinfo.co.uk\/de\/wp-json\/wp\/v2\/pages\/2420\/revisions"}],"wp:attachment":[{"href":"https:\/\/www.freebetsinfo.co.uk\/de\/wp-json\/wp\/v2\/media?parent=2420"}],"curies":[{"name":"wp","href":"https:\/\/api.w.org\/{rel}","templated":true}]}}