{"id":2486,"date":"2017-11-18T09:40:58","date_gmt":"2017-11-18T09:40:58","guid":{"rendered":"https:\/\/www.freebetsinfo.co.uk\/fussballwetten\/"},"modified":"2021-07-01T14:48:50","modified_gmt":"2021-07-01T14:48:50","slug":"fussball-wetten","status":"publish","type":"page","link":"https:\/\/www.freebetsinfo.co.uk\/de\/fussball-wetten\/","title":{"rendered":"Fu\u00dfballwetten"},"content":{"rendered":"<h2><span style=\"color: #999999;\"><a style=\"color: #999999;\" href=\"https:\/\/www.freebetsinfo.co.uk\/de\/fussball-wetten\/\">Fu\u00dfballwetten<\/a> Holen Sie sich die am besten ermutigten zus\u00e4tzlichen Boni und Gratiswetten<\/span><\/h2>\n<p><span style=\"color: #999999;\">Sie sind sich nicht sicher, was sie anzeigen? Wir werden es erkl\u00e4ren. Wenn Sie also zuerst Ihr Konto auf 90 \u20ac aufstocken, haben Sie wahrscheinlich einen Vorteil von 90 \u20ac von Betway!<\/span><\/p>\n<h3><span style=\"color: #999999;\"><strong><a style=\"color: #999999;\" href=\"https:\/\/www.freebetsinfo.co.uk\/de\/fussball-wetten\/\">Fu\u00dfballwetten<\/a><\/strong> Wie erhalte ich die besten Sonderangebote f\u00fcr bestehende Spieler?<\/span><\/h3>\n<p><span style=\"color: #999999;\">Tolle Neuigkeiten, die Werbeaktionen h\u00f6ren nicht auf, sobald Sie sich angemeldet haben. Die meisten guten Fu\u00dfball-Wettseiten entsch\u00e4digen treue Kunden mit laufenden Werbeaktionen.<\/span><\/p>\n<h3><span style=\"color: #999999;\"><a style=\"color: #999999;\" href=\"https:\/\/www.freebetsinfo.co.uk\/de\/fussball-wetten\/\">Fu\u00dfballwetten<\/a> Wie w\u00e4hlt man die richtigen Basketball-Gl\u00fccksspielseiten aus?<\/span><\/h3>\n<p><span style=\"color: #999999;\">Eines der ersten Dinge, auf die Sie achten sollten, ist die F\u00fclle von M\u00e4rkten und Wetten, die in ihrer jeweiligen Form angeboten werden<a style=\"color: #999999;\" href=\"https:\/\/www.freebetsinfo.co.uk\/de\/fussball-wetten\/\"> Sportwetten.<\/a><\/span><span style=\"color: #999999;\"> Es \u00fcberrascht nicht, dass die gro\u00dfen Marken immer \u00fcber ein umfangreiches Sportwettenangebot verf\u00fcgen.<\/span> <\/p>\n<p><span style=\"color: #999999;\">Bleiben Sie einfach hier bei freebetsinfo mit den Testimonials und Neuigkeiten auf dem Laufenden und wir wetten, dass Ihre Fu\u00dfballwetten sein werden<a style=\"color: #999999;\" href=\"https:\/\/www.freebetsinfo.co.uk\/de\/\"> deine beste Wette<\/a> Jahr jemals.<\/span><\/p>\n<h3><span style=\"color: #999999;\"><strong><a style=\"color: #999999;\" href=\"https:\/\/www.freebetsinfo.co.uk\/de\/fussball-wetten\/\">Fu\u00dfballwetten<\/a><\/strong> Wie funktionieren Handelsmarktsegmente?<\/span><\/h3>\n<p><span style=\"color: #999999;\">Swap-Marktpl\u00e4tze funktionieren etwas anders als herk\u00f6mmliche Wetten. <\/span><span style=\"color: #999999;\">Der am besten identifizierte Handelsmarkt ist der von Betfair, da er einer der fr\u00fchesten und bei weitem der gr\u00f6\u00dfte ist. <\/span><span style=\"color: #999999;\">In-Play &amp; Cash-Out &#8211; Finden Sie den richtigen Buchmacher, der Ihren Bed\u00fcrfnissen entspricht. <\/span><\/p>\n<p><span style=\"color: #999999;\">auch welcher Crew wird ein anderer Teil gelingen!<\/span><span style=\"color: #999999;\"> Eine weitere aktuelle Innovation, wenn es um Basketball-Gl\u00fccksspiele zu einem<a style=\"color: #999999;\" href=\"https:\/\/www.freebetsinfo.co.uk\/de\/fussball-wetten\/\"> Web-Buchmacher<\/a> ist der Gedanke an Geld raus.<\/span><\/p>\n<h3><span style=\"color: #999999;\">Mobile Wetten \u2013 welche Buchmacher praktizieren es am besten?<\/span><\/h3>\n<p><span style=\"color: #999999;\">Es gab eine undenkbare Zeit, bevor wir alle ein Handy in der Tasche hatten. Seitdem sind sie zu einem festen Bestandteil unserer Lebensweise geworden, und Fu\u00dfball-Gl\u00fccksspiel-Internetseiten erkennen dies an. <\/span><\/p>\n<p><span style=\"color: #999999;\">Das speziell f\u00fcr Mobiltelefone optimierte HTML5-Modell der Seite wird f\u00fcr Ihr Ger\u00e4t heruntergeladen. <\/span><\/p>\n<p><span style=\"color: #999999;\">Etwas<a style=\"color: #999999;\" href=\"https:\/\/www.freebetsinfo.co.uk\/de\/fussball-wetten\/\"> Online-Sport<\/a> Aktivit\u00e4ten-Lehrb\u00fccher k\u00f6nnen Angebote anbieten, wenn Sie die mobile Version der Website nutzen \u2013 Sie finden vollst\u00e4ndige Informationen zu den besten Angeboten in unserem Handbuch f\u00fcr mobile Wetten.<\/span><\/p>\n<h3><span style=\"color: #999999;\">Welche Transaktionstechniken kann man anwenden?<\/span><\/h3>\n<p><span style=\"color: #999999;\"><a style=\"color: #999999;\" href=\"https:\/\/www.freebetsinfo.co.uk\/de\/fussball-wetten\/\">Fu\u00dfball-Wettseiten<\/a> bieten Kunden eine Vielzahl von Transaktionsoptionen, die Ihnen die Freiheit geben, mit Ihrem gew\u00fcnschten Ansatz einzuzahlen und abzuheben.<\/span><\/p>\n<p><span style=\"color: #999999;\">Einige Betreiber bieten auch PayPal-Wettoptionen an. Obwohl es zuvor einige Bedenken hinsichtlich PayPal sowie des Internet-Gl\u00fccksspielgesch\u00e4fts gegeben hat, haupts\u00e4chlich wegen des Risikos krimineller Aktivit\u00e4ten und Betrugs, haben sie m\u00f6glicherweise begonnen, sich mit zahlreichen gro\u00dfen Unternehmen zu besch\u00e4ftigen<a style=\"color: #999999;\" href=\"https:\/\/www.freebetsinfo.co.uk\/de\/freie-wette\/\"> Britische Basketball-Wettseiten<\/a> .<\/span><\/p>\n<h3><span style=\"color: #999999;\">Holen Sie sich die neuesten Basketball-Wettangebote<\/span><\/h3>\n<p><span style=\"color: #999999;\">Selbst der erfahrenste Spieler hat schlechte Zauberspr\u00fcche.<\/span><\/p>\n<p><span style=\"color: #999999;\">manchmal scheinen selbst Ihre \u201esichersten\u201c Wetten einfach keine Strategie zu sein, und wir wissen, wie frustrierend es sein kann, wenn Sie in eine Sackgasse geraten.<\/span><\/p>\n<p><span style=\"color: #999999;\">Zum Gl\u00fcck f\u00fcr Sie pers\u00f6nlich sind wir hier, um Ihnen zu helfen. Unsere professionelle Gruppe wird normale Ideen und alle neuesten Wettaktionen einreichen, um Sie auf dem richtigen Weg zu unterst\u00fctzen. Gehen Sie einfach zu unserem Bereich Wetten, um die effektivsten neuesten zus\u00e4tzlichen Boni zu sehen<a style=\"color: #999999;\" href=\"https:\/\/www.freebetsinfo.co.uk\/de\/freie-wette\/\"> Gratiswetten<\/a> , acca Versicherungsschutz und vieles mehr!<\/span><\/p>\n","protected":false},"excerpt":{"rendered":"Fu\u00dfballwetten Holen Sie sich die am besten ermutigten zus\u00e4tzlichen Boni und Gratiswetten Sie sind sich nicht sicher, was sie anzeigen? Wir werden es erkl\u00e4ren. Wenn Sie also zuerst Ihr Konto auf 90 \u20ac aufstocken, haben Sie wahrscheinlich einen Vorteil von 90 \u20ac von Betway! Fu\u00dfballwetten Wie erhalte ich die besten Sonderangebote f\u00fcr bestehende Spieler? Tolle&#8230; <a class=\"view-article\" href=\"https:\/\/www.freebetsinfo.co.uk\/de\/fussball-wetten\/\">Artikel ansehen<\/a>","protected":false},"author":1,"featured_media":0,"parent":0,"menu_order":0,"comment_status":"closed","ping_status":"closed","template":"asia-sports-page-template.php","meta":{"_uag_custom_page_level_css":"","footnotes":""},"class_list":["post-2486","page","type-page","status-publish","hentry"],"yoast_head":"<!-- This site is optimized with the Yoast SEO Premium plugin v19.5 (Yoast SEO v27.5) - https:\/\/yoast.com\/product\/yoast-seo-premium-wordpress\/ -->\n<title>Fu\u00dfballwetten Top-Fu\u00dfball-Wettseiten in Gro\u00dfbritannien Vollst\u00e4ndiger Leitfaden f\u00fcr.<\/title>\n<meta name=\"description\" content=\"Fu\u00dfballwetten Top-Buchmacherseiten in Gro\u00dfbritannien, Bonus ohne Einzahlung, Holen Sie sich die am besten empfohlenen zus\u00e4tzlichen Boni und Gratiswetten.\" \/>\n<meta name=\"robots\" content=\"index, follow, max-snippet:-1, max-image-preview:large, max-video-preview:-1\" \/>\n<link rel=\"canonical\" href=\"https:\/\/www.freebetsinfo.co.uk\/de\/fussball-wetten\/\" \/>\n<meta property=\"og:locale\" content=\"de_DE\" \/>\n<meta property=\"og:type\" content=\"article\" \/>\n<meta property=\"og:title\" content=\"Fu\u00dfballwetten\" \/>\n<meta property=\"og:description\" content=\"Fu\u00dfballwetten Top-Buchmacherseiten in Gro\u00dfbritannien, Bonus ohne Einzahlung, Holen Sie sich die am besten empfohlenen zus\u00e4tzlichen Boni und Gratiswetten.\" \/>\n<meta property=\"og:url\" content=\"https:\/\/www.freebetsinfo.co.uk\/de\/fussball-wetten\/\" \/>\n<meta property=\"og:site_name\" content=\"Kostenlose Sportwetten, Online Buchmacher Wettinfo\" \/>\n<meta property=\"article:modified_time\" content=\"2021-07-01T14:48:50+00:00\" \/>\n<meta name=\"twitter:card\" content=\"summary_large_image\" \/>\n<meta name=\"twitter:label1\" content=\"Gesch\u00e4tzte Lesezeit\" \/>\n\t<meta name=\"twitter:data1\" content=\"2\u00a0Minuten\" \/>\n<script type=\"application\/ld+json\" class=\"yoast-schema-graph\">{\"@context\":\"https:\\\/\\\/schema.org\",\"@graph\":[{\"@type\":\"WebPage\",\"@id\":\"https:\\\/\\\/www.freebetsinfo.co.uk\\\/de\\\/fussball-wetten\\\/\",\"url\":\"https:\\\/\\\/www.freebetsinfo.co.uk\\\/de\\\/fussball-wetten\\\/\",\"name\":\"Fu\u00dfballwetten Top-Fu\u00dfball-Wettseiten in Gro\u00dfbritannien Vollst\u00e4ndiger Leitfaden f\u00fcr.\",\"isPartOf\":{\"@id\":\"https:\\\/\\\/www.freebetsinfo.co.uk\\\/de\\\/#website\"},\"datePublished\":\"2017-11-18T09:40:58+00:00\",\"dateModified\":\"2021-07-01T14:48:50+00:00\",\"description\":\"Fu\u00dfballwetten Top-Buchmacherseiten in Gro\u00dfbritannien, Bonus ohne Einzahlung, Holen Sie sich die am besten empfohlenen zus\u00e4tzlichen Boni und Gratiswetten.\",\"breadcrumb\":{\"@id\":\"https:\\\/\\\/www.freebetsinfo.co.uk\\\/de\\\/fussball-wetten\\\/#breadcrumb\"},\"inLanguage\":\"de\",\"potentialAction\":[{\"@type\":\"ReadAction\",\"target\":[\"https:\\\/\\\/www.freebetsinfo.co.uk\\\/de\\\/fussball-wetten\\\/\"]}]},{\"@type\":\"BreadcrumbList\",\"@id\":\"https:\\\/\\\/www.freebetsinfo.co.uk\\\/de\\\/fussball-wetten\\\/#breadcrumb\",\"itemListElement\":[{\"@type\":\"ListItem\",\"position\":1,\"name\":\"Home\",\"item\":\"https:\\\/\\\/www.freebetsinfo.co.uk\\\/de\\\/\"},{\"@type\":\"ListItem\",\"position\":2,\"name\":\"Fu\u00dfballwetten\"}]},{\"@type\":\"WebSite\",\"@id\":\"https:\\\/\\\/www.freebetsinfo.co.uk\\\/de\\\/#website\",\"url\":\"https:\\\/\\\/www.freebetsinfo.co.uk\\\/de\\\/\",\"name\":\"Kostenlose Sportwetten, Online Buchmacher Wettinfo\",\"description\":\"Beste Online-Wetten und Casino-Bonuscodes ohne Einzahlung! \u2705Top-Online-Wett-Seiten-Bewertungen, \u2705Beste Online-Casinos-Boni!\",\"potentialAction\":[{\"@type\":\"SearchAction\",\"target\":{\"@type\":\"EntryPoint\",\"urlTemplate\":\"https:\\\/\\\/www.freebetsinfo.co.uk\\\/de\\\/?s={search_term_string}\"},\"query-input\":{\"@type\":\"PropertyValueSpecification\",\"valueRequired\":true,\"valueName\":\"search_term_string\"}}],\"inLanguage\":\"de\"}]}<\/script>\n<!-- \/ Yoast SEO Premium plugin. -->","yoast_head_json":{"title":"Fu\u00dfballwetten Top-Fu\u00dfball-Wettseiten in Gro\u00dfbritannien Vollst\u00e4ndiger Leitfaden f\u00fcr.","description":"Fu\u00dfballwetten Top-Buchmacherseiten in Gro\u00dfbritannien, Bonus ohne Einzahlung, Holen Sie sich die am besten empfohlenen zus\u00e4tzlichen Boni und Gratiswetten.","robots":{"index":"index","follow":"follow","max-snippet":"max-snippet:-1","max-image-preview":"max-image-preview:large","max-video-preview":"max-video-preview:-1"},"canonical":"https:\/\/www.freebetsinfo.co.uk\/de\/fussball-wetten\/","og_locale":"de_DE","og_type":"article","og_title":"Fu\u00dfballwetten","og_description":"Fu\u00dfballwetten Top-Buchmacherseiten in Gro\u00dfbritannien, Bonus ohne Einzahlung, Holen Sie sich die am besten empfohlenen zus\u00e4tzlichen Boni und Gratiswetten.","og_url":"https:\/\/www.freebetsinfo.co.uk\/de\/fussball-wetten\/","og_site_name":"Kostenlose Sportwetten, Online Buchmacher Wettinfo","article_modified_time":"2021-07-01T14:48:50+00:00","twitter_card":"summary_large_image","twitter_misc":{"Gesch\u00e4tzte Lesezeit":"2\u00a0Minuten"},"schema":{"@context":"https:\/\/schema.org","@graph":[{"@type":"WebPage","@id":"https:\/\/www.freebetsinfo.co.uk\/de\/fussball-wetten\/","url":"https:\/\/www.freebetsinfo.co.uk\/de\/fussball-wetten\/","name":"Fu\u00dfballwetten Top-Fu\u00dfball-Wettseiten in Gro\u00dfbritannien Vollst\u00e4ndiger Leitfaden f\u00fcr.","isPartOf":{"@id":"https:\/\/www.freebetsinfo.co.uk\/de\/#website"},"datePublished":"2017-11-18T09:40:58+00:00","dateModified":"2021-07-01T14:48:50+00:00","description":"Fu\u00dfballwetten Top-Buchmacherseiten in Gro\u00dfbritannien, Bonus ohne Einzahlung, Holen Sie sich die am besten empfohlenen zus\u00e4tzlichen Boni und Gratiswetten.","breadcrumb":{"@id":"https:\/\/www.freebetsinfo.co.uk\/de\/fussball-wetten\/#breadcrumb"},"inLanguage":"de","potentialAction":[{"@type":"ReadAction","target":["https:\/\/www.freebetsinfo.co.uk\/de\/fussball-wetten\/"]}]},{"@type":"BreadcrumbList","@id":"https:\/\/www.freebetsinfo.co.uk\/de\/fussball-wetten\/#breadcrumb","itemListElement":[{"@type":"ListItem","position":1,"name":"Home","item":"https:\/\/www.freebetsinfo.co.uk\/de\/"},{"@type":"ListItem","position":2,"name":"Fu\u00dfballwetten"}]},{"@type":"WebSite","@id":"https:\/\/www.freebetsinfo.co.uk\/de\/#website","url":"https:\/\/www.freebetsinfo.co.uk\/de\/","name":"Kostenlose Sportwetten, Online Buchmacher Wettinfo","description":"Beste Online-Wetten und Casino-Bonuscodes ohne Einzahlung! \u2705Top-Online-Wett-Seiten-Bewertungen, \u2705Beste Online-Casinos-Boni!","potentialAction":[{"@type":"SearchAction","target":{"@type":"EntryPoint","urlTemplate":"https:\/\/www.freebetsinfo.co.uk\/de\/?s={search_term_string}"},"query-input":{"@type":"PropertyValueSpecification","valueRequired":true,"valueName":"search_term_string"}}],"inLanguage":"de"}]}},"uagb_featured_image_src":{"full":false,"thumbnail":false,"medium":false,"medium_large":false,"large":false,"1536x1536":false,"2048x2048":false,"small":false,"custom-size":false},"uagb_author_info":{"display_name":"\u7ba1\u7406","author_link":"https:\/\/www.freebetsinfo.co.uk\/de\/author\/kdfl4q\/"},"uagb_comment_info":0,"uagb_excerpt":"Fu\u00dfballwetten Holen Sie sich die am besten ermutigten zus\u00e4tzlichen Boni und Gratiswetten Sie sind sich nicht sicher, was sie anzeigen? Wir werden es erkl\u00e4ren. Wenn Sie also zuerst Ihr Konto auf 90 \u20ac aufstocken, haben Sie wahrscheinlich einen Vorteil von 90 \u20ac von Betway! Fu\u00dfballwetten Wie erhalte ich die besten Sonderangebote f\u00fcr bestehende Spieler? Tolle...&hellip;","_links":{"self":[{"href":"https:\/\/www.freebetsinfo.co.uk\/de\/wp-json\/wp\/v2\/pages\/2486","targetHints":{"allow":["GET"]}}],"collection":[{"href":"https:\/\/www.freebetsinfo.co.uk\/de\/wp-json\/wp\/v2\/pages"}],"about":[{"href":"https:\/\/www.freebetsinfo.co.uk\/de\/wp-json\/wp\/v2\/types\/page"}],"author":[{"embeddable":true,"href":"https:\/\/www.freebetsinfo.co.uk\/de\/wp-json\/wp\/v2\/users\/1"}],"replies":[{"embeddable":true,"href":"https:\/\/www.freebetsinfo.co.uk\/de\/wp-json\/wp\/v2\/comments?post=2486"}],"version-history":[{"count":0,"href":"https:\/\/www.freebetsinfo.co.uk\/de\/wp-json\/wp\/v2\/pages\/2486\/revisions"}],"wp:attachment":[{"href":"https:\/\/www.freebetsinfo.co.uk\/de\/wp-json\/wp\/v2\/media?parent=2486"}],"curies":[{"name":"wp","href":"https:\/\/api.w.org\/{rel}","templated":true}]}}