{"id":2487,"date":"2017-11-18T09:42:42","date_gmt":"2017-11-18T09:42:42","guid":{"rendered":"https:\/\/www.freebetsinfo.co.uk\/golfwetten\/"},"modified":"2021-07-01T14:51:06","modified_gmt":"2021-07-01T14:51:06","slug":"golf-wetten","status":"publish","type":"page","link":"https:\/\/www.freebetsinfo.co.uk\/de\/golf-wetten\/","title":{"rendered":"Golfwetten"},"content":{"rendered":"<h3><span style=\"color: #808080;\">Warum spielen?<a style=\"color: #808080;\" href=\"https:\/\/www.freebetsinfo.co.uk\/de\/golf-wetten\/\"> Golfwetten<\/a> ist wahrscheinlich die am weitesten verbreitete Sportart, auf die man wetten kann<\/span><\/h3>\n<p><span style=\"color: #808080;\"><a style=\"color: #808080;\" href=\"https:\/\/www.freebetsinfo.co.uk\/de\/golf-wetten\/\">Golfwetten<\/a> Die ersten komponierten Beweise f\u00fcr das Golfspielen sind aus dem Jahr 1457 \u00fcberliefert, als James II. versuchte, den Sport zu verbieten, weil er der Meinung war, dass er das Bogenschie\u00dfen beeintr\u00e4chtigte. Mehr als f\u00fcnfhundertf\u00fcnfzig Jahre sp\u00e4ter hat sich Golf zu einem gemeinschaftsweiten Zeitvertreib entwickelt. <\/span><\/p>\n<p><span style=\"color: #808080;\">Golfwetten ist bestrebt, Ihre Anpassung zu erhalten<\/span><\/p>\n<p><span style=\"color: #808080;\">Wenn Sie ein Liebhaber von Golfwetten sind, wird es immer einen Buchmacher geben. Bereit, Ihnen anst\u00e4ndige Wetttransaktionen zu bieten. Schauen Sie sich die vorhandenen Aktivit\u00e4ten an und Sie werden bald punkten. \u00dcber Ihr bestes Golfspiel<\/span><\/p>\n<p>&nbsp;<\/p>\n<h3><span style=\"color: #808080;\"><a style=\"color: #808080;\" href=\"https:\/\/www.freebetsinfo.co.uk\/de\/golf-wetten\/\">Golfwetten<\/a> Andere Golfturniere<\/span><\/h3>\n<p><span style=\"color: #808080;\">Jedes Jahr k\u00e4mpfen Spieler um ihren Platz auf den PGA- und ET-Trips. Jedes Jahr sind nur die besten 125 Finisher rund um den PGA-Trip und die besten 110 Spieler der ET-Exkursion f\u00fcr das Folgejahr auf der Exkursion sicher.<\/span><\/p>\n<p>&nbsp;<\/p>\n<h3><span style=\"color: #808080;\">Matchplay-Golfturniere<\/span><\/h3>\n<p><span style=\"color: #808080;\">Fast alle<a style=\"color: #808080;\" href=\"https:\/\/www.freebetsinfo.co.uk\/de\/freie-wette\/\"> Golfturniere<\/a> sind zerebrovaskul\u00e4re Ereignisse Genie\u00dfen Sie Ereignisse. Der Champion ist definitiv der Spieler, der den Platz mit den wenigsten Bildern beendet, normalerweise kombiniert, da viele Golfturniere \u00fcber mehrere Tage und N\u00e4chte hinweg stattfinden.<\/span><\/p>\n<h3><span style=\"color: #808080;\">Was genau sind die verschiedenen Arten von Golfwetten?<\/span><\/h3>\n<p><span style=\"color: #808080;\">Die meisten<a style=\"color: #808080;\" href=\"https:\/\/www.freebetsinfo.co.uk\/de\/\"> Golfwetten<\/a> Gelder werden direkt auf Turniersieger gelegt, aber das ist nicht immer der richtige Weg, wenn Sie gerne auf Golf wetten. Vor-Turnier-Favorit Dustin Time (7\/1 8.00) komplettierte Linked f\u00fcr den zweiundzwanzigsten Platz.<\/span><\/p>\n<h3><span style=\"color: #808080;\">Die besten Golf-Gl\u00fccksspielseiten Gro\u00dfbritanniens:<\/span><\/h3>\n<p><span style=\"color: #808080;\">Dieser Sportwettenanbieter bietet auch h\u00e4ufig eine Acca-Versicherung f\u00fcr zwei und drei Tennisball-Akkumulatoren an, die mindestens vier Optionen haben. BetBright-Neulinge haben au\u00dferdem ein Angebot, das ihren Appetit anregt. Sie erhalten insgesamt 100\u00a3<a style=\"color: #808080;\" href=\"https:\/\/www.freebetsinfo.co.uk\/de\/freie-wette\/\"> Gratiswetten<\/a> .<\/span><\/p>\n<p><span style=\"color: #808080;\"><strong>10Bet<\/strong><\/span><\/p>\n<p><span style=\"color: #808080;\">10Betis ist auch eine anst\u00e4ndige Wette, wenn es um In-Perform-Wetten geht.<\/span><\/p>\n<p><span style=\"color: #808080;\">Der professionelle Service ist absolut beeindruckend. So k\u00f6nnen Sie sich auf ihrer Website \u00fcber alle Top-Golfsportarten auf dem Laufenden halten. Keine Notwendigkeit, woanders hin zu reisen.<\/span><\/p>\n<p><span style=\"color: #808080;\">Wenn Sie ein Neuling sind, k\u00f6nnen Sie mit einer 100-prozentigen Mehrrendite auf Ihre erste Anzahlung von bis zu \u00a3200 rechnen.<\/span><\/p>\n<p><span style=\"color: #808080;\">Es ist tats\u00e4chlich ein gutes Angebot, das Ihnen helfen kann, das Beste aus Ihrer Golfwette herauszuholen<\/span><\/p>\n<p><span style=\"color: #808080;\">Es war auch ein perfekter \u201eVorab-Deal\u201c \u2013 keine Vorbehalte wie Wettanforderungen.<\/span><\/p>\n<h3><span style=\"color: #808080;\">Grosvenor Sportliche Aktivit\u00e4ten<\/span><\/h3>\n<p><span style=\"color: #808080;\">Obwohl es das Internet-Casino von Grospvenor schon seit Ewigkeiten gibt, ist das Angebot von Sportaktivit\u00e4ten im Internet der neueste Titel in der Sportbranche<a style=\"color: #808080;\" href=\"https:\/\/www.freebetsinfo.co.uk\/de\/\"> Buchmacher<\/a> .<\/span><\/p>\n<p><span style=\"color: #808080;\"> Alles, was erforderlich ist, um es zu veranlassen, ist eine Einzahlung von 5 \u00a3.<\/span><\/p>\n<h3><span style=\"color: #808080;\">Holen Sie sich die neuesten Golf-Wettangebote<\/span><\/h3>\n<p><span style=\"color: #808080;\">Gratiswetten-Infos Die Webseite von Wetten f\u00fchrt Sie durch die neuesten Werbeaktionen der bekannten britischen<a style=\"color: #808080;\" href=\"https:\/\/www.freebetsinfo.co.uk\/de\/\"> Buchmacher<\/a> (und auch zu den besten Newcomern). Egal ob Golf oder Aktivit\u00e4t im Allgemeinen,<a style=\"color: #808080;\" href=\"https:\/\/www.freebetsinfo.co.uk\/de\/\"> Infos zu Gratiswetten<\/a> bietet die besten Informationen f\u00fcr britische Spieler.<\/span><\/p>\n","protected":false},"excerpt":{"rendered":"Warum spielen? Golfwetten ist wahrscheinlich die am weitesten verbreitete Sportart, auf die man wetten kann Golfwetten Die ersten komponierten Beweise f\u00fcr das Golfspielen sind aus dem Jahr 1457 \u00fcberliefert, als James II. versuchte, den Sport zu verbieten, weil er der Meinung war, dass er das Bogenschie\u00dfen beeintr\u00e4chtigte. Mehr als f\u00fcnfhundertf\u00fcnfzig Jahre sp\u00e4ter hat sich Golf&#8230; <a class=\"view-article\" href=\"https:\/\/www.freebetsinfo.co.uk\/de\/golf-wetten\/\">Artikel ansehen<\/a>","protected":false},"author":1,"featured_media":0,"parent":0,"menu_order":0,"comment_status":"closed","ping_status":"closed","template":"asia-sports-page-template.php","meta":{"_uag_custom_page_level_css":"","footnotes":""},"class_list":["post-2487","page","type-page","status-publish","hentry"],"yoast_head":"<!-- This site is optimized with the Yoast SEO Premium plugin v19.5 (Yoast SEO v27.3) - https:\/\/yoast.com\/product\/yoast-seo-premium-wordpress\/ -->\n<title>Golfwetten , Holen Sie sich die neuesten Golf-Wettangebote<\/title>\n<meta name=\"description\" content=\"Golfwetten , Die beste Seite f\u00fcr Golfwetten und die wichtigsten Punkte, die Sie beim Start einer Wette beachten sollten.\" \/>\n<meta name=\"robots\" content=\"index, follow, max-snippet:-1, max-image-preview:large, max-video-preview:-1\" \/>\n<link rel=\"canonical\" href=\"https:\/\/www.freebetsinfo.co.uk\/de\/golf-wetten\/\" \/>\n<meta property=\"og:locale\" content=\"de_DE\" \/>\n<meta property=\"og:type\" content=\"article\" \/>\n<meta property=\"og:title\" content=\"Golfwetten\" \/>\n<meta property=\"og:description\" content=\"Golfwetten , Die beste Seite f\u00fcr Golfwetten und die wichtigsten Punkte, die Sie beim Start einer Wette beachten sollten.\" \/>\n<meta property=\"og:url\" content=\"https:\/\/www.freebetsinfo.co.uk\/de\/golf-wetten\/\" \/>\n<meta property=\"og:site_name\" content=\"Kostenlose Sportwetten, Online Buchmacher Wettinfo\" \/>\n<meta property=\"article:modified_time\" content=\"2021-07-01T14:51:06+00:00\" \/>\n<meta name=\"twitter:card\" content=\"summary_large_image\" \/>\n<meta name=\"twitter:label1\" content=\"Gesch\u00e4tzte Lesezeit\" \/>\n\t<meta name=\"twitter:data1\" content=\"2\u00a0Minuten\" \/>\n<script type=\"application\/ld+json\" class=\"yoast-schema-graph\">{\"@context\":\"https:\\\/\\\/schema.org\",\"@graph\":[{\"@type\":\"WebPage\",\"@id\":\"https:\\\/\\\/www.freebetsinfo.co.uk\\\/de\\\/golf-wetten\\\/\",\"url\":\"https:\\\/\\\/www.freebetsinfo.co.uk\\\/de\\\/golf-wetten\\\/\",\"name\":\"Golfwetten , Holen Sie sich die neuesten Golf-Wettangebote\",\"isPartOf\":{\"@id\":\"https:\\\/\\\/www.freebetsinfo.co.uk\\\/de\\\/#website\"},\"datePublished\":\"2017-11-18T09:42:42+00:00\",\"dateModified\":\"2021-07-01T14:51:06+00:00\",\"description\":\"Golfwetten , Die beste Seite f\u00fcr Golfwetten und die wichtigsten Punkte, die Sie beim Start einer Wette beachten sollten.\",\"breadcrumb\":{\"@id\":\"https:\\\/\\\/www.freebetsinfo.co.uk\\\/de\\\/golf-wetten\\\/#breadcrumb\"},\"inLanguage\":\"de\",\"potentialAction\":[{\"@type\":\"ReadAction\",\"target\":[\"https:\\\/\\\/www.freebetsinfo.co.uk\\\/de\\\/golf-wetten\\\/\"]}]},{\"@type\":\"BreadcrumbList\",\"@id\":\"https:\\\/\\\/www.freebetsinfo.co.uk\\\/de\\\/golf-wetten\\\/#breadcrumb\",\"itemListElement\":[{\"@type\":\"ListItem\",\"position\":1,\"name\":\"Home\",\"item\":\"https:\\\/\\\/www.freebetsinfo.co.uk\\\/de\\\/\"},{\"@type\":\"ListItem\",\"position\":2,\"name\":\"Golfwetten\"}]},{\"@type\":\"WebSite\",\"@id\":\"https:\\\/\\\/www.freebetsinfo.co.uk\\\/de\\\/#website\",\"url\":\"https:\\\/\\\/www.freebetsinfo.co.uk\\\/de\\\/\",\"name\":\"Kostenlose Sportwetten, Online Buchmacher Wettinfo\",\"description\":\"Beste Online-Wetten und Casino-Bonuscodes ohne Einzahlung! \u2705Top-Online-Wett-Seiten-Bewertungen, \u2705Beste Online-Casinos-Boni!\",\"potentialAction\":[{\"@type\":\"SearchAction\",\"target\":{\"@type\":\"EntryPoint\",\"urlTemplate\":\"https:\\\/\\\/www.freebetsinfo.co.uk\\\/de\\\/?s={search_term_string}\"},\"query-input\":{\"@type\":\"PropertyValueSpecification\",\"valueRequired\":true,\"valueName\":\"search_term_string\"}}],\"inLanguage\":\"de\"}]}<\/script>\n<!-- \/ Yoast SEO Premium plugin. -->","yoast_head_json":{"title":"Golfwetten , Holen Sie sich die neuesten Golf-Wettangebote","description":"Golfwetten , Die beste Seite f\u00fcr Golfwetten und die wichtigsten Punkte, die Sie beim Start einer Wette beachten sollten.","robots":{"index":"index","follow":"follow","max-snippet":"max-snippet:-1","max-image-preview":"max-image-preview:large","max-video-preview":"max-video-preview:-1"},"canonical":"https:\/\/www.freebetsinfo.co.uk\/de\/golf-wetten\/","og_locale":"de_DE","og_type":"article","og_title":"Golfwetten","og_description":"Golfwetten , Die beste Seite f\u00fcr Golfwetten und die wichtigsten Punkte, die Sie beim Start einer Wette beachten sollten.","og_url":"https:\/\/www.freebetsinfo.co.uk\/de\/golf-wetten\/","og_site_name":"Kostenlose Sportwetten, Online Buchmacher Wettinfo","article_modified_time":"2021-07-01T14:51:06+00:00","twitter_card":"summary_large_image","twitter_misc":{"Gesch\u00e4tzte Lesezeit":"2\u00a0Minuten"},"schema":{"@context":"https:\/\/schema.org","@graph":[{"@type":"WebPage","@id":"https:\/\/www.freebetsinfo.co.uk\/de\/golf-wetten\/","url":"https:\/\/www.freebetsinfo.co.uk\/de\/golf-wetten\/","name":"Golfwetten , Holen Sie sich die neuesten Golf-Wettangebote","isPartOf":{"@id":"https:\/\/www.freebetsinfo.co.uk\/de\/#website"},"datePublished":"2017-11-18T09:42:42+00:00","dateModified":"2021-07-01T14:51:06+00:00","description":"Golfwetten , Die beste Seite f\u00fcr Golfwetten und die wichtigsten Punkte, die Sie beim Start einer Wette beachten sollten.","breadcrumb":{"@id":"https:\/\/www.freebetsinfo.co.uk\/de\/golf-wetten\/#breadcrumb"},"inLanguage":"de","potentialAction":[{"@type":"ReadAction","target":["https:\/\/www.freebetsinfo.co.uk\/de\/golf-wetten\/"]}]},{"@type":"BreadcrumbList","@id":"https:\/\/www.freebetsinfo.co.uk\/de\/golf-wetten\/#breadcrumb","itemListElement":[{"@type":"ListItem","position":1,"name":"Home","item":"https:\/\/www.freebetsinfo.co.uk\/de\/"},{"@type":"ListItem","position":2,"name":"Golfwetten"}]},{"@type":"WebSite","@id":"https:\/\/www.freebetsinfo.co.uk\/de\/#website","url":"https:\/\/www.freebetsinfo.co.uk\/de\/","name":"Kostenlose Sportwetten, Online Buchmacher Wettinfo","description":"Beste Online-Wetten und Casino-Bonuscodes ohne Einzahlung! \u2705Top-Online-Wett-Seiten-Bewertungen, \u2705Beste Online-Casinos-Boni!","potentialAction":[{"@type":"SearchAction","target":{"@type":"EntryPoint","urlTemplate":"https:\/\/www.freebetsinfo.co.uk\/de\/?s={search_term_string}"},"query-input":{"@type":"PropertyValueSpecification","valueRequired":true,"valueName":"search_term_string"}}],"inLanguage":"de"}]}},"uagb_featured_image_src":{"full":false,"thumbnail":false,"medium":false,"medium_large":false,"large":false,"1536x1536":false,"2048x2048":false,"small":false,"custom-size":false},"uagb_author_info":{"display_name":"\u7ba1\u7406","author_link":"https:\/\/www.freebetsinfo.co.uk\/de\/author\/kdfl4q\/"},"uagb_comment_info":0,"uagb_excerpt":"Warum spielen? Golfwetten ist wahrscheinlich die am weitesten verbreitete Sportart, auf die man wetten kann Golfwetten Die ersten komponierten Beweise f\u00fcr das Golfspielen sind aus dem Jahr 1457 \u00fcberliefert, als James II. versuchte, den Sport zu verbieten, weil er der Meinung war, dass er das Bogenschie\u00dfen beeintr\u00e4chtigte. Mehr als f\u00fcnfhundertf\u00fcnfzig Jahre sp\u00e4ter hat sich Golf...&hellip;","_links":{"self":[{"href":"https:\/\/www.freebetsinfo.co.uk\/de\/wp-json\/wp\/v2\/pages\/2487","targetHints":{"allow":["GET"]}}],"collection":[{"href":"https:\/\/www.freebetsinfo.co.uk\/de\/wp-json\/wp\/v2\/pages"}],"about":[{"href":"https:\/\/www.freebetsinfo.co.uk\/de\/wp-json\/wp\/v2\/types\/page"}],"author":[{"embeddable":true,"href":"https:\/\/www.freebetsinfo.co.uk\/de\/wp-json\/wp\/v2\/users\/1"}],"replies":[{"embeddable":true,"href":"https:\/\/www.freebetsinfo.co.uk\/de\/wp-json\/wp\/v2\/comments?post=2487"}],"version-history":[{"count":0,"href":"https:\/\/www.freebetsinfo.co.uk\/de\/wp-json\/wp\/v2\/pages\/2487\/revisions"}],"wp:attachment":[{"href":"https:\/\/www.freebetsinfo.co.uk\/de\/wp-json\/wp\/v2\/media?parent=2487"}],"curies":[{"name":"wp","href":"https:\/\/api.w.org\/{rel}","templated":true}]}}