{"id":2491,"date":"2017-11-18T09:21:45","date_gmt":"2017-11-18T09:21:45","guid":{"rendered":"https:\/\/www.freebetsinfo.co.uk\/freie-wette\/"},"modified":"2021-07-07T08:44:45","modified_gmt":"2021-07-07T08:44:45","slug":"kostenlose-wetten","status":"publish","type":"page","link":"https:\/\/www.freebetsinfo.co.uk\/de\/kostenlose-wetten\/","title":{"rendered":"Kostenlose Wetten"},"content":{"rendered":"<h3><span style=\"color: #808080;\"><a style=\"color: #808080;\" href=\"https:\/\/www.freebetsinfo.co.uk\/de\/freie-wette\/\">Sports bookmaker<\/a> are always looking to get new business<\/span><\/h3>\n<p><span style=\"color: #808080;\">and will offer you a variety of matched bets and other <a style=\"color: #808080;\" href=\"https:\/\/www.freebetsinfo.co.uk\/de\/freie-wette\/\">Free Bet<\/a>. Es ist weniger zwielichtig, weil es so aussieht, als ob sie hinter Ihrem Geld her sind, aber es gibt Ihnen viel mehr Geld, mit dem Sie gewinnen k\u00f6nnen!<\/span><\/p>\n<p><span style=\"color: #808080;\">Dieser Artikel wird einige der h\u00e4ufigsten Arten von \u201e<a style=\"color: #808080;\" href=\"https:\/\/www.freebetsinfo.co.uk\/de\/freie-wette\/\"> Gratiswette<\/a> \u201c, die von Online-Lehrb\u00fcchern f\u00fcr Sportaktivit\u00e4ten bereitgestellt werden, und was Sie wahrscheinlich erreichen werden, wenn Sie sie verwenden. Sie k\u00f6nnen auch eine riesige Auswahl an Angeboten innerhalb des Schreibtisches beanspruchen.<\/span><\/p>\n<p><span style=\"color: #808080;\">M\u00f6chten Sie immer \u00fcber die neuesten Gratiswetten von britischen Buchmachern auf dem Laufenden bleiben? Gehen Sie zu unserem Teil mit Wettangeboten, in dem wir t\u00e4gliche Lieferungen und vollst\u00e4ndig ver\u00f6ffentlichen<a style=\"color: #808080;\" href=\"https:\/\/www.freebetsinfo.co.uk\/de\/freie-wette\/\"> Gratiswette<\/a> .<\/span><\/p>\n<h2><span style=\"color: #808080;\"><a style=\"color: #808080;\" href=\"https:\/\/www.freebetsinfo.co.uk\/de\/freie-wette\/\">Gratiswette<\/a> Abgestimmter Aufbau<\/span><\/h2>\n<p><span style=\"color: #808080;\"> Sie k\u00f6nnen dann Ihr kostenloses Wettgeld f\u00fcr weitere Wetten verwenden. Dies kann Sie von den Wettzielen der Konferenz abhalten, indem Sie ausschlie\u00dflich auf &#8222;tote Zertifikate&#8220; spielen.<\/span><\/p>\n<h3><span style=\"color: #808080;\"><a style=\"color: #808080;\" href=\"https:\/\/www.freebetsinfo.co.uk\/de\/freie-wette\/\">Gratiswette<\/a> Gratiswette ohne Anzahlung<\/span><\/h3>\n<p><span style=\"color: #808080;\">Jetzt reden wir! Einige im Internet<a style=\"color: #808080;\" href=\"https:\/\/www.freebetsinfo.co.uk\/de\/\"> Wettseiten<\/a> stellt Ihnen Gratiswetten zur Verf\u00fcgung, wenn Sie sich einfach bei ihnen anmelden. Typischerweise sind diese Arten von Wetten von der schlankeren Variante \u2013 normalerweise zwischen \u00a35 und \u00a310. Nachdem Sie die Anzeigemethode abgeschlossen haben, werden Sie feststellen, dass Sie etwas \u201efreies\u201c Bargeld auf Ihrem Bankkonto haben.<\/span><\/p>\n<p><span style=\"color: #808080;\">Dieses Geld kann niemals ausgezahlt werden \u2013 Sie M\u00dcSSEN es verwenden, um zu wetten. Auch hier wird voraussichtlich der Vorbehalt der \u201eMindestquoten\u201c ins Spiel kommen, sodass Sie Ihre kostenlosen Wetten nur auf bestimmte Ereignisse verwenden k\u00f6nnen (wiederum keine \u201etoten Zertifikate\u201c).<\/span><\/p>\n<p><span style=\"color: #808080;\">Es gibt einen festen Faktor bei ALLEN Gratiswetten ohne Einzahlung in ALLEN Sportlehrb\u00fcchern \u2013 Ihr &#8218;Gratiswettengeld&#8216; wird nicht wirklich als Einsatz zur\u00fcckgegeben, sobald Sie eine Wette entdecken, falls die Wette ein Gewinner ist. Wenn Sie beispielsweise 10 \u00a3 Ihres pers\u00f6nlichen Geldes verwendet haben, um darauf zu wetten, dass West Ham Liverpool beim 2\/1 (3,00) besiegt, w\u00fcrden Sie davon ausgehen, dass Sie 30 \u00a3 zur\u00fcckerhalten (20 \u00a3 Gewinne sowie Ihren Einsatz von 10 \u00a3 zur\u00fcck). . Wenn Sie eine v\u00f6llig kostenlose Option verwenden, wird Ihr Einsatz in diesem Fall nicht zur\u00fcckerstattet. In diesem Fall w\u00fcrden Sie nur 20 Pfund bekommen, anstatt der 30 Pfund, die Sie sonst erwarten w\u00fcrden.<\/span><\/p>\n<h3><span style=\"color: #808080;\">Keine risikofreie Option<\/span><\/h3>\n<p><span style=\"color: #808080;\">A typical free bet is a good way to get some free money from the Internet Sports Activity Guide.<\/span><\/p>\n<p><span style=\"color: #808080;\">When you benefit from &#8222;risk-free&#8220; bets. You will use your own funds. You may generally not be subject to the &#8222;lowest odds&#8220; limit, which means you. It can be according to your own wishes. Freedom to choose on the market. Any celebration. If your bet. Actually the winner, then celebrate.<\/span><\/p>\n<p><span style=\"color: #808080;\">If your bet loses, then this sports activity guide. Your bet will be refunded (up to and including certain limits)<\/span><\/p>\n<p><span style=\"color: #808080;\">Do not believe it is possible at Arsenal. To succeed the UEFA Champions League. Splurge in the game, and then once them. If you are eliminated in the group stage, you can come back lavishly), but this is a free bet.<\/span><\/p>\n","protected":false},"excerpt":{"rendered":"Sports bookmaker are always looking to get new business and will offer you a variety of matched bets and other Free Bet. Es ist weniger zwielichtig, weil es so aussieht, als ob sie hinter Ihrem Geld her sind, aber es gibt Ihnen viel mehr Geld, mit dem Sie gewinnen k\u00f6nnen! Dieser Artikel wird einige der&#8230; <a class=\"view-article\" href=\"https:\/\/www.freebetsinfo.co.uk\/de\/kostenlose-wetten\/\">Artikel ansehen<\/a>","protected":false},"author":1,"featured_media":0,"parent":0,"menu_order":0,"comment_status":"closed","ping_status":"closed","template":"free-page-template.php","meta":{"_uag_custom_page_level_css":"","footnotes":""},"class_list":["post-2491","page","type-page","status-publish","hentry"],"yoast_head":"<!-- This site is optimized with the Yoast SEO Premium plugin v19.5 (Yoast SEO v27.5) - https:\/\/yoast.com\/product\/yoast-seo-premium-wordpress\/ -->\n<title>Kostenlose Wette - Erhalten Sie t\u00e4glich kostenlose Wetten &amp; Angebote von britischen Buchmachern.<\/title>\n<meta name=\"description\" content=\"Sehen Sie sich unser riesiges Angebot an kostenlosen Wetten aus Den gr\u00f6\u00dften Buchmachern Ihres Vereinigten K\u00f6nigreichs an und erkl\u00e4ren Sie die besten und besten Angebote unserer Begleiter\" \/>\n<meta name=\"robots\" content=\"index, follow, max-snippet:-1, max-image-preview:large, max-video-preview:-1\" \/>\n<link rel=\"canonical\" href=\"https:\/\/www.freebetsinfo.co.uk\/de\/kostenlose-wetten\/\" \/>\n<meta property=\"og:locale\" content=\"de_DE\" \/>\n<meta property=\"og:type\" content=\"article\" \/>\n<meta property=\"og:title\" content=\"Kostenlose Wetten\" \/>\n<meta property=\"og:description\" content=\"Sehen Sie sich unser riesiges Angebot an kostenlosen Wetten aus Den gr\u00f6\u00dften Buchmachern Ihres Vereinigten K\u00f6nigreichs an und erkl\u00e4ren Sie die besten und besten Angebote unserer Begleiter\" \/>\n<meta property=\"og:url\" content=\"https:\/\/www.freebetsinfo.co.uk\/de\/kostenlose-wetten\/\" \/>\n<meta property=\"og:site_name\" content=\"Kostenlose Sportwetten, Online Buchmacher Wettinfo\" \/>\n<meta property=\"article:modified_time\" content=\"2021-07-07T08:44:45+00:00\" \/>\n<meta name=\"twitter:card\" content=\"summary_large_image\" \/>\n<meta name=\"twitter:label1\" content=\"Gesch\u00e4tzte Lesezeit\" \/>\n\t<meta name=\"twitter:data1\" content=\"2\u00a0Minuten\" \/>\n<script type=\"application\/ld+json\" class=\"yoast-schema-graph\">{\"@context\":\"https:\\\/\\\/schema.org\",\"@graph\":[{\"@type\":\"WebPage\",\"@id\":\"https:\\\/\\\/www.freebetsinfo.co.uk\\\/de\\\/kostenlose-wetten\\\/\",\"url\":\"https:\\\/\\\/www.freebetsinfo.co.uk\\\/de\\\/kostenlose-wetten\\\/\",\"name\":\"Kostenlose Wette - Erhalten Sie t\u00e4glich kostenlose Wetten & Angebote von britischen Buchmachern.\",\"isPartOf\":{\"@id\":\"https:\\\/\\\/www.freebetsinfo.co.uk\\\/de\\\/#website\"},\"datePublished\":\"2017-11-18T09:21:45+00:00\",\"dateModified\":\"2021-07-07T08:44:45+00:00\",\"description\":\"Sehen Sie sich unser riesiges Angebot an kostenlosen Wetten aus Den gr\u00f6\u00dften Buchmachern Ihres Vereinigten K\u00f6nigreichs an und erkl\u00e4ren Sie die besten und besten Angebote unserer Begleiter\",\"breadcrumb\":{\"@id\":\"https:\\\/\\\/www.freebetsinfo.co.uk\\\/de\\\/kostenlose-wetten\\\/#breadcrumb\"},\"inLanguage\":\"de\",\"potentialAction\":[{\"@type\":\"ReadAction\",\"target\":[\"https:\\\/\\\/www.freebetsinfo.co.uk\\\/de\\\/kostenlose-wetten\\\/\"]}]},{\"@type\":\"BreadcrumbList\",\"@id\":\"https:\\\/\\\/www.freebetsinfo.co.uk\\\/de\\\/kostenlose-wetten\\\/#breadcrumb\",\"itemListElement\":[{\"@type\":\"ListItem\",\"position\":1,\"name\":\"Home\",\"item\":\"https:\\\/\\\/www.freebetsinfo.co.uk\\\/de\\\/\"},{\"@type\":\"ListItem\",\"position\":2,\"name\":\"Kostenlose Wetten\"}]},{\"@type\":\"WebSite\",\"@id\":\"https:\\\/\\\/www.freebetsinfo.co.uk\\\/de\\\/#website\",\"url\":\"https:\\\/\\\/www.freebetsinfo.co.uk\\\/de\\\/\",\"name\":\"Kostenlose Sportwetten, Online Buchmacher Wettinfo\",\"description\":\"Beste Online-Wetten und Casino-Bonuscodes ohne Einzahlung! \u2705Top-Online-Wett-Seiten-Bewertungen, \u2705Beste Online-Casinos-Boni!\",\"potentialAction\":[{\"@type\":\"SearchAction\",\"target\":{\"@type\":\"EntryPoint\",\"urlTemplate\":\"https:\\\/\\\/www.freebetsinfo.co.uk\\\/de\\\/?s={search_term_string}\"},\"query-input\":{\"@type\":\"PropertyValueSpecification\",\"valueRequired\":true,\"valueName\":\"search_term_string\"}}],\"inLanguage\":\"de\"}]}<\/script>\n<!-- \/ Yoast SEO Premium plugin. -->","yoast_head_json":{"title":"Kostenlose Wette - Erhalten Sie t\u00e4glich kostenlose Wetten & Angebote von britischen Buchmachern.","description":"Sehen Sie sich unser riesiges Angebot an kostenlosen Wetten aus Den gr\u00f6\u00dften Buchmachern Ihres Vereinigten K\u00f6nigreichs an und erkl\u00e4ren Sie die besten und besten Angebote unserer Begleiter","robots":{"index":"index","follow":"follow","max-snippet":"max-snippet:-1","max-image-preview":"max-image-preview:large","max-video-preview":"max-video-preview:-1"},"canonical":"https:\/\/www.freebetsinfo.co.uk\/de\/kostenlose-wetten\/","og_locale":"de_DE","og_type":"article","og_title":"Kostenlose Wetten","og_description":"Sehen Sie sich unser riesiges Angebot an kostenlosen Wetten aus Den gr\u00f6\u00dften Buchmachern Ihres Vereinigten K\u00f6nigreichs an und erkl\u00e4ren Sie die besten und besten Angebote unserer Begleiter","og_url":"https:\/\/www.freebetsinfo.co.uk\/de\/kostenlose-wetten\/","og_site_name":"Kostenlose Sportwetten, Online Buchmacher Wettinfo","article_modified_time":"2021-07-07T08:44:45+00:00","twitter_card":"summary_large_image","twitter_misc":{"Gesch\u00e4tzte Lesezeit":"2\u00a0Minuten"},"schema":{"@context":"https:\/\/schema.org","@graph":[{"@type":"WebPage","@id":"https:\/\/www.freebetsinfo.co.uk\/de\/kostenlose-wetten\/","url":"https:\/\/www.freebetsinfo.co.uk\/de\/kostenlose-wetten\/","name":"Kostenlose Wette - Erhalten Sie t\u00e4glich kostenlose Wetten & Angebote von britischen Buchmachern.","isPartOf":{"@id":"https:\/\/www.freebetsinfo.co.uk\/de\/#website"},"datePublished":"2017-11-18T09:21:45+00:00","dateModified":"2021-07-07T08:44:45+00:00","description":"Sehen Sie sich unser riesiges Angebot an kostenlosen Wetten aus Den gr\u00f6\u00dften Buchmachern Ihres Vereinigten K\u00f6nigreichs an und erkl\u00e4ren Sie die besten und besten Angebote unserer Begleiter","breadcrumb":{"@id":"https:\/\/www.freebetsinfo.co.uk\/de\/kostenlose-wetten\/#breadcrumb"},"inLanguage":"de","potentialAction":[{"@type":"ReadAction","target":["https:\/\/www.freebetsinfo.co.uk\/de\/kostenlose-wetten\/"]}]},{"@type":"BreadcrumbList","@id":"https:\/\/www.freebetsinfo.co.uk\/de\/kostenlose-wetten\/#breadcrumb","itemListElement":[{"@type":"ListItem","position":1,"name":"Home","item":"https:\/\/www.freebetsinfo.co.uk\/de\/"},{"@type":"ListItem","position":2,"name":"Kostenlose Wetten"}]},{"@type":"WebSite","@id":"https:\/\/www.freebetsinfo.co.uk\/de\/#website","url":"https:\/\/www.freebetsinfo.co.uk\/de\/","name":"Kostenlose Sportwetten, Online Buchmacher Wettinfo","description":"Beste Online-Wetten und Casino-Bonuscodes ohne Einzahlung! \u2705Top-Online-Wett-Seiten-Bewertungen, \u2705Beste Online-Casinos-Boni!","potentialAction":[{"@type":"SearchAction","target":{"@type":"EntryPoint","urlTemplate":"https:\/\/www.freebetsinfo.co.uk\/de\/?s={search_term_string}"},"query-input":{"@type":"PropertyValueSpecification","valueRequired":true,"valueName":"search_term_string"}}],"inLanguage":"de"}]}},"uagb_featured_image_src":{"full":false,"thumbnail":false,"medium":false,"medium_large":false,"large":false,"1536x1536":false,"2048x2048":false,"small":false,"custom-size":false},"uagb_author_info":{"display_name":"\u7ba1\u7406","author_link":"https:\/\/www.freebetsinfo.co.uk\/de\/author\/kdfl4q\/"},"uagb_comment_info":0,"uagb_excerpt":"Sports bookmaker are always looking to get new business and will offer you a variety of matched bets and other Free Bet. Es ist weniger zwielichtig, weil es so aussieht, als ob sie hinter Ihrem Geld her sind, aber es gibt Ihnen viel mehr Geld, mit dem Sie gewinnen k\u00f6nnen! Dieser Artikel wird einige der...&hellip;","_links":{"self":[{"href":"https:\/\/www.freebetsinfo.co.uk\/de\/wp-json\/wp\/v2\/pages\/2491","targetHints":{"allow":["GET"]}}],"collection":[{"href":"https:\/\/www.freebetsinfo.co.uk\/de\/wp-json\/wp\/v2\/pages"}],"about":[{"href":"https:\/\/www.freebetsinfo.co.uk\/de\/wp-json\/wp\/v2\/types\/page"}],"author":[{"embeddable":true,"href":"https:\/\/www.freebetsinfo.co.uk\/de\/wp-json\/wp\/v2\/users\/1"}],"replies":[{"embeddable":true,"href":"https:\/\/www.freebetsinfo.co.uk\/de\/wp-json\/wp\/v2\/comments?post=2491"}],"version-history":[{"count":0,"href":"https:\/\/www.freebetsinfo.co.uk\/de\/wp-json\/wp\/v2\/pages\/2491\/revisions"}],"wp:attachment":[{"href":"https:\/\/www.freebetsinfo.co.uk\/de\/wp-json\/wp\/v2\/media?parent=2491"}],"curies":[{"name":"wp","href":"https:\/\/api.w.org\/{rel}","templated":true}]}}