{"id":27357,"date":"2021-06-08T09:31:52","date_gmt":"2021-06-08T09:31:52","guid":{"rendered":"https:\/\/www.freebetsinfo.co.uk\/slot-wetten\/"},"modified":"2021-07-01T10:05:21","modified_gmt":"2021-07-01T10:05:21","slug":"slot-wetten","status":"publish","type":"page","link":"https:\/\/www.freebetsinfo.co.uk\/de\/slot-wetten\/","title":{"rendered":"Slot-Wetten"},"content":{"rendered":"<h3><span style=\"color: #808080;\">Wir \u00fcberpr\u00fcfen immer die Erfahrungsberichte von Endbenutzern<\/span><\/h3>\n<p><span style=\"color: #808080;\">Genauso, als ob Sie etwas anderes online kaufen w\u00fcrden, m\u00f6chten Sie normalerweise \u00fcber Kundenbewertungen nachdenken. Manchmal k\u00f6nnte jemand ein negatives privates Wissen \u00fcber eine Echtgeld-Spielautomaten-App oder eine Casino-Website haben und daher eine \u00fcberm\u00e4\u00dfig kritische Bewertung abgeben.<\/span><\/p>\n<h3><span style=\"color: #808080;\">Auf dem Neuesten<a href=\"https:\/\/www.freebetsinfo.co.uk\/zh-hans\/%e4%ba%9a%e6%b4%b2%e5%8d%9a%e5%bd%a9%e5%85%ac%e5%8f%b8\/\"> Slot-Wettangebote<\/a> der andere Teil, Einzelpersonen werden n\u00fctzliche Zeugnisse hinterlassen, weil sie daf\u00fcr bezahlt werden. <\/span><\/h3>\n<p><span style=\"color: #808080;\">Aus diesem Grund erz\u00e4hlen die Testimonials von Casino-Spielautomaten im Internet nicht die vollst\u00e4ndige Geschichte. Es ist schwierig, aber wir alle tun unser Bestes, um mehrere Rezensionen zu durchsuchen und herauszufinden, welche tats\u00e4chlich echt sind, basierend auf dem Wortlaut, der Erfolgsbilanz der Endbenutzer und unseren individuellen Begegnungen mit der Nutzung der Internet-Casino-Internetseiten.<\/span><\/p>\n<p><span style=\"color: #808080;\">Reddit ist ein gro\u00dfartiges System, um nach Testimonials zu suchen, da es Moderatoren im Forum gibt, die h\u00e4ufig Spam-Postings entfernen.<\/span><\/p>\n<h3><span style=\"color: #808080;\">Wir pr\u00fcfen Auszahlungen<\/span><\/h3>\n<p><span style=\"color: #808080;\">Eine wichtige Sache, von der wir wirklich glauben, dass sie uns neben all den anderen Rezensenten wirklich verbindet, ist unsere \u00dcberpr\u00fcfung der finanziellen Entscheidungen in jedem Online-Casino mit echten Geldspielautomaten. Die Entscheidung f\u00fcr eine Internet-Casino-Site in den USA ist keine leichte Aufgabe, und es ist unser erstes Ziel, sichere Ein- und Auszahlungen sicherzustellen, wenn wir an Online-Portspieltiteln f\u00fcr das Geld teilnehmen.<\/span><\/p>\n<p><span style=\"color: #808080;\">Wir versuchen, eine Reihe unabh\u00e4ngiger Konten zu erstellen und Ein- und Auszahlungen zu generieren. Wir stellen sicher, dass jeder unserer Benutzer nahtlos Einzahlungen t\u00e4tigen, einige Videospiele spielen und Geld im entsprechenden Stil erhalten kann.<\/span><\/p>\n<p><span style=\"color: #808080;\">Sobald wir einen Schluckauf festgestellt haben, gehen wir direkt zum Kundenservice, um herauszufinden, ob wir ihn in Ordnung bringen k\u00f6nnen. Wenn wir die Problemumgehung von ihnen haben, verstehen wir, dass wir uns mitten in einer unehrlichen Operation befinden.<\/span><\/p>\n<h3><span style=\"color: #808080;\">Wir verwenden jede Form der Kontaktaufnahme mit dem echten Geld US<a href=\"https:\/\/www.freebetsinfo.co.uk\/zh-hans\/%e4%ba%9a%e6%b4%b2%e5%8d%9a%e5%bd%a9%e5%85%ac%e5%8f%b8\/\"> Neueste Slot-Wettangebote<\/a> Bietet<\/span><\/h3>\n<p><span style=\"color: #808080;\">H\u00e4ufig finden Sie im Internetcasino Ihrer Wahl verschiedene Kontaktm\u00f6glichkeiten, wie E-Mail oder auch Ihre Handynummer. Manchmal k\u00f6nnen Sie sogar Ihren Wohnort finden, um zu chatten. Es gibt viele andere Optionen, aber egal wie viele es gibt, wir werden sie alle pr\u00fcfen. Das Problem ist nicht, dass wir es \u00fcberpr\u00fcft haben. Wie viele Internet-Spielautomaten-Gl\u00fccksspieleinrichtungen werden wir jedes Mal \u00fcberpr\u00fcfen.<\/span><\/p>\n<p><span style=\"color: #808080;\">Wir pr\u00fcfen ihre R\u00fccklaufquote. Und sie liegen im versprochenen Zeitrahmen. Antworte unserer Zeit. Wenn das Internet-Casino behauptet. Sie k\u00f6nnen innerhalb von vierundzwanzig Stunden sein. Als Reaktion auf jedes Problem verlassen wir uns auf diese, um diese Routine zu unterst\u00fctzen.<\/span><\/p>\n<p><span style=\"color: #808080;\">Eine weitere Sache, die wir untersuchen, ist, wenn sie mit uns sprechen. Wir m\u00f6chten nicht, dass sie erfahren, dass unser Unternehmen Rezensenten ist, damit wir wie der normale Joe erscheinen, der versucht, Unterst\u00fctzung zu finden.<\/span><\/p>\n","protected":false},"excerpt":{"rendered":"Wir \u00fcberpr\u00fcfen immer die Erfahrungsberichte von Endbenutzern Genauso, als ob Sie etwas anderes online kaufen w\u00fcrden, m\u00f6chten Sie normalerweise \u00fcber Kundenbewertungen nachdenken. Manchmal k\u00f6nnte jemand ein negatives privates Wissen \u00fcber eine Echtgeld-Spielautomaten-App oder eine Casino-Website haben und daher eine \u00fcberm\u00e4\u00dfig kritische Bewertung abgeben. Auf dem Neuesten Slot-Wettangebote der andere Teil, Einzelpersonen werden n\u00fctzliche Zeugnisse hinterlassen,&#8230; <a class=\"view-article\" href=\"https:\/\/www.freebetsinfo.co.uk\/de\/slot-wetten\/\">Artikel ansehen<\/a>","protected":false},"author":1,"featured_media":0,"parent":0,"menu_order":0,"comment_status":"closed","ping_status":"closed","template":"Asia-Casino-Page-Template.php","meta":{"_uag_custom_page_level_css":"","footnotes":""},"class_list":["post-27357","page","type-page","status-publish","hentry"],"yoast_head":"<!-- This site is optimized with the Yoast SEO Premium plugin v19.5 (Yoast SEO v27.5) - https:\/\/yoast.com\/product\/yoast-seo-premium-wordpress\/ -->\n<title>Slot-Wetten , Neueste Slot-Wettangebote der asiatischen Buchmacher<\/title>\n<meta name=\"description\" content=\"Slot-Wetten ,Asiatische Buchmacher Neueste Slot-Wettangebote, Asiens beste Online-Buchmacher mit den meisten Angeboten und den schnellsten Auszahlungen.\" \/>\n<meta name=\"robots\" content=\"index, follow, max-snippet:-1, max-image-preview:large, max-video-preview:-1\" \/>\n<link rel=\"canonical\" href=\"https:\/\/www.freebetsinfo.co.uk\/de\/slot-wetten\/\" \/>\n<meta property=\"og:locale\" content=\"de_DE\" \/>\n<meta property=\"og:type\" content=\"article\" \/>\n<meta property=\"og:title\" content=\"Slot-Wetten\" \/>\n<meta property=\"og:description\" content=\"Slot-Wetten ,Asiatische Buchmacher Neueste Slot-Wettangebote, Asiens beste Online-Buchmacher mit den meisten Angeboten und den schnellsten Auszahlungen.\" \/>\n<meta property=\"og:url\" content=\"https:\/\/www.freebetsinfo.co.uk\/de\/slot-wetten\/\" \/>\n<meta property=\"og:site_name\" content=\"Kostenlose Sportwetten, Online Buchmacher Wettinfo\" \/>\n<meta property=\"article:modified_time\" content=\"2021-07-01T10:05:21+00:00\" \/>\n<meta name=\"twitter:card\" content=\"summary_large_image\" \/>\n<meta name=\"twitter:label1\" content=\"Gesch\u00e4tzte Lesezeit\" \/>\n\t<meta name=\"twitter:data1\" content=\"2\u00a0Minuten\" \/>\n<script type=\"application\/ld+json\" class=\"yoast-schema-graph\">{\"@context\":\"https:\\\/\\\/schema.org\",\"@graph\":[{\"@type\":\"WebPage\",\"@id\":\"https:\\\/\\\/www.freebetsinfo.co.uk\\\/de\\\/slot-wetten\\\/\",\"url\":\"https:\\\/\\\/www.freebetsinfo.co.uk\\\/de\\\/slot-wetten\\\/\",\"name\":\"Slot-Wetten , Neueste Slot-Wettangebote der asiatischen Buchmacher\",\"isPartOf\":{\"@id\":\"https:\\\/\\\/www.freebetsinfo.co.uk\\\/de\\\/#website\"},\"datePublished\":\"2021-06-08T09:31:52+00:00\",\"dateModified\":\"2021-07-01T10:05:21+00:00\",\"description\":\"Slot-Wetten ,Asiatische Buchmacher Neueste Slot-Wettangebote, Asiens beste Online-Buchmacher mit den meisten Angeboten und den schnellsten Auszahlungen.\",\"breadcrumb\":{\"@id\":\"https:\\\/\\\/www.freebetsinfo.co.uk\\\/de\\\/slot-wetten\\\/#breadcrumb\"},\"inLanguage\":\"de\",\"potentialAction\":[{\"@type\":\"ReadAction\",\"target\":[\"https:\\\/\\\/www.freebetsinfo.co.uk\\\/de\\\/slot-wetten\\\/\"]}]},{\"@type\":\"BreadcrumbList\",\"@id\":\"https:\\\/\\\/www.freebetsinfo.co.uk\\\/de\\\/slot-wetten\\\/#breadcrumb\",\"itemListElement\":[{\"@type\":\"ListItem\",\"position\":1,\"name\":\"Home\",\"item\":\"https:\\\/\\\/www.freebetsinfo.co.uk\\\/de\\\/\"},{\"@type\":\"ListItem\",\"position\":2,\"name\":\"Slot-Wetten\"}]},{\"@type\":\"WebSite\",\"@id\":\"https:\\\/\\\/www.freebetsinfo.co.uk\\\/de\\\/#website\",\"url\":\"https:\\\/\\\/www.freebetsinfo.co.uk\\\/de\\\/\",\"name\":\"Kostenlose Sportwetten, Online Buchmacher Wettinfo\",\"description\":\"Beste Online-Wetten und Casino-Bonuscodes ohne Einzahlung! \u2705Top-Online-Wett-Seiten-Bewertungen, \u2705Beste Online-Casinos-Boni!\",\"potentialAction\":[{\"@type\":\"SearchAction\",\"target\":{\"@type\":\"EntryPoint\",\"urlTemplate\":\"https:\\\/\\\/www.freebetsinfo.co.uk\\\/de\\\/?s={search_term_string}\"},\"query-input\":{\"@type\":\"PropertyValueSpecification\",\"valueRequired\":true,\"valueName\":\"search_term_string\"}}],\"inLanguage\":\"de\"}]}<\/script>\n<!-- \/ Yoast SEO Premium plugin. -->","yoast_head_json":{"title":"Slot-Wetten , Neueste Slot-Wettangebote der asiatischen Buchmacher","description":"Slot-Wetten ,Asiatische Buchmacher Neueste Slot-Wettangebote, Asiens beste Online-Buchmacher mit den meisten Angeboten und den schnellsten Auszahlungen.","robots":{"index":"index","follow":"follow","max-snippet":"max-snippet:-1","max-image-preview":"max-image-preview:large","max-video-preview":"max-video-preview:-1"},"canonical":"https:\/\/www.freebetsinfo.co.uk\/de\/slot-wetten\/","og_locale":"de_DE","og_type":"article","og_title":"Slot-Wetten","og_description":"Slot-Wetten ,Asiatische Buchmacher Neueste Slot-Wettangebote, Asiens beste Online-Buchmacher mit den meisten Angeboten und den schnellsten Auszahlungen.","og_url":"https:\/\/www.freebetsinfo.co.uk\/de\/slot-wetten\/","og_site_name":"Kostenlose Sportwetten, Online Buchmacher Wettinfo","article_modified_time":"2021-07-01T10:05:21+00:00","twitter_card":"summary_large_image","twitter_misc":{"Gesch\u00e4tzte Lesezeit":"2\u00a0Minuten"},"schema":{"@context":"https:\/\/schema.org","@graph":[{"@type":"WebPage","@id":"https:\/\/www.freebetsinfo.co.uk\/de\/slot-wetten\/","url":"https:\/\/www.freebetsinfo.co.uk\/de\/slot-wetten\/","name":"Slot-Wetten , Neueste Slot-Wettangebote der asiatischen Buchmacher","isPartOf":{"@id":"https:\/\/www.freebetsinfo.co.uk\/de\/#website"},"datePublished":"2021-06-08T09:31:52+00:00","dateModified":"2021-07-01T10:05:21+00:00","description":"Slot-Wetten ,Asiatische Buchmacher Neueste Slot-Wettangebote, Asiens beste Online-Buchmacher mit den meisten Angeboten und den schnellsten Auszahlungen.","breadcrumb":{"@id":"https:\/\/www.freebetsinfo.co.uk\/de\/slot-wetten\/#breadcrumb"},"inLanguage":"de","potentialAction":[{"@type":"ReadAction","target":["https:\/\/www.freebetsinfo.co.uk\/de\/slot-wetten\/"]}]},{"@type":"BreadcrumbList","@id":"https:\/\/www.freebetsinfo.co.uk\/de\/slot-wetten\/#breadcrumb","itemListElement":[{"@type":"ListItem","position":1,"name":"Home","item":"https:\/\/www.freebetsinfo.co.uk\/de\/"},{"@type":"ListItem","position":2,"name":"Slot-Wetten"}]},{"@type":"WebSite","@id":"https:\/\/www.freebetsinfo.co.uk\/de\/#website","url":"https:\/\/www.freebetsinfo.co.uk\/de\/","name":"Kostenlose Sportwetten, Online Buchmacher Wettinfo","description":"Beste Online-Wetten und Casino-Bonuscodes ohne Einzahlung! \u2705Top-Online-Wett-Seiten-Bewertungen, \u2705Beste Online-Casinos-Boni!","potentialAction":[{"@type":"SearchAction","target":{"@type":"EntryPoint","urlTemplate":"https:\/\/www.freebetsinfo.co.uk\/de\/?s={search_term_string}"},"query-input":{"@type":"PropertyValueSpecification","valueRequired":true,"valueName":"search_term_string"}}],"inLanguage":"de"}]}},"uagb_featured_image_src":{"full":false,"thumbnail":false,"medium":false,"medium_large":false,"large":false,"1536x1536":false,"2048x2048":false,"small":false,"custom-size":false},"uagb_author_info":{"display_name":"\u7ba1\u7406","author_link":"https:\/\/www.freebetsinfo.co.uk\/de\/author\/kdfl4q\/"},"uagb_comment_info":0,"uagb_excerpt":"Wir \u00fcberpr\u00fcfen immer die Erfahrungsberichte von Endbenutzern Genauso, als ob Sie etwas anderes online kaufen w\u00fcrden, m\u00f6chten Sie normalerweise \u00fcber Kundenbewertungen nachdenken. Manchmal k\u00f6nnte jemand ein negatives privates Wissen \u00fcber eine Echtgeld-Spielautomaten-App oder eine Casino-Website haben und daher eine \u00fcberm\u00e4\u00dfig kritische Bewertung abgeben. Auf dem Neuesten Slot-Wettangebote der andere Teil, Einzelpersonen werden n\u00fctzliche Zeugnisse hinterlassen,...&hellip;","_links":{"self":[{"href":"https:\/\/www.freebetsinfo.co.uk\/de\/wp-json\/wp\/v2\/pages\/27357","targetHints":{"allow":["GET"]}}],"collection":[{"href":"https:\/\/www.freebetsinfo.co.uk\/de\/wp-json\/wp\/v2\/pages"}],"about":[{"href":"https:\/\/www.freebetsinfo.co.uk\/de\/wp-json\/wp\/v2\/types\/page"}],"author":[{"embeddable":true,"href":"https:\/\/www.freebetsinfo.co.uk\/de\/wp-json\/wp\/v2\/users\/1"}],"replies":[{"embeddable":true,"href":"https:\/\/www.freebetsinfo.co.uk\/de\/wp-json\/wp\/v2\/comments?post=27357"}],"version-history":[{"count":0,"href":"https:\/\/www.freebetsinfo.co.uk\/de\/wp-json\/wp\/v2\/pages\/27357\/revisions"}],"wp:attachment":[{"href":"https:\/\/www.freebetsinfo.co.uk\/de\/wp-json\/wp\/v2\/media?parent=27357"}],"curies":[{"name":"wp","href":"https:\/\/api.w.org\/{rel}","templated":true}]}}