{"id":29922,"date":"2021-06-27T05:12:11","date_gmt":"2021-06-27T05:12:11","guid":{"rendered":"https:\/\/www.freebetsinfo.co.uk\/asien-online-casino\/"},"modified":"2021-07-01T08:54:27","modified_gmt":"2021-07-01T08:54:27","slug":"asien-online-casino","status":"publish","type":"page","link":"https:\/\/www.freebetsinfo.co.uk\/de\/asien-online-casino\/","title":{"rendered":"Asien Online-Casino"},"content":{"rendered":"<div class=\"elementor-element elementor-element-a30d71d elementor-widget elementor-widget-heading animated stuckFlipUpOpacity\" data-id=\"a30d71d\" data-element_type=\"widget\" data-settings=\"{\"_animation\":\"stuckFlipUpOpacity\"}\" data-widget_type=\"heading.default\">\n<div class=\"elementor-widget-container\">\n<h3><span style=\"color: #808080;\">Unsere am besten bewerteten asiatischen Online-Casinos zusammen mit den besten Gl\u00fccksspiel-Websites f\u00fcr asiatische Spieler<\/span><\/h3>\n<p><span style=\"color: #808080;\">Wir haben es uns nun zur Aufgabe gemacht, die besten Asia Online Casino Pl\u00e4tze zu finden. Aus diesem Grund haben wir den Markt st\u00e4ndig \u00fcberpr\u00fcft, um die besten Websites zu erhalten. Wir von erfahrenen Internet-Casino-Athleten \u00fcberpr\u00fcfen dann die Websites, indem wir uns die Computersoftware, Ihre Auswahl an Online-Spielen, die Belohnungen und den Rest, den die Spieler kennen m\u00fcssen, ansehen.<\/span><\/p>\n<h3><span style=\"color: #808080;\">Dar\u00fcber hinaus stellen wir sicher, dass es sicher ist, das Asia Online Casino auszuprobieren, wenn Sie in einem asiatischen Land ans\u00e4ssig sind.<\/span><\/h3>\n<p><span style=\"color: #808080;\">Wir stellen sicher, dass alle von uns empfohlenen asiatischen Online-Casinos \u00fcber ein legitimes Zertifikat der renommierten Wettkommission verf\u00fcgen. Nur wenn dies der Fall ist, werden wir unseren eigenen Lesern das Internet-Casino empfehlen.<\/span><\/p>\n<h3><span style=\"color: #808080;\">W\u00e4hlen Sie die richtigen Casino-Spieltitel aus, die zu Ihrer Mode passen<\/span><\/h3>\n<p><span style=\"color: #808080;\">Die Art und Weise, wie wir die besten asiatischen Internet-Casinos erhalten. Dies ist eine Einf\u00fchrung in die Punkte, die wir bei der \u00dcberpr\u00fcfung eines Online-Casinos \u00fcberpr\u00fcfen<\/span><\/p>\n<h3><span style=\"color: #808080;\">Asia Online Casino Bonusangebote<\/span><\/h3>\n<p><span style=\"color: #808080;\">Wir versuchen, nach den Casino-H\u00e4usern zu suchen, die die sch\u00f6nsten Belohnungen und die besten Belohnungen f\u00fcr Vielspieler verwenden. Dazu geh\u00f6rt auch die \u00dcberpr\u00fcfung des Leistungsbedarfs, damit Sie immer wissen, dass der Bonus angemessen und spielerfreundlich ist.<\/span><\/p>\n<h3><span style=\"color: #808080;\">Kundendienst<\/span><\/h3>\n<p><span style=\"color: #808080;\">Es ist wichtig, dass Gl\u00fccksspieleinrichtungen einen sehr guten Support-Service bieten, damit Sie Hilfe erhalten k\u00f6nnen, falls Sie Probleme haben. Wir pr\u00fcfen jede der Alternativen f\u00fcr die Verbraucherunterst\u00fctzung pers\u00f6nlich, um sicherzustellen, dass Sie in guten H\u00e4nden sind.<\/span><\/p>\n<h3><span style=\"color: #808080;\">Flexible Software<\/span><\/h3>\n<p><span style=\"color: #808080;\">Heutzutage m\u00f6chten die Teilnehmer von einer Reihe ihrer Ger\u00e4te aus auf Casino-Sites zugreifen. Aus diesem Grund verf\u00fcgt jedes von uns empfohlene Online-Casino \u00fcber eine funktionale Computersoftware, die sowohl auf Desktops als auch auf Smartphones ausgef\u00fchrt werden kann.<\/span><\/p>\n<h3><span style=\"color: #808080;\">Auswahl an Spieltiteln<\/span><\/h3>\n<p><span style=\"color: #808080;\">Riesige Bonusangebote sind gut, aber ein gro\u00dfartiges Casino muss auch eine Auswahl an qualitativ hochwertigen Casinospielen bieten. Wenn Sie die idealen Internet-Casinos f\u00fcr asiatische Teilnehmer bewerten, stellen wir immer sicher, dass sie eine gute Sammlung von Spielautomaten und Tisch-Videospielen haben.<\/span><\/p>\n<h3><span style=\"color: #808080;\">Sichere Videospiele<\/span><\/h3>\n<p><span style=\"color: #808080;\">Jedes einzelne von uns empfohlene Gl\u00fccksspielunternehmen ist zu 100% sicher und verf\u00fcgt \u00fcber moderne und zuverl\u00e4ssige Sicherheitssysteme, die sicherstellen, dass Ihr Geld und Ihre Daten gesch\u00fctzt sind. Dar\u00fcber hinaus stellen wir sicher, dass alle unsere empfohlenen Gl\u00fccksspielh\u00e4user \u00fcber ein legitimes Wettzertifikat verf\u00fcgen.<\/span><\/p>\n<h3><span style=\"color: #808080;\">Verbraucherfreundliches Design<\/span><\/h3>\n<p><span style=\"color: #808080;\">Nicht alle Spieler wissen, wenn es darum geht, in Internet-Casinos zu spielen. Aus diesem Grund sollte ein gutes Internet-Casino ein kundenfreundliches Layout bieten, das es neuen Spielern erleichtert, sich auf der Website zu bewegen und sofort nach ihren Lieblingsspieltiteln zu suchen.<\/span><\/p>\n<h3><span style=\"color: #808080;\">Auf der Suche nach dem besten asiatischen Online-Casino.<\/span><\/h3>\n<p><span style=\"color: #808080;\">Warum m\u00fcssen wir uns vertrauen. Die grundlegende Antwort ist, dass wir Internet-Casino-Videospiele um Sie herum lieben und viel Zeit investieren, um die verschiedenen Websites zu \u00fcberpr\u00fcfen und zu bewerten.<\/span><\/p>\n<h3><span style=\"color: #808080;\">Zusammenfassend l\u00e4sst sich sagen, dass ein weiterer wesentlicher Abschnitt eines jeden Asia Online Casinos der Bonus sein wird.<\/span><\/h3>\n<p><span style=\"color: #808080;\">Das Online-Casino sollte eine gro\u00dfz\u00fcgige, erfreuliche Belohnung bieten, um neue Spieler f\u00fcr die Erstellung Ihres Kontos auf der Website zu entsch\u00e4digen. Wichtig ist hier, dass zus\u00e4tzliche Bonusanforderungen angemessen und erreichbar sind<\/span><\/p>\n<\/div>\n<\/div>\n","protected":false},"excerpt":{"rendered":"Unsere am besten bewerteten asiatischen Online-Casinos zusammen mit den besten Gl\u00fccksspiel-Websites f\u00fcr asiatische Spieler Wir haben es uns nun zur Aufgabe gemacht, die besten Asia Online Casino Pl\u00e4tze zu finden. Aus diesem Grund haben wir den Markt st\u00e4ndig \u00fcberpr\u00fcft, um die besten Websites zu erhalten. Wir von erfahrenen Internet-Casino-Athleten \u00fcberpr\u00fcfen dann die Websites, indem wir&#8230; <a class=\"view-article\" href=\"https:\/\/www.freebetsinfo.co.uk\/de\/asien-online-casino\/\">Artikel ansehen<\/a>","protected":false},"author":1,"featured_media":0,"parent":0,"menu_order":0,"comment_status":"closed","ping_status":"closed","template":"Asia-Casino-Page-Template.php","meta":{"_uag_custom_page_level_css":"","footnotes":""},"class_list":["post-29922","page","type-page","status-publish","hentry"],"yoast_head":"<!-- This site is optimized with the Yoast SEO Premium plugin v19.5 (Yoast SEO v27.5) - https:\/\/yoast.com\/product\/yoast-seo-premium-wordpress\/ -->\n<title>Asien Online-Casino ,Online Casino Willkommensbonus ohne Einzahlung<\/title>\n<meta name=\"description\" content=\"Asien Online-Casino , Kostenloser Online-Casino-Bonus, keine Einzahlung erforderlich. Neukunden-Registrierungsbonus. Fordern Sie noch heute Ihren Willkommensbonus an.\" \/>\n<meta name=\"robots\" content=\"index, follow, max-snippet:-1, max-image-preview:large, max-video-preview:-1\" \/>\n<link rel=\"canonical\" href=\"https:\/\/www.freebetsinfo.co.uk\/de\/asien-online-casino\/\" \/>\n<meta property=\"og:locale\" content=\"de_DE\" \/>\n<meta property=\"og:type\" content=\"article\" \/>\n<meta property=\"og:title\" content=\"Asien Online-Casino\" \/>\n<meta property=\"og:description\" content=\"Asien Online-Casino , Kostenloser Online-Casino-Bonus, keine Einzahlung erforderlich. Neukunden-Registrierungsbonus. Fordern Sie noch heute Ihren Willkommensbonus an.\" \/>\n<meta property=\"og:url\" content=\"https:\/\/www.freebetsinfo.co.uk\/de\/asien-online-casino\/\" \/>\n<meta property=\"og:site_name\" content=\"Kostenlose Sportwetten, Online Buchmacher Wettinfo\" \/>\n<meta property=\"article:modified_time\" content=\"2021-07-01T08:54:27+00:00\" \/>\n<meta name=\"twitter:card\" content=\"summary_large_image\" \/>\n<meta name=\"twitter:label1\" content=\"Gesch\u00e4tzte Lesezeit\" \/>\n\t<meta name=\"twitter:data1\" content=\"3\u00a0Minuten\" \/>\n<script type=\"application\/ld+json\" class=\"yoast-schema-graph\">{\"@context\":\"https:\\\/\\\/schema.org\",\"@graph\":[{\"@type\":\"WebPage\",\"@id\":\"https:\\\/\\\/www.freebetsinfo.co.uk\\\/de\\\/asien-online-casino\\\/\",\"url\":\"https:\\\/\\\/www.freebetsinfo.co.uk\\\/de\\\/asien-online-casino\\\/\",\"name\":\"Asien Online-Casino ,Online Casino Willkommensbonus ohne Einzahlung\",\"isPartOf\":{\"@id\":\"https:\\\/\\\/www.freebetsinfo.co.uk\\\/de\\\/#website\"},\"datePublished\":\"2021-06-27T05:12:11+00:00\",\"dateModified\":\"2021-07-01T08:54:27+00:00\",\"description\":\"Asien Online-Casino , Kostenloser Online-Casino-Bonus, keine Einzahlung erforderlich. Neukunden-Registrierungsbonus. Fordern Sie noch heute Ihren Willkommensbonus an.\",\"breadcrumb\":{\"@id\":\"https:\\\/\\\/www.freebetsinfo.co.uk\\\/de\\\/asien-online-casino\\\/#breadcrumb\"},\"inLanguage\":\"de\",\"potentialAction\":[{\"@type\":\"ReadAction\",\"target\":[\"https:\\\/\\\/www.freebetsinfo.co.uk\\\/de\\\/asien-online-casino\\\/\"]}]},{\"@type\":\"BreadcrumbList\",\"@id\":\"https:\\\/\\\/www.freebetsinfo.co.uk\\\/de\\\/asien-online-casino\\\/#breadcrumb\",\"itemListElement\":[{\"@type\":\"ListItem\",\"position\":1,\"name\":\"Home\",\"item\":\"https:\\\/\\\/www.freebetsinfo.co.uk\\\/de\\\/\"},{\"@type\":\"ListItem\",\"position\":2,\"name\":\"Asien Online-Casino\"}]},{\"@type\":\"WebSite\",\"@id\":\"https:\\\/\\\/www.freebetsinfo.co.uk\\\/de\\\/#website\",\"url\":\"https:\\\/\\\/www.freebetsinfo.co.uk\\\/de\\\/\",\"name\":\"Kostenlose Sportwetten, Online Buchmacher Wettinfo\",\"description\":\"Beste Online-Wetten und Casino-Bonuscodes ohne Einzahlung! \u2705Top-Online-Wett-Seiten-Bewertungen, \u2705Beste Online-Casinos-Boni!\",\"potentialAction\":[{\"@type\":\"SearchAction\",\"target\":{\"@type\":\"EntryPoint\",\"urlTemplate\":\"https:\\\/\\\/www.freebetsinfo.co.uk\\\/de\\\/?s={search_term_string}\"},\"query-input\":{\"@type\":\"PropertyValueSpecification\",\"valueRequired\":true,\"valueName\":\"search_term_string\"}}],\"inLanguage\":\"de\"}]}<\/script>\n<!-- \/ Yoast SEO Premium plugin. -->","yoast_head_json":{"title":"Asien Online-Casino ,Online Casino Willkommensbonus ohne Einzahlung","description":"Asien Online-Casino , Kostenloser Online-Casino-Bonus, keine Einzahlung erforderlich. Neukunden-Registrierungsbonus. Fordern Sie noch heute Ihren Willkommensbonus an.","robots":{"index":"index","follow":"follow","max-snippet":"max-snippet:-1","max-image-preview":"max-image-preview:large","max-video-preview":"max-video-preview:-1"},"canonical":"https:\/\/www.freebetsinfo.co.uk\/de\/asien-online-casino\/","og_locale":"de_DE","og_type":"article","og_title":"Asien Online-Casino","og_description":"Asien Online-Casino , Kostenloser Online-Casino-Bonus, keine Einzahlung erforderlich. Neukunden-Registrierungsbonus. Fordern Sie noch heute Ihren Willkommensbonus an.","og_url":"https:\/\/www.freebetsinfo.co.uk\/de\/asien-online-casino\/","og_site_name":"Kostenlose Sportwetten, Online Buchmacher Wettinfo","article_modified_time":"2021-07-01T08:54:27+00:00","twitter_card":"summary_large_image","twitter_misc":{"Gesch\u00e4tzte Lesezeit":"3\u00a0Minuten"},"schema":{"@context":"https:\/\/schema.org","@graph":[{"@type":"WebPage","@id":"https:\/\/www.freebetsinfo.co.uk\/de\/asien-online-casino\/","url":"https:\/\/www.freebetsinfo.co.uk\/de\/asien-online-casino\/","name":"Asien Online-Casino ,Online Casino Willkommensbonus ohne Einzahlung","isPartOf":{"@id":"https:\/\/www.freebetsinfo.co.uk\/de\/#website"},"datePublished":"2021-06-27T05:12:11+00:00","dateModified":"2021-07-01T08:54:27+00:00","description":"Asien Online-Casino , Kostenloser Online-Casino-Bonus, keine Einzahlung erforderlich. Neukunden-Registrierungsbonus. Fordern Sie noch heute Ihren Willkommensbonus an.","breadcrumb":{"@id":"https:\/\/www.freebetsinfo.co.uk\/de\/asien-online-casino\/#breadcrumb"},"inLanguage":"de","potentialAction":[{"@type":"ReadAction","target":["https:\/\/www.freebetsinfo.co.uk\/de\/asien-online-casino\/"]}]},{"@type":"BreadcrumbList","@id":"https:\/\/www.freebetsinfo.co.uk\/de\/asien-online-casino\/#breadcrumb","itemListElement":[{"@type":"ListItem","position":1,"name":"Home","item":"https:\/\/www.freebetsinfo.co.uk\/de\/"},{"@type":"ListItem","position":2,"name":"Asien Online-Casino"}]},{"@type":"WebSite","@id":"https:\/\/www.freebetsinfo.co.uk\/de\/#website","url":"https:\/\/www.freebetsinfo.co.uk\/de\/","name":"Kostenlose Sportwetten, Online Buchmacher Wettinfo","description":"Beste Online-Wetten und Casino-Bonuscodes ohne Einzahlung! \u2705Top-Online-Wett-Seiten-Bewertungen, \u2705Beste Online-Casinos-Boni!","potentialAction":[{"@type":"SearchAction","target":{"@type":"EntryPoint","urlTemplate":"https:\/\/www.freebetsinfo.co.uk\/de\/?s={search_term_string}"},"query-input":{"@type":"PropertyValueSpecification","valueRequired":true,"valueName":"search_term_string"}}],"inLanguage":"de"}]}},"uagb_featured_image_src":{"full":false,"thumbnail":false,"medium":false,"medium_large":false,"large":false,"1536x1536":false,"2048x2048":false,"small":false,"custom-size":false},"uagb_author_info":{"display_name":"\u7ba1\u7406","author_link":"https:\/\/www.freebetsinfo.co.uk\/de\/author\/kdfl4q\/"},"uagb_comment_info":0,"uagb_excerpt":"Unsere am besten bewerteten asiatischen Online-Casinos zusammen mit den besten Gl\u00fccksspiel-Websites f\u00fcr asiatische Spieler Wir haben es uns nun zur Aufgabe gemacht, die besten Asia Online Casino Pl\u00e4tze zu finden. Aus diesem Grund haben wir den Markt st\u00e4ndig \u00fcberpr\u00fcft, um die besten Websites zu erhalten. Wir von erfahrenen Internet-Casino-Athleten \u00fcberpr\u00fcfen dann die Websites, indem wir...&hellip;","_links":{"self":[{"href":"https:\/\/www.freebetsinfo.co.uk\/de\/wp-json\/wp\/v2\/pages\/29922","targetHints":{"allow":["GET"]}}],"collection":[{"href":"https:\/\/www.freebetsinfo.co.uk\/de\/wp-json\/wp\/v2\/pages"}],"about":[{"href":"https:\/\/www.freebetsinfo.co.uk\/de\/wp-json\/wp\/v2\/types\/page"}],"author":[{"embeddable":true,"href":"https:\/\/www.freebetsinfo.co.uk\/de\/wp-json\/wp\/v2\/users\/1"}],"replies":[{"embeddable":true,"href":"https:\/\/www.freebetsinfo.co.uk\/de\/wp-json\/wp\/v2\/comments?post=29922"}],"version-history":[{"count":0,"href":"https:\/\/www.freebetsinfo.co.uk\/de\/wp-json\/wp\/v2\/pages\/29922\/revisions"}],"wp:attachment":[{"href":"https:\/\/www.freebetsinfo.co.uk\/de\/wp-json\/wp\/v2\/media?parent=29922"}],"curies":[{"name":"wp","href":"https:\/\/api.w.org\/{rel}","templated":true}]}}