{"id":30104,"date":"2021-06-27T08:54:30","date_gmt":"2021-06-27T08:54:30","guid":{"rendered":"https:\/\/www.freebetsinfo.co.uk\/indonesien-online-buchmacher\/"},"modified":"2021-06-27T08:54:30","modified_gmt":"2021-06-27T08:54:30","slug":"indonesien-online-buchmacher","status":"publish","type":"page","link":"https:\/\/www.freebetsinfo.co.uk\/de\/indonesien-online-buchmacher\/","title":{"rendered":"Indonesien Online-Buchmacher"},"content":{"rendered":"<h3><span style=\"color: #808080;\">Vorteilhafte Quoten gehen \u00fcber negative Quoten hinaus<\/span><\/h3>\n<p><span style=\"color: #808080;\">Das bedeutet, dass Sie mehr Einkommen erzielen k\u00f6nnen. Die Telefonnummer teilt Ihnen mit, wie viel Erfolg Sie haben, wenn Sie sich f\u00fcr ein einziges W\u00e4hrungsumtauschmodell entscheiden. +2,00 bedeutet also, dass Sie zwei Ger\u00e4te f\u00fcr jedes gew\u00e4hlte Modell erwerben, +3,00 bedeutet, dass Sie drei Ger\u00e4te f\u00fcr jedes einzelne, das Sie setzen, gewinnen, und so weiter.<\/span><\/p>\n<p><span style=\"color: #808080;\">Nehmen wir als Beispiel an, Sie setzen 20.000 Rp auf Persija Jakarta, um 2 . zu verdienen<\/span><\/p>\n<p><span style=\"color: #808080;\">gegen Persib Bandung mit einer Chance von +11.00, und Sie sind angemessen. Einfach weil die Chancen +11.00 sind, werden Sie 11 Ger\u00e4te f\u00fcr jede Ger\u00e4teoption erfolgreich machen. Sie setzen 20.000, was 20.000 x 11 impliziert, um einen Gewinn von 220.000 Rp zu erzielen. Sie erhalten auch Ihren Einsatz von 20.000 Rupien zur\u00fcck, was bedeutet, dass Sie 240.000 Rupien erhalten.<\/span><\/p>\n<p><span style=\"color: #808080;\">Schlechte Chancen<\/span><\/p>\n<h3><span style=\"color: #808080;\">Die Spielchancen von Bad Indonesia Online Buchmachern verwenden ein Minuszeichen<\/span><\/h3>\n<p><span style=\"color: #808080;\">der Vielfalt voraus. Sie neigen dazu, ung\u00fcnstige Indo-Quoten zu sehen, wenn Sie \u00fcber einen Favoriten wetten, da die geringeren Chancen darauf hinweisen, dass dies sehr wahrscheinlich ist. Genau wie die optimistischen indonesischen Wettchancen basiert die Zahl auf einem bestimmten Modell, aber es gibt einen entscheidenden gro\u00dfen Unterschied. Im Gegensatz zu der Menge, die anzeigt, wie viel Sie f\u00fcr das Gl\u00fccksspiel 1-Ger\u00e4t erwerben, zeigt es einfach, wie viel Sie setzen m\u00fcssen, um ein einzelnes System zu erwerben.<\/span><\/p>\n<h3><span style=\"color: #808080;\">Bekannte Leichtathletik f\u00fcr Wetten auf den indonesischen Online-Buchmacher-Webseiten<\/span><\/h3>\n<p><span style=\"color: #808080;\">1 Zweck Sport Gl\u00fccksspiel in Indonesien ist wirklich ein bekannter Prozess ist, weil die Einwohner eine breite Palette von sportlichen Aktivit\u00e4ten w\u00fcnschen. Indonesische Enthusiasten m\u00f6gen es, Basketball, Badminton und vieles mehr zu sehen und zu wetten. Hier sind einige der am h\u00e4ufigsten genutzten Sportaktivit\u00e4ten, die Sie in Indonesien w\u00e4hlen k\u00f6nnen:<\/span><\/p>\n<h3><span style=\"color: #808080;\">fu\u00dfballspiel<\/span><\/h3>\n<p><span style=\"color: #808080;\">Fu\u00dfball hat in vielen L\u00e4ndern auf der ganzen Welt eine leidenschaftliche Nachfolge, und Indonesien ist nicht vielf\u00e4ltig. Persija Jakarta ist wahrscheinlich die beliebteste Organisation in Indonesiens Liga 1 und sie sind starke Konkurrenten von Persib Bandung, die zusammen das unverzichtbare Aged Indonesia Derby bilden.<\/span><\/p>\n<h3><span style=\"color: #808080;\">basketball<\/span><\/h3>\n<p><span style=\"color: #808080;\">Wenn die indonesische Fu\u00dfballliga nicht Ihrem Durst nach Hockey-Wettma\u00dfnahmen entspricht, k\u00f6nnen Sie auch bei internationalen Wettbewerben wie der NBA raten. Zusammenfassend l\u00e4sst sich sagen, dass die besten Spiele-Websites in Indonesien Ihnen Marktsegmente zusammen mit anderen Top-Ligen bieten und Ihnen eine Reihe von Optionen bieten.<\/span><\/p>\n<h3><span style=\"color: #808080;\">Der Weg nach vorn f\u00fcr Indonesien Online-Buchmacher<\/span><\/h3>\n<p><span style=\"color: #808080;\">Das Unterfangen wurde mit der fortschrittlich klingenden &#8218;Cyber Drone 9&#8216;-Crew mit einem ungef\u00e4hren Preis von Rp1 Billion geleitet, was f\u00fcr einige Leute ungew\u00f6hnlich erscheint. Zusammenfassend l\u00e4sst sich sagen, dass es eine Weile dauern wird, bis die Errungenschaften dieses Webcrawlers analysiert werden k\u00f6nnen, aber diese Art von Kauf zeigt, dass sich die Casino-Bestimmungen in Indonesien in naher Zukunft nicht \u00e4ndern werden.<\/span><\/p>\n","protected":false},"excerpt":{"rendered":"Vorteilhafte Quoten gehen \u00fcber negative Quoten hinaus Das bedeutet, dass Sie mehr Einkommen erzielen k\u00f6nnen. Die Telefonnummer teilt Ihnen mit, wie viel Erfolg Sie haben, wenn Sie sich f\u00fcr ein einziges W\u00e4hrungsumtauschmodell entscheiden. +2,00 bedeutet also, dass Sie zwei Ger\u00e4te f\u00fcr jedes gew\u00e4hlte Modell erwerben, +3,00 bedeutet, dass Sie drei Ger\u00e4te f\u00fcr jedes einzelne, das&#8230; <a class=\"view-article\" href=\"https:\/\/www.freebetsinfo.co.uk\/de\/indonesien-online-buchmacher\/\">Artikel ansehen<\/a>","protected":false},"author":1,"featured_media":0,"parent":0,"menu_order":0,"comment_status":"closed","ping_status":"closed","template":"asia-sports-page-template.php","meta":{"_uag_custom_page_level_css":"","footnotes":""},"class_list":["post-30104","page","type-page","status-publish","hentry"],"yoast_head":"<!-- This site is optimized with the Yoast SEO Premium plugin v19.5 (Yoast SEO v27.5) - https:\/\/yoast.com\/product\/yoast-seo-premium-wordpress\/ -->\n<title>Indonesien Online-Buchmacher , Beste Online-Buchmacher.<\/title>\n<meta name=\"description\" content=\"Indonesien Online-Buchmacher ,Beste Online-Buchmacher. Wettangebote und Registrierungsboni. Buchmacher-Website. Indonesien Online-Buchmacher\" \/>\n<meta name=\"robots\" content=\"index, follow, max-snippet:-1, max-image-preview:large, max-video-preview:-1\" \/>\n<link rel=\"canonical\" href=\"https:\/\/www.freebetsinfo.co.uk\/de\/indonesien-online-buchmacher\/\" \/>\n<meta property=\"og:locale\" content=\"de_DE\" \/>\n<meta property=\"og:type\" content=\"article\" \/>\n<meta property=\"og:title\" content=\"Indonesien Online-Buchmacher\" \/>\n<meta property=\"og:description\" content=\"Indonesien Online-Buchmacher ,Beste Online-Buchmacher. Wettangebote und Registrierungsboni. Buchmacher-Website. Indonesien Online-Buchmacher\" \/>\n<meta property=\"og:url\" content=\"https:\/\/www.freebetsinfo.co.uk\/de\/indonesien-online-buchmacher\/\" \/>\n<meta property=\"og:site_name\" content=\"Kostenlose Sportwetten, Online Buchmacher Wettinfo\" \/>\n<meta name=\"twitter:card\" content=\"summary_large_image\" \/>\n<meta name=\"twitter:label1\" content=\"Gesch\u00e4tzte Lesezeit\" \/>\n\t<meta name=\"twitter:data1\" content=\"2\u00a0Minuten\" \/>\n<script type=\"application\/ld+json\" class=\"yoast-schema-graph\">{\"@context\":\"https:\\\/\\\/schema.org\",\"@graph\":[{\"@type\":\"WebPage\",\"@id\":\"https:\\\/\\\/www.freebetsinfo.co.uk\\\/de\\\/indonesien-online-buchmacher\\\/\",\"url\":\"https:\\\/\\\/www.freebetsinfo.co.uk\\\/de\\\/indonesien-online-buchmacher\\\/\",\"name\":\"Indonesien Online-Buchmacher , Beste Online-Buchmacher.\",\"isPartOf\":{\"@id\":\"https:\\\/\\\/www.freebetsinfo.co.uk\\\/de\\\/#website\"},\"datePublished\":\"2021-06-27T08:54:30+00:00\",\"description\":\"Indonesien Online-Buchmacher ,Beste Online-Buchmacher. Wettangebote und Registrierungsboni. Buchmacher-Website. Indonesien Online-Buchmacher\",\"breadcrumb\":{\"@id\":\"https:\\\/\\\/www.freebetsinfo.co.uk\\\/de\\\/indonesien-online-buchmacher\\\/#breadcrumb\"},\"inLanguage\":\"de\",\"potentialAction\":[{\"@type\":\"ReadAction\",\"target\":[\"https:\\\/\\\/www.freebetsinfo.co.uk\\\/de\\\/indonesien-online-buchmacher\\\/\"]}]},{\"@type\":\"BreadcrumbList\",\"@id\":\"https:\\\/\\\/www.freebetsinfo.co.uk\\\/de\\\/indonesien-online-buchmacher\\\/#breadcrumb\",\"itemListElement\":[{\"@type\":\"ListItem\",\"position\":1,\"name\":\"Home\",\"item\":\"https:\\\/\\\/www.freebetsinfo.co.uk\\\/de\\\/\"},{\"@type\":\"ListItem\",\"position\":2,\"name\":\"Indonesien Online-Buchmacher\"}]},{\"@type\":\"WebSite\",\"@id\":\"https:\\\/\\\/www.freebetsinfo.co.uk\\\/de\\\/#website\",\"url\":\"https:\\\/\\\/www.freebetsinfo.co.uk\\\/de\\\/\",\"name\":\"Kostenlose Sportwetten, Online Buchmacher Wettinfo\",\"description\":\"Beste Online-Wetten und Casino-Bonuscodes ohne Einzahlung! \u2705Top-Online-Wett-Seiten-Bewertungen, \u2705Beste Online-Casinos-Boni!\",\"potentialAction\":[{\"@type\":\"SearchAction\",\"target\":{\"@type\":\"EntryPoint\",\"urlTemplate\":\"https:\\\/\\\/www.freebetsinfo.co.uk\\\/de\\\/?s={search_term_string}\"},\"query-input\":{\"@type\":\"PropertyValueSpecification\",\"valueRequired\":true,\"valueName\":\"search_term_string\"}}],\"inLanguage\":\"de\"}]}<\/script>\n<!-- \/ Yoast SEO Premium plugin. -->","yoast_head_json":{"title":"Indonesien Online-Buchmacher , Beste Online-Buchmacher.","description":"Indonesien Online-Buchmacher ,Beste Online-Buchmacher. Wettangebote und Registrierungsboni. Buchmacher-Website. Indonesien Online-Buchmacher","robots":{"index":"index","follow":"follow","max-snippet":"max-snippet:-1","max-image-preview":"max-image-preview:large","max-video-preview":"max-video-preview:-1"},"canonical":"https:\/\/www.freebetsinfo.co.uk\/de\/indonesien-online-buchmacher\/","og_locale":"de_DE","og_type":"article","og_title":"Indonesien Online-Buchmacher","og_description":"Indonesien Online-Buchmacher ,Beste Online-Buchmacher. Wettangebote und Registrierungsboni. Buchmacher-Website. Indonesien Online-Buchmacher","og_url":"https:\/\/www.freebetsinfo.co.uk\/de\/indonesien-online-buchmacher\/","og_site_name":"Kostenlose Sportwetten, Online Buchmacher Wettinfo","twitter_card":"summary_large_image","twitter_misc":{"Gesch\u00e4tzte Lesezeit":"2\u00a0Minuten"},"schema":{"@context":"https:\/\/schema.org","@graph":[{"@type":"WebPage","@id":"https:\/\/www.freebetsinfo.co.uk\/de\/indonesien-online-buchmacher\/","url":"https:\/\/www.freebetsinfo.co.uk\/de\/indonesien-online-buchmacher\/","name":"Indonesien Online-Buchmacher , Beste Online-Buchmacher.","isPartOf":{"@id":"https:\/\/www.freebetsinfo.co.uk\/de\/#website"},"datePublished":"2021-06-27T08:54:30+00:00","description":"Indonesien Online-Buchmacher ,Beste Online-Buchmacher. Wettangebote und Registrierungsboni. Buchmacher-Website. Indonesien Online-Buchmacher","breadcrumb":{"@id":"https:\/\/www.freebetsinfo.co.uk\/de\/indonesien-online-buchmacher\/#breadcrumb"},"inLanguage":"de","potentialAction":[{"@type":"ReadAction","target":["https:\/\/www.freebetsinfo.co.uk\/de\/indonesien-online-buchmacher\/"]}]},{"@type":"BreadcrumbList","@id":"https:\/\/www.freebetsinfo.co.uk\/de\/indonesien-online-buchmacher\/#breadcrumb","itemListElement":[{"@type":"ListItem","position":1,"name":"Home","item":"https:\/\/www.freebetsinfo.co.uk\/de\/"},{"@type":"ListItem","position":2,"name":"Indonesien Online-Buchmacher"}]},{"@type":"WebSite","@id":"https:\/\/www.freebetsinfo.co.uk\/de\/#website","url":"https:\/\/www.freebetsinfo.co.uk\/de\/","name":"Kostenlose Sportwetten, Online Buchmacher Wettinfo","description":"Beste Online-Wetten und Casino-Bonuscodes ohne Einzahlung! \u2705Top-Online-Wett-Seiten-Bewertungen, \u2705Beste Online-Casinos-Boni!","potentialAction":[{"@type":"SearchAction","target":{"@type":"EntryPoint","urlTemplate":"https:\/\/www.freebetsinfo.co.uk\/de\/?s={search_term_string}"},"query-input":{"@type":"PropertyValueSpecification","valueRequired":true,"valueName":"search_term_string"}}],"inLanguage":"de"}]}},"uagb_featured_image_src":{"full":false,"thumbnail":false,"medium":false,"medium_large":false,"large":false,"1536x1536":false,"2048x2048":false,"small":false,"custom-size":false},"uagb_author_info":{"display_name":"\u7ba1\u7406","author_link":"https:\/\/www.freebetsinfo.co.uk\/de\/author\/kdfl4q\/"},"uagb_comment_info":0,"uagb_excerpt":"Vorteilhafte Quoten gehen \u00fcber negative Quoten hinaus Das bedeutet, dass Sie mehr Einkommen erzielen k\u00f6nnen. Die Telefonnummer teilt Ihnen mit, wie viel Erfolg Sie haben, wenn Sie sich f\u00fcr ein einziges W\u00e4hrungsumtauschmodell entscheiden. +2,00 bedeutet also, dass Sie zwei Ger\u00e4te f\u00fcr jedes gew\u00e4hlte Modell erwerben, +3,00 bedeutet, dass Sie drei Ger\u00e4te f\u00fcr jedes einzelne, das...&hellip;","_links":{"self":[{"href":"https:\/\/www.freebetsinfo.co.uk\/de\/wp-json\/wp\/v2\/pages\/30104","targetHints":{"allow":["GET"]}}],"collection":[{"href":"https:\/\/www.freebetsinfo.co.uk\/de\/wp-json\/wp\/v2\/pages"}],"about":[{"href":"https:\/\/www.freebetsinfo.co.uk\/de\/wp-json\/wp\/v2\/types\/page"}],"author":[{"embeddable":true,"href":"https:\/\/www.freebetsinfo.co.uk\/de\/wp-json\/wp\/v2\/users\/1"}],"replies":[{"embeddable":true,"href":"https:\/\/www.freebetsinfo.co.uk\/de\/wp-json\/wp\/v2\/comments?post=30104"}],"version-history":[{"count":0,"href":"https:\/\/www.freebetsinfo.co.uk\/de\/wp-json\/wp\/v2\/pages\/30104\/revisions"}],"wp:attachment":[{"href":"https:\/\/www.freebetsinfo.co.uk\/de\/wp-json\/wp\/v2\/media?parent=30104"}],"curies":[{"name":"wp","href":"https:\/\/api.w.org\/{rel}","templated":true}]}}