{"id":30135,"date":"2021-06-27T07:13:43","date_gmt":"2021-06-27T07:13:43","guid":{"rendered":"https:\/\/www.freebetsinfo.co.uk\/japan-online-buchmacher\/"},"modified":"2021-08-13T15:56:58","modified_gmt":"2021-08-13T15:56:58","slug":"japan-online-buchmacher","status":"publish","type":"page","link":"https:\/\/www.freebetsinfo.co.uk\/de\/japan-online-buchmacher\/","title":{"rendered":"Japan Online-Buchmacher"},"content":{"rendered":"<h3><span style=\"color: #808080;\">Beste Japan Sports Online-Buchmacher<\/span><\/h3>\n<p><span style=\"color: #808080;\">Sportliche Aktivit\u00e4ten in Japan sind im Vergleich zu anderen Teilen der Welt extrem eingeschr\u00e4nkt. Wettende k\u00f6nnen einfach auf eine Reihe von Leichtathletikwetten und nur in ausgew\u00e4hlten Formaten wetten. Au\u00dferdem wurde Japan Online Bookmakers korrigiert, was die verf\u00fcgbaren Auswahlm\u00f6glichkeiten f\u00fcr Wettende weiter einschr\u00e4nkt.<\/span><\/p>\n<h3><span style=\"color: #808080;\">Japan Online-Buchmacherseiten<\/span><\/h3>\n<p><span style=\"color: #808080;\">Im Internet werden in Japan Websites f\u00fcr Sportaktivit\u00e4ten bevorzugt, da Wettende Wetten erkennen k\u00f6nnen, die in ihrem eigenen Land nicht erlaubt sind. Zum Beispiel ist das Gl\u00fccksspiel mit festen Quoten auf japanischen Wettwebsites nicht erlaubt. Wettende m\u00fcssen bei Online-Spielen Parlay-Design-Wetten platzieren und einen sehr hohen Rake von den Betreibern erfahren.<\/span><\/p>\n<p><span style=\"color: #808080;\">Wenn Sie auf Online-Gl\u00fccksspiel-Websites in Japan spielen, ist es einfach, Wetten mit festgelegten Chancen abzuschlie\u00dfen. Je h\u00f6her die Prozents\u00e4tze, desto gr\u00f6\u00dfer die M\u00f6glichkeit, einen enormen Gehaltsscheck zu erzielen. Es ist m\u00f6glich, alles zu w\u00e4hlen, von pers\u00f6nlichen Spieltiteln bis hin zur Anzahl der Touchdowns, die im Very Dish der NFL erzielt werden.<\/span><\/p>\n<h3><span style=\"color: #808080;\">Ist Leichtathletik in Japan legitim?<\/span><\/h3>\n<p><span style=\"color: #808080;\">Sportwetten sind in Japan nur teilweise legal. Derzeit kann nur auf eine Reihe von Heimsportarten gewettet werden, und zwar nur im Live-Casino. Diese sportlichen Aktivit\u00e4ten sind Pferderennen, Motorbootrennen, Radrennen, Keirin und ausgew\u00e4hlte Basketballligen.<\/span><\/p>\n<p><span style=\"color: #808080;\">Das bedeutet nicht, dass es keine Sportwetten gibt, die Spielern aus Japan zustimmen. Trotzdem empfehlen wir, von zu Hause aus daran teilzunehmen und das Community-Internet zu verlassen, um Wetten abzuschlie\u00dfen.<\/span><\/p>\n<h3><span style=\"color: #808080;\">Was sind bekannte Sportaktivit\u00e4ten in Japan zu erraten?<\/span><\/h3>\n<p><span style=\"color: #808080;\">Im Gegensatz zu vielen anderen Orten auf der Erde ist Japans Wunsch Baseball. Egal, ob sie in den Staaten auf Puro Yakyu oder Key League Baseball wetten, Japaner lieben es, auf Baseball-Videospiele und ihre Lieblingsmannschaften zu wetten.<\/span><\/p>\n<h3><span style=\"color: #808080;\">M\u00fcssen Wettende Einkommenssteuern auf den Gewinn zahlen?<\/span><\/h3>\n<p><span style=\"color: #808080;\">Die Steuervorschriften in Bezug auf Casinos sind wirklich etwas kompliziert. Einnahmen aus Pferderennen sind dennoch steuerpflichtig, dies gilt nur, wenn Sie jedes Jahr mehr als 500.000 Yen gewinnen. Au\u00dferdem k\u00f6nnen Sie den Preis f\u00fcr den Verlust von Wetten gegen Siege m\u00f6glicherweise nicht akzeptieren. Obwohl Sie in einem Jahr m\u00f6glicherweise 600.000 Yen an Wetten verloren haben, m\u00fcssen Sie auf die Einnahmen Einkommensteuer zahlen.<\/span><\/p>\n<p><span style=\"color: #808080;\">In Anbetracht der Tatsache, dass die japanische Regierung Sportwetten f\u00fcr Japan nicht zertifiziert, ist es unwahrscheinlich, dass sie Geb\u00fchren in irgendeiner Form einbehalten. Abschlie\u00dfend ist es ratsam, Ihre steuerlichen Umst\u00e4nde mit einem Buchhalter zu besprechen.<\/span><\/p>\n<h3><span style=\"color: #808080;\">Schritte, um eine Anzahlung bei einem japanischen Online-Buchmacher zu leisten<\/span><\/h3>\n<p><span style=\"color: #808080;\">Eine weitere potenzielle Wahl f\u00fcr einige Sportwetten ist Bitcoin oder andere Formen von Kryptow\u00e4hrungen. Sollte Ihr Sportwettenanbieter Bitcoin akzeptieren, ist es m\u00f6glich, Bargeld direkt von Ihrem Bitcoin-Wallet zu \u00fcberweisen. Es k\u00f6nnen Miner-Kosten durch Bitcoin entstehen. Zusammenfassend ist dies jedoch eine der sichersten M\u00f6glichkeiten au\u00dferhalb von E-Wallets.<\/span><\/p>\n<h3><span style=\"color: #808080;\">Zahlen Sie sofort mit E-Wallets und Bitcoin-Artikeln ein, und Sie k\u00f6nnen sofort mit dem Wetten beginnen.<\/span><\/h3>\n<p><span style=\"color: #808080;\">Abschlie\u00dfend denken Sie daran, dass Sie, wenn es Zeit f\u00fcr eine Auszahlung ist, genau dasselbe Konto verwenden m\u00fcssen, um einen Nachteil zu erzielen.<\/span><\/p>\n<p>&nbsp;<\/p>\n","protected":false},"excerpt":{"rendered":"Beste Japan Sports Online-Buchmacher Sportliche Aktivit\u00e4ten in Japan sind im Vergleich zu anderen Teilen der Welt extrem eingeschr\u00e4nkt. Wettende k\u00f6nnen einfach auf eine Reihe von Leichtathletikwetten und nur in ausgew\u00e4hlten Formaten wetten. Au\u00dferdem wurde Japan Online Bookmakers korrigiert, was die verf\u00fcgbaren Auswahlm\u00f6glichkeiten f\u00fcr Wettende weiter einschr\u00e4nkt. Japan Online-Buchmacherseiten Im Internet werden in Japan Websites f\u00fcr&#8230; <a class=\"view-article\" href=\"https:\/\/www.freebetsinfo.co.uk\/de\/japan-online-buchmacher\/\">Artikel ansehen<\/a>","protected":false},"author":1,"featured_media":0,"parent":0,"menu_order":0,"comment_status":"closed","ping_status":"closed","template":"asia-sports-page-template.php","meta":{"_uag_custom_page_level_css":"","footnotes":""},"class_list":["post-30135","page","type-page","status-publish","hentry"],"yoast_head":"<!-- This site is optimized with the Yoast SEO Premium plugin v19.5 (Yoast SEO v27.5) - https:\/\/yoast.com\/product\/yoast-seo-premium-wordpress\/ -->\n<title>Japan Online-Buchmacher , Bester Online-Buchmacher.<\/title>\n<meta name=\"description\" content=\"Japan Online-Buchmacher ,Japan Online-Buchmacher. Erhalten Sie exklusive kostenlose Angebote. Sichere und sichere Website. Die h\u00f6chsten Willkommensboni\" \/>\n<meta name=\"robots\" content=\"index, follow, max-snippet:-1, max-image-preview:large, max-video-preview:-1\" \/>\n<link rel=\"canonical\" href=\"https:\/\/www.freebetsinfo.co.uk\/de\/japan-online-buchmacher\/\" \/>\n<meta property=\"og:locale\" content=\"de_DE\" \/>\n<meta property=\"og:type\" content=\"article\" \/>\n<meta property=\"og:title\" content=\"Japan Online-Buchmacher\" \/>\n<meta property=\"og:description\" content=\"Japan Online-Buchmacher ,Japan Online-Buchmacher. Erhalten Sie exklusive kostenlose Angebote. Sichere und sichere Website. Die h\u00f6chsten Willkommensboni\" \/>\n<meta property=\"og:url\" content=\"https:\/\/www.freebetsinfo.co.uk\/de\/japan-online-buchmacher\/\" \/>\n<meta property=\"og:site_name\" content=\"Kostenlose Sportwetten, Online Buchmacher Wettinfo\" \/>\n<meta property=\"article:modified_time\" content=\"2021-08-13T15:56:58+00:00\" \/>\n<meta name=\"twitter:card\" content=\"summary_large_image\" \/>\n<meta name=\"twitter:label1\" content=\"Gesch\u00e4tzte Lesezeit\" \/>\n\t<meta name=\"twitter:data1\" content=\"3\u00a0Minuten\" \/>\n<script type=\"application\/ld+json\" class=\"yoast-schema-graph\">{\"@context\":\"https:\\\/\\\/schema.org\",\"@graph\":[{\"@type\":\"WebPage\",\"@id\":\"https:\\\/\\\/www.freebetsinfo.co.uk\\\/de\\\/japan-online-buchmacher\\\/\",\"url\":\"https:\\\/\\\/www.freebetsinfo.co.uk\\\/de\\\/japan-online-buchmacher\\\/\",\"name\":\"Japan Online-Buchmacher , Bester Online-Buchmacher.\",\"isPartOf\":{\"@id\":\"https:\\\/\\\/www.freebetsinfo.co.uk\\\/de\\\/#website\"},\"datePublished\":\"2021-06-27T07:13:43+00:00\",\"dateModified\":\"2021-08-13T15:56:58+00:00\",\"description\":\"Japan Online-Buchmacher ,Japan Online-Buchmacher. Erhalten Sie exklusive kostenlose Angebote. Sichere und sichere Website. Die h\u00f6chsten Willkommensboni\",\"breadcrumb\":{\"@id\":\"https:\\\/\\\/www.freebetsinfo.co.uk\\\/de\\\/japan-online-buchmacher\\\/#breadcrumb\"},\"inLanguage\":\"de\",\"potentialAction\":[{\"@type\":\"ReadAction\",\"target\":[\"https:\\\/\\\/www.freebetsinfo.co.uk\\\/de\\\/japan-online-buchmacher\\\/\"]}]},{\"@type\":\"BreadcrumbList\",\"@id\":\"https:\\\/\\\/www.freebetsinfo.co.uk\\\/de\\\/japan-online-buchmacher\\\/#breadcrumb\",\"itemListElement\":[{\"@type\":\"ListItem\",\"position\":1,\"name\":\"Home\",\"item\":\"https:\\\/\\\/www.freebetsinfo.co.uk\\\/de\\\/\"},{\"@type\":\"ListItem\",\"position\":2,\"name\":\"Japan Online-Buchmacher\"}]},{\"@type\":\"WebSite\",\"@id\":\"https:\\\/\\\/www.freebetsinfo.co.uk\\\/de\\\/#website\",\"url\":\"https:\\\/\\\/www.freebetsinfo.co.uk\\\/de\\\/\",\"name\":\"Kostenlose Sportwetten, Online Buchmacher Wettinfo\",\"description\":\"Beste Online-Wetten und Casino-Bonuscodes ohne Einzahlung! \u2705Top-Online-Wett-Seiten-Bewertungen, \u2705Beste Online-Casinos-Boni!\",\"potentialAction\":[{\"@type\":\"SearchAction\",\"target\":{\"@type\":\"EntryPoint\",\"urlTemplate\":\"https:\\\/\\\/www.freebetsinfo.co.uk\\\/de\\\/?s={search_term_string}\"},\"query-input\":{\"@type\":\"PropertyValueSpecification\",\"valueRequired\":true,\"valueName\":\"search_term_string\"}}],\"inLanguage\":\"de\"}]}<\/script>\n<!-- \/ Yoast SEO Premium plugin. -->","yoast_head_json":{"title":"Japan Online-Buchmacher , Bester Online-Buchmacher.","description":"Japan Online-Buchmacher ,Japan Online-Buchmacher. Erhalten Sie exklusive kostenlose Angebote. Sichere und sichere Website. Die h\u00f6chsten Willkommensboni","robots":{"index":"index","follow":"follow","max-snippet":"max-snippet:-1","max-image-preview":"max-image-preview:large","max-video-preview":"max-video-preview:-1"},"canonical":"https:\/\/www.freebetsinfo.co.uk\/de\/japan-online-buchmacher\/","og_locale":"de_DE","og_type":"article","og_title":"Japan Online-Buchmacher","og_description":"Japan Online-Buchmacher ,Japan Online-Buchmacher. Erhalten Sie exklusive kostenlose Angebote. Sichere und sichere Website. Die h\u00f6chsten Willkommensboni","og_url":"https:\/\/www.freebetsinfo.co.uk\/de\/japan-online-buchmacher\/","og_site_name":"Kostenlose Sportwetten, Online Buchmacher Wettinfo","article_modified_time":"2021-08-13T15:56:58+00:00","twitter_card":"summary_large_image","twitter_misc":{"Gesch\u00e4tzte Lesezeit":"3\u00a0Minuten"},"schema":{"@context":"https:\/\/schema.org","@graph":[{"@type":"WebPage","@id":"https:\/\/www.freebetsinfo.co.uk\/de\/japan-online-buchmacher\/","url":"https:\/\/www.freebetsinfo.co.uk\/de\/japan-online-buchmacher\/","name":"Japan Online-Buchmacher , Bester Online-Buchmacher.","isPartOf":{"@id":"https:\/\/www.freebetsinfo.co.uk\/de\/#website"},"datePublished":"2021-06-27T07:13:43+00:00","dateModified":"2021-08-13T15:56:58+00:00","description":"Japan Online-Buchmacher ,Japan Online-Buchmacher. Erhalten Sie exklusive kostenlose Angebote. Sichere und sichere Website. Die h\u00f6chsten Willkommensboni","breadcrumb":{"@id":"https:\/\/www.freebetsinfo.co.uk\/de\/japan-online-buchmacher\/#breadcrumb"},"inLanguage":"de","potentialAction":[{"@type":"ReadAction","target":["https:\/\/www.freebetsinfo.co.uk\/de\/japan-online-buchmacher\/"]}]},{"@type":"BreadcrumbList","@id":"https:\/\/www.freebetsinfo.co.uk\/de\/japan-online-buchmacher\/#breadcrumb","itemListElement":[{"@type":"ListItem","position":1,"name":"Home","item":"https:\/\/www.freebetsinfo.co.uk\/de\/"},{"@type":"ListItem","position":2,"name":"Japan Online-Buchmacher"}]},{"@type":"WebSite","@id":"https:\/\/www.freebetsinfo.co.uk\/de\/#website","url":"https:\/\/www.freebetsinfo.co.uk\/de\/","name":"Kostenlose Sportwetten, Online Buchmacher Wettinfo","description":"Beste Online-Wetten und Casino-Bonuscodes ohne Einzahlung! \u2705Top-Online-Wett-Seiten-Bewertungen, \u2705Beste Online-Casinos-Boni!","potentialAction":[{"@type":"SearchAction","target":{"@type":"EntryPoint","urlTemplate":"https:\/\/www.freebetsinfo.co.uk\/de\/?s={search_term_string}"},"query-input":{"@type":"PropertyValueSpecification","valueRequired":true,"valueName":"search_term_string"}}],"inLanguage":"de"}]}},"uagb_featured_image_src":{"full":false,"thumbnail":false,"medium":false,"medium_large":false,"large":false,"1536x1536":false,"2048x2048":false,"small":false,"custom-size":false},"uagb_author_info":{"display_name":"\u7ba1\u7406","author_link":"https:\/\/www.freebetsinfo.co.uk\/de\/author\/kdfl4q\/"},"uagb_comment_info":0,"uagb_excerpt":"Beste Japan Sports Online-Buchmacher Sportliche Aktivit\u00e4ten in Japan sind im Vergleich zu anderen Teilen der Welt extrem eingeschr\u00e4nkt. Wettende k\u00f6nnen einfach auf eine Reihe von Leichtathletikwetten und nur in ausgew\u00e4hlten Formaten wetten. Au\u00dferdem wurde Japan Online Bookmakers korrigiert, was die verf\u00fcgbaren Auswahlm\u00f6glichkeiten f\u00fcr Wettende weiter einschr\u00e4nkt. Japan Online-Buchmacherseiten Im Internet werden in Japan Websites f\u00fcr...&hellip;","_links":{"self":[{"href":"https:\/\/www.freebetsinfo.co.uk\/de\/wp-json\/wp\/v2\/pages\/30135","targetHints":{"allow":["GET"]}}],"collection":[{"href":"https:\/\/www.freebetsinfo.co.uk\/de\/wp-json\/wp\/v2\/pages"}],"about":[{"href":"https:\/\/www.freebetsinfo.co.uk\/de\/wp-json\/wp\/v2\/types\/page"}],"author":[{"embeddable":true,"href":"https:\/\/www.freebetsinfo.co.uk\/de\/wp-json\/wp\/v2\/users\/1"}],"replies":[{"embeddable":true,"href":"https:\/\/www.freebetsinfo.co.uk\/de\/wp-json\/wp\/v2\/comments?post=30135"}],"version-history":[{"count":0,"href":"https:\/\/www.freebetsinfo.co.uk\/de\/wp-json\/wp\/v2\/pages\/30135\/revisions"}],"wp:attachment":[{"href":"https:\/\/www.freebetsinfo.co.uk\/de\/wp-json\/wp\/v2\/media?parent=30135"}],"curies":[{"name":"wp","href":"https:\/\/api.w.org\/{rel}","templated":true}]}}