{"id":30213,"date":"2021-06-27T08:07:29","date_gmt":"2021-06-27T08:07:29","guid":{"rendered":"https:\/\/www.freebetsinfo.co.uk\/thailand-online-buchmacher\/"},"modified":"2021-06-29T10:16:11","modified_gmt":"2021-06-29T10:16:11","slug":"thailand-online-buchmacher","status":"publish","type":"page","link":"https:\/\/www.freebetsinfo.co.uk\/de\/thailand-online-buchmacher\/","title":{"rendered":"Thailand Online-Buchmacher"},"content":{"rendered":"<h3><span style=\"color: #808080;\">Thailand Online-Buchmacher-Websites<\/span><\/h3>\n<p><span style=\"color: #808080;\">Thail\u00e4ndische Einwohner wollen auf Leichtathletik raten und tun dies dann, obwohl die Aktivit\u00e4t illegal wird. Gl\u00fccklicherweise gibt es mehrere zertifizierte und regierte Thailand Online-Buchmacher. Wenn Sie sich f\u00fcr das Genie\u00dfen entscheiden, stellen Sie sicher, dass die Website von einer bekannten Regulierungsbeh\u00f6rde kontrolliert wird, einschlie\u00dflich der You.K. Auszahlung der Wettprovision.<\/span><\/p>\n<p><span style=\"color: #808080;\">Wenn Sie bereit sind, sich anzumelden, nutzen Sie die Werbeaktionen der Sportwetten. Diese reichen von Willkommens- und Einzahlungsbonusangeboten bis hin zu Gratiswetten. Weitere Informationen finden Sie im Kampagnenteil.<\/span><\/p>\n<h3><span style=\"color: #808080;\">Ist Sport bei Online-Buchmachern in TThailand legal?<\/span><\/h3>\n<p><span style=\"color: #808080;\">Thailand ist eine weitere in einer langen Liste von Nationen, in denen es illegal ist, \u00fcber Sportaktivit\u00e4ten im Internet zu raten. Leichtathletik verst\u00f6\u00dft nicht nur gegen das Gesetz, sondern auch die meisten Wettarten. Die einzigen Arten von Casinos, die autorisiert werden k\u00f6nnen, sind das landesweite Lotto und das Reiten, aber einfach in Bangkok.<\/span><\/p>\n<p><span style=\"color: #808080;\">Die Bullen und auch die Regierung scheinen nicht sehr \u00fcber diese Casinos im Internet nachzudenken. Wir empfehlen Ihnen jedoch, diese Art von Aktivit\u00e4ten ausschlie\u00dflich fortzusetzen, um eine m\u00f6gliche strafrechtliche Verfolgung zu vermeiden.<\/span><\/p>\n<h3><span style=\"color: #808080;\">Was sind bevorzugte Sportarten in Thailand zu erraten?<\/span><\/h3>\n<p><span style=\"color: #808080;\">Fu\u00dfball und Fu\u00dfball sind die beiden beliebtesten Sportarten, auf die in Thailand gewettet werden kann. Spieler wetten lieber auf Spiele aus der ganzen Welt, wie die Thai Leading League, die English The Best League und auch andere wichtige Fu\u00dfballligen wie die Bundesliga. Auch Gro\u00dfveranstaltungen wie die Champions League und der FIFA Planet Mug sorgen f\u00fcr jede Menge Action.<\/span><\/p>\n<p><span style=\"color: #808080;\">Beim Eishockey raten Wettende gerne in der PBA, der CBA bei chinesischen Anbietern, der NBA in den USA und auch den Chang Thailand Slammers von der ABL. Andere bevorzugte Leichtathletik-Sportarten umfassen Baseball, Hockey, Cricket, Golf und amerikanische Ligen wie die NFL, MLB und NHL. Sie k\u00f6nnen sogar auf Boxen, MMA und Esports raten.<\/span><\/p>\n<h3><span style=\"color: #808080;\">M\u00fcssen Wettende ihre Gewinne versteuern?<\/span><\/h3>\n<p><span style=\"color: #808080;\">Aufgrund des legitimen Umfelds in Thailand ist die Bundesregierung nicht in der Lage, Gewinnsteuern auf Gewinne aus Sportwetten zu erheben. Gesetzliche Anforderungen stellen Einnahmen aus Casinos als rechtswidrig dar und werden daher nicht besteuert.<\/span><\/p>\n<p><span style=\"color: #808080;\">Das bedeutet zwar, dass Sie keine Steuern zahlen, aber stellen Sie sicher, dass Sie Ihre Gewinne ruhig halten. Thailand ist ber\u00fchmt f\u00fcr Leute, die Spieler den Beh\u00f6rden melden, weg von Bosheit oder Neid.<\/span><\/p>\n<p><span style=\"color: #808080;\">Denken Sie daran, dass sich die Steuergesetze und -vorschriften \u00e4ndern werden, wenn Thailand jemals Sportwetten legalisiert. Die Chancen stehen gut, dass sie einen Pauschalsteuerbetrag festlegen, der auf das Einkommen gezahlt wird.<\/span><\/p>\n<h3><span style=\"color: #808080;\">Lernen, eine Anzahlung bei Sportwetten in Thailand zu leisten<\/span><\/h3>\n<p><span style=\"color: #808080;\">Alternativ m\u00fcssen Sie ein E-Pocket verwenden, um Ihr Geld zu finanzieren. Zahlen Sie einfach Geld f\u00fcr Ihr E-Finance ein und machen Sie dann Ihre Einzahlung. Neteller und Skrill werden von der \u00fcberwiegenden Mehrheit der Online-Sportwetten auf der ganzen Welt anerkannt. Trotzdem sollten Sie vor Ihrer Einzahlung Bargeld von THB in Euro oder GBP umtauschen.<\/span><\/p>\n<p><span style=\"color: #808080;\">Eine Alternative ist EntroPay. EntroPay ist eigentlich eine Online-Kreditkarte, die Ihnen eine Anzahlung mit EUR, GBP oder USD erm\u00f6glicht. Wiegen Sie es einfach mit Ihrer vom Kreditgeber freigegebenen Kreditkarte und verwenden Sie es dann \u00e4hnlich wie fast jede andere Kreditkarte.<\/span><\/p>\n","protected":false},"excerpt":{"rendered":"Thailand Online-Buchmacher-Websites Thail\u00e4ndische Einwohner wollen auf Leichtathletik raten und tun dies dann, obwohl die Aktivit\u00e4t illegal wird. Gl\u00fccklicherweise gibt es mehrere zertifizierte und regierte Thailand Online-Buchmacher. Wenn Sie sich f\u00fcr das Genie\u00dfen entscheiden, stellen Sie sicher, dass die Website von einer bekannten Regulierungsbeh\u00f6rde kontrolliert wird, einschlie\u00dflich der You.K. Auszahlung der Wettprovision. Wenn Sie bereit sind,&#8230; <a class=\"view-article\" href=\"https:\/\/www.freebetsinfo.co.uk\/de\/thailand-online-buchmacher\/\">Artikel ansehen<\/a>","protected":false},"author":1,"featured_media":0,"parent":0,"menu_order":0,"comment_status":"closed","ping_status":"closed","template":"asia-sports-page-template.php","meta":{"_uag_custom_page_level_css":"","footnotes":""},"class_list":["post-30213","page","type-page","status-publish","hentry"],"yoast_head":"<!-- This site is optimized with the Yoast SEO Premium plugin v19.5 (Yoast SEO v27.3) - https:\/\/yoast.com\/product\/yoast-seo-premium-wordpress\/ -->\n<title>Thailand Online-Buchmacher , Beste Online-Buchmacher.<\/title>\n<meta name=\"description\" content=\"Thailand Online-Buchmacher ,Beste Online-Buchmacher. Wettangebote und Registrierungsboni. Buchmacher-Website. Vertrauensw\u00fcrdige Online-Buchmacher.\" \/>\n<meta name=\"robots\" content=\"index, follow, max-snippet:-1, max-image-preview:large, max-video-preview:-1\" \/>\n<link rel=\"canonical\" href=\"https:\/\/www.freebetsinfo.co.uk\/de\/thailand-online-buchmacher\/\" \/>\n<meta property=\"og:locale\" content=\"de_DE\" \/>\n<meta property=\"og:type\" content=\"article\" \/>\n<meta property=\"og:title\" content=\"Thailand Online-Buchmacher\" \/>\n<meta property=\"og:description\" content=\"Thailand Online-Buchmacher ,Beste Online-Buchmacher. Wettangebote und Registrierungsboni. Buchmacher-Website. Vertrauensw\u00fcrdige Online-Buchmacher.\" \/>\n<meta property=\"og:url\" content=\"https:\/\/www.freebetsinfo.co.uk\/de\/thailand-online-buchmacher\/\" \/>\n<meta property=\"og:site_name\" content=\"Kostenlose Sportwetten, Online Buchmacher Wettinfo\" \/>\n<meta property=\"article:modified_time\" content=\"2021-06-29T10:16:11+00:00\" \/>\n<meta name=\"twitter:card\" content=\"summary_large_image\" \/>\n<meta name=\"twitter:label1\" content=\"Gesch\u00e4tzte Lesezeit\" \/>\n\t<meta name=\"twitter:data1\" content=\"3\u00a0Minuten\" \/>\n<script type=\"application\/ld+json\" class=\"yoast-schema-graph\">{\"@context\":\"https:\\\/\\\/schema.org\",\"@graph\":[{\"@type\":\"WebPage\",\"@id\":\"https:\\\/\\\/www.freebetsinfo.co.uk\\\/de\\\/thailand-online-buchmacher\\\/\",\"url\":\"https:\\\/\\\/www.freebetsinfo.co.uk\\\/de\\\/thailand-online-buchmacher\\\/\",\"name\":\"Thailand Online-Buchmacher , Beste Online-Buchmacher.\",\"isPartOf\":{\"@id\":\"https:\\\/\\\/www.freebetsinfo.co.uk\\\/de\\\/#website\"},\"datePublished\":\"2021-06-27T08:07:29+00:00\",\"dateModified\":\"2021-06-29T10:16:11+00:00\",\"description\":\"Thailand Online-Buchmacher ,Beste Online-Buchmacher. Wettangebote und Registrierungsboni. Buchmacher-Website. Vertrauensw\u00fcrdige Online-Buchmacher.\",\"breadcrumb\":{\"@id\":\"https:\\\/\\\/www.freebetsinfo.co.uk\\\/de\\\/thailand-online-buchmacher\\\/#breadcrumb\"},\"inLanguage\":\"de\",\"potentialAction\":[{\"@type\":\"ReadAction\",\"target\":[\"https:\\\/\\\/www.freebetsinfo.co.uk\\\/de\\\/thailand-online-buchmacher\\\/\"]}]},{\"@type\":\"BreadcrumbList\",\"@id\":\"https:\\\/\\\/www.freebetsinfo.co.uk\\\/de\\\/thailand-online-buchmacher\\\/#breadcrumb\",\"itemListElement\":[{\"@type\":\"ListItem\",\"position\":1,\"name\":\"Home\",\"item\":\"https:\\\/\\\/www.freebetsinfo.co.uk\\\/de\\\/\"},{\"@type\":\"ListItem\",\"position\":2,\"name\":\"Thailand Online-Buchmacher\"}]},{\"@type\":\"WebSite\",\"@id\":\"https:\\\/\\\/www.freebetsinfo.co.uk\\\/de\\\/#website\",\"url\":\"https:\\\/\\\/www.freebetsinfo.co.uk\\\/de\\\/\",\"name\":\"Kostenlose Sportwetten, Online Buchmacher Wettinfo\",\"description\":\"Beste Online-Wetten und Casino-Bonuscodes ohne Einzahlung! \u2705Top-Online-Wett-Seiten-Bewertungen, \u2705Beste Online-Casinos-Boni!\",\"potentialAction\":[{\"@type\":\"SearchAction\",\"target\":{\"@type\":\"EntryPoint\",\"urlTemplate\":\"https:\\\/\\\/www.freebetsinfo.co.uk\\\/de\\\/?s={search_term_string}\"},\"query-input\":{\"@type\":\"PropertyValueSpecification\",\"valueRequired\":true,\"valueName\":\"search_term_string\"}}],\"inLanguage\":\"de\"}]}<\/script>\n<!-- \/ Yoast SEO Premium plugin. -->","yoast_head_json":{"title":"Thailand Online-Buchmacher , Beste Online-Buchmacher.","description":"Thailand Online-Buchmacher ,Beste Online-Buchmacher. Wettangebote und Registrierungsboni. Buchmacher-Website. Vertrauensw\u00fcrdige Online-Buchmacher.","robots":{"index":"index","follow":"follow","max-snippet":"max-snippet:-1","max-image-preview":"max-image-preview:large","max-video-preview":"max-video-preview:-1"},"canonical":"https:\/\/www.freebetsinfo.co.uk\/de\/thailand-online-buchmacher\/","og_locale":"de_DE","og_type":"article","og_title":"Thailand Online-Buchmacher","og_description":"Thailand Online-Buchmacher ,Beste Online-Buchmacher. Wettangebote und Registrierungsboni. Buchmacher-Website. Vertrauensw\u00fcrdige Online-Buchmacher.","og_url":"https:\/\/www.freebetsinfo.co.uk\/de\/thailand-online-buchmacher\/","og_site_name":"Kostenlose Sportwetten, Online Buchmacher Wettinfo","article_modified_time":"2021-06-29T10:16:11+00:00","twitter_card":"summary_large_image","twitter_misc":{"Gesch\u00e4tzte Lesezeit":"3\u00a0Minuten"},"schema":{"@context":"https:\/\/schema.org","@graph":[{"@type":"WebPage","@id":"https:\/\/www.freebetsinfo.co.uk\/de\/thailand-online-buchmacher\/","url":"https:\/\/www.freebetsinfo.co.uk\/de\/thailand-online-buchmacher\/","name":"Thailand Online-Buchmacher , Beste Online-Buchmacher.","isPartOf":{"@id":"https:\/\/www.freebetsinfo.co.uk\/de\/#website"},"datePublished":"2021-06-27T08:07:29+00:00","dateModified":"2021-06-29T10:16:11+00:00","description":"Thailand Online-Buchmacher ,Beste Online-Buchmacher. Wettangebote und Registrierungsboni. Buchmacher-Website. Vertrauensw\u00fcrdige Online-Buchmacher.","breadcrumb":{"@id":"https:\/\/www.freebetsinfo.co.uk\/de\/thailand-online-buchmacher\/#breadcrumb"},"inLanguage":"de","potentialAction":[{"@type":"ReadAction","target":["https:\/\/www.freebetsinfo.co.uk\/de\/thailand-online-buchmacher\/"]}]},{"@type":"BreadcrumbList","@id":"https:\/\/www.freebetsinfo.co.uk\/de\/thailand-online-buchmacher\/#breadcrumb","itemListElement":[{"@type":"ListItem","position":1,"name":"Home","item":"https:\/\/www.freebetsinfo.co.uk\/de\/"},{"@type":"ListItem","position":2,"name":"Thailand Online-Buchmacher"}]},{"@type":"WebSite","@id":"https:\/\/www.freebetsinfo.co.uk\/de\/#website","url":"https:\/\/www.freebetsinfo.co.uk\/de\/","name":"Kostenlose Sportwetten, Online Buchmacher Wettinfo","description":"Beste Online-Wetten und Casino-Bonuscodes ohne Einzahlung! \u2705Top-Online-Wett-Seiten-Bewertungen, \u2705Beste Online-Casinos-Boni!","potentialAction":[{"@type":"SearchAction","target":{"@type":"EntryPoint","urlTemplate":"https:\/\/www.freebetsinfo.co.uk\/de\/?s={search_term_string}"},"query-input":{"@type":"PropertyValueSpecification","valueRequired":true,"valueName":"search_term_string"}}],"inLanguage":"de"}]}},"uagb_featured_image_src":{"full":false,"thumbnail":false,"medium":false,"medium_large":false,"large":false,"1536x1536":false,"2048x2048":false,"small":false,"custom-size":false},"uagb_author_info":{"display_name":"\u7ba1\u7406","author_link":"https:\/\/www.freebetsinfo.co.uk\/de\/author\/kdfl4q\/"},"uagb_comment_info":0,"uagb_excerpt":"Thailand Online-Buchmacher-Websites Thail\u00e4ndische Einwohner wollen auf Leichtathletik raten und tun dies dann, obwohl die Aktivit\u00e4t illegal wird. Gl\u00fccklicherweise gibt es mehrere zertifizierte und regierte Thailand Online-Buchmacher. Wenn Sie sich f\u00fcr das Genie\u00dfen entscheiden, stellen Sie sicher, dass die Website von einer bekannten Regulierungsbeh\u00f6rde kontrolliert wird, einschlie\u00dflich der You.K. Auszahlung der Wettprovision. Wenn Sie bereit sind,...&hellip;","_links":{"self":[{"href":"https:\/\/www.freebetsinfo.co.uk\/de\/wp-json\/wp\/v2\/pages\/30213","targetHints":{"allow":["GET"]}}],"collection":[{"href":"https:\/\/www.freebetsinfo.co.uk\/de\/wp-json\/wp\/v2\/pages"}],"about":[{"href":"https:\/\/www.freebetsinfo.co.uk\/de\/wp-json\/wp\/v2\/types\/page"}],"author":[{"embeddable":true,"href":"https:\/\/www.freebetsinfo.co.uk\/de\/wp-json\/wp\/v2\/users\/1"}],"replies":[{"embeddable":true,"href":"https:\/\/www.freebetsinfo.co.uk\/de\/wp-json\/wp\/v2\/comments?post=30213"}],"version-history":[{"count":0,"href":"https:\/\/www.freebetsinfo.co.uk\/de\/wp-json\/wp\/v2\/pages\/30213\/revisions"}],"wp:attachment":[{"href":"https:\/\/www.freebetsinfo.co.uk\/de\/wp-json\/wp\/v2\/media?parent=30213"}],"curies":[{"name":"wp","href":"https:\/\/api.w.org\/{rel}","templated":true}]}}