{"id":30953,"date":"2021-06-27T04:05:13","date_gmt":"2021-06-27T04:05:13","guid":{"rendered":"https:\/\/www.freebetsinfo.co.uk\/europa-buchmacher\/"},"modified":"2021-07-01T14:41:27","modified_gmt":"2021-07-01T14:41:27","slug":"europa-buchmacher","status":"publish","type":"page","link":"https:\/\/www.freebetsinfo.co.uk\/de\/europa-buchmacher\/","title":{"rendered":"Europa Buchmacher"},"content":{"rendered":"<h3><span style=\"color: #808080;\">Online Europa Buchmacher<\/span><\/h3>\n<p><span style=\"color: #808080;\">Im Internet scheint das Spielen von Tag zu Tag beliebter zu werden. Bei Europa Buchmachern. das wissen wir gut. Die \u00fcberm\u00e4\u00dfige Angst durch die sportlichen Online-Spiele, die schnellen Entscheidungen, weiterzuspielen, und das Risiko eines gro\u00dfen Gewinns\u2026 all dies sind ausgezeichnete Faktoren, die daf\u00fcr sorgen, dass Sportaktivit\u00e4ten mit Geld spielen. Aber bevor Sie anfangen, von diesem betr\u00e4chtlichen Geldbetrag zu tr\u00e4umen, m\u00fcssen Sie sich wie ein Spieler zuerst bei einem Buchmacher anmelden. Ein Buchmacher ist definitiv ein Internet-Gl\u00fccksspielunternehmen und garantiert, dass Sie von Ihrem Computer oder Mobiltelefon aus bei allen Arten von Turnieren und aufregenden Sportturnieren w\u00e4hlen k\u00f6nnen!<\/span><\/p>\n<h3><span style=\"color: #808080;\">W\u00e4hlen Sie die richtigen Europa-Buchmacher<\/span><\/h3>\n<p><span style=\"color: #808080;\">Risikofreies und legitimes Gl\u00fccksspiel ist nat\u00fcrlich von Bedeutung. Allerdings m\u00fcssen Sie auf zahlreiche Dinge achten. Aufgrund der Tatsache, welche Art von Wetten bietet ein Buchmacher an? Wie kann die Internet-Site arbeiten? Und wie h\u00f6her ist definitiv der zus\u00e4tzliche Bonus f\u00fcr brandneue Spieler? Dies ist sicherlich f\u00fcr jeden Buchmacher vielf\u00e4ltig. Aus diesem Grund ist es sinnvoll, sich erst einmal zu orientieren, bevor Sie sich entscheiden, sich irgendwo anzumelden.<\/span><\/p>\n<h3><span style=\"color: #808080;\">Auch wenn wir nicht entscheiden k\u00f6nnen, welcher Buchmacher f\u00fcr Ihre Option am besten geeignet ist.<\/span><\/h3>\n<p><span style=\"color: #808080;\">Studieren Sie daher sorgf\u00e4ltig unsere umfassenden Bewertungen und w\u00e4gen Sie alle Vor- und Nachteile ab. Nach unserer Erfahrung ist dies im Grunde die beste Strategie. Letztendlich konzentriert sich Ihre Suche nach einem perfekten Buchmacher auf eines: Was genau erhoffen Sie sich? Ein bestimmter Buchmacher schneidet in einer extra gro\u00dfen Sammlung (mit Asian Handicap und Three Way Handicap) wirklich gut ab. Ein anderer Buchmacher ist sehr stolz darauf, dass die Quoten h\u00f6her sind als bei vielen anderen Wettbewerben. Oder vielleicht m\u00f6chten Sie den besten zug\u00e4nglichen ermutigten Bonus nutzen.<\/span><\/p>\n<h3><span style=\"color: #808080;\">Attraktive Belohnungen f\u00fcr brandneue Spieler<\/span><\/h3>\n<p><span style=\"color: #808080;\">Unter den zahlreichen Buchmachern gibt es viele Konkurrenten. Ganz einfach: mit einer ordentlichen F\u00f6rderleistung. Fast alle Buchmacher bem\u00fchen sich, Sie mit einer auff\u00e4lligen Belohnung anzuziehen. Es ist oft auch ein 100% Bonus auf die anf\u00e4ngliche Anzahlung. Hier werden Sie nat\u00fcrlich eine Einschr\u00e4nkung entdecken. Bei vielen Buchmachern erhalten Sie beispielsweise maximal 50 \u20ac zus\u00e4tzlich, w\u00e4hrend andere Buchmacher die erste Anzahlung auf Ihre satten 250 \u20ac verdoppeln.<\/span><\/p>\n<h3><span style=\"color: #808080;\">Ein erh\u00f6hter Nutzen ist nat\u00fcrlich<\/span><\/h3>\n<p><span style=\"color: #808080;\">ein fantastisches erstes intro. Denn mit den hinzugef\u00fcgten 250 \u20ac k\u00f6nnen Sie sofort viele neue Wetten platzieren. Trotzdem d\u00fcrfen Sie sich von dieser Art von hoher Belohnung nicht blenden lassen. Bei vielen Buchmachern ist man zuf\u00e4llig gezwungen, das Belohnungsrundschreiben ein paar Mal zu erleben. Und auch daf\u00fcr hat man oft nur 3 Monate Zeit. Im n\u00e4chsten Zeitraum ist der Willkommensbonus abgelaufen. Ein hoher Nutzen ist ohne Frage reizvoll, aber lass dich nicht so sehr davon leiten<\/span><\/p>\n","protected":false},"excerpt":{"rendered":"Online Europa Buchmacher Im Internet scheint das Spielen von Tag zu Tag beliebter zu werden. Bei Europa Buchmachern. das wissen wir gut. Die \u00fcberm\u00e4\u00dfige Angst durch die sportlichen Online-Spiele, die schnellen Entscheidungen, weiterzuspielen, und das Risiko eines gro\u00dfen Gewinns\u2026 all dies sind ausgezeichnete Faktoren, die daf\u00fcr sorgen, dass Sportaktivit\u00e4ten mit Geld spielen. Aber bevor Sie&#8230; <a class=\"view-article\" href=\"https:\/\/www.freebetsinfo.co.uk\/de\/europa-buchmacher\/\">Artikel ansehen<\/a>","protected":false},"author":1,"featured_media":29394,"parent":0,"menu_order":0,"comment_status":"closed","ping_status":"closed","template":"europe-sports-page-template.php","meta":{"_uag_custom_page_level_css":"","footnotes":""},"class_list":["post-30953","page","type-page","status-publish","has-post-thumbnail","hentry"],"yoast_head":"<!-- This site is optimized with the Yoast SEO Premium plugin v19.5 (Yoast SEO v27.5) - https:\/\/yoast.com\/product\/yoast-seo-premium-wordpress\/ -->\n<title>Europa Buchmacher , Top Beste Online-Buchmacher-Sites.<\/title>\n<meta name=\"description\" content=\"Europa Buchmacher ,Top-Online-Gratiswetten-Angebote. Gratiswetten - kostenlose Fu\u00dfballwetten. Die besten Online-Buchmacherseiten in Europa.\" \/>\n<meta name=\"robots\" content=\"index, follow, max-snippet:-1, max-image-preview:large, max-video-preview:-1\" \/>\n<link rel=\"canonical\" href=\"https:\/\/www.freebetsinfo.co.uk\/de\/europa-buchmacher\/\" \/>\n<meta property=\"og:locale\" content=\"de_DE\" \/>\n<meta property=\"og:type\" content=\"article\" \/>\n<meta property=\"og:title\" content=\"Europa Buchmacher\" \/>\n<meta property=\"og:description\" content=\"Europa Buchmacher ,Top-Online-Gratiswetten-Angebote. Gratiswetten - kostenlose Fu\u00dfballwetten. Die besten Online-Buchmacherseiten in Europa.\" \/>\n<meta property=\"og:url\" content=\"https:\/\/www.freebetsinfo.co.uk\/de\/europa-buchmacher\/\" \/>\n<meta property=\"og:site_name\" content=\"Kostenlose Sportwetten, Online Buchmacher Wettinfo\" \/>\n<meta property=\"article:modified_time\" content=\"2021-07-01T14:41:27+00:00\" \/>\n<meta property=\"og:image\" content=\"https:\/\/www.freebetsinfo.co.uk\/wp-content\/uploads\/2021\/06\/Europe-1.png\" \/>\n\t<meta property=\"og:image:width\" content=\"302\" \/>\n\t<meta property=\"og:image:height\" content=\"220\" \/>\n\t<meta property=\"og:image:type\" content=\"image\/png\" \/>\n<meta name=\"twitter:card\" content=\"summary_large_image\" \/>\n<meta name=\"twitter:label1\" content=\"Gesch\u00e4tzte Lesezeit\" \/>\n\t<meta name=\"twitter:data1\" content=\"2\u00a0Minuten\" \/>\n<script type=\"application\/ld+json\" class=\"yoast-schema-graph\">{\"@context\":\"https:\\\/\\\/schema.org\",\"@graph\":[{\"@type\":\"WebPage\",\"@id\":\"https:\\\/\\\/www.freebetsinfo.co.uk\\\/de\\\/europa-buchmacher\\\/\",\"url\":\"https:\\\/\\\/www.freebetsinfo.co.uk\\\/de\\\/europa-buchmacher\\\/\",\"name\":\"Europa Buchmacher , Top Beste Online-Buchmacher-Sites.\",\"isPartOf\":{\"@id\":\"https:\\\/\\\/www.freebetsinfo.co.uk\\\/de\\\/#website\"},\"primaryImageOfPage\":{\"@id\":\"https:\\\/\\\/www.freebetsinfo.co.uk\\\/de\\\/europa-buchmacher\\\/#primaryimage\"},\"image\":{\"@id\":\"https:\\\/\\\/www.freebetsinfo.co.uk\\\/de\\\/europa-buchmacher\\\/#primaryimage\"},\"thumbnailUrl\":\"https:\\\/\\\/www.freebetsinfo.co.uk\\\/wp-content\\\/uploads\\\/2021\\\/06\\\/Europe-1.png\",\"datePublished\":\"2021-06-27T04:05:13+00:00\",\"dateModified\":\"2021-07-01T14:41:27+00:00\",\"description\":\"Europa Buchmacher ,Top-Online-Gratiswetten-Angebote. Gratiswetten - kostenlose Fu\u00dfballwetten. Die besten Online-Buchmacherseiten in Europa.\",\"breadcrumb\":{\"@id\":\"https:\\\/\\\/www.freebetsinfo.co.uk\\\/de\\\/europa-buchmacher\\\/#breadcrumb\"},\"inLanguage\":\"de\",\"potentialAction\":[{\"@type\":\"ReadAction\",\"target\":[\"https:\\\/\\\/www.freebetsinfo.co.uk\\\/de\\\/europa-buchmacher\\\/\"]}]},{\"@type\":\"ImageObject\",\"inLanguage\":\"de\",\"@id\":\"https:\\\/\\\/www.freebetsinfo.co.uk\\\/de\\\/europa-buchmacher\\\/#primaryimage\",\"url\":\"https:\\\/\\\/www.freebetsinfo.co.uk\\\/wp-content\\\/uploads\\\/2021\\\/06\\\/Europe-1.png\",\"contentUrl\":\"https:\\\/\\\/www.freebetsinfo.co.uk\\\/wp-content\\\/uploads\\\/2021\\\/06\\\/Europe-1.png\",\"width\":302,\"height\":220,\"caption\":\"Europa\"},{\"@type\":\"BreadcrumbList\",\"@id\":\"https:\\\/\\\/www.freebetsinfo.co.uk\\\/de\\\/europa-buchmacher\\\/#breadcrumb\",\"itemListElement\":[{\"@type\":\"ListItem\",\"position\":1,\"name\":\"Home\",\"item\":\"https:\\\/\\\/www.freebetsinfo.co.uk\\\/de\\\/\"},{\"@type\":\"ListItem\",\"position\":2,\"name\":\"Europa Buchmacher\"}]},{\"@type\":\"WebSite\",\"@id\":\"https:\\\/\\\/www.freebetsinfo.co.uk\\\/de\\\/#website\",\"url\":\"https:\\\/\\\/www.freebetsinfo.co.uk\\\/de\\\/\",\"name\":\"Kostenlose Sportwetten, Online Buchmacher Wettinfo\",\"description\":\"Beste Online-Wetten und Casino-Bonuscodes ohne Einzahlung! \u2705Top-Online-Wett-Seiten-Bewertungen, \u2705Beste Online-Casinos-Boni!\",\"potentialAction\":[{\"@type\":\"SearchAction\",\"target\":{\"@type\":\"EntryPoint\",\"urlTemplate\":\"https:\\\/\\\/www.freebetsinfo.co.uk\\\/de\\\/?s={search_term_string}\"},\"query-input\":{\"@type\":\"PropertyValueSpecification\",\"valueRequired\":true,\"valueName\":\"search_term_string\"}}],\"inLanguage\":\"de\"}]}<\/script>\n<!-- \/ Yoast SEO Premium plugin. -->","yoast_head_json":{"title":"Europa Buchmacher , Top Beste Online-Buchmacher-Sites.","description":"Europa Buchmacher ,Top-Online-Gratiswetten-Angebote. Gratiswetten - kostenlose Fu\u00dfballwetten. Die besten Online-Buchmacherseiten in Europa.","robots":{"index":"index","follow":"follow","max-snippet":"max-snippet:-1","max-image-preview":"max-image-preview:large","max-video-preview":"max-video-preview:-1"},"canonical":"https:\/\/www.freebetsinfo.co.uk\/de\/europa-buchmacher\/","og_locale":"de_DE","og_type":"article","og_title":"Europa Buchmacher","og_description":"Europa Buchmacher ,Top-Online-Gratiswetten-Angebote. Gratiswetten - kostenlose Fu\u00dfballwetten. Die besten Online-Buchmacherseiten in Europa.","og_url":"https:\/\/www.freebetsinfo.co.uk\/de\/europa-buchmacher\/","og_site_name":"Kostenlose Sportwetten, Online Buchmacher Wettinfo","article_modified_time":"2021-07-01T14:41:27+00:00","og_image":[{"width":302,"height":220,"url":"https:\/\/www.freebetsinfo.co.uk\/wp-content\/uploads\/2021\/06\/Europe-1.png","type":"image\/png"}],"twitter_card":"summary_large_image","twitter_misc":{"Gesch\u00e4tzte Lesezeit":"2\u00a0Minuten"},"schema":{"@context":"https:\/\/schema.org","@graph":[{"@type":"WebPage","@id":"https:\/\/www.freebetsinfo.co.uk\/de\/europa-buchmacher\/","url":"https:\/\/www.freebetsinfo.co.uk\/de\/europa-buchmacher\/","name":"Europa Buchmacher , Top Beste Online-Buchmacher-Sites.","isPartOf":{"@id":"https:\/\/www.freebetsinfo.co.uk\/de\/#website"},"primaryImageOfPage":{"@id":"https:\/\/www.freebetsinfo.co.uk\/de\/europa-buchmacher\/#primaryimage"},"image":{"@id":"https:\/\/www.freebetsinfo.co.uk\/de\/europa-buchmacher\/#primaryimage"},"thumbnailUrl":"https:\/\/www.freebetsinfo.co.uk\/wp-content\/uploads\/2021\/06\/Europe-1.png","datePublished":"2021-06-27T04:05:13+00:00","dateModified":"2021-07-01T14:41:27+00:00","description":"Europa Buchmacher ,Top-Online-Gratiswetten-Angebote. Gratiswetten - kostenlose Fu\u00dfballwetten. Die besten Online-Buchmacherseiten in Europa.","breadcrumb":{"@id":"https:\/\/www.freebetsinfo.co.uk\/de\/europa-buchmacher\/#breadcrumb"},"inLanguage":"de","potentialAction":[{"@type":"ReadAction","target":["https:\/\/www.freebetsinfo.co.uk\/de\/europa-buchmacher\/"]}]},{"@type":"ImageObject","inLanguage":"de","@id":"https:\/\/www.freebetsinfo.co.uk\/de\/europa-buchmacher\/#primaryimage","url":"https:\/\/www.freebetsinfo.co.uk\/wp-content\/uploads\/2021\/06\/Europe-1.png","contentUrl":"https:\/\/www.freebetsinfo.co.uk\/wp-content\/uploads\/2021\/06\/Europe-1.png","width":302,"height":220,"caption":"Europa"},{"@type":"BreadcrumbList","@id":"https:\/\/www.freebetsinfo.co.uk\/de\/europa-buchmacher\/#breadcrumb","itemListElement":[{"@type":"ListItem","position":1,"name":"Home","item":"https:\/\/www.freebetsinfo.co.uk\/de\/"},{"@type":"ListItem","position":2,"name":"Europa Buchmacher"}]},{"@type":"WebSite","@id":"https:\/\/www.freebetsinfo.co.uk\/de\/#website","url":"https:\/\/www.freebetsinfo.co.uk\/de\/","name":"Kostenlose Sportwetten, Online Buchmacher Wettinfo","description":"Beste Online-Wetten und Casino-Bonuscodes ohne Einzahlung! \u2705Top-Online-Wett-Seiten-Bewertungen, \u2705Beste Online-Casinos-Boni!","potentialAction":[{"@type":"SearchAction","target":{"@type":"EntryPoint","urlTemplate":"https:\/\/www.freebetsinfo.co.uk\/de\/?s={search_term_string}"},"query-input":{"@type":"PropertyValueSpecification","valueRequired":true,"valueName":"search_term_string"}}],"inLanguage":"de"}]}},"uagb_featured_image_src":{"full":["https:\/\/www.freebetsinfo.co.uk\/wp-content\/uploads\/2021\/06\/Europe-1.png",302,220,false],"thumbnail":["https:\/\/www.freebetsinfo.co.uk\/wp-content\/uploads\/2021\/06\/Europe-1-150x150.png",150,150,true],"medium":["https:\/\/www.freebetsinfo.co.uk\/wp-content\/uploads\/2021\/06\/Europe-1-250x182.png",250,182,true],"medium_large":["https:\/\/www.freebetsinfo.co.uk\/wp-content\/uploads\/2021\/06\/Europe-1.png",302,220,false],"large":["https:\/\/www.freebetsinfo.co.uk\/wp-content\/uploads\/2021\/06\/Europe-1.png",302,220,false],"1536x1536":["https:\/\/www.freebetsinfo.co.uk\/wp-content\/uploads\/2021\/06\/Europe-1.png",302,220,false],"2048x2048":["https:\/\/www.freebetsinfo.co.uk\/wp-content\/uploads\/2021\/06\/Europe-1.png",302,220,false],"small":["https:\/\/www.freebetsinfo.co.uk\/wp-content\/uploads\/2021\/06\/Europe-1-120x87.png",120,87,true],"custom-size":["https:\/\/www.freebetsinfo.co.uk\/wp-content\/uploads\/2021\/06\/Europe-1-302x200.png",302,200,true]},"uagb_author_info":{"display_name":"\u7ba1\u7406","author_link":"https:\/\/www.freebetsinfo.co.uk\/de\/author\/kdfl4q\/"},"uagb_comment_info":0,"uagb_excerpt":"Online Europa Buchmacher Im Internet scheint das Spielen von Tag zu Tag beliebter zu werden. Bei Europa Buchmachern. das wissen wir gut. Die \u00fcberm\u00e4\u00dfige Angst durch die sportlichen Online-Spiele, die schnellen Entscheidungen, weiterzuspielen, und das Risiko eines gro\u00dfen Gewinns\u2026 all dies sind ausgezeichnete Faktoren, die daf\u00fcr sorgen, dass Sportaktivit\u00e4ten mit Geld spielen. Aber bevor Sie...&hellip;","_links":{"self":[{"href":"https:\/\/www.freebetsinfo.co.uk\/de\/wp-json\/wp\/v2\/pages\/30953","targetHints":{"allow":["GET"]}}],"collection":[{"href":"https:\/\/www.freebetsinfo.co.uk\/de\/wp-json\/wp\/v2\/pages"}],"about":[{"href":"https:\/\/www.freebetsinfo.co.uk\/de\/wp-json\/wp\/v2\/types\/page"}],"author":[{"embeddable":true,"href":"https:\/\/www.freebetsinfo.co.uk\/de\/wp-json\/wp\/v2\/users\/1"}],"replies":[{"embeddable":true,"href":"https:\/\/www.freebetsinfo.co.uk\/de\/wp-json\/wp\/v2\/comments?post=30953"}],"version-history":[{"count":0,"href":"https:\/\/www.freebetsinfo.co.uk\/de\/wp-json\/wp\/v2\/pages\/30953\/revisions"}],"wp:featuredmedia":[{"embeddable":true,"href":"https:\/\/www.freebetsinfo.co.uk\/de\/wp-json\/wp\/v2\/media\/29394"}],"wp:attachment":[{"href":"https:\/\/www.freebetsinfo.co.uk\/de\/wp-json\/wp\/v2\/media?parent=30953"}],"curies":[{"name":"wp","href":"https:\/\/api.w.org\/{rel}","templated":true}]}}