{"id":2323,"date":"2019-10-23T12:50:40","date_gmt":"2019-10-23T12:50:40","guid":{"rendered":"https:\/\/www.freebetsinfo.co.uk\/ofertas-de-apuestas\/"},"modified":"2021-06-29T06:08:52","modified_gmt":"2021-06-29T06:08:52","slug":"ofertas-de-apuestas","status":"publish","type":"page","link":"https:\/\/www.freebetsinfo.co.uk\/es\/ofertas-de-apuestas\/","title":{"rendered":"Ofertas de apuestas"},"content":{"rendered":"<h3><span style=\"color: #808080;\"><strong>Las apuestas ofrecen Reino Unido<\/strong><\/span><\/h3>\n<p><span style=\"color: #808080;\">Por \u00faltimo<a style=\"color: #808080;\" href=\"https:\/\/www.freebetsinfo.co.uk\/es\/ofertas-de-apuestas\/\"> ofertas de apuestas<\/a> Nos esforzamos por crearle todas las ofertas de sitios web de juegos de apuestas m\u00e1s efectivas, y provenientes de todas las actividades deportivas m\u00e1s importantes del Reino Unido.<a style=\"color: #808080;\" href=\"https:\/\/www.freebetsinfo.co.uk\/es\/nuevas-casas-de-apuestas\/\"> casas de apuestas<\/a> . Cada vez que nos informamos de una oferta de un sitio web de apuestas, le proporcionamos un cambio completo para asegurarnos de que sea justa, y este es el verdadero negocio.<\/span><\/p>\n<p>&nbsp;<\/p>\n<p><span style=\"color: #808080;\">Tambi\u00e9n ofrecemos testimonios de las mejores publicaciones de actividades deportivas del Reino Unido, examinando cada parte de Internet.<a style=\"color: #808080;\" href=\"https:\/\/www.freebetbest.com\"> corredor de apuestas<\/a> y prestando especial atenci\u00f3n a las caracter\u00edsticas que creemos cruciales, como la variedad de actividades deportivas que se ofrecen para apostar. Por ejemplo, entendemos que a los apostadores deportivos de Gran Breta\u00f1a les gusta su f\u00fatbol, por eso nos encantan los sitios con muchas ofertas relacionadas con el f\u00fatbol.<\/span><\/p>\n<h2><span style=\"color: #808080;\"><strong><a style=\"color: #808080;\" href=\"https:\/\/www.freebetsinfo.co.uk\/es\/ofertas-de-apuestas\/\">Ofertas de apuestas<\/a> Ofertas para nuevos clientes<\/strong><\/span><\/h2>\n<p><span style=\"color: #808080;\">Otras ofertas consisten en apuestas sin riesgo, que pueden ser donde en la web la reserva de actividades deportivas reembolsar\u00e1 la primera apuesta como fondos de apuesta gratuita cuando se trata de perder una. Algunas casas de apuestas optan por un bono de pago inicial igualado, exactamente donde el primer pago inicial se iguala tanto como un l\u00edmite m\u00e1s alto con dinero de apuesta gratis que usted puede apostar libremente en cualquier evento o mercado.<\/span><\/p>\n<p><span style=\"color: #808080;\">Revisamos todas las bonificaciones para nuevos clientes disponibles en las publicaciones de actividades deportivas en Internet y las publicamos a continuaci\u00f3n, para que nunca pase por alto una sola oferta.<\/span><\/p>\n<h3><span style=\"color: #808080;\">Una transacci\u00f3n t\u00edpica. Es una oferta de apuestas gratis<\/span><\/h3>\n<p><span style=\"color: #808080;\">Si est\u00e1s en apuestas deportivas online. Deposita una cierta cantidad. Como primer dep\u00f3sito, y la casa de apuestas lo pagar\u00e1. Se iguala el capital de apuestas gratuitas del mismo valor. Para obtener una peque\u00f1a bonificaci\u00f3n adicional, esta es una prueba. La forma ideal para las empresas de apuestas deportivas en l\u00ednea porque solo necesita una peque\u00f1a cantidad de su propio dinero en efectivo.<\/span><\/p>\n<h3><span style=\"color: #808080;\">Otras transacciones incluyen apuestas sin riesgo y apuestas deportivas en l\u00ednea si pierde.<\/span><\/h3>\n<p><span style=\"color: #808080;\"> Se reembolsar\u00e1 su primera apuesta. Como apuesta gratis. Algunas casas de apuestas optan por coordinarse. Paga como recompensa, el pago inicial es equivalente al l\u00edmite m\u00e1ximo, no hay flujo de caja del juego, puedes apostar en cualquier ocasi\u00f3n o mercado.<\/span><\/p>\n<p><span style=\"color: #808080;\">Utilizamos actividades deportivas online. Conozca las recompensas para todos los nuevos clientes y comp\u00e1rtalas a continuaci\u00f3n para que no se lo pierda. Cualquier entrega.<\/span><\/p>\n<h3><span style=\"color: #808080;\">T\u00e9rminos y condiciones frecuentes<\/span><\/h3>\n<p><span style=\"color: #808080;\">Hemos se\u00f1alado &#8216;<a style=\"color: #808080;\" href=\"https:\/\/www.freebetsinfo.co.uk\/es\/apuesta-gratuita\/\"> apuestas gratis<\/a> &#8216;terminado, y aunque el efectivo que obtiene en este tipo de acuerdos es gratuito, no es el tipo de efectivo que puede retirar f\u00e1cilmente de su cuenta y gastarlo como desee. Usted est\u00e1<\/span><\/p>\n<p><span style=\"color: #808080;\">Use dinero en efectivo gratis para hacer una apuesta, y cuando su apuesta est\u00e9 liquidada, cualquier bonificaci\u00f3n por ella.<\/span><\/p>\n<p><span style=\"color: #808080;\">Puede utilizar apuestas gratuitas. El tipo de apuesta tambi\u00e9n puede estar restringido, y esta es precisamente una apuesta aprobada. Por ejemplo, supongamos que una reserva deportiva ejecuta una campa\u00f1a de marketing, en la que debe apostar 10 \u20ac y obtendr\u00e1 una apuesta gratuita de 10 \u20ac. En los t\u00e9rminos y condiciones, puede encontrar lo que se clasifica como \u00abprobabilidades m\u00e1s bajas\u00bb.<\/span><\/p>\n<h3><span style=\"color: #808080;\">Estas son las probabilidades m\u00ednimas que necesita para apostar para que sus apuestas aprobadas realmente se sumen para obtener descuentos en apuestas gratis.<\/span><\/h3>\n<p><span style=\"color: #808080;\">Apostar es completamente gratis. Por lo general, no dura y se proporciona cuando te registras. Ayudarle a calificar para las apuestas. Si no es pronto. Si realiza suficientes apuestas que no ha especificado, sus apuestas gratuitas se cancelar\u00e1n. En conclusi\u00f3n, es de uso gratuito dentro del per\u00edodo de tiempo y se eliminar\u00e1 de su cuenta.<\/span><\/p>\n<h3><span style=\"color: #808080;\">\u00bfBusca muchas m\u00e1s ofertas y promociones de bonificaci\u00f3n? <\/span><\/h3>\n<p><span style=\"color: #808080;\">Los nuevos corredores de apuestas aparecen regularmente en el Reino Unido, utilizando su propio grupo de excelentes ofertas. Dir\u00edgete a nuestro<a style=\"color: #808080;\" href=\"https:\/\/www.freebetsinfo.co.uk\/es\/nuevas-casas-de-apuestas\/\"> nuevas casas de apuestas<\/a> web para ver todos los operadores m\u00e1s nuevos, en conclusi\u00f3n, completar con los detalles de su oferta de bienvenida y nuestra revisi\u00f3n de su art\u00edculo completo.<\/span><\/p>\n","protected":false},"excerpt":{"rendered":"Las apuestas ofrecen Reino Unido Por \u00faltimo ofertas de apuestas Nos esforzamos por crearle todas las ofertas de sitios web de juegos de apuestas m\u00e1s efectivas, y provenientes de todas las actividades deportivas m\u00e1s importantes del Reino Unido. casas de apuestas . Cada vez que nos informamos de una oferta de un sitio web de&#8230; <a class=\"view-article\" href=\"https:\/\/www.freebetsinfo.co.uk\/es\/ofertas-de-apuestas\/\">Ver art\u00edculo<\/a>","protected":false},"author":1,"featured_media":0,"parent":0,"menu_order":0,"comment_status":"closed","ping_status":"closed","template":"offers-page-template.php","meta":{"_uag_custom_page_level_css":"","footnotes":""},"class_list":["post-2323","page","type-page","status-publish","hentry"],"yoast_head":"<!-- This site is optimized with the Yoast SEO Premium plugin v19.5 (Yoast SEO v27.3) - https:\/\/yoast.com\/product\/yoast-seo-premium-wordpress\/ -->\n<title>\u00daltimas ofertas de apuestas: obtenga promociones diarias en las librer\u00edas del Reino Unido,<\/title>\n<meta name=\"description\" content=\"Obtenga las \u00faltimas ofertas de apuestas de todas las casas de apuestas del Reino Unido en este sitio sobre las \u00faltimas ofertas de apuestas. Enviamos ofertas especiales diarias.\" \/>\n<meta name=\"robots\" content=\"index, follow, max-snippet:-1, max-image-preview:large, max-video-preview:-1\" \/>\n<link rel=\"canonical\" href=\"https:\/\/www.freebetsinfo.co.uk\/es\/ofertas-de-apuestas\/\" \/>\n<meta property=\"og:locale\" content=\"es_ES\" \/>\n<meta property=\"og:type\" content=\"article\" \/>\n<meta property=\"og:title\" content=\"Ofertas de apuestas\" \/>\n<meta property=\"og:description\" content=\"Obtenga las \u00faltimas ofertas de apuestas de todas las casas de apuestas del Reino Unido en este sitio sobre las \u00faltimas ofertas de apuestas. Enviamos ofertas especiales diarias.\" \/>\n<meta property=\"og:url\" content=\"https:\/\/www.freebetsinfo.co.uk\/es\/ofertas-de-apuestas\/\" \/>\n<meta property=\"og:site_name\" content=\"Apuestas deportivas gratis, Apuestas en l\u00ednea Informaci\u00f3n de apuestas\" \/>\n<meta property=\"article:modified_time\" content=\"2021-06-29T06:08:52+00:00\" \/>\n<meta name=\"twitter:card\" content=\"summary_large_image\" \/>\n<meta name=\"twitter:label1\" content=\"Tiempo de lectura\" \/>\n\t<meta name=\"twitter:data1\" content=\"4 minutos\" \/>\n<script type=\"application\/ld+json\" class=\"yoast-schema-graph\">{\"@context\":\"https:\\\/\\\/schema.org\",\"@graph\":[{\"@type\":\"WebPage\",\"@id\":\"https:\\\/\\\/www.freebetsinfo.co.uk\\\/es\\\/ofertas-de-apuestas\\\/\",\"url\":\"https:\\\/\\\/www.freebetsinfo.co.uk\\\/es\\\/ofertas-de-apuestas\\\/\",\"name\":\"\u00daltimas ofertas de apuestas: obtenga promociones diarias en las librer\u00edas del Reino Unido,\",\"isPartOf\":{\"@id\":\"https:\\\/\\\/www.freebetsinfo.co.uk\\\/es\\\/#website\"},\"datePublished\":\"2019-10-23T12:50:40+00:00\",\"dateModified\":\"2021-06-29T06:08:52+00:00\",\"description\":\"Obtenga las \u00faltimas ofertas de apuestas de todas las casas de apuestas del Reino Unido en este sitio sobre las \u00faltimas ofertas de apuestas. Enviamos ofertas especiales diarias.\",\"breadcrumb\":{\"@id\":\"https:\\\/\\\/www.freebetsinfo.co.uk\\\/es\\\/ofertas-de-apuestas\\\/#breadcrumb\"},\"inLanguage\":\"es\",\"potentialAction\":[{\"@type\":\"ReadAction\",\"target\":[\"https:\\\/\\\/www.freebetsinfo.co.uk\\\/es\\\/ofertas-de-apuestas\\\/\"]}]},{\"@type\":\"BreadcrumbList\",\"@id\":\"https:\\\/\\\/www.freebetsinfo.co.uk\\\/es\\\/ofertas-de-apuestas\\\/#breadcrumb\",\"itemListElement\":[{\"@type\":\"ListItem\",\"position\":1,\"name\":\"Home\",\"item\":\"https:\\\/\\\/www.freebetsinfo.co.uk\\\/es\\\/\"},{\"@type\":\"ListItem\",\"position\":2,\"name\":\"Ofertas de apuestas\"}]},{\"@type\":\"WebSite\",\"@id\":\"https:\\\/\\\/www.freebetsinfo.co.uk\\\/es\\\/#website\",\"url\":\"https:\\\/\\\/www.freebetsinfo.co.uk\\\/es\\\/\",\"name\":\"Apuestas deportivas gratis, Apuestas en l\u00ednea Informaci\u00f3n de apuestas\",\"description\":\"Apuestas en l\u00ednea y c\u00f3digos de bonificaci\u00f3n de dep\u00f3sito sin casino! \u2705Los mejores sitios de apuestas en l\u00ednea Comentarios, \u2705Bonos de casinos en l\u00ednea!\",\"potentialAction\":[{\"@type\":\"SearchAction\",\"target\":{\"@type\":\"EntryPoint\",\"urlTemplate\":\"https:\\\/\\\/www.freebetsinfo.co.uk\\\/es\\\/?s={search_term_string}\"},\"query-input\":{\"@type\":\"PropertyValueSpecification\",\"valueRequired\":true,\"valueName\":\"search_term_string\"}}],\"inLanguage\":\"es\"}]}<\/script>\n<!-- \/ Yoast SEO Premium plugin. -->","yoast_head_json":{"title":"\u00daltimas ofertas de apuestas: obtenga promociones diarias en las librer\u00edas del Reino Unido,","description":"Obtenga las \u00faltimas ofertas de apuestas de todas las casas de apuestas del Reino Unido en este sitio sobre las \u00faltimas ofertas de apuestas. Enviamos ofertas especiales diarias.","robots":{"index":"index","follow":"follow","max-snippet":"max-snippet:-1","max-image-preview":"max-image-preview:large","max-video-preview":"max-video-preview:-1"},"canonical":"https:\/\/www.freebetsinfo.co.uk\/es\/ofertas-de-apuestas\/","og_locale":"es_ES","og_type":"article","og_title":"Ofertas de apuestas","og_description":"Obtenga las \u00faltimas ofertas de apuestas de todas las casas de apuestas del Reino Unido en este sitio sobre las \u00faltimas ofertas de apuestas. Enviamos ofertas especiales diarias.","og_url":"https:\/\/www.freebetsinfo.co.uk\/es\/ofertas-de-apuestas\/","og_site_name":"Apuestas deportivas gratis, Apuestas en l\u00ednea Informaci\u00f3n de apuestas","article_modified_time":"2021-06-29T06:08:52+00:00","twitter_card":"summary_large_image","twitter_misc":{"Tiempo de lectura":"4 minutos"},"schema":{"@context":"https:\/\/schema.org","@graph":[{"@type":"WebPage","@id":"https:\/\/www.freebetsinfo.co.uk\/es\/ofertas-de-apuestas\/","url":"https:\/\/www.freebetsinfo.co.uk\/es\/ofertas-de-apuestas\/","name":"\u00daltimas ofertas de apuestas: obtenga promociones diarias en las librer\u00edas del Reino Unido,","isPartOf":{"@id":"https:\/\/www.freebetsinfo.co.uk\/es\/#website"},"datePublished":"2019-10-23T12:50:40+00:00","dateModified":"2021-06-29T06:08:52+00:00","description":"Obtenga las \u00faltimas ofertas de apuestas de todas las casas de apuestas del Reino Unido en este sitio sobre las \u00faltimas ofertas de apuestas. Enviamos ofertas especiales diarias.","breadcrumb":{"@id":"https:\/\/www.freebetsinfo.co.uk\/es\/ofertas-de-apuestas\/#breadcrumb"},"inLanguage":"es","potentialAction":[{"@type":"ReadAction","target":["https:\/\/www.freebetsinfo.co.uk\/es\/ofertas-de-apuestas\/"]}]},{"@type":"BreadcrumbList","@id":"https:\/\/www.freebetsinfo.co.uk\/es\/ofertas-de-apuestas\/#breadcrumb","itemListElement":[{"@type":"ListItem","position":1,"name":"Home","item":"https:\/\/www.freebetsinfo.co.uk\/es\/"},{"@type":"ListItem","position":2,"name":"Ofertas de apuestas"}]},{"@type":"WebSite","@id":"https:\/\/www.freebetsinfo.co.uk\/es\/#website","url":"https:\/\/www.freebetsinfo.co.uk\/es\/","name":"Apuestas deportivas gratis, Apuestas en l\u00ednea Informaci\u00f3n de apuestas","description":"Apuestas en l\u00ednea y c\u00f3digos de bonificaci\u00f3n de dep\u00f3sito sin casino! \u2705Los mejores sitios de apuestas en l\u00ednea Comentarios, \u2705Bonos de casinos en l\u00ednea!","potentialAction":[{"@type":"SearchAction","target":{"@type":"EntryPoint","urlTemplate":"https:\/\/www.freebetsinfo.co.uk\/es\/?s={search_term_string}"},"query-input":{"@type":"PropertyValueSpecification","valueRequired":true,"valueName":"search_term_string"}}],"inLanguage":"es"}]}},"uagb_featured_image_src":{"full":false,"thumbnail":false,"medium":false,"medium_large":false,"large":false,"1536x1536":false,"2048x2048":false,"small":false,"custom-size":false},"uagb_author_info":{"display_name":"\u7ba1\u7406","author_link":"https:\/\/www.freebetsinfo.co.uk\/es\/author\/kdfl4q\/"},"uagb_comment_info":0,"uagb_excerpt":"Las apuestas ofrecen Reino Unido Por \u00faltimo ofertas de apuestas Nos esforzamos por crearle todas las ofertas de sitios web de juegos de apuestas m\u00e1s efectivas, y provenientes de todas las actividades deportivas m\u00e1s importantes del Reino Unido. casas de apuestas . Cada vez que nos informamos de una oferta de un sitio web de...&hellip;","_links":{"self":[{"href":"https:\/\/www.freebetsinfo.co.uk\/es\/wp-json\/wp\/v2\/pages\/2323","targetHints":{"allow":["GET"]}}],"collection":[{"href":"https:\/\/www.freebetsinfo.co.uk\/es\/wp-json\/wp\/v2\/pages"}],"about":[{"href":"https:\/\/www.freebetsinfo.co.uk\/es\/wp-json\/wp\/v2\/types\/page"}],"author":[{"embeddable":true,"href":"https:\/\/www.freebetsinfo.co.uk\/es\/wp-json\/wp\/v2\/users\/1"}],"replies":[{"embeddable":true,"href":"https:\/\/www.freebetsinfo.co.uk\/es\/wp-json\/wp\/v2\/comments?post=2323"}],"version-history":[{"count":0,"href":"https:\/\/www.freebetsinfo.co.uk\/es\/wp-json\/wp\/v2\/pages\/2323\/revisions"}],"wp:attachment":[{"href":"https:\/\/www.freebetsinfo.co.uk\/es\/wp-json\/wp\/v2\/media?parent=2323"}],"curies":[{"name":"wp","href":"https:\/\/api.w.org\/{rel}","templated":true}]}}