{"id":2345,"date":"2019-10-23T13:01:31","date_gmt":"2019-10-23T13:01:31","guid":{"rendered":"https:\/\/www.freebetsinfo.co.uk\/ofertas-de-apuestas\/bono-dafabet-150primer-deposito\/"},"modified":"2019-10-23T13:01:36","modified_gmt":"2019-10-23T13:01:36","slug":"bono-dafabet-150primer-deposito","status":"publish","type":"page","link":"https:\/\/www.freebetsinfo.co.uk\/es\/ofertas-de-apuestas\/bono-dafabet-150primer-deposito\/","title":{"rendered":"Bono DaFabet 150Primer Dep\u00f3sito"},"content":{"rendered":"&#013;\n<h2><strong><a href=\"https:\/\/www.freebetsinfo.co.uk\/go\/dafabet\">DaFabet<\/a> How it works<\/strong><\/h2>&#013;\n&#013;\n<ul class=\"wp-block-list\"><li><a href=\"https:\/\/www.freebetsinfo.co.uk\/go\/dafabet\">DaFabet<\/a> Abre una cuenta con las actividades de Dafa Sporting. Es simple y r\u00e1pido. Los jugadores presentes tambi\u00e9n pueden cambiar inmediatamente para calificar para esta FDB, siempre que sea la transacci\u00f3n inicial.<\/li>&#013;\n<li>Cree un anticipo de al menos 30 RM o tal vez m\u00e1s para obtener el beneficio. Consulte nuestras opciones de transacciones disponibles.<\/li>&#013;\n<li>En el primer dep\u00f3sito, notar\u00e1 que una industria de c\u00f3digo del Programa de bonos adicional se ha ofrecido en el cajero con un resumen de los requisitos de beneficios accesibles de FDB que puede seleccionar.<\/li>&#013;\n<li>Elige las reglas de bonificaci\u00f3n a\u00f1adidas preferidas a continuaci\u00f3n para elegir qu\u00e9 oferta de paquete de FDB te gustar\u00eda afectar a tu primer pago inicial. Haga clic en \u00abPago inicial\u00bb para continuar con el pago inicial y ser reconocido al instante junto con su bono elegido del primer dep\u00f3sito a\u00f1adido.<\/li>&#013;\n<\/ul>&#013;\n<p><strong><a href=\"https:\/\/www.freebetsinfo.co.uk\/go\/dafabet\">DaFabet<\/a> Los c\u00f3digos promocionales de bonificaci\u00f3n de pago inicial se\u00f1alados en esta p\u00e1gina s\u00f3lo se pueden aplicar a trav\u00e9s de cajero al realizar su pago inicial. La acumulaci\u00f3n realizada sin los requisitos de beneficios correspondientes perder\u00e1 autom\u00e1ticamente la elegibilidad para obtenerlos. No hay bonificaci\u00f3n de gu\u00eda para la construcci\u00f3n inicial se puede entretener.<\/strong>.<\/p>&#013;\n&#013;\n<p><strong>Condiciones y t\u00e9rminos completos<\/strong><\/p>&#013;\n&#013;\n<ul class=\"wp-block-list\"><li>El volumen de negocios del bono depende del bono elegido y de las apuestas en cuotas 1.50 y superiores.<\/li>&#013;\n<li>Para cumplir con los requisitos, realice como m\u00ednimo el pago inicial RM30 (1 mBTC).<\/li>&#013;\n<li>Esta publicidad solo se puede obtener para los titulares de cuentas de divisas RM. Si no es titular de una cuenta bancaria en moneda extranjera rm, aseg\u00farese de ponerse en contacto con CS para obtener informaci\u00f3n de marketing en su moneda.<\/li>&#013;\n<li>reembolsado, reembolsado y las apuestas realizadas en la apuesta Jackpot y Virtuals no va a contar para ning\u00fan c\u00e1lculo de condici\u00f3n de apuesta. Las apuestas de dinero fuera no se tendr\u00e1n en cuenta en el c\u00e1lculo de las apuestas. Sorteo y anulado<\/li>&#013;\n<li>Justo despu\u00e9s de que se reclame el bono a\u00f1adido, el jugador no podr\u00e1 detener o retirar el bono que se ha reconocido en la cuenta bancaria de Dafabet. Los participantes deben totalizar la necesidad de apuesta para hacer un retiro. Ejemplo: el jugador de pelota selecciona 150Percent FDB aproximadamente RM 450 (10 mBTC). Para activar la opci\u00f3n de retiro, los clientes deben transferir el primer pago inicial, as\u00ed como el dinero del beneficio 10 veces en las cuotas 1.50 y m\u00e1s. Si el anticipo inicial es de 100 RM (2,20 mBTC), el cliente tendr\u00e1 que producir un rollover de 100+150 x 250 x 10 a RM 2.500 (55 mBTC) en las cuotas 1.50 o superior.<\/li>&#013;\n<li>Inicialmente el beneficio de anticipo tiene un vencimiento de 45 veces. Una vez a\u00f1adido el bono, las ganancias y el caducado probablemente se revertir\u00e1n.<\/li>&#013;\n<li>Es posible que se recomiende a los participantes obtener una buena identificaci\u00f3n, as\u00ed como un n\u00famero de tel\u00e9fono de trabajo para que pueda sacarlo.<\/li>&#013;\n<li>Las personas para cualquier beneficio de FirstPago no ser\u00e1n calificadas para ning\u00fan incentivo o reembolso hasta que se haya completado el requisito de apuesta.<\/li>&#013;\n<li>Tenga en cuenta que los ideales mBTC est\u00e1n sujetos a variaciones.<\/li>&#013;\n<li>Se aplican los T\u00e9rminos y condiciones comunes de publicidad.<\/li>&#013;\n<\/ul>&#013;\n<p>\u00a0<\/p>&#013;\n","protected":false},"excerpt":{"rendered":"\u00a1Recibe hasta 20 mBTC en tu primer dep\u00f3sito de Bitcoin!","protected":false},"author":1,"featured_media":2347,"parent":2323,"menu_order":0,"comment_status":"closed","ping_status":"closed","template":"single-offer-template.php","meta":{"_uag_custom_page_level_css":"","footnotes":""},"class_list":["post-2345","page","type-page","status-publish","has-post-thumbnail","hentry"],"yoast_head":"<!-- This site is optimized with the Yoast SEO Premium plugin v19.5 (Yoast SEO v27.3) - https:\/\/yoast.com\/product\/yoast-seo-premium-wordpress\/ -->\n<title>Bono DaFabet 150Primer Dep\u00f3sito , Bono de registro de nuevo cliente.<\/title>\n<meta name=\"description\" content=\"Bono DaFabet 150Primer Dep\u00f3sito , Nuevo bono de registro de cliente, Recibir hasta 20 mBTC en su primer dep\u00f3sito Bitcoin! Reg\u00edstrese en el c\u00f3digo de bonificaci\u00f3n.\" \/>\n<meta name=\"robots\" content=\"index, follow, max-snippet:-1, max-image-preview:large, max-video-preview:-1\" \/>\n<link rel=\"canonical\" href=\"https:\/\/www.freebetsinfo.co.uk\/es\/ofertas-de-apuestas\/bono-dafabet-150primer-deposito\/\" \/>\n<meta property=\"og:locale\" content=\"es_ES\" \/>\n<meta property=\"og:type\" content=\"article\" \/>\n<meta property=\"og:title\" content=\"Bono DaFabet 150Primer Dep\u00f3sito\" \/>\n<meta property=\"og:description\" content=\"Bono DaFabet 150Primer Dep\u00f3sito , Nuevo bono de registro de cliente, Recibir hasta 20 mBTC en su primer dep\u00f3sito Bitcoin! Reg\u00edstrese en el c\u00f3digo de bonificaci\u00f3n.\" \/>\n<meta property=\"og:url\" content=\"https:\/\/www.freebetsinfo.co.uk\/es\/ofertas-de-apuestas\/bono-dafabet-150primer-deposito\/\" \/>\n<meta property=\"og:site_name\" content=\"Apuestas deportivas gratis, Apuestas en l\u00ednea Informaci\u00f3n de apuestas\" \/>\n<meta property=\"article:modified_time\" content=\"2019-10-23T13:01:36+00:00\" \/>\n<meta property=\"og:image\" content=\"https:\/\/www.freebetsinfo.co.uk\/wp-content\/uploads\/2019\/09\/dafa888.jpg\" \/>\n\t<meta property=\"og:image:width\" content=\"700\" \/>\n\t<meta property=\"og:image:height\" content=\"389\" \/>\n\t<meta property=\"og:image:type\" content=\"image\/jpeg\" \/>\n<meta name=\"twitter:card\" content=\"summary_large_image\" \/>\n<meta name=\"twitter:label1\" content=\"Tiempo de lectura\" \/>\n\t<meta name=\"twitter:data1\" content=\"3 minutos\" \/>\n<script type=\"application\/ld+json\" class=\"yoast-schema-graph\">{\"@context\":\"https:\\\/\\\/schema.org\",\"@graph\":[{\"@type\":\"WebPage\",\"@id\":\"https:\\\/\\\/www.freebetsinfo.co.uk\\\/es\\\/ofertas-de-apuestas\\\/bono-dafabet-150primer-deposito\\\/\",\"url\":\"https:\\\/\\\/www.freebetsinfo.co.uk\\\/es\\\/ofertas-de-apuestas\\\/bono-dafabet-150primer-deposito\\\/\",\"name\":\"Bono DaFabet 150Primer Dep\u00f3sito , Bono de registro de nuevo cliente.\",\"isPartOf\":{\"@id\":\"https:\\\/\\\/www.freebetsinfo.co.uk\\\/es\\\/#website\"},\"primaryImageOfPage\":{\"@id\":\"https:\\\/\\\/www.freebetsinfo.co.uk\\\/es\\\/ofertas-de-apuestas\\\/bono-dafabet-150primer-deposito\\\/#primaryimage\"},\"image\":{\"@id\":\"https:\\\/\\\/www.freebetsinfo.co.uk\\\/es\\\/ofertas-de-apuestas\\\/bono-dafabet-150primer-deposito\\\/#primaryimage\"},\"thumbnailUrl\":\"https:\\\/\\\/www.freebetsinfo.co.uk\\\/wp-content\\\/uploads\\\/2019\\\/09\\\/dafa888.jpg\",\"datePublished\":\"2019-10-23T13:01:31+00:00\",\"dateModified\":\"2019-10-23T13:01:36+00:00\",\"description\":\"Bono DaFabet 150Primer Dep\u00f3sito , Nuevo bono de registro de cliente, Recibir hasta 20 mBTC en su primer dep\u00f3sito Bitcoin! Reg\u00edstrese en el c\u00f3digo de bonificaci\u00f3n.\",\"breadcrumb\":{\"@id\":\"https:\\\/\\\/www.freebetsinfo.co.uk\\\/es\\\/ofertas-de-apuestas\\\/bono-dafabet-150primer-deposito\\\/#breadcrumb\"},\"inLanguage\":\"es\",\"potentialAction\":[{\"@type\":\"ReadAction\",\"target\":[\"https:\\\/\\\/www.freebetsinfo.co.uk\\\/es\\\/ofertas-de-apuestas\\\/bono-dafabet-150primer-deposito\\\/\"]}]},{\"@type\":\"ImageObject\",\"inLanguage\":\"es\",\"@id\":\"https:\\\/\\\/www.freebetsinfo.co.uk\\\/es\\\/ofertas-de-apuestas\\\/bono-dafabet-150primer-deposito\\\/#primaryimage\",\"url\":\"https:\\\/\\\/www.freebetsinfo.co.uk\\\/wp-content\\\/uploads\\\/2019\\\/09\\\/dafa888.jpg\",\"contentUrl\":\"https:\\\/\\\/www.freebetsinfo.co.uk\\\/wp-content\\\/uploads\\\/2019\\\/09\\\/dafa888.jpg\",\"width\":700,\"height\":389,\"caption\":\"Bono DaFabet 150Primer Dep\u00f3sito\"},{\"@type\":\"BreadcrumbList\",\"@id\":\"https:\\\/\\\/www.freebetsinfo.co.uk\\\/es\\\/ofertas-de-apuestas\\\/bono-dafabet-150primer-deposito\\\/#breadcrumb\",\"itemListElement\":[{\"@type\":\"ListItem\",\"position\":1,\"name\":\"Home\",\"item\":\"https:\\\/\\\/www.freebetsinfo.co.uk\\\/es\\\/\"},{\"@type\":\"ListItem\",\"position\":2,\"name\":\"Ofertas de apuestas\",\"item\":\"https:\\\/\\\/www.freebetsinfo.co.uk\\\/es\\\/ofertas-de-apuestas\\\/\"},{\"@type\":\"ListItem\",\"position\":3,\"name\":\"Bono DaFabet 150Primer Dep\u00f3sito\"}]},{\"@type\":\"WebSite\",\"@id\":\"https:\\\/\\\/www.freebetsinfo.co.uk\\\/es\\\/#website\",\"url\":\"https:\\\/\\\/www.freebetsinfo.co.uk\\\/es\\\/\",\"name\":\"Apuestas deportivas gratis, Apuestas en l\u00ednea Informaci\u00f3n de apuestas\",\"description\":\"Apuestas en l\u00ednea y c\u00f3digos de bonificaci\u00f3n de dep\u00f3sito sin casino! \u2705Los mejores sitios de apuestas en l\u00ednea Comentarios, \u2705Bonos de casinos en l\u00ednea!\",\"potentialAction\":[{\"@type\":\"SearchAction\",\"target\":{\"@type\":\"EntryPoint\",\"urlTemplate\":\"https:\\\/\\\/www.freebetsinfo.co.uk\\\/es\\\/?s={search_term_string}\"},\"query-input\":{\"@type\":\"PropertyValueSpecification\",\"valueRequired\":true,\"valueName\":\"search_term_string\"}}],\"inLanguage\":\"es\"}]}<\/script>\n<!-- \/ Yoast SEO Premium plugin. -->","yoast_head_json":{"title":"Bono DaFabet 150Primer Dep\u00f3sito , Bono de registro de nuevo cliente.","description":"Bono DaFabet 150Primer Dep\u00f3sito , Nuevo bono de registro de cliente, Recibir hasta 20 mBTC en su primer dep\u00f3sito Bitcoin! Reg\u00edstrese en el c\u00f3digo de bonificaci\u00f3n.","robots":{"index":"index","follow":"follow","max-snippet":"max-snippet:-1","max-image-preview":"max-image-preview:large","max-video-preview":"max-video-preview:-1"},"canonical":"https:\/\/www.freebetsinfo.co.uk\/es\/ofertas-de-apuestas\/bono-dafabet-150primer-deposito\/","og_locale":"es_ES","og_type":"article","og_title":"Bono DaFabet 150Primer Dep\u00f3sito","og_description":"Bono DaFabet 150Primer Dep\u00f3sito , Nuevo bono de registro de cliente, Recibir hasta 20 mBTC en su primer dep\u00f3sito Bitcoin! Reg\u00edstrese en el c\u00f3digo de bonificaci\u00f3n.","og_url":"https:\/\/www.freebetsinfo.co.uk\/es\/ofertas-de-apuestas\/bono-dafabet-150primer-deposito\/","og_site_name":"Apuestas deportivas gratis, Apuestas en l\u00ednea Informaci\u00f3n de apuestas","article_modified_time":"2019-10-23T13:01:36+00:00","og_image":[{"width":700,"height":389,"url":"https:\/\/www.freebetsinfo.co.uk\/wp-content\/uploads\/2019\/09\/dafa888.jpg","type":"image\/jpeg"}],"twitter_card":"summary_large_image","twitter_misc":{"Tiempo de lectura":"3 minutos"},"schema":{"@context":"https:\/\/schema.org","@graph":[{"@type":"WebPage","@id":"https:\/\/www.freebetsinfo.co.uk\/es\/ofertas-de-apuestas\/bono-dafabet-150primer-deposito\/","url":"https:\/\/www.freebetsinfo.co.uk\/es\/ofertas-de-apuestas\/bono-dafabet-150primer-deposito\/","name":"Bono DaFabet 150Primer Dep\u00f3sito , Bono de registro de nuevo cliente.","isPartOf":{"@id":"https:\/\/www.freebetsinfo.co.uk\/es\/#website"},"primaryImageOfPage":{"@id":"https:\/\/www.freebetsinfo.co.uk\/es\/ofertas-de-apuestas\/bono-dafabet-150primer-deposito\/#primaryimage"},"image":{"@id":"https:\/\/www.freebetsinfo.co.uk\/es\/ofertas-de-apuestas\/bono-dafabet-150primer-deposito\/#primaryimage"},"thumbnailUrl":"https:\/\/www.freebetsinfo.co.uk\/wp-content\/uploads\/2019\/09\/dafa888.jpg","datePublished":"2019-10-23T13:01:31+00:00","dateModified":"2019-10-23T13:01:36+00:00","description":"Bono DaFabet 150Primer Dep\u00f3sito , Nuevo bono de registro de cliente, Recibir hasta 20 mBTC en su primer dep\u00f3sito Bitcoin! Reg\u00edstrese en el c\u00f3digo de bonificaci\u00f3n.","breadcrumb":{"@id":"https:\/\/www.freebetsinfo.co.uk\/es\/ofertas-de-apuestas\/bono-dafabet-150primer-deposito\/#breadcrumb"},"inLanguage":"es","potentialAction":[{"@type":"ReadAction","target":["https:\/\/www.freebetsinfo.co.uk\/es\/ofertas-de-apuestas\/bono-dafabet-150primer-deposito\/"]}]},{"@type":"ImageObject","inLanguage":"es","@id":"https:\/\/www.freebetsinfo.co.uk\/es\/ofertas-de-apuestas\/bono-dafabet-150primer-deposito\/#primaryimage","url":"https:\/\/www.freebetsinfo.co.uk\/wp-content\/uploads\/2019\/09\/dafa888.jpg","contentUrl":"https:\/\/www.freebetsinfo.co.uk\/wp-content\/uploads\/2019\/09\/dafa888.jpg","width":700,"height":389,"caption":"Bono DaFabet 150Primer Dep\u00f3sito"},{"@type":"BreadcrumbList","@id":"https:\/\/www.freebetsinfo.co.uk\/es\/ofertas-de-apuestas\/bono-dafabet-150primer-deposito\/#breadcrumb","itemListElement":[{"@type":"ListItem","position":1,"name":"Home","item":"https:\/\/www.freebetsinfo.co.uk\/es\/"},{"@type":"ListItem","position":2,"name":"Ofertas de apuestas","item":"https:\/\/www.freebetsinfo.co.uk\/es\/ofertas-de-apuestas\/"},{"@type":"ListItem","position":3,"name":"Bono DaFabet 150Primer Dep\u00f3sito"}]},{"@type":"WebSite","@id":"https:\/\/www.freebetsinfo.co.uk\/es\/#website","url":"https:\/\/www.freebetsinfo.co.uk\/es\/","name":"Apuestas deportivas gratis, Apuestas en l\u00ednea Informaci\u00f3n de apuestas","description":"Apuestas en l\u00ednea y c\u00f3digos de bonificaci\u00f3n de dep\u00f3sito sin casino! \u2705Los mejores sitios de apuestas en l\u00ednea Comentarios, \u2705Bonos de casinos en l\u00ednea!","potentialAction":[{"@type":"SearchAction","target":{"@type":"EntryPoint","urlTemplate":"https:\/\/www.freebetsinfo.co.uk\/es\/?s={search_term_string}"},"query-input":{"@type":"PropertyValueSpecification","valueRequired":true,"valueName":"search_term_string"}}],"inLanguage":"es"}]}},"uagb_featured_image_src":{"full":["https:\/\/www.freebetsinfo.co.uk\/wp-content\/uploads\/2019\/09\/dafa888.jpg",700,389,false],"thumbnail":["https:\/\/www.freebetsinfo.co.uk\/wp-content\/uploads\/2019\/09\/dafa888-150x150.jpg",150,150,true],"medium":["https:\/\/www.freebetsinfo.co.uk\/wp-content\/uploads\/2019\/09\/dafa888-250x139.jpg",250,139,true],"medium_large":["https:\/\/www.freebetsinfo.co.uk\/wp-content\/uploads\/2019\/09\/dafa888.jpg",700,389,false],"large":["https:\/\/www.freebetsinfo.co.uk\/wp-content\/uploads\/2019\/09\/dafa888-700x389.jpg",700,389,true],"1536x1536":["https:\/\/www.freebetsinfo.co.uk\/wp-content\/uploads\/2019\/09\/dafa888.jpg",700,389,false],"2048x2048":["https:\/\/www.freebetsinfo.co.uk\/wp-content\/uploads\/2019\/09\/dafa888.jpg",700,389,false],"small":["https:\/\/www.freebetsinfo.co.uk\/wp-content\/uploads\/2019\/09\/dafa888-120x67.jpg",120,67,true],"custom-size":["https:\/\/www.freebetsinfo.co.uk\/wp-content\/uploads\/2019\/09\/dafa888-700x200.jpg",700,200,true]},"uagb_author_info":{"display_name":"\u7ba1\u7406","author_link":"https:\/\/www.freebetsinfo.co.uk\/es\/author\/kdfl4q\/"},"uagb_comment_info":0,"uagb_excerpt":"\u00a1Recibe hasta 20 mBTC en tu primer dep\u00f3sito de Bitcoin!","_links":{"self":[{"href":"https:\/\/www.freebetsinfo.co.uk\/es\/wp-json\/wp\/v2\/pages\/2345","targetHints":{"allow":["GET"]}}],"collection":[{"href":"https:\/\/www.freebetsinfo.co.uk\/es\/wp-json\/wp\/v2\/pages"}],"about":[{"href":"https:\/\/www.freebetsinfo.co.uk\/es\/wp-json\/wp\/v2\/types\/page"}],"author":[{"embeddable":true,"href":"https:\/\/www.freebetsinfo.co.uk\/es\/wp-json\/wp\/v2\/users\/1"}],"replies":[{"embeddable":true,"href":"https:\/\/www.freebetsinfo.co.uk\/es\/wp-json\/wp\/v2\/comments?post=2345"}],"version-history":[{"count":0,"href":"https:\/\/www.freebetsinfo.co.uk\/es\/wp-json\/wp\/v2\/pages\/2345\/revisions"}],"up":[{"embeddable":true,"href":"https:\/\/www.freebetsinfo.co.uk\/es\/wp-json\/wp\/v2\/pages\/2323"}],"wp:featuredmedia":[{"embeddable":true,"href":"https:\/\/www.freebetsinfo.co.uk\/es\/wp-json\/wp\/v2\/media\/2347"}],"wp:attachment":[{"href":"https:\/\/www.freebetsinfo.co.uk\/es\/wp-json\/wp\/v2\/media?parent=2345"}],"curies":[{"name":"wp","href":"https:\/\/api.w.org\/{rel}","templated":true}]}}