{"id":2350,"date":"2017-11-18T09:42:42","date_gmt":"2017-11-18T09:42:42","guid":{"rendered":"https:\/\/www.freebetsinfo.co.uk\/apuestas-de-golf\/"},"modified":"2021-07-01T14:54:20","modified_gmt":"2021-07-01T14:54:20","slug":"apuestas-de-golf","status":"publish","type":"page","link":"https:\/\/www.freebetsinfo.co.uk\/es\/apuestas-de-golf\/","title":{"rendered":"Apuestas de golf"},"content":{"rendered":"<h3><span style=\"color: #808080;\">Por que jugar<a style=\"color: #808080;\" href=\"https:\/\/www.freebetsinfo.co.uk\/es\/apuestas-de-golf\/\"> Apuestas de golf<\/a> es probablemente la actividad deportiva m\u00e1s utilizada para apostar<\/span><\/h3>\n<p><span style=\"color: #808080;\"><a style=\"color: #808080;\" href=\"https:\/\/www.freebetsinfo.co.uk\/es\/apuestas-de-golf\/\">Apuestas de golf<\/a> La evidencia compuesta inicial de jugar al golf sobrevive desde 1457 cuando James II intent\u00f3 prohibir el deporte porque sinti\u00f3 que interfer\u00eda con la pr\u00e1ctica del tiro con arco. M\u00e1s de quinientos cincuenta a\u00f1os despu\u00e9s, el golf se ha transformado en un pasatiempo para toda la comunidad. <\/span><\/p>\n<p><span style=\"color: #808080;\">Golf Betting est\u00e1 ansioso por obtener su personalizaci\u00f3n<\/span><\/p>\n<p><span style=\"color: #808080;\">Si eres un entusiasta de las apuestas de golf, siempre habr\u00e1 una casa de apuestas. Listo para ofrecerle transacciones de apuestas decentes. Consulta las actividades que existen y pronto puntuar\u00e1s. Sobre tu mejor juego de golf<\/span><\/p>\n<p>&nbsp;<\/p>\n<h3><span style=\"color: #808080;\"><a style=\"color: #808080;\" href=\"https:\/\/www.freebetsinfo.co.uk\/es\/apuestas-de-golf\/\">Apuestas de golf<\/a> Otros torneos de golf<\/span><\/h3>\n<p><span style=\"color: #808080;\">Cada a\u00f1o, los jugadores luchan por conservar su lugar en los viajes de la PGA y ET. Cada a\u00f1o, solo los mejores 125 finalistas del viaje de la PGA, y los 110 mejores jugadores de la excursi\u00f3n ET tienen seguro un lugar en la excursi\u00f3n del a\u00f1o siguiente.<\/span><\/p>\n<p>&nbsp;<\/p>\n<h3><span style=\"color: #808080;\">Torneos de golf Matchplay<\/span><\/h3>\n<p><span style=\"color: #808080;\">Casi todo<a style=\"color: #808080;\" href=\"https:\/\/www.freebetsinfo.co.uk\/es\/apuesta-gratuita\/\"> torneos de golf<\/a> son eventos cerebrovasculares disfrutar de eventos. La ejecuci\u00f3n de golpes es donde el campe\u00f3n es definitivamente el jugador que termina el campo con la menor cantidad de im\u00e1genes, generalmente combinadas, ya que muchos torneos de golf ocurren durante varios d\u00edas y noches.<\/span><\/p>\n<h3><span style=\"color: #808080;\">\u00bfCu\u00e1les son exactamente los distintos tipos de apuestas de golf?<\/span><\/h3>\n<p><span style=\"color: #808080;\">La mayor\u00eda<a style=\"color: #808080;\" href=\"https:\/\/www.freebetsinfo.co.uk\/es\/\"> apuestas de golf<\/a> los fondos se destinan directamente a los ganadores de los torneos, pero ese no es siempre el camino a seguir si est\u00e1s interesado en apostar al golf. El favorito antes del torneo Dustin Time (1 de julio a las 8:00) complet\u00f3 vinculado para el vig\u00e9simo siguiente puesto.<\/span><\/p>\n<h3><span style=\"color: #808080;\">Los mejores sitios de juegos de golf del Reino Unido:<\/span><\/h3>\n<p><span style=\"color: #808080;\">Esta casa de apuestas tambi\u00e9n ofrece a menudo una p\u00f3liza de seguro acca para dos y tres acumuladores de pelotas de tenis que tienen al menos cuatro opciones. Adem\u00e1s, los reci\u00e9n llegados a BetBright tienen una oferta para abrirles el apetito. Obtendr\u00e1s 100 \u20ac en total<a style=\"color: #808080;\" href=\"https:\/\/www.freebetsinfo.co.uk\/es\/apuesta-gratuita\/\"> apuestas gratis<\/a> .<\/span><\/p>\n<p><span style=\"color: #808080;\"><strong>10Apuesta<\/strong><\/span><\/p>\n<p><span style=\"color: #808080;\">10Betis tambi\u00e9n es una apuesta decente cuando se trata de apuestas en rendimiento.<\/span><\/p>\n<p><span style=\"color: #808080;\">El servicio profesional es absolutamente impresionante. Para que pueda mantenerse al d\u00eda con los mejores deportes de golf en su sitio web. No es necesario viajar a otro lugar.<\/span><\/p>\n<p><span style=\"color: #808080;\">Si es un novato, puede esperar obtener un rendimiento en exceso del 100% en su primer pago inicial, hasta \u00a3 200.<\/span><\/p>\n<p><span style=\"color: #808080;\">En realidad, es una buena oferta que puede ayudarlo a aprovechar al m\u00e1ximo su apuesta de golf.<\/span><\/p>\n<p><span style=\"color: #808080;\">Tambi\u00e9n fue un trato perfectamente &#8216;por adelantado&#8217;, sin advertencias como las necesidades de apuestas.<\/span><\/p>\n<h3><span style=\"color: #808080;\">Actividades deportivas Grosvenor<\/span><\/h3>\n<p><span style=\"color: #808080;\">Aunque el casino de Internet terrestre de Grospvenor ha existido durante a\u00f1os, su oferta de actividades deportivas en Internet es el \u00faltimo t\u00edtulo en las actividades deportivas.<a style=\"color: #808080;\" href=\"https:\/\/www.freebetsinfo.co.uk\/es\/\"> corredores de apuestas<\/a> .<\/span><\/p>\n<p><span style=\"color: #808080;\"> Todo lo que se requiere para inducirlo es un dep\u00f3sito de \u00a3 5.<\/span><\/p>\n<h3><span style=\"color: #808080;\">Obtenga las \u00faltimas ofertas de apuestas de golf<\/span><\/h3>\n<p><span style=\"color: #808080;\">La informaci\u00f3n de apuestas gratuitas ofrece una p\u00e1gina web que lo guiar\u00e1 a trav\u00e9s de todas las promociones m\u00e1s recientes de los famosos<a style=\"color: #808080;\" href=\"https:\/\/www.freebetsinfo.co.uk\/es\/\"> corredores de apuestas<\/a> (y tambi\u00e9n entre los mejores reci\u00e9n llegados). Independientemente de si es golf o actividad en general,<a style=\"color: #808080;\" href=\"https:\/\/www.freebetsinfo.co.uk\/es\/\"> informaci\u00f3n de apuestas gratis<\/a> proporciona la mejor informaci\u00f3n para los apostadores del Reino Unido.<\/span><\/p>\n","protected":false},"excerpt":{"rendered":"Por que jugar Apuestas de golf es probablemente la actividad deportiva m\u00e1s utilizada para apostar Apuestas de golf La evidencia compuesta inicial de jugar al golf sobrevive desde 1457 cuando James II intent\u00f3 prohibir el deporte porque sinti\u00f3 que interfer\u00eda con la pr\u00e1ctica del tiro con arco. M\u00e1s de quinientos cincuenta a\u00f1os despu\u00e9s, el golf&#8230; <a class=\"view-article\" href=\"https:\/\/www.freebetsinfo.co.uk\/es\/apuestas-de-golf\/\">Ver art\u00edculo<\/a>","protected":false},"author":1,"featured_media":0,"parent":0,"menu_order":0,"comment_status":"closed","ping_status":"closed","template":"asia-sports-page-template.php","meta":{"_uag_custom_page_level_css":"","footnotes":""},"class_list":["post-2350","page","type-page","status-publish","hentry"],"yoast_head":"<!-- This site is optimized with the Yoast SEO Premium plugin v19.5 (Yoast SEO v27.5) - https:\/\/yoast.com\/product\/yoast-seo-premium-wordpress\/ -->\n<title>Apuestas de golf , obtenga las \u00faltimas ofertas de apuestas de golf<\/title>\n<meta name=\"description\" content=\"Apuestas de golf Promoci\u00f3n de primer dep\u00f3sito, el mejor sitio de apuestas de golf y los puntos clave a tener en cuenta al iniciar una apuesta.\" \/>\n<meta name=\"robots\" content=\"index, follow, max-snippet:-1, max-image-preview:large, max-video-preview:-1\" \/>\n<link rel=\"canonical\" href=\"https:\/\/www.freebetsinfo.co.uk\/es\/apuestas-de-golf\/\" \/>\n<meta property=\"og:locale\" content=\"es_ES\" \/>\n<meta property=\"og:type\" content=\"article\" \/>\n<meta property=\"og:title\" content=\"Apuestas de golf\" \/>\n<meta property=\"og:description\" content=\"Apuestas de golf Promoci\u00f3n de primer dep\u00f3sito, el mejor sitio de apuestas de golf y los puntos clave a tener en cuenta al iniciar una apuesta.\" \/>\n<meta property=\"og:url\" content=\"https:\/\/www.freebetsinfo.co.uk\/es\/apuestas-de-golf\/\" \/>\n<meta property=\"og:site_name\" content=\"Apuestas deportivas gratis, Apuestas en l\u00ednea Informaci\u00f3n de apuestas\" \/>\n<meta property=\"article:modified_time\" content=\"2021-07-01T14:54:20+00:00\" \/>\n<meta name=\"twitter:card\" content=\"summary_large_image\" \/>\n<meta name=\"twitter:label1\" content=\"Tiempo de lectura\" \/>\n\t<meta name=\"twitter:data1\" content=\"3 minutos\" \/>\n<script type=\"application\/ld+json\" class=\"yoast-schema-graph\">{\"@context\":\"https:\\\/\\\/schema.org\",\"@graph\":[{\"@type\":\"WebPage\",\"@id\":\"https:\\\/\\\/www.freebetsinfo.co.uk\\\/es\\\/apuestas-de-golf\\\/\",\"url\":\"https:\\\/\\\/www.freebetsinfo.co.uk\\\/es\\\/apuestas-de-golf\\\/\",\"name\":\"Apuestas de golf , obtenga las \u00faltimas ofertas de apuestas de golf\",\"isPartOf\":{\"@id\":\"https:\\\/\\\/www.freebetsinfo.co.uk\\\/es\\\/#website\"},\"datePublished\":\"2017-11-18T09:42:42+00:00\",\"dateModified\":\"2021-07-01T14:54:20+00:00\",\"description\":\"Apuestas de golf Promoci\u00f3n de primer dep\u00f3sito, el mejor sitio de apuestas de golf y los puntos clave a tener en cuenta al iniciar una apuesta.\",\"breadcrumb\":{\"@id\":\"https:\\\/\\\/www.freebetsinfo.co.uk\\\/es\\\/apuestas-de-golf\\\/#breadcrumb\"},\"inLanguage\":\"es\",\"potentialAction\":[{\"@type\":\"ReadAction\",\"target\":[\"https:\\\/\\\/www.freebetsinfo.co.uk\\\/es\\\/apuestas-de-golf\\\/\"]}]},{\"@type\":\"BreadcrumbList\",\"@id\":\"https:\\\/\\\/www.freebetsinfo.co.uk\\\/es\\\/apuestas-de-golf\\\/#breadcrumb\",\"itemListElement\":[{\"@type\":\"ListItem\",\"position\":1,\"name\":\"Home\",\"item\":\"https:\\\/\\\/www.freebetsinfo.co.uk\\\/es\\\/\"},{\"@type\":\"ListItem\",\"position\":2,\"name\":\"Apuestas de golf\"}]},{\"@type\":\"WebSite\",\"@id\":\"https:\\\/\\\/www.freebetsinfo.co.uk\\\/es\\\/#website\",\"url\":\"https:\\\/\\\/www.freebetsinfo.co.uk\\\/es\\\/\",\"name\":\"Apuestas deportivas gratis, Apuestas en l\u00ednea Informaci\u00f3n de apuestas\",\"description\":\"Apuestas en l\u00ednea y c\u00f3digos de bonificaci\u00f3n de dep\u00f3sito sin casino! \u2705Los mejores sitios de apuestas en l\u00ednea Comentarios, \u2705Bonos de casinos en l\u00ednea!\",\"potentialAction\":[{\"@type\":\"SearchAction\",\"target\":{\"@type\":\"EntryPoint\",\"urlTemplate\":\"https:\\\/\\\/www.freebetsinfo.co.uk\\\/es\\\/?s={search_term_string}\"},\"query-input\":{\"@type\":\"PropertyValueSpecification\",\"valueRequired\":true,\"valueName\":\"search_term_string\"}}],\"inLanguage\":\"es\"}]}<\/script>\n<!-- \/ Yoast SEO Premium plugin. -->","yoast_head_json":{"title":"Apuestas de golf , obtenga las \u00faltimas ofertas de apuestas de golf","description":"Apuestas de golf Promoci\u00f3n de primer dep\u00f3sito, el mejor sitio de apuestas de golf y los puntos clave a tener en cuenta al iniciar una apuesta.","robots":{"index":"index","follow":"follow","max-snippet":"max-snippet:-1","max-image-preview":"max-image-preview:large","max-video-preview":"max-video-preview:-1"},"canonical":"https:\/\/www.freebetsinfo.co.uk\/es\/apuestas-de-golf\/","og_locale":"es_ES","og_type":"article","og_title":"Apuestas de golf","og_description":"Apuestas de golf Promoci\u00f3n de primer dep\u00f3sito, el mejor sitio de apuestas de golf y los puntos clave a tener en cuenta al iniciar una apuesta.","og_url":"https:\/\/www.freebetsinfo.co.uk\/es\/apuestas-de-golf\/","og_site_name":"Apuestas deportivas gratis, Apuestas en l\u00ednea Informaci\u00f3n de apuestas","article_modified_time":"2021-07-01T14:54:20+00:00","twitter_card":"summary_large_image","twitter_misc":{"Tiempo de lectura":"3 minutos"},"schema":{"@context":"https:\/\/schema.org","@graph":[{"@type":"WebPage","@id":"https:\/\/www.freebetsinfo.co.uk\/es\/apuestas-de-golf\/","url":"https:\/\/www.freebetsinfo.co.uk\/es\/apuestas-de-golf\/","name":"Apuestas de golf , obtenga las \u00faltimas ofertas de apuestas de golf","isPartOf":{"@id":"https:\/\/www.freebetsinfo.co.uk\/es\/#website"},"datePublished":"2017-11-18T09:42:42+00:00","dateModified":"2021-07-01T14:54:20+00:00","description":"Apuestas de golf Promoci\u00f3n de primer dep\u00f3sito, el mejor sitio de apuestas de golf y los puntos clave a tener en cuenta al iniciar una apuesta.","breadcrumb":{"@id":"https:\/\/www.freebetsinfo.co.uk\/es\/apuestas-de-golf\/#breadcrumb"},"inLanguage":"es","potentialAction":[{"@type":"ReadAction","target":["https:\/\/www.freebetsinfo.co.uk\/es\/apuestas-de-golf\/"]}]},{"@type":"BreadcrumbList","@id":"https:\/\/www.freebetsinfo.co.uk\/es\/apuestas-de-golf\/#breadcrumb","itemListElement":[{"@type":"ListItem","position":1,"name":"Home","item":"https:\/\/www.freebetsinfo.co.uk\/es\/"},{"@type":"ListItem","position":2,"name":"Apuestas de golf"}]},{"@type":"WebSite","@id":"https:\/\/www.freebetsinfo.co.uk\/es\/#website","url":"https:\/\/www.freebetsinfo.co.uk\/es\/","name":"Apuestas deportivas gratis, Apuestas en l\u00ednea Informaci\u00f3n de apuestas","description":"Apuestas en l\u00ednea y c\u00f3digos de bonificaci\u00f3n de dep\u00f3sito sin casino! \u2705Los mejores sitios de apuestas en l\u00ednea Comentarios, \u2705Bonos de casinos en l\u00ednea!","potentialAction":[{"@type":"SearchAction","target":{"@type":"EntryPoint","urlTemplate":"https:\/\/www.freebetsinfo.co.uk\/es\/?s={search_term_string}"},"query-input":{"@type":"PropertyValueSpecification","valueRequired":true,"valueName":"search_term_string"}}],"inLanguage":"es"}]}},"uagb_featured_image_src":{"full":false,"thumbnail":false,"medium":false,"medium_large":false,"large":false,"1536x1536":false,"2048x2048":false,"small":false,"custom-size":false},"uagb_author_info":{"display_name":"\u7ba1\u7406","author_link":"https:\/\/www.freebetsinfo.co.uk\/es\/author\/kdfl4q\/"},"uagb_comment_info":0,"uagb_excerpt":"Por que jugar Apuestas de golf es probablemente la actividad deportiva m\u00e1s utilizada para apostar Apuestas de golf La evidencia compuesta inicial de jugar al golf sobrevive desde 1457 cuando James II intent\u00f3 prohibir el deporte porque sinti\u00f3 que interfer\u00eda con la pr\u00e1ctica del tiro con arco. M\u00e1s de quinientos cincuenta a\u00f1os despu\u00e9s, el golf...&hellip;","_links":{"self":[{"href":"https:\/\/www.freebetsinfo.co.uk\/es\/wp-json\/wp\/v2\/pages\/2350","targetHints":{"allow":["GET"]}}],"collection":[{"href":"https:\/\/www.freebetsinfo.co.uk\/es\/wp-json\/wp\/v2\/pages"}],"about":[{"href":"https:\/\/www.freebetsinfo.co.uk\/es\/wp-json\/wp\/v2\/types\/page"}],"author":[{"embeddable":true,"href":"https:\/\/www.freebetsinfo.co.uk\/es\/wp-json\/wp\/v2\/users\/1"}],"replies":[{"embeddable":true,"href":"https:\/\/www.freebetsinfo.co.uk\/es\/wp-json\/wp\/v2\/comments?post=2350"}],"version-history":[{"count":0,"href":"https:\/\/www.freebetsinfo.co.uk\/es\/wp-json\/wp\/v2\/pages\/2350\/revisions"}],"wp:attachment":[{"href":"https:\/\/www.freebetsinfo.co.uk\/es\/wp-json\/wp\/v2\/media?parent=2350"}],"curies":[{"name":"wp","href":"https:\/\/api.w.org\/{rel}","templated":true}]}}