{"id":2352,"date":"2017-11-18T09:40:03","date_gmt":"2017-11-18T09:40:03","guid":{"rendered":"https:\/\/www.freebetsinfo.co.uk\/apuestas-de-criquet\/"},"modified":"2021-07-01T14:34:38","modified_gmt":"2021-07-01T14:34:38","slug":"apuestas-de-cricket","status":"publish","type":"page","link":"https:\/\/www.freebetsinfo.co.uk\/es\/apuestas-de-cricket\/","title":{"rendered":"Apuestas de cr\u00edquet"},"content":{"rendered":"<h2><span style=\"color: #999999;\"><a style=\"color: #999999;\" href=\"https:\/\/www.freebetsinfo.co.uk\/es\/apuestas-de-cricket\/\">Apuestas de cricket<\/a> Ofertas de bonificaci\u00f3n animadas: \u00bfla cantidad de dinero que puede obtener?<\/span><\/h2>\n<p><span style=\"color: #999999;\">El mas grande<a style=\"color: #999999;\" href=\"https:\/\/www.freebetsinfo.co.uk\/es\/\"> casas de apuestas<\/a> en el Reino Unido promover\u00e1 una variedad de mercados de actividades deportivas, desde tenis, nbspfootball y dardos, rugby hasta cricket.<a style=\"color: #999999;\" href=\"https:\/\/www.freebetsinfo.co.uk\/es\/apuestas-de-cricket\/\"> Apuestas de cricket<\/a> Antes de registrarse con cualquiera de las casas de apuestas, aseg\u00farese de que su actividad favorita sea la lista de la casa de apuestas. Para darle la bienvenida, los operadores idear\u00e1n varios tipos de bonificaciones, pero si usted se concentra, observar\u00e1 un patr\u00f3n de ese tipo.<\/span><\/p>\n<p><span style=\"color: #999999;\">Elija ese bono adicional recomendado que se adapte a sus requisitos de apuestas. Publicamos ofertas diarias para ayudarlo a mantenerse actualizado con las mejores ofertas de bonificaci\u00f3n y ofertas especiales recomendadas en todo el Reino Unido.<\/span><\/p>\n<h3><span style=\"color: #999999;\">Apuestas In-Enjoy: \u00bfqu\u00e9 indica exactamente?<\/span><\/h3>\n<p><span style=\"color: #999999;\">Al igual que con las apuestas de f\u00fatbol, puede apostar en los trajes de cricket mientras los ve quedarse. Y es mucho m\u00e1s emocionante cuando apuestas en vivo al cricket.<\/span><\/p>\n<p><span style=\"color: #999999;\">Pr\u00e1cticamente todos los ataques contin\u00faan durante alrededor de cuatro horas y aumentar\u00e1n a cinco veces para sus ex\u00e1menes de examen. Con el juego de cricket in-enjoy, cada peque\u00f1a cosa puede verse como un cambio de juego, comenzando con las circunstancias clim\u00e1ticas.<\/span><\/p>\n<h3><span style=\"color: #999999;\">\u00bfC\u00f3mo puedes localizar corredores de apuestas leg\u00edtimos?<\/span><\/h3>\n<p><span style=\"color: #999999;\">Bueno, la verdad es que querr\u00e1s ir a lo seguro con cualquier actividad deportiva en la que quieras optar. Encontrar\u00e1 todo tipo de rumores sobre sitios web de apuestas contra la ley que se publican en Internet, y es natural tener dudas. <\/span><\/p>\n<p><span style=\"color: #999999;\">En el caso de que no lo supieras,<a style=\"color: #999999;\" href=\"https:\/\/www.freebetsinfo.co.uk\/es\/\"> las apuestas del Reino Unido<\/a> El pago de comisiones vigila todo, desde salas de juegos, bingo y establecimientos de juegos de azar, proveedores de programas de software de juegos de azar y todo lo relacionado con juegos de azar con equipos y dispositivos centrados en Gran Breta\u00f1a.<\/span><\/p>\n<h3><span style=\"color: #999999;\">\u00bfQu\u00e9 t\u00e9cnicas de pago est\u00e1n disponibles?<\/span><\/h3>\n<p><span style=\"color: #999999;\">Y debido a su reconocimiento,<a style=\"color: #999999;\" href=\"https:\/\/www.freebetsinfo.co.uk\/es\/\"> corredores de apuestas<\/a> requieren mantenerse al d\u00eda con las necesidades de los jugadores y ampliar sus alternativas de m\u00e9todos de pago. Para los dep\u00f3sitos, es bastante sencillo, pero puede examinar toda esta informaci\u00f3n junto con su casa de apuestas de antemano.<\/span><\/p>\n<p><span style=\"color: #999999;\"><strong>Una lista difiere de un usuario a otro, pero normalmente puede tener muchas alternativas:<\/strong><\/span><\/p>\n<ul>\n<li><span style=\"color: #999999;\">tarjetas bancarias (Visa, MasterCard)<\/span><\/li>\n<li><span style=\"color: #999999;\">Neteller: ofrece compras online seguras durante casi dos d\u00e9cadas a lo grande <\/span><\/li>\n<li><span style=\"color: #999999;\">Los corredores de apuestas como Bwin lo utilizan como principal <\/span><\/li>\n<li><span style=\"color: #999999;\">m\u00e9todo de pago muchas opciones de pago inicial<\/span><\/li>\n<li><span style=\"color: #999999;\">Skrill: seguro, sin riesgos y r\u00e1pido, muy f\u00e1cil de crear una cuenta.<\/span><\/li>\n<\/ul>\n<h3><span style=\"color: #999999;\">En conclusi\u00f3n, sugerencias de apuestas de Cricket: Aprenda las cuerdas<\/span><\/h3>\n<p><span style=\"color: #999999;\">Observar\u00e1s que, en<a style=\"color: #999999;\" href=\"https:\/\/www.freebetsinfo.co.uk\/es\/apuestas-de-cricket\/\"> Grillo<\/a> , absolutamente nada podr\u00eda afectar las condiciones del juego m\u00e1s que los elementos. Por lo tanto, este debe ser su punto de partida cuando comience a disfrutar de las apuestas de cricket. Gamestrategy y jugadores, en conclusi\u00f3n, antecedentes: todos estos problemas deben tenerse en cuenta.<\/span><\/p>\n","protected":false},"excerpt":{"rendered":"Apuestas de cricket Ofertas de bonificaci\u00f3n animadas: \u00bfla cantidad de dinero que puede obtener? El mas grande casas de apuestas en el Reino Unido promover\u00e1 una variedad de mercados de actividades deportivas, desde tenis, nbspfootball y dardos, rugby hasta cricket. Apuestas de cricket Antes de registrarse con cualquiera de las casas de apuestas, aseg\u00farese de&#8230; <a class=\"view-article\" href=\"https:\/\/www.freebetsinfo.co.uk\/es\/apuestas-de-cricket\/\">Ver art\u00edculo<\/a>","protected":false},"author":1,"featured_media":0,"parent":0,"menu_order":0,"comment_status":"closed","ping_status":"closed","template":"asia-sports-page-template.php","meta":{"_uag_custom_page_level_css":"","footnotes":""},"class_list":["post-2352","page","type-page","status-publish","hentry"],"yoast_head":"<!-- This site is optimized with the Yoast SEO Premium plugin v19.5 (Yoast SEO v27.3) - https:\/\/yoast.com\/product\/yoast-seo-premium-wordpress\/ -->\n<title>Apuestas de cr\u00edquet mejor sitio web de apuestas de cricket. bonificaciones de bienvenida.<\/title>\n<meta name=\"description\" content=\"Apuestas de cr\u00edquet. Nuestra gu\u00eda de nivel de los mejores sitios de Internet de apuestas de cricket del Reino Unido le indicar\u00e1 las opciones de apuestas m\u00e1s famosas.\" \/>\n<meta name=\"robots\" content=\"index, follow, max-snippet:-1, max-image-preview:large, max-video-preview:-1\" \/>\n<link rel=\"canonical\" href=\"https:\/\/www.freebetsinfo.co.uk\/es\/apuestas-de-cricket\/\" \/>\n<meta property=\"og:locale\" content=\"es_ES\" \/>\n<meta property=\"og:type\" content=\"article\" \/>\n<meta property=\"og:title\" content=\"Apuestas de cr\u00edquet\" \/>\n<meta property=\"og:description\" content=\"Apuestas de cr\u00edquet. Nuestra gu\u00eda de nivel de los mejores sitios de Internet de apuestas de cricket del Reino Unido le indicar\u00e1 las opciones de apuestas m\u00e1s famosas.\" \/>\n<meta property=\"og:url\" content=\"https:\/\/www.freebetsinfo.co.uk\/es\/apuestas-de-cricket\/\" \/>\n<meta property=\"og:site_name\" content=\"Apuestas deportivas gratis, Apuestas en l\u00ednea Informaci\u00f3n de apuestas\" \/>\n<meta property=\"article:modified_time\" content=\"2021-07-01T14:34:38+00:00\" \/>\n<meta name=\"twitter:card\" content=\"summary_large_image\" \/>\n<meta name=\"twitter:label1\" content=\"Tiempo de lectura\" \/>\n\t<meta name=\"twitter:data1\" content=\"3 minutos\" \/>\n<script type=\"application\/ld+json\" class=\"yoast-schema-graph\">{\"@context\":\"https:\\\/\\\/schema.org\",\"@graph\":[{\"@type\":\"WebPage\",\"@id\":\"https:\\\/\\\/www.freebetsinfo.co.uk\\\/es\\\/apuestas-de-cricket\\\/\",\"url\":\"https:\\\/\\\/www.freebetsinfo.co.uk\\\/es\\\/apuestas-de-cricket\\\/\",\"name\":\"Apuestas de cr\u00edquet mejor sitio web de apuestas de cricket. bonificaciones de bienvenida.\",\"isPartOf\":{\"@id\":\"https:\\\/\\\/www.freebetsinfo.co.uk\\\/es\\\/#website\"},\"datePublished\":\"2017-11-18T09:40:03+00:00\",\"dateModified\":\"2021-07-01T14:34:38+00:00\",\"description\":\"Apuestas de cr\u00edquet. Nuestra gu\u00eda de nivel de los mejores sitios de Internet de apuestas de cricket del Reino Unido le indicar\u00e1 las opciones de apuestas m\u00e1s famosas.\",\"breadcrumb\":{\"@id\":\"https:\\\/\\\/www.freebetsinfo.co.uk\\\/es\\\/apuestas-de-cricket\\\/#breadcrumb\"},\"inLanguage\":\"es\",\"potentialAction\":[{\"@type\":\"ReadAction\",\"target\":[\"https:\\\/\\\/www.freebetsinfo.co.uk\\\/es\\\/apuestas-de-cricket\\\/\"]}]},{\"@type\":\"BreadcrumbList\",\"@id\":\"https:\\\/\\\/www.freebetsinfo.co.uk\\\/es\\\/apuestas-de-cricket\\\/#breadcrumb\",\"itemListElement\":[{\"@type\":\"ListItem\",\"position\":1,\"name\":\"Home\",\"item\":\"https:\\\/\\\/www.freebetsinfo.co.uk\\\/es\\\/\"},{\"@type\":\"ListItem\",\"position\":2,\"name\":\"Apuestas de cr\u00edquet\"}]},{\"@type\":\"WebSite\",\"@id\":\"https:\\\/\\\/www.freebetsinfo.co.uk\\\/es\\\/#website\",\"url\":\"https:\\\/\\\/www.freebetsinfo.co.uk\\\/es\\\/\",\"name\":\"Apuestas deportivas gratis, Apuestas en l\u00ednea Informaci\u00f3n de apuestas\",\"description\":\"Apuestas en l\u00ednea y c\u00f3digos de bonificaci\u00f3n de dep\u00f3sito sin casino! \u2705Los mejores sitios de apuestas en l\u00ednea Comentarios, \u2705Bonos de casinos en l\u00ednea!\",\"potentialAction\":[{\"@type\":\"SearchAction\",\"target\":{\"@type\":\"EntryPoint\",\"urlTemplate\":\"https:\\\/\\\/www.freebetsinfo.co.uk\\\/es\\\/?s={search_term_string}\"},\"query-input\":{\"@type\":\"PropertyValueSpecification\",\"valueRequired\":true,\"valueName\":\"search_term_string\"}}],\"inLanguage\":\"es\"}]}<\/script>\n<!-- \/ Yoast SEO Premium plugin. -->","yoast_head_json":{"title":"Apuestas de cr\u00edquet mejor sitio web de apuestas de cricket. bonificaciones de bienvenida.","description":"Apuestas de cr\u00edquet. Nuestra gu\u00eda de nivel de los mejores sitios de Internet de apuestas de cricket del Reino Unido le indicar\u00e1 las opciones de apuestas m\u00e1s famosas.","robots":{"index":"index","follow":"follow","max-snippet":"max-snippet:-1","max-image-preview":"max-image-preview:large","max-video-preview":"max-video-preview:-1"},"canonical":"https:\/\/www.freebetsinfo.co.uk\/es\/apuestas-de-cricket\/","og_locale":"es_ES","og_type":"article","og_title":"Apuestas de cr\u00edquet","og_description":"Apuestas de cr\u00edquet. Nuestra gu\u00eda de nivel de los mejores sitios de Internet de apuestas de cricket del Reino Unido le indicar\u00e1 las opciones de apuestas m\u00e1s famosas.","og_url":"https:\/\/www.freebetsinfo.co.uk\/es\/apuestas-de-cricket\/","og_site_name":"Apuestas deportivas gratis, Apuestas en l\u00ednea Informaci\u00f3n de apuestas","article_modified_time":"2021-07-01T14:34:38+00:00","twitter_card":"summary_large_image","twitter_misc":{"Tiempo de lectura":"3 minutos"},"schema":{"@context":"https:\/\/schema.org","@graph":[{"@type":"WebPage","@id":"https:\/\/www.freebetsinfo.co.uk\/es\/apuestas-de-cricket\/","url":"https:\/\/www.freebetsinfo.co.uk\/es\/apuestas-de-cricket\/","name":"Apuestas de cr\u00edquet mejor sitio web de apuestas de cricket. bonificaciones de bienvenida.","isPartOf":{"@id":"https:\/\/www.freebetsinfo.co.uk\/es\/#website"},"datePublished":"2017-11-18T09:40:03+00:00","dateModified":"2021-07-01T14:34:38+00:00","description":"Apuestas de cr\u00edquet. Nuestra gu\u00eda de nivel de los mejores sitios de Internet de apuestas de cricket del Reino Unido le indicar\u00e1 las opciones de apuestas m\u00e1s famosas.","breadcrumb":{"@id":"https:\/\/www.freebetsinfo.co.uk\/es\/apuestas-de-cricket\/#breadcrumb"},"inLanguage":"es","potentialAction":[{"@type":"ReadAction","target":["https:\/\/www.freebetsinfo.co.uk\/es\/apuestas-de-cricket\/"]}]},{"@type":"BreadcrumbList","@id":"https:\/\/www.freebetsinfo.co.uk\/es\/apuestas-de-cricket\/#breadcrumb","itemListElement":[{"@type":"ListItem","position":1,"name":"Home","item":"https:\/\/www.freebetsinfo.co.uk\/es\/"},{"@type":"ListItem","position":2,"name":"Apuestas de cr\u00edquet"}]},{"@type":"WebSite","@id":"https:\/\/www.freebetsinfo.co.uk\/es\/#website","url":"https:\/\/www.freebetsinfo.co.uk\/es\/","name":"Apuestas deportivas gratis, Apuestas en l\u00ednea Informaci\u00f3n de apuestas","description":"Apuestas en l\u00ednea y c\u00f3digos de bonificaci\u00f3n de dep\u00f3sito sin casino! \u2705Los mejores sitios de apuestas en l\u00ednea Comentarios, \u2705Bonos de casinos en l\u00ednea!","potentialAction":[{"@type":"SearchAction","target":{"@type":"EntryPoint","urlTemplate":"https:\/\/www.freebetsinfo.co.uk\/es\/?s={search_term_string}"},"query-input":{"@type":"PropertyValueSpecification","valueRequired":true,"valueName":"search_term_string"}}],"inLanguage":"es"}]}},"uagb_featured_image_src":{"full":false,"thumbnail":false,"medium":false,"medium_large":false,"large":false,"1536x1536":false,"2048x2048":false,"small":false,"custom-size":false},"uagb_author_info":{"display_name":"\u7ba1\u7406","author_link":"https:\/\/www.freebetsinfo.co.uk\/es\/author\/kdfl4q\/"},"uagb_comment_info":0,"uagb_excerpt":"Apuestas de cricket Ofertas de bonificaci\u00f3n animadas: \u00bfla cantidad de dinero que puede obtener? El mas grande casas de apuestas en el Reino Unido promover\u00e1 una variedad de mercados de actividades deportivas, desde tenis, nbspfootball y dardos, rugby hasta cricket. Apuestas de cricket Antes de registrarse con cualquiera de las casas de apuestas, aseg\u00farese de...&hellip;","_links":{"self":[{"href":"https:\/\/www.freebetsinfo.co.uk\/es\/wp-json\/wp\/v2\/pages\/2352","targetHints":{"allow":["GET"]}}],"collection":[{"href":"https:\/\/www.freebetsinfo.co.uk\/es\/wp-json\/wp\/v2\/pages"}],"about":[{"href":"https:\/\/www.freebetsinfo.co.uk\/es\/wp-json\/wp\/v2\/types\/page"}],"author":[{"embeddable":true,"href":"https:\/\/www.freebetsinfo.co.uk\/es\/wp-json\/wp\/v2\/users\/1"}],"replies":[{"embeddable":true,"href":"https:\/\/www.freebetsinfo.co.uk\/es\/wp-json\/wp\/v2\/comments?post=2352"}],"version-history":[{"count":0,"href":"https:\/\/www.freebetsinfo.co.uk\/es\/wp-json\/wp\/v2\/pages\/2352\/revisions"}],"wp:attachment":[{"href":"https:\/\/www.freebetsinfo.co.uk\/es\/wp-json\/wp\/v2\/media?parent=2352"}],"curies":[{"name":"wp","href":"https:\/\/api.w.org\/{rel}","templated":true}]}}