{"id":2353,"date":"2017-11-18T09:21:45","date_gmt":"2017-11-18T09:21:45","guid":{"rendered":"https:\/\/www.freebetsinfo.co.uk\/apuesta-gratuita\/"},"modified":"2021-07-09T08:31:35","modified_gmt":"2021-07-09T08:31:35","slug":"apuestas-gratuitas","status":"publish","type":"page","link":"https:\/\/www.freebetsinfo.co.uk\/es\/apuestas-gratuitas\/","title":{"rendered":"Apuestas gratuitas"},"content":{"rendered":"<h3><span style=\"color: #808080;\"><a style=\"color: #808080;\" href=\"https:\/\/www.freebetsinfo.co.uk\/es\/apuesta-gratuita\/\">Casa de apuestas deportivas<\/a> siempre est\u00e1n buscando nuevos negocios<\/span><\/h3>\n<p><span style=\"color: #808080;\">y le ofrecer\u00e1 una variedad de apuestas igualadas y otras<a style=\"color: #808080;\" href=\"https:\/\/www.freebetsinfo.co.uk\/es\/apuesta-gratuita\/\"> Apuesta gratis<\/a> . Es menos turbio porque parece, claro, que est\u00e1n detr\u00e1s de tu dinero, \u00a1sin embargo, te da mucho m\u00e1s dinero para ganar!<\/span><\/p>\n<p><span style=\"color: #808080;\">Este art\u00edculo se someter\u00e1 a varios de los tipos m\u00e1s frecuentes de \u00ab<a style=\"color: #808080;\" href=\"https:\/\/www.freebetsinfo.co.uk\/es\/apuesta-gratuita\/\"> apuesta gratis<\/a> \u201dProporcionada por los libros de texto de actividades deportivas en l\u00ednea, y lo que es probable que logre al usarlos. Tambi\u00e9n puede reclamar una amplia gama de ofertas dentro del escritorio.<\/span><\/p>\n<p><span style=\"color: #808080;\">\u00bfDesea estar siempre actualizado con cada una de las \u00faltimas apuestas gratuitas de las casas de apuestas del Reino Unido? Dir\u00edgete a nuestra secci\u00f3n de apuestas, en la que publicamos entregas diarias y totalmente<a style=\"color: #808080;\" href=\"https:\/\/www.freebetsinfo.co.uk\/es\/apuesta-gratuita\/\"> apuesta gratis<\/a> .<\/span><\/p>\n<h2><span style=\"color: #808080;\"><a style=\"color: #808080;\" href=\"https:\/\/www.freebetsinfo.co.uk\/es\/apuesta-gratuita\/\">Apuesta gratis<\/a> Acumulaci\u00f3n combinada<\/span><\/h2>\n<p><span style=\"color: #808080;\"> A continuaci\u00f3n, puede utilizar el dinero de su apuesta gratuita para realizar m\u00e1s apuestas. Esto puede evitar que usted cumpla con los objetivos de las apuestas al apostar \u00fanicamente en \u00abcertificaciones muertas\u00bb.<\/span><\/p>\n<h3><span style=\"color: #808080;\"><a style=\"color: #808080;\" href=\"https:\/\/www.freebetsinfo.co.uk\/es\/apuesta-gratuita\/\">Apuesta gratis<\/a> Apuesta gratuita sin pago inicial<\/span><\/h3>\n<p><span style=\"color: #808080;\">\u00a1Ahora estamos hablando! Algunos en internet<a style=\"color: #808080;\" href=\"https:\/\/www.freebetsinfo.co.uk\/es\/\"> sitios de apuestas<\/a> le proporcionar\u00e1 apuestas gratuitas simplemente por registrarse con ellos. Por lo general, este tipo de apuestas son de la variedad m\u00e1s reducida, por lo general entre \u00a3 5 y \u00a3 10. Una vez que haya completado el m\u00e9todo de indicaci\u00f3n, encontrar\u00e1 que tendr\u00e1 algo de efectivo \u00abgratis\u00bb en su cuenta bancaria.<\/span><\/p>\n<p><span style=\"color: #808080;\">Este dinero nunca se podr\u00e1 retirar; DEBER\u00c1 utilizarlo para apostar. Una vez m\u00e1s, la advertencia de las &#8216;probabilidades m\u00ednimas&#8217; probablemente entrar\u00e1 en juego, por lo que solo podr\u00e1 usar sus apuestas gratuitas en ciertos eventos (una vez m\u00e1s, no hay &#8216;certificaciones muertas&#8217;).<\/span><\/p>\n<p><span style=\"color: #808080;\">Hay un factor constante acerca de TODAS las apuestas gratuitas sin dep\u00f3sito en TODOS los libros de texto deportivos: su &#8216;dinero de apuesta gratis&#8217; no se vuelve realmente una apuesta una vez que detecta una apuesta en el caso de que la apuesta sea ganadora. Por ejemplo, en el caso de que haya utilizado \u00a3 10 de su dinero personal para apostar a que West Ham derrote al Liverpool a 2\/1 (3.00), anticipar\u00eda recibir \u00a3 30 (ganancias de \u00a3 20 y su devoluci\u00f3n de \u00a3 10) . Si est\u00e1 utilizando una opci\u00f3n totalmente gratuita, en ese caso no se devolver\u00e1 su apuesta. Dentro de las circunstancias anteriores, solo obtendr\u00eda \u00a3 20, en lugar de las \u00a3 30 que esperar\u00eda de otro modo.<\/span><\/p>\n<h3><span style=\"color: #808080;\">Sin opci\u00f3n libre de riesgo<\/span><\/h3>\n<p><span style=\"color: #808080;\">Una apuesta gratuita t\u00edpica es una buena forma de obtener dinero gratis de la Gu\u00eda de actividades deportivas en Internet.<\/span><\/p>\n<p><span style=\"color: #808080;\">Cuando se beneficia de apuestas \u00absin riesgo\u00bb. Utilizar\u00e1 sus propios fondos. Por lo general, es posible que no est\u00e9 sujeto al l\u00edmite de \u00abprobabilidades m\u00e1s bajas\u00bb, es decir, usted. Puede ser seg\u00fan sus propios deseos. Libertad de elecci\u00f3n en el mercado. Cualquier celebraci\u00f3n. Si su apuesta. En realidad, el ganador, luego celebre.<\/span><\/p>\n<p><span style=\"color: #808080;\">Si pierde su apuesta, entonces esta gu\u00eda de actividades deportivas. Su apuesta ser\u00e1 reembolsada (hasta e incluyendo ciertos l\u00edmites)<\/span><\/p>\n<p><span style=\"color: #808080;\">No creo que sea posible en el Arsenal. Suceder la UEFA Champions League. Derroche en el juego, y luego una vez. Si te eliminan en la fase de grupos, puedes regresar generosamente), pero esta es una apuesta gratis.<\/span><\/p>\n","protected":false},"excerpt":{"rendered":"Casa de apuestas deportivas siempre est\u00e1n buscando nuevos negocios y le ofrecer\u00e1 una variedad de apuestas igualadas y otras Apuesta gratis . Es menos turbio porque parece, claro, que est\u00e1n detr\u00e1s de tu dinero, \u00a1sin embargo, te da mucho m\u00e1s dinero para ganar! Este art\u00edculo se someter\u00e1 a varios de los tipos m\u00e1s frecuentes de&#8230; <a class=\"view-article\" href=\"https:\/\/www.freebetsinfo.co.uk\/es\/apuestas-gratuitas\/\">Ver art\u00edculo<\/a>","protected":false},"author":1,"featured_media":0,"parent":0,"menu_order":0,"comment_status":"closed","ping_status":"closed","template":"free-page-template.php","meta":{"_uag_custom_page_level_css":"","footnotes":""},"class_list":["post-2353","page","type-page","status-publish","hentry"],"yoast_head":"<!-- This site is optimized with the Yoast SEO Premium plugin v19.5 (Yoast SEO v27.5) - https:\/\/yoast.com\/product\/yoast-seo-premium-wordpress\/ -->\n<title>Apuesta gratuita: obt\u00e9n apuestas y ofertas diarias gratuitas de las casas de apuestas del Reino Unido.<\/title>\n<meta name=\"description\" content=\"Vea nuestra amplia gama de apuestas gratuitas de las mejores casas de apuestas de su Reino Unido y declare las mejores y mejores ofertas de nuestros compa\u00f1eros\" \/>\n<meta name=\"robots\" content=\"index, follow, max-snippet:-1, max-image-preview:large, max-video-preview:-1\" \/>\n<link rel=\"canonical\" href=\"https:\/\/www.freebetsinfo.co.uk\/es\/apuestas-gratuitas\/\" \/>\n<meta property=\"og:locale\" content=\"es_ES\" \/>\n<meta property=\"og:type\" content=\"article\" \/>\n<meta property=\"og:title\" content=\"Apuestas gratuitas\" \/>\n<meta property=\"og:description\" content=\"Vea nuestra amplia gama de apuestas gratuitas de las mejores casas de apuestas de su Reino Unido y declare las mejores y mejores ofertas de nuestros compa\u00f1eros\" \/>\n<meta property=\"og:url\" content=\"https:\/\/www.freebetsinfo.co.uk\/es\/apuestas-gratuitas\/\" \/>\n<meta property=\"og:site_name\" content=\"Apuestas deportivas gratis, Apuestas en l\u00ednea Informaci\u00f3n de apuestas\" \/>\n<meta property=\"article:modified_time\" content=\"2021-07-09T08:31:35+00:00\" \/>\n<meta name=\"twitter:card\" content=\"summary_large_image\" \/>\n<meta name=\"twitter:label1\" content=\"Tiempo de lectura\" \/>\n\t<meta name=\"twitter:data1\" content=\"3 minutos\" \/>\n<script type=\"application\/ld+json\" class=\"yoast-schema-graph\">{\"@context\":\"https:\\\/\\\/schema.org\",\"@graph\":[{\"@type\":\"WebPage\",\"@id\":\"https:\\\/\\\/www.freebetsinfo.co.uk\\\/es\\\/apuestas-gratuitas\\\/\",\"url\":\"https:\\\/\\\/www.freebetsinfo.co.uk\\\/es\\\/apuestas-gratuitas\\\/\",\"name\":\"Apuesta gratuita: obt\u00e9n apuestas y ofertas diarias gratuitas de las casas de apuestas del Reino Unido.\",\"isPartOf\":{\"@id\":\"https:\\\/\\\/www.freebetsinfo.co.uk\\\/es\\\/#website\"},\"datePublished\":\"2017-11-18T09:21:45+00:00\",\"dateModified\":\"2021-07-09T08:31:35+00:00\",\"description\":\"Vea nuestra amplia gama de apuestas gratuitas de las mejores casas de apuestas de su Reino Unido y declare las mejores y mejores ofertas de nuestros compa\u00f1eros\",\"breadcrumb\":{\"@id\":\"https:\\\/\\\/www.freebetsinfo.co.uk\\\/es\\\/apuestas-gratuitas\\\/#breadcrumb\"},\"inLanguage\":\"es\",\"potentialAction\":[{\"@type\":\"ReadAction\",\"target\":[\"https:\\\/\\\/www.freebetsinfo.co.uk\\\/es\\\/apuestas-gratuitas\\\/\"]}]},{\"@type\":\"BreadcrumbList\",\"@id\":\"https:\\\/\\\/www.freebetsinfo.co.uk\\\/es\\\/apuestas-gratuitas\\\/#breadcrumb\",\"itemListElement\":[{\"@type\":\"ListItem\",\"position\":1,\"name\":\"Home\",\"item\":\"https:\\\/\\\/www.freebetsinfo.co.uk\\\/es\\\/\"},{\"@type\":\"ListItem\",\"position\":2,\"name\":\"Apuestas gratuitas\"}]},{\"@type\":\"WebSite\",\"@id\":\"https:\\\/\\\/www.freebetsinfo.co.uk\\\/es\\\/#website\",\"url\":\"https:\\\/\\\/www.freebetsinfo.co.uk\\\/es\\\/\",\"name\":\"Apuestas deportivas gratis, Apuestas en l\u00ednea Informaci\u00f3n de apuestas\",\"description\":\"Apuestas en l\u00ednea y c\u00f3digos de bonificaci\u00f3n de dep\u00f3sito sin casino! \u2705Los mejores sitios de apuestas en l\u00ednea Comentarios, \u2705Bonos de casinos en l\u00ednea!\",\"potentialAction\":[{\"@type\":\"SearchAction\",\"target\":{\"@type\":\"EntryPoint\",\"urlTemplate\":\"https:\\\/\\\/www.freebetsinfo.co.uk\\\/es\\\/?s={search_term_string}\"},\"query-input\":{\"@type\":\"PropertyValueSpecification\",\"valueRequired\":true,\"valueName\":\"search_term_string\"}}],\"inLanguage\":\"es\"}]}<\/script>\n<!-- \/ Yoast SEO Premium plugin. -->","yoast_head_json":{"title":"Apuesta gratuita: obt\u00e9n apuestas y ofertas diarias gratuitas de las casas de apuestas del Reino Unido.","description":"Vea nuestra amplia gama de apuestas gratuitas de las mejores casas de apuestas de su Reino Unido y declare las mejores y mejores ofertas de nuestros compa\u00f1eros","robots":{"index":"index","follow":"follow","max-snippet":"max-snippet:-1","max-image-preview":"max-image-preview:large","max-video-preview":"max-video-preview:-1"},"canonical":"https:\/\/www.freebetsinfo.co.uk\/es\/apuestas-gratuitas\/","og_locale":"es_ES","og_type":"article","og_title":"Apuestas gratuitas","og_description":"Vea nuestra amplia gama de apuestas gratuitas de las mejores casas de apuestas de su Reino Unido y declare las mejores y mejores ofertas de nuestros compa\u00f1eros","og_url":"https:\/\/www.freebetsinfo.co.uk\/es\/apuestas-gratuitas\/","og_site_name":"Apuestas deportivas gratis, Apuestas en l\u00ednea Informaci\u00f3n de apuestas","article_modified_time":"2021-07-09T08:31:35+00:00","twitter_card":"summary_large_image","twitter_misc":{"Tiempo de lectura":"3 minutos"},"schema":{"@context":"https:\/\/schema.org","@graph":[{"@type":"WebPage","@id":"https:\/\/www.freebetsinfo.co.uk\/es\/apuestas-gratuitas\/","url":"https:\/\/www.freebetsinfo.co.uk\/es\/apuestas-gratuitas\/","name":"Apuesta gratuita: obt\u00e9n apuestas y ofertas diarias gratuitas de las casas de apuestas del Reino Unido.","isPartOf":{"@id":"https:\/\/www.freebetsinfo.co.uk\/es\/#website"},"datePublished":"2017-11-18T09:21:45+00:00","dateModified":"2021-07-09T08:31:35+00:00","description":"Vea nuestra amplia gama de apuestas gratuitas de las mejores casas de apuestas de su Reino Unido y declare las mejores y mejores ofertas de nuestros compa\u00f1eros","breadcrumb":{"@id":"https:\/\/www.freebetsinfo.co.uk\/es\/apuestas-gratuitas\/#breadcrumb"},"inLanguage":"es","potentialAction":[{"@type":"ReadAction","target":["https:\/\/www.freebetsinfo.co.uk\/es\/apuestas-gratuitas\/"]}]},{"@type":"BreadcrumbList","@id":"https:\/\/www.freebetsinfo.co.uk\/es\/apuestas-gratuitas\/#breadcrumb","itemListElement":[{"@type":"ListItem","position":1,"name":"Home","item":"https:\/\/www.freebetsinfo.co.uk\/es\/"},{"@type":"ListItem","position":2,"name":"Apuestas gratuitas"}]},{"@type":"WebSite","@id":"https:\/\/www.freebetsinfo.co.uk\/es\/#website","url":"https:\/\/www.freebetsinfo.co.uk\/es\/","name":"Apuestas deportivas gratis, Apuestas en l\u00ednea Informaci\u00f3n de apuestas","description":"Apuestas en l\u00ednea y c\u00f3digos de bonificaci\u00f3n de dep\u00f3sito sin casino! \u2705Los mejores sitios de apuestas en l\u00ednea Comentarios, \u2705Bonos de casinos en l\u00ednea!","potentialAction":[{"@type":"SearchAction","target":{"@type":"EntryPoint","urlTemplate":"https:\/\/www.freebetsinfo.co.uk\/es\/?s={search_term_string}"},"query-input":{"@type":"PropertyValueSpecification","valueRequired":true,"valueName":"search_term_string"}}],"inLanguage":"es"}]}},"uagb_featured_image_src":{"full":false,"thumbnail":false,"medium":false,"medium_large":false,"large":false,"1536x1536":false,"2048x2048":false,"small":false,"custom-size":false},"uagb_author_info":{"display_name":"\u7ba1\u7406","author_link":"https:\/\/www.freebetsinfo.co.uk\/es\/author\/kdfl4q\/"},"uagb_comment_info":0,"uagb_excerpt":"Casa de apuestas deportivas siempre est\u00e1n buscando nuevos negocios y le ofrecer\u00e1 una variedad de apuestas igualadas y otras Apuesta gratis . Es menos turbio porque parece, claro, que est\u00e1n detr\u00e1s de tu dinero, \u00a1sin embargo, te da mucho m\u00e1s dinero para ganar! Este art\u00edculo se someter\u00e1 a varios de los tipos m\u00e1s frecuentes de...&hellip;","_links":{"self":[{"href":"https:\/\/www.freebetsinfo.co.uk\/es\/wp-json\/wp\/v2\/pages\/2353","targetHints":{"allow":["GET"]}}],"collection":[{"href":"https:\/\/www.freebetsinfo.co.uk\/es\/wp-json\/wp\/v2\/pages"}],"about":[{"href":"https:\/\/www.freebetsinfo.co.uk\/es\/wp-json\/wp\/v2\/types\/page"}],"author":[{"embeddable":true,"href":"https:\/\/www.freebetsinfo.co.uk\/es\/wp-json\/wp\/v2\/users\/1"}],"replies":[{"embeddable":true,"href":"https:\/\/www.freebetsinfo.co.uk\/es\/wp-json\/wp\/v2\/comments?post=2353"}],"version-history":[{"count":0,"href":"https:\/\/www.freebetsinfo.co.uk\/es\/wp-json\/wp\/v2\/pages\/2353\/revisions"}],"wp:attachment":[{"href":"https:\/\/www.freebetsinfo.co.uk\/es\/wp-json\/wp\/v2\/media?parent=2353"}],"curies":[{"name":"wp","href":"https:\/\/api.w.org\/{rel}","templated":true}]}}