{"id":27240,"date":"2021-06-08T09:43:50","date_gmt":"2021-06-08T09:43:50","guid":{"rendered":"https:\/\/www.freebetsinfo.co.uk\/apuestas-de-poquer\/"},"modified":"2021-07-01T09:57:42","modified_gmt":"2021-07-01T09:57:42","slug":"apuestas-de-poquer","status":"publish","type":"page","link":"https:\/\/www.freebetsinfo.co.uk\/es\/apuestas-de-poquer\/","title":{"rendered":"Apuestas de p\u00f3quer"},"content":{"rendered":"<h3><span style=\"color: #999999;\">\u00daltimas ofertas de apuestas de p\u00f3quer Recargar bonificaciones adicionales<\/span><\/h3>\n<p><span style=\"color: #999999;\">Las recompensas de recarga tienen lugar justo despu\u00e9s del pago inicial. Puede esperar adquirir su dinero con un pago inicial que utiliza para incorporar m\u00e1s dinero a la cuenta.<\/span><\/p>\n<p><span style=\"color: #999999;\">El suministro es para personas que se quedan en un sitio web y aprecian jugar activamente aqu\u00ed, y s\u00ed, promueve el compromiso.<\/span><\/p>\n<p><span style=\"color: #999999;\">Las ofertas de bonificaci\u00f3n de recarga no son tan grandes como las bonificaciones de p\u00f3quer con el primer pago inicial. Mientras que el primer beneficio puesto implicar\u00eda una igualaci\u00f3n del 100%, un beneficio de recarga bien podr\u00eda valer 50 o 75%.<\/span><\/p>\n<p><span style=\"color: #999999;\">Adem\u00e1s, puede haber un l\u00edmite sobre la cantidad de dinero que puede reunir. Puede recibir hasta $ 50 por una recompensa de recarga como alternativa a aproximadamente $ 100. Pero un beneficio de recarga le brinda una excelente oportunidad de disfrutar de m\u00e1s efectivo, especialmente si est\u00e1 satisfecho con el sitio web.<\/span><\/p>\n<h3><span style=\"color: #999999;\">\u00daltimas ofertas de apuestas de p\u00f3quer Beneficio VIP<\/span><\/h3>\n<p><span style=\"color: #999999;\">Es posible calificar para un bono VIP si permanece en un sitio de Internet el tiempo suficiente y gana puntos de recompensa. La oferta podr\u00eda ser el mejor bono de p\u00f3quer en l\u00ednea para pr\u00e1cticamente cualquier participante, adem\u00e1s de que a menudo posee mejores frases que muchas recompensas de dep\u00f3sito agradables.<\/span><\/p>\n<ul>\n<li><span style=\"color: #999999;\">Puede generar un beneficio VIP basado en uno de estos elementos:<\/span><\/li>\n<li><span style=\"color: #999999;\">Es posible que deba apostar suficiente dinero en efectivo en complementos de p\u00f3quer para ser elegible para una compensaci\u00f3n.<\/span><\/li>\n<li><span style=\"color: #999999;\">El valor de su recompensa podr\u00eda mejorar si gasta m\u00e1s fondos en la p\u00e1gina web.<\/span><\/li>\n<li><span style=\"color: #999999;\">Las personas que llenen muchos m\u00e1s dep\u00f3sitos en el sitio web tambi\u00e9n podr\u00edan ser elegibles para estos bonos.<\/span><\/li>\n<\/ul>\n<p><span style=\"color: #999999;\">Debe evaluar las pautas de recompensas VIP en su sitio de Internet al ver cu\u00e1les son las pol\u00edticas para saber qu\u00e9 puede hacer para ser elegible para ellas. La mayor\u00eda de los lugares lo detectar\u00e1n autom\u00e1ticamente desde la membres\u00eda VIP, pero es posible que deba hacer el trabajo dependiendo de lo que le gustar\u00eda emplear.<\/span><\/p>\n<h3><span style=\"color: #999999;\">Beneficio de remisi\u00f3n<\/span><\/h3>\n<ul>\n<li><span style=\"color: #999999;\">Tambi\u00e9n puede utilizar una bonificaci\u00f3n adicional de recomendaci\u00f3n a trav\u00e9s de algunos sitios web. Un beneficio de afiliado opera con unos pocos pasos:<\/span><\/li>\n<li><span style=\"color: #999999;\">Vas a enviar un enlace web a una persona que lo estimule a inscribirse en un \u00e1rea de p\u00f3quer.<\/span><\/li>\n<li><span style=\"color: #999999;\">La persona se registrar\u00e1 en su cuenta a trav\u00e9s de su enlace.<\/span><\/li>\n<li><span style=\"color: #999999;\">El miembro m\u00e1s nuevo har\u00e1 el pago inicial en efectivo y participar\u00e1 en el sitio.<\/span><\/li>\n<li><span style=\"color: #999999;\">Puede esperar acumular un incentivo dependiendo de cu\u00e1nto acumule el participante y exactamente cu\u00e1nto gaste ese individuo.<\/span><\/li>\n<\/ul>\n<p><span style=\"color: #999999;\">La terminolog\u00eda para obtener una recompensa por recomendaci\u00f3n var\u00eda, ya que su amigo cercano tendr\u00e1 que depositar suficiente efectivo y jugar antes de que pueda acumular casi nada. El total que recolectar\u00e1 en la recompensa probablemente cambiar\u00e1 seg\u00fan la oferta. El sitio puede ofrecer informaci\u00f3n sobre lo que obtendr\u00e1 a trav\u00e9s de su operaci\u00f3n.<\/span><\/p>\n","protected":false},"excerpt":{"rendered":"\u00daltimas ofertas de apuestas de p\u00f3quer Recargar bonificaciones adicionales Las recompensas de recarga tienen lugar justo despu\u00e9s del pago inicial. Puede esperar adquirir su dinero con un pago inicial que utiliza para incorporar m\u00e1s dinero a la cuenta. El suministro es para personas que se quedan en un sitio web y aprecian jugar activamente aqu\u00ed,&#8230; <a class=\"view-article\" href=\"https:\/\/www.freebetsinfo.co.uk\/es\/apuestas-de-poquer\/\">Ver art\u00edculo<\/a>","protected":false},"author":1,"featured_media":0,"parent":0,"menu_order":0,"comment_status":"closed","ping_status":"closed","template":"Asia-Casino-Page-Template.php","meta":{"_uag_custom_page_level_css":"","footnotes":""},"class_list":["post-27240","page","type-page","status-publish","hentry"],"yoast_head":"<!-- This site is optimized with the Yoast SEO Premium plugin v19.5 (Yoast SEO v27.5) - https:\/\/yoast.com\/product\/yoast-seo-premium-wordpress\/ -->\n<title>\u00daltimas ofertas de apuestas de p\u00f3quer. Bono de registro de nuevo cliente.<\/title>\n<meta name=\"description\" content=\"\u00daltimas ofertas de apuestas de p\u00f3quer. Apuestas de p\u00f3quer , las \u00faltimas ofertas de apuestas de tragamonedas de las casas de apuestas asi\u00e1ticas, bono sin dep\u00f3sito. Bono de registro de nuevo cliente.\" \/>\n<meta name=\"robots\" content=\"index, follow, max-snippet:-1, max-image-preview:large, max-video-preview:-1\" \/>\n<link rel=\"canonical\" href=\"https:\/\/www.freebetsinfo.co.uk\/es\/apuestas-de-poquer\/\" \/>\n<meta property=\"og:locale\" content=\"es_ES\" \/>\n<meta property=\"og:type\" content=\"article\" \/>\n<meta property=\"og:title\" content=\"Apuestas de p\u00f3quer\" \/>\n<meta property=\"og:description\" content=\"\u00daltimas ofertas de apuestas de p\u00f3quer. Apuestas de p\u00f3quer , las \u00faltimas ofertas de apuestas de tragamonedas de las casas de apuestas asi\u00e1ticas, bono sin dep\u00f3sito. Bono de registro de nuevo cliente.\" \/>\n<meta property=\"og:url\" content=\"https:\/\/www.freebetsinfo.co.uk\/es\/apuestas-de-poquer\/\" \/>\n<meta property=\"og:site_name\" content=\"Apuestas deportivas gratis, Apuestas en l\u00ednea Informaci\u00f3n de apuestas\" \/>\n<meta property=\"article:modified_time\" content=\"2021-07-01T09:57:42+00:00\" \/>\n<meta name=\"twitter:card\" content=\"summary_large_image\" \/>\n<meta name=\"twitter:label1\" content=\"Tiempo de lectura\" \/>\n\t<meta name=\"twitter:data1\" content=\"3 minutos\" \/>\n<script type=\"application\/ld+json\" class=\"yoast-schema-graph\">{\"@context\":\"https:\\\/\\\/schema.org\",\"@graph\":[{\"@type\":\"WebPage\",\"@id\":\"https:\\\/\\\/www.freebetsinfo.co.uk\\\/es\\\/apuestas-de-poquer\\\/\",\"url\":\"https:\\\/\\\/www.freebetsinfo.co.uk\\\/es\\\/apuestas-de-poquer\\\/\",\"name\":\"\u00daltimas ofertas de apuestas de p\u00f3quer. Bono de registro de nuevo cliente.\",\"isPartOf\":{\"@id\":\"https:\\\/\\\/www.freebetsinfo.co.uk\\\/es\\\/#website\"},\"datePublished\":\"2021-06-08T09:43:50+00:00\",\"dateModified\":\"2021-07-01T09:57:42+00:00\",\"description\":\"\u00daltimas ofertas de apuestas de p\u00f3quer. Apuestas de p\u00f3quer , las \u00faltimas ofertas de apuestas de tragamonedas de las casas de apuestas asi\u00e1ticas, bono sin dep\u00f3sito. Bono de registro de nuevo cliente.\",\"breadcrumb\":{\"@id\":\"https:\\\/\\\/www.freebetsinfo.co.uk\\\/es\\\/apuestas-de-poquer\\\/#breadcrumb\"},\"inLanguage\":\"es\",\"potentialAction\":[{\"@type\":\"ReadAction\",\"target\":[\"https:\\\/\\\/www.freebetsinfo.co.uk\\\/es\\\/apuestas-de-poquer\\\/\"]}]},{\"@type\":\"BreadcrumbList\",\"@id\":\"https:\\\/\\\/www.freebetsinfo.co.uk\\\/es\\\/apuestas-de-poquer\\\/#breadcrumb\",\"itemListElement\":[{\"@type\":\"ListItem\",\"position\":1,\"name\":\"Home\",\"item\":\"https:\\\/\\\/www.freebetsinfo.co.uk\\\/es\\\/\"},{\"@type\":\"ListItem\",\"position\":2,\"name\":\"Apuestas de p\u00f3quer\"}]},{\"@type\":\"WebSite\",\"@id\":\"https:\\\/\\\/www.freebetsinfo.co.uk\\\/es\\\/#website\",\"url\":\"https:\\\/\\\/www.freebetsinfo.co.uk\\\/es\\\/\",\"name\":\"Apuestas deportivas gratis, Apuestas en l\u00ednea Informaci\u00f3n de apuestas\",\"description\":\"Apuestas en l\u00ednea y c\u00f3digos de bonificaci\u00f3n de dep\u00f3sito sin casino! \u2705Los mejores sitios de apuestas en l\u00ednea Comentarios, \u2705Bonos de casinos en l\u00ednea!\",\"potentialAction\":[{\"@type\":\"SearchAction\",\"target\":{\"@type\":\"EntryPoint\",\"urlTemplate\":\"https:\\\/\\\/www.freebetsinfo.co.uk\\\/es\\\/?s={search_term_string}\"},\"query-input\":{\"@type\":\"PropertyValueSpecification\",\"valueRequired\":true,\"valueName\":\"search_term_string\"}}],\"inLanguage\":\"es\"}]}<\/script>\n<!-- \/ Yoast SEO Premium plugin. -->","yoast_head_json":{"title":"\u00daltimas ofertas de apuestas de p\u00f3quer. Bono de registro de nuevo cliente.","description":"\u00daltimas ofertas de apuestas de p\u00f3quer. Apuestas de p\u00f3quer , las \u00faltimas ofertas de apuestas de tragamonedas de las casas de apuestas asi\u00e1ticas, bono sin dep\u00f3sito. Bono de registro de nuevo cliente.","robots":{"index":"index","follow":"follow","max-snippet":"max-snippet:-1","max-image-preview":"max-image-preview:large","max-video-preview":"max-video-preview:-1"},"canonical":"https:\/\/www.freebetsinfo.co.uk\/es\/apuestas-de-poquer\/","og_locale":"es_ES","og_type":"article","og_title":"Apuestas de p\u00f3quer","og_description":"\u00daltimas ofertas de apuestas de p\u00f3quer. Apuestas de p\u00f3quer , las \u00faltimas ofertas de apuestas de tragamonedas de las casas de apuestas asi\u00e1ticas, bono sin dep\u00f3sito. Bono de registro de nuevo cliente.","og_url":"https:\/\/www.freebetsinfo.co.uk\/es\/apuestas-de-poquer\/","og_site_name":"Apuestas deportivas gratis, Apuestas en l\u00ednea Informaci\u00f3n de apuestas","article_modified_time":"2021-07-01T09:57:42+00:00","twitter_card":"summary_large_image","twitter_misc":{"Tiempo de lectura":"3 minutos"},"schema":{"@context":"https:\/\/schema.org","@graph":[{"@type":"WebPage","@id":"https:\/\/www.freebetsinfo.co.uk\/es\/apuestas-de-poquer\/","url":"https:\/\/www.freebetsinfo.co.uk\/es\/apuestas-de-poquer\/","name":"\u00daltimas ofertas de apuestas de p\u00f3quer. Bono de registro de nuevo cliente.","isPartOf":{"@id":"https:\/\/www.freebetsinfo.co.uk\/es\/#website"},"datePublished":"2021-06-08T09:43:50+00:00","dateModified":"2021-07-01T09:57:42+00:00","description":"\u00daltimas ofertas de apuestas de p\u00f3quer. Apuestas de p\u00f3quer , las \u00faltimas ofertas de apuestas de tragamonedas de las casas de apuestas asi\u00e1ticas, bono sin dep\u00f3sito. Bono de registro de nuevo cliente.","breadcrumb":{"@id":"https:\/\/www.freebetsinfo.co.uk\/es\/apuestas-de-poquer\/#breadcrumb"},"inLanguage":"es","potentialAction":[{"@type":"ReadAction","target":["https:\/\/www.freebetsinfo.co.uk\/es\/apuestas-de-poquer\/"]}]},{"@type":"BreadcrumbList","@id":"https:\/\/www.freebetsinfo.co.uk\/es\/apuestas-de-poquer\/#breadcrumb","itemListElement":[{"@type":"ListItem","position":1,"name":"Home","item":"https:\/\/www.freebetsinfo.co.uk\/es\/"},{"@type":"ListItem","position":2,"name":"Apuestas de p\u00f3quer"}]},{"@type":"WebSite","@id":"https:\/\/www.freebetsinfo.co.uk\/es\/#website","url":"https:\/\/www.freebetsinfo.co.uk\/es\/","name":"Apuestas deportivas gratis, Apuestas en l\u00ednea Informaci\u00f3n de apuestas","description":"Apuestas en l\u00ednea y c\u00f3digos de bonificaci\u00f3n de dep\u00f3sito sin casino! \u2705Los mejores sitios de apuestas en l\u00ednea Comentarios, \u2705Bonos de casinos en l\u00ednea!","potentialAction":[{"@type":"SearchAction","target":{"@type":"EntryPoint","urlTemplate":"https:\/\/www.freebetsinfo.co.uk\/es\/?s={search_term_string}"},"query-input":{"@type":"PropertyValueSpecification","valueRequired":true,"valueName":"search_term_string"}}],"inLanguage":"es"}]}},"uagb_featured_image_src":{"full":false,"thumbnail":false,"medium":false,"medium_large":false,"large":false,"1536x1536":false,"2048x2048":false,"small":false,"custom-size":false},"uagb_author_info":{"display_name":"\u7ba1\u7406","author_link":"https:\/\/www.freebetsinfo.co.uk\/es\/author\/kdfl4q\/"},"uagb_comment_info":0,"uagb_excerpt":"\u00daltimas ofertas de apuestas de p\u00f3quer Recargar bonificaciones adicionales Las recompensas de recarga tienen lugar justo despu\u00e9s del pago inicial. Puede esperar adquirir su dinero con un pago inicial que utiliza para incorporar m\u00e1s dinero a la cuenta. El suministro es para personas que se quedan en un sitio web y aprecian jugar activamente aqu\u00ed,...&hellip;","_links":{"self":[{"href":"https:\/\/www.freebetsinfo.co.uk\/es\/wp-json\/wp\/v2\/pages\/27240","targetHints":{"allow":["GET"]}}],"collection":[{"href":"https:\/\/www.freebetsinfo.co.uk\/es\/wp-json\/wp\/v2\/pages"}],"about":[{"href":"https:\/\/www.freebetsinfo.co.uk\/es\/wp-json\/wp\/v2\/types\/page"}],"author":[{"embeddable":true,"href":"https:\/\/www.freebetsinfo.co.uk\/es\/wp-json\/wp\/v2\/users\/1"}],"replies":[{"embeddable":true,"href":"https:\/\/www.freebetsinfo.co.uk\/es\/wp-json\/wp\/v2\/comments?post=27240"}],"version-history":[{"count":0,"href":"https:\/\/www.freebetsinfo.co.uk\/es\/wp-json\/wp\/v2\/pages\/27240\/revisions"}],"wp:attachment":[{"href":"https:\/\/www.freebetsinfo.co.uk\/es\/wp-json\/wp\/v2\/media?parent=27240"}],"curies":[{"name":"wp","href":"https:\/\/api.w.org\/{rel}","templated":true}]}}