{"id":27267,"date":"2021-06-08T09:31:52","date_gmt":"2021-06-08T09:31:52","guid":{"rendered":"https:\/\/www.freebetsinfo.co.uk\/apuestas-de-tragamonedas\/"},"modified":"2021-07-01T10:08:51","modified_gmt":"2021-07-01T10:08:51","slug":"apuestas-de-tragamonedas","status":"publish","type":"page","link":"https:\/\/www.freebetsinfo.co.uk\/es\/apuestas-de-tragamonedas\/","title":{"rendered":"Apuestas de tragamonedas"},"content":{"rendered":"<h3><span style=\"color: #808080;\">Siempre revisamos los testimonios de los usuarios finales<\/span><\/h3>\n<p><span style=\"color: #808080;\">Al igual que si estuviera adquiriendo cualquier otra cosa en l\u00ednea, generalmente desea pensar en las rese\u00f1as de los consumidores. A veces, alguien podr\u00eda tener un conocimiento privado negativo sobre una aplicaci\u00f3n de m\u00e1quinas tragamonedas de d\u00f3lares genuinos o un sitio web de casino y, como resultado, dejar una rese\u00f1a demasiado cr\u00edtica.<\/span><\/p>\n<h3><span style=\"color: #808080;\">En lo \u00faltimo<a href=\"https:\/\/www.freebetsinfo.co.uk\/zh-hans\/%e4%ba%9a%e6%b4%b2%e5%8d%9a%e5%bd%a9%e5%85%ac%e5%8f%b8\/\"> Ofertas de apuestas de tragamonedas<\/a> Por otro lado, las personas dejar\u00e1n testimonios beneficiosos porque se les paga por hacer esto. <\/span><\/h3>\n<p><span style=\"color: #808080;\">Es por eso que los testimonios de los juegos de m\u00e1quinas tragamonedas en l\u00ednea no cuentan la narrativa completa. Es dif\u00edcil, pero todos hacemos nuestro mejor esfuerzo para buscar en varias rese\u00f1as y descubrir cu\u00e1les son realmente genuinas en funci\u00f3n de la redacci\u00f3n, el historial del usuario final y nuestros encuentros individuales con el uso de los sitios de Internet de los casinos en Internet.<\/span><\/p>\n<p><span style=\"color: #808080;\">Reddit es un gran sistema para buscar testimonios, ya que tienen moderadores dentro del foro que eliminan con frecuencia las publicaciones no deseadas.<\/span><\/p>\n<h3><span style=\"color: #808080;\">Comprobamos los pagos<\/span><\/h3>\n<p><span style=\"color: #808080;\">Una cosa importante que realmente nos une a todos esos otros revisores es nuestra selecci\u00f3n de las opciones financieras en cualquier casino en l\u00ednea de m\u00e1quinas tragamonedas con dinero real. Decidir sobre un sitio de casino en Internet de EE. UU. No es una tarea f\u00e1cil, y asegurarnos de que el dep\u00f3sito seguro y los retiros sean nuestro objetivo inicial al participar en t\u00edtulos de juegos de puertos en l\u00ednea por el dinero.<\/span><\/p>\n<p><span style=\"color: #808080;\">Vamos a crear una serie de cuentas independientes e intentamos generar dep\u00f3sitos y retiros. Nos aseguramos de que cada uno de nuestros usuarios pueda realizar dep\u00f3sitos, jugar algunos videojuegos y obtener dinero en el estilo adecuado.<\/span><\/p>\n<p><span style=\"color: #808080;\">Una vez que experimentamos alg\u00fan inconveniente, vamos directamente al servicio de atenci\u00f3n al cliente para averiguar si podemos solucionarlo. Cuando tenemos la soluci\u00f3n de ellos, entendemos que estamos en medio de una operaci\u00f3n deshonesta.<\/span><\/p>\n<h3><span style=\"color: #808080;\">Usamos todas y cada una de las formas de contacto con Money US genuino.<a href=\"https:\/\/www.freebetsinfo.co.uk\/zh-hans\/%e4%ba%9a%e6%b4%b2%e5%8d%9a%e5%bd%a9%e5%85%ac%e5%8f%b8\/\"> \u00daltimas ofertas de apuestas de tragamonedas<\/a> Proporciona<\/span><\/h3>\n<p><span style=\"color: #808080;\">A menudo encontrar\u00e1 varios m\u00e9todos de contacto, como el correo electr\u00f3nico o incluso su n\u00famero de tel\u00e9fono m\u00f3vil en el casino de Internet de su elecci\u00f3n. A veces, incluso puedes encontrar tu lugar de residencia para charlar. Hay muchas otras opciones disponibles, pero no importa cu\u00e1ntas haya, las revisaremos todas. El problema no es que lo comprobamos. Cu\u00e1ntos establecimientos de juego de m\u00e1quinas tragamonedas de Internet, verificaremos cada elecci\u00f3n en todo momento.<\/span><\/p>\n<p><span style=\"color: #808080;\">Estamos comprobando su tasa de respuesta. Y est\u00e1n dentro del plazo prometido. Responde nuestro tiempo. Si el casino de Internet afirma. Pueden ser dentro de las veinticuatro horas. En respuesta a cualquier problema, confiamos en estos para respaldar esta rutina.<\/span><\/p>\n<p><span style=\"color: #808080;\">Sin embargo, otra cosa que examinamos es cuando nos hablan. No nos gustar\u00eda que se enteraran de que nuestra empresa son revisores, por lo que nos aseguramos de parecer el usuario habitual que intenta encontrar apoyo.<\/span><\/p>\n","protected":false},"excerpt":{"rendered":"Siempre revisamos los testimonios de los usuarios finales Al igual que si estuviera adquiriendo cualquier otra cosa en l\u00ednea, generalmente desea pensar en las rese\u00f1as de los consumidores. A veces, alguien podr\u00eda tener un conocimiento privado negativo sobre una aplicaci\u00f3n de m\u00e1quinas tragamonedas de d\u00f3lares genuinos o un sitio web de casino y, como resultado,&#8230; <a class=\"view-article\" href=\"https:\/\/www.freebetsinfo.co.uk\/es\/apuestas-de-tragamonedas\/\">Ver art\u00edculo<\/a>","protected":false},"author":1,"featured_media":0,"parent":0,"menu_order":0,"comment_status":"closed","ping_status":"closed","template":"Asia-Casino-Page-Template.php","meta":{"_uag_custom_page_level_css":"","footnotes":""},"class_list":["post-27267","page","type-page","status-publish","hentry"],"yoast_head":"<!-- This site is optimized with the Yoast SEO Premium plugin v19.5 (Yoast SEO v27.5) - https:\/\/yoast.com\/product\/yoast-seo-premium-wordpress\/ -->\n<title>Apuestas de tragamonedas , las \u00faltimas ofertas de apuestas de tragamonedas de las casas de apuestas asi\u00e1ticas<\/title>\n<meta name=\"description\" content=\"Apuestas de tragamonedas , las \u00faltimas ofertas de apuestas de tragamonedas de las casas de apuestas asi\u00e1ticas, las mejores casas de apuestas en l\u00ednea de Asia con la mayor cantidad de ofertas y los retiros m\u00e1s r\u00e1pidos.\" \/>\n<meta name=\"robots\" content=\"index, follow, max-snippet:-1, max-image-preview:large, max-video-preview:-1\" \/>\n<link rel=\"canonical\" href=\"https:\/\/www.freebetsinfo.co.uk\/es\/apuestas-de-tragamonedas\/\" \/>\n<meta property=\"og:locale\" content=\"es_ES\" \/>\n<meta property=\"og:type\" content=\"article\" \/>\n<meta property=\"og:title\" content=\"Apuestas de tragamonedas\" \/>\n<meta property=\"og:description\" content=\"Apuestas de tragamonedas , las \u00faltimas ofertas de apuestas de tragamonedas de las casas de apuestas asi\u00e1ticas, las mejores casas de apuestas en l\u00ednea de Asia con la mayor cantidad de ofertas y los retiros m\u00e1s r\u00e1pidos.\" \/>\n<meta property=\"og:url\" content=\"https:\/\/www.freebetsinfo.co.uk\/es\/apuestas-de-tragamonedas\/\" \/>\n<meta property=\"og:site_name\" content=\"Apuestas deportivas gratis, Apuestas en l\u00ednea Informaci\u00f3n de apuestas\" \/>\n<meta property=\"article:modified_time\" content=\"2021-07-01T10:08:51+00:00\" \/>\n<meta name=\"twitter:card\" content=\"summary_large_image\" \/>\n<meta name=\"twitter:label1\" content=\"Tiempo de lectura\" \/>\n\t<meta name=\"twitter:data1\" content=\"3 minutos\" \/>\n<script type=\"application\/ld+json\" class=\"yoast-schema-graph\">{\"@context\":\"https:\\\/\\\/schema.org\",\"@graph\":[{\"@type\":\"WebPage\",\"@id\":\"https:\\\/\\\/www.freebetsinfo.co.uk\\\/es\\\/apuestas-de-tragamonedas\\\/\",\"url\":\"https:\\\/\\\/www.freebetsinfo.co.uk\\\/es\\\/apuestas-de-tragamonedas\\\/\",\"name\":\"Apuestas de tragamonedas , las \u00faltimas ofertas de apuestas de tragamonedas de las casas de apuestas asi\u00e1ticas\",\"isPartOf\":{\"@id\":\"https:\\\/\\\/www.freebetsinfo.co.uk\\\/es\\\/#website\"},\"datePublished\":\"2021-06-08T09:31:52+00:00\",\"dateModified\":\"2021-07-01T10:08:51+00:00\",\"description\":\"Apuestas de tragamonedas , las \u00faltimas ofertas de apuestas de tragamonedas de las casas de apuestas asi\u00e1ticas, las mejores casas de apuestas en l\u00ednea de Asia con la mayor cantidad de ofertas y los retiros m\u00e1s r\u00e1pidos.\",\"breadcrumb\":{\"@id\":\"https:\\\/\\\/www.freebetsinfo.co.uk\\\/es\\\/apuestas-de-tragamonedas\\\/#breadcrumb\"},\"inLanguage\":\"es\",\"potentialAction\":[{\"@type\":\"ReadAction\",\"target\":[\"https:\\\/\\\/www.freebetsinfo.co.uk\\\/es\\\/apuestas-de-tragamonedas\\\/\"]}]},{\"@type\":\"BreadcrumbList\",\"@id\":\"https:\\\/\\\/www.freebetsinfo.co.uk\\\/es\\\/apuestas-de-tragamonedas\\\/#breadcrumb\",\"itemListElement\":[{\"@type\":\"ListItem\",\"position\":1,\"name\":\"Home\",\"item\":\"https:\\\/\\\/www.freebetsinfo.co.uk\\\/es\\\/\"},{\"@type\":\"ListItem\",\"position\":2,\"name\":\"Apuestas de tragamonedas\"}]},{\"@type\":\"WebSite\",\"@id\":\"https:\\\/\\\/www.freebetsinfo.co.uk\\\/es\\\/#website\",\"url\":\"https:\\\/\\\/www.freebetsinfo.co.uk\\\/es\\\/\",\"name\":\"Apuestas deportivas gratis, Apuestas en l\u00ednea Informaci\u00f3n de apuestas\",\"description\":\"Apuestas en l\u00ednea y c\u00f3digos de bonificaci\u00f3n de dep\u00f3sito sin casino! \u2705Los mejores sitios de apuestas en l\u00ednea Comentarios, \u2705Bonos de casinos en l\u00ednea!\",\"potentialAction\":[{\"@type\":\"SearchAction\",\"target\":{\"@type\":\"EntryPoint\",\"urlTemplate\":\"https:\\\/\\\/www.freebetsinfo.co.uk\\\/es\\\/?s={search_term_string}\"},\"query-input\":{\"@type\":\"PropertyValueSpecification\",\"valueRequired\":true,\"valueName\":\"search_term_string\"}}],\"inLanguage\":\"es\"}]}<\/script>\n<!-- \/ Yoast SEO Premium plugin. -->","yoast_head_json":{"title":"Apuestas de tragamonedas , las \u00faltimas ofertas de apuestas de tragamonedas de las casas de apuestas asi\u00e1ticas","description":"Apuestas de tragamonedas , las \u00faltimas ofertas de apuestas de tragamonedas de las casas de apuestas asi\u00e1ticas, las mejores casas de apuestas en l\u00ednea de Asia con la mayor cantidad de ofertas y los retiros m\u00e1s r\u00e1pidos.","robots":{"index":"index","follow":"follow","max-snippet":"max-snippet:-1","max-image-preview":"max-image-preview:large","max-video-preview":"max-video-preview:-1"},"canonical":"https:\/\/www.freebetsinfo.co.uk\/es\/apuestas-de-tragamonedas\/","og_locale":"es_ES","og_type":"article","og_title":"Apuestas de tragamonedas","og_description":"Apuestas de tragamonedas , las \u00faltimas ofertas de apuestas de tragamonedas de las casas de apuestas asi\u00e1ticas, las mejores casas de apuestas en l\u00ednea de Asia con la mayor cantidad de ofertas y los retiros m\u00e1s r\u00e1pidos.","og_url":"https:\/\/www.freebetsinfo.co.uk\/es\/apuestas-de-tragamonedas\/","og_site_name":"Apuestas deportivas gratis, Apuestas en l\u00ednea Informaci\u00f3n de apuestas","article_modified_time":"2021-07-01T10:08:51+00:00","twitter_card":"summary_large_image","twitter_misc":{"Tiempo de lectura":"3 minutos"},"schema":{"@context":"https:\/\/schema.org","@graph":[{"@type":"WebPage","@id":"https:\/\/www.freebetsinfo.co.uk\/es\/apuestas-de-tragamonedas\/","url":"https:\/\/www.freebetsinfo.co.uk\/es\/apuestas-de-tragamonedas\/","name":"Apuestas de tragamonedas , las \u00faltimas ofertas de apuestas de tragamonedas de las casas de apuestas asi\u00e1ticas","isPartOf":{"@id":"https:\/\/www.freebetsinfo.co.uk\/es\/#website"},"datePublished":"2021-06-08T09:31:52+00:00","dateModified":"2021-07-01T10:08:51+00:00","description":"Apuestas de tragamonedas , las \u00faltimas ofertas de apuestas de tragamonedas de las casas de apuestas asi\u00e1ticas, las mejores casas de apuestas en l\u00ednea de Asia con la mayor cantidad de ofertas y los retiros m\u00e1s r\u00e1pidos.","breadcrumb":{"@id":"https:\/\/www.freebetsinfo.co.uk\/es\/apuestas-de-tragamonedas\/#breadcrumb"},"inLanguage":"es","potentialAction":[{"@type":"ReadAction","target":["https:\/\/www.freebetsinfo.co.uk\/es\/apuestas-de-tragamonedas\/"]}]},{"@type":"BreadcrumbList","@id":"https:\/\/www.freebetsinfo.co.uk\/es\/apuestas-de-tragamonedas\/#breadcrumb","itemListElement":[{"@type":"ListItem","position":1,"name":"Home","item":"https:\/\/www.freebetsinfo.co.uk\/es\/"},{"@type":"ListItem","position":2,"name":"Apuestas de tragamonedas"}]},{"@type":"WebSite","@id":"https:\/\/www.freebetsinfo.co.uk\/es\/#website","url":"https:\/\/www.freebetsinfo.co.uk\/es\/","name":"Apuestas deportivas gratis, Apuestas en l\u00ednea Informaci\u00f3n de apuestas","description":"Apuestas en l\u00ednea y c\u00f3digos de bonificaci\u00f3n de dep\u00f3sito sin casino! \u2705Los mejores sitios de apuestas en l\u00ednea Comentarios, \u2705Bonos de casinos en l\u00ednea!","potentialAction":[{"@type":"SearchAction","target":{"@type":"EntryPoint","urlTemplate":"https:\/\/www.freebetsinfo.co.uk\/es\/?s={search_term_string}"},"query-input":{"@type":"PropertyValueSpecification","valueRequired":true,"valueName":"search_term_string"}}],"inLanguage":"es"}]}},"uagb_featured_image_src":{"full":false,"thumbnail":false,"medium":false,"medium_large":false,"large":false,"1536x1536":false,"2048x2048":false,"small":false,"custom-size":false},"uagb_author_info":{"display_name":"\u7ba1\u7406","author_link":"https:\/\/www.freebetsinfo.co.uk\/es\/author\/kdfl4q\/"},"uagb_comment_info":0,"uagb_excerpt":"Siempre revisamos los testimonios de los usuarios finales Al igual que si estuviera adquiriendo cualquier otra cosa en l\u00ednea, generalmente desea pensar en las rese\u00f1as de los consumidores. A veces, alguien podr\u00eda tener un conocimiento privado negativo sobre una aplicaci\u00f3n de m\u00e1quinas tragamonedas de d\u00f3lares genuinos o un sitio web de casino y, como resultado,...&hellip;","_links":{"self":[{"href":"https:\/\/www.freebetsinfo.co.uk\/es\/wp-json\/wp\/v2\/pages\/27267","targetHints":{"allow":["GET"]}}],"collection":[{"href":"https:\/\/www.freebetsinfo.co.uk\/es\/wp-json\/wp\/v2\/pages"}],"about":[{"href":"https:\/\/www.freebetsinfo.co.uk\/es\/wp-json\/wp\/v2\/types\/page"}],"author":[{"embeddable":true,"href":"https:\/\/www.freebetsinfo.co.uk\/es\/wp-json\/wp\/v2\/users\/1"}],"replies":[{"embeddable":true,"href":"https:\/\/www.freebetsinfo.co.uk\/es\/wp-json\/wp\/v2\/comments?post=27267"}],"version-history":[{"count":0,"href":"https:\/\/www.freebetsinfo.co.uk\/es\/wp-json\/wp\/v2\/pages\/27267\/revisions"}],"wp:attachment":[{"href":"https:\/\/www.freebetsinfo.co.uk\/es\/wp-json\/wp\/v2\/media?parent=27267"}],"curies":[{"name":"wp","href":"https:\/\/api.w.org\/{rel}","templated":true}]}}