{"id":27338,"date":"2021-06-08T09:51:58","date_gmt":"2021-06-08T09:51:58","guid":{"rendered":"https:\/\/www.freebetsinfo.co.uk\/apuestas-de-deportes-electronicos\/"},"modified":"2021-08-13T15:09:31","modified_gmt":"2021-08-13T15:09:31","slug":"apuestas-deportivas-electronicas","status":"publish","type":"page","link":"https:\/\/www.freebetsinfo.co.uk\/es\/apuestas-deportivas-electronicas\/","title":{"rendered":"Apuestas de deportes electr\u00f3nicos"},"content":{"rendered":"<h3><span style=\"color: #999999;\">Gu\u00eda de ayuda especializada para apuestas de deportes electr\u00f3nicos<\/span><\/h3>\n<p><span style=\"color: #999999;\">Apostar en los deportes electr\u00f3nicos es un GRAN punto en este momento. Esta forma (relativamente) nueva de apuestas tuvo un comienzo lento, sin embargo, ha recibido mucha tracci\u00f3n en los \u00faltimos a\u00f1os. El aumento sigue siendo tan incre\u00edble que se ha aproximado a c\u00f3mo el mercado internacional de deportes electr\u00f3nicos probablemente tendr\u00e1 un valor de casi $ 30 mil millones para el a\u00f1o 2020.<\/span><\/p>\n<p><span style=\"color: #999999;\">Esa es una forma tremenda, especialmente si se tiene en cuenta que los deportes electr\u00f3nicos todav\u00eda estar\u00e1n \u00abbajo el radar\u00bb en alg\u00fan nivel. La base de fan\u00e1ticos de los deportes electr\u00f3nicos es grande hoy en d\u00eda, pero no es tan grande como la base de fan\u00e1ticos del atletismo est\u00e1ndar como el f\u00fatbol, el baloncesto y el golf. La mayor\u00eda de las personas ajenas a esas formas de bases de fans no tienen ni idea de qu\u00e9 son t\u00edpicos los deportes electr\u00f3nicos. Ciertamente, no saben casi nada sobre apostar por ellos.<\/span><\/p>\n<h3><span style=\"color: #999999;\">\u00bf\u00daltimas ofertas de apuestas de<a href=\"https:\/\/www.freebetbest.com\/betting-sites\/\">deportes electr\u00f3nicos<\/a>? \u00bfY c\u00f3mo funciona el juego de deportes electr\u00f3nicos?<\/span><\/h3>\n<p><span style=\"color: #999999;\">Obtendr\u00e1 las respuestas a estas preguntas (y muchas m\u00e1s) en esta gu\u00eda de ayuda completa para los deportes electr\u00f3nicos. Ha sido cuidadosamente recopilado por nosotros, los expertos, para ayudarlo a CUALQUIER PERSONA que est\u00e9 interesada en apostar en deportes electr\u00f3nicos. Hay un \u00e1rea enfocada a describir acerca de los deportes electr\u00f3nicos, en conclusi\u00f3n, y la otra que maneja el funcionamiento de las apuestas.<\/span><\/p>\n<h3><span style=\"color: #999999;\">Tambi\u00e9n hay algunos consejos b\u00e1sicos de juego para principiantes, junto con una gu\u00eda estrat\u00e9gica m\u00e1s sofisticada.<\/span><\/h3>\n<p><span style=\"color: #999999;\">Tambi\u00e9n hemos fomentado los sitios de Internet de apuestas de deportes electr\u00f3nicos m\u00e1s eficaces, y hay una secci\u00f3n para los medios m\u00e1s recientes junto con informaci\u00f3n sobre las pr\u00f3ximas ocasiones.<\/span><\/p>\n<p><span style=\"color: #999999;\">Definitivamente podr\u00edamos ayudarlo a pasar un momento emocionante utilizando este tipo de juegos de azar. En conclusi\u00f3n, nuestras sugerencias podr\u00edan incluso ayudarlo a desarrollar d\u00f3lares. Puede leer en el sitio para obtener m\u00e1s detalles sobre lo que se incluye, o utilizar estos v\u00ednculos de retroceso para viajar directamente a lo que est\u00e1 buscando.<\/span><\/p>\n<h3><span style=\"color: #999999;\">Acerca de \u00daltimas apuestas de deportes electr\u00f3nicos Ofertas<\/span><\/h3>\n<p><span style=\"color: #999999;\">Esta \u00e1rea de nuestra gu\u00eda de apuestas de deportes electr\u00f3nicos es para aquellos que no est\u00e1n familiarizados con los deportes electr\u00f3nicos, y donde aclaramos sobre este g\u00e9nero de actividad y lo que est\u00e1 involucrado. Comencemos con un r\u00e1pido desglose de qu\u00e9 son exactamente los deportes electr\u00f3nicos.<\/span><\/p>\n<p><span style=\"color: #999999;\">El t\u00e9rmino deportes electr\u00f3nicos es r\u00e1pido para los deportes electr\u00f3nicos y describe los videojuegos de videoclips de la competencia. Entonces, b\u00e1sicamente estamos hablando de individuos que disfrutan de los videojuegos contra otros en los niveles de competencia. No hace falta decir que esto no es nada nuevo en s\u00ed mismo, ya que ha estado sucediendo en las residencias de las personas desde que llegaron las computadoras personales y los sistemas de juegos de la primera residencia.<\/span><\/p>\n","protected":false},"excerpt":{"rendered":"Gu\u00eda de ayuda especializada para apuestas de deportes electr\u00f3nicos Apostar en los deportes electr\u00f3nicos es un GRAN punto en este momento. Esta forma (relativamente) nueva de apuestas tuvo un comienzo lento, sin embargo, ha recibido mucha tracci\u00f3n en los \u00faltimos a\u00f1os. El aumento sigue siendo tan incre\u00edble que se ha aproximado a c\u00f3mo el mercado&#8230; <a class=\"view-article\" href=\"https:\/\/www.freebetsinfo.co.uk\/es\/apuestas-deportivas-electronicas\/\">Ver art\u00edculo<\/a>","protected":false},"author":1,"featured_media":0,"parent":0,"menu_order":0,"comment_status":"closed","ping_status":"closed","template":"Asia-Casino-Page-Template.php","meta":{"_uag_custom_page_level_css":"","footnotes":""},"class_list":["post-27338","page","type-page","status-publish","hentry"],"yoast_head":"<!-- This site is optimized with the Yoast SEO Premium plugin v19.5 (Yoast SEO v27.3) - https:\/\/yoast.com\/product\/yoast-seo-premium-wordpress\/ -->\n<title>\u00daltimas ofertas de apuestas de deportes electr\u00f3nicos Apuestas de deportes electr\u00f3nicos , no se requiere dep\u00f3sito<\/title>\n<meta name=\"description\" content=\"\u00daltimas ofertas de apuestas de deportes electr\u00f3nicos Apuestas de deportes electr\u00f3nicos , bonificaci\u00f3n gratuita del casino Asian Bookmakers Online sin dep\u00f3sito. \u00daltimos bonos de casino\" \/>\n<meta name=\"robots\" content=\"index, follow, max-snippet:-1, max-image-preview:large, max-video-preview:-1\" \/>\n<link rel=\"canonical\" href=\"https:\/\/www.freebetsinfo.co.uk\/es\/apuestas-deportivas-electronicas\/\" \/>\n<meta property=\"og:locale\" content=\"es_ES\" \/>\n<meta property=\"og:type\" content=\"article\" \/>\n<meta property=\"og:title\" content=\"Apuestas de deportes electr\u00f3nicos\" \/>\n<meta property=\"og:description\" content=\"\u00daltimas ofertas de apuestas de deportes electr\u00f3nicos Apuestas de deportes electr\u00f3nicos , bonificaci\u00f3n gratuita del casino Asian Bookmakers Online sin dep\u00f3sito. \u00daltimos bonos de casino\" \/>\n<meta property=\"og:url\" content=\"https:\/\/www.freebetsinfo.co.uk\/es\/apuestas-deportivas-electronicas\/\" \/>\n<meta property=\"og:site_name\" content=\"Apuestas deportivas gratis, Apuestas en l\u00ednea Informaci\u00f3n de apuestas\" \/>\n<meta property=\"article:modified_time\" content=\"2021-08-13T15:09:31+00:00\" \/>\n<meta name=\"twitter:card\" content=\"summary_large_image\" \/>\n<meta name=\"twitter:label1\" content=\"Tiempo de lectura\" \/>\n\t<meta name=\"twitter:data1\" content=\"3 minutos\" \/>\n<script type=\"application\/ld+json\" class=\"yoast-schema-graph\">{\"@context\":\"https:\\\/\\\/schema.org\",\"@graph\":[{\"@type\":\"WebPage\",\"@id\":\"https:\\\/\\\/www.freebetsinfo.co.uk\\\/es\\\/apuestas-deportivas-electronicas\\\/\",\"url\":\"https:\\\/\\\/www.freebetsinfo.co.uk\\\/es\\\/apuestas-deportivas-electronicas\\\/\",\"name\":\"\u00daltimas ofertas de apuestas de deportes electr\u00f3nicos Apuestas de deportes electr\u00f3nicos , no se requiere dep\u00f3sito\",\"isPartOf\":{\"@id\":\"https:\\\/\\\/www.freebetsinfo.co.uk\\\/es\\\/#website\"},\"datePublished\":\"2021-06-08T09:51:58+00:00\",\"dateModified\":\"2021-08-13T15:09:31+00:00\",\"description\":\"\u00daltimas ofertas de apuestas de deportes electr\u00f3nicos Apuestas de deportes electr\u00f3nicos , bonificaci\u00f3n gratuita del casino Asian Bookmakers Online sin dep\u00f3sito. \u00daltimos bonos de casino\",\"breadcrumb\":{\"@id\":\"https:\\\/\\\/www.freebetsinfo.co.uk\\\/es\\\/apuestas-deportivas-electronicas\\\/#breadcrumb\"},\"inLanguage\":\"es\",\"potentialAction\":[{\"@type\":\"ReadAction\",\"target\":[\"https:\\\/\\\/www.freebetsinfo.co.uk\\\/es\\\/apuestas-deportivas-electronicas\\\/\"]}]},{\"@type\":\"BreadcrumbList\",\"@id\":\"https:\\\/\\\/www.freebetsinfo.co.uk\\\/es\\\/apuestas-deportivas-electronicas\\\/#breadcrumb\",\"itemListElement\":[{\"@type\":\"ListItem\",\"position\":1,\"name\":\"Home\",\"item\":\"https:\\\/\\\/www.freebetsinfo.co.uk\\\/es\\\/\"},{\"@type\":\"ListItem\",\"position\":2,\"name\":\"Apuestas de deportes electr\u00f3nicos\"}]},{\"@type\":\"WebSite\",\"@id\":\"https:\\\/\\\/www.freebetsinfo.co.uk\\\/es\\\/#website\",\"url\":\"https:\\\/\\\/www.freebetsinfo.co.uk\\\/es\\\/\",\"name\":\"Apuestas deportivas gratis, Apuestas en l\u00ednea Informaci\u00f3n de apuestas\",\"description\":\"Apuestas en l\u00ednea y c\u00f3digos de bonificaci\u00f3n de dep\u00f3sito sin casino! \u2705Los mejores sitios de apuestas en l\u00ednea Comentarios, \u2705Bonos de casinos en l\u00ednea!\",\"potentialAction\":[{\"@type\":\"SearchAction\",\"target\":{\"@type\":\"EntryPoint\",\"urlTemplate\":\"https:\\\/\\\/www.freebetsinfo.co.uk\\\/es\\\/?s={search_term_string}\"},\"query-input\":{\"@type\":\"PropertyValueSpecification\",\"valueRequired\":true,\"valueName\":\"search_term_string\"}}],\"inLanguage\":\"es\"}]}<\/script>\n<!-- \/ Yoast SEO Premium plugin. -->","yoast_head_json":{"title":"\u00daltimas ofertas de apuestas de deportes electr\u00f3nicos Apuestas de deportes electr\u00f3nicos , no se requiere dep\u00f3sito","description":"\u00daltimas ofertas de apuestas de deportes electr\u00f3nicos Apuestas de deportes electr\u00f3nicos , bonificaci\u00f3n gratuita del casino Asian Bookmakers Online sin dep\u00f3sito. \u00daltimos bonos de casino","robots":{"index":"index","follow":"follow","max-snippet":"max-snippet:-1","max-image-preview":"max-image-preview:large","max-video-preview":"max-video-preview:-1"},"canonical":"https:\/\/www.freebetsinfo.co.uk\/es\/apuestas-deportivas-electronicas\/","og_locale":"es_ES","og_type":"article","og_title":"Apuestas de deportes electr\u00f3nicos","og_description":"\u00daltimas ofertas de apuestas de deportes electr\u00f3nicos Apuestas de deportes electr\u00f3nicos , bonificaci\u00f3n gratuita del casino Asian Bookmakers Online sin dep\u00f3sito. \u00daltimos bonos de casino","og_url":"https:\/\/www.freebetsinfo.co.uk\/es\/apuestas-deportivas-electronicas\/","og_site_name":"Apuestas deportivas gratis, Apuestas en l\u00ednea Informaci\u00f3n de apuestas","article_modified_time":"2021-08-13T15:09:31+00:00","twitter_card":"summary_large_image","twitter_misc":{"Tiempo de lectura":"3 minutos"},"schema":{"@context":"https:\/\/schema.org","@graph":[{"@type":"WebPage","@id":"https:\/\/www.freebetsinfo.co.uk\/es\/apuestas-deportivas-electronicas\/","url":"https:\/\/www.freebetsinfo.co.uk\/es\/apuestas-deportivas-electronicas\/","name":"\u00daltimas ofertas de apuestas de deportes electr\u00f3nicos Apuestas de deportes electr\u00f3nicos , no se requiere dep\u00f3sito","isPartOf":{"@id":"https:\/\/www.freebetsinfo.co.uk\/es\/#website"},"datePublished":"2021-06-08T09:51:58+00:00","dateModified":"2021-08-13T15:09:31+00:00","description":"\u00daltimas ofertas de apuestas de deportes electr\u00f3nicos Apuestas de deportes electr\u00f3nicos , bonificaci\u00f3n gratuita del casino Asian Bookmakers Online sin dep\u00f3sito. \u00daltimos bonos de casino","breadcrumb":{"@id":"https:\/\/www.freebetsinfo.co.uk\/es\/apuestas-deportivas-electronicas\/#breadcrumb"},"inLanguage":"es","potentialAction":[{"@type":"ReadAction","target":["https:\/\/www.freebetsinfo.co.uk\/es\/apuestas-deportivas-electronicas\/"]}]},{"@type":"BreadcrumbList","@id":"https:\/\/www.freebetsinfo.co.uk\/es\/apuestas-deportivas-electronicas\/#breadcrumb","itemListElement":[{"@type":"ListItem","position":1,"name":"Home","item":"https:\/\/www.freebetsinfo.co.uk\/es\/"},{"@type":"ListItem","position":2,"name":"Apuestas de deportes electr\u00f3nicos"}]},{"@type":"WebSite","@id":"https:\/\/www.freebetsinfo.co.uk\/es\/#website","url":"https:\/\/www.freebetsinfo.co.uk\/es\/","name":"Apuestas deportivas gratis, Apuestas en l\u00ednea Informaci\u00f3n de apuestas","description":"Apuestas en l\u00ednea y c\u00f3digos de bonificaci\u00f3n de dep\u00f3sito sin casino! \u2705Los mejores sitios de apuestas en l\u00ednea Comentarios, \u2705Bonos de casinos en l\u00ednea!","potentialAction":[{"@type":"SearchAction","target":{"@type":"EntryPoint","urlTemplate":"https:\/\/www.freebetsinfo.co.uk\/es\/?s={search_term_string}"},"query-input":{"@type":"PropertyValueSpecification","valueRequired":true,"valueName":"search_term_string"}}],"inLanguage":"es"}]}},"uagb_featured_image_src":{"full":false,"thumbnail":false,"medium":false,"medium_large":false,"large":false,"1536x1536":false,"2048x2048":false,"small":false,"custom-size":false},"uagb_author_info":{"display_name":"\u7ba1\u7406","author_link":"https:\/\/www.freebetsinfo.co.uk\/es\/author\/kdfl4q\/"},"uagb_comment_info":0,"uagb_excerpt":"Gu\u00eda de ayuda especializada para apuestas de deportes electr\u00f3nicos Apostar en los deportes electr\u00f3nicos es un GRAN punto en este momento. Esta forma (relativamente) nueva de apuestas tuvo un comienzo lento, sin embargo, ha recibido mucha tracci\u00f3n en los \u00faltimos a\u00f1os. El aumento sigue siendo tan incre\u00edble que se ha aproximado a c\u00f3mo el mercado...&hellip;","_links":{"self":[{"href":"https:\/\/www.freebetsinfo.co.uk\/es\/wp-json\/wp\/v2\/pages\/27338","targetHints":{"allow":["GET"]}}],"collection":[{"href":"https:\/\/www.freebetsinfo.co.uk\/es\/wp-json\/wp\/v2\/pages"}],"about":[{"href":"https:\/\/www.freebetsinfo.co.uk\/es\/wp-json\/wp\/v2\/types\/page"}],"author":[{"embeddable":true,"href":"https:\/\/www.freebetsinfo.co.uk\/es\/wp-json\/wp\/v2\/users\/1"}],"replies":[{"embeddable":true,"href":"https:\/\/www.freebetsinfo.co.uk\/es\/wp-json\/wp\/v2\/comments?post=27338"}],"version-history":[{"count":0,"href":"https:\/\/www.freebetsinfo.co.uk\/es\/wp-json\/wp\/v2\/pages\/27338\/revisions"}],"wp:attachment":[{"href":"https:\/\/www.freebetsinfo.co.uk\/es\/wp-json\/wp\/v2\/media?parent=27338"}],"curies":[{"name":"wp","href":"https:\/\/api.w.org\/{rel}","templated":true}]}}