{"id":29936,"date":"2021-06-27T05:12:11","date_gmt":"2021-06-27T05:12:11","guid":{"rendered":"https:\/\/www.freebetsinfo.co.uk\/casino-en-linea-de-asia\/"},"modified":"2021-07-09T08:34:18","modified_gmt":"2021-07-09T08:34:18","slug":"casino-en-l%c3%adnea-de-asia","status":"publish","type":"page","link":"https:\/\/www.freebetsinfo.co.uk\/es\/casino-en-l%c3%adnea-de-asia\/","title":{"rendered":"Casino en l\u00ednea de Asia"},"content":{"rendered":"<div class=\"elementor-element elementor-element-a30d71d elementor-widget elementor-widget-heading animated stuckFlipUpOpacity\" data-id=\"a30d71d\" data-element_type=\"widget\" data-settings=\"{\"_animation\":\"stuckFlipUpOpacity\"}\" data-widget_type=\"heading.default\">\n<div class=\"elementor-widget-container\">\n<h3><span style=\"color: #808080;\">Nuestros casinos en l\u00ednea de Asia mejor calificados junto con los mejores sitios web de juegos de apuestas para jugadores asi\u00e1ticos<\/span><\/h3>\n<p><span style=\"color: #808080;\">Ahora hemos hecho que nuestra misi\u00f3n sea encontrar los mejores lugares de casino en l\u00ednea de Asia. Es por eso que hemos estado revisando constantemente el mercado para conseguir los mejores sitios web. Nosotros, los atletas expertos en casinos en Internet, luego revisamos los sitios web mirando el software de la computadora, su selecci\u00f3n de juegos en l\u00ednea, la recompensa que brinda y el resto que los jugadores deben conocer.<\/span><\/p>\n<h3><span style=\"color: #808080;\">Adem\u00e1s, nos aseguramos de que sea seguro probar en el Casino en l\u00ednea de Asia si se encuentra en un pa\u00eds asi\u00e1tico.<\/span><\/h3>\n<p><span style=\"color: #808080;\">Nos aseguramos de que todos los casinos asi\u00e1ticos en l\u00ednea que asesoramos tengan un certificado leg\u00edtimo de la comisi\u00f3n de apuestas de renombre. Solo cuando lo haga, informaremos sobre el casino en Internet a nuestros propios lectores.<\/span><\/p>\n<h3><span style=\"color: #808080;\">Seleccione los t\u00edtulos de juegos de casino adecuados para adaptarse a su estilo<\/span><\/h3>\n<p><span style=\"color: #808080;\">La forma en que obtenemos los mejores casinos asi\u00e1ticos en Internet. Esta es una introducci\u00f3n a los elementos que verificamos cuando revisamos un casino en l\u00ednea.<\/span><\/p>\n<h3><span style=\"color: #808080;\">Ofertas de bonificaci\u00f3n de casino en l\u00ednea de Asia<\/span><\/h3>\n<p><span style=\"color: #808080;\">Tratamos de buscar casinos utilizando las mejores recompensas deliciosas y las mejores recompensas para los jugadores frecuentes. Eso incluye verificar las necesidades de beneficios, por lo tanto, siempre sabr\u00e1 que los bonos otorgados son razonables y amigables para el jugador.<\/span><\/p>\n<h3><span style=\"color: #808080;\">Atenci\u00f3n al cliente<\/span><\/h3>\n<p><span style=\"color: #808080;\">Es fundamental que los establecimientos de juego ofrezcan un buen servicio de asistencia para que pueda obtener ayuda en caso de que tenga alg\u00fan problema. Examinamos cada una de las alternativas para el apoyo al consumidor personalmente para asegurarnos de que estar\u00e1 en excelentes manos.<\/span><\/p>\n<h3><span style=\"color: #808080;\">Software flexible<\/span><\/h3>\n<p><span style=\"color: #808080;\">Hoy en d\u00eda, a los participantes les gustar\u00eda ingresar a los sitios de casinos desde varios de sus dispositivos. Es por eso que todos y cada uno de los casinos en l\u00ednea que asesoramos tienen un software de computadora funcional que se puede ejecutar tanto con computadoras de escritorio como con tel\u00e9fonos inteligentes.<\/span><\/p>\n<h3><span style=\"color: #808080;\">Selecci\u00f3n de t\u00edtulos de juegos<\/span><\/h3>\n<p><span style=\"color: #808080;\">Las grandes bonificaciones son buenas, pero un gran casino tambi\u00e9n debe ofrecer una selecci\u00f3n de juegos de casino de alta calidad. Cuando eval\u00faa los casinos de Internet ideales para los participantes asi\u00e1ticos, siempre nos aseguramos de que tengan una buena colecci\u00f3n de m\u00e1quinas tragamonedas y videojuegos de escritorio.<\/span><\/p>\n<h3><span style=\"color: #808080;\">Videojuegos seguros<\/span><\/h3>\n<p><span style=\"color: #808080;\">Cada establecimiento de juego que asesoramos es 100% seguro y cuenta con sistemas de seguridad modernos y fiables que garantizan la protecci\u00f3n de su dinero y sus datos. Adem\u00e1s, nos aseguramos de que todas nuestras casas de apuestas recomendadas tengan un certificado de apuestas leg\u00edtimo.<\/span><\/p>\n<h3><span style=\"color: #808080;\">Dise\u00f1o amigable para el consumidor<\/span><\/h3>\n<p><span style=\"color: #808080;\">No todos los jugadores est\u00e1n bien informados cuando se trata de disfrutar en los casinos de Internet. Es por eso que un buen casino en Internet deber\u00eda ofrecer un dise\u00f1o agradable para el cliente, lo que significa que es m\u00e1s f\u00e1cil para los nuevos jugadores moverse por el sitio web y buscar sus juegos favoritos de inmediato.<\/span><\/p>\n<h3><span style=\"color: #808080;\">Al buscar el mejor casino en l\u00ednea asi\u00e1tico.<\/span><\/h3>\n<p><span style=\"color: #808080;\">\u00bfPor qu\u00e9 debemos tener confianza en nosotros? La respuesta b\u00e1sica es que adoramos los videojuegos de casino en Internet que te rodean y que dedicamos mucho tiempo a revisar y evaluar los diferentes sitios.<\/span><\/p>\n<h3><span style=\"color: #808080;\">En conclusi\u00f3n, otra secci\u00f3n esencial de cualquier casino en l\u00ednea de Asia ser\u00e1 la bonificaci\u00f3n.<\/span><\/h3>\n<p><span style=\"color: #808080;\">El casino en l\u00ednea deber\u00eda proporcionar una generosa y deliciosa recompensa para compensar a los nuevos jugadores por crear su cuenta en el sitio web. Lo importante aqu\u00ed es el hecho de que los requisitos de bonificaci\u00f3n adicionales son razonables y alcanzables.<\/span><\/p>\n<\/div>\n<\/div>\n","protected":false},"excerpt":{"rendered":"Nuestros casinos en l\u00ednea de Asia mejor calificados junto con los mejores sitios web de juegos de apuestas para jugadores asi\u00e1ticos Ahora hemos hecho que nuestra misi\u00f3n sea encontrar los mejores lugares de casino en l\u00ednea de Asia. Es por eso que hemos estado revisando constantemente el mercado para conseguir los mejores sitios web. Nosotros,&#8230; <a class=\"view-article\" href=\"https:\/\/www.freebetsinfo.co.uk\/es\/casino-en-l%c3%adnea-de-asia\/\">Ver art\u00edculo<\/a>","protected":false},"author":1,"featured_media":0,"parent":0,"menu_order":0,"comment_status":"closed","ping_status":"closed","template":"Asia-Casino-Page-Template.php","meta":{"_uag_custom_page_level_css":"","footnotes":""},"class_list":["post-29936","page","type-page","status-publish","hentry"],"yoast_head":"<!-- This site is optimized with the Yoast SEO Premium plugin v19.5 (Yoast SEO v27.5) - https:\/\/yoast.com\/product\/yoast-seo-premium-wordpress\/ -->\n<title>Casino en l\u00ednea de Asia , bono de bienvenida del casino en l\u00ednea sin dep\u00f3sito<\/title>\n<meta name=\"description\" content=\"Casino en l\u00ednea de Asia , bono gratuito de casino en l\u00ednea sin necesidad de dep\u00f3sito. Bono de registro de nuevo cliente. Reclame su bono de bienvenida hoy.\" \/>\n<meta name=\"robots\" content=\"index, follow, max-snippet:-1, max-image-preview:large, max-video-preview:-1\" \/>\n<link rel=\"canonical\" href=\"https:\/\/www.freebetsinfo.co.uk\/es\/casino-en-l%c3%adnea-de-asia\/\" \/>\n<meta property=\"og:locale\" content=\"es_ES\" \/>\n<meta property=\"og:type\" content=\"article\" \/>\n<meta property=\"og:title\" content=\"Casino en l\u00ednea de Asia\" \/>\n<meta property=\"og:description\" content=\"Casino en l\u00ednea de Asia , bono gratuito de casino en l\u00ednea sin necesidad de dep\u00f3sito. Bono de registro de nuevo cliente. Reclame su bono de bienvenida hoy.\" \/>\n<meta property=\"og:url\" content=\"https:\/\/www.freebetsinfo.co.uk\/es\/casino-en-l%c3%adnea-de-asia\/\" \/>\n<meta property=\"og:site_name\" content=\"Apuestas deportivas gratis, Apuestas en l\u00ednea Informaci\u00f3n de apuestas\" \/>\n<meta property=\"article:modified_time\" content=\"2021-07-09T08:34:18+00:00\" \/>\n<meta name=\"twitter:card\" content=\"summary_large_image\" \/>\n<meta name=\"twitter:label1\" content=\"Tiempo de lectura\" \/>\n\t<meta name=\"twitter:data1\" content=\"3 minutos\" \/>\n<script type=\"application\/ld+json\" class=\"yoast-schema-graph\">{\"@context\":\"https:\\\/\\\/schema.org\",\"@graph\":[{\"@type\":\"WebPage\",\"@id\":\"https:\\\/\\\/www.freebetsinfo.co.uk\\\/es\\\/casino-en-l%c3%adnea-de-asia\\\/\",\"url\":\"https:\\\/\\\/www.freebetsinfo.co.uk\\\/es\\\/casino-en-l%c3%adnea-de-asia\\\/\",\"name\":\"Casino en l\u00ednea de Asia , bono de bienvenida del casino en l\u00ednea sin dep\u00f3sito\",\"isPartOf\":{\"@id\":\"https:\\\/\\\/www.freebetsinfo.co.uk\\\/es\\\/#website\"},\"datePublished\":\"2021-06-27T05:12:11+00:00\",\"dateModified\":\"2021-07-09T08:34:18+00:00\",\"description\":\"Casino en l\u00ednea de Asia , bono gratuito de casino en l\u00ednea sin necesidad de dep\u00f3sito. Bono de registro de nuevo cliente. Reclame su bono de bienvenida hoy.\",\"breadcrumb\":{\"@id\":\"https:\\\/\\\/www.freebetsinfo.co.uk\\\/es\\\/casino-en-l%c3%adnea-de-asia\\\/#breadcrumb\"},\"inLanguage\":\"es\",\"potentialAction\":[{\"@type\":\"ReadAction\",\"target\":[\"https:\\\/\\\/www.freebetsinfo.co.uk\\\/es\\\/casino-en-l%c3%adnea-de-asia\\\/\"]}]},{\"@type\":\"BreadcrumbList\",\"@id\":\"https:\\\/\\\/www.freebetsinfo.co.uk\\\/es\\\/casino-en-l%c3%adnea-de-asia\\\/#breadcrumb\",\"itemListElement\":[{\"@type\":\"ListItem\",\"position\":1,\"name\":\"Home\",\"item\":\"https:\\\/\\\/www.freebetsinfo.co.uk\\\/es\\\/\"},{\"@type\":\"ListItem\",\"position\":2,\"name\":\"Casino en l\u00ednea de Asia\"}]},{\"@type\":\"WebSite\",\"@id\":\"https:\\\/\\\/www.freebetsinfo.co.uk\\\/es\\\/#website\",\"url\":\"https:\\\/\\\/www.freebetsinfo.co.uk\\\/es\\\/\",\"name\":\"Apuestas deportivas gratis, Apuestas en l\u00ednea Informaci\u00f3n de apuestas\",\"description\":\"Apuestas en l\u00ednea y c\u00f3digos de bonificaci\u00f3n de dep\u00f3sito sin casino! \u2705Los mejores sitios de apuestas en l\u00ednea Comentarios, \u2705Bonos de casinos en l\u00ednea!\",\"potentialAction\":[{\"@type\":\"SearchAction\",\"target\":{\"@type\":\"EntryPoint\",\"urlTemplate\":\"https:\\\/\\\/www.freebetsinfo.co.uk\\\/es\\\/?s={search_term_string}\"},\"query-input\":{\"@type\":\"PropertyValueSpecification\",\"valueRequired\":true,\"valueName\":\"search_term_string\"}}],\"inLanguage\":\"es\"}]}<\/script>\n<!-- \/ Yoast SEO Premium plugin. -->","yoast_head_json":{"title":"Casino en l\u00ednea de Asia , bono de bienvenida del casino en l\u00ednea sin dep\u00f3sito","description":"Casino en l\u00ednea de Asia , bono gratuito de casino en l\u00ednea sin necesidad de dep\u00f3sito. Bono de registro de nuevo cliente. Reclame su bono de bienvenida hoy.","robots":{"index":"index","follow":"follow","max-snippet":"max-snippet:-1","max-image-preview":"max-image-preview:large","max-video-preview":"max-video-preview:-1"},"canonical":"https:\/\/www.freebetsinfo.co.uk\/es\/casino-en-l%c3%adnea-de-asia\/","og_locale":"es_ES","og_type":"article","og_title":"Casino en l\u00ednea de Asia","og_description":"Casino en l\u00ednea de Asia , bono gratuito de casino en l\u00ednea sin necesidad de dep\u00f3sito. Bono de registro de nuevo cliente. Reclame su bono de bienvenida hoy.","og_url":"https:\/\/www.freebetsinfo.co.uk\/es\/casino-en-l%c3%adnea-de-asia\/","og_site_name":"Apuestas deportivas gratis, Apuestas en l\u00ednea Informaci\u00f3n de apuestas","article_modified_time":"2021-07-09T08:34:18+00:00","twitter_card":"summary_large_image","twitter_misc":{"Tiempo de lectura":"3 minutos"},"schema":{"@context":"https:\/\/schema.org","@graph":[{"@type":"WebPage","@id":"https:\/\/www.freebetsinfo.co.uk\/es\/casino-en-l%c3%adnea-de-asia\/","url":"https:\/\/www.freebetsinfo.co.uk\/es\/casino-en-l%c3%adnea-de-asia\/","name":"Casino en l\u00ednea de Asia , bono de bienvenida del casino en l\u00ednea sin dep\u00f3sito","isPartOf":{"@id":"https:\/\/www.freebetsinfo.co.uk\/es\/#website"},"datePublished":"2021-06-27T05:12:11+00:00","dateModified":"2021-07-09T08:34:18+00:00","description":"Casino en l\u00ednea de Asia , bono gratuito de casino en l\u00ednea sin necesidad de dep\u00f3sito. Bono de registro de nuevo cliente. Reclame su bono de bienvenida hoy.","breadcrumb":{"@id":"https:\/\/www.freebetsinfo.co.uk\/es\/casino-en-l%c3%adnea-de-asia\/#breadcrumb"},"inLanguage":"es","potentialAction":[{"@type":"ReadAction","target":["https:\/\/www.freebetsinfo.co.uk\/es\/casino-en-l%c3%adnea-de-asia\/"]}]},{"@type":"BreadcrumbList","@id":"https:\/\/www.freebetsinfo.co.uk\/es\/casino-en-l%c3%adnea-de-asia\/#breadcrumb","itemListElement":[{"@type":"ListItem","position":1,"name":"Home","item":"https:\/\/www.freebetsinfo.co.uk\/es\/"},{"@type":"ListItem","position":2,"name":"Casino en l\u00ednea de Asia"}]},{"@type":"WebSite","@id":"https:\/\/www.freebetsinfo.co.uk\/es\/#website","url":"https:\/\/www.freebetsinfo.co.uk\/es\/","name":"Apuestas deportivas gratis, Apuestas en l\u00ednea Informaci\u00f3n de apuestas","description":"Apuestas en l\u00ednea y c\u00f3digos de bonificaci\u00f3n de dep\u00f3sito sin casino! \u2705Los mejores sitios de apuestas en l\u00ednea Comentarios, \u2705Bonos de casinos en l\u00ednea!","potentialAction":[{"@type":"SearchAction","target":{"@type":"EntryPoint","urlTemplate":"https:\/\/www.freebetsinfo.co.uk\/es\/?s={search_term_string}"},"query-input":{"@type":"PropertyValueSpecification","valueRequired":true,"valueName":"search_term_string"}}],"inLanguage":"es"}]}},"uagb_featured_image_src":{"full":false,"thumbnail":false,"medium":false,"medium_large":false,"large":false,"1536x1536":false,"2048x2048":false,"small":false,"custom-size":false},"uagb_author_info":{"display_name":"\u7ba1\u7406","author_link":"https:\/\/www.freebetsinfo.co.uk\/es\/author\/kdfl4q\/"},"uagb_comment_info":0,"uagb_excerpt":"Nuestros casinos en l\u00ednea de Asia mejor calificados junto con los mejores sitios web de juegos de apuestas para jugadores asi\u00e1ticos Ahora hemos hecho que nuestra misi\u00f3n sea encontrar los mejores lugares de casino en l\u00ednea de Asia. Es por eso que hemos estado revisando constantemente el mercado para conseguir los mejores sitios web. Nosotros,...&hellip;","_links":{"self":[{"href":"https:\/\/www.freebetsinfo.co.uk\/es\/wp-json\/wp\/v2\/pages\/29936","targetHints":{"allow":["GET"]}}],"collection":[{"href":"https:\/\/www.freebetsinfo.co.uk\/es\/wp-json\/wp\/v2\/pages"}],"about":[{"href":"https:\/\/www.freebetsinfo.co.uk\/es\/wp-json\/wp\/v2\/types\/page"}],"author":[{"embeddable":true,"href":"https:\/\/www.freebetsinfo.co.uk\/es\/wp-json\/wp\/v2\/users\/1"}],"replies":[{"embeddable":true,"href":"https:\/\/www.freebetsinfo.co.uk\/es\/wp-json\/wp\/v2\/comments?post=29936"}],"version-history":[{"count":0,"href":"https:\/\/www.freebetsinfo.co.uk\/es\/wp-json\/wp\/v2\/pages\/29936\/revisions"}],"wp:attachment":[{"href":"https:\/\/www.freebetsinfo.co.uk\/es\/wp-json\/wp\/v2\/media?parent=29936"}],"curies":[{"name":"wp","href":"https:\/\/api.w.org\/{rel}","templated":true}]}}