{"id":30021,"date":"2021-06-27T04:47:08","date_gmt":"2021-06-27T04:47:08","guid":{"rendered":"https:\/\/www.freebetsinfo.co.uk\/casino-en-linea-de-europa\/"},"modified":"2021-07-09T08:33:35","modified_gmt":"2021-07-09T08:33:35","slug":"casino-en-l%c3%adnea-de-europa","status":"publish","type":"page","link":"https:\/\/www.freebetsinfo.co.uk\/es\/casino-en-l%c3%adnea-de-europa\/","title":{"rendered":"Casino en l\u00ednea de Europa"},"content":{"rendered":"<h3><span style=\"color: #808080;\">El mejor casino en l\u00ednea de Europa<\/span><\/h3>\n<p><span style=\"color: #808080;\">La industria de los casinos en l\u00ednea de Europa solo se retir\u00f3 en 2006, justo despu\u00e9s de que las autoridades de You.S otorgaron la UIGEA. El mercado actual a\u00fan estaba inexplorado, con pocas pautas legales en su lugar. Con una probabilidad casi ilimitada, la industria occidental de los casinos en Internet estaba lista para su decisi\u00f3n.<\/span><\/p>\n<h3><span style=\"color: #808080;\">Avance r\u00e1pido a estos d\u00edas, puede participar en el informe de los casinos en l\u00ednea occidentales.<\/span><\/h3>\n<p><span style=\"color: #808080;\">Los jugadores europeos de casinos en l\u00ednea pueden realizar un pago inicial con Euros, SEK, NOK, BGN y muchas otras monedas. Los mejores casinos de Internet de la UE aceptan una amplia gama de divisas simplemente porque les gustar\u00eda que convirtiera el dinero que tanto le cost\u00f3 ganar sin ninguna dificultad.<\/span><\/p>\n<h3><span style=\"color: #808080;\">Dirijamos nuestra mirada hacia Malta.<\/span><\/h3>\n<p><span style=\"color: #808080;\">El peque\u00f1o pa\u00eds insular tropical se ha convertido en el centro de las mejores casas de juego de la UE en Internet. Los casinos de Internet con licencia en Malta funcionan de manera m\u00e1s eficaz cuando se trata de su variedad de t\u00edtulos de juegos de casino en l\u00ednea. Su asistencia al participante viene en varios dialectos occidentales, y los casinos de la UE hacen retiros claros como el cristal en minutos hasta 72 horas.<\/span><\/p>\n<h3><span style=\"color: #808080;\">Bonos del casino en l\u00ednea de Europa<\/span><\/h3>\n<p><span style=\"color: #808080;\">Si es ese momento de su mes y desea participar en sus tragamonedas en l\u00ednea favoritas por dinero real, pero est\u00e1 pr\u00e1cticamente destrozado, no se preocupe. \u00a1Los mejores casinos occidentales en l\u00ednea le ofrecen un bono del 100% hasta 200 \u20ac por su cuenta la primera vez que ingresa! Si realiza un pago inicial de 200 \u20ac m\u00e1s alto, \u00a1el establecimiento de juego igualar\u00e1 su pago inicial y obtendr\u00e1 un beneficio inmediato de 200 \u20ac! Tu bankroll ya es de 400 \u20ac, frente a 200 \u20ac.<\/span><\/p>\n<h3><span style=\"color: #808080;\">Nuestras mejores casas de casino en euros nunca se detienen con el bono recomendado.<\/span><\/h3>\n<p><span style=\"color: #808080;\">\u00a1Tambi\u00e9n lanzan 200 giros totalmente gratis en m\u00e1quinas tragamonedas seleccionadas a mano! Puede usar sus Rotates totalmente gratis para realizar tragamonedas de dinero real como PopRocks, Party Get together, Coywolf Cash y An ice pack and Blaze. Antes de tomar sus rotaciones gratuitas, examine en qu\u00e9 m\u00e1quinas tragamonedas de Internet puede usarlas. A veces hay una peque\u00f1a reinversi\u00f3n y solo puede ganar un m\u00e1ximo de 100 \u20ac.<\/span><\/p>\n<h3><span style=\"color: #808080;\">El equipo de Casinowhizz negocia acuerdos de bonificaci\u00f3n especiales con todos los casinos en l\u00ednea l\u00edderes en los pa\u00edses europeos.<\/span><\/h3>\n<p><span style=\"color: #808080;\">Puede afirmar el beneficio con una peque\u00f1a aportaci\u00f3n de 25 \u20ac o incluso m\u00e1s. Si el bono lleva un c\u00f3digo de computadora, no olvide incorporarlo. Lo m\u00e1s importante es que deber\u00e1 eliminar la condici\u00f3n de apuesta junto con la recompensa para poder retirar los fondos. El WR suele ser 40x, y se centra principalmente en los juegos de m\u00e1quinas tragamonedas.<\/span><\/p>\n<h3><span style=\"color: #808080;\">El casino en l\u00ednea de Europa alberga campa\u00f1as<\/span><\/h3>\n<p><span style=\"color: #808080;\">Los casinos de Internet en euros son una gran empresa. Son plenamente conscientes de c\u00f3mo atraer a los jugadores y c\u00f3mo cautivarlos. Una vez que haya disfrutado con el beneficio del dep\u00f3sito, esperamos que sea el comienzo de un viaje eficaz para usted.<\/span><\/p>\n<p><span style=\"color: #808080;\">Diariamente, nuestro mejor casino en l\u00ednea en Europa ofrece promociones diarias. \u00a1S\u00ed! Mejoran el bankroll con giros gratuitos, bonificaciones especiales y recargas de bonificaciones adicionales. A medida que disfruta, gana cosas de lealtad que puede cambiar por dinero real.<\/span><\/p>\n","protected":false},"excerpt":{"rendered":"El mejor casino en l\u00ednea de Europa La industria de los casinos en l\u00ednea de Europa solo se retir\u00f3 en 2006, justo despu\u00e9s de que las autoridades de You.S otorgaron la UIGEA. El mercado actual a\u00fan estaba inexplorado, con pocas pautas legales en su lugar. Con una probabilidad casi ilimitada, la industria occidental de los&#8230; <a class=\"view-article\" href=\"https:\/\/www.freebetsinfo.co.uk\/es\/casino-en-l%c3%adnea-de-europa\/\">Ver art\u00edculo<\/a>","protected":false},"author":1,"featured_media":0,"parent":0,"menu_order":0,"comment_status":"closed","ping_status":"closed","template":"Europe-Casino-Page-Template.php","meta":{"_uag_custom_page_level_css":"","footnotes":""},"class_list":["post-30021","page","type-page","status-publish","hentry"],"yoast_head":"<!-- This site is optimized with the Yoast SEO Premium plugin v19.5 (Yoast SEO v27.5) - https:\/\/yoast.com\/product\/yoast-seo-premium-wordpress\/ -->\n<title>Casino en l\u00ednea de Europa , \u00daltimos bonos de casino. Obtenga ofertas gratuitas exclusivas<\/title>\n<meta name=\"description\" content=\"Casino en l\u00ednea de Europa , \u00daltimos bonos de casino. Obtenga ofertas exclusivas gratuitas. Ofertas de registro. Sitio web seguro y protegido. Los bonos de bienvenida m\u00e1s altos\" \/>\n<meta name=\"robots\" content=\"index, follow, max-snippet:-1, max-image-preview:large, max-video-preview:-1\" \/>\n<link rel=\"canonical\" href=\"https:\/\/www.freebetsinfo.co.uk\/es\/casino-en-l%c3%adnea-de-europa\/\" \/>\n<meta property=\"og:locale\" content=\"es_ES\" \/>\n<meta property=\"og:type\" content=\"article\" \/>\n<meta property=\"og:title\" content=\"Casino en l\u00ednea de Europa\" \/>\n<meta property=\"og:description\" content=\"Casino en l\u00ednea de Europa , \u00daltimos bonos de casino. Obtenga ofertas exclusivas gratuitas. Ofertas de registro. Sitio web seguro y protegido. Los bonos de bienvenida m\u00e1s altos\" \/>\n<meta property=\"og:url\" content=\"https:\/\/www.freebetsinfo.co.uk\/es\/casino-en-l%c3%adnea-de-europa\/\" \/>\n<meta property=\"og:site_name\" content=\"Apuestas deportivas gratis, Apuestas en l\u00ednea Informaci\u00f3n de apuestas\" \/>\n<meta property=\"article:modified_time\" content=\"2021-07-09T08:33:35+00:00\" \/>\n<meta name=\"twitter:card\" content=\"summary_large_image\" \/>\n<meta name=\"twitter:label1\" content=\"Tiempo de lectura\" \/>\n\t<meta name=\"twitter:data1\" content=\"3 minutos\" \/>\n<script type=\"application\/ld+json\" class=\"yoast-schema-graph\">{\"@context\":\"https:\\\/\\\/schema.org\",\"@graph\":[{\"@type\":\"WebPage\",\"@id\":\"https:\\\/\\\/www.freebetsinfo.co.uk\\\/es\\\/casino-en-l%c3%adnea-de-europa\\\/\",\"url\":\"https:\\\/\\\/www.freebetsinfo.co.uk\\\/es\\\/casino-en-l%c3%adnea-de-europa\\\/\",\"name\":\"Casino en l\u00ednea de Europa , \u00daltimos bonos de casino. Obtenga ofertas gratuitas exclusivas\",\"isPartOf\":{\"@id\":\"https:\\\/\\\/www.freebetsinfo.co.uk\\\/es\\\/#website\"},\"datePublished\":\"2021-06-27T04:47:08+00:00\",\"dateModified\":\"2021-07-09T08:33:35+00:00\",\"description\":\"Casino en l\u00ednea de Europa , \u00daltimos bonos de casino. Obtenga ofertas exclusivas gratuitas. Ofertas de registro. Sitio web seguro y protegido. Los bonos de bienvenida m\u00e1s altos\",\"breadcrumb\":{\"@id\":\"https:\\\/\\\/www.freebetsinfo.co.uk\\\/es\\\/casino-en-l%c3%adnea-de-europa\\\/#breadcrumb\"},\"inLanguage\":\"es\",\"potentialAction\":[{\"@type\":\"ReadAction\",\"target\":[\"https:\\\/\\\/www.freebetsinfo.co.uk\\\/es\\\/casino-en-l%c3%adnea-de-europa\\\/\"]}]},{\"@type\":\"BreadcrumbList\",\"@id\":\"https:\\\/\\\/www.freebetsinfo.co.uk\\\/es\\\/casino-en-l%c3%adnea-de-europa\\\/#breadcrumb\",\"itemListElement\":[{\"@type\":\"ListItem\",\"position\":1,\"name\":\"Home\",\"item\":\"https:\\\/\\\/www.freebetsinfo.co.uk\\\/es\\\/\"},{\"@type\":\"ListItem\",\"position\":2,\"name\":\"Casino en l\u00ednea de Europa\"}]},{\"@type\":\"WebSite\",\"@id\":\"https:\\\/\\\/www.freebetsinfo.co.uk\\\/es\\\/#website\",\"url\":\"https:\\\/\\\/www.freebetsinfo.co.uk\\\/es\\\/\",\"name\":\"Apuestas deportivas gratis, Apuestas en l\u00ednea Informaci\u00f3n de apuestas\",\"description\":\"Apuestas en l\u00ednea y c\u00f3digos de bonificaci\u00f3n de dep\u00f3sito sin casino! \u2705Los mejores sitios de apuestas en l\u00ednea Comentarios, \u2705Bonos de casinos en l\u00ednea!\",\"potentialAction\":[{\"@type\":\"SearchAction\",\"target\":{\"@type\":\"EntryPoint\",\"urlTemplate\":\"https:\\\/\\\/www.freebetsinfo.co.uk\\\/es\\\/?s={search_term_string}\"},\"query-input\":{\"@type\":\"PropertyValueSpecification\",\"valueRequired\":true,\"valueName\":\"search_term_string\"}}],\"inLanguage\":\"es\"}]}<\/script>\n<!-- \/ Yoast SEO Premium plugin. -->","yoast_head_json":{"title":"Casino en l\u00ednea de Europa , \u00daltimos bonos de casino. Obtenga ofertas gratuitas exclusivas","description":"Casino en l\u00ednea de Europa , \u00daltimos bonos de casino. Obtenga ofertas exclusivas gratuitas. Ofertas de registro. Sitio web seguro y protegido. Los bonos de bienvenida m\u00e1s altos","robots":{"index":"index","follow":"follow","max-snippet":"max-snippet:-1","max-image-preview":"max-image-preview:large","max-video-preview":"max-video-preview:-1"},"canonical":"https:\/\/www.freebetsinfo.co.uk\/es\/casino-en-l%c3%adnea-de-europa\/","og_locale":"es_ES","og_type":"article","og_title":"Casino en l\u00ednea de Europa","og_description":"Casino en l\u00ednea de Europa , \u00daltimos bonos de casino. Obtenga ofertas exclusivas gratuitas. Ofertas de registro. Sitio web seguro y protegido. Los bonos de bienvenida m\u00e1s altos","og_url":"https:\/\/www.freebetsinfo.co.uk\/es\/casino-en-l%c3%adnea-de-europa\/","og_site_name":"Apuestas deportivas gratis, Apuestas en l\u00ednea Informaci\u00f3n de apuestas","article_modified_time":"2021-07-09T08:33:35+00:00","twitter_card":"summary_large_image","twitter_misc":{"Tiempo de lectura":"3 minutos"},"schema":{"@context":"https:\/\/schema.org","@graph":[{"@type":"WebPage","@id":"https:\/\/www.freebetsinfo.co.uk\/es\/casino-en-l%c3%adnea-de-europa\/","url":"https:\/\/www.freebetsinfo.co.uk\/es\/casino-en-l%c3%adnea-de-europa\/","name":"Casino en l\u00ednea de Europa , \u00daltimos bonos de casino. Obtenga ofertas gratuitas exclusivas","isPartOf":{"@id":"https:\/\/www.freebetsinfo.co.uk\/es\/#website"},"datePublished":"2021-06-27T04:47:08+00:00","dateModified":"2021-07-09T08:33:35+00:00","description":"Casino en l\u00ednea de Europa , \u00daltimos bonos de casino. Obtenga ofertas exclusivas gratuitas. Ofertas de registro. Sitio web seguro y protegido. Los bonos de bienvenida m\u00e1s altos","breadcrumb":{"@id":"https:\/\/www.freebetsinfo.co.uk\/es\/casino-en-l%c3%adnea-de-europa\/#breadcrumb"},"inLanguage":"es","potentialAction":[{"@type":"ReadAction","target":["https:\/\/www.freebetsinfo.co.uk\/es\/casino-en-l%c3%adnea-de-europa\/"]}]},{"@type":"BreadcrumbList","@id":"https:\/\/www.freebetsinfo.co.uk\/es\/casino-en-l%c3%adnea-de-europa\/#breadcrumb","itemListElement":[{"@type":"ListItem","position":1,"name":"Home","item":"https:\/\/www.freebetsinfo.co.uk\/es\/"},{"@type":"ListItem","position":2,"name":"Casino en l\u00ednea de Europa"}]},{"@type":"WebSite","@id":"https:\/\/www.freebetsinfo.co.uk\/es\/#website","url":"https:\/\/www.freebetsinfo.co.uk\/es\/","name":"Apuestas deportivas gratis, Apuestas en l\u00ednea Informaci\u00f3n de apuestas","description":"Apuestas en l\u00ednea y c\u00f3digos de bonificaci\u00f3n de dep\u00f3sito sin casino! \u2705Los mejores sitios de apuestas en l\u00ednea Comentarios, \u2705Bonos de casinos en l\u00ednea!","potentialAction":[{"@type":"SearchAction","target":{"@type":"EntryPoint","urlTemplate":"https:\/\/www.freebetsinfo.co.uk\/es\/?s={search_term_string}"},"query-input":{"@type":"PropertyValueSpecification","valueRequired":true,"valueName":"search_term_string"}}],"inLanguage":"es"}]}},"uagb_featured_image_src":{"full":false,"thumbnail":false,"medium":false,"medium_large":false,"large":false,"1536x1536":false,"2048x2048":false,"small":false,"custom-size":false},"uagb_author_info":{"display_name":"\u7ba1\u7406","author_link":"https:\/\/www.freebetsinfo.co.uk\/es\/author\/kdfl4q\/"},"uagb_comment_info":0,"uagb_excerpt":"El mejor casino en l\u00ednea de Europa La industria de los casinos en l\u00ednea de Europa solo se retir\u00f3 en 2006, justo despu\u00e9s de que las autoridades de You.S otorgaron la UIGEA. El mercado actual a\u00fan estaba inexplorado, con pocas pautas legales en su lugar. Con una probabilidad casi ilimitada, la industria occidental de los...&hellip;","_links":{"self":[{"href":"https:\/\/www.freebetsinfo.co.uk\/es\/wp-json\/wp\/v2\/pages\/30021","targetHints":{"allow":["GET"]}}],"collection":[{"href":"https:\/\/www.freebetsinfo.co.uk\/es\/wp-json\/wp\/v2\/pages"}],"about":[{"href":"https:\/\/www.freebetsinfo.co.uk\/es\/wp-json\/wp\/v2\/types\/page"}],"author":[{"embeddable":true,"href":"https:\/\/www.freebetsinfo.co.uk\/es\/wp-json\/wp\/v2\/users\/1"}],"replies":[{"embeddable":true,"href":"https:\/\/www.freebetsinfo.co.uk\/es\/wp-json\/wp\/v2\/comments?post=30021"}],"version-history":[{"count":0,"href":"https:\/\/www.freebetsinfo.co.uk\/es\/wp-json\/wp\/v2\/pages\/30021\/revisions"}],"wp:attachment":[{"href":"https:\/\/www.freebetsinfo.co.uk\/es\/wp-json\/wp\/v2\/media?parent=30021"}],"curies":[{"name":"wp","href":"https:\/\/api.w.org\/{rel}","templated":true}]}}