{"id":30145,"date":"2021-06-27T07:13:43","date_gmt":"2021-06-27T07:13:43","guid":{"rendered":"https:\/\/www.freebetsinfo.co.uk\/casas-de-apuestas-online-de-japon\/"},"modified":"2021-08-13T15:58:09","modified_gmt":"2021-08-13T15:58:09","slug":"casas-de-apuestas-japonesas","status":"publish","type":"page","link":"https:\/\/www.freebetsinfo.co.uk\/es\/casas-de-apuestas-japonesas\/","title":{"rendered":"Casas de apuestas online de Jap\u00f3n"},"content":{"rendered":"<h3><span style=\"color: #808080;\">Mejores casas de apuestas en l\u00ednea de deportes de Jap\u00f3n<\/span><\/h3>\n<p><span style=\"color: #808080;\">Las actividades deportivas que se practican en Jap\u00f3n est\u00e1n extremadamente restringidas en comparaci\u00f3n con otras \u00e1reas del mundo. Los apostadores pueden simplemente apostar en una serie de deportes y solo en formatos seleccionados. Adem\u00e1s, las casas de apuestas en l\u00ednea de Jap\u00f3n se corrigieron, lo que restringe a\u00fan m\u00e1s las opciones disponibles para los apostantes.<\/span><\/p>\n<h3><span style=\"color: #808080;\">Sitios de casas de apuestas online de Jap\u00f3n<\/span><\/h3>\n<p><span style=\"color: #808080;\">En Jap\u00f3n, se prefieren las actividades deportivas en sitios web porque los apostantes pueden detectar apuestas no permitidas en su propio pa\u00eds. Por ejemplo, los juegos de azar con probabilidades fijas no est\u00e1n autorizados en los sitios web de apuestas japoneses. Los apostantes deben ubicar las apuestas de dise\u00f1o de parlay en los juegos en l\u00ednea y experimentar una comisi\u00f3n muy alta por parte de los operadores.<\/span><\/p>\n<p><span style=\"color: #808080;\">Si se desempe\u00f1a en los sitios web de juegos de azar en l\u00ednea en Jap\u00f3n, ser\u00e1 f\u00e1cil realizar apuestas empleando oportunidades establecidas. Cuanto mayores sean los porcentajes, mayor ser\u00e1 la posibilidad de obtener un sueldo enorme. Es posible optar por cualquier cosa, desde t\u00edtulos de juegos personales hasta la cantidad de touchdowns que se anotar\u00e1n dentro del Very Dish de la NFL.<\/span><\/p>\n<h3><span style=\"color: #808080;\">\u00bfEs leg\u00edtimo jugar el atletismo en Jap\u00f3n?<\/span><\/h3>\n<p><span style=\"color: #808080;\">Las apuestas deportivas son solo parcialmente legales en Jap\u00f3n. Actualmente, solo se pueden apostar algunos deportes residenciales y solo en el casino en vivo. Estas actividades deportivas son carreras de caballos, carreras de lanchas motoras, carreras de bicicletas, keirin y ligas de baloncesto seleccionadas.<\/span><\/p>\n<p><span style=\"color: #808080;\">Eso no implica que no haya casas de apuestas deportivas que est\u00e9n de acuerdo con los jugadores de Jap\u00f3n. Sin embargo, le recomendamos que participe desde su casa y se aleje del internet comunitario para realizar apuestas.<\/span><\/p>\n<h3><span style=\"color: #808080;\">\u00bfCu\u00e1les son las actividades deportivas m\u00e1s conocidas para adivinar en Jap\u00f3n?<\/span><\/h3>\n<p><span style=\"color: #808080;\">A diferencia de otros lugares del mundo, el deseo de Jap\u00f3n es el b\u00e9isbol. Ya sea que est\u00e9n apostando en Puro Yakyu o Key League Baseball en los estados, a los japoneses les encanta apostar en los videojuegos de b\u00e9isbol y en sus escuadrones favoritos.<\/span><\/p>\n<h3><span style=\"color: #808080;\">\u00bfLos apostadores se ven obligados a pagar impuestos sobre la renta sobre las ganancias?<\/span><\/h3>\n<p><span style=\"color: #808080;\">Las regulaciones fiscales con respecto a los casinos son realmente un poco complicadas. No obstante, las ganancias en las carreras de caballos est\u00e1n sujetas a impuestos, esto solo se aplica si gana m\u00e1s de \u00a5 500,000 cada a\u00f1o. Adem\u00e1s, es posible que no acepte el precio de reducir las apuestas contra las victorias. Aunque puede perder \u00a5 600,000 en apuestas en un a\u00f1o, debe pagar el impuesto sobre la renta sobre las ganancias.<\/span><\/p>\n<p><span style=\"color: #808080;\">Teniendo en cuenta que el gobierno japon\u00e9s no certifica las casas de apuestas deportivas que prestan servicios a Jap\u00f3n, es improbable que puedan retener las tarifas de cualquier forma. En conclusi\u00f3n, es recomendable discutir su circunstancia fiscal contando con un contador.<\/span><\/p>\n<h3><span style=\"color: #808080;\">Pasos para realizar un pago inicial en una casa de apuestas en l\u00ednea de Jap\u00f3n<\/span><\/h3>\n<p><span style=\"color: #808080;\">Una opci\u00f3n m\u00e1s para algunas casas de apuestas deportivas es bitcoin o cualquier otra forma de criptomoneda. Si su casa de apuestas acepta bitcoins, es posible transferir efectivo directamente desde su billetera bitcoin. Puede estar sujeto a los costos de miner\u00eda de bitcoin. En conclusi\u00f3n, sin embargo, es una de las posibilidades m\u00e1s seguras fuera de las billeteras electr\u00f3nicas.<\/span><\/p>\n<h3><span style=\"color: #808080;\">Dep\u00f3sitos que emplean billeteras electr\u00f3nicas y art\u00edculos de bitcoin de inmediato, y puede comenzar a apostar al instante.<\/span><\/h3>\n<p><span style=\"color: #808080;\">En conclusi\u00f3n, recuerde que cuando sea el momento de retirar los fondos, deber\u00e1 usar exactamente la misma cuenta para producir una devoluci\u00f3n.<\/span><\/p>\n<p>&nbsp;<\/p>\n","protected":false},"excerpt":{"rendered":"Mejores casas de apuestas en l\u00ednea de deportes de Jap\u00f3n Las actividades deportivas que se practican en Jap\u00f3n est\u00e1n extremadamente restringidas en comparaci\u00f3n con otras \u00e1reas del mundo. Los apostadores pueden simplemente apostar en una serie de deportes y solo en formatos seleccionados. Adem\u00e1s, las casas de apuestas en l\u00ednea de Jap\u00f3n se corrigieron, lo&#8230; <a class=\"view-article\" href=\"https:\/\/www.freebetsinfo.co.uk\/es\/casas-de-apuestas-japonesas\/\">Ver art\u00edculo<\/a>","protected":false},"author":1,"featured_media":0,"parent":0,"menu_order":0,"comment_status":"closed","ping_status":"closed","template":"asia-sports-page-template.php","meta":{"_uag_custom_page_level_css":"","footnotes":""},"class_list":["post-30145","page","type-page","status-publish","hentry"],"yoast_head":"<!-- This site is optimized with the Yoast SEO Premium plugin v19.5 (Yoast SEO v27.5) - https:\/\/yoast.com\/product\/yoast-seo-premium-wordpress\/ -->\n<title>Casas de apuestas online de Jap\u00f3n , Mejor casa de apuestas online.<\/title>\n<meta name=\"description\" content=\"Casas de apuestas online de Jap\u00f3n , casas de apuestas online de Jap\u00f3n. Obtenga ofertas exclusivas gratuitas. Sitio web seguro y protegido. Los bonos de bienvenida m\u00e1s altos\" \/>\n<meta name=\"robots\" content=\"index, follow, max-snippet:-1, max-image-preview:large, max-video-preview:-1\" \/>\n<link rel=\"canonical\" href=\"https:\/\/www.freebetsinfo.co.uk\/es\/casas-de-apuestas-japonesas\/\" \/>\n<meta property=\"og:locale\" content=\"es_ES\" \/>\n<meta property=\"og:type\" content=\"article\" \/>\n<meta property=\"og:title\" content=\"Casas de apuestas online de Jap\u00f3n\" \/>\n<meta property=\"og:description\" content=\"Casas de apuestas online de Jap\u00f3n , casas de apuestas online de Jap\u00f3n. Obtenga ofertas exclusivas gratuitas. Sitio web seguro y protegido. Los bonos de bienvenida m\u00e1s altos\" \/>\n<meta property=\"og:url\" content=\"https:\/\/www.freebetsinfo.co.uk\/es\/casas-de-apuestas-japonesas\/\" \/>\n<meta property=\"og:site_name\" content=\"Apuestas deportivas gratis, Apuestas en l\u00ednea Informaci\u00f3n de apuestas\" \/>\n<meta property=\"article:modified_time\" content=\"2021-08-13T15:58:09+00:00\" \/>\n<meta name=\"twitter:card\" content=\"summary_large_image\" \/>\n<meta name=\"twitter:label1\" content=\"Tiempo de lectura\" \/>\n\t<meta name=\"twitter:data1\" content=\"3 minutos\" \/>\n<script type=\"application\/ld+json\" class=\"yoast-schema-graph\">{\"@context\":\"https:\\\/\\\/schema.org\",\"@graph\":[{\"@type\":\"WebPage\",\"@id\":\"https:\\\/\\\/www.freebetsinfo.co.uk\\\/es\\\/casas-de-apuestas-japonesas\\\/\",\"url\":\"https:\\\/\\\/www.freebetsinfo.co.uk\\\/es\\\/casas-de-apuestas-japonesas\\\/\",\"name\":\"Casas de apuestas online de Jap\u00f3n , Mejor casa de apuestas online.\",\"isPartOf\":{\"@id\":\"https:\\\/\\\/www.freebetsinfo.co.uk\\\/es\\\/#website\"},\"datePublished\":\"2021-06-27T07:13:43+00:00\",\"dateModified\":\"2021-08-13T15:58:09+00:00\",\"description\":\"Casas de apuestas online de Jap\u00f3n , casas de apuestas online de Jap\u00f3n. Obtenga ofertas exclusivas gratuitas. Sitio web seguro y protegido. Los bonos de bienvenida m\u00e1s altos\",\"breadcrumb\":{\"@id\":\"https:\\\/\\\/www.freebetsinfo.co.uk\\\/es\\\/casas-de-apuestas-japonesas\\\/#breadcrumb\"},\"inLanguage\":\"es\",\"potentialAction\":[{\"@type\":\"ReadAction\",\"target\":[\"https:\\\/\\\/www.freebetsinfo.co.uk\\\/es\\\/casas-de-apuestas-japonesas\\\/\"]}]},{\"@type\":\"BreadcrumbList\",\"@id\":\"https:\\\/\\\/www.freebetsinfo.co.uk\\\/es\\\/casas-de-apuestas-japonesas\\\/#breadcrumb\",\"itemListElement\":[{\"@type\":\"ListItem\",\"position\":1,\"name\":\"Home\",\"item\":\"https:\\\/\\\/www.freebetsinfo.co.uk\\\/es\\\/\"},{\"@type\":\"ListItem\",\"position\":2,\"name\":\"Casas de apuestas online de Jap\u00f3n\"}]},{\"@type\":\"WebSite\",\"@id\":\"https:\\\/\\\/www.freebetsinfo.co.uk\\\/es\\\/#website\",\"url\":\"https:\\\/\\\/www.freebetsinfo.co.uk\\\/es\\\/\",\"name\":\"Apuestas deportivas gratis, Apuestas en l\u00ednea Informaci\u00f3n de apuestas\",\"description\":\"Apuestas en l\u00ednea y c\u00f3digos de bonificaci\u00f3n de dep\u00f3sito sin casino! \u2705Los mejores sitios de apuestas en l\u00ednea Comentarios, \u2705Bonos de casinos en l\u00ednea!\",\"potentialAction\":[{\"@type\":\"SearchAction\",\"target\":{\"@type\":\"EntryPoint\",\"urlTemplate\":\"https:\\\/\\\/www.freebetsinfo.co.uk\\\/es\\\/?s={search_term_string}\"},\"query-input\":{\"@type\":\"PropertyValueSpecification\",\"valueRequired\":true,\"valueName\":\"search_term_string\"}}],\"inLanguage\":\"es\"}]}<\/script>\n<!-- \/ Yoast SEO Premium plugin. -->","yoast_head_json":{"title":"Casas de apuestas online de Jap\u00f3n , Mejor casa de apuestas online.","description":"Casas de apuestas online de Jap\u00f3n , casas de apuestas online de Jap\u00f3n. Obtenga ofertas exclusivas gratuitas. Sitio web seguro y protegido. Los bonos de bienvenida m\u00e1s altos","robots":{"index":"index","follow":"follow","max-snippet":"max-snippet:-1","max-image-preview":"max-image-preview:large","max-video-preview":"max-video-preview:-1"},"canonical":"https:\/\/www.freebetsinfo.co.uk\/es\/casas-de-apuestas-japonesas\/","og_locale":"es_ES","og_type":"article","og_title":"Casas de apuestas online de Jap\u00f3n","og_description":"Casas de apuestas online de Jap\u00f3n , casas de apuestas online de Jap\u00f3n. Obtenga ofertas exclusivas gratuitas. Sitio web seguro y protegido. Los bonos de bienvenida m\u00e1s altos","og_url":"https:\/\/www.freebetsinfo.co.uk\/es\/casas-de-apuestas-japonesas\/","og_site_name":"Apuestas deportivas gratis, Apuestas en l\u00ednea Informaci\u00f3n de apuestas","article_modified_time":"2021-08-13T15:58:09+00:00","twitter_card":"summary_large_image","twitter_misc":{"Tiempo de lectura":"3 minutos"},"schema":{"@context":"https:\/\/schema.org","@graph":[{"@type":"WebPage","@id":"https:\/\/www.freebetsinfo.co.uk\/es\/casas-de-apuestas-japonesas\/","url":"https:\/\/www.freebetsinfo.co.uk\/es\/casas-de-apuestas-japonesas\/","name":"Casas de apuestas online de Jap\u00f3n , Mejor casa de apuestas online.","isPartOf":{"@id":"https:\/\/www.freebetsinfo.co.uk\/es\/#website"},"datePublished":"2021-06-27T07:13:43+00:00","dateModified":"2021-08-13T15:58:09+00:00","description":"Casas de apuestas online de Jap\u00f3n , casas de apuestas online de Jap\u00f3n. Obtenga ofertas exclusivas gratuitas. Sitio web seguro y protegido. Los bonos de bienvenida m\u00e1s altos","breadcrumb":{"@id":"https:\/\/www.freebetsinfo.co.uk\/es\/casas-de-apuestas-japonesas\/#breadcrumb"},"inLanguage":"es","potentialAction":[{"@type":"ReadAction","target":["https:\/\/www.freebetsinfo.co.uk\/es\/casas-de-apuestas-japonesas\/"]}]},{"@type":"BreadcrumbList","@id":"https:\/\/www.freebetsinfo.co.uk\/es\/casas-de-apuestas-japonesas\/#breadcrumb","itemListElement":[{"@type":"ListItem","position":1,"name":"Home","item":"https:\/\/www.freebetsinfo.co.uk\/es\/"},{"@type":"ListItem","position":2,"name":"Casas de apuestas online de Jap\u00f3n"}]},{"@type":"WebSite","@id":"https:\/\/www.freebetsinfo.co.uk\/es\/#website","url":"https:\/\/www.freebetsinfo.co.uk\/es\/","name":"Apuestas deportivas gratis, Apuestas en l\u00ednea Informaci\u00f3n de apuestas","description":"Apuestas en l\u00ednea y c\u00f3digos de bonificaci\u00f3n de dep\u00f3sito sin casino! \u2705Los mejores sitios de apuestas en l\u00ednea Comentarios, \u2705Bonos de casinos en l\u00ednea!","potentialAction":[{"@type":"SearchAction","target":{"@type":"EntryPoint","urlTemplate":"https:\/\/www.freebetsinfo.co.uk\/es\/?s={search_term_string}"},"query-input":{"@type":"PropertyValueSpecification","valueRequired":true,"valueName":"search_term_string"}}],"inLanguage":"es"}]}},"uagb_featured_image_src":{"full":false,"thumbnail":false,"medium":false,"medium_large":false,"large":false,"1536x1536":false,"2048x2048":false,"small":false,"custom-size":false},"uagb_author_info":{"display_name":"\u7ba1\u7406","author_link":"https:\/\/www.freebetsinfo.co.uk\/es\/author\/kdfl4q\/"},"uagb_comment_info":0,"uagb_excerpt":"Mejores casas de apuestas en l\u00ednea de deportes de Jap\u00f3n Las actividades deportivas que se practican en Jap\u00f3n est\u00e1n extremadamente restringidas en comparaci\u00f3n con otras \u00e1reas del mundo. Los apostadores pueden simplemente apostar en una serie de deportes y solo en formatos seleccionados. Adem\u00e1s, las casas de apuestas en l\u00ednea de Jap\u00f3n se corrigieron, lo...&hellip;","_links":{"self":[{"href":"https:\/\/www.freebetsinfo.co.uk\/es\/wp-json\/wp\/v2\/pages\/30145","targetHints":{"allow":["GET"]}}],"collection":[{"href":"https:\/\/www.freebetsinfo.co.uk\/es\/wp-json\/wp\/v2\/pages"}],"about":[{"href":"https:\/\/www.freebetsinfo.co.uk\/es\/wp-json\/wp\/v2\/types\/page"}],"author":[{"embeddable":true,"href":"https:\/\/www.freebetsinfo.co.uk\/es\/wp-json\/wp\/v2\/users\/1"}],"replies":[{"embeddable":true,"href":"https:\/\/www.freebetsinfo.co.uk\/es\/wp-json\/wp\/v2\/comments?post=30145"}],"version-history":[{"count":0,"href":"https:\/\/www.freebetsinfo.co.uk\/es\/wp-json\/wp\/v2\/pages\/30145\/revisions"}],"wp:attachment":[{"href":"https:\/\/www.freebetsinfo.co.uk\/es\/wp-json\/wp\/v2\/media?parent=30145"}],"curies":[{"name":"wp","href":"https:\/\/api.w.org\/{rel}","templated":true}]}}