{"id":30173,"date":"2021-06-27T07:43:28","date_gmt":"2021-06-27T07:43:28","guid":{"rendered":"https:\/\/www.freebetsinfo.co.uk\/casas-de-apuestas-en-linea-de-corea\/"},"modified":"2021-06-29T06:30:25","modified_gmt":"2021-06-29T06:30:25","slug":"casas-de-apuestas-en-linea-de-corea","status":"publish","type":"page","link":"https:\/\/www.freebetsinfo.co.uk\/es\/casas-de-apuestas-en-linea-de-corea\/","title":{"rendered":"Casas de apuestas en l\u00ednea de Corea"},"content":{"rendered":"<h3><span style=\"color: #808080;\">Sitios web de juegos de apuestas de Corea del Sur<\/span><\/h3>\n<p><span style=\"color: #808080;\">Los corredores de apuestas en l\u00ednea de Corea del Sur ofrecen dos opciones para la pr\u00e1ctica de deportes en vivo, pero son opciones realmente malas. Ofrecen juegos de azar parimutuel y apuestas de probabilidades resueltas en f\u00fatbol, b\u00e9isbol, hockey, voleibol y jugar al golf, pero las probabilidades son abismales en contraste con las casas de apuestas en el extranjero, que es dif\u00edcil de ganar una cantidad significativa.<\/span><\/p>\n<p><span style=\"color: #808080;\">Dicho esto, la legislaci\u00f3n de Corea del Sur no describir\u00e1 la principal diferencia entre las apuestas recreativas y las apuestas habituales. Corea del Sur es realmente un pa\u00eds popular por la censura y la interpretaci\u00f3n de sus pautas como mejor les parezca.<\/span><\/p>\n<h3><span style=\"color: #808080;\">\u00bfCu\u00e1les son las actividades deportivas m\u00e1s conocidas para apostar en Corea del Sur?<\/span><\/h3>\n<p><span style=\"color: #808080;\">Los coreanos disfrutan de la opci\u00f3n en el b\u00e9isbol, con muchas apuestas en la Liga KBO, los Juegos Ol\u00edmpicos y la Liga Principal de B\u00e9isbol en Canad\u00e1 y Estados Unidos. Otros deportes en los que los surcoreanos juegan regularmente incluyen carreras de caballos, b\u00e9isbol, golf y ssirum.<\/span><\/p>\n<h3><span style=\"color: #808080;\">\u00bfLos apostantes se ven obligados a pagar comisiones por sus ganancias?<\/span><\/h3>\n<p><span style=\"color: #808080;\">Lo bueno es que los apostadores de apuestas deportivas de Corea del Sur no tendr\u00e1n que gastar impuestos en las ganancias. Dentro de la legislaci\u00f3n de Corea del Sur, solo se requieren impuestos sobre las ganancias de la loter\u00eda.<\/span><\/p>\n<p><span style=\"color: #808080;\">Las leyes y regulaciones podr\u00edan transformarse en el futuro si Corea del Sur cambia su postura sobre las apuestas deportivas.<\/span><\/p>\n<h3><span style=\"color: #808080;\">Aprender a hacer una entrada en una casa de apuestas deportivas en Corea del Sur<\/span><\/h3>\n<p><span style=\"color: #808080;\">De hecho, deber\u00eda usar algunos aros adicionales para jugar regularmente con una casa de apuestas en Corea. En primer lugar, teniendo en cuenta que los ISP de Corea del Sur proh\u00edben la mayor\u00eda de las casas de apuestas, deber\u00e1 trabajar con una red personal virtual, o VPN, para obtener acceso.<\/span><\/p>\n<p><span style=\"color: #808080;\">Despu\u00e9s de eso, es probable que no pueda utilizar ninguna posibilidad de financiaci\u00f3n asociada con tarjetas bancarias o cuentas bancarias, ya que son f\u00e1cilmente rastreables. Dado que los juegos de azar en Internet est\u00e1n prohibidos, no podr\u00e1 realizar un dep\u00f3sito con estas estrategias.<\/span><\/p>\n<h3><span style=\"color: #808080;\">En consecuencia, tendr\u00e1 que quedarse con las billeteras electr\u00f3nicas para crear su dep\u00f3sito.<\/span><\/h3>\n<p><span style=\"color: #808080;\">Posiblemente podr\u00eda incurrir en tarifas de transformaci\u00f3n para convertir recursos de lo ganado a euros. En \u00faltima instancia, tendr\u00e1 que utilizar su bolsillo electr\u00f3nico compensa tanto los dep\u00f3sitos como los retiros. Esa es otra raz\u00f3n por la que sugerimos Neteller y Skrill para los dep\u00f3sitos. Puede ayudar a simplificar qu\u00e9 es exactamente un m\u00e9todo en cuesti\u00f3n.<\/span><\/p>\n<h3><span style=\"color: #808080;\">Alternativas de apuestas port\u00e1tiles<\/span><\/h3>\n<p><span style=\"color: #808080;\">El proceso que utilizar\u00e1 para realizar estas apuestas depender\u00e1 del sitio web. Muchas casas de apuestas ahora ofrecen sitios web optimizados para dispositivos m\u00f3viles. En conclusi\u00f3n, los sitios optimizados para dispositivos m\u00f3viles le permiten iniciar sesi\u00f3n a trav\u00e9s del navegador de Internet de su dispositivo exactamente de la misma manera que lo har\u00eda con su computadora.<\/span><\/p>\n<p><span style=\"color: #808080;\">Chrome y Safari son los navegadores m\u00e1s eficaces para usar en sitios optimizados para port\u00e1tiles. Podr\u00e1s acceder a las mismas opciones de reproducci\u00f3n que en tu disco duro. En conclusi\u00f3n, tambi\u00e9n puede abrir una cuenta gratuita, crear un pago inicial y retirar todo desde su dispositivo m\u00f3vil.<\/span><\/p>\n<p>&nbsp;<\/p>\n","protected":false},"excerpt":{"rendered":"Sitios web de juegos de apuestas de Corea del Sur Los corredores de apuestas en l\u00ednea de Corea del Sur ofrecen dos opciones para la pr\u00e1ctica de deportes en vivo, pero son opciones realmente malas. Ofrecen juegos de azar parimutuel y apuestas de probabilidades resueltas en f\u00fatbol, b\u00e9isbol, hockey, voleibol y jugar al golf, pero&#8230; <a class=\"view-article\" href=\"https:\/\/www.freebetsinfo.co.uk\/es\/casas-de-apuestas-en-linea-de-corea\/\">Ver art\u00edculo<\/a>","protected":false},"author":1,"featured_media":0,"parent":0,"menu_order":0,"comment_status":"closed","ping_status":"closed","template":"asia-sports-page-template.php","meta":{"_uag_custom_page_level_css":"","footnotes":""},"class_list":["post-30173","page","type-page","status-publish","hentry"],"yoast_head":"<!-- This site is optimized with the Yoast SEO Premium plugin v19.5 (Yoast SEO v27.5) - https:\/\/yoast.com\/product\/yoast-seo-premium-wordpress\/ -->\n<title>Casas de apuestas en l\u00ednea de Corea , Mejores casas de apuestas online.<\/title>\n<meta name=\"description\" content=\"Casas de apuestas en l\u00ednea de Corea , Mejores casas de apuestas online. Ofertas de apuestas y bonificaciones de registro. Sitio web de casas de apuestas. Casas de apuestas online de confianza.\" \/>\n<meta name=\"robots\" content=\"index, follow, max-snippet:-1, max-image-preview:large, max-video-preview:-1\" \/>\n<link rel=\"canonical\" href=\"https:\/\/www.freebetsinfo.co.uk\/es\/casas-de-apuestas-en-linea-de-corea\/\" \/>\n<meta property=\"og:locale\" content=\"es_ES\" \/>\n<meta property=\"og:type\" content=\"article\" \/>\n<meta property=\"og:title\" content=\"Casas de apuestas en l\u00ednea de Corea\" \/>\n<meta property=\"og:description\" content=\"Casas de apuestas en l\u00ednea de Corea , Mejores casas de apuestas online. Ofertas de apuestas y bonificaciones de registro. Sitio web de casas de apuestas. Casas de apuestas online de confianza.\" \/>\n<meta property=\"og:url\" content=\"https:\/\/www.freebetsinfo.co.uk\/es\/casas-de-apuestas-en-linea-de-corea\/\" \/>\n<meta property=\"og:site_name\" content=\"Apuestas deportivas gratis, Apuestas en l\u00ednea Informaci\u00f3n de apuestas\" \/>\n<meta property=\"article:modified_time\" content=\"2021-06-29T06:30:25+00:00\" \/>\n<meta name=\"twitter:card\" content=\"summary_large_image\" \/>\n<meta name=\"twitter:label1\" content=\"Tiempo de lectura\" \/>\n\t<meta name=\"twitter:data1\" content=\"3 minutos\" \/>\n<script type=\"application\/ld+json\" class=\"yoast-schema-graph\">{\"@context\":\"https:\\\/\\\/schema.org\",\"@graph\":[{\"@type\":\"WebPage\",\"@id\":\"https:\\\/\\\/www.freebetsinfo.co.uk\\\/es\\\/casas-de-apuestas-en-linea-de-corea\\\/\",\"url\":\"https:\\\/\\\/www.freebetsinfo.co.uk\\\/es\\\/casas-de-apuestas-en-linea-de-corea\\\/\",\"name\":\"Casas de apuestas en l\u00ednea de Corea , Mejores casas de apuestas online.\",\"isPartOf\":{\"@id\":\"https:\\\/\\\/www.freebetsinfo.co.uk\\\/es\\\/#website\"},\"datePublished\":\"2021-06-27T07:43:28+00:00\",\"dateModified\":\"2021-06-29T06:30:25+00:00\",\"description\":\"Casas de apuestas en l\u00ednea de Corea , Mejores casas de apuestas online. Ofertas de apuestas y bonificaciones de registro. Sitio web de casas de apuestas. Casas de apuestas online de confianza.\",\"breadcrumb\":{\"@id\":\"https:\\\/\\\/www.freebetsinfo.co.uk\\\/es\\\/casas-de-apuestas-en-linea-de-corea\\\/#breadcrumb\"},\"inLanguage\":\"es\",\"potentialAction\":[{\"@type\":\"ReadAction\",\"target\":[\"https:\\\/\\\/www.freebetsinfo.co.uk\\\/es\\\/casas-de-apuestas-en-linea-de-corea\\\/\"]}]},{\"@type\":\"BreadcrumbList\",\"@id\":\"https:\\\/\\\/www.freebetsinfo.co.uk\\\/es\\\/casas-de-apuestas-en-linea-de-corea\\\/#breadcrumb\",\"itemListElement\":[{\"@type\":\"ListItem\",\"position\":1,\"name\":\"Home\",\"item\":\"https:\\\/\\\/www.freebetsinfo.co.uk\\\/es\\\/\"},{\"@type\":\"ListItem\",\"position\":2,\"name\":\"Casas de apuestas en l\u00ednea de Corea\"}]},{\"@type\":\"WebSite\",\"@id\":\"https:\\\/\\\/www.freebetsinfo.co.uk\\\/es\\\/#website\",\"url\":\"https:\\\/\\\/www.freebetsinfo.co.uk\\\/es\\\/\",\"name\":\"Apuestas deportivas gratis, Apuestas en l\u00ednea Informaci\u00f3n de apuestas\",\"description\":\"Apuestas en l\u00ednea y c\u00f3digos de bonificaci\u00f3n de dep\u00f3sito sin casino! \u2705Los mejores sitios de apuestas en l\u00ednea Comentarios, \u2705Bonos de casinos en l\u00ednea!\",\"potentialAction\":[{\"@type\":\"SearchAction\",\"target\":{\"@type\":\"EntryPoint\",\"urlTemplate\":\"https:\\\/\\\/www.freebetsinfo.co.uk\\\/es\\\/?s={search_term_string}\"},\"query-input\":{\"@type\":\"PropertyValueSpecification\",\"valueRequired\":true,\"valueName\":\"search_term_string\"}}],\"inLanguage\":\"es\"}]}<\/script>\n<!-- \/ Yoast SEO Premium plugin. -->","yoast_head_json":{"title":"Casas de apuestas en l\u00ednea de Corea , Mejores casas de apuestas online.","description":"Casas de apuestas en l\u00ednea de Corea , Mejores casas de apuestas online. Ofertas de apuestas y bonificaciones de registro. Sitio web de casas de apuestas. Casas de apuestas online de confianza.","robots":{"index":"index","follow":"follow","max-snippet":"max-snippet:-1","max-image-preview":"max-image-preview:large","max-video-preview":"max-video-preview:-1"},"canonical":"https:\/\/www.freebetsinfo.co.uk\/es\/casas-de-apuestas-en-linea-de-corea\/","og_locale":"es_ES","og_type":"article","og_title":"Casas de apuestas en l\u00ednea de Corea","og_description":"Casas de apuestas en l\u00ednea de Corea , Mejores casas de apuestas online. Ofertas de apuestas y bonificaciones de registro. Sitio web de casas de apuestas. Casas de apuestas online de confianza.","og_url":"https:\/\/www.freebetsinfo.co.uk\/es\/casas-de-apuestas-en-linea-de-corea\/","og_site_name":"Apuestas deportivas gratis, Apuestas en l\u00ednea Informaci\u00f3n de apuestas","article_modified_time":"2021-06-29T06:30:25+00:00","twitter_card":"summary_large_image","twitter_misc":{"Tiempo de lectura":"3 minutos"},"schema":{"@context":"https:\/\/schema.org","@graph":[{"@type":"WebPage","@id":"https:\/\/www.freebetsinfo.co.uk\/es\/casas-de-apuestas-en-linea-de-corea\/","url":"https:\/\/www.freebetsinfo.co.uk\/es\/casas-de-apuestas-en-linea-de-corea\/","name":"Casas de apuestas en l\u00ednea de Corea , Mejores casas de apuestas online.","isPartOf":{"@id":"https:\/\/www.freebetsinfo.co.uk\/es\/#website"},"datePublished":"2021-06-27T07:43:28+00:00","dateModified":"2021-06-29T06:30:25+00:00","description":"Casas de apuestas en l\u00ednea de Corea , Mejores casas de apuestas online. Ofertas de apuestas y bonificaciones de registro. Sitio web de casas de apuestas. Casas de apuestas online de confianza.","breadcrumb":{"@id":"https:\/\/www.freebetsinfo.co.uk\/es\/casas-de-apuestas-en-linea-de-corea\/#breadcrumb"},"inLanguage":"es","potentialAction":[{"@type":"ReadAction","target":["https:\/\/www.freebetsinfo.co.uk\/es\/casas-de-apuestas-en-linea-de-corea\/"]}]},{"@type":"BreadcrumbList","@id":"https:\/\/www.freebetsinfo.co.uk\/es\/casas-de-apuestas-en-linea-de-corea\/#breadcrumb","itemListElement":[{"@type":"ListItem","position":1,"name":"Home","item":"https:\/\/www.freebetsinfo.co.uk\/es\/"},{"@type":"ListItem","position":2,"name":"Casas de apuestas en l\u00ednea de Corea"}]},{"@type":"WebSite","@id":"https:\/\/www.freebetsinfo.co.uk\/es\/#website","url":"https:\/\/www.freebetsinfo.co.uk\/es\/","name":"Apuestas deportivas gratis, Apuestas en l\u00ednea Informaci\u00f3n de apuestas","description":"Apuestas en l\u00ednea y c\u00f3digos de bonificaci\u00f3n de dep\u00f3sito sin casino! \u2705Los mejores sitios de apuestas en l\u00ednea Comentarios, \u2705Bonos de casinos en l\u00ednea!","potentialAction":[{"@type":"SearchAction","target":{"@type":"EntryPoint","urlTemplate":"https:\/\/www.freebetsinfo.co.uk\/es\/?s={search_term_string}"},"query-input":{"@type":"PropertyValueSpecification","valueRequired":true,"valueName":"search_term_string"}}],"inLanguage":"es"}]}},"uagb_featured_image_src":{"full":false,"thumbnail":false,"medium":false,"medium_large":false,"large":false,"1536x1536":false,"2048x2048":false,"small":false,"custom-size":false},"uagb_author_info":{"display_name":"\u7ba1\u7406","author_link":"https:\/\/www.freebetsinfo.co.uk\/es\/author\/kdfl4q\/"},"uagb_comment_info":0,"uagb_excerpt":"Sitios web de juegos de apuestas de Corea del Sur Los corredores de apuestas en l\u00ednea de Corea del Sur ofrecen dos opciones para la pr\u00e1ctica de deportes en vivo, pero son opciones realmente malas. Ofrecen juegos de azar parimutuel y apuestas de probabilidades resueltas en f\u00fatbol, b\u00e9isbol, hockey, voleibol y jugar al golf, pero...&hellip;","_links":{"self":[{"href":"https:\/\/www.freebetsinfo.co.uk\/es\/wp-json\/wp\/v2\/pages\/30173","targetHints":{"allow":["GET"]}}],"collection":[{"href":"https:\/\/www.freebetsinfo.co.uk\/es\/wp-json\/wp\/v2\/pages"}],"about":[{"href":"https:\/\/www.freebetsinfo.co.uk\/es\/wp-json\/wp\/v2\/types\/page"}],"author":[{"embeddable":true,"href":"https:\/\/www.freebetsinfo.co.uk\/es\/wp-json\/wp\/v2\/users\/1"}],"replies":[{"embeddable":true,"href":"https:\/\/www.freebetsinfo.co.uk\/es\/wp-json\/wp\/v2\/comments?post=30173"}],"version-history":[{"count":0,"href":"https:\/\/www.freebetsinfo.co.uk\/es\/wp-json\/wp\/v2\/pages\/30173\/revisions"}],"wp:attachment":[{"href":"https:\/\/www.freebetsinfo.co.uk\/es\/wp-json\/wp\/v2\/media?parent=30173"}],"curies":[{"name":"wp","href":"https:\/\/api.w.org\/{rel}","templated":true}]}}