{"id":30735,"date":"2021-06-27T08:40:03","date_gmt":"2021-06-27T08:40:03","guid":{"rendered":"https:\/\/www.freebetsinfo.co.uk\/casas-de-apuestas-en-linea-indias\/"},"modified":"2021-08-13T15:31:52","modified_gmt":"2021-08-13T15:31:52","slug":"casas-de-apuestas-en-linea-indias","status":"publish","type":"page","link":"https:\/\/www.freebetsinfo.co.uk\/es\/casas-de-apuestas-en-linea-indias\/","title":{"rendered":"Casas de apuestas online indias"},"content":{"rendered":"<h3><span style=\"color: #808080;\">En conclusi\u00f3n, en las casas de apuestas en l\u00ednea de la India<\/span><\/h3>\n<p><span style=\"color: #808080;\">Los juegos de azar en la web est\u00e1n ganando impulso en la India a lo largo de los a\u00f1os, siendo el casino m\u00f3vil el modo m\u00e1s popular. La industria de las casas de apuestas en l\u00ednea indias obtiene ganancias de aproximadamente $ 30 mil millones cada a\u00f1o y, al tener aproximadamente 730 millones de usuarios de Internet indios para fines de 2020, en conclusi\u00f3n, es probable que a\u00fan florezca en un futuro cercano.<\/span><\/p>\n<h3><span style=\"color: #808080;\">\u00bfSon l\u00edcitos los juegos de azar en Internet en la India?<\/span><\/h3>\n<p><span style=\"color: #808080;\">La Secci\u00f3n de Fondos, Ingresos y Gastos del Gobierno de Sikkim emiti\u00f3 un memorando el 4 de marzo de 2009 conocido como las Reglas (Control) de Juegos en L\u00ednea de Sikkim, 2009. Este registro describe las regulaciones para la acreditaci\u00f3n de juegos de azar en l\u00ednea dentro de la condici\u00f3n, con la pr\u00e1ctica de deportes en Internet y el establecimiento de juegos de azar en la web legalizados dentro de la condici\u00f3n. Es una de las naciones de apuestas m\u00e1s populares del planeta.<\/span><\/p>\n<h3><span style=\"color: #808080;\">Elegir un excelente sitio web de apuestas en la India<\/span><\/h3>\n<p><span style=\"color: #808080;\">Por lo general, no se quede con un sitio web de juegos de azar individual. Si est\u00e1 colocando una apuesta, examine las posibilidades que se ofrecen en varios operadores y juzgue la principal, que son los gastos, la mejor frontera de las ganancias.<\/span><\/p>\n<p><span style=\"color: #808080;\">Vaya con un sitio web de juegos de azar que le exija demostrar definitivamente su personalidad cada vez que se registre. En conclusi\u00f3n, esto puede asegurar que usted est\u00e1 apostando por una base que puede ser protegida y definitivamente proteger\u00e1 su dinero junto con su informaci\u00f3n privada.<\/span><\/p>\n<h3><span style=\"color: #808080;\">Opciones de pago conocidas para compradores indios<\/span><\/h3>\n<p><span style=\"color: #808080;\">Antes de registrarse en cualquier sitio de apuestas, debe buscar informaci\u00f3n relacionada con las tarifas de compra, el monto m\u00ednimo del pago inicial, el monto m\u00ednimo del reembolso de impuestos, los l\u00edmites de retiro y el intervalo de determinaci\u00f3n final.<\/span><\/p>\n<p><span style=\"color: #808080;\">Una vez que se registre en un sitio web de juegos de apuestas en la India, es posible que se le solicite que verifique su identidad. De lo contrario, al registrarse. Eventualmente se le preguntar\u00e1 acerca de c\u00f3mo lograrlo.<\/span><\/p>\n<h3><span style=\"color: #808080;\">Residir los juegos de azar en la India<\/span><\/h3>\n<p><span style=\"color: #808080;\">Si es un entusiasta espec\u00edfico de la reproducci\u00f3n en vivo, es aconsejable dar preferencia personal a los sitios web que le brindan la opci\u00f3n de adaptarse al flujo en vivo, proporcionar cifras e instrumentos en el nivel como Funds Out, Quickly Markets y Bet Contractor.<\/span><\/p>\n<h3><span style=\"color: #808080;\">En conclusi\u00f3n, la mejor manera de apostar en la web en<\/span><\/h3>\n<p><span style=\"color: #808080;\">El cricket es considerado como la actividad deportiva adorada en India, sin tener la menor duda, la verdad es que, en conclusi\u00f3n, la Indian Top League (IPL) es f\u00e1cilmente el torneo m\u00e1s apostado en el pa\u00eds. Las actividades deportivas como el b\u00e9isbol, el tenis y el b\u00e9isbol tambi\u00e9n suelen ser comunes.<\/span><\/p>\n<p><span style=\"color: #808080;\">Cuando sea nuevo en el campo de las apuestas web, seleccione un deporte que conozca y haga peque\u00f1as apuestas al principio. Una vez que se haya familiarizado con el funcionamiento de los mercados comerciales, podr\u00e1 realizar mayores apuestas y explorar nuevas perspectivas.<\/span><\/p>\n","protected":false},"excerpt":{"rendered":"En conclusi\u00f3n, en las casas de apuestas en l\u00ednea de la India Los juegos de azar en la web est\u00e1n ganando impulso en la India a lo largo de los a\u00f1os, siendo el casino m\u00f3vil el modo m\u00e1s popular. La industria de las casas de apuestas en l\u00ednea indias obtiene ganancias de aproximadamente $ 30&#8230; <a class=\"view-article\" href=\"https:\/\/www.freebetsinfo.co.uk\/es\/casas-de-apuestas-en-linea-indias\/\">Ver art\u00edculo<\/a>","protected":false},"author":1,"featured_media":0,"parent":0,"menu_order":0,"comment_status":"closed","ping_status":"closed","template":"asia-sports-page-template.php","meta":{"_uag_custom_page_level_css":"","footnotes":""},"class_list":["post-30735","page","type-page","status-publish","hentry"],"yoast_head":"<!-- This site is optimized with the Yoast SEO Premium plugin v19.5 (Yoast SEO v27.5) - https:\/\/yoast.com\/product\/yoast-seo-premium-wordpress\/ -->\n<title>Casas de apuestas online indias , Mejores casas de apuestas online.<\/title>\n<meta name=\"description\" content=\"Casas de apuestas online indias , Mejores casas de apuestas online. Ofertas de apuestas y bonificaciones de registro. Sitio web de casas de apuestas. Casas de apuestas en l\u00ednea indias.\" \/>\n<meta name=\"robots\" content=\"index, follow, max-snippet:-1, max-image-preview:large, max-video-preview:-1\" \/>\n<link rel=\"canonical\" href=\"https:\/\/www.freebetsinfo.co.uk\/es\/casas-de-apuestas-en-linea-indias\/\" \/>\n<meta property=\"og:locale\" content=\"es_ES\" \/>\n<meta property=\"og:type\" content=\"article\" \/>\n<meta property=\"og:title\" content=\"Casas de apuestas online indias\" \/>\n<meta property=\"og:description\" content=\"Casas de apuestas online indias , Mejores casas de apuestas online. Ofertas de apuestas y bonificaciones de registro. Sitio web de casas de apuestas. Casas de apuestas en l\u00ednea indias.\" \/>\n<meta property=\"og:url\" content=\"https:\/\/www.freebetsinfo.co.uk\/es\/casas-de-apuestas-en-linea-indias\/\" \/>\n<meta property=\"og:site_name\" content=\"Apuestas deportivas gratis, Apuestas en l\u00ednea Informaci\u00f3n de apuestas\" \/>\n<meta property=\"article:modified_time\" content=\"2021-08-13T15:31:52+00:00\" \/>\n<meta name=\"twitter:card\" content=\"summary_large_image\" \/>\n<meta name=\"twitter:label1\" content=\"Tiempo de lectura\" \/>\n\t<meta name=\"twitter:data1\" content=\"3 minutos\" \/>\n<script type=\"application\/ld+json\" class=\"yoast-schema-graph\">{\"@context\":\"https:\\\/\\\/schema.org\",\"@graph\":[{\"@type\":\"WebPage\",\"@id\":\"https:\\\/\\\/www.freebetsinfo.co.uk\\\/es\\\/casas-de-apuestas-en-linea-indias\\\/\",\"url\":\"https:\\\/\\\/www.freebetsinfo.co.uk\\\/es\\\/casas-de-apuestas-en-linea-indias\\\/\",\"name\":\"Casas de apuestas online indias , Mejores casas de apuestas online.\",\"isPartOf\":{\"@id\":\"https:\\\/\\\/www.freebetsinfo.co.uk\\\/es\\\/#website\"},\"datePublished\":\"2021-06-27T08:40:03+00:00\",\"dateModified\":\"2021-08-13T15:31:52+00:00\",\"description\":\"Casas de apuestas online indias , Mejores casas de apuestas online. Ofertas de apuestas y bonificaciones de registro. Sitio web de casas de apuestas. Casas de apuestas en l\u00ednea indias.\",\"breadcrumb\":{\"@id\":\"https:\\\/\\\/www.freebetsinfo.co.uk\\\/es\\\/casas-de-apuestas-en-linea-indias\\\/#breadcrumb\"},\"inLanguage\":\"es\",\"potentialAction\":[{\"@type\":\"ReadAction\",\"target\":[\"https:\\\/\\\/www.freebetsinfo.co.uk\\\/es\\\/casas-de-apuestas-en-linea-indias\\\/\"]}]},{\"@type\":\"BreadcrumbList\",\"@id\":\"https:\\\/\\\/www.freebetsinfo.co.uk\\\/es\\\/casas-de-apuestas-en-linea-indias\\\/#breadcrumb\",\"itemListElement\":[{\"@type\":\"ListItem\",\"position\":1,\"name\":\"Home\",\"item\":\"https:\\\/\\\/www.freebetsinfo.co.uk\\\/es\\\/\"},{\"@type\":\"ListItem\",\"position\":2,\"name\":\"Casas de apuestas online indias\"}]},{\"@type\":\"WebSite\",\"@id\":\"https:\\\/\\\/www.freebetsinfo.co.uk\\\/es\\\/#website\",\"url\":\"https:\\\/\\\/www.freebetsinfo.co.uk\\\/es\\\/\",\"name\":\"Apuestas deportivas gratis, Apuestas en l\u00ednea Informaci\u00f3n de apuestas\",\"description\":\"Apuestas en l\u00ednea y c\u00f3digos de bonificaci\u00f3n de dep\u00f3sito sin casino! \u2705Los mejores sitios de apuestas en l\u00ednea Comentarios, \u2705Bonos de casinos en l\u00ednea!\",\"potentialAction\":[{\"@type\":\"SearchAction\",\"target\":{\"@type\":\"EntryPoint\",\"urlTemplate\":\"https:\\\/\\\/www.freebetsinfo.co.uk\\\/es\\\/?s={search_term_string}\"},\"query-input\":{\"@type\":\"PropertyValueSpecification\",\"valueRequired\":true,\"valueName\":\"search_term_string\"}}],\"inLanguage\":\"es\"}]}<\/script>\n<!-- \/ Yoast SEO Premium plugin. -->","yoast_head_json":{"title":"Casas de apuestas online indias , Mejores casas de apuestas online.","description":"Casas de apuestas online indias , Mejores casas de apuestas online. Ofertas de apuestas y bonificaciones de registro. Sitio web de casas de apuestas. Casas de apuestas en l\u00ednea indias.","robots":{"index":"index","follow":"follow","max-snippet":"max-snippet:-1","max-image-preview":"max-image-preview:large","max-video-preview":"max-video-preview:-1"},"canonical":"https:\/\/www.freebetsinfo.co.uk\/es\/casas-de-apuestas-en-linea-indias\/","og_locale":"es_ES","og_type":"article","og_title":"Casas de apuestas online indias","og_description":"Casas de apuestas online indias , Mejores casas de apuestas online. Ofertas de apuestas y bonificaciones de registro. Sitio web de casas de apuestas. Casas de apuestas en l\u00ednea indias.","og_url":"https:\/\/www.freebetsinfo.co.uk\/es\/casas-de-apuestas-en-linea-indias\/","og_site_name":"Apuestas deportivas gratis, Apuestas en l\u00ednea Informaci\u00f3n de apuestas","article_modified_time":"2021-08-13T15:31:52+00:00","twitter_card":"summary_large_image","twitter_misc":{"Tiempo de lectura":"3 minutos"},"schema":{"@context":"https:\/\/schema.org","@graph":[{"@type":"WebPage","@id":"https:\/\/www.freebetsinfo.co.uk\/es\/casas-de-apuestas-en-linea-indias\/","url":"https:\/\/www.freebetsinfo.co.uk\/es\/casas-de-apuestas-en-linea-indias\/","name":"Casas de apuestas online indias , Mejores casas de apuestas online.","isPartOf":{"@id":"https:\/\/www.freebetsinfo.co.uk\/es\/#website"},"datePublished":"2021-06-27T08:40:03+00:00","dateModified":"2021-08-13T15:31:52+00:00","description":"Casas de apuestas online indias , Mejores casas de apuestas online. Ofertas de apuestas y bonificaciones de registro. Sitio web de casas de apuestas. Casas de apuestas en l\u00ednea indias.","breadcrumb":{"@id":"https:\/\/www.freebetsinfo.co.uk\/es\/casas-de-apuestas-en-linea-indias\/#breadcrumb"},"inLanguage":"es","potentialAction":[{"@type":"ReadAction","target":["https:\/\/www.freebetsinfo.co.uk\/es\/casas-de-apuestas-en-linea-indias\/"]}]},{"@type":"BreadcrumbList","@id":"https:\/\/www.freebetsinfo.co.uk\/es\/casas-de-apuestas-en-linea-indias\/#breadcrumb","itemListElement":[{"@type":"ListItem","position":1,"name":"Home","item":"https:\/\/www.freebetsinfo.co.uk\/es\/"},{"@type":"ListItem","position":2,"name":"Casas de apuestas online indias"}]},{"@type":"WebSite","@id":"https:\/\/www.freebetsinfo.co.uk\/es\/#website","url":"https:\/\/www.freebetsinfo.co.uk\/es\/","name":"Apuestas deportivas gratis, Apuestas en l\u00ednea Informaci\u00f3n de apuestas","description":"Apuestas en l\u00ednea y c\u00f3digos de bonificaci\u00f3n de dep\u00f3sito sin casino! \u2705Los mejores sitios de apuestas en l\u00ednea Comentarios, \u2705Bonos de casinos en l\u00ednea!","potentialAction":[{"@type":"SearchAction","target":{"@type":"EntryPoint","urlTemplate":"https:\/\/www.freebetsinfo.co.uk\/es\/?s={search_term_string}"},"query-input":{"@type":"PropertyValueSpecification","valueRequired":true,"valueName":"search_term_string"}}],"inLanguage":"es"}]}},"uagb_featured_image_src":{"full":false,"thumbnail":false,"medium":false,"medium_large":false,"large":false,"1536x1536":false,"2048x2048":false,"small":false,"custom-size":false},"uagb_author_info":{"display_name":"\u7ba1\u7406","author_link":"https:\/\/www.freebetsinfo.co.uk\/es\/author\/kdfl4q\/"},"uagb_comment_info":0,"uagb_excerpt":"En conclusi\u00f3n, en las casas de apuestas en l\u00ednea de la India Los juegos de azar en la web est\u00e1n ganando impulso en la India a lo largo de los a\u00f1os, siendo el casino m\u00f3vil el modo m\u00e1s popular. La industria de las casas de apuestas en l\u00ednea indias obtiene ganancias de aproximadamente $ 30...&hellip;","_links":{"self":[{"href":"https:\/\/www.freebetsinfo.co.uk\/es\/wp-json\/wp\/v2\/pages\/30735","targetHints":{"allow":["GET"]}}],"collection":[{"href":"https:\/\/www.freebetsinfo.co.uk\/es\/wp-json\/wp\/v2\/pages"}],"about":[{"href":"https:\/\/www.freebetsinfo.co.uk\/es\/wp-json\/wp\/v2\/types\/page"}],"author":[{"embeddable":true,"href":"https:\/\/www.freebetsinfo.co.uk\/es\/wp-json\/wp\/v2\/users\/1"}],"replies":[{"embeddable":true,"href":"https:\/\/www.freebetsinfo.co.uk\/es\/wp-json\/wp\/v2\/comments?post=30735"}],"version-history":[{"count":0,"href":"https:\/\/www.freebetsinfo.co.uk\/es\/wp-json\/wp\/v2\/pages\/30735\/revisions"}],"wp:attachment":[{"href":"https:\/\/www.freebetsinfo.co.uk\/es\/wp-json\/wp\/v2\/media?parent=30735"}],"curies":[{"name":"wp","href":"https:\/\/api.w.org\/{rel}","templated":true}]}}