{"id":30955,"date":"2021-06-27T04:05:13","date_gmt":"2021-06-27T04:05:13","guid":{"rendered":"https:\/\/www.freebetsinfo.co.uk\/corredores-de-apuestas-europa\/"},"modified":"2021-07-09T08:32:44","modified_gmt":"2021-07-09T08:32:44","slug":"casas-de-apuestas-de-europa","status":"publish","type":"page","link":"https:\/\/www.freebetsinfo.co.uk\/es\/casas-de-apuestas-de-europa\/","title":{"rendered":"Casas de apuestas de Europa"},"content":{"rendered":"<h3><span style=\"color: #808080;\">Casas de apuestas europeas online<\/span><\/h3>\n<p><span style=\"color: #808080;\">En la web, el juego parece ser cada d\u00eda m\u00e1s popular. En Europe Bookmakers. eso lo sabemos bien. El exceso de ansiedad a trav\u00e9s de los juegos de actividades deportivas en l\u00ednea, las decisiones r\u00e1pidas de seguir jugando y el riesgo de una gran victoria &#8230; todos estos son factores excelentes detr\u00e1s de los encajes de las actividades deportivas con dinero. Pero antes de comenzar a so\u00f1ar con esa cantidad sustancial de efectivo, si te gusta un jugador, primero debes registrarte en una casa de apuestas. Una casa de apuestas es definitivamente una empresa de apuestas en Internet y le garantiza que puede optar desde detr\u00e1s de su computadora o tel\u00e9fono m\u00f3vil en todo tipo de torneos y emocionantes torneos deportivos.<\/span><\/p>\n<h3><span style=\"color: #808080;\">Seleccione las casas de apuestas europeas adecuadas<\/span><\/h3>\n<p><span style=\"color: #808080;\">El juego leg\u00edtimo y sin riesgo es, no hace falta decirlo, significativo. Sin embargo, debes prestar atenci\u00f3n a numerosas cosas. \u00bfPor qu\u00e9 tipo de apuestas ofrece una casa de apuestas? \u00bfC\u00f3mo funciona el sitio de Internet? \u00bfY qu\u00e9 tan alto es definitivamente el bono adicional para los nuevos jugadores? Sin duda, esto es diferente para cada casa de apuestas. Por esa raz\u00f3n, es una buena idea orientarse primero antes de decidirse a registrarse en cualquier lugar.<\/span><\/p>\n<h3><span style=\"color: #808080;\">Aunque no podemos decidir qu\u00e9 casa de apuestas se considera la m\u00e1s perfecta para su opci\u00f3n.<\/span><\/h3>\n<p><span style=\"color: #808080;\">En consecuencia, estudie cuidadosamente nuestras revisiones completas y luego eval\u00fae todos los pros y los contras. Dentro de nuestra experiencia, esta es b\u00e1sicamente la mejor estrategia. Al final, su b\u00fasqueda de una casa de apuestas perfecta se centra en una cosa: \u00bfexactamente cu\u00e1les son sus esperanzas? Una casa de apuestas en particular lo hace muy bien dentro de una colecci\u00f3n extra grande (con Asian Handicap y Three Way Handicap). Otro corredor de apuestas est\u00e1 muy orgulloso de que las probabilidades sean mayores que con muchas competencias diferentes. O tal vez desee hacer uso del bono recomendado m\u00e1s accesible.<\/span><\/p>\n<h3><span style=\"color: #808080;\">Recompensas atractivas para jugadores nuevos<\/span><\/h3>\n<p><span style=\"color: #808080;\">Hay muchos competidores entre las numerosas casas de apuestas. Muy simple: con un beneficio incentivado decente. Casi todas las casas de apuestas se esfuerzan por atraerlo con una recompensa llamativa. A menudo tambi\u00e9n es una bonificaci\u00f3n del 100% en el pago inicial. Por supuesto, descubrir\u00e1 una restricci\u00f3n a esto. Con muchas casas de apuestas, a modo de ejemplo, vas a recibir un m\u00e1ximo de 50 \u20ac adicionales, aunque otras casas de apuestas duplican el primer pago inicial a la friolera de 250 \u20ac.<\/span><\/p>\n<h3><span style=\"color: #808080;\">Un mayor beneficio es, no hace falta decirlo<\/span><\/h3>\n<p><span style=\"color: #808080;\">una fant\u00e1stica introducci\u00f3n inicial. Dado que con los 250 \u20ac agregados, puede colocar de inmediato muchas nuevas apuestas. Aun as\u00ed, no debe dejarse cegar por este tipo de recompensas elevadas. Con muchas casas de apuestas, est\u00e1s obligado a experimentar la circular de recompensas varias veces. Y tambi\u00e9n a menudo simplemente tienes 3 meses para lograrlo. En el pr\u00f3ximo per\u00edodo, el bono adicional de bienvenida ha expirado. Un gran beneficio es sin duda atractivo, pero no permita que le sirva de gu\u00eda demasiado.<\/span><\/p>\n","protected":false},"excerpt":{"rendered":"Casas de apuestas europeas online En la web, el juego parece ser cada d\u00eda m\u00e1s popular. En Europe Bookmakers. eso lo sabemos bien. El exceso de ansiedad a trav\u00e9s de los juegos de actividades deportivas en l\u00ednea, las decisiones r\u00e1pidas de seguir jugando y el riesgo de una gran victoria &#8230; todos estos son factores&#8230; <a class=\"view-article\" href=\"https:\/\/www.freebetsinfo.co.uk\/es\/casas-de-apuestas-de-europa\/\">Ver art\u00edculo<\/a>","protected":false},"author":1,"featured_media":29402,"parent":0,"menu_order":0,"comment_status":"closed","ping_status":"closed","template":"europe-sports-page-template.php","meta":{"_uag_custom_page_level_css":"","footnotes":""},"class_list":["post-30955","page","type-page","status-publish","has-post-thumbnail","hentry"],"yoast_head":"<!-- This site is optimized with the Yoast SEO Premium plugin v19.5 (Yoast SEO v27.5) - https:\/\/yoast.com\/product\/yoast-seo-premium-wordpress\/ -->\n<title>Casas de apuestas de Europa , los mejores sitios de las mejores casas de apuestas en l\u00ednea.<\/title>\n<meta name=\"description\" content=\"Casas de apuestas de Europa , las mejores ofertas de apuestas gratuitas en l\u00ednea. Ofertas de apuestas gratuitas: apuestas de f\u00fatbol gratuitas. Los mejores sitios de las mejores casas de apuestas online en Europa.\" \/>\n<meta name=\"robots\" content=\"index, follow, max-snippet:-1, max-image-preview:large, max-video-preview:-1\" \/>\n<link rel=\"canonical\" href=\"https:\/\/www.freebetsinfo.co.uk\/es\/casas-de-apuestas-de-europa\/\" \/>\n<meta property=\"og:locale\" content=\"es_ES\" \/>\n<meta property=\"og:type\" content=\"article\" \/>\n<meta property=\"og:title\" content=\"Casas de apuestas de Europa\" \/>\n<meta property=\"og:description\" content=\"Casas de apuestas de Europa , las mejores ofertas de apuestas gratuitas en l\u00ednea. Ofertas de apuestas gratuitas: apuestas de f\u00fatbol gratuitas. Los mejores sitios de las mejores casas de apuestas online en Europa.\" \/>\n<meta property=\"og:url\" content=\"https:\/\/www.freebetsinfo.co.uk\/es\/casas-de-apuestas-de-europa\/\" \/>\n<meta property=\"og:site_name\" content=\"Apuestas deportivas gratis, Apuestas en l\u00ednea Informaci\u00f3n de apuestas\" \/>\n<meta property=\"article:modified_time\" content=\"2021-07-09T08:32:44+00:00\" \/>\n<meta property=\"og:image\" content=\"https:\/\/www.freebetsinfo.co.uk\/wp-content\/uploads\/2021\/06\/Europe-1.png\" \/>\n\t<meta property=\"og:image:width\" content=\"302\" \/>\n\t<meta property=\"og:image:height\" content=\"220\" \/>\n\t<meta property=\"og:image:type\" content=\"image\/png\" \/>\n<meta name=\"twitter:card\" content=\"summary_large_image\" \/>\n<meta name=\"twitter:label1\" content=\"Tiempo de lectura\" \/>\n\t<meta name=\"twitter:data1\" content=\"3 minutos\" \/>\n<script type=\"application\/ld+json\" class=\"yoast-schema-graph\">{\"@context\":\"https:\\\/\\\/schema.org\",\"@graph\":[{\"@type\":\"WebPage\",\"@id\":\"https:\\\/\\\/www.freebetsinfo.co.uk\\\/es\\\/casas-de-apuestas-de-europa\\\/\",\"url\":\"https:\\\/\\\/www.freebetsinfo.co.uk\\\/es\\\/casas-de-apuestas-de-europa\\\/\",\"name\":\"Casas de apuestas de Europa , los mejores sitios de las mejores casas de apuestas en l\u00ednea.\",\"isPartOf\":{\"@id\":\"https:\\\/\\\/www.freebetsinfo.co.uk\\\/es\\\/#website\"},\"primaryImageOfPage\":{\"@id\":\"https:\\\/\\\/www.freebetsinfo.co.uk\\\/es\\\/casas-de-apuestas-de-europa\\\/#primaryimage\"},\"image\":{\"@id\":\"https:\\\/\\\/www.freebetsinfo.co.uk\\\/es\\\/casas-de-apuestas-de-europa\\\/#primaryimage\"},\"thumbnailUrl\":\"https:\\\/\\\/www.freebetsinfo.co.uk\\\/wp-content\\\/uploads\\\/2021\\\/06\\\/Europe-1.png\",\"datePublished\":\"2021-06-27T04:05:13+00:00\",\"dateModified\":\"2021-07-09T08:32:44+00:00\",\"description\":\"Casas de apuestas de Europa , las mejores ofertas de apuestas gratuitas en l\u00ednea. Ofertas de apuestas gratuitas: apuestas de f\u00fatbol gratuitas. Los mejores sitios de las mejores casas de apuestas online en Europa.\",\"breadcrumb\":{\"@id\":\"https:\\\/\\\/www.freebetsinfo.co.uk\\\/es\\\/casas-de-apuestas-de-europa\\\/#breadcrumb\"},\"inLanguage\":\"es\",\"potentialAction\":[{\"@type\":\"ReadAction\",\"target\":[\"https:\\\/\\\/www.freebetsinfo.co.uk\\\/es\\\/casas-de-apuestas-de-europa\\\/\"]}]},{\"@type\":\"ImageObject\",\"inLanguage\":\"es\",\"@id\":\"https:\\\/\\\/www.freebetsinfo.co.uk\\\/es\\\/casas-de-apuestas-de-europa\\\/#primaryimage\",\"url\":\"https:\\\/\\\/www.freebetsinfo.co.uk\\\/wp-content\\\/uploads\\\/2021\\\/06\\\/Europe-1.png\",\"contentUrl\":\"https:\\\/\\\/www.freebetsinfo.co.uk\\\/wp-content\\\/uploads\\\/2021\\\/06\\\/Europe-1.png\",\"width\":302,\"height\":220,\"caption\":\"Europa\"},{\"@type\":\"BreadcrumbList\",\"@id\":\"https:\\\/\\\/www.freebetsinfo.co.uk\\\/es\\\/casas-de-apuestas-de-europa\\\/#breadcrumb\",\"itemListElement\":[{\"@type\":\"ListItem\",\"position\":1,\"name\":\"Home\",\"item\":\"https:\\\/\\\/www.freebetsinfo.co.uk\\\/es\\\/\"},{\"@type\":\"ListItem\",\"position\":2,\"name\":\"Casas de apuestas de Europa\"}]},{\"@type\":\"WebSite\",\"@id\":\"https:\\\/\\\/www.freebetsinfo.co.uk\\\/es\\\/#website\",\"url\":\"https:\\\/\\\/www.freebetsinfo.co.uk\\\/es\\\/\",\"name\":\"Apuestas deportivas gratis, Apuestas en l\u00ednea Informaci\u00f3n de apuestas\",\"description\":\"Apuestas en l\u00ednea y c\u00f3digos de bonificaci\u00f3n de dep\u00f3sito sin casino! \u2705Los mejores sitios de apuestas en l\u00ednea Comentarios, \u2705Bonos de casinos en l\u00ednea!\",\"potentialAction\":[{\"@type\":\"SearchAction\",\"target\":{\"@type\":\"EntryPoint\",\"urlTemplate\":\"https:\\\/\\\/www.freebetsinfo.co.uk\\\/es\\\/?s={search_term_string}\"},\"query-input\":{\"@type\":\"PropertyValueSpecification\",\"valueRequired\":true,\"valueName\":\"search_term_string\"}}],\"inLanguage\":\"es\"}]}<\/script>\n<!-- \/ Yoast SEO Premium plugin. -->","yoast_head_json":{"title":"Casas de apuestas de Europa , los mejores sitios de las mejores casas de apuestas en l\u00ednea.","description":"Casas de apuestas de Europa , las mejores ofertas de apuestas gratuitas en l\u00ednea. Ofertas de apuestas gratuitas: apuestas de f\u00fatbol gratuitas. Los mejores sitios de las mejores casas de apuestas online en Europa.","robots":{"index":"index","follow":"follow","max-snippet":"max-snippet:-1","max-image-preview":"max-image-preview:large","max-video-preview":"max-video-preview:-1"},"canonical":"https:\/\/www.freebetsinfo.co.uk\/es\/casas-de-apuestas-de-europa\/","og_locale":"es_ES","og_type":"article","og_title":"Casas de apuestas de Europa","og_description":"Casas de apuestas de Europa , las mejores ofertas de apuestas gratuitas en l\u00ednea. Ofertas de apuestas gratuitas: apuestas de f\u00fatbol gratuitas. Los mejores sitios de las mejores casas de apuestas online en Europa.","og_url":"https:\/\/www.freebetsinfo.co.uk\/es\/casas-de-apuestas-de-europa\/","og_site_name":"Apuestas deportivas gratis, Apuestas en l\u00ednea Informaci\u00f3n de apuestas","article_modified_time":"2021-07-09T08:32:44+00:00","og_image":[{"width":302,"height":220,"url":"https:\/\/www.freebetsinfo.co.uk\/wp-content\/uploads\/2021\/06\/Europe-1.png","type":"image\/png"}],"twitter_card":"summary_large_image","twitter_misc":{"Tiempo de lectura":"3 minutos"},"schema":{"@context":"https:\/\/schema.org","@graph":[{"@type":"WebPage","@id":"https:\/\/www.freebetsinfo.co.uk\/es\/casas-de-apuestas-de-europa\/","url":"https:\/\/www.freebetsinfo.co.uk\/es\/casas-de-apuestas-de-europa\/","name":"Casas de apuestas de Europa , los mejores sitios de las mejores casas de apuestas en l\u00ednea.","isPartOf":{"@id":"https:\/\/www.freebetsinfo.co.uk\/es\/#website"},"primaryImageOfPage":{"@id":"https:\/\/www.freebetsinfo.co.uk\/es\/casas-de-apuestas-de-europa\/#primaryimage"},"image":{"@id":"https:\/\/www.freebetsinfo.co.uk\/es\/casas-de-apuestas-de-europa\/#primaryimage"},"thumbnailUrl":"https:\/\/www.freebetsinfo.co.uk\/wp-content\/uploads\/2021\/06\/Europe-1.png","datePublished":"2021-06-27T04:05:13+00:00","dateModified":"2021-07-09T08:32:44+00:00","description":"Casas de apuestas de Europa , las mejores ofertas de apuestas gratuitas en l\u00ednea. Ofertas de apuestas gratuitas: apuestas de f\u00fatbol gratuitas. Los mejores sitios de las mejores casas de apuestas online en Europa.","breadcrumb":{"@id":"https:\/\/www.freebetsinfo.co.uk\/es\/casas-de-apuestas-de-europa\/#breadcrumb"},"inLanguage":"es","potentialAction":[{"@type":"ReadAction","target":["https:\/\/www.freebetsinfo.co.uk\/es\/casas-de-apuestas-de-europa\/"]}]},{"@type":"ImageObject","inLanguage":"es","@id":"https:\/\/www.freebetsinfo.co.uk\/es\/casas-de-apuestas-de-europa\/#primaryimage","url":"https:\/\/www.freebetsinfo.co.uk\/wp-content\/uploads\/2021\/06\/Europe-1.png","contentUrl":"https:\/\/www.freebetsinfo.co.uk\/wp-content\/uploads\/2021\/06\/Europe-1.png","width":302,"height":220,"caption":"Europa"},{"@type":"BreadcrumbList","@id":"https:\/\/www.freebetsinfo.co.uk\/es\/casas-de-apuestas-de-europa\/#breadcrumb","itemListElement":[{"@type":"ListItem","position":1,"name":"Home","item":"https:\/\/www.freebetsinfo.co.uk\/es\/"},{"@type":"ListItem","position":2,"name":"Casas de apuestas de Europa"}]},{"@type":"WebSite","@id":"https:\/\/www.freebetsinfo.co.uk\/es\/#website","url":"https:\/\/www.freebetsinfo.co.uk\/es\/","name":"Apuestas deportivas gratis, Apuestas en l\u00ednea Informaci\u00f3n de apuestas","description":"Apuestas en l\u00ednea y c\u00f3digos de bonificaci\u00f3n de dep\u00f3sito sin casino! \u2705Los mejores sitios de apuestas en l\u00ednea Comentarios, \u2705Bonos de casinos en l\u00ednea!","potentialAction":[{"@type":"SearchAction","target":{"@type":"EntryPoint","urlTemplate":"https:\/\/www.freebetsinfo.co.uk\/es\/?s={search_term_string}"},"query-input":{"@type":"PropertyValueSpecification","valueRequired":true,"valueName":"search_term_string"}}],"inLanguage":"es"}]}},"uagb_featured_image_src":{"full":["https:\/\/www.freebetsinfo.co.uk\/wp-content\/uploads\/2021\/06\/Europe-1.png",302,220,false],"thumbnail":["https:\/\/www.freebetsinfo.co.uk\/wp-content\/uploads\/2021\/06\/Europe-1-150x150.png",150,150,true],"medium":["https:\/\/www.freebetsinfo.co.uk\/wp-content\/uploads\/2021\/06\/Europe-1-250x182.png",250,182,true],"medium_large":["https:\/\/www.freebetsinfo.co.uk\/wp-content\/uploads\/2021\/06\/Europe-1.png",302,220,false],"large":["https:\/\/www.freebetsinfo.co.uk\/wp-content\/uploads\/2021\/06\/Europe-1.png",302,220,false],"1536x1536":["https:\/\/www.freebetsinfo.co.uk\/wp-content\/uploads\/2021\/06\/Europe-1.png",302,220,false],"2048x2048":["https:\/\/www.freebetsinfo.co.uk\/wp-content\/uploads\/2021\/06\/Europe-1.png",302,220,false],"small":["https:\/\/www.freebetsinfo.co.uk\/wp-content\/uploads\/2021\/06\/Europe-1-120x87.png",120,87,true],"custom-size":["https:\/\/www.freebetsinfo.co.uk\/wp-content\/uploads\/2021\/06\/Europe-1-302x200.png",302,200,true]},"uagb_author_info":{"display_name":"\u7ba1\u7406","author_link":"https:\/\/www.freebetsinfo.co.uk\/es\/author\/kdfl4q\/"},"uagb_comment_info":0,"uagb_excerpt":"Casas de apuestas europeas online En la web, el juego parece ser cada d\u00eda m\u00e1s popular. En Europe Bookmakers. eso lo sabemos bien. El exceso de ansiedad a trav\u00e9s de los juegos de actividades deportivas en l\u00ednea, las decisiones r\u00e1pidas de seguir jugando y el riesgo de una gran victoria &#8230; todos estos son factores...&hellip;","_links":{"self":[{"href":"https:\/\/www.freebetsinfo.co.uk\/es\/wp-json\/wp\/v2\/pages\/30955","targetHints":{"allow":["GET"]}}],"collection":[{"href":"https:\/\/www.freebetsinfo.co.uk\/es\/wp-json\/wp\/v2\/pages"}],"about":[{"href":"https:\/\/www.freebetsinfo.co.uk\/es\/wp-json\/wp\/v2\/types\/page"}],"author":[{"embeddable":true,"href":"https:\/\/www.freebetsinfo.co.uk\/es\/wp-json\/wp\/v2\/users\/1"}],"replies":[{"embeddable":true,"href":"https:\/\/www.freebetsinfo.co.uk\/es\/wp-json\/wp\/v2\/comments?post=30955"}],"version-history":[{"count":0,"href":"https:\/\/www.freebetsinfo.co.uk\/es\/wp-json\/wp\/v2\/pages\/30955\/revisions"}],"wp:featuredmedia":[{"embeddable":true,"href":"https:\/\/www.freebetsinfo.co.uk\/es\/wp-json\/wp\/v2\/media\/29402"}],"wp:attachment":[{"href":"https:\/\/www.freebetsinfo.co.uk\/es\/wp-json\/wp\/v2\/media?parent=30955"}],"curies":[{"name":"wp","href":"https:\/\/api.w.org\/{rel}","templated":true}]}}