{"id":930,"date":"2019-09-27T11:09:08","date_gmt":"2019-09-27T11:09:08","guid":{"rendered":"https:\/\/www.freebetsinfo.co.uk\/?page_id=930"},"modified":"2019-10-17T05:28:15","modified_gmt":"2019-10-17T05:28:15","slug":"12bet-100-sign-up-bonus","status":"publish","type":"page","link":"https:\/\/www.freebetsinfo.co.uk\/es\/betting-offers\/12bet-100-sign-up-bonus\/","title":{"rendered":"12Bet \u2013 100% sign up bonus!"},"content":{"rendered":"<h2><strong><a href=\"https:\/\/www.freebetsinfo.co.uk\/go\/12bet\">12BET<\/a> 100%sign up bonus!<\/strong><\/h2>\n<ul>\n<li>Get the 100% signup bonus for up to MYR200 now, double your cash and double your fun!<\/li>\n<li>Claim your instant gifts with <a href=\"https:\/\/www.freebetsinfo.co.uk\/go\/12bet\">12BET<\/a><\/li>\n<li>register an account<\/li>\n<li>Make a new deposit at and click \u00bb Claim Now!\u00bb\u00bbBelow.<\/li>\n<li>After successfully processing your deposit, the bonus will be credited immediately.<\/li>\n<li>Now declare !<\/li>\n<\/ul>\n<h3><strong><span style=\"vertical-align: inherit;\">12BET<\/span> Promotional terms and conditions<\/strong><\/h3>\n<ul>\n<li>This promotion is only available to all new members who use MYR.<\/li>\n<li>This promotion starts from 00:00:00 (GMT + 8) September 1, 2019 to 23:59:59 (GMT + 8) September 30, 2019.<\/li>\n<li>Players can only earn a valid bonus in their account at any time.<\/li>\n<li>Welcome bonus: your initial deposit plus bonus has a turnover of 12 out of 12Sports bets before you can withdraw or get the next bonus.<\/li>\n<li>The results of the draw, both sides bet, void or cancel the game are not included in the calculation of turnover.<\/li>\n<li>In the calculation of the turnover is not included bets made in BTI sports, IM esports, digital games, virtual sports, keno, lotteries and casinos.<\/li>\n<li><a href=\"https:\/\/www.freebetbest.com\/betting-sites\/\"><span style=\"vertical-align: inherit;\">No suitable, check out our partner&#8217;s website<\/span><\/a><\/li>\n<\/ul>\n<div>\n<h3>athletics 2019-20 winter<\/h3>\n<ul>\n<li>epl every week battleground<\/li>\n<li>myr 5,000 weekly earn<\/li>\n<li>bti every month freebet expression<\/li>\n<li>myr100 for five serious football leagues<\/li>\n<li>double per week strengthen<\/li>\n<li>great 37Percent reload reward<\/li>\n<\/ul>\n<h3>4 seasons &#8211; fall tournament<\/h3>\n<ul>\n<li>two times excess &#8211; myr 266,000<\/li>\n<li>certain completely free funds giveaway for primary time.<\/li>\n<li>12 number one for getting a lot more myr 888<\/li>\n<li>internet casino And live life casino<\/li>\n<li>new 12sapphire casino club<\/li>\n<li>7 greet perks for every group<\/li>\n<li>.6 Percent unrestricted casino site cashback<\/li>\n<li>even more myr 16,000 bucks<\/li>\n<li>200 without charge spins (pretty much every tuesday)<\/li>\n<\/ul>\n<\/div>\n","protected":false},"excerpt":{"rendered":"88% BTI welcome bonus! 100% registration bonus! 33% welcome bonus","protected":false},"author":1,"featured_media":931,"parent":24,"menu_order":0,"comment_status":"closed","ping_status":"closed","template":"single-offer-template.php","meta":{"_uag_custom_page_level_css":"","footnotes":""},"class_list":["post-930","page","type-page","status-publish","has-post-thumbnail","hentry"],"yoast_head":"<!-- This site is optimized with the Yoast SEO Premium plugin v19.5 (Yoast SEO v27.5) - https:\/\/yoast.com\/product\/yoast-seo-premium-wordpress\/ -->\n<title>12Bet \u2013 100% sign up bonus! Welcome bonus, Sign up Bonus code.<\/title>\n<meta name=\"description\" content=\"12Bet \u2013 100% sign up bonus! Get the 100% signup bonus for now, Free bet No deposit bonus\uff0cwelcome bonus code, Sign up Bonus code.\" \/>\n<meta name=\"robots\" content=\"index, follow, max-snippet:-1, max-image-preview:large, max-video-preview:-1\" \/>\n<link rel=\"canonical\" href=\"https:\/\/www.freebetsinfo.co.uk\/es\/betting-offers\/12bet-100-sign-up-bonus\/\" \/>\n<meta property=\"og:locale\" content=\"es_ES\" \/>\n<meta property=\"og:type\" content=\"article\" \/>\n<meta property=\"og:title\" content=\"12Bet \u2013 100% sign up bonus!\" \/>\n<meta property=\"og:description\" content=\"12Bet \u2013 100% sign up bonus! Get the 100% signup bonus for now, Free bet No deposit bonus\uff0cwelcome bonus code, Sign up Bonus code.\" \/>\n<meta property=\"og:url\" content=\"https:\/\/www.freebetsinfo.co.uk\/es\/betting-offers\/12bet-100-sign-up-bonus\/\" \/>\n<meta property=\"og:site_name\" content=\"Apuestas deportivas gratis, Apuestas en l\u00ednea Informaci\u00f3n de apuestas\" \/>\n<meta property=\"article:modified_time\" content=\"2019-10-17T05:28:15+00:00\" \/>\n<meta property=\"og:image\" content=\"https:\/\/www.freebetsinfo.co.uk\/wp-content\/uploads\/2019\/09\/12bet6.jpg\" \/>\n\t<meta property=\"og:image:width\" content=\"700\" \/>\n\t<meta property=\"og:image:height\" content=\"389\" \/>\n\t<meta property=\"og:image:type\" content=\"image\/jpeg\" \/>\n<meta name=\"twitter:card\" content=\"summary_large_image\" \/>\n<meta name=\"twitter:label1\" content=\"Tiempo de lectura\" \/>\n\t<meta name=\"twitter:data1\" content=\"1 minuto\" \/>\n<script type=\"application\/ld+json\" class=\"yoast-schema-graph\">{\"@context\":\"https:\\\/\\\/schema.org\",\"@graph\":[{\"@type\":\"WebPage\",\"@id\":\"https:\\\/\\\/www.freebetsinfo.co.uk\\\/es\\\/betting-offers\\\/12bet-100-sign-up-bonus\\\/\",\"url\":\"https:\\\/\\\/www.freebetsinfo.co.uk\\\/es\\\/betting-offers\\\/12bet-100-sign-up-bonus\\\/\",\"name\":\"12Bet \u2013 100% sign up bonus! Welcome bonus, Sign up Bonus code.\",\"isPartOf\":{\"@id\":\"https:\\\/\\\/www.freebetsinfo.co.uk\\\/es\\\/#website\"},\"primaryImageOfPage\":{\"@id\":\"https:\\\/\\\/www.freebetsinfo.co.uk\\\/es\\\/betting-offers\\\/12bet-100-sign-up-bonus\\\/#primaryimage\"},\"image\":{\"@id\":\"https:\\\/\\\/www.freebetsinfo.co.uk\\\/es\\\/betting-offers\\\/12bet-100-sign-up-bonus\\\/#primaryimage\"},\"thumbnailUrl\":\"https:\\\/\\\/www.freebetsinfo.co.uk\\\/wp-content\\\/uploads\\\/2019\\\/09\\\/12bet6.jpg\",\"datePublished\":\"2019-09-27T11:09:08+00:00\",\"dateModified\":\"2019-10-17T05:28:15+00:00\",\"description\":\"12Bet \u2013 100% sign up bonus! Get the 100% signup bonus for now, Free bet No deposit bonus\uff0cwelcome bonus code, Sign up Bonus code.\",\"breadcrumb\":{\"@id\":\"https:\\\/\\\/www.freebetsinfo.co.uk\\\/es\\\/betting-offers\\\/12bet-100-sign-up-bonus\\\/#breadcrumb\"},\"inLanguage\":\"es\",\"potentialAction\":[{\"@type\":\"ReadAction\",\"target\":[\"https:\\\/\\\/www.freebetsinfo.co.uk\\\/es\\\/betting-offers\\\/12bet-100-sign-up-bonus\\\/\"]}]},{\"@type\":\"ImageObject\",\"inLanguage\":\"es\",\"@id\":\"https:\\\/\\\/www.freebetsinfo.co.uk\\\/es\\\/betting-offers\\\/12bet-100-sign-up-bonus\\\/#primaryimage\",\"url\":\"https:\\\/\\\/www.freebetsinfo.co.uk\\\/wp-content\\\/uploads\\\/2019\\\/09\\\/12bet6.jpg\",\"contentUrl\":\"https:\\\/\\\/www.freebetsinfo.co.uk\\\/wp-content\\\/uploads\\\/2019\\\/09\\\/12bet6.jpg\",\"width\":700,\"height\":389,\"caption\":\"12BET\"},{\"@type\":\"BreadcrumbList\",\"@id\":\"https:\\\/\\\/www.freebetsinfo.co.uk\\\/es\\\/betting-offers\\\/12bet-100-sign-up-bonus\\\/#breadcrumb\",\"itemListElement\":[{\"@type\":\"ListItem\",\"position\":1,\"name\":\"Home\",\"item\":\"https:\\\/\\\/www.freebetsinfo.co.uk\\\/es\\\/\"},{\"@type\":\"ListItem\",\"position\":2,\"name\":\"Betting Offers\",\"item\":\"https:\\\/\\\/www.freebetsinfo.co.uk\\\/es\\\/cung-cap-ca-cuoc\\\/\"},{\"@type\":\"ListItem\",\"position\":3,\"name\":\"12Bet \u2013 100% sign up bonus!\"}]},{\"@type\":\"WebSite\",\"@id\":\"https:\\\/\\\/www.freebetsinfo.co.uk\\\/es\\\/#website\",\"url\":\"https:\\\/\\\/www.freebetsinfo.co.uk\\\/es\\\/\",\"name\":\"Apuestas deportivas gratis, Apuestas en l\u00ednea Informaci\u00f3n de apuestas\",\"description\":\"Apuestas en l\u00ednea y c\u00f3digos de bonificaci\u00f3n de dep\u00f3sito sin casino! \u2705Los mejores sitios de apuestas en l\u00ednea Comentarios, \u2705Bonos de casinos en l\u00ednea!\",\"potentialAction\":[{\"@type\":\"SearchAction\",\"target\":{\"@type\":\"EntryPoint\",\"urlTemplate\":\"https:\\\/\\\/www.freebetsinfo.co.uk\\\/es\\\/?s={search_term_string}\"},\"query-input\":{\"@type\":\"PropertyValueSpecification\",\"valueRequired\":true,\"valueName\":\"search_term_string\"}}],\"inLanguage\":\"es\"}]}<\/script>\n<!-- \/ Yoast SEO Premium plugin. -->","yoast_head_json":{"title":"12Bet \u2013 100% sign up bonus! Welcome bonus, Sign up Bonus code.","description":"12Bet \u2013 100% sign up bonus! Get the 100% signup bonus for now, Free bet No deposit bonus\uff0cwelcome bonus code, Sign up Bonus code.","robots":{"index":"index","follow":"follow","max-snippet":"max-snippet:-1","max-image-preview":"max-image-preview:large","max-video-preview":"max-video-preview:-1"},"canonical":"https:\/\/www.freebetsinfo.co.uk\/es\/betting-offers\/12bet-100-sign-up-bonus\/","og_locale":"es_ES","og_type":"article","og_title":"12Bet \u2013 100% sign up bonus!","og_description":"12Bet \u2013 100% sign up bonus! Get the 100% signup bonus for now, Free bet No deposit bonus\uff0cwelcome bonus code, Sign up Bonus code.","og_url":"https:\/\/www.freebetsinfo.co.uk\/es\/betting-offers\/12bet-100-sign-up-bonus\/","og_site_name":"Apuestas deportivas gratis, Apuestas en l\u00ednea Informaci\u00f3n de apuestas","article_modified_time":"2019-10-17T05:28:15+00:00","og_image":[{"width":700,"height":389,"url":"https:\/\/www.freebetsinfo.co.uk\/wp-content\/uploads\/2019\/09\/12bet6.jpg","type":"image\/jpeg"}],"twitter_card":"summary_large_image","twitter_misc":{"Tiempo de lectura":"1 minuto"},"schema":{"@context":"https:\/\/schema.org","@graph":[{"@type":"WebPage","@id":"https:\/\/www.freebetsinfo.co.uk\/es\/betting-offers\/12bet-100-sign-up-bonus\/","url":"https:\/\/www.freebetsinfo.co.uk\/es\/betting-offers\/12bet-100-sign-up-bonus\/","name":"12Bet \u2013 100% sign up bonus! Welcome bonus, Sign up Bonus code.","isPartOf":{"@id":"https:\/\/www.freebetsinfo.co.uk\/es\/#website"},"primaryImageOfPage":{"@id":"https:\/\/www.freebetsinfo.co.uk\/es\/betting-offers\/12bet-100-sign-up-bonus\/#primaryimage"},"image":{"@id":"https:\/\/www.freebetsinfo.co.uk\/es\/betting-offers\/12bet-100-sign-up-bonus\/#primaryimage"},"thumbnailUrl":"https:\/\/www.freebetsinfo.co.uk\/wp-content\/uploads\/2019\/09\/12bet6.jpg","datePublished":"2019-09-27T11:09:08+00:00","dateModified":"2019-10-17T05:28:15+00:00","description":"12Bet \u2013 100% sign up bonus! Get the 100% signup bonus for now, Free bet No deposit bonus\uff0cwelcome bonus code, Sign up Bonus code.","breadcrumb":{"@id":"https:\/\/www.freebetsinfo.co.uk\/es\/betting-offers\/12bet-100-sign-up-bonus\/#breadcrumb"},"inLanguage":"es","potentialAction":[{"@type":"ReadAction","target":["https:\/\/www.freebetsinfo.co.uk\/es\/betting-offers\/12bet-100-sign-up-bonus\/"]}]},{"@type":"ImageObject","inLanguage":"es","@id":"https:\/\/www.freebetsinfo.co.uk\/es\/betting-offers\/12bet-100-sign-up-bonus\/#primaryimage","url":"https:\/\/www.freebetsinfo.co.uk\/wp-content\/uploads\/2019\/09\/12bet6.jpg","contentUrl":"https:\/\/www.freebetsinfo.co.uk\/wp-content\/uploads\/2019\/09\/12bet6.jpg","width":700,"height":389,"caption":"12BET"},{"@type":"BreadcrumbList","@id":"https:\/\/www.freebetsinfo.co.uk\/es\/betting-offers\/12bet-100-sign-up-bonus\/#breadcrumb","itemListElement":[{"@type":"ListItem","position":1,"name":"Home","item":"https:\/\/www.freebetsinfo.co.uk\/es\/"},{"@type":"ListItem","position":2,"name":"Betting Offers","item":"https:\/\/www.freebetsinfo.co.uk\/es\/cung-cap-ca-cuoc\/"},{"@type":"ListItem","position":3,"name":"12Bet \u2013 100% sign up bonus!"}]},{"@type":"WebSite","@id":"https:\/\/www.freebetsinfo.co.uk\/es\/#website","url":"https:\/\/www.freebetsinfo.co.uk\/es\/","name":"Apuestas deportivas gratis, Apuestas en l\u00ednea Informaci\u00f3n de apuestas","description":"Apuestas en l\u00ednea y c\u00f3digos de bonificaci\u00f3n de dep\u00f3sito sin casino! \u2705Los mejores sitios de apuestas en l\u00ednea Comentarios, \u2705Bonos de casinos en l\u00ednea!","potentialAction":[{"@type":"SearchAction","target":{"@type":"EntryPoint","urlTemplate":"https:\/\/www.freebetsinfo.co.uk\/es\/?s={search_term_string}"},"query-input":{"@type":"PropertyValueSpecification","valueRequired":true,"valueName":"search_term_string"}}],"inLanguage":"es"}]}},"uagb_featured_image_src":{"full":["https:\/\/www.freebetsinfo.co.uk\/wp-content\/uploads\/2019\/09\/12bet6.jpg",700,389,false],"thumbnail":["https:\/\/www.freebetsinfo.co.uk\/wp-content\/uploads\/2019\/09\/12bet6-150x150.jpg",150,150,true],"medium":["https:\/\/www.freebetsinfo.co.uk\/wp-content\/uploads\/2019\/09\/12bet6-250x139.jpg",250,139,true],"medium_large":["https:\/\/www.freebetsinfo.co.uk\/wp-content\/uploads\/2019\/09\/12bet6.jpg",700,389,false],"large":["https:\/\/www.freebetsinfo.co.uk\/wp-content\/uploads\/2019\/09\/12bet6-700x389.jpg",700,389,true],"1536x1536":["https:\/\/www.freebetsinfo.co.uk\/wp-content\/uploads\/2019\/09\/12bet6.jpg",700,389,false],"2048x2048":["https:\/\/www.freebetsinfo.co.uk\/wp-content\/uploads\/2019\/09\/12bet6.jpg",700,389,false],"small":["https:\/\/www.freebetsinfo.co.uk\/wp-content\/uploads\/2019\/09\/12bet6-120x67.jpg",120,67,true],"custom-size":["https:\/\/www.freebetsinfo.co.uk\/wp-content\/uploads\/2019\/09\/12bet6-700x200.jpg",700,200,true]},"uagb_author_info":{"display_name":"\u7ba1\u7406","author_link":"https:\/\/www.freebetsinfo.co.uk\/es\/author\/kdfl4q\/"},"uagb_comment_info":0,"uagb_excerpt":"88% BTI welcome bonus! 100% registration bonus! 33% welcome bonus","_links":{"self":[{"href":"https:\/\/www.freebetsinfo.co.uk\/es\/wp-json\/wp\/v2\/pages\/930","targetHints":{"allow":["GET"]}}],"collection":[{"href":"https:\/\/www.freebetsinfo.co.uk\/es\/wp-json\/wp\/v2\/pages"}],"about":[{"href":"https:\/\/www.freebetsinfo.co.uk\/es\/wp-json\/wp\/v2\/types\/page"}],"author":[{"embeddable":true,"href":"https:\/\/www.freebetsinfo.co.uk\/es\/wp-json\/wp\/v2\/users\/1"}],"replies":[{"embeddable":true,"href":"https:\/\/www.freebetsinfo.co.uk\/es\/wp-json\/wp\/v2\/comments?post=930"}],"version-history":[{"count":0,"href":"https:\/\/www.freebetsinfo.co.uk\/es\/wp-json\/wp\/v2\/pages\/930\/revisions"}],"up":[{"embeddable":true,"href":"https:\/\/www.freebetsinfo.co.uk\/es\/wp-json\/wp\/v2\/pages\/24"}],"wp:featuredmedia":[{"embeddable":true,"href":"https:\/\/www.freebetsinfo.co.uk\/es\/wp-json\/wp\/v2\/media\/931"}],"wp:attachment":[{"href":"https:\/\/www.freebetsinfo.co.uk\/es\/wp-json\/wp\/v2\/media?parent=930"}],"curies":[{"name":"wp","href":"https:\/\/api.w.org\/{rel}","templated":true}]}}