{"id":2571,"date":"2017-11-18T09:43:26","date_gmt":"2017-11-18T09:43:26","guid":{"rendered":"https:\/\/www.freebetsinfo.co.uk\/paris-hippiques\/"},"modified":"2021-07-01T15:05:54","modified_gmt":"2021-07-01T15:05:54","slug":"paris-hippiques","status":"publish","type":"page","link":"https:\/\/www.freebetsinfo.co.uk\/fr\/paris-hippiques\/","title":{"rendered":"Paris hippiques"},"content":{"rendered":"<h2><span style=\"color: #808080;\"><a style=\"color: #808080;\" href=\"https:\/\/www.freebetsinfo.co.uk\/fr\/paris-hippiques\/\">Paris sur les courses hippiques<\/a> Bonus de bienvenue &#8211; et si vous envisagez cela?<\/span><\/h2>\n<p><span style=\"color: #808080;\">Savoir avec quel bookmaker de paris hippiques s&rsquo;inscrire demande un peu de recherche, et nous sommes l\u00e0 pour vous aider. Vous devrez vous assurer que celui avec lequel vous vous inscrivez vous fournira g\u00e9n\u00e9ralement tout ce qui vous a \u00e9t\u00e9 garanti. Que vous soyez un participant professionnel ou m\u00eame un amateur pr\u00e9voyant de d\u00e9chiffrer les publications<a style=\"color: #808080;\" href=\"https:\/\/www.freebetsinfo.co.uk\/fr\/paris-hippiques\/\"> Paris sur les courses hippiques<\/a> en pariant en ligne, vous voudrez faire attention aux offres all\u00e9chantes pr\u00e9sent\u00e9es par les op\u00e9rateurs. Si vous ne recherchez pas de superbes campagnes et d&rsquo;autres offres sont certainement plus attrayantes pour vous, il s&rsquo;agit simplement d&rsquo;un cheval d&rsquo;une autre teinte, et nous y reviendrons plus tard dans l&rsquo;article.<\/span><\/p>\n<p><span style=\"color: #808080;\">La fa\u00e7on dont fonctionnent les offres de bonus int\u00e9ressantes diff\u00e8re d&rsquo;un site Web d&rsquo;options de chevaux unique. Certains d&rsquo;entre eux vous offrent un pari gratuit \u00e0 chaque fois que vous misez une quantit\u00e9 sp\u00e9cifique, d&rsquo;autres \u00e9galeront votre tout premier acompte. Cela d\u00e9pend de la situation.<\/span><\/p>\n<p><span style=\"color: #808080;\">Pour vous aider \u00e0 comprendre, faites d\u00e9filer jusqu&rsquo;\u00e0 v\u00e9rifier le bonus de bienvenue de 888 de 40 \u00a3. Pour en profiter, vous devrez miser 10\u20ac imm\u00e9diatement apr\u00e8s votre inscription. Habituellement, vous disposez d&rsquo;environ 1 mois pour utiliser ce bonus encourag\u00e9, cela vaut donc la peine de garder un \u0153il sur le calendrier. Il est judicieux de faire des d\u00e9p\u00f4ts importants sur les sites de paris hippiques en ligne qui offrent un 100%<a style=\"color: #808080;\" href=\"https:\/\/www.freebetsinfo.co.uk\/fr\/pari-gratuit\/\"> bonus de bienvenue<\/a> .<\/span><\/p>\n<h2><span style=\"color: #808080;\">Offres sp\u00e9ciales en mouvement avec votre bookmaker pr\u00e9f\u00e9r\u00e9<\/span><\/h2>\n<p><span style=\"color: #808080;\">Pour cette raison, des offres sp\u00e9ciales et des offres sp\u00e9ciales sont \u00e0 gagner sur le monde des meilleurs paris hippiques en ligne r\u00e9guli\u00e8rement. Promotions r\u00e9guli\u00e8res, r\u00e9compenses du week-end, remises en argent, jackpots progressifs, bonus de parrainage et ainsi de suite. Dans ce cas, la s\u00e9lection est tr\u00e8s diff\u00e9rente.<\/span><\/p>\n<p><span style=\"color: #808080;\">Dans cet article, nous avons maintenant s\u00e9lectionn\u00e9 pour vous personnellement les principaux types d&rsquo;offres disponibles sur le march\u00e9 du jeu afin que vous puissiez comprendre comment<\/span><\/p>\n<h3><span style=\"color: #808080;\"><a style=\"color: #808080;\" href=\"https:\/\/www.freebetsinfo.co.uk\/fr\/paris-hippiques\/\">Paris sur les courses hippiques<\/a> sur le travail sur Internet dans tout le Royaume-Uni.<\/span><\/h3>\n<p><span style=\"color: #808080;\">Par exemple, si vous pariez un 2\/1 et que les cotes s&rsquo;envolent \u00e0 4\/1, vous pourriez recevoir le gain 4\/1. Si c&rsquo;est l&rsquo;inverse, et que le co\u00fbt d&rsquo;origine du 2\/1 se raccourcit, vous obtiendrez toujours le 2\/1. C&rsquo;est presque comme si\u2026 de ne pas perdre de quelque fa\u00e7on que ce soit. Comprenez que cette promotion est disponible pour parier au moment de la c\u00e9l\u00e9bration des courses automobiles de chevaux.<\/span><\/p>\n<p><span style=\"color: #808080;\">Les offres d\u00e9pendent des sites de paris que vous avez enregistr\u00e9s, mais la plupart d&rsquo;entre eux font de leur mieux pour promouvoir le d\u00e9veloppement commercial. Trouvez des offres avec les meilleures cotes. Et des laissez-passer pour le plus grand \u00e9v\u00e9nement de courses de chevaux au Royaume-Uni.<\/span><\/p>\n<h3><span style=\"color: #808080;\">Handicap du cheval: comment cela vous aidera \u00e9galement \u00e0 gagner de l&rsquo;argent<\/span><\/h3>\n<p><span style=\"color: #808080;\">Prenez note de : le document de course du cheval, le parcours de la course, la surface et les m\u00e9dicaments, les modifications d&rsquo;\u00e9quipement, En conclusion, les gains et les pertes. Cela peut sembler un travail \u00e9norme, mais cela vous donne une id\u00e9e plus pr\u00e9cise sur quel cheval parier et, bien s\u00fbr, combien. De cette fa\u00e7on, l&rsquo;option sur les chevaux sur le Web devient davantage une id\u00e9e pratique de revenus.<\/span><\/p>\n<h3><span style=\"color: #808080;\"> Paris hippiques Quels moyens de paiement pouvez-vous utiliser ?<\/span><\/h3>\n<p><span style=\"color: #808080;\">C&rsquo;est ton choix. Vous pouvez opter pour les cartes bancaires (Visa, MasterCard) car elles sont simples et rapides. Mais les portefeuilles \u00e9lectroniques ont \u00e9galement tendance \u00e0 devenir de plus en plus populaires (PayPal, UKash et Skrill Neteller). De nos jours, vous pouvez m\u00eame utiliser PayPal sur de nombreux sites de paris.<\/span><\/p>\n<h3><span style=\"color: #808080;\">Le plus r\u00e9cent fournit de nouveaux clients actuels d&rsquo;ampli<\/span><\/h3>\n<p><span style=\"color: #808080;\">Dans le cadre des plus grandes courses de chevaux, vous trouverez de nombreux<a style=\"color: #808080;\" href=\"https:\/\/www.freebetsinfo.co.uk\/fr\/\"> meilleurs bookmakers<\/a> op\u00e9rera des promotions uniques, qu&rsquo;il s&rsquo;agisse de cotes am\u00e9lior\u00e9es, de nouvelles offres de bienvenue, etc.<\/span><\/p>\n","protected":false},"excerpt":{"rendered":"Paris sur les courses hippiques Bonus de bienvenue &#8211; et si vous envisagez cela? Savoir avec quel bookmaker de paris hippiques s&rsquo;inscrire demande un peu de recherche, et nous sommes l\u00e0 pour vous aider. Vous devrez vous assurer que celui avec lequel vous vous inscrivez vous fournira g\u00e9n\u00e9ralement tout ce qui vous a \u00e9t\u00e9 garanti&#8230;. <a class=\"view-article\" href=\"https:\/\/www.freebetsinfo.co.uk\/fr\/paris-hippiques\/\">Voir l&rsquo;article<\/a>","protected":false},"author":1,"featured_media":0,"parent":0,"menu_order":0,"comment_status":"closed","ping_status":"closed","template":"asia-sports-page-template.php","meta":{"_uag_custom_page_level_css":"","footnotes":""},"class_list":["post-2571","page","type-page","status-publish","hentry"],"yoast_head":"<!-- This site is optimized with the Yoast SEO Premium plugin v19.5 (Yoast SEO v27.3) - https:\/\/yoast.com\/product\/yoast-seo-premium-wordpress\/ -->\n<title>Paris hippiques Dernier marketing mensuel de la soci\u00e9t\u00e9 de jeux.<\/title>\n<meta name=\"description\" content=\"Paris hippiques Les bonus de sites de jeux d&#039;argent les plus r\u00e9cents, les offres les plus r\u00e9centes et les campagnes aupr\u00e8s des meilleurs bookmakers pour les courses ce mois-ci\" \/>\n<meta name=\"robots\" content=\"index, follow, max-snippet:-1, max-image-preview:large, max-video-preview:-1\" \/>\n<link rel=\"canonical\" href=\"https:\/\/www.freebetsinfo.co.uk\/fr\/paris-hippiques\/\" \/>\n<meta property=\"og:locale\" content=\"fr_FR\" \/>\n<meta property=\"og:type\" content=\"article\" \/>\n<meta property=\"og:title\" content=\"Paris hippiques\" \/>\n<meta property=\"og:description\" content=\"Paris hippiques Les bonus de sites de jeux d&#039;argent les plus r\u00e9cents, les offres les plus r\u00e9centes et les campagnes aupr\u00e8s des meilleurs bookmakers pour les courses ce mois-ci\" \/>\n<meta property=\"og:url\" content=\"https:\/\/www.freebetsinfo.co.uk\/fr\/paris-hippiques\/\" \/>\n<meta property=\"og:site_name\" content=\"Paris sportifs gratuits, paris bookmaker en ligne\" \/>\n<meta property=\"article:modified_time\" content=\"2021-07-01T15:05:54+00:00\" \/>\n<meta name=\"twitter:card\" content=\"summary_large_image\" \/>\n<meta name=\"twitter:label1\" content=\"Dur\u00e9e de lecture estim\u00e9e\" \/>\n\t<meta name=\"twitter:data1\" content=\"3 minutes\" \/>\n<script type=\"application\/ld+json\" class=\"yoast-schema-graph\">{\"@context\":\"https:\\\/\\\/schema.org\",\"@graph\":[{\"@type\":\"WebPage\",\"@id\":\"https:\\\/\\\/www.freebetsinfo.co.uk\\\/fr\\\/paris-hippiques\\\/\",\"url\":\"https:\\\/\\\/www.freebetsinfo.co.uk\\\/fr\\\/paris-hippiques\\\/\",\"name\":\"Paris hippiques Dernier marketing mensuel de la soci\u00e9t\u00e9 de jeux.\",\"isPartOf\":{\"@id\":\"https:\\\/\\\/www.freebetsinfo.co.uk\\\/fr\\\/#website\"},\"datePublished\":\"2017-11-18T09:43:26+00:00\",\"dateModified\":\"2021-07-01T15:05:54+00:00\",\"description\":\"Paris hippiques Les bonus de sites de jeux d'argent les plus r\u00e9cents, les offres les plus r\u00e9centes et les campagnes aupr\u00e8s des meilleurs bookmakers pour les courses ce mois-ci\",\"breadcrumb\":{\"@id\":\"https:\\\/\\\/www.freebetsinfo.co.uk\\\/fr\\\/paris-hippiques\\\/#breadcrumb\"},\"inLanguage\":\"fr-FR\",\"potentialAction\":[{\"@type\":\"ReadAction\",\"target\":[\"https:\\\/\\\/www.freebetsinfo.co.uk\\\/fr\\\/paris-hippiques\\\/\"]}]},{\"@type\":\"BreadcrumbList\",\"@id\":\"https:\\\/\\\/www.freebetsinfo.co.uk\\\/fr\\\/paris-hippiques\\\/#breadcrumb\",\"itemListElement\":[{\"@type\":\"ListItem\",\"position\":1,\"name\":\"Home\",\"item\":\"https:\\\/\\\/www.freebetsinfo.co.uk\\\/fr\\\/\"},{\"@type\":\"ListItem\",\"position\":2,\"name\":\"Paris hippiques\"}]},{\"@type\":\"WebSite\",\"@id\":\"https:\\\/\\\/www.freebetsinfo.co.uk\\\/fr\\\/#website\",\"url\":\"https:\\\/\\\/www.freebetsinfo.co.uk\\\/fr\\\/\",\"name\":\"Paris sportifs gratuits, paris bookmaker en ligne\",\"description\":\"Meilleurs paris en ligne et codes bonus casino sans d\u00e9p\u00f4t! \u2705Critiques de sites de paris en ligne, \u2705meilleurs bonus de casinos en ligne!\",\"potentialAction\":[{\"@type\":\"SearchAction\",\"target\":{\"@type\":\"EntryPoint\",\"urlTemplate\":\"https:\\\/\\\/www.freebetsinfo.co.uk\\\/fr\\\/?s={search_term_string}\"},\"query-input\":{\"@type\":\"PropertyValueSpecification\",\"valueRequired\":true,\"valueName\":\"search_term_string\"}}],\"inLanguage\":\"fr-FR\"}]}<\/script>\n<!-- \/ Yoast SEO Premium plugin. -->","yoast_head_json":{"title":"Paris hippiques Dernier marketing mensuel de la soci\u00e9t\u00e9 de jeux.","description":"Paris hippiques Les bonus de sites de jeux d'argent les plus r\u00e9cents, les offres les plus r\u00e9centes et les campagnes aupr\u00e8s des meilleurs bookmakers pour les courses ce mois-ci","robots":{"index":"index","follow":"follow","max-snippet":"max-snippet:-1","max-image-preview":"max-image-preview:large","max-video-preview":"max-video-preview:-1"},"canonical":"https:\/\/www.freebetsinfo.co.uk\/fr\/paris-hippiques\/","og_locale":"fr_FR","og_type":"article","og_title":"Paris hippiques","og_description":"Paris hippiques Les bonus de sites de jeux d'argent les plus r\u00e9cents, les offres les plus r\u00e9centes et les campagnes aupr\u00e8s des meilleurs bookmakers pour les courses ce mois-ci","og_url":"https:\/\/www.freebetsinfo.co.uk\/fr\/paris-hippiques\/","og_site_name":"Paris sportifs gratuits, paris bookmaker en ligne","article_modified_time":"2021-07-01T15:05:54+00:00","twitter_card":"summary_large_image","twitter_misc":{"Dur\u00e9e de lecture estim\u00e9e":"3 minutes"},"schema":{"@context":"https:\/\/schema.org","@graph":[{"@type":"WebPage","@id":"https:\/\/www.freebetsinfo.co.uk\/fr\/paris-hippiques\/","url":"https:\/\/www.freebetsinfo.co.uk\/fr\/paris-hippiques\/","name":"Paris hippiques Dernier marketing mensuel de la soci\u00e9t\u00e9 de jeux.","isPartOf":{"@id":"https:\/\/www.freebetsinfo.co.uk\/fr\/#website"},"datePublished":"2017-11-18T09:43:26+00:00","dateModified":"2021-07-01T15:05:54+00:00","description":"Paris hippiques Les bonus de sites de jeux d'argent les plus r\u00e9cents, les offres les plus r\u00e9centes et les campagnes aupr\u00e8s des meilleurs bookmakers pour les courses ce mois-ci","breadcrumb":{"@id":"https:\/\/www.freebetsinfo.co.uk\/fr\/paris-hippiques\/#breadcrumb"},"inLanguage":"fr-FR","potentialAction":[{"@type":"ReadAction","target":["https:\/\/www.freebetsinfo.co.uk\/fr\/paris-hippiques\/"]}]},{"@type":"BreadcrumbList","@id":"https:\/\/www.freebetsinfo.co.uk\/fr\/paris-hippiques\/#breadcrumb","itemListElement":[{"@type":"ListItem","position":1,"name":"Home","item":"https:\/\/www.freebetsinfo.co.uk\/fr\/"},{"@type":"ListItem","position":2,"name":"Paris hippiques"}]},{"@type":"WebSite","@id":"https:\/\/www.freebetsinfo.co.uk\/fr\/#website","url":"https:\/\/www.freebetsinfo.co.uk\/fr\/","name":"Paris sportifs gratuits, paris bookmaker en ligne","description":"Meilleurs paris en ligne et codes bonus casino sans d\u00e9p\u00f4t! \u2705Critiques de sites de paris en ligne, \u2705meilleurs bonus de casinos en ligne!","potentialAction":[{"@type":"SearchAction","target":{"@type":"EntryPoint","urlTemplate":"https:\/\/www.freebetsinfo.co.uk\/fr\/?s={search_term_string}"},"query-input":{"@type":"PropertyValueSpecification","valueRequired":true,"valueName":"search_term_string"}}],"inLanguage":"fr-FR"}]}},"uagb_featured_image_src":{"full":false,"thumbnail":false,"medium":false,"medium_large":false,"large":false,"1536x1536":false,"2048x2048":false,"small":false,"custom-size":false},"uagb_author_info":{"display_name":"\u7ba1\u7406","author_link":"https:\/\/www.freebetsinfo.co.uk\/fr\/author\/kdfl4q\/"},"uagb_comment_info":0,"uagb_excerpt":"Paris sur les courses hippiques Bonus de bienvenue &#8211; et si vous envisagez cela? Savoir avec quel bookmaker de paris hippiques s&rsquo;inscrire demande un peu de recherche, et nous sommes l\u00e0 pour vous aider. Vous devrez vous assurer que celui avec lequel vous vous inscrivez vous fournira g\u00e9n\u00e9ralement tout ce qui vous a \u00e9t\u00e9 garanti....\u2026","_links":{"self":[{"href":"https:\/\/www.freebetsinfo.co.uk\/fr\/wp-json\/wp\/v2\/pages\/2571","targetHints":{"allow":["GET"]}}],"collection":[{"href":"https:\/\/www.freebetsinfo.co.uk\/fr\/wp-json\/wp\/v2\/pages"}],"about":[{"href":"https:\/\/www.freebetsinfo.co.uk\/fr\/wp-json\/wp\/v2\/types\/page"}],"author":[{"embeddable":true,"href":"https:\/\/www.freebetsinfo.co.uk\/fr\/wp-json\/wp\/v2\/users\/1"}],"replies":[{"embeddable":true,"href":"https:\/\/www.freebetsinfo.co.uk\/fr\/wp-json\/wp\/v2\/comments?post=2571"}],"version-history":[{"count":0,"href":"https:\/\/www.freebetsinfo.co.uk\/fr\/wp-json\/wp\/v2\/pages\/2571\/revisions"}],"wp:attachment":[{"href":"https:\/\/www.freebetsinfo.co.uk\/fr\/wp-json\/wp\/v2\/media?parent=2571"}],"curies":[{"name":"wp","href":"https:\/\/api.w.org\/{rel}","templated":true}]}}