{"id":27261,"date":"2021-06-08T09:31:52","date_gmt":"2021-06-08T09:31:52","guid":{"rendered":"https:\/\/www.freebetsinfo.co.uk\/paris-sur-les-machines-a-sous\/"},"modified":"2021-07-01T10:11:23","modified_gmt":"2021-07-01T10:11:23","slug":"paris-sur-les-machines-a-sous","status":"publish","type":"page","link":"https:\/\/www.freebetsinfo.co.uk\/fr\/paris-sur-les-machines-a-sous\/","title":{"rendered":"Paris sur les machines \u00e0 sous"},"content":{"rendered":"<h3><span style=\"color: #808080;\">Nous v\u00e9rifions toujours les t\u00e9moignages des utilisateurs finaux<\/span><\/h3>\n<p><span style=\"color: #808080;\">De la m\u00eame mani\u00e8re que si vous achetiez autre chose en ligne, vous voulez g\u00e9n\u00e9ralement penser aux avis des consommateurs. Parfois, quelqu&rsquo;un peut avoir une connaissance priv\u00e9e n\u00e9gative d&rsquo;une v\u00e9ritable application de machines \u00e0 sous en dollars ou d&rsquo;un site Web de casino et, par cons\u00e9quent, laisser un avis trop critique.<\/span><\/p>\n<h3><span style=\"color: #808080;\">Au dernier<a href=\"https:\/\/www.freebetsinfo.co.uk\/zh-hans\/%e4%ba%9a%e6%b4%b2%e5%8d%9a%e5%bd%a9%e5%85%ac%e5%8f%b8\/\"> Offres de paris sur les machines \u00e0 sous<\/a> D&rsquo;un autre c\u00f4t\u00e9, les gens laisseront des t\u00e9moignages positifs parce qu&rsquo;ils sont pay\u00e9s pour le faire. <\/span><\/h3>\n<p><span style=\"color: #808080;\">C&rsquo;est pourquoi les t\u00e9moignages de casions de jeux de machines \u00e0 sous en ligne ne racontent pas tout le r\u00e9cit. C&rsquo;est difficile, mais nous faisons tous de notre mieux pour rechercher parmi plusieurs critiques et d\u00e9terminer lesquelles sont r\u00e9ellement authentiques en fonction de la formulation, des ant\u00e9c\u00e9dents de l&rsquo;utilisateur final et de nos rencontres individuelles avec l&rsquo;utilisation des sites de casino en ligne.<\/span><\/p>\n<p><span style=\"color: #808080;\">Reddit est un excellent syst\u00e8me pour v\u00e9rifier les t\u00e9moignages car ils ont des mod\u00e9rateurs dans le forum qui \u00e9liminent fr\u00e9quemment les messages de spam.<\/span><\/p>\n<h3><span style=\"color: #808080;\">Nous v\u00e9rifions les paiements<\/span><\/h3>\n<p><span style=\"color: #808080;\">Une chose importante que nous pensons vraiment nous unit en plus de tous ces autres examinateurs est notre s\u00e9lection des choix financiers dans n&rsquo;importe quel casino en ligne de machines \u00e0 sous d&rsquo;argent r\u00e9el. Choisir un site de casino en ligne aux \u00c9tats-Unis n&rsquo;est pas une mince affaire, et s&rsquo;assurer que les d\u00e9p\u00f4ts et les retraits sont s\u00e9curis\u00e9s est notre objectif initial lorsque vous participez \u00e0 des jeux de port en ligne pour de l&rsquo;argent.<\/span><\/p>\n<p><span style=\"color: #808080;\">Nous allons cr\u00e9er un certain nombre de comptes ind\u00e9pendants et essayer de g\u00e9n\u00e9rer des d\u00e9p\u00f4ts et des retraits. Nous veillons \u00e0 ce que chacun de nos utilisateurs puisse effectuer un d\u00e9p\u00f4t de mani\u00e8re transparente, jouer \u00e0 des jeux vid\u00e9o et obtenir de l&rsquo;argent dans le style appropri\u00e9.<\/span><\/p>\n<p><span style=\"color: #808080;\">Une fois que nous avons constat\u00e9 le moindre probl\u00e8me, nous allons directement au service client pour savoir si nous pouvions le r\u00e9gler. Lorsque nous avons la solution de contournement de leur part, nous comprenons que nous sommes au milieu d&rsquo;une op\u00e9ration malhonn\u00eate.<\/span><\/p>\n<h3><span style=\"color: #808080;\">Nous utilisons chaque forme de contact avec le v\u00e9ritable argent am\u00e9ricain<a href=\"https:\/\/www.freebetsinfo.co.uk\/zh-hans\/%e4%ba%9a%e6%b4%b2%e5%8d%9a%e5%bd%a9%e5%85%ac%e5%8f%b8\/\"> Derni\u00e8res offres de paris sur les machines \u00e0 sous<\/a> Fournit<\/span><\/h3>\n<p><span style=\"color: #808080;\">Vous trouverez souvent diff\u00e9rentes m\u00e9thodes de contact, telles que l&rsquo;e-mail, ou encore votre num\u00e9ro de t\u00e9l\u00e9phone portable dans le casino Internet de votre choix. Parfois, vous pouvez m\u00eame trouver votre lieu de r\u00e9sidence pour discuter. Il existe de nombreuses autres options disponibles, mais peu importe leur nombre, nous les v\u00e9rifierons toutes. Le probl\u00e8me n&rsquo;est pas que nous avons v\u00e9rifi\u00e9. Combien d&rsquo;\u00e9tablissements de jeux de machines \u00e0 sous sur Internet, nous v\u00e9rifierons chaque choix \u00e0 chaque fois.<\/span><\/p>\n<p><span style=\"color: #808080;\">Nous v\u00e9rifions leur taux de r\u00e9ponse. Et ils sont dans les d\u00e9lais promis. R\u00e9pondez notre temps. Si le casino Internet pr\u00e9tend. Ils peuvent \u00eatre dans les vingt-quatre heures. En r\u00e9ponse \u00e0 tout probl\u00e8me, nous comptons sur ceux-ci pour soutenir cette routine.<\/span><\/p>\n<p><span style=\"color: #808080;\">Une autre chose que nous examinons, c&rsquo;est quand ils nous parlent. Nous ne voudrions pas qu&rsquo;ils apprennent que notre entreprise est des \u00e9valuateurs, de sorte que nous nous assurons d&rsquo;appara\u00eetre comme le joe ordinaire qui essaie de trouver du soutien.<\/span><\/p>\n","protected":false},"excerpt":{"rendered":"Nous v\u00e9rifions toujours les t\u00e9moignages des utilisateurs finaux De la m\u00eame mani\u00e8re que si vous achetiez autre chose en ligne, vous voulez g\u00e9n\u00e9ralement penser aux avis des consommateurs. Parfois, quelqu&rsquo;un peut avoir une connaissance priv\u00e9e n\u00e9gative d&rsquo;une v\u00e9ritable application de machines \u00e0 sous en dollars ou d&rsquo;un site Web de casino et, par cons\u00e9quent, laisser&#8230; <a class=\"view-article\" href=\"https:\/\/www.freebetsinfo.co.uk\/fr\/paris-sur-les-machines-a-sous\/\">Voir l&rsquo;article<\/a>","protected":false},"author":1,"featured_media":0,"parent":0,"menu_order":0,"comment_status":"closed","ping_status":"closed","template":"Asia-Casino-Page-Template.php","meta":{"_uag_custom_page_level_css":"","footnotes":""},"class_list":["post-27261","page","type-page","status-publish","hentry"],"yoast_head":"<!-- This site is optimized with the Yoast SEO Premium plugin v19.5 (Yoast SEO v27.3) - https:\/\/yoast.com\/product\/yoast-seo-premium-wordpress\/ -->\n<title>Paris sur les machines \u00e0 sous , Derni\u00e8res offres de paris sur les machines \u00e0 sous des bookmakers asiatiques<\/title>\n<meta name=\"description\" content=\"Paris sur les machines \u00e0 sous , les derni\u00e8res offres de paris sur les machines \u00e0 sous des bookmakers asiatiques, les meilleurs bookmakers en ligne d&#039;Asie avec le plus d&#039;offres et les retraits les plus rapides.\" \/>\n<meta name=\"robots\" content=\"index, follow, max-snippet:-1, max-image-preview:large, max-video-preview:-1\" \/>\n<link rel=\"canonical\" href=\"https:\/\/www.freebetsinfo.co.uk\/fr\/paris-sur-les-machines-a-sous\/\" \/>\n<meta property=\"og:locale\" content=\"fr_FR\" \/>\n<meta property=\"og:type\" content=\"article\" \/>\n<meta property=\"og:title\" content=\"Paris sur les machines \u00e0 sous\" \/>\n<meta property=\"og:description\" content=\"Paris sur les machines \u00e0 sous , les derni\u00e8res offres de paris sur les machines \u00e0 sous des bookmakers asiatiques, les meilleurs bookmakers en ligne d&#039;Asie avec le plus d&#039;offres et les retraits les plus rapides.\" \/>\n<meta property=\"og:url\" content=\"https:\/\/www.freebetsinfo.co.uk\/fr\/paris-sur-les-machines-a-sous\/\" \/>\n<meta property=\"og:site_name\" content=\"Paris sportifs gratuits, paris bookmaker en ligne\" \/>\n<meta property=\"article:modified_time\" content=\"2021-07-01T10:11:23+00:00\" \/>\n<meta name=\"twitter:card\" content=\"summary_large_image\" \/>\n<meta name=\"twitter:label1\" content=\"Dur\u00e9e de lecture estim\u00e9e\" \/>\n\t<meta name=\"twitter:data1\" content=\"3 minutes\" \/>\n<script type=\"application\/ld+json\" class=\"yoast-schema-graph\">{\"@context\":\"https:\\\/\\\/schema.org\",\"@graph\":[{\"@type\":\"WebPage\",\"@id\":\"https:\\\/\\\/www.freebetsinfo.co.uk\\\/fr\\\/paris-sur-les-machines-a-sous\\\/\",\"url\":\"https:\\\/\\\/www.freebetsinfo.co.uk\\\/fr\\\/paris-sur-les-machines-a-sous\\\/\",\"name\":\"Paris sur les machines \u00e0 sous , Derni\u00e8res offres de paris sur les machines \u00e0 sous des bookmakers asiatiques\",\"isPartOf\":{\"@id\":\"https:\\\/\\\/www.freebetsinfo.co.uk\\\/fr\\\/#website\"},\"datePublished\":\"2021-06-08T09:31:52+00:00\",\"dateModified\":\"2021-07-01T10:11:23+00:00\",\"description\":\"Paris sur les machines \u00e0 sous , les derni\u00e8res offres de paris sur les machines \u00e0 sous des bookmakers asiatiques, les meilleurs bookmakers en ligne d'Asie avec le plus d'offres et les retraits les plus rapides.\",\"breadcrumb\":{\"@id\":\"https:\\\/\\\/www.freebetsinfo.co.uk\\\/fr\\\/paris-sur-les-machines-a-sous\\\/#breadcrumb\"},\"inLanguage\":\"fr-FR\",\"potentialAction\":[{\"@type\":\"ReadAction\",\"target\":[\"https:\\\/\\\/www.freebetsinfo.co.uk\\\/fr\\\/paris-sur-les-machines-a-sous\\\/\"]}]},{\"@type\":\"BreadcrumbList\",\"@id\":\"https:\\\/\\\/www.freebetsinfo.co.uk\\\/fr\\\/paris-sur-les-machines-a-sous\\\/#breadcrumb\",\"itemListElement\":[{\"@type\":\"ListItem\",\"position\":1,\"name\":\"Home\",\"item\":\"https:\\\/\\\/www.freebetsinfo.co.uk\\\/fr\\\/\"},{\"@type\":\"ListItem\",\"position\":2,\"name\":\"Paris sur les machines \u00e0 sous\"}]},{\"@type\":\"WebSite\",\"@id\":\"https:\\\/\\\/www.freebetsinfo.co.uk\\\/fr\\\/#website\",\"url\":\"https:\\\/\\\/www.freebetsinfo.co.uk\\\/fr\\\/\",\"name\":\"Paris sportifs gratuits, paris bookmaker en ligne\",\"description\":\"Meilleurs paris en ligne et codes bonus casino sans d\u00e9p\u00f4t! \u2705Critiques de sites de paris en ligne, \u2705meilleurs bonus de casinos en ligne!\",\"potentialAction\":[{\"@type\":\"SearchAction\",\"target\":{\"@type\":\"EntryPoint\",\"urlTemplate\":\"https:\\\/\\\/www.freebetsinfo.co.uk\\\/fr\\\/?s={search_term_string}\"},\"query-input\":{\"@type\":\"PropertyValueSpecification\",\"valueRequired\":true,\"valueName\":\"search_term_string\"}}],\"inLanguage\":\"fr-FR\"}]}<\/script>\n<!-- \/ Yoast SEO Premium plugin. -->","yoast_head_json":{"title":"Paris sur les machines \u00e0 sous , Derni\u00e8res offres de paris sur les machines \u00e0 sous des bookmakers asiatiques","description":"Paris sur les machines \u00e0 sous , les derni\u00e8res offres de paris sur les machines \u00e0 sous des bookmakers asiatiques, les meilleurs bookmakers en ligne d'Asie avec le plus d'offres et les retraits les plus rapides.","robots":{"index":"index","follow":"follow","max-snippet":"max-snippet:-1","max-image-preview":"max-image-preview:large","max-video-preview":"max-video-preview:-1"},"canonical":"https:\/\/www.freebetsinfo.co.uk\/fr\/paris-sur-les-machines-a-sous\/","og_locale":"fr_FR","og_type":"article","og_title":"Paris sur les machines \u00e0 sous","og_description":"Paris sur les machines \u00e0 sous , les derni\u00e8res offres de paris sur les machines \u00e0 sous des bookmakers asiatiques, les meilleurs bookmakers en ligne d'Asie avec le plus d'offres et les retraits les plus rapides.","og_url":"https:\/\/www.freebetsinfo.co.uk\/fr\/paris-sur-les-machines-a-sous\/","og_site_name":"Paris sportifs gratuits, paris bookmaker en ligne","article_modified_time":"2021-07-01T10:11:23+00:00","twitter_card":"summary_large_image","twitter_misc":{"Dur\u00e9e de lecture estim\u00e9e":"3 minutes"},"schema":{"@context":"https:\/\/schema.org","@graph":[{"@type":"WebPage","@id":"https:\/\/www.freebetsinfo.co.uk\/fr\/paris-sur-les-machines-a-sous\/","url":"https:\/\/www.freebetsinfo.co.uk\/fr\/paris-sur-les-machines-a-sous\/","name":"Paris sur les machines \u00e0 sous , Derni\u00e8res offres de paris sur les machines \u00e0 sous des bookmakers asiatiques","isPartOf":{"@id":"https:\/\/www.freebetsinfo.co.uk\/fr\/#website"},"datePublished":"2021-06-08T09:31:52+00:00","dateModified":"2021-07-01T10:11:23+00:00","description":"Paris sur les machines \u00e0 sous , les derni\u00e8res offres de paris sur les machines \u00e0 sous des bookmakers asiatiques, les meilleurs bookmakers en ligne d'Asie avec le plus d'offres et les retraits les plus rapides.","breadcrumb":{"@id":"https:\/\/www.freebetsinfo.co.uk\/fr\/paris-sur-les-machines-a-sous\/#breadcrumb"},"inLanguage":"fr-FR","potentialAction":[{"@type":"ReadAction","target":["https:\/\/www.freebetsinfo.co.uk\/fr\/paris-sur-les-machines-a-sous\/"]}]},{"@type":"BreadcrumbList","@id":"https:\/\/www.freebetsinfo.co.uk\/fr\/paris-sur-les-machines-a-sous\/#breadcrumb","itemListElement":[{"@type":"ListItem","position":1,"name":"Home","item":"https:\/\/www.freebetsinfo.co.uk\/fr\/"},{"@type":"ListItem","position":2,"name":"Paris sur les machines \u00e0 sous"}]},{"@type":"WebSite","@id":"https:\/\/www.freebetsinfo.co.uk\/fr\/#website","url":"https:\/\/www.freebetsinfo.co.uk\/fr\/","name":"Paris sportifs gratuits, paris bookmaker en ligne","description":"Meilleurs paris en ligne et codes bonus casino sans d\u00e9p\u00f4t! \u2705Critiques de sites de paris en ligne, \u2705meilleurs bonus de casinos en ligne!","potentialAction":[{"@type":"SearchAction","target":{"@type":"EntryPoint","urlTemplate":"https:\/\/www.freebetsinfo.co.uk\/fr\/?s={search_term_string}"},"query-input":{"@type":"PropertyValueSpecification","valueRequired":true,"valueName":"search_term_string"}}],"inLanguage":"fr-FR"}]}},"uagb_featured_image_src":{"full":false,"thumbnail":false,"medium":false,"medium_large":false,"large":false,"1536x1536":false,"2048x2048":false,"small":false,"custom-size":false},"uagb_author_info":{"display_name":"\u7ba1\u7406","author_link":"https:\/\/www.freebetsinfo.co.uk\/fr\/author\/kdfl4q\/"},"uagb_comment_info":0,"uagb_excerpt":"Nous v\u00e9rifions toujours les t\u00e9moignages des utilisateurs finaux De la m\u00eame mani\u00e8re que si vous achetiez autre chose en ligne, vous voulez g\u00e9n\u00e9ralement penser aux avis des consommateurs. Parfois, quelqu&rsquo;un peut avoir une connaissance priv\u00e9e n\u00e9gative d&rsquo;une v\u00e9ritable application de machines \u00e0 sous en dollars ou d&rsquo;un site Web de casino et, par cons\u00e9quent, laisser...\u2026","_links":{"self":[{"href":"https:\/\/www.freebetsinfo.co.uk\/fr\/wp-json\/wp\/v2\/pages\/27261","targetHints":{"allow":["GET"]}}],"collection":[{"href":"https:\/\/www.freebetsinfo.co.uk\/fr\/wp-json\/wp\/v2\/pages"}],"about":[{"href":"https:\/\/www.freebetsinfo.co.uk\/fr\/wp-json\/wp\/v2\/types\/page"}],"author":[{"embeddable":true,"href":"https:\/\/www.freebetsinfo.co.uk\/fr\/wp-json\/wp\/v2\/users\/1"}],"replies":[{"embeddable":true,"href":"https:\/\/www.freebetsinfo.co.uk\/fr\/wp-json\/wp\/v2\/comments?post=27261"}],"version-history":[{"count":0,"href":"https:\/\/www.freebetsinfo.co.uk\/fr\/wp-json\/wp\/v2\/pages\/27261\/revisions"}],"wp:attachment":[{"href":"https:\/\/www.freebetsinfo.co.uk\/fr\/wp-json\/wp\/v2\/media?parent=27261"}],"curies":[{"name":"wp","href":"https:\/\/api.w.org\/{rel}","templated":true}]}}