{"id":30736,"date":"2021-06-27T08:40:03","date_gmt":"2021-06-27T08:40:03","guid":{"rendered":"https:\/\/www.freebetsinfo.co.uk\/bookmakers-en-ligne-indiens\/"},"modified":"2021-08-13T15:17:49","modified_gmt":"2021-08-13T15:17:49","slug":"bookmakers-en-ligne-indiens","status":"publish","type":"page","link":"https:\/\/www.freebetsinfo.co.uk\/fr\/bookmakers-en-ligne-indiens\/","title":{"rendered":"Bookmakers en ligne indiens"},"content":{"rendered":"<h3><span style=\"color: #808080;\">En conclusion, Sur les bookmakers indiens en ligne<\/span><\/h3>\n<p><span style=\"color: #808080;\">Sur le Web, le jeu prend de l&rsquo;ampleur en Inde au fil des ans, avec le casino mobile g\u00e9n\u00e9ralement le mode le plus populaire. L&rsquo;industrie des bookmakers en ligne indiens g\u00e9n\u00e8re des revenus d&rsquo;environ 30 milliards de dollars par an et, en comptant environ 730 millions d&rsquo;internautes indiens d&rsquo;ici la fin de 2020, en conclusion, elle va probablement encore fleurir dans un avenir proche.<\/span><\/p>\n<h3><span style=\"color: #808080;\">Les jeux d&rsquo;argent en ligne sont-ils licites en Inde?<\/span><\/h3>\n<p><span style=\"color: #808080;\">La section des fonds, des revenus et des d\u00e9penses du gouvernement du Sikkim a remis un m\u00e9morandum le 4 mars 2009 connu sous le nom de r\u00e8gles de jeu en ligne (contr\u00f4le) du Sikkim, 2009. Ce document d\u00e9crit les r\u00e8gles d&rsquo;accr\u00e9ditation des jeux d&rsquo;argent en ligne dans la condition, avec les jeux de sport sur Internet et les \u00e9tablissements de jeux en ligne l\u00e9galis\u00e9s dans la condition. C&rsquo;est l&rsquo;une des nations de paris les plus populaires de la plan\u00e8te.<\/span><\/p>\n<h3><span style=\"color: #808080;\">Choisir un excellent site de paris en Inde<\/span><\/h3>\n<p><span style=\"color: #808080;\">Ne vous en tenez g\u00e9n\u00e9ralement pas \u00e0 un site Web de jeu individuel. Si vous placez un pari, examinez les chances offertes par un certain nombre d&rsquo;op\u00e9rateurs et jugez le principal qui est les d\u00e9penses la meilleure fronti\u00e8re de profit.<\/span><\/p>\n<p><span style=\"color: #808080;\">Allez sur un site de jeux d&rsquo;argent qui vous demande de prouver d\u00e9finitivement votre personnalit\u00e9 chaque fois que vous vous inscrivez. En conclusion, cela peut vous assurer que vous pariez sur une base qui peut prot\u00e9ger et prot\u00e9gera certainement votre argent ainsi que vos informations priv\u00e9es.<\/span><\/p>\n<h3><span style=\"color: #808080;\">Options de remboursement bien connues pour les acheteurs indiens<\/span><\/h3>\n<p><span style=\"color: #808080;\">Avant de vous inscrire sur un site de paris, vous devez parcourir les informations relatives aux frais d&rsquo;achat, au montant minimum de l&rsquo;acompte, au montant minimum de remboursement d&rsquo;imp\u00f4t, aux limites de retrait et \u00e0 l&rsquo;intervalle de d\u00e9termination finale.<\/span><\/p>\n<p><span style=\"color: #808080;\">Une fois que vous vous \u00eates inscrit sur un site Web de jeux d&rsquo;argent en Inde, il peut vous \u00eatre demand\u00e9 de v\u00e9rifier votre identit\u00e9. Sinon, lors de l&rsquo;inscription. Vous finirez par \u00eatre interrog\u00e9 sur la r\u00e9alisation de cet objectif.<\/span><\/p>\n<h3><span style=\"color: #808080;\">Jouer au jeu en Inde<\/span><\/h3>\n<p><span style=\"color: #808080;\">Si vous \u00eates un passionn\u00e9 de jeu en direct, il est sage de donner une pr\u00e9f\u00e9rence personnelle aux sites Web qui vous donnent le choix entre des ajustements de flux vivants, des chiffres et des instruments de niveau tels que Funds Out, Quickly Markets et Bet Contractor.<\/span><\/p>\n<h3><span style=\"color: #808080;\">En conclusion, La meilleure fa\u00e7on de parier sur le Web en<\/span><\/h3>\n<p><span style=\"color: #808080;\">Le cricket est consid\u00e9r\u00e9 comme l&rsquo;activit\u00e9 sportive ador\u00e9e en Inde, sans l&rsquo;ombre d&rsquo;une h\u00e9sitation, la v\u00e9rit\u00e9 est que, en conclusion, l&rsquo;Indian Top League (IPL) est de loin le plus gros pari sur le tournoi du pays. Les activit\u00e9s sportives comme le baseball, le tennis et le baseball sont g\u00e9n\u00e9ralement \u00e9galement courantes.<\/span><\/p>\n<p><span style=\"color: #808080;\">Lorsque vous \u00eates nouveau dans l&rsquo;ar\u00e8ne des paris en ligne, s\u00e9lectionnez un sport que vous connaissez bien et placez de petits paris au d\u00e9but. Une fois que vous vous \u00eates familiaris\u00e9 avec le fonctionnement des march\u00e9s de trading, vous pouvez placer des paris plus importants et explorer de nouvelles perspectives.<\/span><\/p>\n","protected":false},"excerpt":{"rendered":"En conclusion, Sur les bookmakers indiens en ligne Sur le Web, le jeu prend de l&rsquo;ampleur en Inde au fil des ans, avec le casino mobile g\u00e9n\u00e9ralement le mode le plus populaire. L&rsquo;industrie des bookmakers en ligne indiens g\u00e9n\u00e8re des revenus d&rsquo;environ 30 milliards de dollars par an et, en comptant environ 730 millions d&rsquo;internautes&#8230; <a class=\"view-article\" href=\"https:\/\/www.freebetsinfo.co.uk\/fr\/bookmakers-en-ligne-indiens\/\">Voir l&rsquo;article<\/a>","protected":false},"author":1,"featured_media":0,"parent":0,"menu_order":0,"comment_status":"closed","ping_status":"closed","template":"asia-sports-page-template.php","meta":{"_uag_custom_page_level_css":"","footnotes":""},"class_list":["post-30736","page","type-page","status-publish","hentry"],"yoast_head":"<!-- This site is optimized with the Yoast SEO Premium plugin v19.5 (Yoast SEO v27.5) - https:\/\/yoast.com\/product\/yoast-seo-premium-wordpress\/ -->\n<title>Bookmakers en ligne indiens , Meilleurs bookmakers en ligne.<\/title>\n<meta name=\"description\" content=\"Bookmakers en ligne indiens , les meilleurs bookmakers en ligne. Offres de paris et bonus d&#039;inscription. Site des bookmakers. Bookmakers en ligne indiens.\" \/>\n<meta name=\"robots\" content=\"index, follow, max-snippet:-1, max-image-preview:large, max-video-preview:-1\" \/>\n<link rel=\"canonical\" href=\"https:\/\/www.freebetsinfo.co.uk\/fr\/bookmakers-en-ligne-indiens\/\" \/>\n<meta property=\"og:locale\" content=\"fr_FR\" \/>\n<meta property=\"og:type\" content=\"article\" \/>\n<meta property=\"og:title\" content=\"Bookmakers en ligne indiens\" \/>\n<meta property=\"og:description\" content=\"Bookmakers en ligne indiens , les meilleurs bookmakers en ligne. Offres de paris et bonus d&#039;inscription. Site des bookmakers. Bookmakers en ligne indiens.\" \/>\n<meta property=\"og:url\" content=\"https:\/\/www.freebetsinfo.co.uk\/fr\/bookmakers-en-ligne-indiens\/\" \/>\n<meta property=\"og:site_name\" content=\"Paris sportifs gratuits, paris bookmaker en ligne\" \/>\n<meta property=\"article:modified_time\" content=\"2021-08-13T15:17:49+00:00\" \/>\n<meta name=\"twitter:card\" content=\"summary_large_image\" \/>\n<meta name=\"twitter:label1\" content=\"Dur\u00e9e de lecture estim\u00e9e\" \/>\n\t<meta name=\"twitter:data1\" content=\"3 minutes\" \/>\n<script type=\"application\/ld+json\" class=\"yoast-schema-graph\">{\"@context\":\"https:\\\/\\\/schema.org\",\"@graph\":[{\"@type\":\"WebPage\",\"@id\":\"https:\\\/\\\/www.freebetsinfo.co.uk\\\/fr\\\/bookmakers-en-ligne-indiens\\\/\",\"url\":\"https:\\\/\\\/www.freebetsinfo.co.uk\\\/fr\\\/bookmakers-en-ligne-indiens\\\/\",\"name\":\"Bookmakers en ligne indiens , Meilleurs bookmakers en ligne.\",\"isPartOf\":{\"@id\":\"https:\\\/\\\/www.freebetsinfo.co.uk\\\/fr\\\/#website\"},\"datePublished\":\"2021-06-27T08:40:03+00:00\",\"dateModified\":\"2021-08-13T15:17:49+00:00\",\"description\":\"Bookmakers en ligne indiens , les meilleurs bookmakers en ligne. Offres de paris et bonus d'inscription. Site des bookmakers. Bookmakers en ligne indiens.\",\"breadcrumb\":{\"@id\":\"https:\\\/\\\/www.freebetsinfo.co.uk\\\/fr\\\/bookmakers-en-ligne-indiens\\\/#breadcrumb\"},\"inLanguage\":\"fr-FR\",\"potentialAction\":[{\"@type\":\"ReadAction\",\"target\":[\"https:\\\/\\\/www.freebetsinfo.co.uk\\\/fr\\\/bookmakers-en-ligne-indiens\\\/\"]}]},{\"@type\":\"BreadcrumbList\",\"@id\":\"https:\\\/\\\/www.freebetsinfo.co.uk\\\/fr\\\/bookmakers-en-ligne-indiens\\\/#breadcrumb\",\"itemListElement\":[{\"@type\":\"ListItem\",\"position\":1,\"name\":\"Home\",\"item\":\"https:\\\/\\\/www.freebetsinfo.co.uk\\\/fr\\\/\"},{\"@type\":\"ListItem\",\"position\":2,\"name\":\"Bookmakers en ligne indiens\"}]},{\"@type\":\"WebSite\",\"@id\":\"https:\\\/\\\/www.freebetsinfo.co.uk\\\/fr\\\/#website\",\"url\":\"https:\\\/\\\/www.freebetsinfo.co.uk\\\/fr\\\/\",\"name\":\"Paris sportifs gratuits, paris bookmaker en ligne\",\"description\":\"Meilleurs paris en ligne et codes bonus casino sans d\u00e9p\u00f4t! \u2705Critiques de sites de paris en ligne, \u2705meilleurs bonus de casinos en ligne!\",\"potentialAction\":[{\"@type\":\"SearchAction\",\"target\":{\"@type\":\"EntryPoint\",\"urlTemplate\":\"https:\\\/\\\/www.freebetsinfo.co.uk\\\/fr\\\/?s={search_term_string}\"},\"query-input\":{\"@type\":\"PropertyValueSpecification\",\"valueRequired\":true,\"valueName\":\"search_term_string\"}}],\"inLanguage\":\"fr-FR\"}]}<\/script>\n<!-- \/ Yoast SEO Premium plugin. -->","yoast_head_json":{"title":"Bookmakers en ligne indiens , Meilleurs bookmakers en ligne.","description":"Bookmakers en ligne indiens , les meilleurs bookmakers en ligne. Offres de paris et bonus d'inscription. Site des bookmakers. Bookmakers en ligne indiens.","robots":{"index":"index","follow":"follow","max-snippet":"max-snippet:-1","max-image-preview":"max-image-preview:large","max-video-preview":"max-video-preview:-1"},"canonical":"https:\/\/www.freebetsinfo.co.uk\/fr\/bookmakers-en-ligne-indiens\/","og_locale":"fr_FR","og_type":"article","og_title":"Bookmakers en ligne indiens","og_description":"Bookmakers en ligne indiens , les meilleurs bookmakers en ligne. Offres de paris et bonus d'inscription. Site des bookmakers. Bookmakers en ligne indiens.","og_url":"https:\/\/www.freebetsinfo.co.uk\/fr\/bookmakers-en-ligne-indiens\/","og_site_name":"Paris sportifs gratuits, paris bookmaker en ligne","article_modified_time":"2021-08-13T15:17:49+00:00","twitter_card":"summary_large_image","twitter_misc":{"Dur\u00e9e de lecture estim\u00e9e":"3 minutes"},"schema":{"@context":"https:\/\/schema.org","@graph":[{"@type":"WebPage","@id":"https:\/\/www.freebetsinfo.co.uk\/fr\/bookmakers-en-ligne-indiens\/","url":"https:\/\/www.freebetsinfo.co.uk\/fr\/bookmakers-en-ligne-indiens\/","name":"Bookmakers en ligne indiens , Meilleurs bookmakers en ligne.","isPartOf":{"@id":"https:\/\/www.freebetsinfo.co.uk\/fr\/#website"},"datePublished":"2021-06-27T08:40:03+00:00","dateModified":"2021-08-13T15:17:49+00:00","description":"Bookmakers en ligne indiens , les meilleurs bookmakers en ligne. Offres de paris et bonus d'inscription. Site des bookmakers. Bookmakers en ligne indiens.","breadcrumb":{"@id":"https:\/\/www.freebetsinfo.co.uk\/fr\/bookmakers-en-ligne-indiens\/#breadcrumb"},"inLanguage":"fr-FR","potentialAction":[{"@type":"ReadAction","target":["https:\/\/www.freebetsinfo.co.uk\/fr\/bookmakers-en-ligne-indiens\/"]}]},{"@type":"BreadcrumbList","@id":"https:\/\/www.freebetsinfo.co.uk\/fr\/bookmakers-en-ligne-indiens\/#breadcrumb","itemListElement":[{"@type":"ListItem","position":1,"name":"Home","item":"https:\/\/www.freebetsinfo.co.uk\/fr\/"},{"@type":"ListItem","position":2,"name":"Bookmakers en ligne indiens"}]},{"@type":"WebSite","@id":"https:\/\/www.freebetsinfo.co.uk\/fr\/#website","url":"https:\/\/www.freebetsinfo.co.uk\/fr\/","name":"Paris sportifs gratuits, paris bookmaker en ligne","description":"Meilleurs paris en ligne et codes bonus casino sans d\u00e9p\u00f4t! \u2705Critiques de sites de paris en ligne, \u2705meilleurs bonus de casinos en ligne!","potentialAction":[{"@type":"SearchAction","target":{"@type":"EntryPoint","urlTemplate":"https:\/\/www.freebetsinfo.co.uk\/fr\/?s={search_term_string}"},"query-input":{"@type":"PropertyValueSpecification","valueRequired":true,"valueName":"search_term_string"}}],"inLanguage":"fr-FR"}]}},"uagb_featured_image_src":{"full":false,"thumbnail":false,"medium":false,"medium_large":false,"large":false,"1536x1536":false,"2048x2048":false,"small":false,"custom-size":false},"uagb_author_info":{"display_name":"\u7ba1\u7406","author_link":"https:\/\/www.freebetsinfo.co.uk\/fr\/author\/kdfl4q\/"},"uagb_comment_info":0,"uagb_excerpt":"En conclusion, Sur les bookmakers indiens en ligne Sur le Web, le jeu prend de l&rsquo;ampleur en Inde au fil des ans, avec le casino mobile g\u00e9n\u00e9ralement le mode le plus populaire. L&rsquo;industrie des bookmakers en ligne indiens g\u00e9n\u00e8re des revenus d&rsquo;environ 30 milliards de dollars par an et, en comptant environ 730 millions d&rsquo;internautes...\u2026","_links":{"self":[{"href":"https:\/\/www.freebetsinfo.co.uk\/fr\/wp-json\/wp\/v2\/pages\/30736","targetHints":{"allow":["GET"]}}],"collection":[{"href":"https:\/\/www.freebetsinfo.co.uk\/fr\/wp-json\/wp\/v2\/pages"}],"about":[{"href":"https:\/\/www.freebetsinfo.co.uk\/fr\/wp-json\/wp\/v2\/types\/page"}],"author":[{"embeddable":true,"href":"https:\/\/www.freebetsinfo.co.uk\/fr\/wp-json\/wp\/v2\/users\/1"}],"replies":[{"embeddable":true,"href":"https:\/\/www.freebetsinfo.co.uk\/fr\/wp-json\/wp\/v2\/comments?post=30736"}],"version-history":[{"count":0,"href":"https:\/\/www.freebetsinfo.co.uk\/fr\/wp-json\/wp\/v2\/pages\/30736\/revisions"}],"wp:attachment":[{"href":"https:\/\/www.freebetsinfo.co.uk\/fr\/wp-json\/wp\/v2\/media?parent=30736"}],"curies":[{"name":"wp","href":"https:\/\/api.w.org\/{rel}","templated":true}]}}