{"id":2650,"date":"2017-11-18T09:43:26","date_gmt":"2017-11-18T09:43:26","guid":{"rendered":"https:\/\/www.freebetsinfo.co.uk\/scommesse-sulle-corse-di-cavalli\/"},"modified":"2021-07-01T15:02:54","modified_gmt":"2021-07-01T15:02:54","slug":"scommesse-ippiche","status":"publish","type":"page","link":"https:\/\/www.freebetsinfo.co.uk\/it\/scommesse-ippiche\/","title":{"rendered":"Scommesse sulle corse di cavalli"},"content":{"rendered":"<h2><span style=\"color: #808080;\"><a style=\"color: #808080;\" href=\"https:\/\/www.freebetsinfo.co.uk\/it\/scommesse-ippiche\/\">Scommesse sulle corse di cavalli<\/a> Bonus di benvenuto &#8211; cosa nel caso in cui si considera?<\/span><\/h2>\n<p><span style=\"color: #808080;\">Essere consapevoli di quale bookmaker che scommette cavalli per iscriversi con richieste di ricerca, e siamo qui per aiutare. Dovrai essere sicuro che di solito quello con cui ti iscrivi ti fornir\u00e0 ogni cosa che ti \u00e8 stata garantita. Indipendentemente dal fatto che tu sia un partecipante professionista o anche un dilettante che pianifica di decifrare le pubblicazioni <a style=\"color: #808080;\" href=\"https:\/\/www.freebetsinfo.co.uk\/it\/scommesse-ippiche\/\">Horse Racing Betting che<\/a> scommetto online, ti consigliamo di prestare attenzione alle offerte allettanti che gli operatori mostrano. Se non siete alla ricerca di campagne deliziose insieme ad altri fornisce sono sicuramente pi\u00f9 attraente per voi, che \u00e8 semplicemente un cavallo di un&#8217;altra ombra, e arriveremo a che pi\u00f9 avanti nel post.<\/span><\/p>\n<p><span style=\"color: #808080;\">Il modo in cui delizioso bonus offre funzionedifferisce da un singolo sito web opzione cavallo uno di pi\u00f9. Alcuni di loro ti danno una scommessa gratuita ogni volta che scommetti una quantit\u00e0 specifica, altre persone eguaglieranno il tuo primo acconto. Dipende dalla situazione.<\/span><\/p>\n<p><span style=\"color: #808080;\">Per fornirti un&#8217;intesa, scorri fino al bonus di benvenuto di 888 dollari per controllare il bonus di 40 dollari. Per goderte questo, dovrete scommettere 10 dollari subito dopo la registrazione. Di solito hai circa 1 mese per utilizzare questo bonus incoraggiato, quindi vale la pena mantenere un occhio sul calendario. E &#8216;intelligente per fare grandi depositi su queisiti di scommesse cavallo onlineche offrono un bonus di 100 <a style=\"color: #808080;\" href=\"https:\/\/www.freebetsinfo.co.uk\/it\/scommessa-gratuita\/\">graditi aggiunto<\/a>.<\/span><\/p>\n<h2><span style=\"color: #808080;\">Salta sulle offerte speciali in movimento con il tuo bookmaker preferito<\/span><\/h2>\n<p><span style=\"color: #808080;\">Per questo motivo offre e offerte speciali sono in palio sulla terra del meglio sul web cavallo scommesse su base regolare. Promozioni regolari, premi del fine settimana, cashback, jackpot progressivi, bonus refer-a-buddy e altro. In questo caso, la selezione \u00e8 molto diversa.<\/span><\/p>\n<p><span style=\"color: #808080;\">In questo articolo, abbiamo ora selezionato per voi personalmente i principali tipi di offerte disponibili sul mercato del gioco d&#8217;azzardo in modo che \u00e8 possibile ottenere il blocco di come<\/span><\/p>\n<h3><span style=\"color: #808080;\"><a style=\"color: #808080;\" href=\"https:\/\/www.freebetsinfo.co.uk\/it\/scommesse-ippiche\/\">Scommesse sulle corse di<\/a> cavalli sul lavoro su internet in tutto il Regno Unito.<\/span><\/h3>\n<p><span style=\"color: #808080;\">Ad esempio, se scommetti un 2\/1 e le quote volano a 4\/1, potresti ricevere il guadagno 4\/1. Se \u00e8 il contrario, e anche il costo originale 2\/1 si riduce a pari, otterrai ancora il 2\/1. Ci si sente quasi come&#8230; non perdere in alcun modo. Capire che questa promozione \u00e8 disponibile per la scommessa al momento della celebrazione della corsa di auto a cavallo.<\/span><\/p>\n<p><span style=\"color: #808080;\">Le offerte dipendono dai siti di scommesse che hai registrato, ma la maggior parte di loro sta facendo del suo meglio per promuovere lo sviluppo del business. Trova le offerte con le migliori quote. E pass omaggio per il pi\u00f9 grande evento di corse di cavalli nel Regno Unito.<\/span><\/p>\n<h3><span style=\"color: #808080;\">Handicappe cavallo: come ti aiuter\u00e0 anche a guadagnare<\/span><\/h3>\n<p><span style=\"color: #808080;\">Prendere nota di: il documento di corsa del cavallo, il percorso in gara, la superficie e le medicazioni, le modifiche all&#8217;attrezzatura, In conclusione, le vincite e le perdite. Pu\u00f2 sembrare un lavoro enorme, mati d\u00e0 un&#8217;idea pi\u00f9 precisa su quale cavallo scommettere e, naturalmente, quanto. In questo modo, per l&#8217;opzione sui cavalli sul web diventa pi\u00f9 dell&#8217;idea pratica reddito-making.<\/span><\/p>\n<h3><span style=\"color: #808080;\"> Scommesse sulle corse di cavalli Quali metodi di pagamento potresti usare?<\/span><\/h3>\n<p><span style=\"color: #808080;\">\u00c8 una tua scelta. Si pu\u00f2 andare per le carte di pagamento dell&#8217;istituto bancario (Visa, MasterCard) perch\u00e9 sono facili e veloci. Ma e-wallet tendono a diventare sempre pi\u00f9 popolare pure (PayPal, UKash e Skrill Neteller). \u00c8 anche possibileutilizzare PayPal su un sacco di siti web di scommessa al giorno d&#8217;oggi.<\/span><\/p>\n<h3><span style=\"color: #808080;\">I pi\u00f9 recenti forniscono nuovi clienti attuali<\/span><\/h3>\n<p><span style=\"color: #808080;\">Nelle pi\u00f9 grandi occasioni di corse di corse di cavalli troverete molti dei <a style=\"color: #808080;\" href=\"https:\/\/www.freebetsinfo.co.uk\/it\/\">migliori bookmaker<\/a> che opereranno promozioni uniche, indipendentemente dal fatto che si tratti di quote migliorate, nuove offerte di benvenuto ecc.<\/span><\/p>\n","protected":false},"excerpt":{"rendered":"Scommesse sulle corse di cavalli Bonus di benvenuto &#8211; cosa nel caso in cui si considera? Essere consapevoli di quale bookmaker che scommette cavalli per iscriversi con richieste di ricerca, e siamo qui per aiutare. Dovrai essere sicuro che di solito quello con cui ti iscrivi ti fornir\u00e0 ogni cosa che ti \u00e8 stata garantita&#8230;. <a class=\"view-article\" href=\"https:\/\/www.freebetsinfo.co.uk\/it\/scommesse-ippiche\/\">Mostra articolo<\/a>","protected":false},"author":1,"featured_media":0,"parent":0,"menu_order":0,"comment_status":"closed","ping_status":"closed","template":"asia-sports-page-template.php","meta":{"_uag_custom_page_level_css":"","footnotes":""},"class_list":["post-2650","page","type-page","status-publish","hentry"],"yoast_head":"<!-- This site is optimized with the Yoast SEO Premium plugin v19.5 (Yoast SEO v27.3) - https:\/\/yoast.com\/product\/yoast-seo-premium-wordpress\/ -->\n<title>Scommesse sulle corse di cavalli Ultima attivit\u00e0 di marketing mensile della societ\u00e0 di gioco.<\/title>\n<meta name=\"description\" content=\"Scommesse sulle corse di cavalli I pi\u00f9 recenti siti di gioco d&#039;azzardo bonus, pi\u00f9 recenti consegna e campagne attraverso i migliori bookmaker per le gare di questo mese\" \/>\n<meta name=\"robots\" content=\"index, follow, max-snippet:-1, max-image-preview:large, max-video-preview:-1\" \/>\n<link rel=\"canonical\" href=\"https:\/\/www.freebetsinfo.co.uk\/it\/scommesse-ippiche\/\" \/>\n<meta property=\"og:locale\" content=\"it_IT\" \/>\n<meta property=\"og:type\" content=\"article\" \/>\n<meta property=\"og:title\" content=\"Scommesse sulle corse di cavalli\" \/>\n<meta property=\"og:description\" content=\"Scommesse sulle corse di cavalli I pi\u00f9 recenti siti di gioco d&#039;azzardo bonus, pi\u00f9 recenti consegna e campagne attraverso i migliori bookmaker per le gare di questo mese\" \/>\n<meta property=\"og:url\" content=\"https:\/\/www.freebetsinfo.co.uk\/it\/scommesse-ippiche\/\" \/>\n<meta property=\"og:site_name\" content=\"Scommesse sportive gratuite, scommesse bookmaker online\" \/>\n<meta property=\"article:modified_time\" content=\"2021-07-01T15:02:54+00:00\" \/>\n<meta name=\"twitter:card\" content=\"summary_large_image\" \/>\n<meta name=\"twitter:label1\" content=\"Tempo di lettura stimato\" \/>\n\t<meta name=\"twitter:data1\" content=\"3 minuti\" \/>\n<script type=\"application\/ld+json\" class=\"yoast-schema-graph\">{\"@context\":\"https:\\\/\\\/schema.org\",\"@graph\":[{\"@type\":\"WebPage\",\"@id\":\"https:\\\/\\\/www.freebetsinfo.co.uk\\\/it\\\/scommesse-ippiche\\\/\",\"url\":\"https:\\\/\\\/www.freebetsinfo.co.uk\\\/it\\\/scommesse-ippiche\\\/\",\"name\":\"Scommesse sulle corse di cavalli Ultima attivit\u00e0 di marketing mensile della societ\u00e0 di gioco.\",\"isPartOf\":{\"@id\":\"https:\\\/\\\/www.freebetsinfo.co.uk\\\/it\\\/#website\"},\"datePublished\":\"2017-11-18T09:43:26+00:00\",\"dateModified\":\"2021-07-01T15:02:54+00:00\",\"description\":\"Scommesse sulle corse di cavalli I pi\u00f9 recenti siti di gioco d'azzardo bonus, pi\u00f9 recenti consegna e campagne attraverso i migliori bookmaker per le gare di questo mese\",\"breadcrumb\":{\"@id\":\"https:\\\/\\\/www.freebetsinfo.co.uk\\\/it\\\/scommesse-ippiche\\\/#breadcrumb\"},\"inLanguage\":\"it-IT\",\"potentialAction\":[{\"@type\":\"ReadAction\",\"target\":[\"https:\\\/\\\/www.freebetsinfo.co.uk\\\/it\\\/scommesse-ippiche\\\/\"]}]},{\"@type\":\"BreadcrumbList\",\"@id\":\"https:\\\/\\\/www.freebetsinfo.co.uk\\\/it\\\/scommesse-ippiche\\\/#breadcrumb\",\"itemListElement\":[{\"@type\":\"ListItem\",\"position\":1,\"name\":\"Home\",\"item\":\"https:\\\/\\\/www.freebetsinfo.co.uk\\\/it\\\/\"},{\"@type\":\"ListItem\",\"position\":2,\"name\":\"Scommesse sulle corse di cavalli\"}]},{\"@type\":\"WebSite\",\"@id\":\"https:\\\/\\\/www.freebetsinfo.co.uk\\\/it\\\/#website\",\"url\":\"https:\\\/\\\/www.freebetsinfo.co.uk\\\/it\\\/\",\"name\":\"Scommesse sportive gratuite, scommesse bookmaker online\",\"description\":\"I migliori codici bonus per scommesse online e casin\u00f2 senza deposito! \u2705Le migliori recensioni dei siti di scommesse online, \u2705i migliori bonus dei casin\u00f2 online!\",\"potentialAction\":[{\"@type\":\"SearchAction\",\"target\":{\"@type\":\"EntryPoint\",\"urlTemplate\":\"https:\\\/\\\/www.freebetsinfo.co.uk\\\/it\\\/?s={search_term_string}\"},\"query-input\":{\"@type\":\"PropertyValueSpecification\",\"valueRequired\":true,\"valueName\":\"search_term_string\"}}],\"inLanguage\":\"it-IT\"}]}<\/script>\n<!-- \/ Yoast SEO Premium plugin. -->","yoast_head_json":{"title":"Scommesse sulle corse di cavalli Ultima attivit\u00e0 di marketing mensile della societ\u00e0 di gioco.","description":"Scommesse sulle corse di cavalli I pi\u00f9 recenti siti di gioco d'azzardo bonus, pi\u00f9 recenti consegna e campagne attraverso i migliori bookmaker per le gare di questo mese","robots":{"index":"index","follow":"follow","max-snippet":"max-snippet:-1","max-image-preview":"max-image-preview:large","max-video-preview":"max-video-preview:-1"},"canonical":"https:\/\/www.freebetsinfo.co.uk\/it\/scommesse-ippiche\/","og_locale":"it_IT","og_type":"article","og_title":"Scommesse sulle corse di cavalli","og_description":"Scommesse sulle corse di cavalli I pi\u00f9 recenti siti di gioco d'azzardo bonus, pi\u00f9 recenti consegna e campagne attraverso i migliori bookmaker per le gare di questo mese","og_url":"https:\/\/www.freebetsinfo.co.uk\/it\/scommesse-ippiche\/","og_site_name":"Scommesse sportive gratuite, scommesse bookmaker online","article_modified_time":"2021-07-01T15:02:54+00:00","twitter_card":"summary_large_image","twitter_misc":{"Tempo di lettura stimato":"3 minuti"},"schema":{"@context":"https:\/\/schema.org","@graph":[{"@type":"WebPage","@id":"https:\/\/www.freebetsinfo.co.uk\/it\/scommesse-ippiche\/","url":"https:\/\/www.freebetsinfo.co.uk\/it\/scommesse-ippiche\/","name":"Scommesse sulle corse di cavalli Ultima attivit\u00e0 di marketing mensile della societ\u00e0 di gioco.","isPartOf":{"@id":"https:\/\/www.freebetsinfo.co.uk\/it\/#website"},"datePublished":"2017-11-18T09:43:26+00:00","dateModified":"2021-07-01T15:02:54+00:00","description":"Scommesse sulle corse di cavalli I pi\u00f9 recenti siti di gioco d'azzardo bonus, pi\u00f9 recenti consegna e campagne attraverso i migliori bookmaker per le gare di questo mese","breadcrumb":{"@id":"https:\/\/www.freebetsinfo.co.uk\/it\/scommesse-ippiche\/#breadcrumb"},"inLanguage":"it-IT","potentialAction":[{"@type":"ReadAction","target":["https:\/\/www.freebetsinfo.co.uk\/it\/scommesse-ippiche\/"]}]},{"@type":"BreadcrumbList","@id":"https:\/\/www.freebetsinfo.co.uk\/it\/scommesse-ippiche\/#breadcrumb","itemListElement":[{"@type":"ListItem","position":1,"name":"Home","item":"https:\/\/www.freebetsinfo.co.uk\/it\/"},{"@type":"ListItem","position":2,"name":"Scommesse sulle corse di cavalli"}]},{"@type":"WebSite","@id":"https:\/\/www.freebetsinfo.co.uk\/it\/#website","url":"https:\/\/www.freebetsinfo.co.uk\/it\/","name":"Scommesse sportive gratuite, scommesse bookmaker online","description":"I migliori codici bonus per scommesse online e casin\u00f2 senza deposito! \u2705Le migliori recensioni dei siti di scommesse online, \u2705i migliori bonus dei casin\u00f2 online!","potentialAction":[{"@type":"SearchAction","target":{"@type":"EntryPoint","urlTemplate":"https:\/\/www.freebetsinfo.co.uk\/it\/?s={search_term_string}"},"query-input":{"@type":"PropertyValueSpecification","valueRequired":true,"valueName":"search_term_string"}}],"inLanguage":"it-IT"}]}},"uagb_featured_image_src":{"full":false,"thumbnail":false,"medium":false,"medium_large":false,"large":false,"1536x1536":false,"2048x2048":false,"small":false,"custom-size":false},"uagb_author_info":{"display_name":"\u7ba1\u7406","author_link":"https:\/\/www.freebetsinfo.co.uk\/it\/author\/kdfl4q\/"},"uagb_comment_info":0,"uagb_excerpt":"Scommesse sulle corse di cavalli Bonus di benvenuto &#8211; cosa nel caso in cui si considera? Essere consapevoli di quale bookmaker che scommette cavalli per iscriversi con richieste di ricerca, e siamo qui per aiutare. Dovrai essere sicuro che di solito quello con cui ti iscrivi ti fornir\u00e0 ogni cosa che ti \u00e8 stata garantita....&hellip;","_links":{"self":[{"href":"https:\/\/www.freebetsinfo.co.uk\/it\/wp-json\/wp\/v2\/pages\/2650","targetHints":{"allow":["GET"]}}],"collection":[{"href":"https:\/\/www.freebetsinfo.co.uk\/it\/wp-json\/wp\/v2\/pages"}],"about":[{"href":"https:\/\/www.freebetsinfo.co.uk\/it\/wp-json\/wp\/v2\/types\/page"}],"author":[{"embeddable":true,"href":"https:\/\/www.freebetsinfo.co.uk\/it\/wp-json\/wp\/v2\/users\/1"}],"replies":[{"embeddable":true,"href":"https:\/\/www.freebetsinfo.co.uk\/it\/wp-json\/wp\/v2\/comments?post=2650"}],"version-history":[{"count":0,"href":"https:\/\/www.freebetsinfo.co.uk\/it\/wp-json\/wp\/v2\/pages\/2650\/revisions"}],"wp:attachment":[{"href":"https:\/\/www.freebetsinfo.co.uk\/it\/wp-json\/wp\/v2\/media?parent=2650"}],"curies":[{"name":"wp","href":"https:\/\/api.w.org\/{rel}","templated":true}]}}