{"id":2651,"date":"2017-11-18T09:21:33","date_gmt":"2017-11-18T09:21:33","guid":{"rendered":"https:\/\/www.freebetsinfo.co.uk\/nuovi-bookmaker\/"},"modified":"2021-07-01T09:52:17","modified_gmt":"2021-07-01T09:52:17","slug":"nuovi-siti-scommesse","status":"publish","type":"page","link":"https:\/\/www.freebetsinfo.co.uk\/it\/nuovi-siti-scommesse\/","title":{"rendered":"Nuovi bookmaker"},"content":{"rendered":"<h3><span style=\"color: #808080;\"><a style=\"color: #808080;\" href=\"https:\/\/www.freebetsinfo.co.uk\/it\/nuovi-siti-scommesse\/\">Nuovi bookmaker<\/a> Conosci i vantaggi dei nuovi siti Internet scommessura?<\/span><\/h3>\n<p><span style=\"color: #808080;\">Il vantaggio principale di iscriversi a un <a style=\"color: #808080;\" href=\"https:\/\/www.freebetsinfo.co.uk\/it\/nuovi-siti-scommesse\/\">nuovo bookmaker<\/a> \u00e8 l&#8217;opportunit\u00e0 di ottenere il massimo dalle loro offerte incoraggiate. A differenza dei bookmaker affermati, i nuovi operatori tendono ad offrire promozioni maggiori e molto migliori per i nuovi clienti per crearsi in un mercato gi\u00e0 altamente saturo.<\/span><\/p>\n<p><span style=\"color: #808080;\">Per quanto riguarda l&#8217;approccio scommesse questo \u00e8 probabilmente il migliore, e molto ben noto, mezzi per massimizzare il vostro denaro e ottenere il maggior numero di <a style=\"color: #808080;\" href=\"https:\/\/www.freebetsinfo.co.uk\/it\/nuovi-siti-scommesse\/\">nuovi bookmaker<\/a> e le consegne di benvenuto che \u00e8 possibile.<\/span><\/p>\n<h3><span style=\"color: #808080;\"><a style=\"color: #808080;\" href=\"https:\/\/www.freebetsinfo.co.uk\/it\/nuovi-siti-scommesse\/\">Nuovi bookmaker<\/a> In quale potresti trovare nuovi siti di gioco d&#8217;azzardo nel Regno Unito?<\/span><\/h3>\n<p><span style=\"color: #808080;\"><strong>Breve risposta:<\/strong> Proprio in questo articolo!<\/span><\/p>\n<p><span style=\"color: #808080;\"><strong>Risposta lunga:<\/strong> Trovare le informazioni pi\u00f9 efficaci sui nuovi bookmaker non \u00e8 il compito pi\u00f9 facile al mondo. \u00c8 esattamente qui che possiamo trovarci. Cerchiamo sul web giorno e notte per scoprire nuovi bookies, e analizzare le loro offerte, cos\u00ec come altre campagne per scoprire come si classificano contro i loro concorrenti.<\/span><\/p>\n<h3><span style=\"color: #808080;\">Nuovi siti di scommesse -Chi credere e chi per evitare?<\/span><\/h3>\n<p><span style=\"color: #808080;\">A volte maggiore \u00e8 l&#8217;offerta incoraggiata, non \u00e8 probabile che tu sia di fidarsi del proprietario. Tutto sommato, come possono davvero dare tutto quel denaro gratuitamente? Beh, fortunatamente abbiamo un mezzo resistente agli stolti per determinare con quali <a style=\"color: #808080;\" href=\"https:\/\/www.freebetsinfo.co.uk\/it\/nuovi-siti-scommesse\/\">nuovi bookmaker<\/a> sono sicuri di pagare il tuo denaro duramente guadagnato.<\/span><\/p>\n<h3><span style=\"color: #808080;\">Non ho molto tempo per controllare<\/span><\/h3>\n<p><span style=\"color: #808080;\">Risolvi ogni difficolt\u00e0 per te. Sulla nuova pagina del sito di gioco d&#8217;azzardo. Ogni sito web visualizzato pu\u00f2 essere accuratamente controllato e rivisto per garantire che sia il pi\u00f9 affidabile.<\/span><\/p>\n<h3><span style=\"color: #808080;\">Naturalmente si pu\u00f2 considerare la corte dell&#8217;opinione pubblica generale per le valutazioni da parte di altri scommettitori. <\/span><\/h3>\n<p><span style=\"color: #808080;\">Siti web tra cui TrustPilot accumulano valutazioni da parte degli utenti, anche se di solito sono schiacciante negativo! Se hai la perseveranza di setacciare gli autori sconvolti che non sono riusciti a leggere le condizioni e i termini, e gli scommettitori petulanti che sentono le loro povere profezie giustificano una valutazione di 1 legenda, puoi determinare l&#8217;esperienza pratica complessiva dell&#8217;utente<\/span><\/p>\n<h3><span style=\"color: #808080;\">Quando si dovrebbe rimanere cos\u00ec quando viaggiare?<\/span><\/h3>\n<p><span style=\"color: #808080;\">Quando hai accumulato il tuo bonus aggiunto incoraggiato e mettere le tue scommesse di partenza \u00e8 il tempo e l&#8217;energia per decidere se attaccare utilizzando questo nuovo sito web di gioco d&#8217;azzardo, o andare avanti. E &#8216;essenziale non correre in giudizi snap, in quanto non \u00e8 davvero meglio stare con il grande <a style=\"color: #808080;\" href=\"https:\/\/www.freebetsinfo.co.uk\/it\/nuovi-siti-scommesse\/\">bookmaker<\/a>.<\/span><\/p>\n<h3><span style=\"color: #808080;\">mercati eSports &#8211; Chi pu\u00f2 avere di gran lunga la scelta pi\u00f9 ampia?<\/span><\/h3>\n<p><span style=\"color: #808080;\">Cerchi di saperne di pi\u00f9 sulle scommesse sugli eSports? In conclusione, la nostra guida approfondita alle scommesse sugli eSports sollever\u00e0 la copertura con questo tipo di gioco molto moderno.<\/span><\/p>\n","protected":false},"excerpt":{"rendered":"Nuovi bookmaker Conosci i vantaggi dei nuovi siti Internet scommessura? Il vantaggio principale di iscriversi a un nuovo bookmaker \u00e8 l&#8217;opportunit\u00e0 di ottenere il massimo dalle loro offerte incoraggiate. A differenza dei bookmaker affermati, i nuovi operatori tendono ad offrire promozioni maggiori e molto migliori per i nuovi clienti per crearsi in un mercato gi\u00e0&#8230; <a class=\"view-article\" href=\"https:\/\/www.freebetsinfo.co.uk\/it\/nuovi-siti-scommesse\/\">Mostra articolo<\/a>","protected":false},"author":1,"featured_media":0,"parent":0,"menu_order":0,"comment_status":"closed","ping_status":"closed","template":"asia-sports-page-template.php","meta":{"_uag_custom_page_level_css":"","footnotes":""},"class_list":["post-2651","page","type-page","status-publish","hentry"],"yoast_head":"<!-- This site is optimized with the Yoast SEO Premium plugin v19.5 (Yoast SEO v27.5) - https:\/\/yoast.com\/product\/yoast-seo-premium-wordpress\/ -->\n<title>Nuovi bookmaker, Mensile Ultima Bookmakers Company Promozione<\/title>\n<meta name=\"description\" content=\"Nuovi bookmaker I nuovi siti di gioco d&#039;azzardo promozione bonus campagna di marketing, sinossi chiave dai pi\u00f9 grandi bookmaker del Regno Unito.\" \/>\n<meta name=\"robots\" content=\"index, follow, max-snippet:-1, max-image-preview:large, max-video-preview:-1\" \/>\n<link rel=\"canonical\" href=\"https:\/\/www.freebetsinfo.co.uk\/it\/nuovi-siti-scommesse\/\" \/>\n<meta property=\"og:locale\" content=\"it_IT\" \/>\n<meta property=\"og:type\" content=\"article\" \/>\n<meta property=\"og:title\" content=\"Nuovi bookmaker\" \/>\n<meta property=\"og:description\" content=\"Nuovi bookmaker I nuovi siti di gioco d&#039;azzardo promozione bonus campagna di marketing, sinossi chiave dai pi\u00f9 grandi bookmaker del Regno Unito.\" \/>\n<meta property=\"og:url\" content=\"https:\/\/www.freebetsinfo.co.uk\/it\/nuovi-siti-scommesse\/\" \/>\n<meta property=\"og:site_name\" content=\"Scommesse sportive gratuite, scommesse bookmaker online\" \/>\n<meta property=\"article:modified_time\" content=\"2021-07-01T09:52:17+00:00\" \/>\n<meta name=\"twitter:card\" content=\"summary_large_image\" \/>\n<meta name=\"twitter:label1\" content=\"Tempo di lettura stimato\" \/>\n\t<meta name=\"twitter:data1\" content=\"2 minuti\" \/>\n<script type=\"application\/ld+json\" class=\"yoast-schema-graph\">{\"@context\":\"https:\\\/\\\/schema.org\",\"@graph\":[{\"@type\":\"WebPage\",\"@id\":\"https:\\\/\\\/www.freebetsinfo.co.uk\\\/it\\\/nuovi-siti-scommesse\\\/\",\"url\":\"https:\\\/\\\/www.freebetsinfo.co.uk\\\/it\\\/nuovi-siti-scommesse\\\/\",\"name\":\"Nuovi bookmaker, Mensile Ultima Bookmakers Company Promozione\",\"isPartOf\":{\"@id\":\"https:\\\/\\\/www.freebetsinfo.co.uk\\\/it\\\/#website\"},\"datePublished\":\"2017-11-18T09:21:33+00:00\",\"dateModified\":\"2021-07-01T09:52:17+00:00\",\"description\":\"Nuovi bookmaker I nuovi siti di gioco d'azzardo promozione bonus campagna di marketing, sinossi chiave dai pi\u00f9 grandi bookmaker del Regno Unito.\",\"breadcrumb\":{\"@id\":\"https:\\\/\\\/www.freebetsinfo.co.uk\\\/it\\\/nuovi-siti-scommesse\\\/#breadcrumb\"},\"inLanguage\":\"it-IT\",\"potentialAction\":[{\"@type\":\"ReadAction\",\"target\":[\"https:\\\/\\\/www.freebetsinfo.co.uk\\\/it\\\/nuovi-siti-scommesse\\\/\"]}]},{\"@type\":\"BreadcrumbList\",\"@id\":\"https:\\\/\\\/www.freebetsinfo.co.uk\\\/it\\\/nuovi-siti-scommesse\\\/#breadcrumb\",\"itemListElement\":[{\"@type\":\"ListItem\",\"position\":1,\"name\":\"Home\",\"item\":\"https:\\\/\\\/www.freebetsinfo.co.uk\\\/it\\\/\"},{\"@type\":\"ListItem\",\"position\":2,\"name\":\"Nuovi bookmaker\"}]},{\"@type\":\"WebSite\",\"@id\":\"https:\\\/\\\/www.freebetsinfo.co.uk\\\/it\\\/#website\",\"url\":\"https:\\\/\\\/www.freebetsinfo.co.uk\\\/it\\\/\",\"name\":\"Scommesse sportive gratuite, scommesse bookmaker online\",\"description\":\"I migliori codici bonus per scommesse online e casin\u00f2 senza deposito! \u2705Le migliori recensioni dei siti di scommesse online, \u2705i migliori bonus dei casin\u00f2 online!\",\"potentialAction\":[{\"@type\":\"SearchAction\",\"target\":{\"@type\":\"EntryPoint\",\"urlTemplate\":\"https:\\\/\\\/www.freebetsinfo.co.uk\\\/it\\\/?s={search_term_string}\"},\"query-input\":{\"@type\":\"PropertyValueSpecification\",\"valueRequired\":true,\"valueName\":\"search_term_string\"}}],\"inLanguage\":\"it-IT\"}]}<\/script>\n<!-- \/ Yoast SEO Premium plugin. -->","yoast_head_json":{"title":"Nuovi bookmaker, Mensile Ultima Bookmakers Company Promozione","description":"Nuovi bookmaker I nuovi siti di gioco d'azzardo promozione bonus campagna di marketing, sinossi chiave dai pi\u00f9 grandi bookmaker del Regno Unito.","robots":{"index":"index","follow":"follow","max-snippet":"max-snippet:-1","max-image-preview":"max-image-preview:large","max-video-preview":"max-video-preview:-1"},"canonical":"https:\/\/www.freebetsinfo.co.uk\/it\/nuovi-siti-scommesse\/","og_locale":"it_IT","og_type":"article","og_title":"Nuovi bookmaker","og_description":"Nuovi bookmaker I nuovi siti di gioco d'azzardo promozione bonus campagna di marketing, sinossi chiave dai pi\u00f9 grandi bookmaker del Regno Unito.","og_url":"https:\/\/www.freebetsinfo.co.uk\/it\/nuovi-siti-scommesse\/","og_site_name":"Scommesse sportive gratuite, scommesse bookmaker online","article_modified_time":"2021-07-01T09:52:17+00:00","twitter_card":"summary_large_image","twitter_misc":{"Tempo di lettura stimato":"2 minuti"},"schema":{"@context":"https:\/\/schema.org","@graph":[{"@type":"WebPage","@id":"https:\/\/www.freebetsinfo.co.uk\/it\/nuovi-siti-scommesse\/","url":"https:\/\/www.freebetsinfo.co.uk\/it\/nuovi-siti-scommesse\/","name":"Nuovi bookmaker, Mensile Ultima Bookmakers Company Promozione","isPartOf":{"@id":"https:\/\/www.freebetsinfo.co.uk\/it\/#website"},"datePublished":"2017-11-18T09:21:33+00:00","dateModified":"2021-07-01T09:52:17+00:00","description":"Nuovi bookmaker I nuovi siti di gioco d'azzardo promozione bonus campagna di marketing, sinossi chiave dai pi\u00f9 grandi bookmaker del Regno Unito.","breadcrumb":{"@id":"https:\/\/www.freebetsinfo.co.uk\/it\/nuovi-siti-scommesse\/#breadcrumb"},"inLanguage":"it-IT","potentialAction":[{"@type":"ReadAction","target":["https:\/\/www.freebetsinfo.co.uk\/it\/nuovi-siti-scommesse\/"]}]},{"@type":"BreadcrumbList","@id":"https:\/\/www.freebetsinfo.co.uk\/it\/nuovi-siti-scommesse\/#breadcrumb","itemListElement":[{"@type":"ListItem","position":1,"name":"Home","item":"https:\/\/www.freebetsinfo.co.uk\/it\/"},{"@type":"ListItem","position":2,"name":"Nuovi bookmaker"}]},{"@type":"WebSite","@id":"https:\/\/www.freebetsinfo.co.uk\/it\/#website","url":"https:\/\/www.freebetsinfo.co.uk\/it\/","name":"Scommesse sportive gratuite, scommesse bookmaker online","description":"I migliori codici bonus per scommesse online e casin\u00f2 senza deposito! \u2705Le migliori recensioni dei siti di scommesse online, \u2705i migliori bonus dei casin\u00f2 online!","potentialAction":[{"@type":"SearchAction","target":{"@type":"EntryPoint","urlTemplate":"https:\/\/www.freebetsinfo.co.uk\/it\/?s={search_term_string}"},"query-input":{"@type":"PropertyValueSpecification","valueRequired":true,"valueName":"search_term_string"}}],"inLanguage":"it-IT"}]}},"uagb_featured_image_src":{"full":false,"thumbnail":false,"medium":false,"medium_large":false,"large":false,"1536x1536":false,"2048x2048":false,"small":false,"custom-size":false},"uagb_author_info":{"display_name":"\u7ba1\u7406","author_link":"https:\/\/www.freebetsinfo.co.uk\/it\/author\/kdfl4q\/"},"uagb_comment_info":0,"uagb_excerpt":"Nuovi bookmaker Conosci i vantaggi dei nuovi siti Internet scommessura? Il vantaggio principale di iscriversi a un nuovo bookmaker \u00e8 l&#8217;opportunit\u00e0 di ottenere il massimo dalle loro offerte incoraggiate. A differenza dei bookmaker affermati, i nuovi operatori tendono ad offrire promozioni maggiori e molto migliori per i nuovi clienti per crearsi in un mercato gi\u00e0...&hellip;","_links":{"self":[{"href":"https:\/\/www.freebetsinfo.co.uk\/it\/wp-json\/wp\/v2\/pages\/2651","targetHints":{"allow":["GET"]}}],"collection":[{"href":"https:\/\/www.freebetsinfo.co.uk\/it\/wp-json\/wp\/v2\/pages"}],"about":[{"href":"https:\/\/www.freebetsinfo.co.uk\/it\/wp-json\/wp\/v2\/types\/page"}],"author":[{"embeddable":true,"href":"https:\/\/www.freebetsinfo.co.uk\/it\/wp-json\/wp\/v2\/users\/1"}],"replies":[{"embeddable":true,"href":"https:\/\/www.freebetsinfo.co.uk\/it\/wp-json\/wp\/v2\/comments?post=2651"}],"version-history":[{"count":0,"href":"https:\/\/www.freebetsinfo.co.uk\/it\/wp-json\/wp\/v2\/pages\/2651\/revisions"}],"wp:attachment":[{"href":"https:\/\/www.freebetsinfo.co.uk\/it\/wp-json\/wp\/v2\/media?parent=2651"}],"curies":[{"name":"wp","href":"https:\/\/api.w.org\/{rel}","templated":true}]}}