{"id":2656,"date":"2017-11-18T09:40:58","date_gmt":"2017-11-18T09:40:58","guid":{"rendered":"https:\/\/www.freebetsinfo.co.uk\/scommesse-sul-calcio\/"},"modified":"2021-07-01T14:49:45","modified_gmt":"2021-07-01T14:49:45","slug":"calcio-scommesse","status":"publish","type":"page","link":"https:\/\/www.freebetsinfo.co.uk\/it\/calcio-scommesse\/","title":{"rendered":"Scommesse sul calcio"},"content":{"rendered":"<h2><span style=\"color: #999999;\"><a style=\"color: #999999;\" href=\"https:\/\/www.freebetsinfo.co.uk\/it\/calcio-scommesse\/\">Scommesse sul calcio<\/a> Ottieni i migliori bonus aggiuntivi incoraggiati e scommesse gratuite<\/span><\/h2>\n<p><span style=\"color: #999999;\">Non sei sicuro di quello che indicano? Spiegheremo. Quindi, quando hai imballato il tuo account su una cima di 90 dollari prima, probabilmente avresti un beneficio di 90 dollari da Betway!<\/span><\/p>\n<h3><span style=\"color: #999999;\"><strong><a style=\"color: #999999;\" href=\"https:\/\/www.freebetsinfo.co.uk\/it\/calcio-scommesse\/\">Scommesse sul calcio<\/a><\/strong> Come ottenere le migliori offerte speciali per i giocatori esistenti?<\/span><\/h3>\n<p><span style=\"color: #999999;\">Grandi notizie, le promozioni non cessano una volta che ti sei iscritto. La maggior parte dei buoni siti di scommesse sul calcio risarcir\u00e0 i clienti fedeli con promozioni in corso.<\/span><\/p>\n<h3><span style=\"color: #999999;\"><a style=\"color: #999999;\" href=\"https:\/\/www.freebetsinfo.co.uk\/it\/calcio-scommesse\/\">Scommesse sul calcio<\/a> Il modo per selezionare i siti di gioco di pallacanestro corretti?<\/span><\/h3>\n<p><span style=\"color: #999999;\">Una delle prime cose a cui stai pensando di fare attenzione \u00e8 la pletora di mercati e scommesse offerti nel loro specifico<a style=\"color: #999999;\" href=\"https:\/\/www.freebetsinfo.co.uk\/it\/calcio-scommesse\/\"> libri sportivi.<\/a><\/span><span style=\"color: #999999;\"> Non sorprende che i grandi marchi possiedano sempre un ampio bookmaker.<\/span> <\/p>\n<p><span style=\"color: #999999;\">Continua a tenerti aggiornato con le testimonianze e le notizie proprio qui a freebetsinfo, e scommetteramo le tue scommesse sul calcio sar\u00e0 il tuo miglior anno di <a style=\"color: #999999;\" href=\"https:\/\/www.freebetsinfo.co.uk\/it\/\">scommesse<\/a> di sempre.<\/span><\/p>\n<h3><span style=\"color: #999999;\"><strong><a style=\"color: #999999;\" href=\"https:\/\/www.freebetsinfo.co.uk\/it\/calcio-scommesse\/\">Scommesse sul calcio<\/a><\/strong> Come funzionano i segmenti del mercato commerciale?<\/span><\/h3>\n<p><span style=\"color: #999999;\">I mercati di swap funzionano in modo leggermente diverso rispetto alle scommesse convenzionali. <\/span><span style=\"color: #999999;\">Il mercato commerciale pi\u00f9 identificato \u00e8 quello di Betfair, perch\u00e9 \u00e8 uno dei primi e facilmente pi\u00f9 grandi. <\/span><span style=\"color: #999999;\">In-Play &amp; Cash Out &#8211; Trova il bookmaker giusto per soddisfare le tue esigenze. <\/span><\/p>\n<p><span style=\"color: #999999;\">anche quale equipaggio succeder\u00e0 a un&#8217;altra parte!<\/span><span style=\"color: #999999;\"> Un&#8217;altra innovazione attuale quando si tratta di scommesse sul basket in un su<a style=\"color: #999999;\" href=\"https:\/\/www.freebetsinfo.co.uk\/it\/calcio-scommesse\/\"> bookmaker web<\/a> \u00e8 il pensiero di soldi-fuori.<\/span><\/p>\n<h3><span style=\"color: #999999;\">Scommesse mobili &#8211; quali bookmaker lo praticano meglio?<\/span><\/h3>\n<p><span style=\"color: #999999;\">C&#8217;\u00e8 stato un tempo impensabile che esisteva prima che tutti noi abbiamo goduto di un telefono cellulare nelle nostre tasche. Da allora sono diventati parte integrante del nostro stile di vita, e i siti internet di gioco d&#8217;azzardo di calcio lo riconoscono. <\/span><\/p>\n<p><span style=\"color: #999999;\">Il modello HTML5 del sito che \u00e8 stato appositamente ottimizzato per i telefoni cellulari verr\u00e0 scaricato per il dispositivo. <\/span><\/p>\n<p><span style=\"color: #999999;\">Alcune attivit\u00e0 <a style=\"color: #999999;\" href=\"https:\/\/www.freebetsinfo.co.uk\/it\/calcio-scommesse\/\">sportive online<\/a> libri di testo sono in grado di offrire offerte quando si utilizza la versione mobile del sito web &#8211; troverete informazioni complete delle pi\u00f9 grandi offerte sul nostro manuale di scommessa mobile.<\/span><\/p>\n<h3><span style=\"color: #999999;\">Quali tecniche di transazione si possono usare?<\/span><\/h3>\n<p><span style=\"color: #999999;\">I siti di <a style=\"color: #999999;\" href=\"https:\/\/www.freebetsinfo.co.uk\/it\/calcio-scommesse\/\">scommesse sul calcio<\/a> offrono un&#8217;ampia variet\u00e0 di opzioni di transazione per i clienti, offrendoti la libert\u00e0 di depositare e allontanarti insieme all&#8217;approccio desiderato.<\/span><\/p>\n<p><span style=\"color: #999999;\">Alcuni operatori offrono anche scelte di puntata PayPal. Anche se ci sono state alcune preoccupazioni prima su PayPal cos\u00ec come il business del gioco d&#8217;azzardo su Internet, soprattutto a causa del rischio di esercizio criminale e frode, essi possono aver iniziato a trattare con numerosi importanti siti di <a style=\"color: #999999;\" href=\"https:\/\/www.freebetsinfo.co.uk\/it\/scommessa-gratuita\/\">scommessa di basket del Regno Unito<\/a>.<\/span><\/p>\n<h3><span style=\"color: #999999;\">Ottenere il pi\u00f9 recente basket scommesse fornisce<\/span><\/h3>\n<p><span style=\"color: #999999;\">Anche lo scommettitore pi\u00f9 abile ha brutti incantesimi.<\/span><\/p>\n<p><span style=\"color: #999999;\">a volte anche le tue scommesse &#8220;pi\u00f9 sicure&#8221; non sembrano visitare la strategia, e sappiamo quanto potrebbe essere frustrante quando sei bloccato in un solco.<\/span><\/p>\n<p><span style=\"color: #999999;\">Fortunatamente per voi personalmente, siamo qui per aiutarvi. Il nostro gruppo professionale presenter\u00e0 idee normali e tutte le nuove promozioni di scommesse per aiutarti a livellare nel percorso giusto. Basta andare alle nostre scommesse fornisce spazio per vedere il pi\u00f9 efficace nei pi\u00f9 recenti bonus aggiuntivi, <a style=\"color: #999999;\" href=\"https:\/\/www.freebetsinfo.co.uk\/it\/scommessa-gratuita\/\">scommesse<\/a>totalmente gratuite , copertura assicurativa acca e molto altro ancora!<\/span><\/p>\n","protected":false},"excerpt":{"rendered":"Scommesse sul calcio Ottieni i migliori bonus aggiuntivi incoraggiati e scommesse gratuite Non sei sicuro di quello che indicano? Spiegheremo. Quindi, quando hai imballato il tuo account su una cima di 90 dollari prima, probabilmente avresti un beneficio di 90 dollari da Betway! Scommesse sul calcio Come ottenere le migliori offerte speciali per i giocatori&#8230; <a class=\"view-article\" href=\"https:\/\/www.freebetsinfo.co.uk\/it\/calcio-scommesse\/\">Mostra articolo<\/a>","protected":false},"author":1,"featured_media":0,"parent":0,"menu_order":0,"comment_status":"closed","ping_status":"closed","template":"asia-sports-page-template.php","meta":{"_uag_custom_page_level_css":"","footnotes":""},"class_list":["post-2656","page","type-page","status-publish","hentry"],"yoast_head":"<!-- This site is optimized with the Yoast SEO Premium plugin v19.5 (Yoast SEO v27.5) - https:\/\/yoast.com\/product\/yoast-seo-premium-wordpress\/ -->\n<title>Scommesse sul calcio I migliori siti di scommesse sul calcio in UK Complete Guide For.<\/title>\n<meta name=\"description\" content=\"Scommesse sul calcio Top siti bookmaker in United Kingdom, Nessun bonus di deposito, Ottenere i migliori bonus aggiuntivi incoraggiati e scommesse gratuite.\" \/>\n<meta name=\"robots\" content=\"index, follow, max-snippet:-1, max-image-preview:large, max-video-preview:-1\" \/>\n<link rel=\"canonical\" href=\"https:\/\/www.freebetsinfo.co.uk\/it\/calcio-scommesse\/\" \/>\n<meta property=\"og:locale\" content=\"it_IT\" \/>\n<meta property=\"og:type\" content=\"article\" \/>\n<meta property=\"og:title\" content=\"Scommesse sul calcio\" \/>\n<meta property=\"og:description\" content=\"Scommesse sul calcio Top siti bookmaker in United Kingdom, Nessun bonus di deposito, Ottenere i migliori bonus aggiuntivi incoraggiati e scommesse gratuite.\" \/>\n<meta property=\"og:url\" content=\"https:\/\/www.freebetsinfo.co.uk\/it\/calcio-scommesse\/\" \/>\n<meta property=\"og:site_name\" content=\"Scommesse sportive gratuite, scommesse bookmaker online\" \/>\n<meta property=\"article:modified_time\" content=\"2021-07-01T14:49:45+00:00\" \/>\n<meta name=\"twitter:card\" content=\"summary_large_image\" \/>\n<meta name=\"twitter:label1\" content=\"Tempo di lettura stimato\" \/>\n\t<meta name=\"twitter:data1\" content=\"3 minuti\" \/>\n<script type=\"application\/ld+json\" class=\"yoast-schema-graph\">{\"@context\":\"https:\\\/\\\/schema.org\",\"@graph\":[{\"@type\":\"WebPage\",\"@id\":\"https:\\\/\\\/www.freebetsinfo.co.uk\\\/it\\\/calcio-scommesse\\\/\",\"url\":\"https:\\\/\\\/www.freebetsinfo.co.uk\\\/it\\\/calcio-scommesse\\\/\",\"name\":\"Scommesse sul calcio I migliori siti di scommesse sul calcio in UK Complete Guide For.\",\"isPartOf\":{\"@id\":\"https:\\\/\\\/www.freebetsinfo.co.uk\\\/it\\\/#website\"},\"datePublished\":\"2017-11-18T09:40:58+00:00\",\"dateModified\":\"2021-07-01T14:49:45+00:00\",\"description\":\"Scommesse sul calcio Top siti bookmaker in United Kingdom, Nessun bonus di deposito, Ottenere i migliori bonus aggiuntivi incoraggiati e scommesse gratuite.\",\"breadcrumb\":{\"@id\":\"https:\\\/\\\/www.freebetsinfo.co.uk\\\/it\\\/calcio-scommesse\\\/#breadcrumb\"},\"inLanguage\":\"it-IT\",\"potentialAction\":[{\"@type\":\"ReadAction\",\"target\":[\"https:\\\/\\\/www.freebetsinfo.co.uk\\\/it\\\/calcio-scommesse\\\/\"]}]},{\"@type\":\"BreadcrumbList\",\"@id\":\"https:\\\/\\\/www.freebetsinfo.co.uk\\\/it\\\/calcio-scommesse\\\/#breadcrumb\",\"itemListElement\":[{\"@type\":\"ListItem\",\"position\":1,\"name\":\"Home\",\"item\":\"https:\\\/\\\/www.freebetsinfo.co.uk\\\/it\\\/\"},{\"@type\":\"ListItem\",\"position\":2,\"name\":\"Scommesse sul calcio\"}]},{\"@type\":\"WebSite\",\"@id\":\"https:\\\/\\\/www.freebetsinfo.co.uk\\\/it\\\/#website\",\"url\":\"https:\\\/\\\/www.freebetsinfo.co.uk\\\/it\\\/\",\"name\":\"Scommesse sportive gratuite, scommesse bookmaker online\",\"description\":\"I migliori codici bonus per scommesse online e casin\u00f2 senza deposito! \u2705Le migliori recensioni dei siti di scommesse online, \u2705i migliori bonus dei casin\u00f2 online!\",\"potentialAction\":[{\"@type\":\"SearchAction\",\"target\":{\"@type\":\"EntryPoint\",\"urlTemplate\":\"https:\\\/\\\/www.freebetsinfo.co.uk\\\/it\\\/?s={search_term_string}\"},\"query-input\":{\"@type\":\"PropertyValueSpecification\",\"valueRequired\":true,\"valueName\":\"search_term_string\"}}],\"inLanguage\":\"it-IT\"}]}<\/script>\n<!-- \/ Yoast SEO Premium plugin. -->","yoast_head_json":{"title":"Scommesse sul calcio I migliori siti di scommesse sul calcio in UK Complete Guide For.","description":"Scommesse sul calcio Top siti bookmaker in United Kingdom, Nessun bonus di deposito, Ottenere i migliori bonus aggiuntivi incoraggiati e scommesse gratuite.","robots":{"index":"index","follow":"follow","max-snippet":"max-snippet:-1","max-image-preview":"max-image-preview:large","max-video-preview":"max-video-preview:-1"},"canonical":"https:\/\/www.freebetsinfo.co.uk\/it\/calcio-scommesse\/","og_locale":"it_IT","og_type":"article","og_title":"Scommesse sul calcio","og_description":"Scommesse sul calcio Top siti bookmaker in United Kingdom, Nessun bonus di deposito, Ottenere i migliori bonus aggiuntivi incoraggiati e scommesse gratuite.","og_url":"https:\/\/www.freebetsinfo.co.uk\/it\/calcio-scommesse\/","og_site_name":"Scommesse sportive gratuite, scommesse bookmaker online","article_modified_time":"2021-07-01T14:49:45+00:00","twitter_card":"summary_large_image","twitter_misc":{"Tempo di lettura stimato":"3 minuti"},"schema":{"@context":"https:\/\/schema.org","@graph":[{"@type":"WebPage","@id":"https:\/\/www.freebetsinfo.co.uk\/it\/calcio-scommesse\/","url":"https:\/\/www.freebetsinfo.co.uk\/it\/calcio-scommesse\/","name":"Scommesse sul calcio I migliori siti di scommesse sul calcio in UK Complete Guide For.","isPartOf":{"@id":"https:\/\/www.freebetsinfo.co.uk\/it\/#website"},"datePublished":"2017-11-18T09:40:58+00:00","dateModified":"2021-07-01T14:49:45+00:00","description":"Scommesse sul calcio Top siti bookmaker in United Kingdom, Nessun bonus di deposito, Ottenere i migliori bonus aggiuntivi incoraggiati e scommesse gratuite.","breadcrumb":{"@id":"https:\/\/www.freebetsinfo.co.uk\/it\/calcio-scommesse\/#breadcrumb"},"inLanguage":"it-IT","potentialAction":[{"@type":"ReadAction","target":["https:\/\/www.freebetsinfo.co.uk\/it\/calcio-scommesse\/"]}]},{"@type":"BreadcrumbList","@id":"https:\/\/www.freebetsinfo.co.uk\/it\/calcio-scommesse\/#breadcrumb","itemListElement":[{"@type":"ListItem","position":1,"name":"Home","item":"https:\/\/www.freebetsinfo.co.uk\/it\/"},{"@type":"ListItem","position":2,"name":"Scommesse sul calcio"}]},{"@type":"WebSite","@id":"https:\/\/www.freebetsinfo.co.uk\/it\/#website","url":"https:\/\/www.freebetsinfo.co.uk\/it\/","name":"Scommesse sportive gratuite, scommesse bookmaker online","description":"I migliori codici bonus per scommesse online e casin\u00f2 senza deposito! \u2705Le migliori recensioni dei siti di scommesse online, \u2705i migliori bonus dei casin\u00f2 online!","potentialAction":[{"@type":"SearchAction","target":{"@type":"EntryPoint","urlTemplate":"https:\/\/www.freebetsinfo.co.uk\/it\/?s={search_term_string}"},"query-input":{"@type":"PropertyValueSpecification","valueRequired":true,"valueName":"search_term_string"}}],"inLanguage":"it-IT"}]}},"uagb_featured_image_src":{"full":false,"thumbnail":false,"medium":false,"medium_large":false,"large":false,"1536x1536":false,"2048x2048":false,"small":false,"custom-size":false},"uagb_author_info":{"display_name":"\u7ba1\u7406","author_link":"https:\/\/www.freebetsinfo.co.uk\/it\/author\/kdfl4q\/"},"uagb_comment_info":0,"uagb_excerpt":"Scommesse sul calcio Ottieni i migliori bonus aggiuntivi incoraggiati e scommesse gratuite Non sei sicuro di quello che indicano? Spiegheremo. Quindi, quando hai imballato il tuo account su una cima di 90 dollari prima, probabilmente avresti un beneficio di 90 dollari da Betway! Scommesse sul calcio Come ottenere le migliori offerte speciali per i giocatori...&hellip;","_links":{"self":[{"href":"https:\/\/www.freebetsinfo.co.uk\/it\/wp-json\/wp\/v2\/pages\/2656","targetHints":{"allow":["GET"]}}],"collection":[{"href":"https:\/\/www.freebetsinfo.co.uk\/it\/wp-json\/wp\/v2\/pages"}],"about":[{"href":"https:\/\/www.freebetsinfo.co.uk\/it\/wp-json\/wp\/v2\/types\/page"}],"author":[{"embeddable":true,"href":"https:\/\/www.freebetsinfo.co.uk\/it\/wp-json\/wp\/v2\/users\/1"}],"replies":[{"embeddable":true,"href":"https:\/\/www.freebetsinfo.co.uk\/it\/wp-json\/wp\/v2\/comments?post=2656"}],"version-history":[{"count":0,"href":"https:\/\/www.freebetsinfo.co.uk\/it\/wp-json\/wp\/v2\/pages\/2656\/revisions"}],"wp:attachment":[{"href":"https:\/\/www.freebetsinfo.co.uk\/it\/wp-json\/wp\/v2\/media?parent=2656"}],"curies":[{"name":"wp","href":"https:\/\/api.w.org\/{rel}","templated":true}]}}