{"id":2658,"date":"2017-11-18T09:21:45","date_gmt":"2017-11-18T09:21:45","guid":{"rendered":"https:\/\/www.freebetsinfo.co.uk\/scommessa-gratuita\/"},"modified":"2021-08-13T19:00:49","modified_gmt":"2021-08-13T19:00:49","slug":"scommesse-gratis-bonus","status":"publish","type":"page","link":"https:\/\/www.freebetsinfo.co.uk\/it\/scommesse-gratis-bonus\/","title":{"rendered":"Scommesse gratis bonus"},"content":{"rendered":"<h3><span style=\"color: #808080;\"><a style=\"color: #808080;\" href=\"https:\/\/www.freebetsinfo.co.uk\/it\/scommessa-gratuita\/\">Allibratore sportivo<\/a> sono sempre alla ricerca di nuovi affari<\/span><\/h3>\n<p><span style=\"color: #808080;\">e ti offrir\u00e0 una variet\u00e0 di scommesse abbinate e altro<a style=\"color: #808080;\" href=\"https:\/\/www.freebetsinfo.co.uk\/it\/scommessa-gratuita\/\"> Scommessa gratuita<\/a> . E &#8216;meno ombroso perch\u00e9 sembra, certo, sono dopo i vostri soldi, tuttavia ti d\u00e0 molti pi\u00f9 soldi per vincere con!<\/span><\/p>\n<p><span style=\"color: #808080;\">Questo articolo subir\u00e0 diversi dei tipi pi\u00f9 frequenti di &#8220;<a style=\"color: #808080;\" href=\"https:\/\/www.freebetsinfo.co.uk\/it\/scommessa-gratuita\/\">scommessa gratuita<\/a>&#8221; forniti dai libri di testo sulle attivit\u00e0 sportive online, e ci\u00f2 che \u00e8 probabile ottenere quando li si utilizza. Si pu\u00f2 anche rivendicare una vasta gamma di offerte all&#8217;interno della scrivania sopra.<\/span><\/p>\n<p><span style=\"color: #808080;\">Desideri essere sempre aggiornato con le ultime scommesse gratuite degli bookbooky del Regno Unito? Testa oltre alla nostra puntata fornisce porzione, in cui pubblichiamo consegne giornaliere e <a style=\"color: #808080;\" href=\"https:\/\/www.freebetsinfo.co.uk\/it\/scommessa-gratuita\/\">scommessa<\/a>totalmente gratuita .<\/span><\/p>\n<h2><span style=\"color: #808080;\"><a style=\"color: #808080;\" href=\"https:\/\/www.freebetsinfo.co.uk\/it\/scommessa-gratuita\/\">Scommessa gratuita<\/a> Accumulo abbinato<\/span><\/h2>\n<p><span style=\"color: #808080;\"> Puoi quindi utilizzare i tuoi soldi per scommettere gratuitamente per fare ulteriori scommesse. Questo pu\u00f2 impedirti di tenere conto degli obiettivi scommessi scommettendo esclusivamente su &#8220;certificati morti&#8221;.<\/span><\/p>\n<h3><span style=\"color: #808080;\"><a style=\"color: #808080;\" href=\"https:\/\/www.freebetsinfo.co.uk\/it\/scommessa-gratuita\/\">Scommessa gratuita<\/a> Nessuna puntata gratuita di anticipo<\/span><\/h3>\n<p><span style=\"color: #808080;\">Ora stiamo parlando! Alcuni siti di <a style=\"color: #808080;\" href=\"https:\/\/www.freebetsinfo.co.uk\/it\/\">scommesse<\/a> su Internet ti forniranno scommesse gratuite semplicemente per registrarti con loro. In genere questi tipi di scommesse provengono dalla variet\u00e0 pi\u00f9 snella &#8211; in genere tra i 5 e i 10 dollari.Dopo aver completato il metodo di indicazione, scoprirai che avrai qualche contante &#8216;gratuito&#8217; nel tuo conto bancario.<\/span><\/p>\n<p><span style=\"color: #808080;\">Questo denaro non sar\u00e0 mai ritirato &#8211; si dovr\u00e0 utilizzare per scommettere. Ancora una volta, l&#8217;avvertimento &#8220;quote minime&#8221; probabilmente entrer\u00e0 in gioco, in modo che tu sia in grado di utilizzare solo le tue scommesse gratuite su determinati eventi (ancora una volta, nessun &#8216;certificato morto&#8217;).<\/span><\/p>\n<p><span style=\"color: #808080;\">C&#8217;\u00e8 un fattore costante su TUTTE le scommesse gratuite senza deposito su tutti i libri di testo sportivi &#8211; il tuo &#8216;denaro scommessa gratuita&#8217; non \u00e8 davvero tornato come una scommessa una volta che si individua una scommessa nel caso in cui la scommessa \u00e8 un vincitore. Ad esempio, nel caso in cui tu abbia usato 10 dollari il tuo denaro personale per scommettere sul West Ham sconfiggendo il Liverpool a 2\/1 (3,00), ti prevedi di ricevere indietro 30 dollari (20 vincite e la tua puntata di 10 dollari). Se si utilizza un&#8217;opzione totalmente gratuita, in questo caso la puntata non verr\u00e0 restituita. All&#8217;interno della circostanza over, si otterrebbe solo 20 dollari, piuttosto che i 30 dollari che altrimenti ci si aspetterebbe.<\/span><\/p>\n<h3><span style=\"color: #808080;\">Nessuna opzione priva di rischio<\/span><\/h3>\n<p><span style=\"color: #808080;\">Una tipica scommessa gratuita \u00e8 un buon modo per ottenere denaro gratuito dalla Guida alle attivit\u00e0 sportive su Internet.<\/span><\/p>\n<p><span style=\"color: #808080;\">Quando benefici di scommesse &#8220;senza rischi&#8221;. Utilizzerai i tuoi fondi. In genere potresti non essere soggetto al limite di &#8220;quota minima&#8221;, il che significa che sei tu. Pu\u00f2 essere secondo i tuoi desideri. Libert\u00e0 di scelta sul mercato. Qualsiasi celebrazione. Se la tua scommessa. In realt\u00e0 il vincitore, quindi festeggiare.<\/span><\/p>\n<p><span style=\"color: #808080;\">Se la tua scommessa perde, allora questa guida all&#8217;attivit\u00e0 sportiva. La tua scommessa sar\u00e0 rimborsata (fino a determinati limiti inclusi)<\/span><\/p>\n<p><span style=\"color: #808080;\">Non credo sia possibile all&#8217;Arsenal. Per avere successo in UEFA Champions League. Splurge nel gioco, e poi una volta loro. Se vieni eliminato nella fase a gironi, puoi tornare generosamente), ma questa \u00e8 una scommessa gratuita.<\/span><\/p>\n","protected":false},"excerpt":{"rendered":"Allibratore sportivo sono sempre alla ricerca di nuovi affari e ti offrir\u00e0 una variet\u00e0 di scommesse abbinate e altro Scommessa gratuita . E &#8216;meno ombroso perch\u00e9 sembra, certo, sono dopo i vostri soldi, tuttavia ti d\u00e0 molti pi\u00f9 soldi per vincere con! Questo articolo subir\u00e0 diversi dei tipi pi\u00f9 frequenti di &#8220;scommessa gratuita&#8221; forniti dai&#8230; <a class=\"view-article\" href=\"https:\/\/www.freebetsinfo.co.uk\/it\/scommesse-gratis-bonus\/\">Mostra articolo<\/a>","protected":false},"author":1,"featured_media":0,"parent":0,"menu_order":0,"comment_status":"closed","ping_status":"closed","template":"free-page-template.php","meta":{"_uag_custom_page_level_css":"","footnotes":""},"class_list":["post-2658","page","type-page","status-publish","hentry"],"yoast_head":"<!-- This site is optimized with the Yoast SEO Premium plugin v19.5 (Yoast SEO v27.5) - https:\/\/yoast.com\/product\/yoast-seo-premium-wordpress\/ -->\n<title>Scommessa gratuita - Ottieni scommesse e offerte giornaliere gratuite da bookmaker del Regno Unito.<\/title>\n<meta name=\"description\" content=\"Scopri la nostra vasta gamma di scommesse gratuite tra i pi\u00f9 grandi bookmaker del tuo Regno Unito e dichiara le migliori e migliori offerte dei nostri compagni\" \/>\n<meta name=\"robots\" content=\"index, follow, max-snippet:-1, max-image-preview:large, max-video-preview:-1\" \/>\n<link rel=\"canonical\" href=\"https:\/\/www.freebetsinfo.co.uk\/it\/scommesse-gratis-bonus\/\" \/>\n<meta property=\"og:locale\" content=\"it_IT\" \/>\n<meta property=\"og:type\" content=\"article\" \/>\n<meta property=\"og:title\" content=\"Scommesse gratis bonus\" \/>\n<meta property=\"og:description\" content=\"Scopri la nostra vasta gamma di scommesse gratuite tra i pi\u00f9 grandi bookmaker del tuo Regno Unito e dichiara le migliori e migliori offerte dei nostri compagni\" \/>\n<meta property=\"og:url\" content=\"https:\/\/www.freebetsinfo.co.uk\/it\/scommesse-gratis-bonus\/\" \/>\n<meta property=\"og:site_name\" content=\"Scommesse sportive gratuite, scommesse bookmaker online\" \/>\n<meta property=\"article:modified_time\" content=\"2021-08-13T19:00:49+00:00\" \/>\n<meta name=\"twitter:card\" content=\"summary_large_image\" \/>\n<meta name=\"twitter:label1\" content=\"Tempo di lettura stimato\" \/>\n\t<meta name=\"twitter:data1\" content=\"2 minuti\" \/>\n<script type=\"application\/ld+json\" class=\"yoast-schema-graph\">{\"@context\":\"https:\\\/\\\/schema.org\",\"@graph\":[{\"@type\":\"WebPage\",\"@id\":\"https:\\\/\\\/www.freebetsinfo.co.uk\\\/it\\\/scommesse-gratis-bonus\\\/\",\"url\":\"https:\\\/\\\/www.freebetsinfo.co.uk\\\/it\\\/scommesse-gratis-bonus\\\/\",\"name\":\"Scommessa gratuita - Ottieni scommesse e offerte giornaliere gratuite da bookmaker del Regno Unito.\",\"isPartOf\":{\"@id\":\"https:\\\/\\\/www.freebetsinfo.co.uk\\\/it\\\/#website\"},\"datePublished\":\"2017-11-18T09:21:45+00:00\",\"dateModified\":\"2021-08-13T19:00:49+00:00\",\"description\":\"Scopri la nostra vasta gamma di scommesse gratuite tra i pi\u00f9 grandi bookmaker del tuo Regno Unito e dichiara le migliori e migliori offerte dei nostri compagni\",\"breadcrumb\":{\"@id\":\"https:\\\/\\\/www.freebetsinfo.co.uk\\\/it\\\/scommesse-gratis-bonus\\\/#breadcrumb\"},\"inLanguage\":\"it-IT\",\"potentialAction\":[{\"@type\":\"ReadAction\",\"target\":[\"https:\\\/\\\/www.freebetsinfo.co.uk\\\/it\\\/scommesse-gratis-bonus\\\/\"]}]},{\"@type\":\"BreadcrumbList\",\"@id\":\"https:\\\/\\\/www.freebetsinfo.co.uk\\\/it\\\/scommesse-gratis-bonus\\\/#breadcrumb\",\"itemListElement\":[{\"@type\":\"ListItem\",\"position\":1,\"name\":\"Home\",\"item\":\"https:\\\/\\\/www.freebetsinfo.co.uk\\\/it\\\/\"},{\"@type\":\"ListItem\",\"position\":2,\"name\":\"Scommesse gratis bonus\"}]},{\"@type\":\"WebSite\",\"@id\":\"https:\\\/\\\/www.freebetsinfo.co.uk\\\/it\\\/#website\",\"url\":\"https:\\\/\\\/www.freebetsinfo.co.uk\\\/it\\\/\",\"name\":\"Scommesse sportive gratuite, scommesse bookmaker online\",\"description\":\"I migliori codici bonus per scommesse online e casin\u00f2 senza deposito! \u2705Le migliori recensioni dei siti di scommesse online, \u2705i migliori bonus dei casin\u00f2 online!\",\"potentialAction\":[{\"@type\":\"SearchAction\",\"target\":{\"@type\":\"EntryPoint\",\"urlTemplate\":\"https:\\\/\\\/www.freebetsinfo.co.uk\\\/it\\\/?s={search_term_string}\"},\"query-input\":{\"@type\":\"PropertyValueSpecification\",\"valueRequired\":true,\"valueName\":\"search_term_string\"}}],\"inLanguage\":\"it-IT\"}]}<\/script>\n<!-- \/ Yoast SEO Premium plugin. -->","yoast_head_json":{"title":"Scommessa gratuita - Ottieni scommesse e offerte giornaliere gratuite da bookmaker del Regno Unito.","description":"Scopri la nostra vasta gamma di scommesse gratuite tra i pi\u00f9 grandi bookmaker del tuo Regno Unito e dichiara le migliori e migliori offerte dei nostri compagni","robots":{"index":"index","follow":"follow","max-snippet":"max-snippet:-1","max-image-preview":"max-image-preview:large","max-video-preview":"max-video-preview:-1"},"canonical":"https:\/\/www.freebetsinfo.co.uk\/it\/scommesse-gratis-bonus\/","og_locale":"it_IT","og_type":"article","og_title":"Scommesse gratis bonus","og_description":"Scopri la nostra vasta gamma di scommesse gratuite tra i pi\u00f9 grandi bookmaker del tuo Regno Unito e dichiara le migliori e migliori offerte dei nostri compagni","og_url":"https:\/\/www.freebetsinfo.co.uk\/it\/scommesse-gratis-bonus\/","og_site_name":"Scommesse sportive gratuite, scommesse bookmaker online","article_modified_time":"2021-08-13T19:00:49+00:00","twitter_card":"summary_large_image","twitter_misc":{"Tempo di lettura stimato":"2 minuti"},"schema":{"@context":"https:\/\/schema.org","@graph":[{"@type":"WebPage","@id":"https:\/\/www.freebetsinfo.co.uk\/it\/scommesse-gratis-bonus\/","url":"https:\/\/www.freebetsinfo.co.uk\/it\/scommesse-gratis-bonus\/","name":"Scommessa gratuita - Ottieni scommesse e offerte giornaliere gratuite da bookmaker del Regno Unito.","isPartOf":{"@id":"https:\/\/www.freebetsinfo.co.uk\/it\/#website"},"datePublished":"2017-11-18T09:21:45+00:00","dateModified":"2021-08-13T19:00:49+00:00","description":"Scopri la nostra vasta gamma di scommesse gratuite tra i pi\u00f9 grandi bookmaker del tuo Regno Unito e dichiara le migliori e migliori offerte dei nostri compagni","breadcrumb":{"@id":"https:\/\/www.freebetsinfo.co.uk\/it\/scommesse-gratis-bonus\/#breadcrumb"},"inLanguage":"it-IT","potentialAction":[{"@type":"ReadAction","target":["https:\/\/www.freebetsinfo.co.uk\/it\/scommesse-gratis-bonus\/"]}]},{"@type":"BreadcrumbList","@id":"https:\/\/www.freebetsinfo.co.uk\/it\/scommesse-gratis-bonus\/#breadcrumb","itemListElement":[{"@type":"ListItem","position":1,"name":"Home","item":"https:\/\/www.freebetsinfo.co.uk\/it\/"},{"@type":"ListItem","position":2,"name":"Scommesse gratis bonus"}]},{"@type":"WebSite","@id":"https:\/\/www.freebetsinfo.co.uk\/it\/#website","url":"https:\/\/www.freebetsinfo.co.uk\/it\/","name":"Scommesse sportive gratuite, scommesse bookmaker online","description":"I migliori codici bonus per scommesse online e casin\u00f2 senza deposito! \u2705Le migliori recensioni dei siti di scommesse online, \u2705i migliori bonus dei casin\u00f2 online!","potentialAction":[{"@type":"SearchAction","target":{"@type":"EntryPoint","urlTemplate":"https:\/\/www.freebetsinfo.co.uk\/it\/?s={search_term_string}"},"query-input":{"@type":"PropertyValueSpecification","valueRequired":true,"valueName":"search_term_string"}}],"inLanguage":"it-IT"}]}},"uagb_featured_image_src":{"full":false,"thumbnail":false,"medium":false,"medium_large":false,"large":false,"1536x1536":false,"2048x2048":false,"small":false,"custom-size":false},"uagb_author_info":{"display_name":"\u7ba1\u7406","author_link":"https:\/\/www.freebetsinfo.co.uk\/it\/author\/kdfl4q\/"},"uagb_comment_info":0,"uagb_excerpt":"Allibratore sportivo sono sempre alla ricerca di nuovi affari e ti offrir\u00e0 una variet\u00e0 di scommesse abbinate e altro Scommessa gratuita . E &#8216;meno ombroso perch\u00e9 sembra, certo, sono dopo i vostri soldi, tuttavia ti d\u00e0 molti pi\u00f9 soldi per vincere con! Questo articolo subir\u00e0 diversi dei tipi pi\u00f9 frequenti di &#8220;scommessa gratuita&#8221; forniti dai...&hellip;","_links":{"self":[{"href":"https:\/\/www.freebetsinfo.co.uk\/it\/wp-json\/wp\/v2\/pages\/2658","targetHints":{"allow":["GET"]}}],"collection":[{"href":"https:\/\/www.freebetsinfo.co.uk\/it\/wp-json\/wp\/v2\/pages"}],"about":[{"href":"https:\/\/www.freebetsinfo.co.uk\/it\/wp-json\/wp\/v2\/types\/page"}],"author":[{"embeddable":true,"href":"https:\/\/www.freebetsinfo.co.uk\/it\/wp-json\/wp\/v2\/users\/1"}],"replies":[{"embeddable":true,"href":"https:\/\/www.freebetsinfo.co.uk\/it\/wp-json\/wp\/v2\/comments?post=2658"}],"version-history":[{"count":0,"href":"https:\/\/www.freebetsinfo.co.uk\/it\/wp-json\/wp\/v2\/pages\/2658\/revisions"}],"wp:attachment":[{"href":"https:\/\/www.freebetsinfo.co.uk\/it\/wp-json\/wp\/v2\/media?parent=2658"}],"curies":[{"name":"wp","href":"https:\/\/api.w.org\/{rel}","templated":true}]}}