{"id":2659,"date":"2017-11-18T09:24:02","date_gmt":"2017-11-18T09:24:02","guid":{"rendered":"https:\/\/www.freebetsinfo.co.uk\/scommesse-sulla-boxe\/"},"modified":"2021-07-01T10:20:01","modified_gmt":"2021-07-01T10:20:01","slug":"boxe-scommesse","status":"publish","type":"page","link":"https:\/\/www.freebetsinfo.co.uk\/it\/boxe-scommesse\/","title":{"rendered":"Scommesse di boxe"},"content":{"rendered":"<h2><span style=\"color: #999999;\"><a style=\"color: #999999;\" href=\"https:\/\/www.freebetsinfo.co.uk\/it\/boxe-scommesse\/\">Scommesse sulla boxe<\/a> Ottieni un vantaggio con i bonus di benvenuto<\/span><\/h2>\n<p><span style=\"color: #999999;\"><a style=\"color: #999999;\" href=\"https:\/\/www.freebetsinfo.co.uk\/it\/boxe-scommesse\/\">best boxing I<\/a> <a style=\"color: #999999;\" href=\"https:\/\/www.freebetsinfo.co.uk\/it\/\">bookmaker esperti<\/a> che comprendono la necessit\u00e0 di partecipanti fedeli penseranno a fantastici bonus aggiuntivi deliziosi per aiutarli a mettere in movimento il loro amore per la boxe e le scommesse. <\/span><\/p>\n<p><span style=\"color: #999999;\">Con Corallo, puoi fare l&#8217;opzione di 5 dollari e ottenere 20 dollari in scommesse totalmente gratuite. Ci\u00f2 significa che devi anticipare almeno 5 dollari per essere attribuito a scommesse totalmente gratuite come 4&#215;5 dollari. Le puntate free Wage sono di solito legittime per alcuni giorni, in casi come questo &#8211; solo per 4 volte, e inoltre non possono essere restituiti se cambi i tuoi pensieri. In sostanza, con Total free Bets, devi perdere la prima scommessa per riavere indietro i tuoi soldi.<\/span><\/p>\n<h3><span style=\"color: #999999;\">Consumatore attuale? Ottieni on-heading fornisce attraverso il tuo allibratore di scelta<\/span><\/h3>\n<p><span style=\"color: #999999;\">La cosa grandiosa dei siti di scommesse di <a style=\"color: #999999;\" href=\"https:\/\/www.freebetsinfo.co.uk\/it\/boxe-scommesse\/\">pugilato<\/a> \u00e8 il fatto che ottenere problemi gratuiti non smette di seguire l&#8217;accettazione delle offerte bonus di benvenuto. I grandi <a style=\"color: #999999;\" href=\"https:\/\/www.freebetsinfo.co.uk\/it\/\">bookmaker<\/a> premiano la fedelt\u00e0 dei membri con offerte speciali tipiche, alcune tradizionali e altre con offerte significativamente meno standard. <\/span><\/p>\n<h3><span style=\"color: #999999;\">a fa un fantastico sito di scommesse sulla boxe?<\/span><\/h3>\n<p><span style=\"color: #999999;\">Ben noti siti di gioco d&#8217;azzardo di boxe sono insieme con l&#8217;industria per un motivo. <\/span><span style=\"color: #999999;\">Dopo aver esaminato questi siti di scommesse sulla boxe, potrebbe essere un po &#8216;scoraggiante selezionare operatori meno conosciuti. <\/span><\/p>\n<h3><span style=\"color: #999999;\">Conosci le scommesse di pugilato pi\u00f9 utilizzate?<\/span><\/h3>\n<p><span style=\"color: #999999;\">Di solito, <a style=\"color: #999999;\" href=\"https:\/\/www.freebetsinfo.co.uk\/it\/\">i bookmaker<\/a> decidono di offrirti solo alcune variet\u00e0 di scommesse di boxe &#8211; il meno frequente \u00e8 la scommessa battaglia-to-go-the-distance, dove si scommette sul fatto che il combattimento dura 12 turni o non si arriva alla campana finale in alcun modo.<\/span><\/p>\n<h3><span style=\"color: #999999;\">Come ottenere i migliori bookmaker:<\/span><\/h3>\n<p><span style=\"color: #999999;\">\u00c8 molto facile da fare. Con i migliori siti web di scommessa disponibili, avrai i pi\u00f9 grandi bookmaker prontamente disponibili. Che tu stia cercando o meno i migliori tipi di esperti, i maestri di tutti, o che tu debba esplorare nuovi territori e scoprire cosa hanno da offrire i nuovi arrivati, siamo qui per guidare proprio come.<\/span><\/p>\n<h3><span style=\"color: #999999;\">Consigli di boxe: Si dovrebbe opzione per gli sfavoriti?<\/span><\/h3>\n<p><span style=\"color: #999999;\">Il costo del gioco d&#8217;azzardo tra questi due \u00e8 relativamente alto. Tuttavia, ridurre l&#8217;opzione in base ai prezzi non \u00e8 una buona idea. Prima di tutto, si dovrebbe essere certi abbastanza che questo sfavorito \u00e8 in grado di fare successo. Nelle scommesse sulla boxe, il valore del pugile \u00e8 molto pi\u00f9 importante della necessit\u00e0 della tua opzione. Con gli sfavoriti, devi fare i compiti ed elencare in anticipo i vantaggi e gli svantaggi della scommessa.<\/span><\/p>\n<h3><span style=\"color: #999999;\">Mantieni al sicuro il tuo denaro &#8211; trova bookmaker affidabili<\/span><\/h3>\n<p><span style=\"color: #999999;\">Con tutte le fregature e le offerte non etiche che sono in agguato intorno su internet, facendo in modo che non ti trovi derubato \u00e8 tra i primi punti che ogni scommettitore dovrebbe tenere a mente. Ma stai tranquillo, sulle <a style=\"color: #999999;\" href=\"https:\/\/www.freebetsinfo.co.uk\/it\/\">informazioni sulle scommesse gratuite<\/a>, scoprirai solo siti di scommesse di boxe accreditati legit e UK Wagering Comission.<\/span><\/p>\n<h3><span style=\"color: #999999;\">Ottenere le consegne pi\u00f9 recenti di gioco d&#8217;azzardo di boxe<\/span><\/h3>\n<p><span style=\"color: #999999;\"><a style=\"color: #999999;\" href=\"https:\/\/www.freebetsinfo.co.uk\/it\/scommessa-gratuita\/\">I bookmaker<\/a> saranno sempre desiderosi di attirare nuovi giocatori, e il lavoro fino a e tra cui enorme battaglia \u00e8 un momento in cui i bookmaker inondano il mercato con grandi nuove consegne, per i partecipanti nuovi e attuali. Tieniti sempre aggiornato su tutte le nuove campagne all&#8217;interno della nostra area dedicata &#8211; proprio qui troverai promozioni dagli allibratori del Regno Unito, a partire dai grandi nomi ad alcuni di cui potresti non aver mai sentito parlare.<\/span><\/p>\n<p><span style=\"color: #999999;\">Stai cercando di espandere le tue scommesse sugli sport associati? Abbiamo anche impegnato le scommesse sul gioco d&#8217;azzardo e l&#8217;UFC sulle MMA per soddisfare le tue esigenze.<\/span><\/p>\n","protected":false},"excerpt":{"rendered":"Scommesse sulla boxe Ottieni un vantaggio con i bonus di benvenuto best boxing I bookmaker esperti che comprendono la necessit\u00e0 di partecipanti fedeli penseranno a fantastici bonus aggiuntivi deliziosi per aiutarli a mettere in movimento il loro amore per la boxe e le scommesse. Con Corallo, puoi fare l&#8217;opzione di 5 dollari e ottenere 20&#8230; <a class=\"view-article\" href=\"https:\/\/www.freebetsinfo.co.uk\/it\/boxe-scommesse\/\">Mostra articolo<\/a>","protected":false},"author":1,"featured_media":0,"parent":0,"menu_order":0,"comment_status":"closed","ping_status":"closed","template":"asia-sports-page-template.php","meta":{"_uag_custom_page_level_css":"","footnotes":""},"class_list":["post-2659","page","type-page","status-publish","hentry"],"yoast_head":"<!-- This site is optimized with the Yoast SEO Premium plugin v19.5 (Yoast SEO v27.5) - https:\/\/yoast.com\/product\/yoast-seo-premium-wordpress\/ -->\n<title>Scommesse di boxe,Vedi i migliori bookmaker del Regno Unito, Bonus di benvenuto.<\/title>\n<meta name=\"description\" content=\"Scommesse di boxe, Offerte speciali per i nuovi giocatori, Ottenere un vantaggio con bonus di benvenuto, nuovo cliente Iscriviti Codice Bonus\" \/>\n<meta name=\"robots\" content=\"index, follow, max-snippet:-1, max-image-preview:large, max-video-preview:-1\" \/>\n<link rel=\"canonical\" href=\"https:\/\/www.freebetsinfo.co.uk\/it\/boxe-scommesse\/\" \/>\n<meta property=\"og:locale\" content=\"it_IT\" \/>\n<meta property=\"og:type\" content=\"article\" \/>\n<meta property=\"og:title\" content=\"Scommesse di boxe\" \/>\n<meta property=\"og:description\" content=\"Scommesse di boxe, Offerte speciali per i nuovi giocatori, Ottenere un vantaggio con bonus di benvenuto, nuovo cliente Iscriviti Codice Bonus\" \/>\n<meta property=\"og:url\" content=\"https:\/\/www.freebetsinfo.co.uk\/it\/boxe-scommesse\/\" \/>\n<meta property=\"og:site_name\" content=\"Scommesse sportive gratuite, scommesse bookmaker online\" \/>\n<meta property=\"article:modified_time\" content=\"2021-07-01T10:20:01+00:00\" \/>\n<meta name=\"twitter:card\" content=\"summary_large_image\" \/>\n<meta name=\"twitter:label1\" content=\"Tempo di lettura stimato\" \/>\n\t<meta name=\"twitter:data1\" content=\"3 minuti\" \/>\n<script type=\"application\/ld+json\" class=\"yoast-schema-graph\">{\"@context\":\"https:\\\/\\\/schema.org\",\"@graph\":[{\"@type\":\"WebPage\",\"@id\":\"https:\\\/\\\/www.freebetsinfo.co.uk\\\/it\\\/boxe-scommesse\\\/\",\"url\":\"https:\\\/\\\/www.freebetsinfo.co.uk\\\/it\\\/boxe-scommesse\\\/\",\"name\":\"Scommesse di boxe,Vedi i migliori bookmaker del Regno Unito, Bonus di benvenuto.\",\"isPartOf\":{\"@id\":\"https:\\\/\\\/www.freebetsinfo.co.uk\\\/it\\\/#website\"},\"datePublished\":\"2017-11-18T09:24:02+00:00\",\"dateModified\":\"2021-07-01T10:20:01+00:00\",\"description\":\"Scommesse di boxe, Offerte speciali per i nuovi giocatori, Ottenere un vantaggio con bonus di benvenuto, nuovo cliente Iscriviti Codice Bonus\",\"breadcrumb\":{\"@id\":\"https:\\\/\\\/www.freebetsinfo.co.uk\\\/it\\\/boxe-scommesse\\\/#breadcrumb\"},\"inLanguage\":\"it-IT\",\"potentialAction\":[{\"@type\":\"ReadAction\",\"target\":[\"https:\\\/\\\/www.freebetsinfo.co.uk\\\/it\\\/boxe-scommesse\\\/\"]}]},{\"@type\":\"BreadcrumbList\",\"@id\":\"https:\\\/\\\/www.freebetsinfo.co.uk\\\/it\\\/boxe-scommesse\\\/#breadcrumb\",\"itemListElement\":[{\"@type\":\"ListItem\",\"position\":1,\"name\":\"Home\",\"item\":\"https:\\\/\\\/www.freebetsinfo.co.uk\\\/it\\\/\"},{\"@type\":\"ListItem\",\"position\":2,\"name\":\"Scommesse di boxe\"}]},{\"@type\":\"WebSite\",\"@id\":\"https:\\\/\\\/www.freebetsinfo.co.uk\\\/it\\\/#website\",\"url\":\"https:\\\/\\\/www.freebetsinfo.co.uk\\\/it\\\/\",\"name\":\"Scommesse sportive gratuite, scommesse bookmaker online\",\"description\":\"I migliori codici bonus per scommesse online e casin\u00f2 senza deposito! \u2705Le migliori recensioni dei siti di scommesse online, \u2705i migliori bonus dei casin\u00f2 online!\",\"potentialAction\":[{\"@type\":\"SearchAction\",\"target\":{\"@type\":\"EntryPoint\",\"urlTemplate\":\"https:\\\/\\\/www.freebetsinfo.co.uk\\\/it\\\/?s={search_term_string}\"},\"query-input\":{\"@type\":\"PropertyValueSpecification\",\"valueRequired\":true,\"valueName\":\"search_term_string\"}}],\"inLanguage\":\"it-IT\"}]}<\/script>\n<!-- \/ Yoast SEO Premium plugin. -->","yoast_head_json":{"title":"Scommesse di boxe,Vedi i migliori bookmaker del Regno Unito, Bonus di benvenuto.","description":"Scommesse di boxe, Offerte speciali per i nuovi giocatori, Ottenere un vantaggio con bonus di benvenuto, nuovo cliente Iscriviti Codice Bonus","robots":{"index":"index","follow":"follow","max-snippet":"max-snippet:-1","max-image-preview":"max-image-preview:large","max-video-preview":"max-video-preview:-1"},"canonical":"https:\/\/www.freebetsinfo.co.uk\/it\/boxe-scommesse\/","og_locale":"it_IT","og_type":"article","og_title":"Scommesse di boxe","og_description":"Scommesse di boxe, Offerte speciali per i nuovi giocatori, Ottenere un vantaggio con bonus di benvenuto, nuovo cliente Iscriviti Codice Bonus","og_url":"https:\/\/www.freebetsinfo.co.uk\/it\/boxe-scommesse\/","og_site_name":"Scommesse sportive gratuite, scommesse bookmaker online","article_modified_time":"2021-07-01T10:20:01+00:00","twitter_card":"summary_large_image","twitter_misc":{"Tempo di lettura stimato":"3 minuti"},"schema":{"@context":"https:\/\/schema.org","@graph":[{"@type":"WebPage","@id":"https:\/\/www.freebetsinfo.co.uk\/it\/boxe-scommesse\/","url":"https:\/\/www.freebetsinfo.co.uk\/it\/boxe-scommesse\/","name":"Scommesse di boxe,Vedi i migliori bookmaker del Regno Unito, Bonus di benvenuto.","isPartOf":{"@id":"https:\/\/www.freebetsinfo.co.uk\/it\/#website"},"datePublished":"2017-11-18T09:24:02+00:00","dateModified":"2021-07-01T10:20:01+00:00","description":"Scommesse di boxe, Offerte speciali per i nuovi giocatori, Ottenere un vantaggio con bonus di benvenuto, nuovo cliente Iscriviti Codice Bonus","breadcrumb":{"@id":"https:\/\/www.freebetsinfo.co.uk\/it\/boxe-scommesse\/#breadcrumb"},"inLanguage":"it-IT","potentialAction":[{"@type":"ReadAction","target":["https:\/\/www.freebetsinfo.co.uk\/it\/boxe-scommesse\/"]}]},{"@type":"BreadcrumbList","@id":"https:\/\/www.freebetsinfo.co.uk\/it\/boxe-scommesse\/#breadcrumb","itemListElement":[{"@type":"ListItem","position":1,"name":"Home","item":"https:\/\/www.freebetsinfo.co.uk\/it\/"},{"@type":"ListItem","position":2,"name":"Scommesse di boxe"}]},{"@type":"WebSite","@id":"https:\/\/www.freebetsinfo.co.uk\/it\/#website","url":"https:\/\/www.freebetsinfo.co.uk\/it\/","name":"Scommesse sportive gratuite, scommesse bookmaker online","description":"I migliori codici bonus per scommesse online e casin\u00f2 senza deposito! \u2705Le migliori recensioni dei siti di scommesse online, \u2705i migliori bonus dei casin\u00f2 online!","potentialAction":[{"@type":"SearchAction","target":{"@type":"EntryPoint","urlTemplate":"https:\/\/www.freebetsinfo.co.uk\/it\/?s={search_term_string}"},"query-input":{"@type":"PropertyValueSpecification","valueRequired":true,"valueName":"search_term_string"}}],"inLanguage":"it-IT"}]}},"uagb_featured_image_src":{"full":false,"thumbnail":false,"medium":false,"medium_large":false,"large":false,"1536x1536":false,"2048x2048":false,"small":false,"custom-size":false},"uagb_author_info":{"display_name":"\u7ba1\u7406","author_link":"https:\/\/www.freebetsinfo.co.uk\/it\/author\/kdfl4q\/"},"uagb_comment_info":0,"uagb_excerpt":"Scommesse sulla boxe Ottieni un vantaggio con i bonus di benvenuto best boxing I bookmaker esperti che comprendono la necessit\u00e0 di partecipanti fedeli penseranno a fantastici bonus aggiuntivi deliziosi per aiutarli a mettere in movimento il loro amore per la boxe e le scommesse. Con Corallo, puoi fare l&#8217;opzione di 5 dollari e ottenere 20...&hellip;","_links":{"self":[{"href":"https:\/\/www.freebetsinfo.co.uk\/it\/wp-json\/wp\/v2\/pages\/2659","targetHints":{"allow":["GET"]}}],"collection":[{"href":"https:\/\/www.freebetsinfo.co.uk\/it\/wp-json\/wp\/v2\/pages"}],"about":[{"href":"https:\/\/www.freebetsinfo.co.uk\/it\/wp-json\/wp\/v2\/types\/page"}],"author":[{"embeddable":true,"href":"https:\/\/www.freebetsinfo.co.uk\/it\/wp-json\/wp\/v2\/users\/1"}],"replies":[{"embeddable":true,"href":"https:\/\/www.freebetsinfo.co.uk\/it\/wp-json\/wp\/v2\/comments?post=2659"}],"version-history":[{"count":0,"href":"https:\/\/www.freebetsinfo.co.uk\/it\/wp-json\/wp\/v2\/pages\/2659\/revisions"}],"wp:attachment":[{"href":"https:\/\/www.freebetsinfo.co.uk\/it\/wp-json\/wp\/v2\/media?parent=2659"}],"curies":[{"name":"wp","href":"https:\/\/api.w.org\/{rel}","templated":true}]}}