{"id":2660,"date":"2017-11-18T09:42:42","date_gmt":"2017-11-18T09:42:42","guid":{"rendered":"https:\/\/www.freebetsinfo.co.uk\/scommesse-sul-golf\/"},"modified":"2021-07-01T14:54:51","modified_gmt":"2021-07-01T14:54:51","slug":"scommesse-sul-golf","status":"publish","type":"page","link":"https:\/\/www.freebetsinfo.co.uk\/it\/scommesse-sul-golf\/","title":{"rendered":"Scommesse sul golf"},"content":{"rendered":"<h3><span style=\"color: #808080;\">Perch\u00e9 giocare a <a style=\"color: #808080;\" href=\"https:\/\/www.freebetsinfo.co.uk\/it\/scommesse-sul-golf\/\">Golf Betting<\/a> \u00e8 probabilmente l&#8217;attivit\u00e0 sportiva pi\u00f9 utilizzata per<\/span><\/h3>\n<p><span style=\"color: #808080;\"><a style=\"color: #808080;\" href=\"https:\/\/www.freebetsinfo.co.uk\/it\/scommesse-sul-golf\/\">Scommesse sul golf<\/a> Le prove composte iniziali del golf sopravvivono dal 1457 quando Giacomo II tent\u00f2 di proibire lo sport perch\u00e9 sentiva che interferiva con la pratica del tiro con l&#8217;arco. Pi\u00f9 di cinquecentocinquant&#8217;anni dopo il golf si \u00e8 trasformato in un passatempo a livello comunitario. <\/span><\/p>\n<p><span style=\"color: #808080;\">Scommesse sul golf non vede l&#8217;ora di ottenere la tua personalizzazione<\/span><\/p>\n<p><span style=\"color: #808080;\">Se sei un appassionato di scommesse sul golf, ci sar\u00e0 sempre un bookmaker. Pronto a fornirti transazioni di scommesse decenti. Controlla le attivit\u00e0 che esistono e presto otterrai punteggio. Sul tuo miglior gioco d&#8217;azzardo sul golf<\/span><\/p>\n<p>&nbsp;<\/p>\n<h3><span style=\"color: #808080;\"><a style=\"color: #808080;\" href=\"https:\/\/www.freebetsinfo.co.uk\/it\/scommesse-sul-golf\/\">Scommesse sul golf<\/a> Altri tornei di golf giocando<\/span><\/h3>\n<p><span style=\"color: #808080;\">Ogni anno i giocatori combattono per mantenere il loro posto sui viaggi PGA ed ET. Ogni anno solo i migliori 125 classificati intorno al viaggio PGA, e i primi 110 giocatori dell&#8217;escursione ET sono certi di una posizione sull&#8217;escursione dell&#8217;anno successivo.<\/span><\/p>\n<p>&nbsp;<\/p>\n<h3><span style=\"color: #808080;\">Tornei di golf Matchplay<\/span><\/h3>\n<p><span style=\"color: #808080;\">Quasi tutti i <a style=\"color: #808080;\" href=\"https:\/\/www.freebetsinfo.co.uk\/it\/scommessa-gratuita\/\">tornei<\/a> di golf sono eventi cerebrovascolari godere di eventi. Stroke perform \u00e8 dove il campione \u00e8 sicuramente il giocatore che termina il corso all&#8217;interno della minor quantit\u00e0 di immagini, di solito combinati dal momento che molti tornei di golf si verificano in numerosi giorni e notti.<\/span><\/p>\n<h3><span style=\"color: #808080;\">Esattamente quali sono i vari tipi di scommesse sul golf?<\/span><\/h3>\n<p><span style=\"color: #808080;\">La maggior parte dei fondi per le <a style=\"color: #808080;\" href=\"https:\/\/www.freebetsinfo.co.uk\/it\/\">scommesse<\/a> sul golf sono messi su vincitori di tornei, ma non \u00e8 sempre questo il modo di andare se sei appassionato di scommesse sul golf. Pre-torneo preferito Dustin Time (7\/1 8.00) completato collegato per il venti-successivo posto.<\/span><\/p>\n<h3><span style=\"color: #808080;\">I migliori siti di gioco di golf del Regno Unito:<\/span><\/h3>\n<p><span style=\"color: #808080;\">Questo libro sportivo offre spesso anche una polizza di assicurazione acca su accumulatori a due e tre palline da tennis che hanno almeno quattro opzioni. I nuovi arrivati a BetBright inoltre hanno un&#8217;offerta per stufare i loro appetiti. Otterrai 100 dollari in scommesse totalmente <a style=\"color: #808080;\" href=\"https:\/\/www.freebetsinfo.co.uk\/it\/scommessa-gratuita\/\">gratuite.<\/a><\/span><\/p>\n<p><span style=\"color: #808080;\"><strong>10Bet<\/strong><\/span><\/p>\n<p><span style=\"color: #808080;\">10Betis inoltre una scommessa decente quando si tratta di scommesse in-perform.<\/span><\/p>\n<p><span style=\"color: #808080;\">Il servizio professionale \u00e8 assolutamente impressionante. Cos\u00ec puoi tenerti aggiornato con tutti i migliori sport di golf sul loro sito web. Non c&#8217;\u00e8 bisogno di viaggiare altrove.<\/span><\/p>\n<p><span style=\"color: #808080;\">Se sei un principiante, potresti aspettarti di ottenere un rendimento in eccesso del 100% sul tuo primo acconto, fino a \u00a3 200.<\/span><\/p>\n<p><span style=\"color: #808080;\">In realt\u00e0 \u00e8 un buon affare che pu\u00f2 aiutarti a ottenere il massimo dalla tua scommessa sul golf<\/span><\/p>\n<p><span style=\"color: #808080;\">Era anche un &#8220;accordo anticipato&#8221; perfettamente &#8211; nessun avvertimento come le esigenze di scommessa.<\/span><\/p>\n<h3><span style=\"color: #808080;\">Grosvenor Attivit\u00e0 sportive<\/span><\/h3>\n<p><span style=\"color: #808080;\">Anche se il casin\u00f2 internet terrestre di Grospvenor \u00e8 stato intorno per secoli, la sua su internet attivit\u00e0 sportive fornendo \u00e8 l&#8217;ultimo titolo negli <a style=\"color: #808080;\" href=\"https:\/\/www.freebetsinfo.co.uk\/it\/\">allibratori<\/a>attivit\u00e0 sportive .<\/span><\/p>\n<p><span style=\"color: #808080;\"> Tutto ci\u00f2 che \u00e8 necessario per indurlo \u00e8 un deposito di 5 dollari.<\/span><\/p>\n<h3><span style=\"color: #808080;\">Ricevi le ultime offerte di scommessa sul golf<\/span><\/h3>\n<p><span style=\"color: #808080;\">Le informazioni sulle scommesse gratuite che le scommesse offrono una pagina web ti guideranno attraverso tutte le promozioni pi\u00f9 recenti dei ben noti <a style=\"color: #808080;\" href=\"https:\/\/www.freebetsinfo.co.uk\/it\/\">bookies<\/a> del Regno Unito (e tra i migliori nuovi arrivati). Indipendentemente dal fatto che si tratti di golf, o attivit\u00e0 in generale, <a style=\"color: #808080;\" href=\"https:\/\/www.freebetsinfo.co.uk\/it\/\">informazioni scommesse gratuite<\/a> fornisce le migliori informazioni per gli scommettitori del Regno Unito.<\/span><\/p>\n","protected":false},"excerpt":{"rendered":"Perch\u00e9 giocare a Golf Betting \u00e8 probabilmente l&#8217;attivit\u00e0 sportiva pi\u00f9 utilizzata per Scommesse sul golf Le prove composte iniziali del golf sopravvivono dal 1457 quando Giacomo II tent\u00f2 di proibire lo sport perch\u00e9 sentiva che interferiva con la pratica del tiro con l&#8217;arco. Pi\u00f9 di cinquecentocinquant&#8217;anni dopo il golf si \u00e8 trasformato in un passatempo&#8230; <a class=\"view-article\" href=\"https:\/\/www.freebetsinfo.co.uk\/it\/scommesse-sul-golf\/\">Mostra articolo<\/a>","protected":false},"author":1,"featured_media":0,"parent":0,"menu_order":0,"comment_status":"closed","ping_status":"closed","template":"asia-sports-page-template.php","meta":{"_uag_custom_page_level_css":"","footnotes":""},"class_list":["post-2660","page","type-page","status-publish","hentry"],"yoast_head":"<!-- This site is optimized with the Yoast SEO Premium plugin v19.5 (Yoast SEO v27.5) - https:\/\/yoast.com\/product\/yoast-seo-premium-wordpress\/ -->\n<title>Scommesse sul golf, Ottenere le ultime offerte di scommessa golf giocare<\/title>\n<meta name=\"description\" content=\"Scommesse sul golf First Time Deposit Promotion, il miglior sito di scommesse sul golf e i punti chiave di cui essere consapevoli quando si inizia una scommessa.\" \/>\n<meta name=\"robots\" content=\"index, follow, max-snippet:-1, max-image-preview:large, max-video-preview:-1\" \/>\n<link rel=\"canonical\" href=\"https:\/\/www.freebetsinfo.co.uk\/it\/scommesse-sul-golf\/\" \/>\n<meta property=\"og:locale\" content=\"it_IT\" \/>\n<meta property=\"og:type\" content=\"article\" \/>\n<meta property=\"og:title\" content=\"Scommesse sul golf\" \/>\n<meta property=\"og:description\" content=\"Scommesse sul golf First Time Deposit Promotion, il miglior sito di scommesse sul golf e i punti chiave di cui essere consapevoli quando si inizia una scommessa.\" \/>\n<meta property=\"og:url\" content=\"https:\/\/www.freebetsinfo.co.uk\/it\/scommesse-sul-golf\/\" \/>\n<meta property=\"og:site_name\" content=\"Scommesse sportive gratuite, scommesse bookmaker online\" \/>\n<meta property=\"article:modified_time\" content=\"2021-07-01T14:54:51+00:00\" \/>\n<meta name=\"twitter:card\" content=\"summary_large_image\" \/>\n<meta name=\"twitter:label1\" content=\"Tempo di lettura stimato\" \/>\n\t<meta name=\"twitter:data1\" content=\"2 minuti\" \/>\n<script type=\"application\/ld+json\" class=\"yoast-schema-graph\">{\"@context\":\"https:\\\/\\\/schema.org\",\"@graph\":[{\"@type\":\"WebPage\",\"@id\":\"https:\\\/\\\/www.freebetsinfo.co.uk\\\/it\\\/scommesse-sul-golf\\\/\",\"url\":\"https:\\\/\\\/www.freebetsinfo.co.uk\\\/it\\\/scommesse-sul-golf\\\/\",\"name\":\"Scommesse sul golf, Ottenere le ultime offerte di scommessa golf giocare\",\"isPartOf\":{\"@id\":\"https:\\\/\\\/www.freebetsinfo.co.uk\\\/it\\\/#website\"},\"datePublished\":\"2017-11-18T09:42:42+00:00\",\"dateModified\":\"2021-07-01T14:54:51+00:00\",\"description\":\"Scommesse sul golf First Time Deposit Promotion, il miglior sito di scommesse sul golf e i punti chiave di cui essere consapevoli quando si inizia una scommessa.\",\"breadcrumb\":{\"@id\":\"https:\\\/\\\/www.freebetsinfo.co.uk\\\/it\\\/scommesse-sul-golf\\\/#breadcrumb\"},\"inLanguage\":\"it-IT\",\"potentialAction\":[{\"@type\":\"ReadAction\",\"target\":[\"https:\\\/\\\/www.freebetsinfo.co.uk\\\/it\\\/scommesse-sul-golf\\\/\"]}]},{\"@type\":\"BreadcrumbList\",\"@id\":\"https:\\\/\\\/www.freebetsinfo.co.uk\\\/it\\\/scommesse-sul-golf\\\/#breadcrumb\",\"itemListElement\":[{\"@type\":\"ListItem\",\"position\":1,\"name\":\"Home\",\"item\":\"https:\\\/\\\/www.freebetsinfo.co.uk\\\/it\\\/\"},{\"@type\":\"ListItem\",\"position\":2,\"name\":\"Scommesse sul golf\"}]},{\"@type\":\"WebSite\",\"@id\":\"https:\\\/\\\/www.freebetsinfo.co.uk\\\/it\\\/#website\",\"url\":\"https:\\\/\\\/www.freebetsinfo.co.uk\\\/it\\\/\",\"name\":\"Scommesse sportive gratuite, scommesse bookmaker online\",\"description\":\"I migliori codici bonus per scommesse online e casin\u00f2 senza deposito! \u2705Le migliori recensioni dei siti di scommesse online, \u2705i migliori bonus dei casin\u00f2 online!\",\"potentialAction\":[{\"@type\":\"SearchAction\",\"target\":{\"@type\":\"EntryPoint\",\"urlTemplate\":\"https:\\\/\\\/www.freebetsinfo.co.uk\\\/it\\\/?s={search_term_string}\"},\"query-input\":{\"@type\":\"PropertyValueSpecification\",\"valueRequired\":true,\"valueName\":\"search_term_string\"}}],\"inLanguage\":\"it-IT\"}]}<\/script>\n<!-- \/ Yoast SEO Premium plugin. -->","yoast_head_json":{"title":"Scommesse sul golf, Ottenere le ultime offerte di scommessa golf giocare","description":"Scommesse sul golf First Time Deposit Promotion, il miglior sito di scommesse sul golf e i punti chiave di cui essere consapevoli quando si inizia una scommessa.","robots":{"index":"index","follow":"follow","max-snippet":"max-snippet:-1","max-image-preview":"max-image-preview:large","max-video-preview":"max-video-preview:-1"},"canonical":"https:\/\/www.freebetsinfo.co.uk\/it\/scommesse-sul-golf\/","og_locale":"it_IT","og_type":"article","og_title":"Scommesse sul golf","og_description":"Scommesse sul golf First Time Deposit Promotion, il miglior sito di scommesse sul golf e i punti chiave di cui essere consapevoli quando si inizia una scommessa.","og_url":"https:\/\/www.freebetsinfo.co.uk\/it\/scommesse-sul-golf\/","og_site_name":"Scommesse sportive gratuite, scommesse bookmaker online","article_modified_time":"2021-07-01T14:54:51+00:00","twitter_card":"summary_large_image","twitter_misc":{"Tempo di lettura stimato":"2 minuti"},"schema":{"@context":"https:\/\/schema.org","@graph":[{"@type":"WebPage","@id":"https:\/\/www.freebetsinfo.co.uk\/it\/scommesse-sul-golf\/","url":"https:\/\/www.freebetsinfo.co.uk\/it\/scommesse-sul-golf\/","name":"Scommesse sul golf, Ottenere le ultime offerte di scommessa golf giocare","isPartOf":{"@id":"https:\/\/www.freebetsinfo.co.uk\/it\/#website"},"datePublished":"2017-11-18T09:42:42+00:00","dateModified":"2021-07-01T14:54:51+00:00","description":"Scommesse sul golf First Time Deposit Promotion, il miglior sito di scommesse sul golf e i punti chiave di cui essere consapevoli quando si inizia una scommessa.","breadcrumb":{"@id":"https:\/\/www.freebetsinfo.co.uk\/it\/scommesse-sul-golf\/#breadcrumb"},"inLanguage":"it-IT","potentialAction":[{"@type":"ReadAction","target":["https:\/\/www.freebetsinfo.co.uk\/it\/scommesse-sul-golf\/"]}]},{"@type":"BreadcrumbList","@id":"https:\/\/www.freebetsinfo.co.uk\/it\/scommesse-sul-golf\/#breadcrumb","itemListElement":[{"@type":"ListItem","position":1,"name":"Home","item":"https:\/\/www.freebetsinfo.co.uk\/it\/"},{"@type":"ListItem","position":2,"name":"Scommesse sul golf"}]},{"@type":"WebSite","@id":"https:\/\/www.freebetsinfo.co.uk\/it\/#website","url":"https:\/\/www.freebetsinfo.co.uk\/it\/","name":"Scommesse sportive gratuite, scommesse bookmaker online","description":"I migliori codici bonus per scommesse online e casin\u00f2 senza deposito! \u2705Le migliori recensioni dei siti di scommesse online, \u2705i migliori bonus dei casin\u00f2 online!","potentialAction":[{"@type":"SearchAction","target":{"@type":"EntryPoint","urlTemplate":"https:\/\/www.freebetsinfo.co.uk\/it\/?s={search_term_string}"},"query-input":{"@type":"PropertyValueSpecification","valueRequired":true,"valueName":"search_term_string"}}],"inLanguage":"it-IT"}]}},"uagb_featured_image_src":{"full":false,"thumbnail":false,"medium":false,"medium_large":false,"large":false,"1536x1536":false,"2048x2048":false,"small":false,"custom-size":false},"uagb_author_info":{"display_name":"\u7ba1\u7406","author_link":"https:\/\/www.freebetsinfo.co.uk\/it\/author\/kdfl4q\/"},"uagb_comment_info":0,"uagb_excerpt":"Perch\u00e9 giocare a Golf Betting \u00e8 probabilmente l&#8217;attivit\u00e0 sportiva pi\u00f9 utilizzata per Scommesse sul golf Le prove composte iniziali del golf sopravvivono dal 1457 quando Giacomo II tent\u00f2 di proibire lo sport perch\u00e9 sentiva che interferiva con la pratica del tiro con l&#8217;arco. Pi\u00f9 di cinquecentocinquant&#8217;anni dopo il golf si \u00e8 trasformato in un passatempo...&hellip;","_links":{"self":[{"href":"https:\/\/www.freebetsinfo.co.uk\/it\/wp-json\/wp\/v2\/pages\/2660","targetHints":{"allow":["GET"]}}],"collection":[{"href":"https:\/\/www.freebetsinfo.co.uk\/it\/wp-json\/wp\/v2\/pages"}],"about":[{"href":"https:\/\/www.freebetsinfo.co.uk\/it\/wp-json\/wp\/v2\/types\/page"}],"author":[{"embeddable":true,"href":"https:\/\/www.freebetsinfo.co.uk\/it\/wp-json\/wp\/v2\/users\/1"}],"replies":[{"embeddable":true,"href":"https:\/\/www.freebetsinfo.co.uk\/it\/wp-json\/wp\/v2\/comments?post=2660"}],"version-history":[{"count":0,"href":"https:\/\/www.freebetsinfo.co.uk\/it\/wp-json\/wp\/v2\/pages\/2660\/revisions"}],"wp:attachment":[{"href":"https:\/\/www.freebetsinfo.co.uk\/it\/wp-json\/wp\/v2\/media?parent=2660"}],"curies":[{"name":"wp","href":"https:\/\/api.w.org\/{rel}","templated":true}]}}