{"id":27066,"date":"2021-06-08T10:00:23","date_gmt":"2021-06-08T10:00:23","guid":{"rendered":"https:\/\/www.freebetsinfo.co.uk\/scommesse-al-casino\/"},"modified":"2021-08-13T14:52:45","modified_gmt":"2021-08-13T14:52:45","slug":"scommesse-casino","status":"publish","type":"page","link":"https:\/\/www.freebetsinfo.co.uk\/it\/scommesse-casino\/","title":{"rendered":"Scommesse al casin\u00f2"},"content":{"rendered":"<h3><span style=\"color: #808080;\">Possibilit\u00e0 di deposito e prelievo<\/span><\/h3>\n<p><span style=\"color: #808080;\">Pu\u00f2 essere il tuo mezzo consigliato per depositare denaro bitcoin o PayPal? Dai un&#8217;occhiata alle scelte offerte dal sito web del casin\u00f2 per assicurarti che la tua strategia preferita sia supportata. Quando stai considerando di mettere delle possibilit\u00e0<\/span><\/p>\n<p><span style=\"color: #808080;\">inoltre assicurati di esaminare le opzioni di prelievo. A volte queste scelte sono pi\u00f9 minime o richiedono un&#8217;attesa di alcune volte per i tuoi 7 giorni o pi\u00f9.<\/span><\/p>\n<h3><span style=\"color: #808080;\">Valutazioni e problemi Ultime offerte di scommesse del casin\u00f2<\/span><\/h3>\n<p><span style=\"color: #808080;\">Proprio come leggere le testimonianze prima di scegliere un ristorante, questa \u00e8 una mossa importante quando si sceglie un sito di casin\u00f2 online. Perlustrare le critiche ti dir\u00e0 molto sul sito web<\/span><\/p>\n<p><span style=\"color: #808080;\">quanto bene o male si prendono cura dei loro giocatori, l&#8217;affidabilit\u00e0 della procedura del sito Internet e molto altro ancora. Ci sono molte valutazioni negative e lamentele? Quindi potresti voler saltare questo sito per verificarne uno diverso.<\/span><\/p>\n<h3><span style=\"color: #808080;\">Ricompense e offerte pubblicitarie<\/span><\/h3>\n<p><span style=\"color: #808080;\">Quando ti viene in mente il primo inserimento, in realt\u00e0 vuoi controllare eventuali bonus aggiuntivi offerti. Potresti scoprire che semplicemente utilizzando un metodo diverso di immissione o depositando una somma maggiore, potresti ottenere un vantaggio aggiuntivo migliore. <\/span><\/p>\n<p><span style=\"color: #808080;\">Devi anche cercare il contrario e accertarti di quale sia il limite del dollaro rispetto a un vantaggio. Inoltre, considera se ci sono premi e offerte speciali fornite subito dopo il deposito preliminare.<\/span><\/p>\n<h3><span style=\"color: #808080;\">Mobile <a href=\"https:\/\/www.freebetbest.com\/betting-sites\/\">Ultime offerte<\/a> di scommesse del casin\u00f2 online<\/span><\/h3>\n<p><span style=\"color: #808080;\">Le scommesse sul cellulare sono ora una delle strategie pi\u00f9 affascinanti su cui rischiare, fornendoti la forza di provare un &#8220;giro&#8221; alla slot machine, o giocare a poker, ovunque tu sia generalmente.<\/span><\/p>\n<p><span style=\"color: #808080;\">La maggior parte dei casin\u00f2 online e anche altri siti di gioco d&#8217;azzardo stanno offrendo una versione mobile dei loro siti Web con i loro atleti, e molti possono anche inventare programmi rivoluzionari e di facile utilizzo. Queste app migliorano ulteriormente l&#8217;esperienza di gioco sullo smartphone.<\/span><\/p>\n<h3><span style=\"color: #808080;\">Ultimo Offerte di scommesse del casin\u00f2 Giochi di slot machine<\/span><\/h3>\n<p><span style=\"color: #808080;\">Richiedi un viaggio sul tappeto magico di Internet in un territorio mistico che include spargimenti, terre selvagge e una miriade di metodi per acquisire. Migliora le tue probabilit\u00e0 di successo prima di impegnarti per soldi veri esaminando le linee guida e il know-how pi\u00f9 recente. Scopri queste linee guida insieme ai pi\u00f9 recenti giochi di porting dove puoi goderti un&#8217;esperienza senza precedenti su OnlineGambling.com.<\/span><\/p>\n<h3><span style=\"color: #808080;\">Casin\u00f2 online<\/span><\/h3>\n<p><span style=\"color: #808080;\">Quando stai cercando un casin\u00f2 online, la selezione complessiva dei giochi non \u00e8 l&#8217;unico fattore che ti preoccupa. Sicurezza, possibilit\u00e0 di deposito, prelievi rapidi, premi, servizio di supporto, velocit\u00e0 del server e pagamenti mantengono un&#8217;area identica a quello che consideriamo essere un sito di casin\u00f2 di prim&#8217;ordine. Scopri i pi\u00f9 grandi operatori attraverso le nostre critiche approfondite nei casin\u00f2 del 2021.<\/span><\/p>\n","protected":false},"excerpt":{"rendered":"Possibilit\u00e0 di deposito e prelievo Pu\u00f2 essere il tuo mezzo consigliato per depositare denaro bitcoin o PayPal? Dai un&#8217;occhiata alle scelte offerte dal sito web del casin\u00f2 per assicurarti che la tua strategia preferita sia supportata. Quando stai considerando di mettere delle possibilit\u00e0 inoltre assicurati di esaminare le opzioni di prelievo. A volte queste scelte&#8230; <a class=\"view-article\" href=\"https:\/\/www.freebetsinfo.co.uk\/it\/scommesse-casino\/\">Mostra articolo<\/a>","protected":false},"author":1,"featured_media":0,"parent":0,"menu_order":0,"comment_status":"closed","ping_status":"closed","template":"Asia-Casino-Page-Template.php","meta":{"_uag_custom_page_level_css":"","footnotes":""},"class_list":["post-27066","page","type-page","status-publish","hentry"],"yoast_head":"<!-- This site is optimized with the Yoast SEO Premium plugin v19.5 (Yoast SEO v27.5) - https:\/\/yoast.com\/product\/yoast-seo-premium-wordpress\/ -->\n<title>Ultime offerte di scommesse del casin\u00f2. Scommesse al casin\u00f2 , Bonus senza deposito<\/title>\n<meta name=\"description\" content=\"Ultime offerte di scommesse del casin\u00f2. Scommesse al casin\u00f2 , Registrazione nuovo cliente Bonus casin\u00f2 gratuito. Bonus casin\u00f2 online senza deposito.\" \/>\n<meta name=\"robots\" content=\"index, follow, max-snippet:-1, max-image-preview:large, max-video-preview:-1\" \/>\n<link rel=\"canonical\" href=\"https:\/\/www.freebetsinfo.co.uk\/it\/scommesse-casino\/\" \/>\n<meta property=\"og:locale\" content=\"it_IT\" \/>\n<meta property=\"og:type\" content=\"article\" \/>\n<meta property=\"og:title\" content=\"Scommesse al casin\u00f2\" \/>\n<meta property=\"og:description\" content=\"Ultime offerte di scommesse del casin\u00f2. Scommesse al casin\u00f2 , Registrazione nuovo cliente Bonus casin\u00f2 gratuito. Bonus casin\u00f2 online senza deposito.\" \/>\n<meta property=\"og:url\" content=\"https:\/\/www.freebetsinfo.co.uk\/it\/scommesse-casino\/\" \/>\n<meta property=\"og:site_name\" content=\"Scommesse sportive gratuite, scommesse bookmaker online\" \/>\n<meta property=\"article:modified_time\" content=\"2021-08-13T14:52:45+00:00\" \/>\n<meta name=\"twitter:card\" content=\"summary_large_image\" \/>\n<meta name=\"twitter:label1\" content=\"Tempo di lettura stimato\" \/>\n\t<meta name=\"twitter:data1\" content=\"2 minuti\" \/>\n<script type=\"application\/ld+json\" class=\"yoast-schema-graph\">{\"@context\":\"https:\\\/\\\/schema.org\",\"@graph\":[{\"@type\":\"WebPage\",\"@id\":\"https:\\\/\\\/www.freebetsinfo.co.uk\\\/it\\\/scommesse-casino\\\/\",\"url\":\"https:\\\/\\\/www.freebetsinfo.co.uk\\\/it\\\/scommesse-casino\\\/\",\"name\":\"Ultime offerte di scommesse del casin\u00f2. Scommesse al casin\u00f2 , Bonus senza deposito\",\"isPartOf\":{\"@id\":\"https:\\\/\\\/www.freebetsinfo.co.uk\\\/it\\\/#website\"},\"datePublished\":\"2021-06-08T10:00:23+00:00\",\"dateModified\":\"2021-08-13T14:52:45+00:00\",\"description\":\"Ultime offerte di scommesse del casin\u00f2. Scommesse al casin\u00f2 , Registrazione nuovo cliente Bonus casin\u00f2 gratuito. Bonus casin\u00f2 online senza deposito.\",\"breadcrumb\":{\"@id\":\"https:\\\/\\\/www.freebetsinfo.co.uk\\\/it\\\/scommesse-casino\\\/#breadcrumb\"},\"inLanguage\":\"it-IT\",\"potentialAction\":[{\"@type\":\"ReadAction\",\"target\":[\"https:\\\/\\\/www.freebetsinfo.co.uk\\\/it\\\/scommesse-casino\\\/\"]}]},{\"@type\":\"BreadcrumbList\",\"@id\":\"https:\\\/\\\/www.freebetsinfo.co.uk\\\/it\\\/scommesse-casino\\\/#breadcrumb\",\"itemListElement\":[{\"@type\":\"ListItem\",\"position\":1,\"name\":\"Home\",\"item\":\"https:\\\/\\\/www.freebetsinfo.co.uk\\\/it\\\/\"},{\"@type\":\"ListItem\",\"position\":2,\"name\":\"Scommesse al casin\u00f2\"}]},{\"@type\":\"WebSite\",\"@id\":\"https:\\\/\\\/www.freebetsinfo.co.uk\\\/it\\\/#website\",\"url\":\"https:\\\/\\\/www.freebetsinfo.co.uk\\\/it\\\/\",\"name\":\"Scommesse sportive gratuite, scommesse bookmaker online\",\"description\":\"I migliori codici bonus per scommesse online e casin\u00f2 senza deposito! \u2705Le migliori recensioni dei siti di scommesse online, \u2705i migliori bonus dei casin\u00f2 online!\",\"potentialAction\":[{\"@type\":\"SearchAction\",\"target\":{\"@type\":\"EntryPoint\",\"urlTemplate\":\"https:\\\/\\\/www.freebetsinfo.co.uk\\\/it\\\/?s={search_term_string}\"},\"query-input\":{\"@type\":\"PropertyValueSpecification\",\"valueRequired\":true,\"valueName\":\"search_term_string\"}}],\"inLanguage\":\"it-IT\"}]}<\/script>\n<!-- \/ Yoast SEO Premium plugin. -->","yoast_head_json":{"title":"Ultime offerte di scommesse del casin\u00f2. Scommesse al casin\u00f2 , Bonus senza deposito","description":"Ultime offerte di scommesse del casin\u00f2. Scommesse al casin\u00f2 , Registrazione nuovo cliente Bonus casin\u00f2 gratuito. Bonus casin\u00f2 online senza deposito.","robots":{"index":"index","follow":"follow","max-snippet":"max-snippet:-1","max-image-preview":"max-image-preview:large","max-video-preview":"max-video-preview:-1"},"canonical":"https:\/\/www.freebetsinfo.co.uk\/it\/scommesse-casino\/","og_locale":"it_IT","og_type":"article","og_title":"Scommesse al casin\u00f2","og_description":"Ultime offerte di scommesse del casin\u00f2. Scommesse al casin\u00f2 , Registrazione nuovo cliente Bonus casin\u00f2 gratuito. Bonus casin\u00f2 online senza deposito.","og_url":"https:\/\/www.freebetsinfo.co.uk\/it\/scommesse-casino\/","og_site_name":"Scommesse sportive gratuite, scommesse bookmaker online","article_modified_time":"2021-08-13T14:52:45+00:00","twitter_card":"summary_large_image","twitter_misc":{"Tempo di lettura stimato":"2 minuti"},"schema":{"@context":"https:\/\/schema.org","@graph":[{"@type":"WebPage","@id":"https:\/\/www.freebetsinfo.co.uk\/it\/scommesse-casino\/","url":"https:\/\/www.freebetsinfo.co.uk\/it\/scommesse-casino\/","name":"Ultime offerte di scommesse del casin\u00f2. Scommesse al casin\u00f2 , Bonus senza deposito","isPartOf":{"@id":"https:\/\/www.freebetsinfo.co.uk\/it\/#website"},"datePublished":"2021-06-08T10:00:23+00:00","dateModified":"2021-08-13T14:52:45+00:00","description":"Ultime offerte di scommesse del casin\u00f2. Scommesse al casin\u00f2 , Registrazione nuovo cliente Bonus casin\u00f2 gratuito. Bonus casin\u00f2 online senza deposito.","breadcrumb":{"@id":"https:\/\/www.freebetsinfo.co.uk\/it\/scommesse-casino\/#breadcrumb"},"inLanguage":"it-IT","potentialAction":[{"@type":"ReadAction","target":["https:\/\/www.freebetsinfo.co.uk\/it\/scommesse-casino\/"]}]},{"@type":"BreadcrumbList","@id":"https:\/\/www.freebetsinfo.co.uk\/it\/scommesse-casino\/#breadcrumb","itemListElement":[{"@type":"ListItem","position":1,"name":"Home","item":"https:\/\/www.freebetsinfo.co.uk\/it\/"},{"@type":"ListItem","position":2,"name":"Scommesse al casin\u00f2"}]},{"@type":"WebSite","@id":"https:\/\/www.freebetsinfo.co.uk\/it\/#website","url":"https:\/\/www.freebetsinfo.co.uk\/it\/","name":"Scommesse sportive gratuite, scommesse bookmaker online","description":"I migliori codici bonus per scommesse online e casin\u00f2 senza deposito! \u2705Le migliori recensioni dei siti di scommesse online, \u2705i migliori bonus dei casin\u00f2 online!","potentialAction":[{"@type":"SearchAction","target":{"@type":"EntryPoint","urlTemplate":"https:\/\/www.freebetsinfo.co.uk\/it\/?s={search_term_string}"},"query-input":{"@type":"PropertyValueSpecification","valueRequired":true,"valueName":"search_term_string"}}],"inLanguage":"it-IT"}]}},"uagb_featured_image_src":{"full":false,"thumbnail":false,"medium":false,"medium_large":false,"large":false,"1536x1536":false,"2048x2048":false,"small":false,"custom-size":false},"uagb_author_info":{"display_name":"\u7ba1\u7406","author_link":"https:\/\/www.freebetsinfo.co.uk\/it\/author\/kdfl4q\/"},"uagb_comment_info":0,"uagb_excerpt":"Possibilit\u00e0 di deposito e prelievo Pu\u00f2 essere il tuo mezzo consigliato per depositare denaro bitcoin o PayPal? Dai un&#8217;occhiata alle scelte offerte dal sito web del casin\u00f2 per assicurarti che la tua strategia preferita sia supportata. Quando stai considerando di mettere delle possibilit\u00e0 inoltre assicurati di esaminare le opzioni di prelievo. A volte queste scelte...&hellip;","_links":{"self":[{"href":"https:\/\/www.freebetsinfo.co.uk\/it\/wp-json\/wp\/v2\/pages\/27066","targetHints":{"allow":["GET"]}}],"collection":[{"href":"https:\/\/www.freebetsinfo.co.uk\/it\/wp-json\/wp\/v2\/pages"}],"about":[{"href":"https:\/\/www.freebetsinfo.co.uk\/it\/wp-json\/wp\/v2\/types\/page"}],"author":[{"embeddable":true,"href":"https:\/\/www.freebetsinfo.co.uk\/it\/wp-json\/wp\/v2\/users\/1"}],"replies":[{"embeddable":true,"href":"https:\/\/www.freebetsinfo.co.uk\/it\/wp-json\/wp\/v2\/comments?post=27066"}],"version-history":[{"count":0,"href":"https:\/\/www.freebetsinfo.co.uk\/it\/wp-json\/wp\/v2\/pages\/27066\/revisions"}],"wp:attachment":[{"href":"https:\/\/www.freebetsinfo.co.uk\/it\/wp-json\/wp\/v2\/media?parent=27066"}],"curies":[{"name":"wp","href":"https:\/\/api.w.org\/{rel}","templated":true}]}}