{"id":27245,"date":"2021-06-08T09:31:52","date_gmt":"2021-06-08T09:31:52","guid":{"rendered":"https:\/\/www.freebetsinfo.co.uk\/scommesse-sulle-slot\/"},"modified":"2021-07-01T10:10:59","modified_gmt":"2021-07-01T10:10:59","slug":"scommesse-alle-slot","status":"publish","type":"page","link":"https:\/\/www.freebetsinfo.co.uk\/it\/scommesse-alle-slot\/","title":{"rendered":"Scommesse sulle slot"},"content":{"rendered":"<h3><span style=\"color: #808080;\">Controlliamo sempre le testimonianze degli utenti finali<\/span><\/h3>\n<p><span style=\"color: #808080;\">Come se stessi acquistando qualcos&#8217;altro online, di solito vuoi pensare alle recensioni dei consumatori. A volte qualcuno potrebbe avere una conoscenza privata negativa di un&#8217;app di slot machine in dollari genuini o di un sito Web di casin\u00f2 e, di conseguenza, lasciare una recensione eccessivamente critica.<\/span><\/p>\n<h3><span style=\"color: #808080;\">Sulle ultime<a href=\"https:\/\/www.freebetsinfo.co.uk\/zh-hans\/%e4%ba%9a%e6%b4%b2%e5%8d%9a%e5%bd%a9%e5%85%ac%e5%8f%b8\/\"> Offerte di scommesse sulle slot<\/a> il rovescio della medaglia, le persone lasceranno testimonianze positive perch\u00e9 vengono pagate per farlo. <\/span><\/h3>\n<p><span style=\"color: #808080;\">Questo \u00e8 il motivo per cui le testimonianze dei casin\u00f2 online sui giochi di slot machine non raccontano la storia completa. \u00c8 difficile, ma tutti noi facciamo del nostro meglio per cercare tra diverse recensioni e capire quali sono effettivamente autentiche in base alla formulazione, al track record dell&#8217;utente finale e alle nostre esperienze personali con l&#8217;utilizzo dei siti Internet dei casin\u00f2.<\/span><\/p>\n<p><span style=\"color: #808080;\">Reddit \u00e8 un ottimo sistema per verificare la presenza di testimonianze in quanto hanno moderatori all&#8217;interno del forum che eliminano frequentemente i post di spam.<\/span><\/p>\n<h3><span style=\"color: #808080;\">Controlliamo i pagamenti<\/span><\/h3>\n<p><span style=\"color: #808080;\">Una cosa importante che sentiamo veramente ci unisce oltre a tutti quegli altri carichi di revisori \u00e8 il nostro screening nelle scelte finanziarie in qualsiasi casin\u00f2 online con slot machine con denaro reale. Decidere su un sito di casin\u00f2 online negli Stati Uniti non \u00e8 un compito da poco, e assicurarsi che il deposito e i prelievi siano sicuri \u00e8 il nostro obiettivo iniziale quando si prende parte a giochi di porting online per soldi.<\/span><\/p>\n<p><span style=\"color: #808080;\">Andiamo in termini di creare un numero di conti indipendenti e proviamo a generare depositi e prelievi. Ci assicuriamo che ciascuno dei nostri utenti possa effettuare depositi senza problemi, giocare ad alcuni videogiochi e ottenere denaro prelevato nello stile appropriato.<\/span><\/p>\n<p><span style=\"color: #808080;\">Una volta che abbiamo sperimentato eventuali intoppi, andiamo direttamente al servizio clienti per scoprire se possiamo risolverlo. Quando abbiamo la soluzione da loro, capiamo che siamo nel mezzo di un&#8217;operazione disonesta.<\/span><\/p>\n<h3><span style=\"color: #808080;\">Usiamo ogni forma di contatto con il denaro genuino degli Stati Uniti<a href=\"https:\/\/www.freebetsinfo.co.uk\/zh-hans\/%e4%ba%9a%e6%b4%b2%e5%8d%9a%e5%bd%a9%e5%85%ac%e5%8f%b8\/\"> Ultime offerte di scommesse sulle slot<\/a> Fornisce<\/span><\/h3>\n<p><span style=\"color: #808080;\">Troverai spesso vari metodi di contatto, come e-mail o persino il tuo numero di cellulare nel casin\u00f2 Internet di tua scelta. A volte, puoi persino trovare il tuo luogo di residenza per chattare. Ci sono molte altre opzioni disponibili, ma non importa quante siano, le controlleremo tutte. Il problema non \u00e8 che abbiamo controllato. Quanti stabilimenti di gioco d&#8217;azzardo slot machine su Internet, verificheremo ogni volta ogni scelta.<\/span><\/p>\n<p><span style=\"color: #808080;\">Stiamo controllando il loro tasso di risposta. E sono nei tempi promessi. Rispondi al nostro tempo. Se il casin\u00f2 online afferma. Possono essere entro ventiquattro ore. In risposta a qualsiasi problema, ci affidiamo a questi per supportare questa routine.<\/span><\/p>\n<p><span style=\"color: #808080;\">Un&#8217;altra cosa che esaminiamo \u00e8 quando ci parlano. Non vorremmo che sapessero che la nostra azienda \u00e8 revisore, quindi ci assicuriamo di apparire come il normale joe che cerca di trovare supporto.<\/span><\/p>\n","protected":false},"excerpt":{"rendered":"Controlliamo sempre le testimonianze degli utenti finali Come se stessi acquistando qualcos&#8217;altro online, di solito vuoi pensare alle recensioni dei consumatori. A volte qualcuno potrebbe avere una conoscenza privata negativa di un&#8217;app di slot machine in dollari genuini o di un sito Web di casin\u00f2 e, di conseguenza, lasciare una recensione eccessivamente critica. Sulle ultime&#8230; <a class=\"view-article\" href=\"https:\/\/www.freebetsinfo.co.uk\/it\/scommesse-alle-slot\/\">Mostra articolo<\/a>","protected":false},"author":1,"featured_media":0,"parent":0,"menu_order":0,"comment_status":"closed","ping_status":"closed","template":"Asia-Casino-Page-Template.php","meta":{"_uag_custom_page_level_css":"","footnotes":""},"class_list":["post-27245","page","type-page","status-publish","hentry"],"yoast_head":"<!-- This site is optimized with the Yoast SEO Premium plugin v19.5 (Yoast SEO v27.5) - https:\/\/yoast.com\/product\/yoast-seo-premium-wordpress\/ -->\n<title>Scommesse sulle slot , Le ultime offerte di scommesse sulle slot dei bookmaker asiatici<\/title>\n<meta name=\"description\" content=\"Scommesse sulle slot ,Le ultime offerte di scommesse sulle slot dei bookmaker asiatici, i migliori bookmaker online dell&#039;Asia con il maggior numero di offerte e i prelievi pi\u00f9 veloci.\" \/>\n<meta name=\"robots\" content=\"index, follow, max-snippet:-1, max-image-preview:large, max-video-preview:-1\" \/>\n<link rel=\"canonical\" href=\"https:\/\/www.freebetsinfo.co.uk\/it\/scommesse-alle-slot\/\" \/>\n<meta property=\"og:locale\" content=\"it_IT\" \/>\n<meta property=\"og:type\" content=\"article\" \/>\n<meta property=\"og:title\" content=\"Scommesse sulle slot\" \/>\n<meta property=\"og:description\" content=\"Scommesse sulle slot ,Le ultime offerte di scommesse sulle slot dei bookmaker asiatici, i migliori bookmaker online dell&#039;Asia con il maggior numero di offerte e i prelievi pi\u00f9 veloci.\" \/>\n<meta property=\"og:url\" content=\"https:\/\/www.freebetsinfo.co.uk\/it\/scommesse-alle-slot\/\" \/>\n<meta property=\"og:site_name\" content=\"Scommesse sportive gratuite, scommesse bookmaker online\" \/>\n<meta property=\"article:modified_time\" content=\"2021-07-01T10:10:59+00:00\" \/>\n<meta name=\"twitter:card\" content=\"summary_large_image\" \/>\n<meta name=\"twitter:label1\" content=\"Tempo di lettura stimato\" \/>\n\t<meta name=\"twitter:data1\" content=\"2 minuti\" \/>\n<script type=\"application\/ld+json\" class=\"yoast-schema-graph\">{\"@context\":\"https:\\\/\\\/schema.org\",\"@graph\":[{\"@type\":\"WebPage\",\"@id\":\"https:\\\/\\\/www.freebetsinfo.co.uk\\\/it\\\/scommesse-alle-slot\\\/\",\"url\":\"https:\\\/\\\/www.freebetsinfo.co.uk\\\/it\\\/scommesse-alle-slot\\\/\",\"name\":\"Scommesse sulle slot , Le ultime offerte di scommesse sulle slot dei bookmaker asiatici\",\"isPartOf\":{\"@id\":\"https:\\\/\\\/www.freebetsinfo.co.uk\\\/it\\\/#website\"},\"datePublished\":\"2021-06-08T09:31:52+00:00\",\"dateModified\":\"2021-07-01T10:10:59+00:00\",\"description\":\"Scommesse sulle slot ,Le ultime offerte di scommesse sulle slot dei bookmaker asiatici, i migliori bookmaker online dell'Asia con il maggior numero di offerte e i prelievi pi\u00f9 veloci.\",\"breadcrumb\":{\"@id\":\"https:\\\/\\\/www.freebetsinfo.co.uk\\\/it\\\/scommesse-alle-slot\\\/#breadcrumb\"},\"inLanguage\":\"it-IT\",\"potentialAction\":[{\"@type\":\"ReadAction\",\"target\":[\"https:\\\/\\\/www.freebetsinfo.co.uk\\\/it\\\/scommesse-alle-slot\\\/\"]}]},{\"@type\":\"BreadcrumbList\",\"@id\":\"https:\\\/\\\/www.freebetsinfo.co.uk\\\/it\\\/scommesse-alle-slot\\\/#breadcrumb\",\"itemListElement\":[{\"@type\":\"ListItem\",\"position\":1,\"name\":\"Home\",\"item\":\"https:\\\/\\\/www.freebetsinfo.co.uk\\\/it\\\/\"},{\"@type\":\"ListItem\",\"position\":2,\"name\":\"Scommesse sulle slot\"}]},{\"@type\":\"WebSite\",\"@id\":\"https:\\\/\\\/www.freebetsinfo.co.uk\\\/it\\\/#website\",\"url\":\"https:\\\/\\\/www.freebetsinfo.co.uk\\\/it\\\/\",\"name\":\"Scommesse sportive gratuite, scommesse bookmaker online\",\"description\":\"I migliori codici bonus per scommesse online e casin\u00f2 senza deposito! \u2705Le migliori recensioni dei siti di scommesse online, \u2705i migliori bonus dei casin\u00f2 online!\",\"potentialAction\":[{\"@type\":\"SearchAction\",\"target\":{\"@type\":\"EntryPoint\",\"urlTemplate\":\"https:\\\/\\\/www.freebetsinfo.co.uk\\\/it\\\/?s={search_term_string}\"},\"query-input\":{\"@type\":\"PropertyValueSpecification\",\"valueRequired\":true,\"valueName\":\"search_term_string\"}}],\"inLanguage\":\"it-IT\"}]}<\/script>\n<!-- \/ Yoast SEO Premium plugin. -->","yoast_head_json":{"title":"Scommesse sulle slot , Le ultime offerte di scommesse sulle slot dei bookmaker asiatici","description":"Scommesse sulle slot ,Le ultime offerte di scommesse sulle slot dei bookmaker asiatici, i migliori bookmaker online dell'Asia con il maggior numero di offerte e i prelievi pi\u00f9 veloci.","robots":{"index":"index","follow":"follow","max-snippet":"max-snippet:-1","max-image-preview":"max-image-preview:large","max-video-preview":"max-video-preview:-1"},"canonical":"https:\/\/www.freebetsinfo.co.uk\/it\/scommesse-alle-slot\/","og_locale":"it_IT","og_type":"article","og_title":"Scommesse sulle slot","og_description":"Scommesse sulle slot ,Le ultime offerte di scommesse sulle slot dei bookmaker asiatici, i migliori bookmaker online dell'Asia con il maggior numero di offerte e i prelievi pi\u00f9 veloci.","og_url":"https:\/\/www.freebetsinfo.co.uk\/it\/scommesse-alle-slot\/","og_site_name":"Scommesse sportive gratuite, scommesse bookmaker online","article_modified_time":"2021-07-01T10:10:59+00:00","twitter_card":"summary_large_image","twitter_misc":{"Tempo di lettura stimato":"2 minuti"},"schema":{"@context":"https:\/\/schema.org","@graph":[{"@type":"WebPage","@id":"https:\/\/www.freebetsinfo.co.uk\/it\/scommesse-alle-slot\/","url":"https:\/\/www.freebetsinfo.co.uk\/it\/scommesse-alle-slot\/","name":"Scommesse sulle slot , Le ultime offerte di scommesse sulle slot dei bookmaker asiatici","isPartOf":{"@id":"https:\/\/www.freebetsinfo.co.uk\/it\/#website"},"datePublished":"2021-06-08T09:31:52+00:00","dateModified":"2021-07-01T10:10:59+00:00","description":"Scommesse sulle slot ,Le ultime offerte di scommesse sulle slot dei bookmaker asiatici, i migliori bookmaker online dell'Asia con il maggior numero di offerte e i prelievi pi\u00f9 veloci.","breadcrumb":{"@id":"https:\/\/www.freebetsinfo.co.uk\/it\/scommesse-alle-slot\/#breadcrumb"},"inLanguage":"it-IT","potentialAction":[{"@type":"ReadAction","target":["https:\/\/www.freebetsinfo.co.uk\/it\/scommesse-alle-slot\/"]}]},{"@type":"BreadcrumbList","@id":"https:\/\/www.freebetsinfo.co.uk\/it\/scommesse-alle-slot\/#breadcrumb","itemListElement":[{"@type":"ListItem","position":1,"name":"Home","item":"https:\/\/www.freebetsinfo.co.uk\/it\/"},{"@type":"ListItem","position":2,"name":"Scommesse sulle slot"}]},{"@type":"WebSite","@id":"https:\/\/www.freebetsinfo.co.uk\/it\/#website","url":"https:\/\/www.freebetsinfo.co.uk\/it\/","name":"Scommesse sportive gratuite, scommesse bookmaker online","description":"I migliori codici bonus per scommesse online e casin\u00f2 senza deposito! \u2705Le migliori recensioni dei siti di scommesse online, \u2705i migliori bonus dei casin\u00f2 online!","potentialAction":[{"@type":"SearchAction","target":{"@type":"EntryPoint","urlTemplate":"https:\/\/www.freebetsinfo.co.uk\/it\/?s={search_term_string}"},"query-input":{"@type":"PropertyValueSpecification","valueRequired":true,"valueName":"search_term_string"}}],"inLanguage":"it-IT"}]}},"uagb_featured_image_src":{"full":false,"thumbnail":false,"medium":false,"medium_large":false,"large":false,"1536x1536":false,"2048x2048":false,"small":false,"custom-size":false},"uagb_author_info":{"display_name":"\u7ba1\u7406","author_link":"https:\/\/www.freebetsinfo.co.uk\/it\/author\/kdfl4q\/"},"uagb_comment_info":0,"uagb_excerpt":"Controlliamo sempre le testimonianze degli utenti finali Come se stessi acquistando qualcos&#8217;altro online, di solito vuoi pensare alle recensioni dei consumatori. A volte qualcuno potrebbe avere una conoscenza privata negativa di un&#8217;app di slot machine in dollari genuini o di un sito Web di casin\u00f2 e, di conseguenza, lasciare una recensione eccessivamente critica. Sulle ultime...&hellip;","_links":{"self":[{"href":"https:\/\/www.freebetsinfo.co.uk\/it\/wp-json\/wp\/v2\/pages\/27245","targetHints":{"allow":["GET"]}}],"collection":[{"href":"https:\/\/www.freebetsinfo.co.uk\/it\/wp-json\/wp\/v2\/pages"}],"about":[{"href":"https:\/\/www.freebetsinfo.co.uk\/it\/wp-json\/wp\/v2\/types\/page"}],"author":[{"embeddable":true,"href":"https:\/\/www.freebetsinfo.co.uk\/it\/wp-json\/wp\/v2\/users\/1"}],"replies":[{"embeddable":true,"href":"https:\/\/www.freebetsinfo.co.uk\/it\/wp-json\/wp\/v2\/comments?post=27245"}],"version-history":[{"count":0,"href":"https:\/\/www.freebetsinfo.co.uk\/it\/wp-json\/wp\/v2\/pages\/27245\/revisions"}],"wp:attachment":[{"href":"https:\/\/www.freebetsinfo.co.uk\/it\/wp-json\/wp\/v2\/media?parent=27245"}],"curies":[{"name":"wp","href":"https:\/\/api.w.org\/{rel}","templated":true}]}}