{"id":29931,"date":"2021-06-27T05:12:11","date_gmt":"2021-06-27T05:12:11","guid":{"rendered":"https:\/\/www.freebetsinfo.co.uk\/casino-online-asiatico\/"},"modified":"2021-08-13T19:03:08","modified_gmt":"2021-08-13T19:03:08","slug":"casin%c3%b2-online-asiatico","status":"publish","type":"page","link":"https:\/\/www.freebetsinfo.co.uk\/it\/casin%c3%b2-online-asiatico\/","title":{"rendered":"Casino online asiatico"},"content":{"rendered":"<div class=\"elementor-element elementor-element-a30d71d elementor-widget elementor-widget-heading animated stuckFlipUpOpacity\" data-id=\"a30d71d\" data-element_type=\"widget\" data-settings=\"{\" data-widget_type=\"heading.default\">\n<div class=\"elementor-widget-container\">\n<h3><span style=\"color: #808080;\">I nostri casin\u00f2 online asiatici pi\u00f9 votati insieme ai migliori siti web di gioco d&#8217;azzardo per giocatori asiatici<\/span><\/h3>\n<p><span style=\"color: #808080;\">Ora abbiamo fatto s\u00ec che la nostra missione fosse trovare i migliori casin\u00f2 online in Asia. Ecco perch\u00e9 abbiamo costantemente controllato il mercato per ottenere i migliori siti web. Noi di esperti atleti di casin\u00f2 su Internet esaminiamo quindi i siti Web esaminando il software del computer, la tua selezione di giochi online, la ricompensa fornita e il resto che i giocatori devono conoscere.<\/span><\/p>\n<h3><span style=\"color: #808080;\">Inoltre, ci assicuriamo che sia sicuro provare l&#8217;Asia Online Casino se risiedi in una terra asiatica.<\/span><\/h3>\n<p><span style=\"color: #808080;\">Ci assicuriamo che tutti i casin\u00f2 online asiatici da noi consigliati dispongano di un certificato legittimo della commissione di scommessa reputata. Solo quando lo far\u00e0 consiglieremo il casin\u00f2 in Internet ai nostri lettori.<\/span><\/p>\n<h3><span style=\"color: #808080;\">Seleziona i titoli di gioco del casin\u00f2 giusti per soddisfare la tua moda<\/span><\/h3>\n<p><span style=\"color: #808080;\">Il modo in cui otteniamo i migliori casin\u00f2 Internet asiatici. Questa \u00e8 un&#8217;introduzione agli elementi che controlliamo durante la revisione di un casin\u00f2 online<\/span><\/p>\n<h3><span style=\"color: #808080;\">Offerte bonus del casin\u00f2 online asiatico<\/span><\/h3>\n<p><span style=\"color: #808080;\">Cerchiamo di cercare le case del casin\u00f2 utilizzando i pi\u00f9 grandi premi deliziosi e i migliori premi per i giocatori abituali. Ci\u00f2 include il controllo delle esigenze di beneficio, quindi sai sempre che i bonus offerti sono ragionevoli e a misura di giocatore.<\/span><\/p>\n<h3><span style=\"color: #808080;\">Servizio Clienti<\/span><\/h3>\n<p><span style=\"color: #808080;\">\u00c8 fondamentale che gli stabilimenti di gioco d&#8217;azzardo offrano un ottimo servizio di supporto in modo da poter ottenere aiuto nel caso in cui si riscontrassero problemi. Esaminiamo personalmente ciascuna delle alternative per l&#8217;assistenza clienti per assicurarci che tu sia in ottime mani.<\/span><\/p>\n<h3><span style=\"color: #808080;\">Software flessibile<\/span><\/h3>\n<p><span style=\"color: #808080;\">Al giorno d&#8217;oggi, i partecipanti vorrebbero accedere ai siti di casin\u00f2 da molti dei loro dispositivi. Ecco perch\u00e9 ogni casin\u00f2 online che consigliamo ha un software funzionale che pu\u00f2 essere eseguito utilizzando desktop e smartphone.<\/span><\/p>\n<h3><span style=\"color: #808080;\">Selezione di titoli di gioco<\/span><\/h3>\n<p><span style=\"color: #808080;\">I grandi bonus offerti sono buoni, ma un buon casin\u00f2 deve anche fornire una selezione di giochi da casin\u00f2 di alta qualit\u00e0. Quando valuti i casin\u00f2 Internet ideali per i partecipanti asiatici, ci assicuriamo sempre che abbiano una buona collezione di slot machine e videogiochi da tavolo.<\/span><\/p>\n<h3><span style=\"color: #808080;\">Videogiochi sicuri<\/span><\/h3>\n<p><span style=\"color: #808080;\">Ogni singolo stabilimento di gioco che consigliamo \u00e8 sicuro al 100% e dispone di sistemi di sicurezza moderni e affidabili che assicurano che i tuoi soldi e i tuoi dati siano protetti. Inoltre, ci assicuriamo che tutte le nostre case da gioco incoraggiate dispongano di un certificato di scommesse legittimo.<\/span><\/p>\n<h3><span style=\"color: #808080;\">Design a misura di consumatore<\/span><\/h3>\n<p><span style=\"color: #808080;\">Non tutti i giocatori sono informati quando si tratta di divertirsi nei casin\u00f2 su Internet. Questo \u00e8 il motivo per cui un buon casin\u00f2 su Internet dovrebbe offrire un layout piacevole per il cliente, il che significa che \u00e8 pi\u00f9 facile per i nuovi giocatori aggirare il sito Web e cercare immediatamente i loro titoli di gioco preferiti.<\/span><\/p>\n<h3><span style=\"color: #808080;\">Quando cerchi il miglior casin\u00f2 online asiatico.<\/span><\/h3>\n<p><span style=\"color: #808080;\">Perch\u00e9 dobbiamo avere fiducia in noi. La risposta di base \u00e8 che adoriamo i videogiochi di casin\u00f2 online intorno a te e che dedichiamo molto tempo a rivedere e valutare i diversi siti.<\/span><\/p>\n<h3><span style=\"color: #808080;\">In conclusione, un&#8217;altra sezione essenziale di qualsiasi sull&#8217;Asia Online Casino sar\u00e0 il bonus.<\/span><\/h3>\n<p><span style=\"color: #808080;\">Il casin\u00f2 online dovrebbe fornire una generosa e deliziosa ricompensa per compensare i nuovi giocatori per aver creato il tuo account sul sito web. La cosa importante qui \u00e8 il fatto che i requisiti di bonus aggiuntivi sono ragionevoli e raggiungibili<\/span><\/p>\n<\/div>\n<\/div>\n","protected":false},"excerpt":{"rendered":"I nostri casin\u00f2 online asiatici pi\u00f9 votati insieme ai migliori siti web di gioco d&#8217;azzardo per giocatori asiatici Ora abbiamo fatto s\u00ec che la nostra missione fosse trovare i migliori casin\u00f2 online in Asia. Ecco perch\u00e9 abbiamo costantemente controllato il mercato per ottenere i migliori siti web. Noi di esperti atleti di casin\u00f2 su Internet&#8230; <a class=\"view-article\" href=\"https:\/\/www.freebetsinfo.co.uk\/it\/casin%c3%b2-online-asiatico\/\">Mostra articolo<\/a>","protected":false},"author":1,"featured_media":0,"parent":0,"menu_order":0,"comment_status":"closed","ping_status":"closed","template":"Asia-Casino-Page-Template.php","meta":{"_uag_custom_page_level_css":"","footnotes":""},"class_list":["post-29931","page","type-page","status-publish","hentry"],"yoast_head":"<!-- This site is optimized with the Yoast SEO Premium plugin v19.5 (Yoast SEO v27.5) - https:\/\/yoast.com\/product\/yoast-seo-premium-wordpress\/ -->\n<title>Casino online asiatico , bonus di benvenuto del casin\u00f2 online senza deposito<\/title>\n<meta name=\"description\" content=\"Casino online asiatico , bonus gratuito del casin\u00f2 online senza deposito richiesto. Bonus registrazione nuovo cliente. Richiedi il tuo bonus di benvenuto oggi.\" \/>\n<meta name=\"robots\" content=\"index, follow, max-snippet:-1, max-image-preview:large, max-video-preview:-1\" \/>\n<link rel=\"canonical\" href=\"https:\/\/www.freebetsinfo.co.uk\/it\/casin%c3%b2-online-asiatico\/\" \/>\n<meta property=\"og:locale\" content=\"it_IT\" \/>\n<meta property=\"og:type\" content=\"article\" \/>\n<meta property=\"og:title\" content=\"Casino online asiatico\" \/>\n<meta property=\"og:description\" content=\"Casino online asiatico , bonus gratuito del casin\u00f2 online senza deposito richiesto. Bonus registrazione nuovo cliente. Richiedi il tuo bonus di benvenuto oggi.\" \/>\n<meta property=\"og:url\" content=\"https:\/\/www.freebetsinfo.co.uk\/it\/casin%c3%b2-online-asiatico\/\" \/>\n<meta property=\"og:site_name\" content=\"Scommesse sportive gratuite, scommesse bookmaker online\" \/>\n<meta property=\"article:modified_time\" content=\"2021-08-13T19:03:08+00:00\" \/>\n<meta name=\"twitter:card\" content=\"summary_large_image\" \/>\n<meta name=\"twitter:label1\" content=\"Tempo di lettura stimato\" \/>\n\t<meta name=\"twitter:data1\" content=\"3 minuti\" \/>\n<script type=\"application\/ld+json\" class=\"yoast-schema-graph\">{\"@context\":\"https:\\\/\\\/schema.org\",\"@graph\":[{\"@type\":\"WebPage\",\"@id\":\"https:\\\/\\\/www.freebetsinfo.co.uk\\\/it\\\/casin%c3%b2-online-asiatico\\\/\",\"url\":\"https:\\\/\\\/www.freebetsinfo.co.uk\\\/it\\\/casin%c3%b2-online-asiatico\\\/\",\"name\":\"Casino online asiatico , bonus di benvenuto del casin\u00f2 online senza deposito\",\"isPartOf\":{\"@id\":\"https:\\\/\\\/www.freebetsinfo.co.uk\\\/it\\\/#website\"},\"datePublished\":\"2021-06-27T05:12:11+00:00\",\"dateModified\":\"2021-08-13T19:03:08+00:00\",\"description\":\"Casino online asiatico , bonus gratuito del casin\u00f2 online senza deposito richiesto. Bonus registrazione nuovo cliente. Richiedi il tuo bonus di benvenuto oggi.\",\"breadcrumb\":{\"@id\":\"https:\\\/\\\/www.freebetsinfo.co.uk\\\/it\\\/casin%c3%b2-online-asiatico\\\/#breadcrumb\"},\"inLanguage\":\"it-IT\",\"potentialAction\":[{\"@type\":\"ReadAction\",\"target\":[\"https:\\\/\\\/www.freebetsinfo.co.uk\\\/it\\\/casin%c3%b2-online-asiatico\\\/\"]}]},{\"@type\":\"BreadcrumbList\",\"@id\":\"https:\\\/\\\/www.freebetsinfo.co.uk\\\/it\\\/casin%c3%b2-online-asiatico\\\/#breadcrumb\",\"itemListElement\":[{\"@type\":\"ListItem\",\"position\":1,\"name\":\"Home\",\"item\":\"https:\\\/\\\/www.freebetsinfo.co.uk\\\/it\\\/\"},{\"@type\":\"ListItem\",\"position\":2,\"name\":\"Casino online asiatico\"}]},{\"@type\":\"WebSite\",\"@id\":\"https:\\\/\\\/www.freebetsinfo.co.uk\\\/it\\\/#website\",\"url\":\"https:\\\/\\\/www.freebetsinfo.co.uk\\\/it\\\/\",\"name\":\"Scommesse sportive gratuite, scommesse bookmaker online\",\"description\":\"I migliori codici bonus per scommesse online e casin\u00f2 senza deposito! \u2705Le migliori recensioni dei siti di scommesse online, \u2705i migliori bonus dei casin\u00f2 online!\",\"potentialAction\":[{\"@type\":\"SearchAction\",\"target\":{\"@type\":\"EntryPoint\",\"urlTemplate\":\"https:\\\/\\\/www.freebetsinfo.co.uk\\\/it\\\/?s={search_term_string}\"},\"query-input\":{\"@type\":\"PropertyValueSpecification\",\"valueRequired\":true,\"valueName\":\"search_term_string\"}}],\"inLanguage\":\"it-IT\"}]}<\/script>\n<!-- \/ Yoast SEO Premium plugin. -->","yoast_head_json":{"title":"Casino online asiatico , bonus di benvenuto del casin\u00f2 online senza deposito","description":"Casino online asiatico , bonus gratuito del casin\u00f2 online senza deposito richiesto. Bonus registrazione nuovo cliente. Richiedi il tuo bonus di benvenuto oggi.","robots":{"index":"index","follow":"follow","max-snippet":"max-snippet:-1","max-image-preview":"max-image-preview:large","max-video-preview":"max-video-preview:-1"},"canonical":"https:\/\/www.freebetsinfo.co.uk\/it\/casin%c3%b2-online-asiatico\/","og_locale":"it_IT","og_type":"article","og_title":"Casino online asiatico","og_description":"Casino online asiatico , bonus gratuito del casin\u00f2 online senza deposito richiesto. Bonus registrazione nuovo cliente. Richiedi il tuo bonus di benvenuto oggi.","og_url":"https:\/\/www.freebetsinfo.co.uk\/it\/casin%c3%b2-online-asiatico\/","og_site_name":"Scommesse sportive gratuite, scommesse bookmaker online","article_modified_time":"2021-08-13T19:03:08+00:00","twitter_card":"summary_large_image","twitter_misc":{"Tempo di lettura stimato":"3 minuti"},"schema":{"@context":"https:\/\/schema.org","@graph":[{"@type":"WebPage","@id":"https:\/\/www.freebetsinfo.co.uk\/it\/casin%c3%b2-online-asiatico\/","url":"https:\/\/www.freebetsinfo.co.uk\/it\/casin%c3%b2-online-asiatico\/","name":"Casino online asiatico , bonus di benvenuto del casin\u00f2 online senza deposito","isPartOf":{"@id":"https:\/\/www.freebetsinfo.co.uk\/it\/#website"},"datePublished":"2021-06-27T05:12:11+00:00","dateModified":"2021-08-13T19:03:08+00:00","description":"Casino online asiatico , bonus gratuito del casin\u00f2 online senza deposito richiesto. Bonus registrazione nuovo cliente. Richiedi il tuo bonus di benvenuto oggi.","breadcrumb":{"@id":"https:\/\/www.freebetsinfo.co.uk\/it\/casin%c3%b2-online-asiatico\/#breadcrumb"},"inLanguage":"it-IT","potentialAction":[{"@type":"ReadAction","target":["https:\/\/www.freebetsinfo.co.uk\/it\/casin%c3%b2-online-asiatico\/"]}]},{"@type":"BreadcrumbList","@id":"https:\/\/www.freebetsinfo.co.uk\/it\/casin%c3%b2-online-asiatico\/#breadcrumb","itemListElement":[{"@type":"ListItem","position":1,"name":"Home","item":"https:\/\/www.freebetsinfo.co.uk\/it\/"},{"@type":"ListItem","position":2,"name":"Casino online asiatico"}]},{"@type":"WebSite","@id":"https:\/\/www.freebetsinfo.co.uk\/it\/#website","url":"https:\/\/www.freebetsinfo.co.uk\/it\/","name":"Scommesse sportive gratuite, scommesse bookmaker online","description":"I migliori codici bonus per scommesse online e casin\u00f2 senza deposito! \u2705Le migliori recensioni dei siti di scommesse online, \u2705i migliori bonus dei casin\u00f2 online!","potentialAction":[{"@type":"SearchAction","target":{"@type":"EntryPoint","urlTemplate":"https:\/\/www.freebetsinfo.co.uk\/it\/?s={search_term_string}"},"query-input":{"@type":"PropertyValueSpecification","valueRequired":true,"valueName":"search_term_string"}}],"inLanguage":"it-IT"}]}},"uagb_featured_image_src":{"full":false,"thumbnail":false,"medium":false,"medium_large":false,"large":false,"1536x1536":false,"2048x2048":false,"small":false,"custom-size":false},"uagb_author_info":{"display_name":"\u7ba1\u7406","author_link":"https:\/\/www.freebetsinfo.co.uk\/it\/author\/kdfl4q\/"},"uagb_comment_info":0,"uagb_excerpt":"I nostri casin\u00f2 online asiatici pi\u00f9 votati insieme ai migliori siti web di gioco d&#8217;azzardo per giocatori asiatici Ora abbiamo fatto s\u00ec che la nostra missione fosse trovare i migliori casin\u00f2 online in Asia. Ecco perch\u00e9 abbiamo costantemente controllato il mercato per ottenere i migliori siti web. Noi di esperti atleti di casin\u00f2 su Internet...&hellip;","_links":{"self":[{"href":"https:\/\/www.freebetsinfo.co.uk\/it\/wp-json\/wp\/v2\/pages\/29931","targetHints":{"allow":["GET"]}}],"collection":[{"href":"https:\/\/www.freebetsinfo.co.uk\/it\/wp-json\/wp\/v2\/pages"}],"about":[{"href":"https:\/\/www.freebetsinfo.co.uk\/it\/wp-json\/wp\/v2\/types\/page"}],"author":[{"embeddable":true,"href":"https:\/\/www.freebetsinfo.co.uk\/it\/wp-json\/wp\/v2\/users\/1"}],"replies":[{"embeddable":true,"href":"https:\/\/www.freebetsinfo.co.uk\/it\/wp-json\/wp\/v2\/comments?post=29931"}],"version-history":[{"count":0,"href":"https:\/\/www.freebetsinfo.co.uk\/it\/wp-json\/wp\/v2\/pages\/29931\/revisions"}],"wp:attachment":[{"href":"https:\/\/www.freebetsinfo.co.uk\/it\/wp-json\/wp\/v2\/media?parent=29931"}],"curies":[{"name":"wp","href":"https:\/\/api.w.org\/{rel}","templated":true}]}}