{"id":30011,"date":"2021-06-27T04:47:08","date_gmt":"2021-06-27T04:47:08","guid":{"rendered":"https:\/\/www.freebetsinfo.co.uk\/casino-online-in-europa\/"},"modified":"2021-07-09T08:49:32","modified_gmt":"2021-07-09T08:49:32","slug":"casin%c3%b2-online-in-europa","status":"publish","type":"page","link":"https:\/\/www.freebetsinfo.co.uk\/it\/casin%c3%b2-online-in-europa\/","title":{"rendered":"Casin\u00f2 online in Europa"},"content":{"rendered":"<h3><span style=\"color: #808080;\">Il miglior casin\u00f2 online in Europa<\/span><\/h3>\n<p><span style=\"color: #808080;\">L&#8217;industria europea dei casin\u00f2 online ha richiesto il ritiro solo nel 2006 subito dopo che le autorit\u00e0 You.S hanno dato l&#8217;UIGEA. Il mercato attuale era ancora inesplorato, con poche linee guida legali in posizione. Con quasi illimitate probabilit\u00e0, l&#8217;industria dei casin\u00f2 online occidentali era pronta per la tua decisione.<\/span><\/p>\n<h3><span style=\"color: #808080;\">Avanti veloce fino a questi giorni, puoi impegnarti nel rapporto dei casin\u00f2 online occidentali.<\/span><\/h3>\n<p><span style=\"color: #808080;\">I giocatori europei di casin\u00f2 online possono pagare un acconto con euro, SEK, NOK, BGN e molte altre valute. I migliori casin\u00f2 online dell&#8217;UE accettano un&#8217;ampia gamma di valute semplicemente perch\u00e9 vorrebbero che tu convertisse i tuoi soldi guadagnati duramente senza alcuna difficolt\u00e0.<\/span><\/p>\n<h3><span style=\"color: #808080;\">Volgiamo lo sguardo a Malta.<\/span><\/h3>\n<p><span style=\"color: #808080;\">La piccola isola tropicale \u00e8 diventata il centro delle migliori case da gioco dell&#8217;UE su Internet. I casin\u00f2 su Internet con licenza a Malta funzionano in modo pi\u00f9 efficace quando si tratta del loro assortimento di titoli di giochi da casin\u00f2 online. La loro assistenza ai partecipanti arriva in vari dialetti occidentali e i casin\u00f2 dell&#8217;UE prelievi cristallini in pochi minuti fino a 72 ore.<\/span><\/p>\n<h3><span style=\"color: #808080;\">Bonus Casin\u00f2 Online Europa<\/span><\/h3>\n<p><span style=\"color: #808080;\">Se \u00e8 quel momento del tuo mese e desideri impegnarti nelle tue slot online preferite per soldi veri, ma sei praticamente distrutto, non preoccuparti. I migliori casin\u00f2 online occidentali ti offrono un bonus del 100% fino a \u20ac 200 al primo ingresso! Se paghi l&#8217;importo pi\u00f9 alto di 200\u20ac, l&#8217;istituto di gioco corrisponder\u00e0 al tuo acconto con un vantaggio immediato di 200\u20ac! Il tuo bankroll \u00e8 gi\u00e0 di 400\u20ac, invece di 200\u20ac.<\/span><\/p>\n<h3><span style=\"color: #808080;\">Le nostre migliori case di casin\u00f2 in euro non si fermano mai con il bonus incoraggiato.<\/span><\/h3>\n<p><span style=\"color: #808080;\">Lanciano anche 200 giri totalmente gratuiti su slot machine selezionate a mano! Puoi utilizzare i tuoi giri totalmente gratuiti per esibirti in slot con denaro reale come PopRocks, Party Get together, Coywolf Cash e An ice pack e Blaze. Prima di prendere le tue rotazioni gratuite, controlla su quali slot machine online puoi usarle. A volte c&#8217;\u00e8 un piccolo roll-over e potresti guadagnare solo un massimo di \u20ac 100.<\/span><\/p>\n<h3><span style=\"color: #808080;\">La squadra di Casinowhizz negozia accordi speciali di bonus con tutti i principali casin\u00f2 in linea in linea nei paesi europei.<\/span><\/h3>\n<p><span style=\"color: #808080;\">Puoi far valere il vantaggio con un piccolo investimento di \u20ac 25 o anche di pi\u00f9. Se il bonus contiene un codice computer, non dimenticare di incorporarlo. Ancora pi\u00f9 importante, dovrai rimuovere la condizione di scommessa associata alla ricompensa per poter prelevare fondi. Il WR \u00e8 solitamente 40x, ed \u00e8 principalmente incentrato sui giochi di slot machine.<\/span><\/p>\n<h3><span style=\"color: #808080;\">Casin\u00f2 online in Europa ospita campagne<\/span><\/h3>\n<p><span style=\"color: #808080;\">I casin\u00f2 online in euro sono una grande impresa. Sono pienamente consapevoli di come coinvolgere i giocatori d&#8217;azzardo e del modo per affascinarli. Dopo che ti sei divertito con il vantaggio del deposito, si spera che sia l&#8217;inizio di un viaggio efficace per te.<\/span><\/p>\n<p><span style=\"color: #808080;\">Ogni giorno il nostro miglior casin\u00f2 in linea in Europa offre promozioni quotidiane. S\u00ec! Migliorano il bankroll con giri gratuiti, bonus speciali e bonus aggiuntivi di ricarica. Mentre ti diverti, guadagni cose fedelt\u00e0 che puoi cambiare con soldi veri.<\/span><\/p>\n","protected":false},"excerpt":{"rendered":"Il miglior casin\u00f2 online in Europa L&#8217;industria europea dei casin\u00f2 online ha richiesto il ritiro solo nel 2006 subito dopo che le autorit\u00e0 You.S hanno dato l&#8217;UIGEA. Il mercato attuale era ancora inesplorato, con poche linee guida legali in posizione. Con quasi illimitate probabilit\u00e0, l&#8217;industria dei casin\u00f2 online occidentali era pronta per la tua decisione&#8230;. <a class=\"view-article\" href=\"https:\/\/www.freebetsinfo.co.uk\/it\/casin%c3%b2-online-in-europa\/\">Mostra articolo<\/a>","protected":false},"author":1,"featured_media":0,"parent":0,"menu_order":0,"comment_status":"closed","ping_status":"closed","template":"Europe-Casino-Page-Template.php","meta":{"_uag_custom_page_level_css":"","footnotes":""},"class_list":["post-30011","page","type-page","status-publish","hentry"],"yoast_head":"<!-- This site is optimized with the Yoast SEO Premium plugin v19.5 (Yoast SEO v27.5) - https:\/\/yoast.com\/product\/yoast-seo-premium-wordpress\/ -->\n<title>Casin\u00f2 online in Europa , Ultimi bonus del casin\u00f2. Ottieni offerte gratuite esclusive<\/title>\n<meta name=\"description\" content=\"Casin\u00f2 online in Europa ,Ultimi bonus del casin\u00f2. Ottieni offerte gratuite esclusive. Offerte di iscrizione. Sito sicuro e protetto. I bonus di benvenuto pi\u00f9 alti\" \/>\n<meta name=\"robots\" content=\"index, follow, max-snippet:-1, max-image-preview:large, max-video-preview:-1\" \/>\n<link rel=\"canonical\" href=\"https:\/\/www.freebetsinfo.co.uk\/it\/casin%c3%b2-online-in-europa\/\" \/>\n<meta property=\"og:locale\" content=\"it_IT\" \/>\n<meta property=\"og:type\" content=\"article\" \/>\n<meta property=\"og:title\" content=\"Casin\u00f2 online in Europa\" \/>\n<meta property=\"og:description\" content=\"Casin\u00f2 online in Europa ,Ultimi bonus del casin\u00f2. Ottieni offerte gratuite esclusive. Offerte di iscrizione. Sito sicuro e protetto. I bonus di benvenuto pi\u00f9 alti\" \/>\n<meta property=\"og:url\" content=\"https:\/\/www.freebetsinfo.co.uk\/it\/casin%c3%b2-online-in-europa\/\" \/>\n<meta property=\"og:site_name\" content=\"Scommesse sportive gratuite, scommesse bookmaker online\" \/>\n<meta property=\"article:modified_time\" content=\"2021-07-09T08:49:32+00:00\" \/>\n<meta name=\"twitter:card\" content=\"summary_large_image\" \/>\n<meta name=\"twitter:label1\" content=\"Tempo di lettura stimato\" \/>\n\t<meta name=\"twitter:data1\" content=\"2 minuti\" \/>\n<script type=\"application\/ld+json\" class=\"yoast-schema-graph\">{\"@context\":\"https:\\\/\\\/schema.org\",\"@graph\":[{\"@type\":\"WebPage\",\"@id\":\"https:\\\/\\\/www.freebetsinfo.co.uk\\\/it\\\/casin%c3%b2-online-in-europa\\\/\",\"url\":\"https:\\\/\\\/www.freebetsinfo.co.uk\\\/it\\\/casin%c3%b2-online-in-europa\\\/\",\"name\":\"Casin\u00f2 online in Europa , Ultimi bonus del casin\u00f2. Ottieni offerte gratuite esclusive\",\"isPartOf\":{\"@id\":\"https:\\\/\\\/www.freebetsinfo.co.uk\\\/it\\\/#website\"},\"datePublished\":\"2021-06-27T04:47:08+00:00\",\"dateModified\":\"2021-07-09T08:49:32+00:00\",\"description\":\"Casin\u00f2 online in Europa ,Ultimi bonus del casin\u00f2. Ottieni offerte gratuite esclusive. Offerte di iscrizione. Sito sicuro e protetto. I bonus di benvenuto pi\u00f9 alti\",\"breadcrumb\":{\"@id\":\"https:\\\/\\\/www.freebetsinfo.co.uk\\\/it\\\/casin%c3%b2-online-in-europa\\\/#breadcrumb\"},\"inLanguage\":\"it-IT\",\"potentialAction\":[{\"@type\":\"ReadAction\",\"target\":[\"https:\\\/\\\/www.freebetsinfo.co.uk\\\/it\\\/casin%c3%b2-online-in-europa\\\/\"]}]},{\"@type\":\"BreadcrumbList\",\"@id\":\"https:\\\/\\\/www.freebetsinfo.co.uk\\\/it\\\/casin%c3%b2-online-in-europa\\\/#breadcrumb\",\"itemListElement\":[{\"@type\":\"ListItem\",\"position\":1,\"name\":\"Home\",\"item\":\"https:\\\/\\\/www.freebetsinfo.co.uk\\\/it\\\/\"},{\"@type\":\"ListItem\",\"position\":2,\"name\":\"Casin\u00f2 online in Europa\"}]},{\"@type\":\"WebSite\",\"@id\":\"https:\\\/\\\/www.freebetsinfo.co.uk\\\/it\\\/#website\",\"url\":\"https:\\\/\\\/www.freebetsinfo.co.uk\\\/it\\\/\",\"name\":\"Scommesse sportive gratuite, scommesse bookmaker online\",\"description\":\"I migliori codici bonus per scommesse online e casin\u00f2 senza deposito! \u2705Le migliori recensioni dei siti di scommesse online, \u2705i migliori bonus dei casin\u00f2 online!\",\"potentialAction\":[{\"@type\":\"SearchAction\",\"target\":{\"@type\":\"EntryPoint\",\"urlTemplate\":\"https:\\\/\\\/www.freebetsinfo.co.uk\\\/it\\\/?s={search_term_string}\"},\"query-input\":{\"@type\":\"PropertyValueSpecification\",\"valueRequired\":true,\"valueName\":\"search_term_string\"}}],\"inLanguage\":\"it-IT\"}]}<\/script>\n<!-- \/ Yoast SEO Premium plugin. -->","yoast_head_json":{"title":"Casin\u00f2 online in Europa , Ultimi bonus del casin\u00f2. Ottieni offerte gratuite esclusive","description":"Casin\u00f2 online in Europa ,Ultimi bonus del casin\u00f2. Ottieni offerte gratuite esclusive. Offerte di iscrizione. Sito sicuro e protetto. I bonus di benvenuto pi\u00f9 alti","robots":{"index":"index","follow":"follow","max-snippet":"max-snippet:-1","max-image-preview":"max-image-preview:large","max-video-preview":"max-video-preview:-1"},"canonical":"https:\/\/www.freebetsinfo.co.uk\/it\/casin%c3%b2-online-in-europa\/","og_locale":"it_IT","og_type":"article","og_title":"Casin\u00f2 online in Europa","og_description":"Casin\u00f2 online in Europa ,Ultimi bonus del casin\u00f2. Ottieni offerte gratuite esclusive. Offerte di iscrizione. Sito sicuro e protetto. I bonus di benvenuto pi\u00f9 alti","og_url":"https:\/\/www.freebetsinfo.co.uk\/it\/casin%c3%b2-online-in-europa\/","og_site_name":"Scommesse sportive gratuite, scommesse bookmaker online","article_modified_time":"2021-07-09T08:49:32+00:00","twitter_card":"summary_large_image","twitter_misc":{"Tempo di lettura stimato":"2 minuti"},"schema":{"@context":"https:\/\/schema.org","@graph":[{"@type":"WebPage","@id":"https:\/\/www.freebetsinfo.co.uk\/it\/casin%c3%b2-online-in-europa\/","url":"https:\/\/www.freebetsinfo.co.uk\/it\/casin%c3%b2-online-in-europa\/","name":"Casin\u00f2 online in Europa , Ultimi bonus del casin\u00f2. Ottieni offerte gratuite esclusive","isPartOf":{"@id":"https:\/\/www.freebetsinfo.co.uk\/it\/#website"},"datePublished":"2021-06-27T04:47:08+00:00","dateModified":"2021-07-09T08:49:32+00:00","description":"Casin\u00f2 online in Europa ,Ultimi bonus del casin\u00f2. Ottieni offerte gratuite esclusive. Offerte di iscrizione. Sito sicuro e protetto. I bonus di benvenuto pi\u00f9 alti","breadcrumb":{"@id":"https:\/\/www.freebetsinfo.co.uk\/it\/casin%c3%b2-online-in-europa\/#breadcrumb"},"inLanguage":"it-IT","potentialAction":[{"@type":"ReadAction","target":["https:\/\/www.freebetsinfo.co.uk\/it\/casin%c3%b2-online-in-europa\/"]}]},{"@type":"BreadcrumbList","@id":"https:\/\/www.freebetsinfo.co.uk\/it\/casin%c3%b2-online-in-europa\/#breadcrumb","itemListElement":[{"@type":"ListItem","position":1,"name":"Home","item":"https:\/\/www.freebetsinfo.co.uk\/it\/"},{"@type":"ListItem","position":2,"name":"Casin\u00f2 online in Europa"}]},{"@type":"WebSite","@id":"https:\/\/www.freebetsinfo.co.uk\/it\/#website","url":"https:\/\/www.freebetsinfo.co.uk\/it\/","name":"Scommesse sportive gratuite, scommesse bookmaker online","description":"I migliori codici bonus per scommesse online e casin\u00f2 senza deposito! \u2705Le migliori recensioni dei siti di scommesse online, \u2705i migliori bonus dei casin\u00f2 online!","potentialAction":[{"@type":"SearchAction","target":{"@type":"EntryPoint","urlTemplate":"https:\/\/www.freebetsinfo.co.uk\/it\/?s={search_term_string}"},"query-input":{"@type":"PropertyValueSpecification","valueRequired":true,"valueName":"search_term_string"}}],"inLanguage":"it-IT"}]}},"uagb_featured_image_src":{"full":false,"thumbnail":false,"medium":false,"medium_large":false,"large":false,"1536x1536":false,"2048x2048":false,"small":false,"custom-size":false},"uagb_author_info":{"display_name":"\u7ba1\u7406","author_link":"https:\/\/www.freebetsinfo.co.uk\/it\/author\/kdfl4q\/"},"uagb_comment_info":0,"uagb_excerpt":"Il miglior casin\u00f2 online in Europa L&#8217;industria europea dei casin\u00f2 online ha richiesto il ritiro solo nel 2006 subito dopo che le autorit\u00e0 You.S hanno dato l&#8217;UIGEA. Il mercato attuale era ancora inesplorato, con poche linee guida legali in posizione. Con quasi illimitate probabilit\u00e0, l&#8217;industria dei casin\u00f2 online occidentali era pronta per la tua decisione....&hellip;","_links":{"self":[{"href":"https:\/\/www.freebetsinfo.co.uk\/it\/wp-json\/wp\/v2\/pages\/30011","targetHints":{"allow":["GET"]}}],"collection":[{"href":"https:\/\/www.freebetsinfo.co.uk\/it\/wp-json\/wp\/v2\/pages"}],"about":[{"href":"https:\/\/www.freebetsinfo.co.uk\/it\/wp-json\/wp\/v2\/types\/page"}],"author":[{"embeddable":true,"href":"https:\/\/www.freebetsinfo.co.uk\/it\/wp-json\/wp\/v2\/users\/1"}],"replies":[{"embeddable":true,"href":"https:\/\/www.freebetsinfo.co.uk\/it\/wp-json\/wp\/v2\/comments?post=30011"}],"version-history":[{"count":0,"href":"https:\/\/www.freebetsinfo.co.uk\/it\/wp-json\/wp\/v2\/pages\/30011\/revisions"}],"wp:attachment":[{"href":"https:\/\/www.freebetsinfo.co.uk\/it\/wp-json\/wp\/v2\/media?parent=30011"}],"curies":[{"name":"wp","href":"https:\/\/api.w.org\/{rel}","templated":true}]}}