{"id":30753,"date":"2021-06-27T08:40:03","date_gmt":"2021-06-27T08:40:03","guid":{"rendered":"https:\/\/www.freebetsinfo.co.uk\/bookmaker-online-indiani\/"},"modified":"2021-08-13T15:36:56","modified_gmt":"2021-08-13T15:36:56","slug":"bookmaker-online-indiani","status":"publish","type":"page","link":"https:\/\/www.freebetsinfo.co.uk\/it\/bookmaker-online-indiani\/","title":{"rendered":"Allibratori online indiani"},"content":{"rendered":"<h3><span style=\"color: #808080;\">In conclusione, Sui bookmaker online indiani<\/span><\/h3>\n<p><span style=\"color: #808080;\">Il gioco d&#8217;azzardo sul web sta prendendo piede in India nel corso degli anni, con il casin\u00f2 mobile in genere la modalit\u00e0 pi\u00f9 popolare. L&#8217;industria dei bookmaker online indiani guadagna circa $ 30 miliardi ogni anno e, avendo circa 730 milioni di utenti Internet indiani entro la fine del 2020, in conclusione, probabilmente continuer\u00e0 a fiorire per quel prossimo futuro.<\/span><\/p>\n<h3><span style=\"color: #808080;\">Il gioco d&#8217;azzardo online \u00e8 legale in India?<\/span><\/h3>\n<p><span style=\"color: #808080;\">La sezione Fondo, reddito e spesa del governo del Sikkim ha emanato un memorandum il 4 marzo 2009, noto come Regole di controllo (controllo) del gioco online Sikkim, 2009. Questo record descrive le regole per l&#8217;accreditamento del gioco d&#8217;azzardo online all&#8217;interno della condizione, con sport online che giocano e casin\u00f2 online legalizzati all&#8217;interno della condizione. \u00c8 tra le nazioni di scommesse pi\u00f9 popolari del pianeta.<\/span><\/p>\n<h3><span style=\"color: #808080;\">Scegliere un eccellente sito di scommesse in India<\/span><\/h3>\n<p><span style=\"color: #808080;\">Di solito non attenersi a un singolo sito web di gioco d&#8217;azzardo. Se stai piazzando una scommessa, esamina le possibilit\u00e0 offerte da un certo numero di operatori e giudica quella principale che \u00e8 la spesa il miglior confine di profitto.<\/span><\/p>\n<p><span style=\"color: #808080;\">Scegli un sito web di gioco d&#8217;azzardo che ti richiede di dimostrare definitivamente la tua personalit\u00e0 ogni volta che ti iscrivi. In conclusione, questo pu\u00f2 garantire che stai scommettendo su una base che pu\u00f2 essere protetta e sicuramente protegger\u00e0 i tuoi soldi insieme alle tue informazioni private.<\/span><\/p>\n<h3><span style=\"color: #808080;\">Opzioni di rimborso ben note per gli acquirenti indiani<\/span><\/h3>\n<p><span style=\"color: #808080;\">Prima di registrarti su qualsiasi sito di scommesse, devi consultare le informazioni relative alle commissioni di acquisto, importo minimo dell&#8217;acconto, importo minimo del rimborso delle tasse, limiti di prelievo e intervallo di determinazione finale.<\/span><\/p>\n<p><span style=\"color: #808080;\">Dopo esserti registrato su un sito web di gioco d&#8217;azzardo in India, ti potrebbe essere chiesto di verificare la tua identit\u00e0. In caso contrario, al momento della registrazione. Alla fine ti verr\u00e0 chiesto di raggiungere questo obiettivo.<\/span><\/p>\n<h3><span style=\"color: #808080;\">Risiedi a gioco d&#8217;azzardo in India<\/span><\/h3>\n<p><span style=\"color: #808080;\">Se sei un appassionato specifico del gioco dal vivo, \u00e8 saggio dare la preferenza personale ai siti Web che ti danno la possibilit\u00e0 di vivere fitte di flusso, fornire cifre e strumenti di livello come Funds Out, Quickly Markets e Bet Contractor.<\/span><\/p>\n<h3><span style=\"color: #808080;\">In conclusione, Il modo migliore per scommettere sul web in<\/span><\/h3>\n<p><span style=\"color: #808080;\">Il cricket \u00e8 considerato l&#8217;attivit\u00e0 sportiva adorata in India, senza avere l&#8217;ombra di un&#8217;esitazione, la verit\u00e0 \u00e8 che, in conclusione, l&#8217;Indian Top League (IPL) \u00e8 facilmente la scommessa pi\u00f9 grande sul torneo del paese. Anche le attivit\u00e0 sportive come il baseball, il tennis e il baseball sono generalmente comuni.<\/span><\/p>\n<p><span style=\"color: #808080;\">Quando sei nuovo nell&#8217;arena delle scommesse online, seleziona uno sport di cui sei a conoscenza e piazza piccole scommesse all&#8217;inizio. Dopo aver acquisito un&#8217;importante familiarit\u00e0 con il funzionamento dei mercati di trading, puoi piazzare scommesse pi\u00f9 grandi ed esplorare nuove prospettive.<\/span><\/p>\n","protected":false},"excerpt":{"rendered":"In conclusione, Sui bookmaker online indiani Il gioco d&#8217;azzardo sul web sta prendendo piede in India nel corso degli anni, con il casin\u00f2 mobile in genere la modalit\u00e0 pi\u00f9 popolare. L&#8217;industria dei bookmaker online indiani guadagna circa $ 30 miliardi ogni anno e, avendo circa 730 milioni di utenti Internet indiani entro la fine del&#8230; <a class=\"view-article\" href=\"https:\/\/www.freebetsinfo.co.uk\/it\/bookmaker-online-indiani\/\">Mostra articolo<\/a>","protected":false},"author":1,"featured_media":0,"parent":0,"menu_order":0,"comment_status":"closed","ping_status":"closed","template":"asia-sports-page-template.php","meta":{"_uag_custom_page_level_css":"","footnotes":""},"class_list":["post-30753","page","type-page","status-publish","hentry"],"yoast_head":"<!-- This site is optimized with the Yoast SEO Premium plugin v19.5 (Yoast SEO v27.3) - https:\/\/yoast.com\/product\/yoast-seo-premium-wordpress\/ -->\n<title>Allibratori online indiani , I migliori bookmaker online.<\/title>\n<meta name=\"description\" content=\"Allibratori online indiani , i migliori bookmaker online. Offerte scommesse e bonus di registrazione. Sito web dei bookmaker. Allibratori online indiani.\" \/>\n<meta name=\"robots\" content=\"index, follow, max-snippet:-1, max-image-preview:large, max-video-preview:-1\" \/>\n<link rel=\"canonical\" href=\"https:\/\/www.freebetsinfo.co.uk\/it\/bookmaker-online-indiani\/\" \/>\n<meta property=\"og:locale\" content=\"it_IT\" \/>\n<meta property=\"og:type\" content=\"article\" \/>\n<meta property=\"og:title\" content=\"Allibratori online indiani\" \/>\n<meta property=\"og:description\" content=\"Allibratori online indiani , i migliori bookmaker online. Offerte scommesse e bonus di registrazione. Sito web dei bookmaker. Allibratori online indiani.\" \/>\n<meta property=\"og:url\" content=\"https:\/\/www.freebetsinfo.co.uk\/it\/bookmaker-online-indiani\/\" \/>\n<meta property=\"og:site_name\" content=\"Scommesse sportive gratuite, scommesse bookmaker online\" \/>\n<meta property=\"article:modified_time\" content=\"2021-08-13T15:36:56+00:00\" \/>\n<meta name=\"twitter:card\" content=\"summary_large_image\" \/>\n<meta name=\"twitter:label1\" content=\"Tempo di lettura stimato\" \/>\n\t<meta name=\"twitter:data1\" content=\"2 minuti\" \/>\n<script type=\"application\/ld+json\" class=\"yoast-schema-graph\">{\"@context\":\"https:\\\/\\\/schema.org\",\"@graph\":[{\"@type\":\"WebPage\",\"@id\":\"https:\\\/\\\/www.freebetsinfo.co.uk\\\/it\\\/bookmaker-online-indiani\\\/\",\"url\":\"https:\\\/\\\/www.freebetsinfo.co.uk\\\/it\\\/bookmaker-online-indiani\\\/\",\"name\":\"Allibratori online indiani , I migliori bookmaker online.\",\"isPartOf\":{\"@id\":\"https:\\\/\\\/www.freebetsinfo.co.uk\\\/it\\\/#website\"},\"datePublished\":\"2021-06-27T08:40:03+00:00\",\"dateModified\":\"2021-08-13T15:36:56+00:00\",\"description\":\"Allibratori online indiani , i migliori bookmaker online. Offerte scommesse e bonus di registrazione. Sito web dei bookmaker. Allibratori online indiani.\",\"breadcrumb\":{\"@id\":\"https:\\\/\\\/www.freebetsinfo.co.uk\\\/it\\\/bookmaker-online-indiani\\\/#breadcrumb\"},\"inLanguage\":\"it-IT\",\"potentialAction\":[{\"@type\":\"ReadAction\",\"target\":[\"https:\\\/\\\/www.freebetsinfo.co.uk\\\/it\\\/bookmaker-online-indiani\\\/\"]}]},{\"@type\":\"BreadcrumbList\",\"@id\":\"https:\\\/\\\/www.freebetsinfo.co.uk\\\/it\\\/bookmaker-online-indiani\\\/#breadcrumb\",\"itemListElement\":[{\"@type\":\"ListItem\",\"position\":1,\"name\":\"Home\",\"item\":\"https:\\\/\\\/www.freebetsinfo.co.uk\\\/it\\\/\"},{\"@type\":\"ListItem\",\"position\":2,\"name\":\"Allibratori online indiani\"}]},{\"@type\":\"WebSite\",\"@id\":\"https:\\\/\\\/www.freebetsinfo.co.uk\\\/it\\\/#website\",\"url\":\"https:\\\/\\\/www.freebetsinfo.co.uk\\\/it\\\/\",\"name\":\"Scommesse sportive gratuite, scommesse bookmaker online\",\"description\":\"I migliori codici bonus per scommesse online e casin\u00f2 senza deposito! \u2705Le migliori recensioni dei siti di scommesse online, \u2705i migliori bonus dei casin\u00f2 online!\",\"potentialAction\":[{\"@type\":\"SearchAction\",\"target\":{\"@type\":\"EntryPoint\",\"urlTemplate\":\"https:\\\/\\\/www.freebetsinfo.co.uk\\\/it\\\/?s={search_term_string}\"},\"query-input\":{\"@type\":\"PropertyValueSpecification\",\"valueRequired\":true,\"valueName\":\"search_term_string\"}}],\"inLanguage\":\"it-IT\"}]}<\/script>\n<!-- \/ Yoast SEO Premium plugin. -->","yoast_head_json":{"title":"Allibratori online indiani , I migliori bookmaker online.","description":"Allibratori online indiani , i migliori bookmaker online. Offerte scommesse e bonus di registrazione. Sito web dei bookmaker. Allibratori online indiani.","robots":{"index":"index","follow":"follow","max-snippet":"max-snippet:-1","max-image-preview":"max-image-preview:large","max-video-preview":"max-video-preview:-1"},"canonical":"https:\/\/www.freebetsinfo.co.uk\/it\/bookmaker-online-indiani\/","og_locale":"it_IT","og_type":"article","og_title":"Allibratori online indiani","og_description":"Allibratori online indiani , i migliori bookmaker online. Offerte scommesse e bonus di registrazione. Sito web dei bookmaker. Allibratori online indiani.","og_url":"https:\/\/www.freebetsinfo.co.uk\/it\/bookmaker-online-indiani\/","og_site_name":"Scommesse sportive gratuite, scommesse bookmaker online","article_modified_time":"2021-08-13T15:36:56+00:00","twitter_card":"summary_large_image","twitter_misc":{"Tempo di lettura stimato":"2 minuti"},"schema":{"@context":"https:\/\/schema.org","@graph":[{"@type":"WebPage","@id":"https:\/\/www.freebetsinfo.co.uk\/it\/bookmaker-online-indiani\/","url":"https:\/\/www.freebetsinfo.co.uk\/it\/bookmaker-online-indiani\/","name":"Allibratori online indiani , I migliori bookmaker online.","isPartOf":{"@id":"https:\/\/www.freebetsinfo.co.uk\/it\/#website"},"datePublished":"2021-06-27T08:40:03+00:00","dateModified":"2021-08-13T15:36:56+00:00","description":"Allibratori online indiani , i migliori bookmaker online. Offerte scommesse e bonus di registrazione. Sito web dei bookmaker. Allibratori online indiani.","breadcrumb":{"@id":"https:\/\/www.freebetsinfo.co.uk\/it\/bookmaker-online-indiani\/#breadcrumb"},"inLanguage":"it-IT","potentialAction":[{"@type":"ReadAction","target":["https:\/\/www.freebetsinfo.co.uk\/it\/bookmaker-online-indiani\/"]}]},{"@type":"BreadcrumbList","@id":"https:\/\/www.freebetsinfo.co.uk\/it\/bookmaker-online-indiani\/#breadcrumb","itemListElement":[{"@type":"ListItem","position":1,"name":"Home","item":"https:\/\/www.freebetsinfo.co.uk\/it\/"},{"@type":"ListItem","position":2,"name":"Allibratori online indiani"}]},{"@type":"WebSite","@id":"https:\/\/www.freebetsinfo.co.uk\/it\/#website","url":"https:\/\/www.freebetsinfo.co.uk\/it\/","name":"Scommesse sportive gratuite, scommesse bookmaker online","description":"I migliori codici bonus per scommesse online e casin\u00f2 senza deposito! \u2705Le migliori recensioni dei siti di scommesse online, \u2705i migliori bonus dei casin\u00f2 online!","potentialAction":[{"@type":"SearchAction","target":{"@type":"EntryPoint","urlTemplate":"https:\/\/www.freebetsinfo.co.uk\/it\/?s={search_term_string}"},"query-input":{"@type":"PropertyValueSpecification","valueRequired":true,"valueName":"search_term_string"}}],"inLanguage":"it-IT"}]}},"uagb_featured_image_src":{"full":false,"thumbnail":false,"medium":false,"medium_large":false,"large":false,"1536x1536":false,"2048x2048":false,"small":false,"custom-size":false},"uagb_author_info":{"display_name":"\u7ba1\u7406","author_link":"https:\/\/www.freebetsinfo.co.uk\/it\/author\/kdfl4q\/"},"uagb_comment_info":0,"uagb_excerpt":"In conclusione, Sui bookmaker online indiani Il gioco d&#8217;azzardo sul web sta prendendo piede in India nel corso degli anni, con il casin\u00f2 mobile in genere la modalit\u00e0 pi\u00f9 popolare. L&#8217;industria dei bookmaker online indiani guadagna circa $ 30 miliardi ogni anno e, avendo circa 730 milioni di utenti Internet indiani entro la fine del...&hellip;","_links":{"self":[{"href":"https:\/\/www.freebetsinfo.co.uk\/it\/wp-json\/wp\/v2\/pages\/30753","targetHints":{"allow":["GET"]}}],"collection":[{"href":"https:\/\/www.freebetsinfo.co.uk\/it\/wp-json\/wp\/v2\/pages"}],"about":[{"href":"https:\/\/www.freebetsinfo.co.uk\/it\/wp-json\/wp\/v2\/types\/page"}],"author":[{"embeddable":true,"href":"https:\/\/www.freebetsinfo.co.uk\/it\/wp-json\/wp\/v2\/users\/1"}],"replies":[{"embeddable":true,"href":"https:\/\/www.freebetsinfo.co.uk\/it\/wp-json\/wp\/v2\/comments?post=30753"}],"version-history":[{"count":0,"href":"https:\/\/www.freebetsinfo.co.uk\/it\/wp-json\/wp\/v2\/pages\/30753\/revisions"}],"wp:attachment":[{"href":"https:\/\/www.freebetsinfo.co.uk\/it\/wp-json\/wp\/v2\/media?parent=30753"}],"curies":[{"name":"wp","href":"https:\/\/api.w.org\/{rel}","templated":true}]}}