{"id":2224,"date":"2019-10-16T15:49:04","date_gmt":"2019-10-16T15:49:04","guid":{"rendered":"https:\/\/www.freebetsinfo.co.uk\/bookmakers-asia\/"},"modified":"2021-07-09T08:28:32","modified_gmt":"2021-07-09T08:28:32","slug":"bookmakers-da-%c3%81sia","status":"publish","type":"page","link":"https:\/\/www.freebetsinfo.co.uk\/pt-br\/bookmakers-da-%c3%81sia\/","title":{"rendered":"Bookmakers da \u00c1sia"},"content":{"rendered":"<h3><span style=\"color: #808080;\">Melhor casa de apostas asi\u00e1tica<\/span><\/h3>\n<p><span style=\"color: #808080;\">A maioria das casas de apostas asi\u00e1ticas. Existem v\u00e1rios tipos de cassinos na Internet. H\u00e1 uma longa tradi\u00e7\u00e3o de apostas em videogames, que durar\u00e1 centenas de anos. Na verdade, a \u00c1sia \u00e9 um campo de jogos. Um dos maiores mercados mundiais de videogames,<\/span><br \/>\n<span style=\"color: #808080;\">Com o desenvolvimento dos cassinos online, a \u00c1sia pode crescer ainda mais. Jogadores que procuram cassinos online na \u00c1sia. Em conclus\u00e3o, incluindo empresas de jogos chinesas. Diferentes operadores de cassino.<\/span><\/p>\n<h3><span style=\"color: #808080;\">Um grande n\u00famero de videogames online.<\/span><\/h3>\n<p><span style=\"color: #808080;\">As casas de apostas asi\u00e1ticas conhecem muitos pa\u00edses asi\u00e1ticos. Eles s\u00e3o todos pa\u00edses isl\u00e2micos e n\u00e3o s\u00e3o permitidos. Fa\u00e7a qualquer forma de aposta. Voc\u00ea pode encontrar restri\u00e7\u00f5es em muitos pa\u00edses \/ regi\u00f5es. Existem restri\u00e7\u00f5es aos casinos f\u00edsicos,<\/span><\/p>\n<h3><span style=\"color: #808080;\">Empresa Asi\u00e1tica de Jogos.<\/span><\/h3>\n<p><span style=\"color: #808080;\">Por exemplo, o governo indon\u00e9sio. Qualquer forma de jogo foi proibida, mas \u00e9 f\u00e1cil de aceitar. Em conclus\u00e3o, residentes pr\u00f3ximos apostando em cassinos da Internet.<\/span><br \/>\n<span style=\"color: #808080;\">Encontre cassinos online na Indon\u00e9sia. O governo fechou os cassinos online locais e autoridades relacionadas nas proximidades. Normalmente limitado a outros locais de hospedagem. O uso de casinos online asi\u00e1ticos n\u00e3o \u00e9 eficiente.<\/span><\/p>\n<h3><span style=\"color: #808080;\">Voc\u00ea est\u00e1 procurando o melhor cassino online da \u00c1sia<\/span><\/h3>\n<p><span style=\"color: #808080;\">Voc\u00ea ver\u00e1 a \u00e1rea. Todos os melhores cassinos. Ambos mant\u00eam o vocabul\u00e1rio oriental e admitem apostar com a moeda pr\u00f3xima, o yuan chin\u00eas. Al\u00e9m disso, qualquer organiza\u00e7\u00e3o de jogos de azar na Internet. Principais pa\u00edses asi\u00e1ticos. Todas as apostas no novo d\u00f3lar taiwan\u00eas, iene japon\u00eas e d\u00f3lar de Hong Kong s\u00e3o bem-vindas.<\/span><\/p>\n<p><span style=\"color: #808080;\">Isso torna os casinos online asi\u00e1ticos. Torne-se de um pa\u00eds asi\u00e1tico. E a primeira escolha de muitos jogadores em outros pa\u00edses, porque muitos deles s\u00e3o sites de apostas. Apostas em d\u00f3lares americanos e euros tamb\u00e9m s\u00e3o aceitas. Voc\u00ea tamb\u00e9m deve se lembrar que a maioria das maiores casas de apostas. Casino baseado na Internet. Todos os apostadores para bolsas asi\u00e1ticas. Fornece servi\u00e7os de jogos de azar.<\/span><\/p>\n<h3><span style=\"color: #808080;\">Casino online da China<\/span><\/h3>\n<p><span style=\"color: #808080;\">Normalmente suporta v\u00e1rias moedas. M\u00faltiplas op\u00e7\u00f5es de pagamento e retirada, que fazem jogadores de todo o mundo. Pode ser em cassinos asi\u00e1ticos. Em conclus\u00e3o, jogue videogames de cassino. M\u00e9todos espec\u00edficos de dep\u00f3sito de dep\u00f3sito, v\u00e1rios estabelecimentos de jogo podem ajudar um. outro. Como PayPal, Neteller ou Skrill. A maioria dos pa\u00edses asi\u00e1ticos.<\/span><\/p>\n<h3><span style=\"color: #808080;\">Aposte no casino online da casa de apostas asi\u00e1tica<\/span><\/h3>\n<p><span style=\"color: #808080;\">No casino da Internet. Jogos asi\u00e1ticos s\u00e3o fornecidos com jogadores. No casino online l\u00edder. Voc\u00ea pode encontrar exatamente os mesmos jogos de cassino online, incluindo jogos de mesa, ca\u00e7a-n\u00edqueis e v\u00eddeo p\u00f4quer.<\/span><\/p>\n<p><span style=\"color: #808080;\">E a primeira escolha de muitos jogadores em outros pa\u00edses, porque muitos deles s\u00e3o sites de apostas. Apostas em d\u00f3lares americanos e euros tamb\u00e9m s\u00e3o aceitas. Voc\u00ea tamb\u00e9m deve se lembrar que a maioria das maiores casas de apostas. Casino baseado na Internet.<\/span><\/p>\n<h3><span style=\"color: #808080;\">Os casinos online mais importantes da \u00c1sia<\/span><\/h3>\n<p><span style=\"color: #808080;\">Fornecer locais de jogos de azar online para videogames, em conclus\u00e3o, onde o p\u00f4quer est\u00e1 nesta categoria particular. O jogo mais famoso. M\u00e1quinas ca\u00e7a-n\u00edqueis de v\u00eddeo e p\u00f4quer de v\u00eddeo online.<\/span><\/p>\n<h3><span style=\"color: #808080;\">Pa\u00edses asi\u00e1ticos jogando jogos de cassino online<\/span><\/h3>\n<p><span style=\"color: #808080;\">Morando em um pa\u00eds da regi\u00e3o, voc\u00ea deve ter em mente que voc\u00ea pode acessar seu site espec\u00edfico com restri\u00e7\u00f5es relacionadas ao uso online, que \u00e9 mais popular em cassinos online na \u00c1sia. Se for esse o caso, por favor. Considere o uso de servi\u00e7os VPN para fazer apostas. E desfrute de jogos online de casino na Internet. Todos fornecem servi\u00e7os de jogos de azar m\u00f3veis e t\u00eam aplicativos de apostas m\u00f3veis para tornar mais f\u00e1cil para os jogadores. Jogue em cassinos online pr\u00f3ximos<\/span><\/p>\n","protected":false},"excerpt":{"rendered":"Melhor casa de apostas asi\u00e1tica A maioria das casas de apostas asi\u00e1ticas. Existem v\u00e1rios tipos de cassinos na Internet. H\u00e1 uma longa tradi\u00e7\u00e3o de apostas em videogames, que durar\u00e1 centenas de anos. Na verdade, a \u00c1sia \u00e9 um campo de jogos. Um dos maiores mercados mundiais de videogames, Com o desenvolvimento dos cassinos online, a&#8230; <a class=\"view-article\" href=\"https:\/\/www.freebetsinfo.co.uk\/pt-br\/bookmakers-da-%c3%81sia\/\">Ver artigo<\/a>","protected":false},"author":1,"featured_media":0,"parent":0,"menu_order":0,"comment_status":"closed","ping_status":"closed","template":"asia-sports-page-template.php","meta":{"_uag_custom_page_level_css":"","footnotes":""},"class_list":["post-2224","page","type-page","status-publish","hentry"],"yoast_head":"<!-- This site is optimized with the Yoast SEO Premium plugin v19.5 (Yoast SEO v27.5) - https:\/\/yoast.com\/product\/yoast-seo-premium-wordpress\/ -->\n<title>Bookmakers da \u00c1sia , Classifica\u00e7\u00e3o de classifica\u00e7\u00e3o de casas de apostas asi\u00e1ticas.<\/title>\n<meta name=\"description\" content=\"Bookmakers da \u00c1sia , Classifica\u00e7\u00e3o de classifica\u00e7\u00e3o de casas de apostas asi\u00e1ticas, as melhores casas de apostas online da \u00c1sia com o maior n\u00famero de ofertas e os levantamentos mais r\u00e1pidos.\" \/>\n<meta name=\"robots\" content=\"index, follow, max-snippet:-1, max-image-preview:large, max-video-preview:-1\" \/>\n<link rel=\"canonical\" href=\"https:\/\/www.freebetsinfo.co.uk\/pt-br\/bookmakers-da-%c3%81sia\/\" \/>\n<meta property=\"og:locale\" content=\"pt_BR\" \/>\n<meta property=\"og:type\" content=\"article\" \/>\n<meta property=\"og:title\" content=\"Bookmakers da \u00c1sia\" \/>\n<meta property=\"og:description\" content=\"Bookmakers da \u00c1sia , Classifica\u00e7\u00e3o de classifica\u00e7\u00e3o de casas de apostas asi\u00e1ticas, as melhores casas de apostas online da \u00c1sia com o maior n\u00famero de ofertas e os levantamentos mais r\u00e1pidos.\" \/>\n<meta property=\"og:url\" content=\"https:\/\/www.freebetsinfo.co.uk\/pt-br\/bookmakers-da-%c3%81sia\/\" \/>\n<meta property=\"og:site_name\" content=\"Apostas Gr\u00e1tis, Apostas Desportivas, Apostas Online\" \/>\n<meta property=\"article:modified_time\" content=\"2021-07-09T08:28:32+00:00\" \/>\n<meta name=\"twitter:card\" content=\"summary_large_image\" \/>\n<meta name=\"twitter:label1\" content=\"Est. tempo de leitura\" \/>\n\t<meta name=\"twitter:data1\" content=\"3 minutos\" \/>\n<script type=\"application\/ld+json\" class=\"yoast-schema-graph\">{\"@context\":\"https:\\\/\\\/schema.org\",\"@graph\":[{\"@type\":\"WebPage\",\"@id\":\"https:\\\/\\\/www.freebetsinfo.co.uk\\\/pt-br\\\/bookmakers-da-%c3%81sia\\\/\",\"url\":\"https:\\\/\\\/www.freebetsinfo.co.uk\\\/pt-br\\\/bookmakers-da-%c3%81sia\\\/\",\"name\":\"Bookmakers da \u00c1sia , Classifica\u00e7\u00e3o de classifica\u00e7\u00e3o de casas de apostas asi\u00e1ticas.\",\"isPartOf\":{\"@id\":\"https:\\\/\\\/www.freebetsinfo.co.uk\\\/pt-br\\\/#website\"},\"datePublished\":\"2019-10-16T15:49:04+00:00\",\"dateModified\":\"2021-07-09T08:28:32+00:00\",\"description\":\"Bookmakers da \u00c1sia , Classifica\u00e7\u00e3o de classifica\u00e7\u00e3o de casas de apostas asi\u00e1ticas, as melhores casas de apostas online da \u00c1sia com o maior n\u00famero de ofertas e os levantamentos mais r\u00e1pidos.\",\"breadcrumb\":{\"@id\":\"https:\\\/\\\/www.freebetsinfo.co.uk\\\/pt-br\\\/bookmakers-da-%c3%81sia\\\/#breadcrumb\"},\"inLanguage\":\"pt-BR\",\"potentialAction\":[{\"@type\":\"ReadAction\",\"target\":[\"https:\\\/\\\/www.freebetsinfo.co.uk\\\/pt-br\\\/bookmakers-da-%c3%81sia\\\/\"]}]},{\"@type\":\"BreadcrumbList\",\"@id\":\"https:\\\/\\\/www.freebetsinfo.co.uk\\\/pt-br\\\/bookmakers-da-%c3%81sia\\\/#breadcrumb\",\"itemListElement\":[{\"@type\":\"ListItem\",\"position\":1,\"name\":\"Home\",\"item\":\"https:\\\/\\\/www.freebetsinfo.co.uk\\\/pt-br\\\/\"},{\"@type\":\"ListItem\",\"position\":2,\"name\":\"Bookmakers da \u00c1sia\"}]},{\"@type\":\"WebSite\",\"@id\":\"https:\\\/\\\/www.freebetsinfo.co.uk\\\/pt-br\\\/#website\",\"url\":\"https:\\\/\\\/www.freebetsinfo.co.uk\\\/pt-br\\\/\",\"name\":\"Apostas Gr\u00e1tis, Apostas Desportivas, Apostas Online\",\"description\":\"Melhores C\u00f3digos de B\u00f4nus de Apostas Online e Casino sem Dep\u00f3sito! \u2705Coment\u00e1rios sobre os principais sites de apostas online, \u2705Melhores b\u00f4nus de cassinos online!\",\"potentialAction\":[{\"@type\":\"SearchAction\",\"target\":{\"@type\":\"EntryPoint\",\"urlTemplate\":\"https:\\\/\\\/www.freebetsinfo.co.uk\\\/pt-br\\\/?s={search_term_string}\"},\"query-input\":{\"@type\":\"PropertyValueSpecification\",\"valueRequired\":true,\"valueName\":\"search_term_string\"}}],\"inLanguage\":\"pt-BR\"}]}<\/script>\n<!-- \/ Yoast SEO Premium plugin. -->","yoast_head_json":{"title":"Bookmakers da \u00c1sia , Classifica\u00e7\u00e3o de classifica\u00e7\u00e3o de casas de apostas asi\u00e1ticas.","description":"Bookmakers da \u00c1sia , Classifica\u00e7\u00e3o de classifica\u00e7\u00e3o de casas de apostas asi\u00e1ticas, as melhores casas de apostas online da \u00c1sia com o maior n\u00famero de ofertas e os levantamentos mais r\u00e1pidos.","robots":{"index":"index","follow":"follow","max-snippet":"max-snippet:-1","max-image-preview":"max-image-preview:large","max-video-preview":"max-video-preview:-1"},"canonical":"https:\/\/www.freebetsinfo.co.uk\/pt-br\/bookmakers-da-%c3%81sia\/","og_locale":"pt_BR","og_type":"article","og_title":"Bookmakers da \u00c1sia","og_description":"Bookmakers da \u00c1sia , Classifica\u00e7\u00e3o de classifica\u00e7\u00e3o de casas de apostas asi\u00e1ticas, as melhores casas de apostas online da \u00c1sia com o maior n\u00famero de ofertas e os levantamentos mais r\u00e1pidos.","og_url":"https:\/\/www.freebetsinfo.co.uk\/pt-br\/bookmakers-da-%c3%81sia\/","og_site_name":"Apostas Gr\u00e1tis, Apostas Desportivas, Apostas Online","article_modified_time":"2021-07-09T08:28:32+00:00","twitter_card":"summary_large_image","twitter_misc":{"Est. tempo de leitura":"3 minutos"},"schema":{"@context":"https:\/\/schema.org","@graph":[{"@type":"WebPage","@id":"https:\/\/www.freebetsinfo.co.uk\/pt-br\/bookmakers-da-%c3%81sia\/","url":"https:\/\/www.freebetsinfo.co.uk\/pt-br\/bookmakers-da-%c3%81sia\/","name":"Bookmakers da \u00c1sia , Classifica\u00e7\u00e3o de classifica\u00e7\u00e3o de casas de apostas asi\u00e1ticas.","isPartOf":{"@id":"https:\/\/www.freebetsinfo.co.uk\/pt-br\/#website"},"datePublished":"2019-10-16T15:49:04+00:00","dateModified":"2021-07-09T08:28:32+00:00","description":"Bookmakers da \u00c1sia , Classifica\u00e7\u00e3o de classifica\u00e7\u00e3o de casas de apostas asi\u00e1ticas, as melhores casas de apostas online da \u00c1sia com o maior n\u00famero de ofertas e os levantamentos mais r\u00e1pidos.","breadcrumb":{"@id":"https:\/\/www.freebetsinfo.co.uk\/pt-br\/bookmakers-da-%c3%81sia\/#breadcrumb"},"inLanguage":"pt-BR","potentialAction":[{"@type":"ReadAction","target":["https:\/\/www.freebetsinfo.co.uk\/pt-br\/bookmakers-da-%c3%81sia\/"]}]},{"@type":"BreadcrumbList","@id":"https:\/\/www.freebetsinfo.co.uk\/pt-br\/bookmakers-da-%c3%81sia\/#breadcrumb","itemListElement":[{"@type":"ListItem","position":1,"name":"Home","item":"https:\/\/www.freebetsinfo.co.uk\/pt-br\/"},{"@type":"ListItem","position":2,"name":"Bookmakers da \u00c1sia"}]},{"@type":"WebSite","@id":"https:\/\/www.freebetsinfo.co.uk\/pt-br\/#website","url":"https:\/\/www.freebetsinfo.co.uk\/pt-br\/","name":"Apostas Gr\u00e1tis, Apostas Desportivas, Apostas Online","description":"Melhores C\u00f3digos de B\u00f4nus de Apostas Online e Casino sem Dep\u00f3sito! \u2705Coment\u00e1rios sobre os principais sites de apostas online, \u2705Melhores b\u00f4nus de cassinos online!","potentialAction":[{"@type":"SearchAction","target":{"@type":"EntryPoint","urlTemplate":"https:\/\/www.freebetsinfo.co.uk\/pt-br\/?s={search_term_string}"},"query-input":{"@type":"PropertyValueSpecification","valueRequired":true,"valueName":"search_term_string"}}],"inLanguage":"pt-BR"}]}},"uagb_featured_image_src":{"full":false,"thumbnail":false,"medium":false,"medium_large":false,"large":false,"1536x1536":false,"2048x2048":false,"small":false,"custom-size":false},"uagb_author_info":{"display_name":"\u7ba1\u7406","author_link":"https:\/\/www.freebetsinfo.co.uk\/pt-br\/author\/kdfl4q\/"},"uagb_comment_info":0,"uagb_excerpt":"Melhor casa de apostas asi\u00e1tica A maioria das casas de apostas asi\u00e1ticas. Existem v\u00e1rios tipos de cassinos na Internet. H\u00e1 uma longa tradi\u00e7\u00e3o de apostas em videogames, que durar\u00e1 centenas de anos. Na verdade, a \u00c1sia \u00e9 um campo de jogos. Um dos maiores mercados mundiais de videogames, Com o desenvolvimento dos cassinos online, a...&hellip;","_links":{"self":[{"href":"https:\/\/www.freebetsinfo.co.uk\/pt-br\/wp-json\/wp\/v2\/pages\/2224","targetHints":{"allow":["GET"]}}],"collection":[{"href":"https:\/\/www.freebetsinfo.co.uk\/pt-br\/wp-json\/wp\/v2\/pages"}],"about":[{"href":"https:\/\/www.freebetsinfo.co.uk\/pt-br\/wp-json\/wp\/v2\/types\/page"}],"author":[{"embeddable":true,"href":"https:\/\/www.freebetsinfo.co.uk\/pt-br\/wp-json\/wp\/v2\/users\/1"}],"replies":[{"embeddable":true,"href":"https:\/\/www.freebetsinfo.co.uk\/pt-br\/wp-json\/wp\/v2\/comments?post=2224"}],"version-history":[{"count":0,"href":"https:\/\/www.freebetsinfo.co.uk\/pt-br\/wp-json\/wp\/v2\/pages\/2224\/revisions"}],"wp:attachment":[{"href":"https:\/\/www.freebetsinfo.co.uk\/pt-br\/wp-json\/wp\/v2\/media?parent=2224"}],"curies":[{"name":"wp","href":"https:\/\/api.w.org\/{rel}","templated":true}]}}