{"id":2229,"date":"2019-10-22T22:28:43","date_gmt":"2019-10-22T22:28:43","guid":{"rendered":"https:\/\/www.freebetsinfo.co.uk\/ofertas-de-apostas\/pokerstars-get-30-em-jogo-gratis\/"},"modified":"2019-10-22T22:28:43","modified_gmt":"2019-10-22T22:28:43","slug":"pokerstars-get-30-em-jogo-gratis","status":"publish","type":"page","link":"https:\/\/www.freebetsinfo.co.uk\/pt-br\/ofertas-de-apostas\/pokerstars-get-30-em-jogo-gratis\/","title":{"rendered":"PokerStars-Get $30 em jogo gr\u00e1tis"},"content":{"rendered":"<h2><strong><a href=\"https:\/\/www.freebetsinfo.co.uk\/go\/dafabet\">PokerStars<\/a> Realize muito mais com $30 em incentivos encorajados!<\/strong><\/h2>\n<p>Preparado para obst\u00e1culo para pr\u00eamios em dinheiro real e hop para a maior sele\u00e7\u00e3o de jogos de v\u00eddeo em qualquer lugar na Internet? Kick-comece sua aventura de dinheiro real com $30 executar extra!<\/p>\n<p><a href=\"https:\/\/www.freebetsinfo.co.uk\/go\/dafabet\">PokerStars<\/a> Este distinto delicioso fornecer est\u00e1 aberto a novos jogadores e alegando $30 \u00e9 f\u00e1cil.<\/p>\n<p><strong>Veja como voc\u00ea pode afirmar:<\/strong><\/p>\n<ul>\n<li>Visite o caixa<\/li>\n<li>Crie um primeiro downpayment de $20 ou talvez mais<\/li>\n<li>Use o c\u00f3digo de computador do benef\u00edcio &#8216; trinta &#8216; uma vez que voc\u00ea para baixo pagamento<\/li>\n<\/ul>\n<p><strong><a href=\"https:\/\/www.freebetsinfo.co.uk\/go\/dafabet\">Pokerstars<\/a> $2000000 Whirl Go &#8216; s extra!<\/strong><\/p>\n<ul>\n<li>Aproveite para at\u00e9 $2000000 no novo $5 &#8220;spin&#8221; Go &#8216; s, ou ter uma chance de tanto quanto $3000000 para $40. A sele\u00e7\u00e3o \u00e9 aquela que voc\u00ea tem.<\/li>\n<li>Spin Go &#8216; s s\u00e3o torneios de poker de ritmo acelerado, onde voc\u00ea pode ganhar pr\u00eamios enormes em poucos minutos. Agora, ativamente jogando spin Go &#8216; s poderia Web voc\u00ea um eyesight-popping $3000000!<\/li>\n<li>Voc\u00ea \u00e9 capaz de executar dois m\u00ednimo-modelo Whirl Go &#8216; s hoje, cada um com grandes piscinas de recompensa potenciais:<\/li>\n<li>Get-in para $5 a experi\u00eancia para aproximadamente $2000000<\/li>\n<li>Buy-in para $40 para jogar por tanto quanto $3000000<\/li>\n<li>Os torneios come\u00e7am uma vez que tr\u00eas jogadores s\u00e3o autorizados. Ent\u00e3o, Basta assistir o spinner no meio da mesa para ver o quanto os fundos que voc\u00ea poderia ganhar.<\/li>\n<li>100 primeiro benef\u00edcio de downpayment<\/li>\n<li>Crie o seu primeiro dinheiro real para baixo pagamento fazendo uso do c\u00f3digo de programa de b\u00f4nus adicionado &#8216; STARS600 &#8216;, e que vamos dar-lhe um b\u00f4nus de 100 adicionado tanto quanto $600. Para reivindicar o valor total do b\u00f4nus adicionado, voc\u00ea pode fazer cerca de tr\u00eas dep\u00f3sitos aprovados em 60 dias.<\/li>\n<li>Adicionalmente, para baixo o pagamento que utiliza o c\u00f3digo &#8216; trinta &#8216; e o estado $30 de livre apreciam.<\/li>\n<\/ul>\n<p><strong>Condi\u00e7\u00f5es de terminologia<\/strong><\/p>\n<ul>\n<li>O $3000000 e $2000000 spin go publicidade \u00e9 uma mercadoria tempor\u00e1ria fornecendo que est\u00e1 dispon\u00edvel durante per\u00edodos espec\u00edficos de marketing apenas.<\/li>\n<li>Apenas $40 torneios spin Go de Buy-in s\u00e3o eleg\u00edveis para o pr\u00e9mio de $3M e os torneios $5 spin go s\u00e3o eleg\u00edveis para essa recompensa de $2M. Outros torneios &#8220;spin&#8221; go mant\u00eam seus pr\u00eamios normais-tanto quanto 10.000 ocasi\u00f5es o Get-in.<\/li>\n<li>7 no $40 Get-in $3000000 Whirl go compra-ins vai para rake.<\/li>\n<li>8 na compra $5-em $2000000 spin go Get-ins vai para rake.<\/li>\n<li>Reservamo-nos o direito legal de encerrar, alterar ou suspender o marketing sempre que quiser.<\/li>\n<\/ul>\n<p><strong>Para aqueles que t\u00eam perguntas sobre o m\u00ednimo-modelo &#8220;spin&#8221; go Tourneys, fa\u00e7a contato com o suporte.<\/strong><\/p>\n","protected":false},"excerpt":{"rendered":"Ofertas especiais no maior site de poker online do mundo","protected":false},"author":1,"featured_media":2230,"parent":2225,"menu_order":0,"comment_status":"closed","ping_status":"closed","template":"single-offer-template.php","meta":{"_uag_custom_page_level_css":"","footnotes":""},"class_list":["post-2229","page","type-page","status-publish","has-post-thumbnail","hentry"],"yoast_head":"<!-- This site is optimized with the Yoast SEO Premium plugin v19.5 (Yoast SEO v27.5) - https:\/\/yoast.com\/product\/yoast-seo-premium-wordpress\/ -->\n<title>PokerStars-Get $30 em jogo gr\u00e1tis, aposta gr\u00e1tis sem b\u00f3nus de dep\u00f3sito<\/title>\n<meta name=\"description\" content=\"PokerStars-Get $30 em jogo gr\u00e1tis, Free Bet nenhum b\u00f4nus de dep\u00f3sito, obter $30 em jogo livre, Barcelona 2020 v\u00e1rias maneiras de ganhar um Platinum Pass vale mais de $26000!\" \/>\n<meta name=\"robots\" content=\"index, follow, max-snippet:-1, max-image-preview:large, max-video-preview:-1\" \/>\n<link rel=\"canonical\" href=\"https:\/\/www.freebetsinfo.co.uk\/pt-br\/ofertas-de-apostas\/pokerstars-get-30-em-jogo-gratis\/\" \/>\n<meta property=\"og:locale\" content=\"pt_BR\" \/>\n<meta property=\"og:type\" content=\"article\" \/>\n<meta property=\"og:title\" content=\"PokerStars-Get $30 em jogo gr\u00e1tis\" \/>\n<meta property=\"og:description\" content=\"PokerStars-Get $30 em jogo gr\u00e1tis, Free Bet nenhum b\u00f4nus de dep\u00f3sito, obter $30 em jogo livre, Barcelona 2020 v\u00e1rias maneiras de ganhar um Platinum Pass vale mais de $26000!\" \/>\n<meta property=\"og:url\" content=\"https:\/\/www.freebetsinfo.co.uk\/pt-br\/ofertas-de-apostas\/pokerstars-get-30-em-jogo-gratis\/\" \/>\n<meta property=\"og:site_name\" content=\"Apostas Gr\u00e1tis, Apostas Desportivas, Apostas Online\" \/>\n<meta property=\"og:image\" content=\"https:\/\/www.freebetsinfo.co.uk\/wp-content\/uploads\/2019\/09\/pokerstars.jpg\" \/>\n\t<meta property=\"og:image:width\" content=\"700\" \/>\n\t<meta property=\"og:image:height\" content=\"389\" \/>\n\t<meta property=\"og:image:type\" content=\"image\/jpeg\" \/>\n<meta name=\"twitter:card\" content=\"summary_large_image\" \/>\n<meta name=\"twitter:label1\" content=\"Est. tempo de leitura\" \/>\n\t<meta name=\"twitter:data1\" content=\"2 minutos\" \/>\n<script type=\"application\/ld+json\" class=\"yoast-schema-graph\">{\"@context\":\"https:\\\/\\\/schema.org\",\"@graph\":[{\"@type\":\"WebPage\",\"@id\":\"https:\\\/\\\/www.freebetsinfo.co.uk\\\/pt-br\\\/ofertas-de-apostas\\\/pokerstars-get-30-em-jogo-gratis\\\/\",\"url\":\"https:\\\/\\\/www.freebetsinfo.co.uk\\\/pt-br\\\/ofertas-de-apostas\\\/pokerstars-get-30-em-jogo-gratis\\\/\",\"name\":\"PokerStars-Get $30 em jogo gr\u00e1tis, aposta gr\u00e1tis sem b\u00f3nus de dep\u00f3sito\",\"isPartOf\":{\"@id\":\"https:\\\/\\\/www.freebetsinfo.co.uk\\\/pt-br\\\/#website\"},\"primaryImageOfPage\":{\"@id\":\"https:\\\/\\\/www.freebetsinfo.co.uk\\\/pt-br\\\/ofertas-de-apostas\\\/pokerstars-get-30-em-jogo-gratis\\\/#primaryimage\"},\"image\":{\"@id\":\"https:\\\/\\\/www.freebetsinfo.co.uk\\\/pt-br\\\/ofertas-de-apostas\\\/pokerstars-get-30-em-jogo-gratis\\\/#primaryimage\"},\"thumbnailUrl\":\"https:\\\/\\\/www.freebetsinfo.co.uk\\\/wp-content\\\/uploads\\\/2019\\\/09\\\/pokerstars.jpg\",\"datePublished\":\"2019-10-22T22:28:43+00:00\",\"description\":\"PokerStars-Get $30 em jogo gr\u00e1tis, Free Bet nenhum b\u00f4nus de dep\u00f3sito, obter $30 em jogo livre, Barcelona 2020 v\u00e1rias maneiras de ganhar um Platinum Pass vale mais de $26000!\",\"breadcrumb\":{\"@id\":\"https:\\\/\\\/www.freebetsinfo.co.uk\\\/pt-br\\\/ofertas-de-apostas\\\/pokerstars-get-30-em-jogo-gratis\\\/#breadcrumb\"},\"inLanguage\":\"pt-BR\",\"potentialAction\":[{\"@type\":\"ReadAction\",\"target\":[\"https:\\\/\\\/www.freebetsinfo.co.uk\\\/pt-br\\\/ofertas-de-apostas\\\/pokerstars-get-30-em-jogo-gratis\\\/\"]}]},{\"@type\":\"ImageObject\",\"inLanguage\":\"pt-BR\",\"@id\":\"https:\\\/\\\/www.freebetsinfo.co.uk\\\/pt-br\\\/ofertas-de-apostas\\\/pokerstars-get-30-em-jogo-gratis\\\/#primaryimage\",\"url\":\"https:\\\/\\\/www.freebetsinfo.co.uk\\\/wp-content\\\/uploads\\\/2019\\\/09\\\/pokerstars.jpg\",\"contentUrl\":\"https:\\\/\\\/www.freebetsinfo.co.uk\\\/wp-content\\\/uploads\\\/2019\\\/09\\\/pokerstars.jpg\",\"width\":700,\"height\":389,\"caption\":\"PokerStars-Get $30 em jogo gr\u00e1tis\"},{\"@type\":\"BreadcrumbList\",\"@id\":\"https:\\\/\\\/www.freebetsinfo.co.uk\\\/pt-br\\\/ofertas-de-apostas\\\/pokerstars-get-30-em-jogo-gratis\\\/#breadcrumb\",\"itemListElement\":[{\"@type\":\"ListItem\",\"position\":1,\"name\":\"Home\",\"item\":\"https:\\\/\\\/www.freebetsinfo.co.uk\\\/pt-br\\\/\"},{\"@type\":\"ListItem\",\"position\":2,\"name\":\"Ofertas de apostas\",\"item\":\"https:\\\/\\\/www.freebetsinfo.co.uk\\\/pt-br\\\/ofertas-de-apostas\\\/\"},{\"@type\":\"ListItem\",\"position\":3,\"name\":\"PokerStars-Get $30 em jogo gr\u00e1tis\"}]},{\"@type\":\"WebSite\",\"@id\":\"https:\\\/\\\/www.freebetsinfo.co.uk\\\/pt-br\\\/#website\",\"url\":\"https:\\\/\\\/www.freebetsinfo.co.uk\\\/pt-br\\\/\",\"name\":\"Apostas Gr\u00e1tis, Apostas Desportivas, Apostas Online\",\"description\":\"Melhores C\u00f3digos de B\u00f4nus de Apostas Online e Casino sem Dep\u00f3sito! \u2705Coment\u00e1rios sobre os principais sites de apostas online, \u2705Melhores b\u00f4nus de cassinos online!\",\"potentialAction\":[{\"@type\":\"SearchAction\",\"target\":{\"@type\":\"EntryPoint\",\"urlTemplate\":\"https:\\\/\\\/www.freebetsinfo.co.uk\\\/pt-br\\\/?s={search_term_string}\"},\"query-input\":{\"@type\":\"PropertyValueSpecification\",\"valueRequired\":true,\"valueName\":\"search_term_string\"}}],\"inLanguage\":\"pt-BR\"}]}<\/script>\n<!-- \/ Yoast SEO Premium plugin. -->","yoast_head_json":{"title":"PokerStars-Get $30 em jogo gr\u00e1tis, aposta gr\u00e1tis sem b\u00f3nus de dep\u00f3sito","description":"PokerStars-Get $30 em jogo gr\u00e1tis, Free Bet nenhum b\u00f4nus de dep\u00f3sito, obter $30 em jogo livre, Barcelona 2020 v\u00e1rias maneiras de ganhar um Platinum Pass vale mais de $26000!","robots":{"index":"index","follow":"follow","max-snippet":"max-snippet:-1","max-image-preview":"max-image-preview:large","max-video-preview":"max-video-preview:-1"},"canonical":"https:\/\/www.freebetsinfo.co.uk\/pt-br\/ofertas-de-apostas\/pokerstars-get-30-em-jogo-gratis\/","og_locale":"pt_BR","og_type":"article","og_title":"PokerStars-Get $30 em jogo gr\u00e1tis","og_description":"PokerStars-Get $30 em jogo gr\u00e1tis, Free Bet nenhum b\u00f4nus de dep\u00f3sito, obter $30 em jogo livre, Barcelona 2020 v\u00e1rias maneiras de ganhar um Platinum Pass vale mais de $26000!","og_url":"https:\/\/www.freebetsinfo.co.uk\/pt-br\/ofertas-de-apostas\/pokerstars-get-30-em-jogo-gratis\/","og_site_name":"Apostas Gr\u00e1tis, Apostas Desportivas, Apostas Online","og_image":[{"width":700,"height":389,"url":"https:\/\/www.freebetsinfo.co.uk\/wp-content\/uploads\/2019\/09\/pokerstars.jpg","type":"image\/jpeg"}],"twitter_card":"summary_large_image","twitter_misc":{"Est. tempo de leitura":"2 minutos"},"schema":{"@context":"https:\/\/schema.org","@graph":[{"@type":"WebPage","@id":"https:\/\/www.freebetsinfo.co.uk\/pt-br\/ofertas-de-apostas\/pokerstars-get-30-em-jogo-gratis\/","url":"https:\/\/www.freebetsinfo.co.uk\/pt-br\/ofertas-de-apostas\/pokerstars-get-30-em-jogo-gratis\/","name":"PokerStars-Get $30 em jogo gr\u00e1tis, aposta gr\u00e1tis sem b\u00f3nus de dep\u00f3sito","isPartOf":{"@id":"https:\/\/www.freebetsinfo.co.uk\/pt-br\/#website"},"primaryImageOfPage":{"@id":"https:\/\/www.freebetsinfo.co.uk\/pt-br\/ofertas-de-apostas\/pokerstars-get-30-em-jogo-gratis\/#primaryimage"},"image":{"@id":"https:\/\/www.freebetsinfo.co.uk\/pt-br\/ofertas-de-apostas\/pokerstars-get-30-em-jogo-gratis\/#primaryimage"},"thumbnailUrl":"https:\/\/www.freebetsinfo.co.uk\/wp-content\/uploads\/2019\/09\/pokerstars.jpg","datePublished":"2019-10-22T22:28:43+00:00","description":"PokerStars-Get $30 em jogo gr\u00e1tis, Free Bet nenhum b\u00f4nus de dep\u00f3sito, obter $30 em jogo livre, Barcelona 2020 v\u00e1rias maneiras de ganhar um Platinum Pass vale mais de $26000!","breadcrumb":{"@id":"https:\/\/www.freebetsinfo.co.uk\/pt-br\/ofertas-de-apostas\/pokerstars-get-30-em-jogo-gratis\/#breadcrumb"},"inLanguage":"pt-BR","potentialAction":[{"@type":"ReadAction","target":["https:\/\/www.freebetsinfo.co.uk\/pt-br\/ofertas-de-apostas\/pokerstars-get-30-em-jogo-gratis\/"]}]},{"@type":"ImageObject","inLanguage":"pt-BR","@id":"https:\/\/www.freebetsinfo.co.uk\/pt-br\/ofertas-de-apostas\/pokerstars-get-30-em-jogo-gratis\/#primaryimage","url":"https:\/\/www.freebetsinfo.co.uk\/wp-content\/uploads\/2019\/09\/pokerstars.jpg","contentUrl":"https:\/\/www.freebetsinfo.co.uk\/wp-content\/uploads\/2019\/09\/pokerstars.jpg","width":700,"height":389,"caption":"PokerStars-Get $30 em jogo gr\u00e1tis"},{"@type":"BreadcrumbList","@id":"https:\/\/www.freebetsinfo.co.uk\/pt-br\/ofertas-de-apostas\/pokerstars-get-30-em-jogo-gratis\/#breadcrumb","itemListElement":[{"@type":"ListItem","position":1,"name":"Home","item":"https:\/\/www.freebetsinfo.co.uk\/pt-br\/"},{"@type":"ListItem","position":2,"name":"Ofertas de apostas","item":"https:\/\/www.freebetsinfo.co.uk\/pt-br\/ofertas-de-apostas\/"},{"@type":"ListItem","position":3,"name":"PokerStars-Get $30 em jogo gr\u00e1tis"}]},{"@type":"WebSite","@id":"https:\/\/www.freebetsinfo.co.uk\/pt-br\/#website","url":"https:\/\/www.freebetsinfo.co.uk\/pt-br\/","name":"Apostas Gr\u00e1tis, Apostas Desportivas, Apostas Online","description":"Melhores C\u00f3digos de B\u00f4nus de Apostas Online e Casino sem Dep\u00f3sito! \u2705Coment\u00e1rios sobre os principais sites de apostas online, \u2705Melhores b\u00f4nus de cassinos online!","potentialAction":[{"@type":"SearchAction","target":{"@type":"EntryPoint","urlTemplate":"https:\/\/www.freebetsinfo.co.uk\/pt-br\/?s={search_term_string}"},"query-input":{"@type":"PropertyValueSpecification","valueRequired":true,"valueName":"search_term_string"}}],"inLanguage":"pt-BR"}]}},"uagb_featured_image_src":{"full":["https:\/\/www.freebetsinfo.co.uk\/wp-content\/uploads\/2019\/09\/pokerstars.jpg",700,389,false],"thumbnail":["https:\/\/www.freebetsinfo.co.uk\/wp-content\/uploads\/2019\/09\/pokerstars-150x150.jpg",150,150,true],"medium":["https:\/\/www.freebetsinfo.co.uk\/wp-content\/uploads\/2019\/09\/pokerstars-250x139.jpg",250,139,true],"medium_large":["https:\/\/www.freebetsinfo.co.uk\/wp-content\/uploads\/2019\/09\/pokerstars.jpg",700,389,false],"large":["https:\/\/www.freebetsinfo.co.uk\/wp-content\/uploads\/2019\/09\/pokerstars-700x389.jpg",700,389,true],"1536x1536":["https:\/\/www.freebetsinfo.co.uk\/wp-content\/uploads\/2019\/09\/pokerstars.jpg",700,389,false],"2048x2048":["https:\/\/www.freebetsinfo.co.uk\/wp-content\/uploads\/2019\/09\/pokerstars.jpg",700,389,false],"small":["https:\/\/www.freebetsinfo.co.uk\/wp-content\/uploads\/2019\/09\/pokerstars-120x67.jpg",120,67,true],"custom-size":["https:\/\/www.freebetsinfo.co.uk\/wp-content\/uploads\/2019\/09\/pokerstars-700x200.jpg",700,200,true]},"uagb_author_info":{"display_name":"\u7ba1\u7406","author_link":"https:\/\/www.freebetsinfo.co.uk\/pt-br\/author\/kdfl4q\/"},"uagb_comment_info":0,"uagb_excerpt":"Ofertas especiais no maior site de poker online do mundo","_links":{"self":[{"href":"https:\/\/www.freebetsinfo.co.uk\/pt-br\/wp-json\/wp\/v2\/pages\/2229","targetHints":{"allow":["GET"]}}],"collection":[{"href":"https:\/\/www.freebetsinfo.co.uk\/pt-br\/wp-json\/wp\/v2\/pages"}],"about":[{"href":"https:\/\/www.freebetsinfo.co.uk\/pt-br\/wp-json\/wp\/v2\/types\/page"}],"author":[{"embeddable":true,"href":"https:\/\/www.freebetsinfo.co.uk\/pt-br\/wp-json\/wp\/v2\/users\/1"}],"replies":[{"embeddable":true,"href":"https:\/\/www.freebetsinfo.co.uk\/pt-br\/wp-json\/wp\/v2\/comments?post=2229"}],"version-history":[{"count":0,"href":"https:\/\/www.freebetsinfo.co.uk\/pt-br\/wp-json\/wp\/v2\/pages\/2229\/revisions"}],"up":[{"embeddable":true,"href":"https:\/\/www.freebetsinfo.co.uk\/pt-br\/wp-json\/wp\/v2\/pages\/2225"}],"wp:featuredmedia":[{"embeddable":true,"href":"https:\/\/www.freebetsinfo.co.uk\/pt-br\/wp-json\/wp\/v2\/media\/2230"}],"wp:attachment":[{"href":"https:\/\/www.freebetsinfo.co.uk\/pt-br\/wp-json\/wp\/v2\/media?parent=2229"}],"curies":[{"name":"wp","href":"https:\/\/api.w.org\/{rel}","templated":true}]}}