{"id":2246,"date":"2017-11-18T06:24:36","date_gmt":"2017-11-18T06:24:36","guid":{"rendered":"https:\/\/www.freebetsinfo.co.uk\/casa\/"},"modified":"2021-08-13T15:13:31","modified_gmt":"2021-08-13T15:13:31","slug":"free-bet-sports-betting-online-bookmakers-betting-info","status":"publish","type":"page","link":"https:\/\/www.freebetsinfo.co.uk\/pt-br\/","title":{"rendered":"Casa"},"content":{"rendered":"<h2><span style=\"color: #999999;\">site de apostas Obtenha as ofertas mais recentes de sites de jogos de azar no Reino Unido<\/span><\/h2>\n<p><span style=\"color: #999999;\">Com rela\u00e7\u00e3o a decidir qual <a style=\"color: #999999;\" href=\"https:\/\/www.freebetsinfo.co.uk\">bookmaker<\/a> apostar por meio de um lote inteiro depende de quais tipos de entrega est\u00e3o dispon\u00edveis para voc\u00ea. <a style=\"color: #999999;\" href=\"https:\/\/www.freebetsinfo.co.uk\/\">site de apostas<\/a> Se voc\u00ea \u00e9 um novo cliente, voc\u00ea estar\u00e1 procurando os melhores b\u00f4nus adicionais incentivados, e quando voc\u00ea for um consumidor preexistente, voc\u00ea acabar\u00e1 procurando por campanhas cont\u00ednuas em seus esportes favoritos.<\/span><\/p>\n<p><span style=\"color: #999999;\">Nossa; por\u00e7\u00e3o de ofertas mais recentes; oferecer\u00e1 a voc\u00ea todas as informa\u00e7\u00f5es de que voc\u00ea precisa, seja ou n\u00e3o um consumidor novo ou atual. Publicamos ofertas di\u00e1rias de cada casa de apostas para lhe oferecer a m\u00e1xima cobertura de seguro da ind\u00fastria de apostas do Reino Unido. Al\u00e9m de mant\u00ea-lo atualizado com as promo\u00e7\u00f5es, tamb\u00e9m forneceremos ofertas diferenciadas de nossos acompanhantes &#8211; garantindo que voc\u00ea ter\u00e1 muito<a style=\"color: #999999;\" href=\"https:\/\/www.freebetsinfo.co.uk\/betting-offers\/\"> melhores ofertas de apostas<\/a> acess\u00edvel.<\/span><\/p>\n<h3><span style=\"color: #999999;\"><a style=\"color: #999999;\" href=\"https:\/\/www.freebetsinfo.co.uk\/\">site de apostas<\/a> Descubra novas casas de apostas no Reino Unido<\/span><\/h3>\n<p><span style=\"color: #999999;\">Se voc\u00ea est\u00e1 apostando h\u00e1 um bom tempo, provavelmente j\u00e1 lan\u00e7ou um saldo em muitas das casas de apostas de grandes t\u00edtulos, para aproveitar suas ofertas de boas-vindas. Procurar novos corretores exige esfor\u00e7o e tempo, muito mais do que o apostador normal tem acess\u00edvel. \u00c9 por isso que produzimos a nossa p\u00e1gina; novos sites de apostas; um guia de ajuda ben\u00e9fico para todas as casas de apostas mais recentes no Reino Unido.<\/span><\/p>\n<p><span style=\"color: #999999;\">Para jogadores habilidosos, inscrever-se em novos sites \u00e9 uma \u00f3tima maneira de tirar o m\u00e1ximo proveito de suas ofertas de boas-vindas, bem como de se fazerem notar em um mercado altamente saturado, suas ofertas tendem a ser generosas em compara\u00e7\u00e3o com as grandes marcas, portanto, novos jogadores devem aproveitar disso tamb\u00e9m.<\/span><\/p>\n<h3><span style=\"color: #999999;\"><a style=\"color: #999999;\" href=\"https:\/\/www.freebetsinfo.co.uk\/\">site de apostas<\/a> Apostas totalmente gr\u00e1tis e entregas encorajadas<\/span><\/h3>\n<p><span style=\"color: #999999;\">N\u00e3o existe refei\u00e7\u00e3o gratuita na vida cotidiana, assim como pode-se dizer exatamente o mesmo para obter uma op\u00e7\u00e3o gratuita. Mesmo que muitos corretores anunciem &#8220;<a style=\"color: #999999;\" href=\"https:\/\/www.freebetsinfo.co.uk\/free-bets\/\"> apostas gr\u00e1tis<\/a> &#8220;, sempre haver\u00e1 condi\u00e7\u00f5es e termos que voc\u00ea deve conhecer antes de se inscrever.<\/span><\/p>\n<p><span style=\"color: #999999;\">Dito isto, as &#8220;apostas gr\u00e1tis&#8221; oferecem-lhe a oportunidade de receber dinheiro extra da institui\u00e7\u00e3o banc\u00e1ria sempre que fizer as suas apostas. A nossa p\u00e1gina da web de apostas gr\u00e1tis est\u00e1 regularmente atualizada com ofertas fant\u00e1sticas e repleta de informa\u00e7\u00f5es sobre os v\u00e1rios tipos de apostas gr\u00e1tis e ofertas incentivadas, e seus termos e condi\u00e7\u00f5es particulares.<\/span><\/p>\n<h3><span style=\"color: #999999;\">Descubra as melhores casas de apostas do Reino Unido<\/span><\/h3>\n<p><span style=\"color: #999999;\">O mercado de apostas do Reino Unido est\u00e1 repleto de corretores de apostas, todos lutando pelo customizado. Embora quase todas as casas de apostas tenham detalhes excelentes e fatores ruins, algumas se destacam no grupo. Para ver quais fabricantes fornecem os melhores servi\u00e7os completos para clientes do Reino Unido, consulte nossas informa\u00e7\u00f5es sobre os melhores sites de jogos de azar.<\/span><\/p>\n<h3><span style=\"color: #999999;\">Guias de apostas em atividades esportivas &#8211; Receba dicas e promo\u00e7\u00f5es conosco<\/span><\/h3>\n<p><span style=\"color: #999999;\">Tentando encontrar mais informa\u00e7\u00f5es sobre apostas em atividades esportivas espec\u00edficas? Nossos guias detalhados exigir\u00e3o voc\u00ea em cada esporte. como detalhes sobre os mais eficazes<a style=\"color: #999999;\" href=\"https:\/\/www.freebetsinfo.co.uk\/new-betting-sites\/\"> casas de apostas<\/a> , sugest\u00f5es de jogos de azar, ofertas incentivadas e muito mais.<\/span><\/p>\n<p><span style=\"color: #999999;\"><strong>Estude algumas das nossas atividades esportivas mais favorecidas guias de apostas:<\/strong><\/span><\/p>\n<ul>\n<li><span style=\"color: #999999;\"><a style=\"color: #999999;\" href=\"https:\/\/www.freebetsinfo.co.uk\/boxing-betting\/\">Sites de apostas em boxe<\/a><\/span><\/li>\n<li><span style=\"color: #999999;\"><a style=\"color: #999999;\" href=\"https:\/\/www.freebetsinfo.co.uk\/cricket-betting\/\">Sites de apostas de cr\u00edquete<\/a><\/span><\/li>\n<li><span style=\"color: #999999;\"><a style=\"color: #999999;\" href=\"https:\/\/www.freebetsinfo.co.uk\/football-betting\/\">Sites de apostas de futebol<\/a><\/span><\/li>\n<li><span style=\"color: #999999;\"><a style=\"color: #999999;\" href=\"https:\/\/www.freebetsinfo.co.uk\/golf-betting\/\">Sites de apostas de golfe<\/a><\/span><\/li>\n<li><span style=\"color: #999999;\"><a style=\"color: #999999;\" href=\"https:\/\/www.freebetsinfo.co.uk\/horse-racing-betting\/\">Sites de apostas em corridas de cavalos<\/a><\/span><\/li>\n<li><span style=\"color: #999999;\"><a style=\"color: #999999;\" href=\"https:\/\/www.freebetsinfo.co.uk\/greyhound-betting\/\">Sites de apostas de t\u00eanis<\/a><\/span><\/li>\n<\/ul>\n<h3><span style=\"color: #999999;\"><a href=\"https:\/\/www.freebetbest.com\/betting-sites\/\">Testemunhos<\/a> das casas de apostas &#8211; Em conclus\u00e3o, obtenha compreens\u00e3o do mercado nas principais casas de apostas do Reino Unido<\/span><\/h3>\n<p><span style=\"color: #999999;\">Ningu\u00e9m deseja fazer apostas com uma casa de apostas que n\u00e3o conhece, por isso nunca colocamos uma marca no nosso site sem antes analis\u00e1-la. Concluindo, ao lado de cada oferta que temos, voc\u00ea ver\u00e1 uma classifica\u00e7\u00e3o por estrelas, junto com um link para a avalia\u00e7\u00e3o espec\u00edfica.<\/span><\/p>\n<h3><span style=\"color: #999999;\">Aposte com autoconfian\u00e7a com informa\u00e7\u00f5es sobre apostas gr\u00e1tis<\/span><\/h3>\n<p><span style=\"color: #999999;\"> Em conclus\u00e3o, cada site destacado em<a style=\"color: #999999;\" href=\"https:\/\/www.freebetsinfo.co.uk\"> aposta gr\u00e1tis<\/a> \u00e9 100% leg\u00edtimo porque simplesmente hospedamos ofertas de casas de apostas que foram certificadas por meio do pagamento da Comiss\u00e3o de Apostas do Reino Unido.<\/span><\/p>\n<p><span style=\"color: #999999;\">A Comiss\u00e3o de Apostas do Reino Unido garante que<a style=\"color: #999999;\" href=\"https:\/\/www.freebetsinfo.co.uk\/new-betting-sites\/\"> casas de apostas<\/a> agir de forma justa e aberta e cumprir uma lista r\u00edgida de leis e regulamentos. Em conclus\u00e3o, para descobrir mais sobre o UKGC visite seu site.<\/span><\/p>\n","protected":false},"excerpt":{"rendered":"site de apostas Obtenha as ofertas mais recentes de sites de jogos de azar no Reino Unido Com rela\u00e7\u00e3o a decidir qual bookmaker apostar por meio de um lote inteiro depende de quais tipos de entrega est\u00e3o dispon\u00edveis para voc\u00ea. site de apostas Se voc\u00ea \u00e9 um novo cliente, voc\u00ea estar\u00e1 procurando os melhores b\u00f4nus&#8230; <a class=\"view-article\" href=\"https:\/\/www.freebetsinfo.co.uk\/pt-br\/\">Ver artigo<\/a>","protected":false},"author":1,"featured_media":0,"parent":0,"menu_order":0,"comment_status":"closed","ping_status":"closed","template":"home-page-template.php","meta":{"_uag_custom_page_level_css":"","footnotes":""},"class_list":["post-2246","page","type-page","status-publish","hentry"],"yoast_head":"<!-- This site is optimized with the Yoast SEO Premium plugin v19.5 (Yoast SEO v27.5) - https:\/\/yoast.com\/product\/yoast-seo-premium-wordpress\/ -->\n<title>Site de Apostas Apostas Esportivas, Bookmakers Online Informa\u00e7\u00f5es sobre Apostas<\/title>\n<meta name=\"description\" content=\"Melhores Apostas Online e C\u00f3digos de B\u00f4nus Sem Dep\u00f3sito de Cassino! \u2705Top Online Betting Site Reviews, \u2705Best Online Casinos Bonuses! Site da casa de apostas.\" \/>\n<meta name=\"robots\" content=\"index, follow, max-snippet:-1, max-image-preview:large, max-video-preview:-1\" \/>\n<link rel=\"canonical\" href=\"https:\/\/www.freebetsinfo.co.uk\/pt-br\/\" \/>\n<meta property=\"og:locale\" content=\"pt_BR\" \/>\n<meta property=\"og:type\" content=\"article\" \/>\n<meta property=\"og:title\" content=\"Casa\" \/>\n<meta property=\"og:description\" content=\"Melhores Apostas Online e C\u00f3digos de B\u00f4nus Sem Dep\u00f3sito de Cassino! \u2705Top Online Betting Site Reviews, \u2705Best Online Casinos Bonuses! Site da casa de apostas.\" \/>\n<meta property=\"og:url\" content=\"https:\/\/www.freebetsinfo.co.uk\/pt-br\/\" \/>\n<meta property=\"og:site_name\" content=\"Apostas Gr\u00e1tis, Apostas Desportivas, Apostas Online\" \/>\n<meta property=\"article:modified_time\" content=\"2021-08-13T15:13:31+00:00\" \/>\n<meta name=\"twitter:card\" content=\"summary_large_image\" \/>\n<meta name=\"twitter:label1\" content=\"Est. tempo de leitura\" \/>\n\t<meta name=\"twitter:data1\" content=\"4 minutos\" \/>\n<script type=\"application\/ld+json\" class=\"yoast-schema-graph\">{\"@context\":\"https:\\\/\\\/schema.org\",\"@graph\":[{\"@type\":\"WebPage\",\"@id\":\"https:\\\/\\\/www.freebetsinfo.co.uk\\\/pt-br\\\/\",\"url\":\"https:\\\/\\\/www.freebetsinfo.co.uk\\\/pt-br\\\/\",\"name\":\"Site de Apostas Apostas Esportivas, Bookmakers Online Informa\u00e7\u00f5es sobre Apostas\",\"isPartOf\":{\"@id\":\"https:\\\/\\\/www.freebetsinfo.co.uk\\\/pt-br\\\/#website\"},\"datePublished\":\"2017-11-18T06:24:36+00:00\",\"dateModified\":\"2021-08-13T15:13:31+00:00\",\"description\":\"Melhores Apostas Online e C\u00f3digos de B\u00f4nus Sem Dep\u00f3sito de Cassino! \u2705Top Online Betting Site Reviews, \u2705Best Online Casinos Bonuses! Site da casa de apostas.\",\"breadcrumb\":{\"@id\":\"https:\\\/\\\/www.freebetsinfo.co.uk\\\/pt-br\\\/#breadcrumb\"},\"inLanguage\":\"pt-BR\",\"potentialAction\":[{\"@type\":\"ReadAction\",\"target\":[\"https:\\\/\\\/www.freebetsinfo.co.uk\\\/pt-br\\\/\"]}]},{\"@type\":\"BreadcrumbList\",\"@id\":\"https:\\\/\\\/www.freebetsinfo.co.uk\\\/pt-br\\\/#breadcrumb\",\"itemListElement\":[{\"@type\":\"ListItem\",\"position\":1,\"name\":\"Home\",\"item\":\"https:\\\/\\\/www.freebetsinfo.co.uk\\\/pt-br\\\/\"},{\"@type\":\"ListItem\",\"position\":2,\"name\":\"Casa\"}]},{\"@type\":\"WebSite\",\"@id\":\"https:\\\/\\\/www.freebetsinfo.co.uk\\\/pt-br\\\/#website\",\"url\":\"https:\\\/\\\/www.freebetsinfo.co.uk\\\/pt-br\\\/\",\"name\":\"Apostas Gr\u00e1tis, Apostas Desportivas, Apostas Online\",\"description\":\"Melhores C\u00f3digos de B\u00f4nus de Apostas Online e Casino sem Dep\u00f3sito! \u2705Coment\u00e1rios sobre os principais sites de apostas online, \u2705Melhores b\u00f4nus de cassinos online!\",\"potentialAction\":[{\"@type\":\"SearchAction\",\"target\":{\"@type\":\"EntryPoint\",\"urlTemplate\":\"https:\\\/\\\/www.freebetsinfo.co.uk\\\/pt-br\\\/?s={search_term_string}\"},\"query-input\":{\"@type\":\"PropertyValueSpecification\",\"valueRequired\":true,\"valueName\":\"search_term_string\"}}],\"inLanguage\":\"pt-BR\"}]}<\/script>\n<!-- \/ Yoast SEO Premium plugin. -->","yoast_head_json":{"title":"Site de Apostas Apostas Esportivas, Bookmakers Online Informa\u00e7\u00f5es sobre Apostas","description":"Melhores Apostas Online e C\u00f3digos de B\u00f4nus Sem Dep\u00f3sito de Cassino! \u2705Top Online Betting Site Reviews, \u2705Best Online Casinos Bonuses! Site da casa de apostas.","robots":{"index":"index","follow":"follow","max-snippet":"max-snippet:-1","max-image-preview":"max-image-preview:large","max-video-preview":"max-video-preview:-1"},"canonical":"https:\/\/www.freebetsinfo.co.uk\/pt-br\/","og_locale":"pt_BR","og_type":"article","og_title":"Casa","og_description":"Melhores Apostas Online e C\u00f3digos de B\u00f4nus Sem Dep\u00f3sito de Cassino! \u2705Top Online Betting Site Reviews, \u2705Best Online Casinos Bonuses! Site da casa de apostas.","og_url":"https:\/\/www.freebetsinfo.co.uk\/pt-br\/","og_site_name":"Apostas Gr\u00e1tis, Apostas Desportivas, Apostas Online","article_modified_time":"2021-08-13T15:13:31+00:00","twitter_card":"summary_large_image","twitter_misc":{"Est. tempo de leitura":"4 minutos"},"schema":{"@context":"https:\/\/schema.org","@graph":[{"@type":"WebPage","@id":"https:\/\/www.freebetsinfo.co.uk\/pt-br\/","url":"https:\/\/www.freebetsinfo.co.uk\/pt-br\/","name":"Site de Apostas Apostas Esportivas, Bookmakers Online Informa\u00e7\u00f5es sobre Apostas","isPartOf":{"@id":"https:\/\/www.freebetsinfo.co.uk\/pt-br\/#website"},"datePublished":"2017-11-18T06:24:36+00:00","dateModified":"2021-08-13T15:13:31+00:00","description":"Melhores Apostas Online e C\u00f3digos de B\u00f4nus Sem Dep\u00f3sito de Cassino! \u2705Top Online Betting Site Reviews, \u2705Best Online Casinos Bonuses! Site da casa de apostas.","breadcrumb":{"@id":"https:\/\/www.freebetsinfo.co.uk\/pt-br\/#breadcrumb"},"inLanguage":"pt-BR","potentialAction":[{"@type":"ReadAction","target":["https:\/\/www.freebetsinfo.co.uk\/pt-br\/"]}]},{"@type":"BreadcrumbList","@id":"https:\/\/www.freebetsinfo.co.uk\/pt-br\/#breadcrumb","itemListElement":[{"@type":"ListItem","position":1,"name":"Home","item":"https:\/\/www.freebetsinfo.co.uk\/pt-br\/"},{"@type":"ListItem","position":2,"name":"Casa"}]},{"@type":"WebSite","@id":"https:\/\/www.freebetsinfo.co.uk\/pt-br\/#website","url":"https:\/\/www.freebetsinfo.co.uk\/pt-br\/","name":"Apostas Gr\u00e1tis, Apostas Desportivas, Apostas Online","description":"Melhores C\u00f3digos de B\u00f4nus de Apostas Online e Casino sem Dep\u00f3sito! \u2705Coment\u00e1rios sobre os principais sites de apostas online, \u2705Melhores b\u00f4nus de cassinos online!","potentialAction":[{"@type":"SearchAction","target":{"@type":"EntryPoint","urlTemplate":"https:\/\/www.freebetsinfo.co.uk\/pt-br\/?s={search_term_string}"},"query-input":{"@type":"PropertyValueSpecification","valueRequired":true,"valueName":"search_term_string"}}],"inLanguage":"pt-BR"}]}},"uagb_featured_image_src":{"full":false,"thumbnail":false,"medium":false,"medium_large":false,"large":false,"1536x1536":false,"2048x2048":false,"small":false,"custom-size":false},"uagb_author_info":{"display_name":"\u7ba1\u7406","author_link":"https:\/\/www.freebetsinfo.co.uk\/pt-br\/author\/kdfl4q\/"},"uagb_comment_info":0,"uagb_excerpt":"site de apostas Obtenha as ofertas mais recentes de sites de jogos de azar no Reino Unido Com rela\u00e7\u00e3o a decidir qual bookmaker apostar por meio de um lote inteiro depende de quais tipos de entrega est\u00e3o dispon\u00edveis para voc\u00ea. site de apostas Se voc\u00ea \u00e9 um novo cliente, voc\u00ea estar\u00e1 procurando os melhores b\u00f4nus...&hellip;","_links":{"self":[{"href":"https:\/\/www.freebetsinfo.co.uk\/pt-br\/wp-json\/wp\/v2\/pages\/2246","targetHints":{"allow":["GET"]}}],"collection":[{"href":"https:\/\/www.freebetsinfo.co.uk\/pt-br\/wp-json\/wp\/v2\/pages"}],"about":[{"href":"https:\/\/www.freebetsinfo.co.uk\/pt-br\/wp-json\/wp\/v2\/types\/page"}],"author":[{"embeddable":true,"href":"https:\/\/www.freebetsinfo.co.uk\/pt-br\/wp-json\/wp\/v2\/users\/1"}],"replies":[{"embeddable":true,"href":"https:\/\/www.freebetsinfo.co.uk\/pt-br\/wp-json\/wp\/v2\/comments?post=2246"}],"version-history":[{"count":0,"href":"https:\/\/www.freebetsinfo.co.uk\/pt-br\/wp-json\/wp\/v2\/pages\/2246\/revisions"}],"wp:attachment":[{"href":"https:\/\/www.freebetsinfo.co.uk\/pt-br\/wp-json\/wp\/v2\/media?parent=2246"}],"curies":[{"name":"wp","href":"https:\/\/api.w.org\/{rel}","templated":true}]}}