{"id":2248,"date":"2017-11-18T09:21:33","date_gmt":"2017-11-18T09:21:33","guid":{"rendered":"https:\/\/www.freebetsinfo.co.uk\/novos-bookmakers\/"},"modified":"2021-07-01T09:55:52","modified_gmt":"2021-07-01T09:55:52","slug":"sites-de-novas-apostas","status":"publish","type":"page","link":"https:\/\/www.freebetsinfo.co.uk\/pt-br\/sites-de-novas-apostas\/","title":{"rendered":"Novas casas de apostas"},"content":{"rendered":"<h3><span style=\"color: #808080;\"><a style=\"color: #808080;\" href=\"https:\/\/www.freebetsinfo.co.uk\/pt-br\/sites-de-novas-apostas\/\">Novas casas de apostas<\/a> Voc\u00ea conhece os benef\u00edcios de novos sites de apostas na Internet?<\/span><\/h3>\n<p><span style=\"color: #808080;\">A principal vantagem de se inscrever em um todo<a style=\"color: #808080;\" href=\"https:\/\/www.freebetsinfo.co.uk\/pt-br\/sites-de-novas-apostas\/\"> novas casas de apostas<\/a> \u00e9 a oportunidade de obter o m\u00e1ximo das ofertas incentivadas. Ao contr\u00e1rio das casas de apostas estabelecidas, os novos operadores tendem a oferecer promo\u00e7\u00f5es maiores e melhores para que novos clientes se destaquem em um mercado j\u00e1 altamente saturado.<\/span><\/p>\n<p><span style=\"color: #808080;\">Com rela\u00e7\u00e3o \u00e0 abordagem de apostas, este \u00e9 provavelmente o melhor, e muito conhecido, meio de maximizar seu dinheiro e obter o m\u00e1ximo poss\u00edvel.<a style=\"color: #808080;\" href=\"https:\/\/www.freebetsinfo.co.uk\/pt-br\/sites-de-novas-apostas\/\"> novas casas de apostas<\/a> e bem-vindo oferece o que voc\u00ea pode.<\/span><\/p>\n<h3><span style=\"color: #808080;\"><a style=\"color: #808080;\" href=\"https:\/\/www.freebetsinfo.co.uk\/pt-br\/sites-de-novas-apostas\/\">Novas casas de apostas<\/a> Em que voc\u00ea poderia encontrar novos sites de jogos de azar no Reino Unido?<\/span><\/h3>\n<p><span style=\"color: #808080;\"><strong>Resposta breve:<\/strong> Bem neste artigo!<\/span><\/p>\n<p><span style=\"color: #808080;\"><strong>Resposta longa:<\/strong> Encontrar as informa\u00e7\u00f5es mais eficazes sobre novas casas de apostas n\u00e3o \u00e9 a tarefa mais f\u00e1cil do mundo. \u00c9 exatamente onde podemos ser encontrados. Pesquisamos na web dia e noite para descobrir novos corretores e analisamos suas ofertas, bem como outras campanhas, para descobrir como eles se classificam em rela\u00e7\u00e3o aos concorrentes.<\/span><\/p>\n<h3><span style=\"color: #808080;\">Novos sites de apostas &#8211; Em quem acreditar e em quem evitar?<\/span><\/h3>\n<p><span style=\"color: #808080;\">\u00c0s vezes, quanto maior for a oferta incentivada, menor ser\u00e1 a probabilidade de voc\u00ea confiar no propriet\u00e1rio. Considerando todas as coisas, como eles podem realmente dar todo aquele dinheiro de gra\u00e7a? Bem, felizmente, temos um meio resistente a tolos de determinar qual<a style=\"color: #808080;\" href=\"https:\/\/www.freebetsinfo.co.uk\/pt-br\/sites-de-novas-apostas\/\"> novas casas de apostas<\/a> est\u00e3o seguros para pagar o seu dinheiro arduamente ganho.<\/span><\/p>\n<h3><span style=\"color: #808080;\">N\u00e3o tenho muito tempo para verificar<\/span><\/h3>\n<p><span style=\"color: #808080;\">Resolva todas as dificuldades para voc\u00ea. Na nova p\u00e1gina do site de jogos de azar. Cada site exibido pode ser verificado e revisado minuciosamente para garantir que seja o mais confi\u00e1vel.<\/span><\/p>\n<h3><span style=\"color: #808080;\">Voc\u00ea pode, \u00e9 claro, considerar o tribunal da opini\u00e3o p\u00fablica geral para avalia\u00e7\u00f5es de outros apostadores. <\/span><\/h3>\n<p><span style=\"color: #808080;\">Os sites que incluem o TrustPilot acumulam avalia\u00e7\u00f5es de usu\u00e1rios, embora geralmente sejam extremamente negativas! Se voc\u00ea tiver perseveran\u00e7a para peneirar os autores chateados que n\u00e3o leram as condi\u00e7\u00f5es e os termos, e os apostadores petulantes que acham que suas profecias ruins justificam uma avalia\u00e7\u00e3o de 1 legenda, voc\u00ea pode determinar a experi\u00eancia pr\u00e1tica geral do usu\u00e1rio<\/span><\/p>\n<h3><span style=\"color: #808080;\">Quando voc\u00ea deve permanecer assim, quando viajar?<\/span><\/h3>\n<p><span style=\"color: #808080;\">Quando voc\u00ea acumular seu b\u00f4nus adicional encorajado e fizer suas apostas iniciais, \u00e9 hora e energia para decidir se deve ou n\u00e3o continuar usando este novo site de jogos de azar, ou seguir em frente. \u00c9 essencial n\u00e3o se apressar em julgamentos precipitados, pois n\u00e3o \u00e9 realmente melhor para ficar com o grande <a style=\"color: #808080;\" href=\"https:\/\/www.freebetsinfo.co.uk\/pt-br\/sites-de-novas-apostas\/\">casas de apostas<\/a> .<\/span><\/p>\n<h3><span style=\"color: #808080;\">Mercados de eSports &#8211; Quem pode ter mais escolha?<\/span><\/h3>\n<p><span style=\"color: #808080;\">Quer saber mais sobre apostas em eSports? Em conclus\u00e3o, nosso guia detalhado para apostas em eSports vai levantar a capa com esse tipo muito moderno de jogo.<\/span><\/p>\n","protected":false},"excerpt":{"rendered":"Novas casas de apostas Voc\u00ea conhece os benef\u00edcios de novos sites de apostas na Internet? A principal vantagem de se inscrever em um todo novas casas de apostas \u00e9 a oportunidade de obter o m\u00e1ximo das ofertas incentivadas. Ao contr\u00e1rio das casas de apostas estabelecidas, os novos operadores tendem a oferecer promo\u00e7\u00f5es maiores e melhores&#8230; <a class=\"view-article\" href=\"https:\/\/www.freebetsinfo.co.uk\/pt-br\/sites-de-novas-apostas\/\">Ver artigo<\/a>","protected":false},"author":1,"featured_media":0,"parent":0,"menu_order":0,"comment_status":"closed","ping_status":"closed","template":"asia-sports-page-template.php","meta":{"_uag_custom_page_level_css":"","footnotes":""},"class_list":["post-2248","page","type-page","status-publish","hentry"],"yoast_head":"<!-- This site is optimized with the Yoast SEO Premium plugin v19.5 (Yoast SEO v27.5) - https:\/\/yoast.com\/product\/yoast-seo-premium-wordpress\/ -->\n<title>Novas casas de apostas , \u00faltima promo\u00e7\u00e3o mensal de empresas de apostas<\/title>\n<meta name=\"description\" content=\"Novas casas de apostas A mais recente campanha de marketing de b\u00f3nus de promo\u00e7\u00e3o de sites de jogos de azar, sinopses importantes das maiores casas de apostas do Reino Unido.\" \/>\n<meta name=\"robots\" content=\"index, follow, max-snippet:-1, max-image-preview:large, max-video-preview:-1\" \/>\n<link rel=\"canonical\" href=\"https:\/\/www.freebetsinfo.co.uk\/pt-br\/sites-de-novas-apostas\/\" \/>\n<meta property=\"og:locale\" content=\"pt_BR\" \/>\n<meta property=\"og:type\" content=\"article\" \/>\n<meta property=\"og:title\" content=\"Novas casas de apostas\" \/>\n<meta property=\"og:description\" content=\"Novas casas de apostas A mais recente campanha de marketing de b\u00f3nus de promo\u00e7\u00e3o de sites de jogos de azar, sinopses importantes das maiores casas de apostas do Reino Unido.\" \/>\n<meta property=\"og:url\" content=\"https:\/\/www.freebetsinfo.co.uk\/pt-br\/sites-de-novas-apostas\/\" \/>\n<meta property=\"og:site_name\" content=\"Apostas Gr\u00e1tis, Apostas Desportivas, Apostas Online\" \/>\n<meta property=\"article:modified_time\" content=\"2021-07-01T09:55:52+00:00\" \/>\n<meta name=\"twitter:card\" content=\"summary_large_image\" \/>\n<meta name=\"twitter:label1\" content=\"Est. tempo de leitura\" \/>\n\t<meta name=\"twitter:data1\" content=\"2 minutos\" \/>\n<script type=\"application\/ld+json\" class=\"yoast-schema-graph\">{\"@context\":\"https:\\\/\\\/schema.org\",\"@graph\":[{\"@type\":\"WebPage\",\"@id\":\"https:\\\/\\\/www.freebetsinfo.co.uk\\\/pt-br\\\/sites-de-novas-apostas\\\/\",\"url\":\"https:\\\/\\\/www.freebetsinfo.co.uk\\\/pt-br\\\/sites-de-novas-apostas\\\/\",\"name\":\"Novas casas de apostas , \u00faltima promo\u00e7\u00e3o mensal de empresas de apostas\",\"isPartOf\":{\"@id\":\"https:\\\/\\\/www.freebetsinfo.co.uk\\\/pt-br\\\/#website\"},\"datePublished\":\"2017-11-18T09:21:33+00:00\",\"dateModified\":\"2021-07-01T09:55:52+00:00\",\"description\":\"Novas casas de apostas A mais recente campanha de marketing de b\u00f3nus de promo\u00e7\u00e3o de sites de jogos de azar, sinopses importantes das maiores casas de apostas do Reino Unido.\",\"breadcrumb\":{\"@id\":\"https:\\\/\\\/www.freebetsinfo.co.uk\\\/pt-br\\\/sites-de-novas-apostas\\\/#breadcrumb\"},\"inLanguage\":\"pt-BR\",\"potentialAction\":[{\"@type\":\"ReadAction\",\"target\":[\"https:\\\/\\\/www.freebetsinfo.co.uk\\\/pt-br\\\/sites-de-novas-apostas\\\/\"]}]},{\"@type\":\"BreadcrumbList\",\"@id\":\"https:\\\/\\\/www.freebetsinfo.co.uk\\\/pt-br\\\/sites-de-novas-apostas\\\/#breadcrumb\",\"itemListElement\":[{\"@type\":\"ListItem\",\"position\":1,\"name\":\"Home\",\"item\":\"https:\\\/\\\/www.freebetsinfo.co.uk\\\/pt-br\\\/\"},{\"@type\":\"ListItem\",\"position\":2,\"name\":\"Novas casas de apostas\"}]},{\"@type\":\"WebSite\",\"@id\":\"https:\\\/\\\/www.freebetsinfo.co.uk\\\/pt-br\\\/#website\",\"url\":\"https:\\\/\\\/www.freebetsinfo.co.uk\\\/pt-br\\\/\",\"name\":\"Apostas Gr\u00e1tis, Apostas Desportivas, Apostas Online\",\"description\":\"Melhores C\u00f3digos de B\u00f4nus de Apostas Online e Casino sem Dep\u00f3sito! \u2705Coment\u00e1rios sobre os principais sites de apostas online, \u2705Melhores b\u00f4nus de cassinos online!\",\"potentialAction\":[{\"@type\":\"SearchAction\",\"target\":{\"@type\":\"EntryPoint\",\"urlTemplate\":\"https:\\\/\\\/www.freebetsinfo.co.uk\\\/pt-br\\\/?s={search_term_string}\"},\"query-input\":{\"@type\":\"PropertyValueSpecification\",\"valueRequired\":true,\"valueName\":\"search_term_string\"}}],\"inLanguage\":\"pt-BR\"}]}<\/script>\n<!-- \/ Yoast SEO Premium plugin. -->","yoast_head_json":{"title":"Novas casas de apostas , \u00faltima promo\u00e7\u00e3o mensal de empresas de apostas","description":"Novas casas de apostas A mais recente campanha de marketing de b\u00f3nus de promo\u00e7\u00e3o de sites de jogos de azar, sinopses importantes das maiores casas de apostas do Reino Unido.","robots":{"index":"index","follow":"follow","max-snippet":"max-snippet:-1","max-image-preview":"max-image-preview:large","max-video-preview":"max-video-preview:-1"},"canonical":"https:\/\/www.freebetsinfo.co.uk\/pt-br\/sites-de-novas-apostas\/","og_locale":"pt_BR","og_type":"article","og_title":"Novas casas de apostas","og_description":"Novas casas de apostas A mais recente campanha de marketing de b\u00f3nus de promo\u00e7\u00e3o de sites de jogos de azar, sinopses importantes das maiores casas de apostas do Reino Unido.","og_url":"https:\/\/www.freebetsinfo.co.uk\/pt-br\/sites-de-novas-apostas\/","og_site_name":"Apostas Gr\u00e1tis, Apostas Desportivas, Apostas Online","article_modified_time":"2021-07-01T09:55:52+00:00","twitter_card":"summary_large_image","twitter_misc":{"Est. tempo de leitura":"2 minutos"},"schema":{"@context":"https:\/\/schema.org","@graph":[{"@type":"WebPage","@id":"https:\/\/www.freebetsinfo.co.uk\/pt-br\/sites-de-novas-apostas\/","url":"https:\/\/www.freebetsinfo.co.uk\/pt-br\/sites-de-novas-apostas\/","name":"Novas casas de apostas , \u00faltima promo\u00e7\u00e3o mensal de empresas de apostas","isPartOf":{"@id":"https:\/\/www.freebetsinfo.co.uk\/pt-br\/#website"},"datePublished":"2017-11-18T09:21:33+00:00","dateModified":"2021-07-01T09:55:52+00:00","description":"Novas casas de apostas A mais recente campanha de marketing de b\u00f3nus de promo\u00e7\u00e3o de sites de jogos de azar, sinopses importantes das maiores casas de apostas do Reino Unido.","breadcrumb":{"@id":"https:\/\/www.freebetsinfo.co.uk\/pt-br\/sites-de-novas-apostas\/#breadcrumb"},"inLanguage":"pt-BR","potentialAction":[{"@type":"ReadAction","target":["https:\/\/www.freebetsinfo.co.uk\/pt-br\/sites-de-novas-apostas\/"]}]},{"@type":"BreadcrumbList","@id":"https:\/\/www.freebetsinfo.co.uk\/pt-br\/sites-de-novas-apostas\/#breadcrumb","itemListElement":[{"@type":"ListItem","position":1,"name":"Home","item":"https:\/\/www.freebetsinfo.co.uk\/pt-br\/"},{"@type":"ListItem","position":2,"name":"Novas casas de apostas"}]},{"@type":"WebSite","@id":"https:\/\/www.freebetsinfo.co.uk\/pt-br\/#website","url":"https:\/\/www.freebetsinfo.co.uk\/pt-br\/","name":"Apostas Gr\u00e1tis, Apostas Desportivas, Apostas Online","description":"Melhores C\u00f3digos de B\u00f4nus de Apostas Online e Casino sem Dep\u00f3sito! \u2705Coment\u00e1rios sobre os principais sites de apostas online, \u2705Melhores b\u00f4nus de cassinos online!","potentialAction":[{"@type":"SearchAction","target":{"@type":"EntryPoint","urlTemplate":"https:\/\/www.freebetsinfo.co.uk\/pt-br\/?s={search_term_string}"},"query-input":{"@type":"PropertyValueSpecification","valueRequired":true,"valueName":"search_term_string"}}],"inLanguage":"pt-BR"}]}},"uagb_featured_image_src":{"full":false,"thumbnail":false,"medium":false,"medium_large":false,"large":false,"1536x1536":false,"2048x2048":false,"small":false,"custom-size":false},"uagb_author_info":{"display_name":"\u7ba1\u7406","author_link":"https:\/\/www.freebetsinfo.co.uk\/pt-br\/author\/kdfl4q\/"},"uagb_comment_info":0,"uagb_excerpt":"Novas casas de apostas Voc\u00ea conhece os benef\u00edcios de novos sites de apostas na Internet? A principal vantagem de se inscrever em um todo novas casas de apostas \u00e9 a oportunidade de obter o m\u00e1ximo das ofertas incentivadas. Ao contr\u00e1rio das casas de apostas estabelecidas, os novos operadores tendem a oferecer promo\u00e7\u00f5es maiores e melhores...&hellip;","_links":{"self":[{"href":"https:\/\/www.freebetsinfo.co.uk\/pt-br\/wp-json\/wp\/v2\/pages\/2248","targetHints":{"allow":["GET"]}}],"collection":[{"href":"https:\/\/www.freebetsinfo.co.uk\/pt-br\/wp-json\/wp\/v2\/pages"}],"about":[{"href":"https:\/\/www.freebetsinfo.co.uk\/pt-br\/wp-json\/wp\/v2\/types\/page"}],"author":[{"embeddable":true,"href":"https:\/\/www.freebetsinfo.co.uk\/pt-br\/wp-json\/wp\/v2\/users\/1"}],"replies":[{"embeddable":true,"href":"https:\/\/www.freebetsinfo.co.uk\/pt-br\/wp-json\/wp\/v2\/comments?post=2248"}],"version-history":[{"count":0,"href":"https:\/\/www.freebetsinfo.co.uk\/pt-br\/wp-json\/wp\/v2\/pages\/2248\/revisions"}],"wp:attachment":[{"href":"https:\/\/www.freebetsinfo.co.uk\/pt-br\/wp-json\/wp\/v2\/media?parent=2248"}],"curies":[{"name":"wp","href":"https:\/\/api.w.org\/{rel}","templated":true}]}}