{"id":2258,"date":"2017-11-18T09:40:03","date_gmt":"2017-11-18T09:40:03","guid":{"rendered":"https:\/\/www.freebetsinfo.co.uk\/apostas-cricket\/"},"modified":"2021-07-01T14:36:46","modified_gmt":"2021-07-01T14:36:46","slug":"apostas-de-criquete","status":"publish","type":"page","link":"https:\/\/www.freebetsinfo.co.uk\/pt-br\/apostas-de-criquete\/","title":{"rendered":"Apostas Cricket"},"content":{"rendered":"<h2><span style=\"color: #999999;\"><a style=\"color: #999999;\" href=\"https:\/\/www.freebetsinfo.co.uk\/pt-br\/apostas-de-criquete\/\">Apostas em cr\u00edquete<\/a> Ofertas de b\u00f4nus encorajadas &#8211; quanto voc\u00ea consegue?<\/span><\/h2>\n<p><span style=\"color: #999999;\">O maior<a style=\"color: #999999;\" href=\"https:\/\/www.freebetsinfo.co.uk\/pt-br\/\"> casas de apostas<\/a> no Reino Unido promover\u00e1 uma s\u00e9rie de mercados de atividades esportivas, de t\u00eanis, nbspfootball e dardos, rugby e cr\u00edquete.<a style=\"color: #999999;\" href=\"https:\/\/www.freebetsinfo.co.uk\/pt-br\/apostas-de-criquete\/\"> Apostas em cr\u00edquete<\/a> Antes de se inscrever em qualquer um dos corretores de apostas, certifique-se de que sua atividade favorita seja em torno da lista do corretor de apostas. Para receb\u00ea-lo, os operadores sonhar\u00e3o com v\u00e1rios tipos de b\u00f4nus, mas se voc\u00ea estiver prestando aten\u00e7\u00e3o, observar\u00e1 um padr\u00e3o desses tipos.<\/span><\/p>\n<p><span style=\"color: #999999;\">Escolha aquele b\u00f4nus adicional que se encaixa nos seus requisitos de aposta. Publicamos ofertas di\u00e1rias para ajudar a mant\u00ea-lo atualizado com as ofertas especiais e b\u00f4nus mais incentivadas em todo o Reino Unido.<\/span><\/p>\n<h3><span style=\"color: #999999;\">Apostas In-Enjoy &#8211; exatamente o que isso indica?<\/span><\/h3>\n<p><span style=\"color: #999999;\">Tal como acontece com as apostas no futebol, pode apostar em fatos de cr\u00edquete enquanto os v\u00ea ficar. E \u00e9 muito mais emocionante quando voc\u00ea aposta ao vivo no cr\u00edquete.<\/span><\/p>\n<p><span style=\"color: #999999;\">Praticamente todos os ataques continuam por cerca de quatro horas e aumentar\u00e3o para cinco vezes nas partidas de exame. Com o jogo de cr\u00edquete, cada pequena coisa pode ser vista como uma virada de jogo, come\u00e7ando com as circunst\u00e2ncias meteorol\u00f3gicas.<\/span><\/p>\n<h3><span style=\"color: #999999;\">Como voc\u00ea pode localizar corretores leg\u00edtimos?<\/span><\/h3>\n<p><span style=\"color: #999999;\">Bem, a verdade \u00e9 que voc\u00ea vai querer jogar pelo seguro, seja qual for a atividade esportiva que quiser. Voc\u00ea encontrar\u00e1 todos os tipos de rumores acontecendo sobre sites de apostas contra a lei que fazem sucesso na internet, e \u00e9 natural ficar duvidoso. <\/span><\/p>\n<p><span style=\"color: #999999;\">No caso de voc\u00ea n\u00e3o saber,<a style=\"color: #999999;\" href=\"https:\/\/www.freebetsinfo.co.uk\/pt-br\/\"> as apostas no Reino Unido<\/a> O pagamento da comiss\u00e3o fica de olho em tudo, desde fliperamas, bingo e estabelecimentos de jogos de azar, fornecedores de programas de software de jogos de azar e todos os jogos de azar com equipamentos e dispositivos centrados na Gr\u00e3-Bretanha.<\/span><\/p>\n<h3><span style=\"color: #999999;\">Quais t\u00e9cnicas de pagamento est\u00e3o dispon\u00edveis?<\/span><\/h3>\n<p><span style=\"color: #999999;\">E devido ao seu reconhecimento,<a style=\"color: #999999;\" href=\"https:\/\/www.freebetsinfo.co.uk\/pt-br\/\"> corretores de apostas<\/a> exigem para acompanhar as necessidades dos jogadores e alargar as suas alternativas de m\u00e9todos de reembolso. Para dep\u00f3sitos, \u00e9 bastante simples, mas voc\u00ea pode examinar todas essas informa\u00e7\u00f5es com sua casa de apostas de antem\u00e3o.<\/span><\/p>\n<p><span style=\"color: #999999;\"><strong>Uma lista difere de usu\u00e1rio para usu\u00e1rio, mas normalmente voc\u00ea pode ter muitas alternativas:<\/strong><\/span><\/p>\n<ul>\n<li><span style=\"color: #999999;\">cart\u00f5es banc\u00e1rios (Visa, MasterCard)<\/span><\/li>\n<li><span style=\"color: #999999;\">Neteller: oferece compras online seguras por quase duas d\u00e9cadas em grande <\/span><\/li>\n<li><span style=\"color: #999999;\">Bookmakers como o Bwin o usam como seu principal <\/span><\/li>\n<li><span style=\"color: #999999;\">m\u00e9todo de pagamento muitas op\u00e7\u00f5es de pagamento<\/span><\/li>\n<li><span style=\"color: #999999;\">Skrill: seguro, sem riscos e r\u00e1pido, muito f\u00e1cil de criar uma conta.<\/span><\/li>\n<\/ul>\n<h3><span style=\"color: #999999;\">Em conclus\u00e3o, sugest\u00f5es de apostas em cr\u00edquete: Aprenda as cordas<\/span><\/h3>\n<p><span style=\"color: #999999;\">Voc\u00ea observar\u00e1 que, em<a style=\"color: #999999;\" href=\"https:\/\/www.freebetsinfo.co.uk\/pt-br\/apostas-de-criquete\/\"> Grilo<\/a> , absolutamente nada pode afetar as condi\u00e7\u00f5es do jogo mais do que os elementos. Portanto, este deve ser o seu ponto de partida quando come\u00e7ar a apostar no cr\u00edquete. Estrat\u00e9gia de jogo e jogadores, em conclus\u00e3o, hist\u00f3rico &#8211; todas essas quest\u00f5es precisam ser consideradas.<\/span><\/p>\n","protected":false},"excerpt":{"rendered":"Apostas em cr\u00edquete Ofertas de b\u00f4nus encorajadas &#8211; quanto voc\u00ea consegue? O maior casas de apostas no Reino Unido promover\u00e1 uma s\u00e9rie de mercados de atividades esportivas, de t\u00eanis, nbspfootball e dardos, rugby e cr\u00edquete. Apostas em cr\u00edquete Antes de se inscrever em qualquer um dos corretores de apostas, certifique-se de que sua atividade favorita&#8230; <a class=\"view-article\" href=\"https:\/\/www.freebetsinfo.co.uk\/pt-br\/apostas-de-criquete\/\">Ver artigo<\/a>","protected":false},"author":1,"featured_media":0,"parent":0,"menu_order":0,"comment_status":"closed","ping_status":"closed","template":"asia-sports-page-template.php","meta":{"_uag_custom_page_level_css":"","footnotes":""},"class_list":["post-2258","page","type-page","status-publish","hentry"],"yoast_head":"<!-- This site is optimized with the Yoast SEO Premium plugin v19.5 (Yoast SEO v27.6) - https:\/\/yoast.com\/product\/yoast-seo-premium-wordpress\/ -->\n<title>Apostas Cricket melhor site de apostas de cr\u00edquete. b\u00f4nus de boas-vindas.<\/title>\n<meta name=\"description\" content=\"Apostas Cricket. Nosso guia de n\u00edvel dos melhores sites de apostas de cr\u00edquete do Reino Unido exigir\u00e1 que voc\u00ea percorra as op\u00e7\u00f5es de apostas mais famosas.\" \/>\n<meta name=\"robots\" content=\"index, follow, max-snippet:-1, max-image-preview:large, max-video-preview:-1\" \/>\n<link rel=\"canonical\" href=\"https:\/\/www.freebetsinfo.co.uk\/pt-br\/apostas-de-criquete\/\" \/>\n<meta property=\"og:locale\" content=\"pt_BR\" \/>\n<meta property=\"og:type\" content=\"article\" \/>\n<meta property=\"og:title\" content=\"Apostas Cricket\" \/>\n<meta property=\"og:description\" content=\"Apostas Cricket. Nosso guia de n\u00edvel dos melhores sites de apostas de cr\u00edquete do Reino Unido exigir\u00e1 que voc\u00ea percorra as op\u00e7\u00f5es de apostas mais famosas.\" \/>\n<meta property=\"og:url\" content=\"https:\/\/www.freebetsinfo.co.uk\/pt-br\/apostas-de-criquete\/\" \/>\n<meta property=\"og:site_name\" content=\"Apostas Gr\u00e1tis, Apostas Desportivas, Apostas Online\" \/>\n<meta property=\"article:modified_time\" content=\"2021-07-01T14:36:46+00:00\" \/>\n<meta name=\"twitter:card\" content=\"summary_large_image\" \/>\n<meta name=\"twitter:label1\" content=\"Est. tempo de leitura\" \/>\n\t<meta name=\"twitter:data1\" content=\"3 minutos\" \/>\n<script type=\"application\/ld+json\" class=\"yoast-schema-graph\">{\"@context\":\"https:\\\/\\\/schema.org\",\"@graph\":[{\"@type\":\"WebPage\",\"@id\":\"https:\\\/\\\/www.freebetsinfo.co.uk\\\/pt-br\\\/apostas-de-criquete\\\/\",\"url\":\"https:\\\/\\\/www.freebetsinfo.co.uk\\\/pt-br\\\/apostas-de-criquete\\\/\",\"name\":\"Apostas Cricket melhor site de apostas de cr\u00edquete. b\u00f4nus de boas-vindas.\",\"isPartOf\":{\"@id\":\"https:\\\/\\\/www.freebetsinfo.co.uk\\\/pt-br\\\/#website\"},\"datePublished\":\"2017-11-18T09:40:03+00:00\",\"dateModified\":\"2021-07-01T14:36:46+00:00\",\"description\":\"Apostas Cricket. Nosso guia de n\u00edvel dos melhores sites de apostas de cr\u00edquete do Reino Unido exigir\u00e1 que voc\u00ea percorra as op\u00e7\u00f5es de apostas mais famosas.\",\"breadcrumb\":{\"@id\":\"https:\\\/\\\/www.freebetsinfo.co.uk\\\/pt-br\\\/apostas-de-criquete\\\/#breadcrumb\"},\"inLanguage\":\"pt-BR\",\"potentialAction\":[{\"@type\":\"ReadAction\",\"target\":[\"https:\\\/\\\/www.freebetsinfo.co.uk\\\/pt-br\\\/apostas-de-criquete\\\/\"]}]},{\"@type\":\"BreadcrumbList\",\"@id\":\"https:\\\/\\\/www.freebetsinfo.co.uk\\\/pt-br\\\/apostas-de-criquete\\\/#breadcrumb\",\"itemListElement\":[{\"@type\":\"ListItem\",\"position\":1,\"name\":\"Home\",\"item\":\"https:\\\/\\\/www.freebetsinfo.co.uk\\\/pt-br\\\/\"},{\"@type\":\"ListItem\",\"position\":2,\"name\":\"Apostas Cricket\"}]},{\"@type\":\"WebSite\",\"@id\":\"https:\\\/\\\/www.freebetsinfo.co.uk\\\/pt-br\\\/#website\",\"url\":\"https:\\\/\\\/www.freebetsinfo.co.uk\\\/pt-br\\\/\",\"name\":\"Apostas Gr\u00e1tis, Apostas Desportivas, Apostas Online\",\"description\":\"Melhores C\u00f3digos de B\u00f4nus de Apostas Online e Casino sem Dep\u00f3sito! \u2705Coment\u00e1rios sobre os principais sites de apostas online, \u2705Melhores b\u00f4nus de cassinos online!\",\"potentialAction\":[{\"@type\":\"SearchAction\",\"target\":{\"@type\":\"EntryPoint\",\"urlTemplate\":\"https:\\\/\\\/www.freebetsinfo.co.uk\\\/pt-br\\\/?s={search_term_string}\"},\"query-input\":{\"@type\":\"PropertyValueSpecification\",\"valueRequired\":true,\"valueName\":\"search_term_string\"}}],\"inLanguage\":\"pt-BR\"}]}<\/script>\n<!-- \/ Yoast SEO Premium plugin. -->","yoast_head_json":{"title":"Apostas Cricket melhor site de apostas de cr\u00edquete. b\u00f4nus de boas-vindas.","description":"Apostas Cricket. Nosso guia de n\u00edvel dos melhores sites de apostas de cr\u00edquete do Reino Unido exigir\u00e1 que voc\u00ea percorra as op\u00e7\u00f5es de apostas mais famosas.","robots":{"index":"index","follow":"follow","max-snippet":"max-snippet:-1","max-image-preview":"max-image-preview:large","max-video-preview":"max-video-preview:-1"},"canonical":"https:\/\/www.freebetsinfo.co.uk\/pt-br\/apostas-de-criquete\/","og_locale":"pt_BR","og_type":"article","og_title":"Apostas Cricket","og_description":"Apostas Cricket. Nosso guia de n\u00edvel dos melhores sites de apostas de cr\u00edquete do Reino Unido exigir\u00e1 que voc\u00ea percorra as op\u00e7\u00f5es de apostas mais famosas.","og_url":"https:\/\/www.freebetsinfo.co.uk\/pt-br\/apostas-de-criquete\/","og_site_name":"Apostas Gr\u00e1tis, Apostas Desportivas, Apostas Online","article_modified_time":"2021-07-01T14:36:46+00:00","twitter_card":"summary_large_image","twitter_misc":{"Est. tempo de leitura":"3 minutos"},"schema":{"@context":"https:\/\/schema.org","@graph":[{"@type":"WebPage","@id":"https:\/\/www.freebetsinfo.co.uk\/pt-br\/apostas-de-criquete\/","url":"https:\/\/www.freebetsinfo.co.uk\/pt-br\/apostas-de-criquete\/","name":"Apostas Cricket melhor site de apostas de cr\u00edquete. b\u00f4nus de boas-vindas.","isPartOf":{"@id":"https:\/\/www.freebetsinfo.co.uk\/pt-br\/#website"},"datePublished":"2017-11-18T09:40:03+00:00","dateModified":"2021-07-01T14:36:46+00:00","description":"Apostas Cricket. Nosso guia de n\u00edvel dos melhores sites de apostas de cr\u00edquete do Reino Unido exigir\u00e1 que voc\u00ea percorra as op\u00e7\u00f5es de apostas mais famosas.","breadcrumb":{"@id":"https:\/\/www.freebetsinfo.co.uk\/pt-br\/apostas-de-criquete\/#breadcrumb"},"inLanguage":"pt-BR","potentialAction":[{"@type":"ReadAction","target":["https:\/\/www.freebetsinfo.co.uk\/pt-br\/apostas-de-criquete\/"]}]},{"@type":"BreadcrumbList","@id":"https:\/\/www.freebetsinfo.co.uk\/pt-br\/apostas-de-criquete\/#breadcrumb","itemListElement":[{"@type":"ListItem","position":1,"name":"Home","item":"https:\/\/www.freebetsinfo.co.uk\/pt-br\/"},{"@type":"ListItem","position":2,"name":"Apostas Cricket"}]},{"@type":"WebSite","@id":"https:\/\/www.freebetsinfo.co.uk\/pt-br\/#website","url":"https:\/\/www.freebetsinfo.co.uk\/pt-br\/","name":"Apostas Gr\u00e1tis, Apostas Desportivas, Apostas Online","description":"Melhores C\u00f3digos de B\u00f4nus de Apostas Online e Casino sem Dep\u00f3sito! \u2705Coment\u00e1rios sobre os principais sites de apostas online, \u2705Melhores b\u00f4nus de cassinos online!","potentialAction":[{"@type":"SearchAction","target":{"@type":"EntryPoint","urlTemplate":"https:\/\/www.freebetsinfo.co.uk\/pt-br\/?s={search_term_string}"},"query-input":{"@type":"PropertyValueSpecification","valueRequired":true,"valueName":"search_term_string"}}],"inLanguage":"pt-BR"}]}},"uagb_featured_image_src":{"full":false,"thumbnail":false,"medium":false,"medium_large":false,"large":false,"1536x1536":false,"2048x2048":false,"small":false,"custom-size":false},"uagb_author_info":{"display_name":"\u7ba1\u7406","author_link":"https:\/\/www.freebetsinfo.co.uk\/pt-br\/author\/kdfl4q\/"},"uagb_comment_info":0,"uagb_excerpt":"Apostas em cr\u00edquete Ofertas de b\u00f4nus encorajadas &#8211; quanto voc\u00ea consegue? O maior casas de apostas no Reino Unido promover\u00e1 uma s\u00e9rie de mercados de atividades esportivas, de t\u00eanis, nbspfootball e dardos, rugby e cr\u00edquete. Apostas em cr\u00edquete Antes de se inscrever em qualquer um dos corretores de apostas, certifique-se de que sua atividade favorita...&hellip;","_links":{"self":[{"href":"https:\/\/www.freebetsinfo.co.uk\/pt-br\/wp-json\/wp\/v2\/pages\/2258","targetHints":{"allow":["GET"]}}],"collection":[{"href":"https:\/\/www.freebetsinfo.co.uk\/pt-br\/wp-json\/wp\/v2\/pages"}],"about":[{"href":"https:\/\/www.freebetsinfo.co.uk\/pt-br\/wp-json\/wp\/v2\/types\/page"}],"author":[{"embeddable":true,"href":"https:\/\/www.freebetsinfo.co.uk\/pt-br\/wp-json\/wp\/v2\/users\/1"}],"replies":[{"embeddable":true,"href":"https:\/\/www.freebetsinfo.co.uk\/pt-br\/wp-json\/wp\/v2\/comments?post=2258"}],"version-history":[{"count":0,"href":"https:\/\/www.freebetsinfo.co.uk\/pt-br\/wp-json\/wp\/v2\/pages\/2258\/revisions"}],"wp:attachment":[{"href":"https:\/\/www.freebetsinfo.co.uk\/pt-br\/wp-json\/wp\/v2\/media?parent=2258"}],"curies":[{"name":"wp","href":"https:\/\/api.w.org\/{rel}","templated":true}]}}