{"id":30003,"date":"2021-06-27T04:47:08","date_gmt":"2021-06-27T04:47:08","guid":{"rendered":"https:\/\/www.freebetsinfo.co.uk\/casino-online-da-europa\/"},"modified":"2021-07-09T08:26:12","modified_gmt":"2021-07-09T08:26:12","slug":"casino-online-europeu","status":"publish","type":"page","link":"https:\/\/www.freebetsinfo.co.uk\/pt-br\/casino-online-europeu\/","title":{"rendered":"Casino online europeu"},"content":{"rendered":"<h3><span style=\"color: #808080;\">Muito melhor casino online da Europa<\/span><\/h3>\n<p><span style=\"color: #808080;\">A ind\u00fastria do cassino online da Europa s\u00f3 foi cancelada em 2006, logo ap\u00f3s as Autoridades do Usu\u00e1rio fornecerem o UIGEA. O mercado atual ainda era inexplorado, com poucas diretrizes legais em vigor. Com probabilidade quase ilimitada, o Western na ind\u00fastria de casino online estava maduro para sua decis\u00e3o.<\/span><\/p>\n<h3><span style=\"color: #808080;\">Avan\u00e7ando para estes dias, voc\u00ea pode participar no relat\u00f3rio dos casinos online ocidentais.<\/span><\/h3>\n<p><span style=\"color: #808080;\">Os jogadores de casino online europeus podem dar entrada em euros, SEK, NOK, BGN e muitas outras moedas. Os melhores casinos da Internet da UE aceitam uma vasta gama de moedas simplesmente porque desejam que converta o seu dinheiro arduamente ganho sem quaisquer dificuldades.<\/span><\/p>\n<h3><span style=\"color: #808080;\">Voltemos nosso olhar para Malta.<\/span><\/h3>\n<p><span style=\"color: #808080;\">O pequeno pa\u00eds insular tropical tornou-se o centro das melhores casas de jogos de azar da UE na Internet. Os casinos da Internet licenciados em Malta funcionam de forma mais eficaz no que diz respeito \u00e0 variedade de t\u00edtulos de jogos de casino online. A assist\u00eancia dos participantes vem em v\u00e1rios dialetos ocidentais, e os cassinos da UE saem de forma cristalina em minutos at\u00e9 72 horas.<\/span><\/p>\n<h3><span style=\"color: #808080;\">B\u00f4nus de cassino online da Europa<\/span><\/h3>\n<p><span style=\"color: #808080;\">Se for esse ponto do seu m\u00eas, e voc\u00ea deseja se engajar em seus ca\u00e7a-n\u00edqueis online favoritos por dinheiro real, mas est\u00e1 praticamente destru\u00eddo &#8211; nunca se preocupe. Os melhores casinos online ocidentais oferecem-lhe um b\u00f3nus de 100% at\u00e9 \u20ac 200 por conta pr\u00f3pria, desde a primeira entrada! Se voc\u00ea pagar o valor mais alto de \u20ac 200, o estabelecimento de jogo ir\u00e1 igualar o seu sinal com um benef\u00edcio imediato de \u20ac 200! O seu saldo j\u00e1 \u00e9 de \u20ac 400, contra \u20ac 200.<\/span><\/p>\n<h3><span style=\"color: #808080;\">As nossas melhores casas de casino Euro nunca param com o b\u00f3nus encorajado.<\/span><\/h3>\n<p><span style=\"color: #808080;\">Eles tamb\u00e9m jogam 200 rodadas totalmente gr\u00e1tis em m\u00e1quinas ca\u00e7a-n\u00edqueis selecionadas manualmente! Voc\u00ea pode usar seu Rotates totalmente gr\u00e1tis para jogar para slots de dinheiro real, como PopRocks, Party Get together, Coywolf Cash e Uma bolsa de gelo e Blaze. Antes de fazer suas rota\u00e7\u00f5es gratuitas, verifique em quais m\u00e1quinas ca\u00e7a-n\u00edqueis voc\u00ea pode us\u00e1-las. \u00c0s vezes, ocorre uma pequena rolagem e voc\u00ea s\u00f3 pode ganhar um valor m\u00e1ximo de \u20ac 100.<\/span><\/p>\n<h3><span style=\"color: #808080;\">A tripula\u00e7\u00e3o do Casinowhizz negocia acordos de b\u00f4nus especiais com todos os principais cassinos online dos pa\u00edses europeus.<\/span><\/h3>\n<p><span style=\"color: #808080;\">Voc\u00ea pode reivindicar o benef\u00edcio com um pequeno investimento de \u20ac 25 ou mais. Se o b\u00f4nus contiver um c\u00f3digo de computador, n\u00e3o se esque\u00e7a de incorpor\u00e1-lo. Mais importante ainda, voc\u00ea precisar\u00e1 remover a condi\u00e7\u00e3o de aposta associada \u00e0 recompensa para poder retirar fundos. O WR \u00e9 geralmente 40x e, principalmente, voltado para os jogos de ca\u00e7a-n\u00edqueis.<\/span><\/p>\n<h3><span style=\"color: #808080;\">O Casino online da Europa acolhe campanhas<\/span><\/h3>\n<p><span style=\"color: #808080;\">Os casinos europeus na Internet s\u00e3o uma grande empresa. Eles est\u00e3o totalmente cientes de como atrair jogadores e como cativ\u00e1-los. Depois de se divertir com o benef\u00edcio do dep\u00f3sito, \u00e9 o in\u00edcio de uma viagem, esperan\u00e7osamente, eficaz para voc\u00ea.<\/span><\/p>\n<p><span style=\"color: #808080;\">Diariamente, nosso melhor cassino on-line on-line na Europa oferece promo\u00e7\u00f5es di\u00e1rias. Sim! Eles melhoram a banca com giros gr\u00e1tis, b\u00f4nus especiais e b\u00f4nus adicionais de recarga. Conforme voc\u00ea aproveita, voc\u00ea ganha coisas de fidelidade que pode trocar por dinheiro real.<\/span><\/p>\n","protected":false},"excerpt":{"rendered":"Muito melhor casino online da Europa A ind\u00fastria do cassino online da Europa s\u00f3 foi cancelada em 2006, logo ap\u00f3s as Autoridades do Usu\u00e1rio fornecerem o UIGEA. O mercado atual ainda era inexplorado, com poucas diretrizes legais em vigor. Com probabilidade quase ilimitada, o Western na ind\u00fastria de casino online estava maduro para sua decis\u00e3o&#8230;. <a class=\"view-article\" href=\"https:\/\/www.freebetsinfo.co.uk\/pt-br\/casino-online-europeu\/\">Ver artigo<\/a>","protected":false},"author":1,"featured_media":0,"parent":0,"menu_order":0,"comment_status":"closed","ping_status":"closed","template":"Europe-Casino-Page-Template.php","meta":{"_uag_custom_page_level_css":"","footnotes":""},"class_list":["post-30003","page","type-page","status-publish","hentry"],"yoast_head":"<!-- This site is optimized with the Yoast SEO Premium plugin v19.5 (Yoast SEO v27.5) - https:\/\/yoast.com\/product\/yoast-seo-premium-wordpress\/ -->\n<title>Casino online europeu , b\u00f4nus de cassino mais recentes. Obtenha ofertas gratuitas exclusivas<\/title>\n<meta name=\"description\" content=\"Casino online europeu , b\u00f4nus de cassino mais recentes. Obtenha ofertas gratuitas exclusivas. Ofertas de inscri\u00e7\u00e3o. Site seguro e seguro. Os maiores b\u00f4nus de boas-vindas\" \/>\n<meta name=\"robots\" content=\"index, follow, max-snippet:-1, max-image-preview:large, max-video-preview:-1\" \/>\n<link rel=\"canonical\" href=\"https:\/\/www.freebetsinfo.co.uk\/pt-br\/casino-online-europeu\/\" \/>\n<meta property=\"og:locale\" content=\"pt_BR\" \/>\n<meta property=\"og:type\" content=\"article\" \/>\n<meta property=\"og:title\" content=\"Casino online europeu\" \/>\n<meta property=\"og:description\" content=\"Casino online europeu , b\u00f4nus de cassino mais recentes. Obtenha ofertas gratuitas exclusivas. Ofertas de inscri\u00e7\u00e3o. Site seguro e seguro. Os maiores b\u00f4nus de boas-vindas\" \/>\n<meta property=\"og:url\" content=\"https:\/\/www.freebetsinfo.co.uk\/pt-br\/casino-online-europeu\/\" \/>\n<meta property=\"og:site_name\" content=\"Apostas Gr\u00e1tis, Apostas Desportivas, Apostas Online\" \/>\n<meta property=\"article:modified_time\" content=\"2021-07-09T08:26:12+00:00\" \/>\n<meta name=\"twitter:card\" content=\"summary_large_image\" \/>\n<meta name=\"twitter:label1\" content=\"Est. tempo de leitura\" \/>\n\t<meta name=\"twitter:data1\" content=\"3 minutos\" \/>\n<script type=\"application\/ld+json\" class=\"yoast-schema-graph\">{\"@context\":\"https:\\\/\\\/schema.org\",\"@graph\":[{\"@type\":\"WebPage\",\"@id\":\"https:\\\/\\\/www.freebetsinfo.co.uk\\\/pt-br\\\/casino-online-europeu\\\/\",\"url\":\"https:\\\/\\\/www.freebetsinfo.co.uk\\\/pt-br\\\/casino-online-europeu\\\/\",\"name\":\"Casino online europeu , b\u00f4nus de cassino mais recentes. Obtenha ofertas gratuitas exclusivas\",\"isPartOf\":{\"@id\":\"https:\\\/\\\/www.freebetsinfo.co.uk\\\/pt-br\\\/#website\"},\"datePublished\":\"2021-06-27T04:47:08+00:00\",\"dateModified\":\"2021-07-09T08:26:12+00:00\",\"description\":\"Casino online europeu , b\u00f4nus de cassino mais recentes. Obtenha ofertas gratuitas exclusivas. Ofertas de inscri\u00e7\u00e3o. Site seguro e seguro. Os maiores b\u00f4nus de boas-vindas\",\"breadcrumb\":{\"@id\":\"https:\\\/\\\/www.freebetsinfo.co.uk\\\/pt-br\\\/casino-online-europeu\\\/#breadcrumb\"},\"inLanguage\":\"pt-BR\",\"potentialAction\":[{\"@type\":\"ReadAction\",\"target\":[\"https:\\\/\\\/www.freebetsinfo.co.uk\\\/pt-br\\\/casino-online-europeu\\\/\"]}]},{\"@type\":\"BreadcrumbList\",\"@id\":\"https:\\\/\\\/www.freebetsinfo.co.uk\\\/pt-br\\\/casino-online-europeu\\\/#breadcrumb\",\"itemListElement\":[{\"@type\":\"ListItem\",\"position\":1,\"name\":\"Home\",\"item\":\"https:\\\/\\\/www.freebetsinfo.co.uk\\\/pt-br\\\/\"},{\"@type\":\"ListItem\",\"position\":2,\"name\":\"Casino online europeu\"}]},{\"@type\":\"WebSite\",\"@id\":\"https:\\\/\\\/www.freebetsinfo.co.uk\\\/pt-br\\\/#website\",\"url\":\"https:\\\/\\\/www.freebetsinfo.co.uk\\\/pt-br\\\/\",\"name\":\"Apostas Gr\u00e1tis, Apostas Desportivas, Apostas Online\",\"description\":\"Melhores C\u00f3digos de B\u00f4nus de Apostas Online e Casino sem Dep\u00f3sito! \u2705Coment\u00e1rios sobre os principais sites de apostas online, \u2705Melhores b\u00f4nus de cassinos online!\",\"potentialAction\":[{\"@type\":\"SearchAction\",\"target\":{\"@type\":\"EntryPoint\",\"urlTemplate\":\"https:\\\/\\\/www.freebetsinfo.co.uk\\\/pt-br\\\/?s={search_term_string}\"},\"query-input\":{\"@type\":\"PropertyValueSpecification\",\"valueRequired\":true,\"valueName\":\"search_term_string\"}}],\"inLanguage\":\"pt-BR\"}]}<\/script>\n<!-- \/ Yoast SEO Premium plugin. -->","yoast_head_json":{"title":"Casino online europeu , b\u00f4nus de cassino mais recentes. Obtenha ofertas gratuitas exclusivas","description":"Casino online europeu , b\u00f4nus de cassino mais recentes. Obtenha ofertas gratuitas exclusivas. Ofertas de inscri\u00e7\u00e3o. Site seguro e seguro. Os maiores b\u00f4nus de boas-vindas","robots":{"index":"index","follow":"follow","max-snippet":"max-snippet:-1","max-image-preview":"max-image-preview:large","max-video-preview":"max-video-preview:-1"},"canonical":"https:\/\/www.freebetsinfo.co.uk\/pt-br\/casino-online-europeu\/","og_locale":"pt_BR","og_type":"article","og_title":"Casino online europeu","og_description":"Casino online europeu , b\u00f4nus de cassino mais recentes. Obtenha ofertas gratuitas exclusivas. Ofertas de inscri\u00e7\u00e3o. Site seguro e seguro. Os maiores b\u00f4nus de boas-vindas","og_url":"https:\/\/www.freebetsinfo.co.uk\/pt-br\/casino-online-europeu\/","og_site_name":"Apostas Gr\u00e1tis, Apostas Desportivas, Apostas Online","article_modified_time":"2021-07-09T08:26:12+00:00","twitter_card":"summary_large_image","twitter_misc":{"Est. tempo de leitura":"3 minutos"},"schema":{"@context":"https:\/\/schema.org","@graph":[{"@type":"WebPage","@id":"https:\/\/www.freebetsinfo.co.uk\/pt-br\/casino-online-europeu\/","url":"https:\/\/www.freebetsinfo.co.uk\/pt-br\/casino-online-europeu\/","name":"Casino online europeu , b\u00f4nus de cassino mais recentes. Obtenha ofertas gratuitas exclusivas","isPartOf":{"@id":"https:\/\/www.freebetsinfo.co.uk\/pt-br\/#website"},"datePublished":"2021-06-27T04:47:08+00:00","dateModified":"2021-07-09T08:26:12+00:00","description":"Casino online europeu , b\u00f4nus de cassino mais recentes. Obtenha ofertas gratuitas exclusivas. Ofertas de inscri\u00e7\u00e3o. Site seguro e seguro. Os maiores b\u00f4nus de boas-vindas","breadcrumb":{"@id":"https:\/\/www.freebetsinfo.co.uk\/pt-br\/casino-online-europeu\/#breadcrumb"},"inLanguage":"pt-BR","potentialAction":[{"@type":"ReadAction","target":["https:\/\/www.freebetsinfo.co.uk\/pt-br\/casino-online-europeu\/"]}]},{"@type":"BreadcrumbList","@id":"https:\/\/www.freebetsinfo.co.uk\/pt-br\/casino-online-europeu\/#breadcrumb","itemListElement":[{"@type":"ListItem","position":1,"name":"Home","item":"https:\/\/www.freebetsinfo.co.uk\/pt-br\/"},{"@type":"ListItem","position":2,"name":"Casino online europeu"}]},{"@type":"WebSite","@id":"https:\/\/www.freebetsinfo.co.uk\/pt-br\/#website","url":"https:\/\/www.freebetsinfo.co.uk\/pt-br\/","name":"Apostas Gr\u00e1tis, Apostas Desportivas, Apostas Online","description":"Melhores C\u00f3digos de B\u00f4nus de Apostas Online e Casino sem Dep\u00f3sito! \u2705Coment\u00e1rios sobre os principais sites de apostas online, \u2705Melhores b\u00f4nus de cassinos online!","potentialAction":[{"@type":"SearchAction","target":{"@type":"EntryPoint","urlTemplate":"https:\/\/www.freebetsinfo.co.uk\/pt-br\/?s={search_term_string}"},"query-input":{"@type":"PropertyValueSpecification","valueRequired":true,"valueName":"search_term_string"}}],"inLanguage":"pt-BR"}]}},"uagb_featured_image_src":{"full":false,"thumbnail":false,"medium":false,"medium_large":false,"large":false,"1536x1536":false,"2048x2048":false,"small":false,"custom-size":false},"uagb_author_info":{"display_name":"\u7ba1\u7406","author_link":"https:\/\/www.freebetsinfo.co.uk\/pt-br\/author\/kdfl4q\/"},"uagb_comment_info":0,"uagb_excerpt":"Muito melhor casino online da Europa A ind\u00fastria do cassino online da Europa s\u00f3 foi cancelada em 2006, logo ap\u00f3s as Autoridades do Usu\u00e1rio fornecerem o UIGEA. O mercado atual ainda era inexplorado, com poucas diretrizes legais em vigor. Com probabilidade quase ilimitada, o Western na ind\u00fastria de casino online estava maduro para sua decis\u00e3o....&hellip;","_links":{"self":[{"href":"https:\/\/www.freebetsinfo.co.uk\/pt-br\/wp-json\/wp\/v2\/pages\/30003","targetHints":{"allow":["GET"]}}],"collection":[{"href":"https:\/\/www.freebetsinfo.co.uk\/pt-br\/wp-json\/wp\/v2\/pages"}],"about":[{"href":"https:\/\/www.freebetsinfo.co.uk\/pt-br\/wp-json\/wp\/v2\/types\/page"}],"author":[{"embeddable":true,"href":"https:\/\/www.freebetsinfo.co.uk\/pt-br\/wp-json\/wp\/v2\/users\/1"}],"replies":[{"embeddable":true,"href":"https:\/\/www.freebetsinfo.co.uk\/pt-br\/wp-json\/wp\/v2\/comments?post=30003"}],"version-history":[{"count":0,"href":"https:\/\/www.freebetsinfo.co.uk\/pt-br\/wp-json\/wp\/v2\/pages\/30003\/revisions"}],"wp:attachment":[{"href":"https:\/\/www.freebetsinfo.co.uk\/pt-br\/wp-json\/wp\/v2\/media?parent=30003"}],"curies":[{"name":"wp","href":"https:\/\/api.w.org\/{rel}","templated":true}]}}