{"id":30951,"date":"2021-06-27T04:05:13","date_gmt":"2021-06-27T04:05:13","guid":{"rendered":"https:\/\/www.freebetsinfo.co.uk\/apostadores-europeus\/"},"modified":"2021-07-09T08:22:04","modified_gmt":"2021-07-09T08:22:04","slug":"casas-de-apostas-da-europa","status":"publish","type":"page","link":"https:\/\/www.freebetsinfo.co.uk\/pt-br\/casas-de-apostas-da-europa\/","title":{"rendered":"Casas de Apostas da Europa"},"content":{"rendered":"<h3><span style=\"color: #808080;\">Bookmakers online da Europa<\/span><\/h3>\n<p><span style=\"color: #808080;\">Na web, o jogo parece estar se tornando mais popular a cada dia. Na Europa Bookmakers. n\u00f3s sabemos disso muito bem. O excesso de ansiedade atrav\u00e9s dos jogos online de atividades esportivas, as decis\u00f5es r\u00e1pidas de continuar jogando e o risco de uma grande vit\u00f3ria &#8230; todos esses s\u00e3o fatores excelentes para se jogar dinheiro em atividades esportivas. Mas antes de come\u00e7ar a sonhar com essa quantidade substancial de dinheiro, como um jogador, voc\u00ea deve primeiro se inscrever em uma casa de apostas. Uma casa de apostas \u00e9 definitivamente uma empresa de jogos de azar na Internet e garante que voc\u00ea pode escolher atr\u00e1s de seu computador ou telefone celular em todos os tipos de torneios e torneios esportivos emocionantes!<\/span><\/p>\n<h3><span style=\"color: #808080;\">Selecione as casas de apostas certas da Europa<\/span><\/h3>\n<p><span style=\"color: #808080;\">O jogo sem risco e leg\u00edtimo \u00e9, desnecess\u00e1rio dizer, significativo. No entanto, voc\u00ea deve prestar aten\u00e7\u00e3o a v\u00e1rias coisas. Devido ao facto de que tipo de apostas fornece uma casa de apostas? Como pode funcionar o site da Internet? E qu\u00e3o maior \u00e9, definitivamente, o b\u00f4nus adicionado para novos jogadores? Isto \u00e9 certamente diverso para cada casa de apostas. \u00c9 por esta raz\u00e3o uma boa id\u00e9ia primeiro se orientar antes de decidir se registrar em qualquer lugar.<\/span><\/p>\n<h3><span style=\"color: #808080;\">Mesmo que n\u00e3o possamos decidir qual casa de apostas \u00e9 considerada a mais perfeita para a sua op\u00e7\u00e3o.<\/span><\/h3>\n<p><span style=\"color: #808080;\">Conseq\u00fcentemente, estude cuidadosamente nossas an\u00e1lises abrangentes e, em seguida, pondere todos os pr\u00f3s e contras. Em nossa experi\u00eancia, essa \u00e9 basicamente a melhor estrat\u00e9gia. No final das contas, sua busca por uma casa de apostas perfeita est\u00e1 centrada em uma coisa: exatamente o que voc\u00ea espera? Uma casa de apostas em particular se sai muito bem em uma cole\u00e7\u00e3o extra grande (com Handicap Asi\u00e1tico e Handicap de tr\u00eas vias). Outra casa de apostas est\u00e1 muito orgulhosa de que as probabilidades s\u00e3o maiores do que em muitas competi\u00e7\u00f5es diferentes. Ou talvez voc\u00ea queira usar o b\u00f4nus recomendado mais acess\u00edvel.<\/span><\/p>\n<h3><span style=\"color: #808080;\">Recompensas atraentes para novos jogadores<\/span><\/h3>\n<p><span style=\"color: #808080;\">Existem muitos concorrentes entre as in\u00fameras casas de apostas. Muito simples: com um benef\u00edcio decente encorajado. Quase todas as casas de apostas se esfor\u00e7am para atrair voc\u00ea com uma recompensa atraente. Muitas vezes tamb\u00e9m \u00e9 um b\u00f4nus de 100% no pagamento inicial. Claro, voc\u00ea descobrir\u00e1 uma restri\u00e7\u00e3o para isso. Com muitas casas de apostas, a t\u00edtulo de exemplo, voc\u00ea receber\u00e1 um m\u00e1ximo de \u20ac 50 adicionais, embora outras casas de apostas dupliquem o primeiro pagamento para seus colossais \u20ac 250.<\/span><\/p>\n<h3><span style=\"color: #808080;\">Um benef\u00edcio maior \u00e9, desnecess\u00e1rio dizer<\/span><\/h3>\n<p><span style=\"color: #808080;\">uma introdu\u00e7\u00e3o inicial fant\u00e1stica. J\u00e1 que com os \u20ac 250 adicionados, voc\u00ea pode imediatamente posicionar muitas novas apostas. Mesmo assim, voc\u00ea n\u00e3o deve ficar cego por este tipo de alta recompensa. Com muitas casas de apostas, voc\u00ea \u00e9 obrigado a experimentar a circular de recompensa algumas vezes. E tamb\u00e9m muitas vezes voc\u00ea simplesmente tem 3 meses para conseguir isso. No pr\u00f3ximo per\u00edodo, o b\u00f4nus adicionado de boas-vindas expirou. Um grande benef\u00edcio \u00e9 sem d\u00favida atraente, mas n\u00e3o permita que ele o guie muito<\/span><\/p>\n","protected":false},"excerpt":{"rendered":"Bookmakers online da Europa Na web, o jogo parece estar se tornando mais popular a cada dia. Na Europa Bookmakers. n\u00f3s sabemos disso muito bem. O excesso de ansiedade atrav\u00e9s dos jogos online de atividades esportivas, as decis\u00f5es r\u00e1pidas de continuar jogando e o risco de uma grande vit\u00f3ria &#8230; todos esses s\u00e3o fatores excelentes&#8230; <a class=\"view-article\" href=\"https:\/\/www.freebetsinfo.co.uk\/pt-br\/casas-de-apostas-da-europa\/\">Ver artigo<\/a>","protected":false},"author":1,"featured_media":29400,"parent":0,"menu_order":0,"comment_status":"closed","ping_status":"closed","template":"europe-sports-page-template.php","meta":{"_uag_custom_page_level_css":"","footnotes":""},"class_list":["post-30951","page","type-page","status-publish","has-post-thumbnail","hentry"],"yoast_head":"<!-- This site is optimized with the Yoast SEO Premium plugin v19.5 (Yoast SEO v27.5) - https:\/\/yoast.com\/product\/yoast-seo-premium-wordpress\/ -->\n<title>Casas de Apostas da Europa , os melhores sites de casas de apostas online.<\/title>\n<meta name=\"description\" content=\"Casas de Apostas da Europa , as melhores ofertas de apostas gr\u00e1tis online. Ofertas de apostas gr\u00e1tis - apostas de futebol gr\u00e1tis. Os melhores sites de apostas online da Europa.\" \/>\n<meta name=\"robots\" content=\"index, follow, max-snippet:-1, max-image-preview:large, max-video-preview:-1\" \/>\n<link rel=\"canonical\" href=\"https:\/\/www.freebetsinfo.co.uk\/pt-br\/casas-de-apostas-da-europa\/\" \/>\n<meta property=\"og:locale\" content=\"pt_BR\" \/>\n<meta property=\"og:type\" content=\"article\" \/>\n<meta property=\"og:title\" content=\"Casas de Apostas da Europa\" \/>\n<meta property=\"og:description\" content=\"Casas de Apostas da Europa , as melhores ofertas de apostas gr\u00e1tis online. Ofertas de apostas gr\u00e1tis - apostas de futebol gr\u00e1tis. Os melhores sites de apostas online da Europa.\" \/>\n<meta property=\"og:url\" content=\"https:\/\/www.freebetsinfo.co.uk\/pt-br\/casas-de-apostas-da-europa\/\" \/>\n<meta property=\"og:site_name\" content=\"Apostas Gr\u00e1tis, Apostas Desportivas, Apostas Online\" \/>\n<meta property=\"article:modified_time\" content=\"2021-07-09T08:22:04+00:00\" \/>\n<meta property=\"og:image\" content=\"https:\/\/www.freebetsinfo.co.uk\/wp-content\/uploads\/2021\/06\/Europe-1.png\" \/>\n\t<meta property=\"og:image:width\" content=\"302\" \/>\n\t<meta property=\"og:image:height\" content=\"220\" \/>\n\t<meta property=\"og:image:type\" content=\"image\/png\" \/>\n<meta name=\"twitter:card\" content=\"summary_large_image\" \/>\n<meta name=\"twitter:label1\" content=\"Est. tempo de leitura\" \/>\n\t<meta name=\"twitter:data1\" content=\"3 minutos\" \/>\n<script type=\"application\/ld+json\" class=\"yoast-schema-graph\">{\"@context\":\"https:\\\/\\\/schema.org\",\"@graph\":[{\"@type\":\"WebPage\",\"@id\":\"https:\\\/\\\/www.freebetsinfo.co.uk\\\/pt-br\\\/casas-de-apostas-da-europa\\\/\",\"url\":\"https:\\\/\\\/www.freebetsinfo.co.uk\\\/pt-br\\\/casas-de-apostas-da-europa\\\/\",\"name\":\"Casas de Apostas da Europa , os melhores sites de casas de apostas online.\",\"isPartOf\":{\"@id\":\"https:\\\/\\\/www.freebetsinfo.co.uk\\\/pt-br\\\/#website\"},\"primaryImageOfPage\":{\"@id\":\"https:\\\/\\\/www.freebetsinfo.co.uk\\\/pt-br\\\/casas-de-apostas-da-europa\\\/#primaryimage\"},\"image\":{\"@id\":\"https:\\\/\\\/www.freebetsinfo.co.uk\\\/pt-br\\\/casas-de-apostas-da-europa\\\/#primaryimage\"},\"thumbnailUrl\":\"https:\\\/\\\/www.freebetsinfo.co.uk\\\/wp-content\\\/uploads\\\/2021\\\/06\\\/Europe-1.png\",\"datePublished\":\"2021-06-27T04:05:13+00:00\",\"dateModified\":\"2021-07-09T08:22:04+00:00\",\"description\":\"Casas de Apostas da Europa , as melhores ofertas de apostas gr\u00e1tis online. Ofertas de apostas gr\u00e1tis - apostas de futebol gr\u00e1tis. Os melhores sites de apostas online da Europa.\",\"breadcrumb\":{\"@id\":\"https:\\\/\\\/www.freebetsinfo.co.uk\\\/pt-br\\\/casas-de-apostas-da-europa\\\/#breadcrumb\"},\"inLanguage\":\"pt-BR\",\"potentialAction\":[{\"@type\":\"ReadAction\",\"target\":[\"https:\\\/\\\/www.freebetsinfo.co.uk\\\/pt-br\\\/casas-de-apostas-da-europa\\\/\"]}]},{\"@type\":\"ImageObject\",\"inLanguage\":\"pt-BR\",\"@id\":\"https:\\\/\\\/www.freebetsinfo.co.uk\\\/pt-br\\\/casas-de-apostas-da-europa\\\/#primaryimage\",\"url\":\"https:\\\/\\\/www.freebetsinfo.co.uk\\\/wp-content\\\/uploads\\\/2021\\\/06\\\/Europe-1.png\",\"contentUrl\":\"https:\\\/\\\/www.freebetsinfo.co.uk\\\/wp-content\\\/uploads\\\/2021\\\/06\\\/Europe-1.png\",\"width\":302,\"height\":220,\"caption\":\"Europa\"},{\"@type\":\"BreadcrumbList\",\"@id\":\"https:\\\/\\\/www.freebetsinfo.co.uk\\\/pt-br\\\/casas-de-apostas-da-europa\\\/#breadcrumb\",\"itemListElement\":[{\"@type\":\"ListItem\",\"position\":1,\"name\":\"Home\",\"item\":\"https:\\\/\\\/www.freebetsinfo.co.uk\\\/pt-br\\\/\"},{\"@type\":\"ListItem\",\"position\":2,\"name\":\"Casas de Apostas da Europa\"}]},{\"@type\":\"WebSite\",\"@id\":\"https:\\\/\\\/www.freebetsinfo.co.uk\\\/pt-br\\\/#website\",\"url\":\"https:\\\/\\\/www.freebetsinfo.co.uk\\\/pt-br\\\/\",\"name\":\"Apostas Gr\u00e1tis, Apostas Desportivas, Apostas Online\",\"description\":\"Melhores C\u00f3digos de B\u00f4nus de Apostas Online e Casino sem Dep\u00f3sito! \u2705Coment\u00e1rios sobre os principais sites de apostas online, \u2705Melhores b\u00f4nus de cassinos online!\",\"potentialAction\":[{\"@type\":\"SearchAction\",\"target\":{\"@type\":\"EntryPoint\",\"urlTemplate\":\"https:\\\/\\\/www.freebetsinfo.co.uk\\\/pt-br\\\/?s={search_term_string}\"},\"query-input\":{\"@type\":\"PropertyValueSpecification\",\"valueRequired\":true,\"valueName\":\"search_term_string\"}}],\"inLanguage\":\"pt-BR\"}]}<\/script>\n<!-- \/ Yoast SEO Premium plugin. -->","yoast_head_json":{"title":"Casas de Apostas da Europa , os melhores sites de casas de apostas online.","description":"Casas de Apostas da Europa , as melhores ofertas de apostas gr\u00e1tis online. Ofertas de apostas gr\u00e1tis - apostas de futebol gr\u00e1tis. Os melhores sites de apostas online da Europa.","robots":{"index":"index","follow":"follow","max-snippet":"max-snippet:-1","max-image-preview":"max-image-preview:large","max-video-preview":"max-video-preview:-1"},"canonical":"https:\/\/www.freebetsinfo.co.uk\/pt-br\/casas-de-apostas-da-europa\/","og_locale":"pt_BR","og_type":"article","og_title":"Casas de Apostas da Europa","og_description":"Casas de Apostas da Europa , as melhores ofertas de apostas gr\u00e1tis online. Ofertas de apostas gr\u00e1tis - apostas de futebol gr\u00e1tis. Os melhores sites de apostas online da Europa.","og_url":"https:\/\/www.freebetsinfo.co.uk\/pt-br\/casas-de-apostas-da-europa\/","og_site_name":"Apostas Gr\u00e1tis, Apostas Desportivas, Apostas Online","article_modified_time":"2021-07-09T08:22:04+00:00","og_image":[{"width":302,"height":220,"url":"https:\/\/www.freebetsinfo.co.uk\/wp-content\/uploads\/2021\/06\/Europe-1.png","type":"image\/png"}],"twitter_card":"summary_large_image","twitter_misc":{"Est. tempo de leitura":"3 minutos"},"schema":{"@context":"https:\/\/schema.org","@graph":[{"@type":"WebPage","@id":"https:\/\/www.freebetsinfo.co.uk\/pt-br\/casas-de-apostas-da-europa\/","url":"https:\/\/www.freebetsinfo.co.uk\/pt-br\/casas-de-apostas-da-europa\/","name":"Casas de Apostas da Europa , os melhores sites de casas de apostas online.","isPartOf":{"@id":"https:\/\/www.freebetsinfo.co.uk\/pt-br\/#website"},"primaryImageOfPage":{"@id":"https:\/\/www.freebetsinfo.co.uk\/pt-br\/casas-de-apostas-da-europa\/#primaryimage"},"image":{"@id":"https:\/\/www.freebetsinfo.co.uk\/pt-br\/casas-de-apostas-da-europa\/#primaryimage"},"thumbnailUrl":"https:\/\/www.freebetsinfo.co.uk\/wp-content\/uploads\/2021\/06\/Europe-1.png","datePublished":"2021-06-27T04:05:13+00:00","dateModified":"2021-07-09T08:22:04+00:00","description":"Casas de Apostas da Europa , as melhores ofertas de apostas gr\u00e1tis online. Ofertas de apostas gr\u00e1tis - apostas de futebol gr\u00e1tis. Os melhores sites de apostas online da Europa.","breadcrumb":{"@id":"https:\/\/www.freebetsinfo.co.uk\/pt-br\/casas-de-apostas-da-europa\/#breadcrumb"},"inLanguage":"pt-BR","potentialAction":[{"@type":"ReadAction","target":["https:\/\/www.freebetsinfo.co.uk\/pt-br\/casas-de-apostas-da-europa\/"]}]},{"@type":"ImageObject","inLanguage":"pt-BR","@id":"https:\/\/www.freebetsinfo.co.uk\/pt-br\/casas-de-apostas-da-europa\/#primaryimage","url":"https:\/\/www.freebetsinfo.co.uk\/wp-content\/uploads\/2021\/06\/Europe-1.png","contentUrl":"https:\/\/www.freebetsinfo.co.uk\/wp-content\/uploads\/2021\/06\/Europe-1.png","width":302,"height":220,"caption":"Europa"},{"@type":"BreadcrumbList","@id":"https:\/\/www.freebetsinfo.co.uk\/pt-br\/casas-de-apostas-da-europa\/#breadcrumb","itemListElement":[{"@type":"ListItem","position":1,"name":"Home","item":"https:\/\/www.freebetsinfo.co.uk\/pt-br\/"},{"@type":"ListItem","position":2,"name":"Casas de Apostas da Europa"}]},{"@type":"WebSite","@id":"https:\/\/www.freebetsinfo.co.uk\/pt-br\/#website","url":"https:\/\/www.freebetsinfo.co.uk\/pt-br\/","name":"Apostas Gr\u00e1tis, Apostas Desportivas, Apostas Online","description":"Melhores C\u00f3digos de B\u00f4nus de Apostas Online e Casino sem Dep\u00f3sito! \u2705Coment\u00e1rios sobre os principais sites de apostas online, \u2705Melhores b\u00f4nus de cassinos online!","potentialAction":[{"@type":"SearchAction","target":{"@type":"EntryPoint","urlTemplate":"https:\/\/www.freebetsinfo.co.uk\/pt-br\/?s={search_term_string}"},"query-input":{"@type":"PropertyValueSpecification","valueRequired":true,"valueName":"search_term_string"}}],"inLanguage":"pt-BR"}]}},"uagb_featured_image_src":{"full":["https:\/\/www.freebetsinfo.co.uk\/wp-content\/uploads\/2021\/06\/Europe-1.png",302,220,false],"thumbnail":["https:\/\/www.freebetsinfo.co.uk\/wp-content\/uploads\/2021\/06\/Europe-1-150x150.png",150,150,true],"medium":["https:\/\/www.freebetsinfo.co.uk\/wp-content\/uploads\/2021\/06\/Europe-1-250x182.png",250,182,true],"medium_large":["https:\/\/www.freebetsinfo.co.uk\/wp-content\/uploads\/2021\/06\/Europe-1.png",302,220,false],"large":["https:\/\/www.freebetsinfo.co.uk\/wp-content\/uploads\/2021\/06\/Europe-1.png",302,220,false],"1536x1536":["https:\/\/www.freebetsinfo.co.uk\/wp-content\/uploads\/2021\/06\/Europe-1.png",302,220,false],"2048x2048":["https:\/\/www.freebetsinfo.co.uk\/wp-content\/uploads\/2021\/06\/Europe-1.png",302,220,false],"small":["https:\/\/www.freebetsinfo.co.uk\/wp-content\/uploads\/2021\/06\/Europe-1-120x87.png",120,87,true],"custom-size":["https:\/\/www.freebetsinfo.co.uk\/wp-content\/uploads\/2021\/06\/Europe-1-302x200.png",302,200,true]},"uagb_author_info":{"display_name":"\u7ba1\u7406","author_link":"https:\/\/www.freebetsinfo.co.uk\/pt-br\/author\/kdfl4q\/"},"uagb_comment_info":0,"uagb_excerpt":"Bookmakers online da Europa Na web, o jogo parece estar se tornando mais popular a cada dia. Na Europa Bookmakers. n\u00f3s sabemos disso muito bem. O excesso de ansiedade atrav\u00e9s dos jogos online de atividades esportivas, as decis\u00f5es r\u00e1pidas de continuar jogando e o risco de uma grande vit\u00f3ria &#8230; todos esses s\u00e3o fatores excelentes...&hellip;","_links":{"self":[{"href":"https:\/\/www.freebetsinfo.co.uk\/pt-br\/wp-json\/wp\/v2\/pages\/30951","targetHints":{"allow":["GET"]}}],"collection":[{"href":"https:\/\/www.freebetsinfo.co.uk\/pt-br\/wp-json\/wp\/v2\/pages"}],"about":[{"href":"https:\/\/www.freebetsinfo.co.uk\/pt-br\/wp-json\/wp\/v2\/types\/page"}],"author":[{"embeddable":true,"href":"https:\/\/www.freebetsinfo.co.uk\/pt-br\/wp-json\/wp\/v2\/users\/1"}],"replies":[{"embeddable":true,"href":"https:\/\/www.freebetsinfo.co.uk\/pt-br\/wp-json\/wp\/v2\/comments?post=30951"}],"version-history":[{"count":0,"href":"https:\/\/www.freebetsinfo.co.uk\/pt-br\/wp-json\/wp\/v2\/pages\/30951\/revisions"}],"wp:featuredmedia":[{"embeddable":true,"href":"https:\/\/www.freebetsinfo.co.uk\/pt-br\/wp-json\/wp\/v2\/media\/29400"}],"wp:attachment":[{"href":"https:\/\/www.freebetsinfo.co.uk\/pt-br\/wp-json\/wp\/v2\/media?parent=30951"}],"curies":[{"name":"wp","href":"https:\/\/api.w.org\/{rel}","templated":true}]}}