{"id":1856,"date":"2019-10-16T15:49:04","date_gmt":"2019-10-16T15:49:04","guid":{"rendered":"https:\/\/www.freebetsinfo.co.uk\/chau-a-bookmakers\/"},"modified":"2021-07-09T08:06:43","modified_gmt":"2021-07-09T08:06:43","slug":"nh%c3%a0-c%c3%a1i-ch%c3%a2u-%c3%81","status":"publish","type":"page","link":"https:\/\/www.freebetsinfo.co.uk\/vi\/nh%c3%a0-c%c3%a1i-ch%c3%a2u-%c3%81\/","title":{"rendered":"Nh\u00e0 c\u00e1i Ch\u00e2u \u00c1"},"content":{"rendered":"<h3><span style=\"color: #808080;\">Nh\u00e0 c\u00e1i Ch\u00e2u \u00c1 t\u1ed1t nh\u1ea5t<\/span><\/h3>\n<p><span style=\"color: #808080;\">H\u1ea7u h\u1ebft c\u00e1c nh\u00e0 c\u00e1i Ch\u00e2u \u00c1. C\u00f3 nhi\u1ec1u lo\u1ea1i s\u00f2ng b\u1ea1c tr\u00ean internet. C\u00f3 m\u1ed9t truy\u1ec1n th\u1ed1ng l\u00e2u \u0111\u1eddi v\u1ec1 c\u00e1 c\u01b0\u1ee3c v\u00e0o c\u00e1c tr\u00f2 ch\u01a1i \u0111i\u1ec7n t\u1eed, s\u1ebd t\u1ed3n t\u1ea1i h\u00e0ng tr\u0103m n\u0103m. Tr\u00ean th\u1ef1c t\u1ebf, ch\u00e2u \u00c1 l\u00e0 m\u1ed9t \u0111\u1ecba \u0111i\u1ec3m c\u1edd b\u1ea1c. M\u1ed9t trong nh\u1eefng th\u1ecb tr\u01b0\u1eddng tr\u00f2 ch\u01a1i \u0111i\u1ec7n t\u1eed l\u1edbn nh\u1ea5t th\u1ebf gi\u1edbi,<\/span><br \/>\n<span style=\"color: #808080;\">V\u1edbi s\u1ef1 ph\u00e1t tri\u1ec3n c\u1ee7a c\u00e1c s\u00f2ng b\u1ea1c tr\u1ef1c tuy\u1ebfn, ch\u00e2u \u00c1 c\u00f3 th\u1ec3 ph\u00e1t tri\u1ec3n h\u01a1n n\u1eefa. C\u00e1c con b\u1ea1c \u0111ang t\u00ecm ki\u1ebfm s\u00f2ng b\u1ea1c tr\u1ef1c tuy\u1ebfn \u1edf Ch\u00e2u \u00c1. T\u00f3m l\u1ea1i, Bao g\u1ed3m c\u1ea3 c\u00e1c c\u00f4ng ty game Trung Qu\u1ed1c. C\u00e1c nh\u00e0 \u0111i\u1ec1u h\u00e0nh s\u00f2ng b\u1ea1c kh\u00e1c nhau.<\/span><\/p>\n<h3><span style=\"color: #808080;\">M\u1ed9t s\u1ed1 l\u01b0\u1ee3ng l\u1edbn c\u00e1c tr\u00f2 ch\u01a1i \u0111i\u1ec7n t\u1eed tr\u1ef1c tuy\u1ebfn.<\/span><\/h3>\n<p><span style=\"color: #808080;\">Nh\u00e0 c\u00e1i ch\u00e2u \u00c1 \u0111\u01b0\u1ee3c nhi\u1ec1u qu\u1ed1c gia trong khu v\u1ef1c ch\u00e2u \u00c1 bi\u1ebft \u0111\u1ebfn. H\u1ecd \u0111\u1ec1u l\u00e0 c\u00e1c qu\u1ed1c gia H\u1ed3i gi\u00e1o v\u00e0 kh\u00f4ng \u0111\u01b0\u1ee3c ph\u00e9p. \u0110\u1eb7t b\u1ea5t k\u1ef3 h\u00ecnh th\u1ee9c c\u00e1 c\u01b0\u1ee3c n\u00e0o. B\u1ea1n c\u00f3 th\u1ec3 t\u00ecm th\u1ea5y c\u00e1c h\u1ea1n ch\u1ebf \u1edf nhi\u1ec1u qu\u1ed1c gia \/ khu v\u1ef1c. C\u00f3 nh\u1eefng h\u1ea1n ch\u1ebf \u0111\u1ed1i v\u1edbi s\u00f2ng b\u1ea1c th\u1ef1c,<\/span><\/p>\n<h3><span style=\"color: #808080;\">C\u00f4ng ty Tr\u00f2 ch\u01a1i Ch\u00e2u \u00c1.<\/span><\/h3>\n<p><span style=\"color: #808080;\">V\u00ed d\u1ee5, ch\u00ednh ph\u1ee7 Indonesia. M\u1ecdi h\u00ecnh th\u1ee9c \u0111\u00e1nh b\u1ea1c \u0111\u00e3 b\u1ecb c\u1ea5m, nh\u01b0ng d\u1ec5 d\u00e0ng \u0111\u01b0\u1ee3c ch\u1ea5p nh\u1eadn. K\u1ebft lu\u1eadn, C\u01b0 d\u00e2n l\u00e2n c\u1eadn \u0111\u1eb7t c\u01b0\u1ee3c v\u00e0o s\u00f2ng b\u1ea1c tr\u00ean internet.<\/span><br \/>\n<span style=\"color: #808080;\">T\u00ecm s\u00f2ng b\u1ea1c tr\u1ef1c tuy\u1ebfn \u1edf Indonesia. Ch\u00ednh ph\u1ee7 \u0111\u00e3 \u0111\u00f3ng c\u1eeda c\u00e1c s\u00f2ng b\u1ea1c tr\u1ef1c tuy\u1ebfn t\u1ea1i \u0111\u1ecba ph\u01b0\u01a1ng v\u00e0 c\u00e1c c\u01a1 quan li\u00ean quan g\u1ea7n \u0111\u00f3. Th\u01b0\u1eddng gi\u1edbi h\u1ea1n cho nh\u1eefng n\u01a1i kh\u00e1c l\u01b0u tr\u1eef. Vi\u1ec7c s\u1eed d\u1ee5ng c\u00e1c s\u00f2ng b\u1ea1c tr\u1ef1c tuy\u1ebfn c\u1ee7a Ch\u00e2u \u00c1 kh\u00f4ng hi\u1ec7u qu\u1ea3.<\/span><\/p>\n<h3><span style=\"color: #808080;\">B\u1ea1n \u0111ang t\u00ecm ki\u1ebfm s\u00f2ng b\u1ea1c tr\u1ef1c tuy\u1ebfn t\u1ed1t nh\u1ea5t \u1edf Ch\u00e2u \u00c1<\/span><\/h3>\n<p><span style=\"color: #808080;\">B\u1ea1n s\u1ebd th\u1ea5y khu v\u1ef1c. T\u1ea5t c\u1ea3 c\u00e1c s\u00f2ng b\u1ea1c h\u00e0ng \u0111\u1ea7u. C\u1ea3 hai \u0111\u1ec1u gi\u1eef l\u1ea1i v\u1ed1n t\u1eeb v\u1ef1ng ph\u01b0\u01a1ng \u0110\u00f4ng v\u00e0 th\u1eeba nh\u1eadn c\u00e1 c\u01b0\u1ee3c v\u1edbi \u0111\u1ed3ng ti\u1ec1n g\u1ea7n \u0111\u00f3, \u0111\u1ed3ng nh\u00e2n d\u00e2n t\u1ec7 c\u1ee7a Trung Qu\u1ed1c. Ngo\u00e0i ra, b\u1ea5t k\u1ef3 trong t\u1ed5 ch\u1ee9c c\u1edd b\u1ea1c Internet. C\u00e1c n\u01b0\u1edbc h\u00e0ng \u0111\u1ea7u Ch\u00e2u \u00c1. T\u1ea5t c\u1ea3 c\u00e1c c\u01b0\u1ee3c b\u1eb1ng \u0110\u00f4 la \u0110\u00e0i Loan m\u1edbi, Y\u00ean Nh\u1eadt v\u00e0 \u0110\u00f4 la H\u1ed3ng K\u00f4ng \u0111\u1ec1u \u0111\u01b0\u1ee3c ch\u00e0o \u0111\u00f3n.<\/span><\/p>\n<p><span style=\"color: #808080;\">\u0110i\u1ec1u n\u00e0y l\u00e0m cho c\u00e1c s\u00f2ng b\u1ea1c tr\u1ef1c tuy\u1ebfn c\u1ee7a Ch\u00e2u \u00c1. Tr\u1edf th\u00e0nh t\u1eeb m\u1ed9t qu\u1ed1c gia Ch\u00e2u \u00c1. V\u00e0 l\u00e0 s\u1ef1 l\u1ef1a ch\u1ecdn h\u00e0ng \u0111\u1ea7u c\u1ee7a r\u1ea5t nhi\u1ec1u con b\u1ea1c \u1edf c\u00e1c qu\u1ed1c gia kh\u00e1c, v\u00ec trong s\u1ed1 \u0111\u00f3 c\u00f3 r\u1ea5t nhi\u1ec1u trang web c\u00e1 c\u01b0\u1ee3c. C\u01b0\u1ee3c \u0111\u00f4 la M\u1ef9 v\u00e0 Euro c\u0169ng \u0111\u01b0\u1ee3c ch\u1ea5p nh\u1eadn. B\u1ea1n c\u0169ng ph\u1ea3i nh\u1edb r\u1eb1ng h\u1ea7u h\u1ebft c\u00e1c nh\u00e0 c\u00e1i l\u1edbn nh\u1ea5t. S\u00f2ng b\u1ea1c d\u1ef1a tr\u00ean Internet. T\u1ea5t c\u1ea3 nh\u1eefng ng\u01b0\u1eddi \u0111\u00e1nh c\u01b0\u1ee3c cho s\u00e0n giao d\u1ecbch Ch\u00e2u \u00c1. Cung c\u1ea5p d\u1ecbch v\u1ee5 c\u1edd b\u1ea1c.<\/span><\/p>\n<h3><span style=\"color: #808080;\">S\u00f2ng b\u1ea1c tr\u1ef1c tuy\u1ebfn Trung Qu\u1ed1c<\/span><\/h3>\n<p><span style=\"color: #808080;\">Th\u01b0\u1eddng h\u1ed7 tr\u1ee3 nhi\u1ec1u lo\u1ea1i ti\u1ec1n t\u1ec7. Nhi\u1ec1u t\u00f9y ch\u1ecdn thanh to\u00e1n v\u00e0 r\u00fat ti\u1ec1n, l\u00e0m cho nh\u1eefng ng\u01b0\u1eddi \u0111\u00e1nh b\u1ea1c t\u1eeb kh\u1eafp n\u01a1i tr\u00ean th\u1ebf gi\u1edbi. C\u00f3 th\u1ec3 \u1edf c\u00e1c s\u00f2ng b\u1ea1c Ch\u00e2u \u00c1. T\u00f3m l\u1ea1i, Ch\u01a1i tr\u00f2 ch\u01a1i \u0111i\u1ec7n t\u1eed s\u00f2ng b\u1ea1c. C\u00e1c ph\u01b0\u01a1ng th\u1ee9c g\u1eedi ti\u1ec1n g\u1eedi ti\u1ec1n c\u1ee5 th\u1ec3, c\u00e1c c\u01a1 s\u1edf c\u1edd b\u1ea1c kh\u00e1c nhau c\u00f3 th\u1ec3 gi\u00fap m\u1ed9t. kh\u00e1c. Ch\u1eb3ng h\u1ea1n nh\u01b0 PayPal, Neteller ho\u1eb7c Skrill. H\u1ea7u h\u1ebft c\u00e1c n\u01b0\u1edbc Ch\u00e2u \u00c1.<\/span><\/p>\n<h3><span style=\"color: #808080;\">\u0110\u1eb7t c\u01b0\u1ee3c v\u00e0o S\u00f2ng b\u1ea1c Tr\u1ef1c tuy\u1ebfn c\u1ee7a Nh\u00e0 c\u00e1i Ch\u00e2u \u00c1<\/span><\/h3>\n<p><span style=\"color: #808080;\">Trong s\u00f2ng b\u1ea1c Internet. C\u00e1c tr\u00f2 ch\u01a1i ch\u00e2u \u00c1 \u0111\u01b0\u1ee3c cung c\u1ea5p v\u1edbi c\u00e1c con b\u1ea1c. Trong s\u00f2ng b\u1ea1c tr\u1ef1c tuy\u1ebfn h\u00e0ng \u0111\u1ea7u. B\u1ea1n c\u00f3 th\u1ec3 t\u00ecm th\u1ea5y c\u00e1c tr\u00f2 ch\u01a1i tr\u1ef1c tuy\u1ebfn s\u00f2ng b\u1ea1c gi\u1ed1ng h\u1ec7t nhau, bao g\u1ed3m tr\u00f2 ch\u01a1i tr\u1ef1c tuy\u1ebfn tr\u00ean b\u00e0n, m\u00e1y \u0111\u00e1nh b\u1ea1c v\u00e0 video poker.<\/span><\/p>\n<p><span style=\"color: #808080;\">V\u00e0 l\u00e0 s\u1ef1 l\u1ef1a ch\u1ecdn h\u00e0ng \u0111\u1ea7u c\u1ee7a r\u1ea5t nhi\u1ec1u con b\u1ea1c \u1edf c\u00e1c qu\u1ed1c gia kh\u00e1c, v\u00ec trong s\u1ed1 \u0111\u00f3 c\u00f3 r\u1ea5t nhi\u1ec1u trang web c\u00e1 c\u01b0\u1ee3c. C\u01b0\u1ee3c \u0111\u00f4 la M\u1ef9 v\u00e0 Euro c\u0169ng \u0111\u01b0\u1ee3c ch\u1ea5p nh\u1eadn. B\u1ea1n c\u0169ng ph\u1ea3i nh\u1edb r\u1eb1ng h\u1ea7u h\u1ebft c\u00e1c nh\u00e0 c\u00e1i l\u1edbn nh\u1ea5t. S\u00f2ng b\u1ea1c d\u1ef1a tr\u00ean Internet.<\/span><\/p>\n<h3><span style=\"color: #808080;\">H\u1ea7u h\u1ebft c\u00e1c s\u00f2ng b\u1ea1c tr\u1ef1c tuy\u1ebfn h\u00e0ng \u0111\u1ea7u \u1edf Ch\u00e2u \u00c1<\/span><\/h3>\n<p><span style=\"color: #808080;\">Cung c\u1ea5p c\u00e1c \u0111\u1ecba \u0111i\u1ec3m \u0111\u00e1nh b\u1ea1c tr\u1ef1c tuy\u1ebfn cho c\u00e1c tr\u00f2 ch\u01a1i \u0111i\u1ec7n t\u1eed, T\u00f3m l\u1ea1i, poker n\u1eb1m trong danh m\u1ee5c c\u1ee5 th\u1ec3 n\u00e0y. Tr\u00f2 ch\u01a1i n\u1ed5i ti\u1ebfng nh\u1ea5t. M\u00e1y \u0111\u00e1nh b\u1ea1c video v\u00e0 video poker tr\u1ef1c tuy\u1ebfn.<\/span><\/p>\n<h3><span style=\"color: #808080;\">C\u00e1c n\u01b0\u1edbc Ch\u00e2u \u00c1 ch\u01a1i tr\u00f2 ch\u01a1i s\u00f2ng b\u1ea1c tr\u1ef1c tuy\u1ebfn<\/span><\/h3>\n<p><span style=\"color: #808080;\">S\u1ed1ng \u1edf m\u1ed9t qu\u1ed1c gia trong khu v\u1ef1c, b\u1ea1n ph\u1ea3i l\u01b0u \u00fd r\u1eb1ng b\u1ea1n c\u00f3 th\u1ec3 truy c\u1eadp v\u00e0o trang web c\u1ee5 th\u1ec3 c\u1ee7a m\u00ecnh v\u1edbi c\u00e1c h\u1ea1n ch\u1ebf li\u00ean quan \u0111\u1ebfn vi\u1ec7c s\u1eed d\u1ee5ng tr\u1ef1c tuy\u1ebfn, v\u1ed1n ph\u1ed5 bi\u1ebfn nh\u1ea5t trong c\u00e1c s\u00f2ng b\u1ea1c tr\u1ef1c tuy\u1ebfn \u1edf Ch\u00e2u \u00c1. N\u1ebfu \u0111\u00e2y l\u00e0 tr\u01b0\u1eddng h\u1ee3p, xin vui l\u00f2ng. C\u00e2n nh\u1eafc s\u1eed d\u1ee5ng d\u1ecbch v\u1ee5 VPN \u0111\u1ec3 \u0111\u1eb7t c\u01b0\u1ee3c. V\u00e0 t\u1eadn h\u01b0\u1edfng c\u00e1c tr\u00f2 ch\u01a1i tr\u1ef1c tuy\u1ebfn s\u00f2ng b\u1ea1c tr\u00ean internet. T\u1ea5t c\u1ea3 \u0111\u1ec1u cung c\u1ea5p d\u1ecbch v\u1ee5 c\u1edd b\u1ea1c di \u0111\u1ed9ng v\u00e0 c\u00f3 \u1ee9ng d\u1ee5ng c\u00e1 c\u01b0\u1ee3c tr\u00ean \u0111i\u1ec7n tho\u1ea1i di \u0111\u1ed9ng \u0111\u1ec3 gi\u00fap ng\u01b0\u1eddi ch\u01a1i \u0111\u00e1nh b\u1ea1c d\u1ec5 d\u00e0ng h\u01a1n. Ch\u01a1i tr\u00f2 ch\u01a1i t\u1ea1i c\u00e1c s\u00f2ng b\u1ea1c tr\u1ef1c tuy\u1ebfn g\u1ea7n \u0111\u00f3<\/span><\/p>\n","protected":false},"excerpt":{"rendered":"Nh\u00e0 c\u00e1i Ch\u00e2u \u00c1 t\u1ed1t nh\u1ea5t H\u1ea7u h\u1ebft c\u00e1c nh\u00e0 c\u00e1i Ch\u00e2u \u00c1. C\u00f3 nhi\u1ec1u lo\u1ea1i s\u00f2ng b\u1ea1c tr\u00ean internet. C\u00f3 m\u1ed9t truy\u1ec1n th\u1ed1ng l\u00e2u \u0111\u1eddi v\u1ec1 c\u00e1 c\u01b0\u1ee3c v\u00e0o c\u00e1c tr\u00f2 ch\u01a1i \u0111i\u1ec7n t\u1eed, s\u1ebd t\u1ed3n t\u1ea1i h\u00e0ng tr\u0103m n\u0103m. Tr\u00ean th\u1ef1c t\u1ebf, ch\u00e2u \u00c1 l\u00e0 m\u1ed9t \u0111\u1ecba \u0111i\u1ec3m c\u1edd b\u1ea1c. M\u1ed9t trong nh\u1eefng&#8230; <a class=\"view-article\" href=\"https:\/\/www.freebetsinfo.co.uk\/vi\/nh%c3%a0-c%c3%a1i-ch%c3%a2u-%c3%81\/\">View Article<\/a>","protected":false},"author":1,"featured_media":0,"parent":0,"menu_order":0,"comment_status":"closed","ping_status":"closed","template":"asia-sports-page-template.php","meta":{"_uag_custom_page_level_css":"","footnotes":""},"class_list":["post-1856","page","type-page","status-publish","hentry"],"yoast_head":"<!-- This site is optimized with the Yoast SEO Premium plugin v19.5 (Yoast SEO v27.5) - https:\/\/yoast.com\/product\/yoast-seo-premium-wordpress\/ -->\n<title>Nh\u00e0 c\u00e1i Ch\u00e2u \u00c1 , X\u1ebfp h\u1ea1ng X\u1ebfp h\u1ea1ng c\u1ee7a Nh\u00e0 c\u00e1i Ch\u00e2u \u00c1.<\/title>\n<meta name=\"description\" content=\"Nh\u00e0 c\u00e1i Ch\u00e2u \u00c1 , X\u1ebfp h\u1ea1ng X\u1ebfp h\u1ea1ng Nh\u00e0 c\u00e1i Ch\u00e2u \u00c1, Nh\u00e0 c\u00e1i tr\u1ef1c tuy\u1ebfn t\u1ed1t nh\u1ea5t Ch\u00e2u \u00c1 v\u1edbi nhi\u1ec1u \u01b0u \u0111\u00e3i nh\u1ea5t v\u00e0 r\u00fat ti\u1ec1n nhanh nh\u1ea5t.\" \/>\n<meta name=\"robots\" content=\"index, follow, max-snippet:-1, max-image-preview:large, max-video-preview:-1\" \/>\n<link rel=\"canonical\" href=\"https:\/\/www.freebetsinfo.co.uk\/vi\/nh%c3%a0-c%c3%a1i-ch%c3%a2u-%c3%81\/\" \/>\n<meta property=\"og:locale\" content=\"vi_VN\" \/>\n<meta property=\"og:type\" content=\"article\" \/>\n<meta property=\"og:title\" content=\"Nh\u00e0 c\u00e1i Ch\u00e2u \u00c1\" \/>\n<meta property=\"og:description\" content=\"Nh\u00e0 c\u00e1i Ch\u00e2u \u00c1 , X\u1ebfp h\u1ea1ng X\u1ebfp h\u1ea1ng Nh\u00e0 c\u00e1i Ch\u00e2u \u00c1, Nh\u00e0 c\u00e1i tr\u1ef1c tuy\u1ebfn t\u1ed1t nh\u1ea5t Ch\u00e2u \u00c1 v\u1edbi nhi\u1ec1u \u01b0u \u0111\u00e3i nh\u1ea5t v\u00e0 r\u00fat ti\u1ec1n nhanh nh\u1ea5t.\" \/>\n<meta property=\"og:url\" content=\"https:\/\/www.freebetsinfo.co.uk\/vi\/nh%c3%a0-c%c3%a1i-ch%c3%a2u-%c3%81\/\" \/>\n<meta property=\"og:site_name\" content=\"Mi\u1ec5n ph\u00ed C\u01b0\u1ee3c, tr\u1ef1c Tuy\u1ebfn C\u01b0\u1ee3c th\u00f4ng tin c\u00e1 C\u01b0\u1ee3c\" \/>\n<meta property=\"article:modified_time\" content=\"2021-07-09T08:06:43+00:00\" \/>\n<meta name=\"twitter:card\" content=\"summary_large_image\" \/>\n<meta name=\"twitter:label1\" content=\"Est. reading time\" \/>\n\t<meta name=\"twitter:data1\" content=\"7 minutes\" \/>\n<script type=\"application\/ld+json\" class=\"yoast-schema-graph\">{\"@context\":\"https:\\\/\\\/schema.org\",\"@graph\":[{\"@type\":\"WebPage\",\"@id\":\"https:\\\/\\\/www.freebetsinfo.co.uk\\\/vi\\\/nh%c3%a0-c%c3%a1i-ch%c3%a2u-%c3%81\\\/\",\"url\":\"https:\\\/\\\/www.freebetsinfo.co.uk\\\/vi\\\/nh%c3%a0-c%c3%a1i-ch%c3%a2u-%c3%81\\\/\",\"name\":\"Nh\u00e0 c\u00e1i Ch\u00e2u \u00c1 , X\u1ebfp h\u1ea1ng X\u1ebfp h\u1ea1ng c\u1ee7a Nh\u00e0 c\u00e1i Ch\u00e2u \u00c1.\",\"isPartOf\":{\"@id\":\"https:\\\/\\\/www.freebetsinfo.co.uk\\\/vi\\\/#website\"},\"datePublished\":\"2019-10-16T15:49:04+00:00\",\"dateModified\":\"2021-07-09T08:06:43+00:00\",\"description\":\"Nh\u00e0 c\u00e1i Ch\u00e2u \u00c1 , X\u1ebfp h\u1ea1ng X\u1ebfp h\u1ea1ng Nh\u00e0 c\u00e1i Ch\u00e2u \u00c1, Nh\u00e0 c\u00e1i tr\u1ef1c tuy\u1ebfn t\u1ed1t nh\u1ea5t Ch\u00e2u \u00c1 v\u1edbi nhi\u1ec1u \u01b0u \u0111\u00e3i nh\u1ea5t v\u00e0 r\u00fat ti\u1ec1n nhanh nh\u1ea5t.\",\"breadcrumb\":{\"@id\":\"https:\\\/\\\/www.freebetsinfo.co.uk\\\/vi\\\/nh%c3%a0-c%c3%a1i-ch%c3%a2u-%c3%81\\\/#breadcrumb\"},\"inLanguage\":\"vi-VN\",\"potentialAction\":[{\"@type\":\"ReadAction\",\"target\":[\"https:\\\/\\\/www.freebetsinfo.co.uk\\\/vi\\\/nh%c3%a0-c%c3%a1i-ch%c3%a2u-%c3%81\\\/\"]}]},{\"@type\":\"BreadcrumbList\",\"@id\":\"https:\\\/\\\/www.freebetsinfo.co.uk\\\/vi\\\/nh%c3%a0-c%c3%a1i-ch%c3%a2u-%c3%81\\\/#breadcrumb\",\"itemListElement\":[{\"@type\":\"ListItem\",\"position\":1,\"name\":\"Home\",\"item\":\"https:\\\/\\\/www.freebetsinfo.co.uk\\\/vi\\\/\"},{\"@type\":\"ListItem\",\"position\":2,\"name\":\"Nh\u00e0 c\u00e1i Ch\u00e2u \u00c1\"}]},{\"@type\":\"WebSite\",\"@id\":\"https:\\\/\\\/www.freebetsinfo.co.uk\\\/vi\\\/#website\",\"url\":\"https:\\\/\\\/www.freebetsinfo.co.uk\\\/vi\\\/\",\"name\":\"Mi\u1ec5n ph\u00ed C\u01b0\u1ee3c, tr\u1ef1c Tuy\u1ebfn C\u01b0\u1ee3c th\u00f4ng tin c\u00e1 C\u01b0\u1ee3c\",\"description\":\"T\u1ed1t nh\u1ea5t c\u00e1 C\u01b0\u1ee3c tr\u1ef1c Tuy\u1ebfn v\u00e0 Casino Kh\u00f4ng c\u00f3 Ti\u1ec1n Th\u01b0\u1edfng M\u00e3! \u2705Tr\u1ef1c Tuy\u1ebfn H\u00e0ng \u0110\u1ea7u Trang Web \u0110\u1eb7t C\u01b0\u1ee3c Gi\u00e1, \u2705T\u1ed1t Nh\u1ea5t S\u00f2ng B\u1ea1c Tr\u1ef1c Tuy\u1ebfn Ti\u1ec1n Th\u01b0\u1edfng!\",\"potentialAction\":[{\"@type\":\"SearchAction\",\"target\":{\"@type\":\"EntryPoint\",\"urlTemplate\":\"https:\\\/\\\/www.freebetsinfo.co.uk\\\/vi\\\/?s={search_term_string}\"},\"query-input\":{\"@type\":\"PropertyValueSpecification\",\"valueRequired\":true,\"valueName\":\"search_term_string\"}}],\"inLanguage\":\"vi-VN\"}]}<\/script>\n<!-- \/ Yoast SEO Premium plugin. -->","yoast_head_json":{"title":"Nh\u00e0 c\u00e1i Ch\u00e2u \u00c1 , X\u1ebfp h\u1ea1ng X\u1ebfp h\u1ea1ng c\u1ee7a Nh\u00e0 c\u00e1i Ch\u00e2u \u00c1.","description":"Nh\u00e0 c\u00e1i Ch\u00e2u \u00c1 , X\u1ebfp h\u1ea1ng X\u1ebfp h\u1ea1ng Nh\u00e0 c\u00e1i Ch\u00e2u \u00c1, Nh\u00e0 c\u00e1i tr\u1ef1c tuy\u1ebfn t\u1ed1t nh\u1ea5t Ch\u00e2u \u00c1 v\u1edbi nhi\u1ec1u \u01b0u \u0111\u00e3i nh\u1ea5t v\u00e0 r\u00fat ti\u1ec1n nhanh nh\u1ea5t.","robots":{"index":"index","follow":"follow","max-snippet":"max-snippet:-1","max-image-preview":"max-image-preview:large","max-video-preview":"max-video-preview:-1"},"canonical":"https:\/\/www.freebetsinfo.co.uk\/vi\/nh%c3%a0-c%c3%a1i-ch%c3%a2u-%c3%81\/","og_locale":"vi_VN","og_type":"article","og_title":"Nh\u00e0 c\u00e1i Ch\u00e2u \u00c1","og_description":"Nh\u00e0 c\u00e1i Ch\u00e2u \u00c1 , X\u1ebfp h\u1ea1ng X\u1ebfp h\u1ea1ng Nh\u00e0 c\u00e1i Ch\u00e2u \u00c1, Nh\u00e0 c\u00e1i tr\u1ef1c tuy\u1ebfn t\u1ed1t nh\u1ea5t Ch\u00e2u \u00c1 v\u1edbi nhi\u1ec1u \u01b0u \u0111\u00e3i nh\u1ea5t v\u00e0 r\u00fat ti\u1ec1n nhanh nh\u1ea5t.","og_url":"https:\/\/www.freebetsinfo.co.uk\/vi\/nh%c3%a0-c%c3%a1i-ch%c3%a2u-%c3%81\/","og_site_name":"Mi\u1ec5n ph\u00ed C\u01b0\u1ee3c, tr\u1ef1c Tuy\u1ebfn C\u01b0\u1ee3c th\u00f4ng tin c\u00e1 C\u01b0\u1ee3c","article_modified_time":"2021-07-09T08:06:43+00:00","twitter_card":"summary_large_image","twitter_misc":{"Est. reading time":"7 minutes"},"schema":{"@context":"https:\/\/schema.org","@graph":[{"@type":"WebPage","@id":"https:\/\/www.freebetsinfo.co.uk\/vi\/nh%c3%a0-c%c3%a1i-ch%c3%a2u-%c3%81\/","url":"https:\/\/www.freebetsinfo.co.uk\/vi\/nh%c3%a0-c%c3%a1i-ch%c3%a2u-%c3%81\/","name":"Nh\u00e0 c\u00e1i Ch\u00e2u \u00c1 , X\u1ebfp h\u1ea1ng X\u1ebfp h\u1ea1ng c\u1ee7a Nh\u00e0 c\u00e1i Ch\u00e2u \u00c1.","isPartOf":{"@id":"https:\/\/www.freebetsinfo.co.uk\/vi\/#website"},"datePublished":"2019-10-16T15:49:04+00:00","dateModified":"2021-07-09T08:06:43+00:00","description":"Nh\u00e0 c\u00e1i Ch\u00e2u \u00c1 , X\u1ebfp h\u1ea1ng X\u1ebfp h\u1ea1ng Nh\u00e0 c\u00e1i Ch\u00e2u \u00c1, Nh\u00e0 c\u00e1i tr\u1ef1c tuy\u1ebfn t\u1ed1t nh\u1ea5t Ch\u00e2u \u00c1 v\u1edbi nhi\u1ec1u \u01b0u \u0111\u00e3i nh\u1ea5t v\u00e0 r\u00fat ti\u1ec1n nhanh nh\u1ea5t.","breadcrumb":{"@id":"https:\/\/www.freebetsinfo.co.uk\/vi\/nh%c3%a0-c%c3%a1i-ch%c3%a2u-%c3%81\/#breadcrumb"},"inLanguage":"vi-VN","potentialAction":[{"@type":"ReadAction","target":["https:\/\/www.freebetsinfo.co.uk\/vi\/nh%c3%a0-c%c3%a1i-ch%c3%a2u-%c3%81\/"]}]},{"@type":"BreadcrumbList","@id":"https:\/\/www.freebetsinfo.co.uk\/vi\/nh%c3%a0-c%c3%a1i-ch%c3%a2u-%c3%81\/#breadcrumb","itemListElement":[{"@type":"ListItem","position":1,"name":"Home","item":"https:\/\/www.freebetsinfo.co.uk\/vi\/"},{"@type":"ListItem","position":2,"name":"Nh\u00e0 c\u00e1i Ch\u00e2u \u00c1"}]},{"@type":"WebSite","@id":"https:\/\/www.freebetsinfo.co.uk\/vi\/#website","url":"https:\/\/www.freebetsinfo.co.uk\/vi\/","name":"Mi\u1ec5n ph\u00ed C\u01b0\u1ee3c, tr\u1ef1c Tuy\u1ebfn C\u01b0\u1ee3c th\u00f4ng tin c\u00e1 C\u01b0\u1ee3c","description":"T\u1ed1t nh\u1ea5t c\u00e1 C\u01b0\u1ee3c tr\u1ef1c Tuy\u1ebfn v\u00e0 Casino Kh\u00f4ng c\u00f3 Ti\u1ec1n Th\u01b0\u1edfng M\u00e3! \u2705Tr\u1ef1c Tuy\u1ebfn H\u00e0ng \u0110\u1ea7u Trang Web \u0110\u1eb7t C\u01b0\u1ee3c Gi\u00e1, \u2705T\u1ed1t Nh\u1ea5t S\u00f2ng B\u1ea1c Tr\u1ef1c Tuy\u1ebfn Ti\u1ec1n Th\u01b0\u1edfng!","potentialAction":[{"@type":"SearchAction","target":{"@type":"EntryPoint","urlTemplate":"https:\/\/www.freebetsinfo.co.uk\/vi\/?s={search_term_string}"},"query-input":{"@type":"PropertyValueSpecification","valueRequired":true,"valueName":"search_term_string"}}],"inLanguage":"vi-VN"}]}},"uagb_featured_image_src":{"full":false,"thumbnail":false,"medium":false,"medium_large":false,"large":false,"1536x1536":false,"2048x2048":false,"small":false,"custom-size":false},"uagb_author_info":{"display_name":"\u7ba1\u7406","author_link":"https:\/\/www.freebetsinfo.co.uk\/vi\/author\/kdfl4q\/"},"uagb_comment_info":0,"uagb_excerpt":"Nh\u00e0 c\u00e1i Ch\u00e2u \u00c1 t\u1ed1t nh\u1ea5t H\u1ea7u h\u1ebft c\u00e1c nh\u00e0 c\u00e1i Ch\u00e2u \u00c1. C\u00f3 nhi\u1ec1u lo\u1ea1i s\u00f2ng b\u1ea1c tr\u00ean internet. C\u00f3 m\u1ed9t truy\u1ec1n th\u1ed1ng l\u00e2u \u0111\u1eddi v\u1ec1 c\u00e1 c\u01b0\u1ee3c v\u00e0o c\u00e1c tr\u00f2 ch\u01a1i \u0111i\u1ec7n t\u1eed, s\u1ebd t\u1ed3n t\u1ea1i h\u00e0ng tr\u0103m n\u0103m. Tr\u00ean th\u1ef1c t\u1ebf, ch\u00e2u \u00c1 l\u00e0 m\u1ed9t \u0111\u1ecba \u0111i\u1ec3m c\u1edd b\u1ea1c. M\u1ed9t trong nh\u1eefng...&hellip;","_links":{"self":[{"href":"https:\/\/www.freebetsinfo.co.uk\/vi\/wp-json\/wp\/v2\/pages\/1856","targetHints":{"allow":["GET"]}}],"collection":[{"href":"https:\/\/www.freebetsinfo.co.uk\/vi\/wp-json\/wp\/v2\/pages"}],"about":[{"href":"https:\/\/www.freebetsinfo.co.uk\/vi\/wp-json\/wp\/v2\/types\/page"}],"author":[{"embeddable":true,"href":"https:\/\/www.freebetsinfo.co.uk\/vi\/wp-json\/wp\/v2\/users\/1"}],"replies":[{"embeddable":true,"href":"https:\/\/www.freebetsinfo.co.uk\/vi\/wp-json\/wp\/v2\/comments?post=1856"}],"version-history":[{"count":0,"href":"https:\/\/www.freebetsinfo.co.uk\/vi\/wp-json\/wp\/v2\/pages\/1856\/revisions"}],"wp:attachment":[{"href":"https:\/\/www.freebetsinfo.co.uk\/vi\/wp-json\/wp\/v2\/media?parent=1856"}],"curies":[{"name":"wp","href":"https:\/\/api.w.org\/{rel}","templated":true}]}}