{"id":1861,"date":"2019-10-30T16:59:17","date_gmt":"2019-10-30T16:59:17","guid":{"rendered":"https:\/\/www.freebetsinfo.co.uk\/cung-cap-ca-cuoc\/tien-thuong-nap-tien-dafabet-150first\/"},"modified":"2020-02-25T07:46:53","modified_gmt":"2020-02-25T07:46:53","slug":"tien-thuong-nap-tien-dafabet-150first","status":"publish","type":"page","link":"https:\/\/www.freebetsinfo.co.uk\/vi\/cung-cap-ca-cuoc\/tien-thuong-nap-tien-dafabet-150first\/","title":{"rendered":"Ti\u1ec1n th\u01b0\u1edfng n\u1ea1p ti\u1ec1n DaFabet 150First"},"content":{"rendered":"&#013;\n<h2><strong><a href=\"https:\/\/www.freebetsinfo.co.uk\/go\/dafabet\">DaFabet<\/a> How it works<\/strong><\/h2>&#013;\n&#013;\n<ul class=\"wp-block-list\"><li><a href=\"https:\/\/www.freebetsinfo.co.uk\/go\/dafabet\">Dafabet<\/a> M\u1edf r\u1ed9ng m\u1ed9t t\u00e0i kho\u1ea3n v\u1edbi c\u00e1c ho\u1ea1t \u0111\u1ed9ng th\u1ec3 thao \u0110\u1ea1i Ph\u00e1p. N\u00f3 \u0111\u01a1n gi\u1ea3n v\u00e0 nhanh ch\u00f3ng. C\u00e1c game th\u1ee7 hi\u1ec7n t\u1ea1i c\u0169ng c\u00f3 th\u1ec3 trao \u0111\u1ed5i ngay l\u1eadp t\u1ee9c \u0111\u1ec3 \u0111\u1ee7 \u0111i\u1ec1u ki\u1ec7n cho FDB n\u00e0y, cung c\u1ea5p \u0111\u00f3 l\u00e0 giao d\u1ecbch ban \u0111\u1ea7u.<\/li>&#013;\n<li>T\u1ea1o ra m\u1ed9t c\u1ecdc \u00edt nh\u1ea5t l\u00e0 30 RM ho\u1eb7c c\u00f3 th\u1ec3 nhi\u1ec1u h\u01a1n \u0111\u1ec3 c\u00f3 \u0111\u01b0\u1ee3c nh\u1eefng l\u1ee3i \u00edch. Xem c\u00e1c t\u00f9y ch\u1ecdn giao d\u1ecbch s\u1eb5n c\u00f3 c\u1ee7a ch\u00fang t\u00f4i.<\/li>&#013;\n<li>Tr\u00ean kho\u1ea3n ti\u1ec1n g\u1eedi \u0111\u1ea7u ti\u00ean, b\u1ea1n s\u1ebd nh\u1eadn th\u1ea5y r\u1eb1ng m\u1ed9t ch\u01b0\u01a1ng tr\u00ecnh ti\u1ec1n th\u01b0\u1edfng th\u00eam m\u00e3 ng\u00e0nh c\u00f4ng nghi\u1ec7p \u0111\u00e3 tr\u1edf th\u00e0nh cung c\u1ea5p trong thu ng\u00e2n v\u1edbi m\u1ed9t b\u1ea3n t\u00f3m t\u1eaft c\u00e1c y\u00eau c\u1ea7u quy\u1ec1n l\u1ee3i FDB c\u00f3 th\u1ec3 truy c\u1eadp, b\u1ea1n c\u00f3 th\u1ec3 ch\u1ecdn t\u1eeb.<\/li>&#013;\n<li>Ch\u1ecdn c\u00e1c quy t\u1eafc th\u01b0\u1edfng \u01b0a th\u00edch b\u00ean d\u01b0\u1edbi \u0111\u1ec3 ch\u1ecdn g\u00f3i FDB th\u1ecfa thu\u1eadn b\u1ea1n mu\u1ed1n \u1ea3nh h\u01b0\u1edfng \u0111\u1ebfn kho\u1ea3n thanh to\u00e1n xu\u1ed1ng \u0111\u1ea7u ti\u00ean c\u1ee7a b\u1ea1n. Nh\u1ea5p v\u00e0o &#8220;xu\u1ed1ng thanh to\u00e1n&#8221; \u0111\u1ec3 ti\u1ebfp t\u1ee5c v\u1edbi c\u00e1c c\u1ecdc v\u00e0 ngay l\u1eadp t\u1ee9c \u0111\u01b0\u1ee3c c\u00f4ng nh\u1eadn c\u00f9ng v\u1edbi b\u1ea1n l\u1ef1a ch\u1ecdn \u0111\u1ea7u ti\u00ean ti\u1ec1n g\u1eedi th\u00eam ti\u1ec1n th\u01b0\u1edfng.<\/li>&#013;\n<\/ul>&#013;\n<p><strong><a href=\"https:\/\/www.freebetsinfo.co.uk\/go\/dafabet\">Dafabet<\/a> C\u00e1c ban \u0111\u1ea7u xu\u1ed1ng thanh to\u00e1n ti\u1ec1n th\u01b0\u1edfng qu\u1ea3ng m\u00e3 ch\u1ec9 ra tr\u00ean Trang n\u00e0y ch\u1ec9 c\u00f3 th\u1ec3 \u0111\u01b0\u1ee3c \u00e1p d\u1ee5ng qua th\u1ee7 qu\u1ef9 khi th\u1ef1c hi\u1ec7n thanh to\u00e1n c\u1ee7a b\u1ea1n. X\u00e2y d\u1ef1ng \u0111\u01b0\u1ee3c th\u1ef1c hi\u1ec7n m\u00e0 kh\u00f4ng c\u00f3 y\u00eau c\u1ea7u l\u1ee3i \u00edch t\u01b0\u01a1ng \u1ee9ng s\u1ebd t\u1ef1 \u0111\u1ed9ng m\u1ea5t t\u00ednh \u0111\u1ee7 \u0111i\u1ec1u ki\u1ec7n \u0111\u1ec3 c\u00f3 \u0111\u01b0\u1ee3c ch\u00fang. Kh\u00f4ng c\u00f3 ti\u1ec1n th\u01b0\u1edfng h\u01b0\u1edbng d\u1eabn cho ban \u0111\u1ea7u x\u00e2y d\u1ef1ng c\u00f3 th\u1ec3 \u0111\u01b0\u1ee3c gi\u1ea3i tr\u00ed.<\/strong>.<\/p>&#013;\n&#013;\n<p><strong>\u0110i\u1ec1u ki\u1ec7n v\u00e0 \u0111i\u1ec1u kho\u1ea3n ho\u00e0n ch\u1ec9nh<\/strong><\/p>&#013;\n&#013;\n<ul class=\"wp-block-list\"><li>Doanh thu c\u1ee7a ti\u1ec1n th\u01b0\u1edfng l\u00e0 ph\u1ee5 thu\u1ed9c v\u00e0o ti\u1ec1n th\u01b0\u1edfng \u0111\u01b0\u1ee3c l\u1ef1a ch\u1ecdn v\u00e0 t\u1eeb c\u01b0\u1ee3c tr\u00ean t\u1ef7 l\u1ec7 c\u01b0\u1ee3c 1,50 tr\u1edf l\u00ean.<\/li>&#013;\n<li>\u0110\u1ec3 \u0111\u00e1p \u1ee9ng c\u00e1c y\u00eau c\u1ea7u, l\u00e0m cho \u00edt nh\u1ea5t RM30 (1 mBTC) xu\u1ed1ng thanh to\u00e1n.<\/li>&#013;\n<li>Qu\u1ea3ng c\u00e1o n\u00e0y c\u00f3 th\u1ec3 \u0111\u01b0\u1ee3c l\u1ea5y cho c\u00e1c ch\u1ee7 t\u00e0i kho\u1ea3n ti\u1ec1n t\u1ec7 RM ch\u1ec9. N\u1ebfu b\u1ea1n kh\u00f4ng ph\u1ea3i l\u00e0 ng\u01b0\u1eddi gi\u1eef t\u00e0i kho\u1ea3n ng\u00e2n h\u00e0ng Ngo\u1ea1i t\u1ec7 RM, h\u00e3y \u0111\u1ea3m b\u1ea3o b\u1ea1n li\u00ean h\u1ec7 v\u1edbi CS \u0111\u1ec3 bi\u1ebft th\u00f4ng tin ti\u1ebfp th\u1ecb b\u1eb1ng \u0111\u01a1n v\u1ecb ti\u1ec1n t\u1ec7 c\u1ee7a b\u1ea1n.<\/li>&#013;\n<li>ti\u1ec1n m\u1eb7t ra, ti\u1ec1n ho\u00e0n l\u1ea1i v\u00e0 \u0111\u1eb7t c\u01b0\u1ee3c v\u00e0o Jackpot c\u01b0\u1ee3c v\u00e0 virtuals s\u1ebd kh\u00f4ng \u0111\u1ebfm \u0111\u1ed1i v\u1edbi b\u1ea5t k\u1ef3 t\u00ednh to\u00e1n \u0111\u1eb7t c\u01b0\u1ee3c \u0111i\u1ec1u ki\u1ec7n. C\u01b0\u1ee3c ti\u1ec1n ra s\u1ebd kh\u00f4ng \u0111\u01b0\u1ee3c xem x\u00e9t trong vi\u1ec7c t\u00ednh to\u00e1n c\u1ee7a c\u00e1c wagering. V\u1ebd v\u00e0 voided<\/li>&#013;\n<li>Ngay sau khi th\u00eam ti\u1ec1n th\u01b0\u1edfng \u0111\u01b0\u1ee3c tuy\u00ean b\u1ed1, game th\u1ee7 s\u1ebd kh\u00f4ng \u0111\u01b0\u1ee3c ph\u00e9p d\u1eebng l\u1ea1i ho\u1eb7c r\u00fat ti\u1ec1n th\u01b0\u1edfng \u0111\u00e3 \u0111\u01b0\u1ee3c c\u00f4ng nh\u1eadn v\u00e0o t\u00e0i kho\u1ea3n ng\u00e2n h\u00e0ng Dafabet. Ng\u01b0\u1eddi tham gia ph\u1ea3i t\u1ed5ng s\u1ed1 c\u1ea7n thi\u1ebft \u0111\u1eb7t c\u01b0\u1ee3c \u0111\u1ec3 th\u1ef1c hi\u1ec7n m\u1ed9t r\u00fat ti\u1ec1n. V\u00ed d\u1ee5: c\u00e1c c\u1ea7u th\u1ee7 b\u00f3ng ch\u1ecdn 150Percent FDB x\u1ea5p x\u1ec9 RM 450 (10 mBTC). \u0110\u1ed1i v\u1edbi c\u00e1c t\u00f9y ch\u1ecdn r\u00fat ti\u1ec1n \u0111\u1ec3 \u0111\u01b0\u1ee3c b\u1eadt, kh\u00e1ch h\u00e0ng ph\u1ea3i rollover \u0111\u1ea7u ti\u00ean xu\u1ed1ng thanh to\u00e1n c\u0169ng nh\u01b0 l\u1ee3i \u00edch ti\u1ec1n 10 l\u1ea7n tr\u00ean t\u1ef7 l\u1ec7 c\u01b0\u1ee3c 1,50 v\u00e0 h\u01a1n. N\u1ebfu c\u1ecdc ban \u0111\u1ea7u l\u00e0 RM 100 (2,20 mbtc), kh\u00e1ch h\u00e0ng s\u1ebd ph\u1ea3i s\u1ea3n xu\u1ea5t m\u1ed9t rollover c\u1ee7a 100 + 150 = 250 X 10 = RM 2.500 (55 mbtc) t\u1ef7 l\u1ec7 c\u01b0\u1ee3c 1,50 ho\u1eb7c cao h\u01a1n.<\/li>&#013;\n<li>Ban \u0111\u1ea7u l\u1ee3i \u00edch c\u1ecdc \u0111\u00e3 h\u1ebft h\u1ea1n 45 l\u1ea7n. Sau khi th\u00eam ti\u1ec1n th\u01b0\u1edfng, winnings v\u00e0 h\u1ebft h\u1ea1n c\u00f3 th\u1ec3 s\u1ebd \u0111\u01b0\u1ee3c \u0111\u1ea3o ng\u01b0\u1ee3c.<\/li>&#013;\n<li>Ng\u01b0\u1eddi tham gia c\u00f3 th\u1ec3 \u0111\u01b0\u1ee3c \u0111\u1ec1 ngh\u1ecb \u0111\u1ec3 c\u00f3 \u0111\u01b0\u1ee3c m\u1ed9t ID t\u1ed1t c\u0169ng nh\u01b0 m\u1ed9t s\u1ed1 \u0111i\u1ec7n tho\u1ea1i l\u00e0m vi\u1ec7c \u0111\u1ec3 b\u1ea1n c\u00f3 th\u1ec3 l\u1ea5y ra.<\/li>&#013;\n<li>C\u00e1 nh\u00e2n cho b\u1ea5t k\u1ef3 l\u1ee3i \u00edch downpayment \u0111\u1ea7u ti\u00ean s\u1ebd kh\u00f4ng bao gi\u1edd \u0111\u01b0\u1ee3c \u0111\u1ee7 \u0111i\u1ec1u ki\u1ec7n cho b\u1ea5t k\u1ef3 \u01b0u \u0111\u00e3i ho\u1eb7c Cashback cho \u0111\u1ebfn khi y\u00eau c\u1ea7u \u0111\u1eb7t c\u01b0\u1ee3c \u0111\u00e3 \u0111\u01b0\u1ee3c ho\u00e0n th\u00e0nh.<\/li>&#013;\n<li>H\u00e3y l\u01b0u \u00fd r\u1eb1ng l\u00fd t\u01b0\u1edfng mBTC ph\u1ea3i ch\u1ecbu s\u1ef1 ch\u00eanh l\u1ec7ch.<\/li>&#013;\n<li>Qu\u1ea3ng c\u00e1o ph\u1ed5 bi\u1ebfn T &amp; CS \u00e1p d\u1ee5ng.<\/li>&#013;\n<\/ul>&#013;\n<p>\u00a0<\/p>&#013;\n","protected":false},"excerpt":{"rendered":"Nh\u1eadn \u0111\u01b0\u1ee3c t\u1ed1i \u0111a 20 mBTC tr\u00ean ti\u1ec1n g\u1eedi Bitcoin \u0111\u1ea7u ti\u00ean c\u1ee7a b\u1ea1n!","protected":false},"author":1,"featured_media":1863,"parent":1858,"menu_order":0,"comment_status":"closed","ping_status":"closed","template":"single-offer-template.php","meta":{"_uag_custom_page_level_css":"","footnotes":""},"class_list":["post-1861","page","type-page","status-publish","has-post-thumbnail","hentry"],"yoast_head":"<!-- This site is optimized with the Yoast SEO Premium plugin v19.5 (Yoast SEO v27.5) - https:\/\/yoast.com\/product\/yoast-seo-premium-wordpress\/ -->\n<title>Ti\u1ec1n th\u01b0\u1edfng n\u1ea1p ti\u1ec1n DaFabet 150First , kh\u00e1ch h\u00e0ng m\u1edbi \u0111\u0103ng k\u00fd th\u01b0\u1edfng.<\/title>\n<meta name=\"description\" content=\"Ti\u1ec1n th\u01b0\u1edfng n\u1ea1p ti\u1ec1n DaFabet 150First , kh\u00e1ch h\u00e0ng m\u1edbi \u0111\u0103ng k\u00fd th\u01b0\u1edfng, nh\u1eadn \u0111\u01b0\u1ee3c l\u00ean \u0111\u1ebfn 20 mbtc tr\u00ean ti\u1ec1n g\u1eedi Bitcoin \u0111\u1ea7u ti\u00ean c\u1ee7a b\u1ea1n! \u0110\u0103ng k\u00fd m\u00e3 th\u01b0\u1edfng.\" \/>\n<meta name=\"robots\" content=\"index, follow, max-snippet:-1, max-image-preview:large, max-video-preview:-1\" \/>\n<link rel=\"canonical\" href=\"https:\/\/www.freebetsinfo.co.uk\/vi\/cung-cap-ca-cuoc\/tien-thuong-nap-tien-dafabet-150first\/\" \/>\n<meta property=\"og:locale\" content=\"vi_VN\" \/>\n<meta property=\"og:type\" content=\"article\" \/>\n<meta property=\"og:title\" content=\"Ti\u1ec1n th\u01b0\u1edfng n\u1ea1p ti\u1ec1n DaFabet 150First\" \/>\n<meta property=\"og:description\" content=\"Ti\u1ec1n th\u01b0\u1edfng n\u1ea1p ti\u1ec1n DaFabet 150First , kh\u00e1ch h\u00e0ng m\u1edbi \u0111\u0103ng k\u00fd th\u01b0\u1edfng, nh\u1eadn \u0111\u01b0\u1ee3c l\u00ean \u0111\u1ebfn 20 mbtc tr\u00ean ti\u1ec1n g\u1eedi Bitcoin \u0111\u1ea7u ti\u00ean c\u1ee7a b\u1ea1n! \u0110\u0103ng k\u00fd m\u00e3 th\u01b0\u1edfng.\" \/>\n<meta property=\"og:url\" content=\"https:\/\/www.freebetsinfo.co.uk\/vi\/cung-cap-ca-cuoc\/tien-thuong-nap-tien-dafabet-150first\/\" \/>\n<meta property=\"og:site_name\" content=\"Mi\u1ec5n ph\u00ed C\u01b0\u1ee3c, tr\u1ef1c Tuy\u1ebfn C\u01b0\u1ee3c th\u00f4ng tin c\u00e1 C\u01b0\u1ee3c\" \/>\n<meta property=\"article:modified_time\" content=\"2020-02-25T07:46:53+00:00\" \/>\n<meta property=\"og:image\" content=\"https:\/\/www.freebetsinfo.co.uk\/wp-content\/uploads\/2019\/09\/dafa888.jpg\" \/>\n\t<meta property=\"og:image:width\" content=\"700\" \/>\n\t<meta property=\"og:image:height\" content=\"389\" \/>\n\t<meta property=\"og:image:type\" content=\"image\/jpeg\" \/>\n<meta name=\"twitter:card\" content=\"summary_large_image\" \/>\n<meta name=\"twitter:label1\" content=\"Est. reading time\" \/>\n\t<meta name=\"twitter:data1\" content=\"5 minutes\" \/>\n<script type=\"application\/ld+json\" class=\"yoast-schema-graph\">{\"@context\":\"https:\\\/\\\/schema.org\",\"@graph\":[{\"@type\":\"WebPage\",\"@id\":\"https:\\\/\\\/www.freebetsinfo.co.uk\\\/vi\\\/cung-cap-ca-cuoc\\\/tien-thuong-nap-tien-dafabet-150first\\\/\",\"url\":\"https:\\\/\\\/www.freebetsinfo.co.uk\\\/vi\\\/cung-cap-ca-cuoc\\\/tien-thuong-nap-tien-dafabet-150first\\\/\",\"name\":\"Ti\u1ec1n th\u01b0\u1edfng n\u1ea1p ti\u1ec1n DaFabet 150First , kh\u00e1ch h\u00e0ng m\u1edbi \u0111\u0103ng k\u00fd th\u01b0\u1edfng.\",\"isPartOf\":{\"@id\":\"https:\\\/\\\/www.freebetsinfo.co.uk\\\/vi\\\/#website\"},\"primaryImageOfPage\":{\"@id\":\"https:\\\/\\\/www.freebetsinfo.co.uk\\\/vi\\\/cung-cap-ca-cuoc\\\/tien-thuong-nap-tien-dafabet-150first\\\/#primaryimage\"},\"image\":{\"@id\":\"https:\\\/\\\/www.freebetsinfo.co.uk\\\/vi\\\/cung-cap-ca-cuoc\\\/tien-thuong-nap-tien-dafabet-150first\\\/#primaryimage\"},\"thumbnailUrl\":\"https:\\\/\\\/www.freebetsinfo.co.uk\\\/wp-content\\\/uploads\\\/2019\\\/09\\\/dafa888.jpg\",\"datePublished\":\"2019-10-30T16:59:17+00:00\",\"dateModified\":\"2020-02-25T07:46:53+00:00\",\"description\":\"Ti\u1ec1n th\u01b0\u1edfng n\u1ea1p ti\u1ec1n DaFabet 150First , kh\u00e1ch h\u00e0ng m\u1edbi \u0111\u0103ng k\u00fd th\u01b0\u1edfng, nh\u1eadn \u0111\u01b0\u1ee3c l\u00ean \u0111\u1ebfn 20 mbtc tr\u00ean ti\u1ec1n g\u1eedi Bitcoin \u0111\u1ea7u ti\u00ean c\u1ee7a b\u1ea1n! \u0110\u0103ng k\u00fd m\u00e3 th\u01b0\u1edfng.\",\"breadcrumb\":{\"@id\":\"https:\\\/\\\/www.freebetsinfo.co.uk\\\/vi\\\/cung-cap-ca-cuoc\\\/tien-thuong-nap-tien-dafabet-150first\\\/#breadcrumb\"},\"inLanguage\":\"vi-VN\",\"potentialAction\":[{\"@type\":\"ReadAction\",\"target\":[\"https:\\\/\\\/www.freebetsinfo.co.uk\\\/vi\\\/cung-cap-ca-cuoc\\\/tien-thuong-nap-tien-dafabet-150first\\\/\"]}]},{\"@type\":\"ImageObject\",\"inLanguage\":\"vi-VN\",\"@id\":\"https:\\\/\\\/www.freebetsinfo.co.uk\\\/vi\\\/cung-cap-ca-cuoc\\\/tien-thuong-nap-tien-dafabet-150first\\\/#primaryimage\",\"url\":\"https:\\\/\\\/www.freebetsinfo.co.uk\\\/wp-content\\\/uploads\\\/2019\\\/09\\\/dafa888.jpg\",\"contentUrl\":\"https:\\\/\\\/www.freebetsinfo.co.uk\\\/wp-content\\\/uploads\\\/2019\\\/09\\\/dafa888.jpg\",\"width\":700,\"height\":389,\"caption\":\"Ti\u1ec1n th\u01b0\u1edfng n\u1ea1p ti\u1ec1n DaFabet 150First\"},{\"@type\":\"BreadcrumbList\",\"@id\":\"https:\\\/\\\/www.freebetsinfo.co.uk\\\/vi\\\/cung-cap-ca-cuoc\\\/tien-thuong-nap-tien-dafabet-150first\\\/#breadcrumb\",\"itemListElement\":[{\"@type\":\"ListItem\",\"position\":1,\"name\":\"Home\",\"item\":\"https:\\\/\\\/www.freebetsinfo.co.uk\\\/vi\\\/\"},{\"@type\":\"ListItem\",\"position\":2,\"name\":\"\u0110\u1ec1 ngh\u1ecb c\u00e1 c\u01b0\u1ee3c\",\"item\":\"https:\\\/\\\/www.freebetsinfo.co.uk\\\/vi\\\/cung-cap-ca-cuoc\\\/\"},{\"@type\":\"ListItem\",\"position\":3,\"name\":\"Ti\u1ec1n th\u01b0\u1edfng n\u1ea1p ti\u1ec1n DaFabet 150First\"}]},{\"@type\":\"WebSite\",\"@id\":\"https:\\\/\\\/www.freebetsinfo.co.uk\\\/vi\\\/#website\",\"url\":\"https:\\\/\\\/www.freebetsinfo.co.uk\\\/vi\\\/\",\"name\":\"Mi\u1ec5n ph\u00ed C\u01b0\u1ee3c, tr\u1ef1c Tuy\u1ebfn C\u01b0\u1ee3c th\u00f4ng tin c\u00e1 C\u01b0\u1ee3c\",\"description\":\"T\u1ed1t nh\u1ea5t c\u00e1 C\u01b0\u1ee3c tr\u1ef1c Tuy\u1ebfn v\u00e0 Casino Kh\u00f4ng c\u00f3 Ti\u1ec1n Th\u01b0\u1edfng M\u00e3! \u2705Tr\u1ef1c Tuy\u1ebfn H\u00e0ng \u0110\u1ea7u Trang Web \u0110\u1eb7t C\u01b0\u1ee3c Gi\u00e1, \u2705T\u1ed1t Nh\u1ea5t S\u00f2ng B\u1ea1c Tr\u1ef1c Tuy\u1ebfn Ti\u1ec1n Th\u01b0\u1edfng!\",\"potentialAction\":[{\"@type\":\"SearchAction\",\"target\":{\"@type\":\"EntryPoint\",\"urlTemplate\":\"https:\\\/\\\/www.freebetsinfo.co.uk\\\/vi\\\/?s={search_term_string}\"},\"query-input\":{\"@type\":\"PropertyValueSpecification\",\"valueRequired\":true,\"valueName\":\"search_term_string\"}}],\"inLanguage\":\"vi-VN\"}]}<\/script>\n<!-- \/ Yoast SEO Premium plugin. -->","yoast_head_json":{"title":"Ti\u1ec1n th\u01b0\u1edfng n\u1ea1p ti\u1ec1n DaFabet 150First , kh\u00e1ch h\u00e0ng m\u1edbi \u0111\u0103ng k\u00fd th\u01b0\u1edfng.","description":"Ti\u1ec1n th\u01b0\u1edfng n\u1ea1p ti\u1ec1n DaFabet 150First , kh\u00e1ch h\u00e0ng m\u1edbi \u0111\u0103ng k\u00fd th\u01b0\u1edfng, nh\u1eadn \u0111\u01b0\u1ee3c l\u00ean \u0111\u1ebfn 20 mbtc tr\u00ean ti\u1ec1n g\u1eedi Bitcoin \u0111\u1ea7u ti\u00ean c\u1ee7a b\u1ea1n! \u0110\u0103ng k\u00fd m\u00e3 th\u01b0\u1edfng.","robots":{"index":"index","follow":"follow","max-snippet":"max-snippet:-1","max-image-preview":"max-image-preview:large","max-video-preview":"max-video-preview:-1"},"canonical":"https:\/\/www.freebetsinfo.co.uk\/vi\/cung-cap-ca-cuoc\/tien-thuong-nap-tien-dafabet-150first\/","og_locale":"vi_VN","og_type":"article","og_title":"Ti\u1ec1n th\u01b0\u1edfng n\u1ea1p ti\u1ec1n DaFabet 150First","og_description":"Ti\u1ec1n th\u01b0\u1edfng n\u1ea1p ti\u1ec1n DaFabet 150First , kh\u00e1ch h\u00e0ng m\u1edbi \u0111\u0103ng k\u00fd th\u01b0\u1edfng, nh\u1eadn \u0111\u01b0\u1ee3c l\u00ean \u0111\u1ebfn 20 mbtc tr\u00ean ti\u1ec1n g\u1eedi Bitcoin \u0111\u1ea7u ti\u00ean c\u1ee7a b\u1ea1n! \u0110\u0103ng k\u00fd m\u00e3 th\u01b0\u1edfng.","og_url":"https:\/\/www.freebetsinfo.co.uk\/vi\/cung-cap-ca-cuoc\/tien-thuong-nap-tien-dafabet-150first\/","og_site_name":"Mi\u1ec5n ph\u00ed C\u01b0\u1ee3c, tr\u1ef1c Tuy\u1ebfn C\u01b0\u1ee3c th\u00f4ng tin c\u00e1 C\u01b0\u1ee3c","article_modified_time":"2020-02-25T07:46:53+00:00","og_image":[{"width":700,"height":389,"url":"https:\/\/www.freebetsinfo.co.uk\/wp-content\/uploads\/2019\/09\/dafa888.jpg","type":"image\/jpeg"}],"twitter_card":"summary_large_image","twitter_misc":{"Est. reading time":"5 minutes"},"schema":{"@context":"https:\/\/schema.org","@graph":[{"@type":"WebPage","@id":"https:\/\/www.freebetsinfo.co.uk\/vi\/cung-cap-ca-cuoc\/tien-thuong-nap-tien-dafabet-150first\/","url":"https:\/\/www.freebetsinfo.co.uk\/vi\/cung-cap-ca-cuoc\/tien-thuong-nap-tien-dafabet-150first\/","name":"Ti\u1ec1n th\u01b0\u1edfng n\u1ea1p ti\u1ec1n DaFabet 150First , kh\u00e1ch h\u00e0ng m\u1edbi \u0111\u0103ng k\u00fd th\u01b0\u1edfng.","isPartOf":{"@id":"https:\/\/www.freebetsinfo.co.uk\/vi\/#website"},"primaryImageOfPage":{"@id":"https:\/\/www.freebetsinfo.co.uk\/vi\/cung-cap-ca-cuoc\/tien-thuong-nap-tien-dafabet-150first\/#primaryimage"},"image":{"@id":"https:\/\/www.freebetsinfo.co.uk\/vi\/cung-cap-ca-cuoc\/tien-thuong-nap-tien-dafabet-150first\/#primaryimage"},"thumbnailUrl":"https:\/\/www.freebetsinfo.co.uk\/wp-content\/uploads\/2019\/09\/dafa888.jpg","datePublished":"2019-10-30T16:59:17+00:00","dateModified":"2020-02-25T07:46:53+00:00","description":"Ti\u1ec1n th\u01b0\u1edfng n\u1ea1p ti\u1ec1n DaFabet 150First , kh\u00e1ch h\u00e0ng m\u1edbi \u0111\u0103ng k\u00fd th\u01b0\u1edfng, nh\u1eadn \u0111\u01b0\u1ee3c l\u00ean \u0111\u1ebfn 20 mbtc tr\u00ean ti\u1ec1n g\u1eedi Bitcoin \u0111\u1ea7u ti\u00ean c\u1ee7a b\u1ea1n! \u0110\u0103ng k\u00fd m\u00e3 th\u01b0\u1edfng.","breadcrumb":{"@id":"https:\/\/www.freebetsinfo.co.uk\/vi\/cung-cap-ca-cuoc\/tien-thuong-nap-tien-dafabet-150first\/#breadcrumb"},"inLanguage":"vi-VN","potentialAction":[{"@type":"ReadAction","target":["https:\/\/www.freebetsinfo.co.uk\/vi\/cung-cap-ca-cuoc\/tien-thuong-nap-tien-dafabet-150first\/"]}]},{"@type":"ImageObject","inLanguage":"vi-VN","@id":"https:\/\/www.freebetsinfo.co.uk\/vi\/cung-cap-ca-cuoc\/tien-thuong-nap-tien-dafabet-150first\/#primaryimage","url":"https:\/\/www.freebetsinfo.co.uk\/wp-content\/uploads\/2019\/09\/dafa888.jpg","contentUrl":"https:\/\/www.freebetsinfo.co.uk\/wp-content\/uploads\/2019\/09\/dafa888.jpg","width":700,"height":389,"caption":"Ti\u1ec1n th\u01b0\u1edfng n\u1ea1p ti\u1ec1n DaFabet 150First"},{"@type":"BreadcrumbList","@id":"https:\/\/www.freebetsinfo.co.uk\/vi\/cung-cap-ca-cuoc\/tien-thuong-nap-tien-dafabet-150first\/#breadcrumb","itemListElement":[{"@type":"ListItem","position":1,"name":"Home","item":"https:\/\/www.freebetsinfo.co.uk\/vi\/"},{"@type":"ListItem","position":2,"name":"\u0110\u1ec1 ngh\u1ecb c\u00e1 c\u01b0\u1ee3c","item":"https:\/\/www.freebetsinfo.co.uk\/vi\/cung-cap-ca-cuoc\/"},{"@type":"ListItem","position":3,"name":"Ti\u1ec1n th\u01b0\u1edfng n\u1ea1p ti\u1ec1n DaFabet 150First"}]},{"@type":"WebSite","@id":"https:\/\/www.freebetsinfo.co.uk\/vi\/#website","url":"https:\/\/www.freebetsinfo.co.uk\/vi\/","name":"Mi\u1ec5n ph\u00ed C\u01b0\u1ee3c, tr\u1ef1c Tuy\u1ebfn C\u01b0\u1ee3c th\u00f4ng tin c\u00e1 C\u01b0\u1ee3c","description":"T\u1ed1t nh\u1ea5t c\u00e1 C\u01b0\u1ee3c tr\u1ef1c Tuy\u1ebfn v\u00e0 Casino Kh\u00f4ng c\u00f3 Ti\u1ec1n Th\u01b0\u1edfng M\u00e3! \u2705Tr\u1ef1c Tuy\u1ebfn H\u00e0ng \u0110\u1ea7u Trang Web \u0110\u1eb7t C\u01b0\u1ee3c Gi\u00e1, \u2705T\u1ed1t Nh\u1ea5t S\u00f2ng B\u1ea1c Tr\u1ef1c Tuy\u1ebfn Ti\u1ec1n Th\u01b0\u1edfng!","potentialAction":[{"@type":"SearchAction","target":{"@type":"EntryPoint","urlTemplate":"https:\/\/www.freebetsinfo.co.uk\/vi\/?s={search_term_string}"},"query-input":{"@type":"PropertyValueSpecification","valueRequired":true,"valueName":"search_term_string"}}],"inLanguage":"vi-VN"}]}},"uagb_featured_image_src":{"full":["https:\/\/www.freebetsinfo.co.uk\/wp-content\/uploads\/2019\/09\/dafa888.jpg",700,389,false],"thumbnail":["https:\/\/www.freebetsinfo.co.uk\/wp-content\/uploads\/2019\/09\/dafa888-150x150.jpg",150,150,true],"medium":["https:\/\/www.freebetsinfo.co.uk\/wp-content\/uploads\/2019\/09\/dafa888-250x139.jpg",250,139,true],"medium_large":["https:\/\/www.freebetsinfo.co.uk\/wp-content\/uploads\/2019\/09\/dafa888.jpg",700,389,false],"large":["https:\/\/www.freebetsinfo.co.uk\/wp-content\/uploads\/2019\/09\/dafa888-700x389.jpg",700,389,true],"1536x1536":["https:\/\/www.freebetsinfo.co.uk\/wp-content\/uploads\/2019\/09\/dafa888.jpg",700,389,false],"2048x2048":["https:\/\/www.freebetsinfo.co.uk\/wp-content\/uploads\/2019\/09\/dafa888.jpg",700,389,false],"small":["https:\/\/www.freebetsinfo.co.uk\/wp-content\/uploads\/2019\/09\/dafa888-120x67.jpg",120,67,true],"custom-size":["https:\/\/www.freebetsinfo.co.uk\/wp-content\/uploads\/2019\/09\/dafa888-700x200.jpg",700,200,true]},"uagb_author_info":{"display_name":"\u7ba1\u7406","author_link":"https:\/\/www.freebetsinfo.co.uk\/vi\/author\/kdfl4q\/"},"uagb_comment_info":0,"uagb_excerpt":"Nh\u1eadn \u0111\u01b0\u1ee3c t\u1ed1i \u0111a 20 mBTC tr\u00ean ti\u1ec1n g\u1eedi Bitcoin \u0111\u1ea7u ti\u00ean c\u1ee7a b\u1ea1n!","_links":{"self":[{"href":"https:\/\/www.freebetsinfo.co.uk\/vi\/wp-json\/wp\/v2\/pages\/1861","targetHints":{"allow":["GET"]}}],"collection":[{"href":"https:\/\/www.freebetsinfo.co.uk\/vi\/wp-json\/wp\/v2\/pages"}],"about":[{"href":"https:\/\/www.freebetsinfo.co.uk\/vi\/wp-json\/wp\/v2\/types\/page"}],"author":[{"embeddable":true,"href":"https:\/\/www.freebetsinfo.co.uk\/vi\/wp-json\/wp\/v2\/users\/1"}],"replies":[{"embeddable":true,"href":"https:\/\/www.freebetsinfo.co.uk\/vi\/wp-json\/wp\/v2\/comments?post=1861"}],"version-history":[{"count":0,"href":"https:\/\/www.freebetsinfo.co.uk\/vi\/wp-json\/wp\/v2\/pages\/1861\/revisions"}],"up":[{"embeddable":true,"href":"https:\/\/www.freebetsinfo.co.uk\/vi\/wp-json\/wp\/v2\/pages\/1858"}],"wp:featuredmedia":[{"embeddable":true,"href":"https:\/\/www.freebetsinfo.co.uk\/vi\/wp-json\/wp\/v2\/media\/1863"}],"wp:attachment":[{"href":"https:\/\/www.freebetsinfo.co.uk\/vi\/wp-json\/wp\/v2\/media?parent=1861"}],"curies":[{"name":"wp","href":"https:\/\/api.w.org\/{rel}","templated":true}]}}