{"id":1881,"date":"2017-11-18T09:42:42","date_gmt":"2017-11-18T09:42:42","guid":{"rendered":"https:\/\/www.freebetsinfo.co.uk\/cuoc-golf\/"},"modified":"2021-07-01T14:54:27","modified_gmt":"2021-07-01T14:54:27","slug":"danh-gon","status":"publish","type":"page","link":"https:\/\/www.freebetsinfo.co.uk\/vi\/danh-gon\/","title":{"rendered":"C\u01b0\u1ee3c Golf"},"content":{"rendered":"<h3><span style=\"color: #808080;\">T\u1ea1i sao ch\u01a1i<a style=\"color: #808080;\" href=\"https:\/\/www.freebetsinfo.co.uk\/vi\/danh-gon\/\"> C\u01b0\u1ee3c Golf<\/a> c\u00f3 l\u1ebd l\u00e0 ho\u1ea1t \u0111\u1ed9ng th\u1ec3 thao \u0111\u01b0\u1ee3c s\u1eed d\u1ee5ng r\u1ed9ng r\u00e3i nh\u1ea5t \u0111\u1ec3 \u0111\u1eb7t c\u01b0\u1ee3c v\u00e0o<\/span><\/h3>\n<p><span style=\"color: #808080;\"><a style=\"color: #808080;\" href=\"https:\/\/www.freebetsinfo.co.uk\/vi\/danh-gon\/\">C\u01b0\u1ee3c Golf<\/a> B\u1eb1ng ch\u1ee9ng ban \u0111\u1ea7u v\u1ec1 vi\u1ec7c ch\u01a1i g\u00f4n t\u1ed3n t\u1ea1i t\u1eeb n\u0103m 1457 khi James II c\u1ed1 g\u1eafng ng\u0103n c\u1ea5m m\u00f4n th\u1ec3 thao n\u00e0y v\u00ec \u00f4ng c\u1ea3m th\u1ea5y n\u00f3 c\u1ea3n tr\u1edf vi\u1ec7c luy\u1ec7n t\u1eadp b\u1eafn cung. H\u01a1n n\u0103m tr\u0103m n\u0103m m\u01b0\u01a1i n\u0103m sau, ch\u01a1i g\u00f4n \u0111\u00e3 bi\u1ebfn th\u00e0nh m\u1ed9t tr\u00f2 ti\u00eau khi\u1ec3n c\u1ee7a c\u1ed9ng \u0111\u1ed3ng. <\/span><\/p>\n<p><span style=\"color: #808080;\">C\u01b0\u1ee3c Golf r\u1ea5t mong mu\u1ed1n c\u00f3 \u0111\u01b0\u1ee3c s\u1ef1 t\u00f9y ch\u1ec9nh c\u1ee7a b\u1ea1n<\/span><\/p>\n<p><span style=\"color: #808080;\">N\u1ebfu b\u1ea1n l\u00e0 m\u1ed9t ng\u01b0\u1eddi \u0111am m\u00ea c\u00e1 c\u01b0\u1ee3c golf, s\u1ebd lu\u00f4n c\u00f3 m\u1ed9t nh\u00e0 c\u00e1i c\u00e1 c\u01b0\u1ee3c. S\u1eb5n s\u00e0ng cung c\u1ea5p cho b\u1ea1n c\u00e1c giao d\u1ecbch c\u00e1 c\u01b0\u1ee3c t\u1eed t\u1ebf. Ki\u1ec3m tra c\u00e1c ho\u1ea1t \u0111\u1ed9ng t\u1ed3n t\u1ea1i v\u00e0 b\u1ea1n s\u1ebd s\u1edbm ghi \u0111i\u1ec3m. Gi\u1edbi thi\u1ec7u v\u1ec1 c\u1edd b\u1ea1c ch\u01a1i g\u00f4n t\u1ed1t nh\u1ea5t c\u1ee7a b\u1ea1n<\/span><\/p>\n<p>&nbsp;<\/p>\n<h3><span style=\"color: #808080;\"><a style=\"color: #808080;\" href=\"https:\/\/www.freebetsinfo.co.uk\/vi\/danh-gon\/\">C\u01b0\u1ee3c Golf<\/a> C\u00e1c gi\u1ea3i \u0111\u1ea5u ch\u01a1i g\u00f4n kh\u00e1c<\/span><\/h3>\n<p><span style=\"color: #808080;\">M\u1ed7i n\u0103m, c\u00e1c game th\u1ee7 chi\u1ebfn \u0111\u1ea5u \u0111\u1ec3 gi\u1eef v\u1ecb tr\u00ed c\u1ee7a m\u00ecnh trong c\u00e1c chuy\u1ebfn \u0111i PGA v\u00e0 ET. M\u1ed7i n\u0103m, ch\u1ec9 c\u00f3 125 ng\u01b0\u1eddi v\u1ec1 \u0111\u00edch t\u1ed1t nh\u1ea5t trong chuy\u1ebfn \u0111i PGA v\u00e0 110 ng\u01b0\u1eddi ch\u01a1i h\u00e0ng \u0111\u1ea7u trong chuy\u1ebfn du ngo\u1ea1n ET s\u1ebd ch\u1eafc ch\u1eafn c\u00f3 m\u1ed9t v\u1ecb tr\u00ed trong chuy\u1ebfn du ngo\u1ea1n v\u00e0o n\u0103m ti\u1ebfp theo.<\/span><\/p>\n<p>&nbsp;<\/p>\n<h3><span style=\"color: #808080;\">C\u00e1c gi\u1ea3i \u0111\u1ea5u ch\u01a1i g\u00f4n theo tr\u1eadn \u0111\u1ea5u<\/span><\/h3>\n<p><span style=\"color: #808080;\">H\u1ea7u nh\u01b0 t\u1ea5t c\u1ea3<a style=\"color: #808080;\" href=\"https:\/\/www.freebetsinfo.co.uk\/vi\/viet-bet\/\"> gi\u1ea3i \u0111\u1ea5u ch\u01a1i g\u00f4n<\/a> C\u00e1c s\u1ef1 ki\u1ec7n tham gia c\u00e1c s\u1ef1 ki\u1ec7n li\u00ean quan \u0111\u1ebfn m\u1ea1ch m\u00e1u n\u00e3o. Bi\u1ec3u di\u1ec5n \u0111\u00e1nh g\u1eady l\u00e0 n\u01a1i m\u00e0 nh\u00e0 v\u00f4 \u0111\u1ecbch ch\u1eafc ch\u1eafn l\u00e0 ng\u01b0\u1eddi ch\u01a1i ho\u00e0n th\u00e0nh \u0111\u01b0\u1eddng \u0111ua v\u1edbi s\u1ed1 l\u01b0\u1ee3ng h\u00ecnh \u1ea3nh \u00edt nh\u1ea5t, th\u01b0\u1eddng \u0111\u01b0\u1ee3c k\u1ebft h\u1ee3p v\u00ec nhi\u1ec1u gi\u1ea3i \u0111\u1ea5u golf di\u1ec5n ra trong nhi\u1ec1u ng\u00e0y \u0111\u00eam.<\/span><\/p>\n<h3><span style=\"color: #808080;\">Ch\u00ednh x\u00e1c th\u00ec c\u00e1c lo\u1ea1i c\u01b0\u1ee3c ch\u01a1i g\u00f4n l\u00e0 g\u00ec?<\/span><\/h3>\n<p><span style=\"color: #808080;\">Ph\u1ea7n l\u1edbn<a style=\"color: #808080;\" href=\"https:\/\/www.freebetsinfo.co.uk\/vi\/\"> c\u00e1 c\u01b0\u1ee3c ch\u01a1i g\u00f4n<\/a> ti\u1ec1n \u0111\u01b0\u1ee3c c\u1ea5p th\u1eb3ng cho nh\u1eefng ng\u01b0\u1eddi chi\u1ebfn th\u1eafng trong gi\u1ea3i \u0111\u1ea5u, nh\u01b0ng \u0111\u00f3 kh\u00f4ng ph\u1ea3i l\u00fac n\u00e0o c\u0169ng l\u00e0 c\u00e1ch \u0111\u1ec3 \u0111i n\u1ebfu b\u1ea1n quan t\u00e2m \u0111\u1ebfn vi\u1ec7c \u0111\u1eb7t c\u01b0\u1ee3c v\u00e0o ch\u01a1i g\u00f4n. Th\u1eddi gian Dustin y\u00eau th\u00edch tr\u01b0\u1edbc gi\u1ea3i \u0111\u1ea5u (7\/1 8.00) \u0111\u00e3 ho\u00e0n th\u00e0nh \u0111\u01b0\u1ee3c li\u00ean k\u1ebft cho v\u1ecb tr\u00ed th\u1ee9 hai m\u01b0\u01a1i ti\u1ebfp theo.<\/span><\/p>\n<h3><span style=\"color: #808080;\">C\u00e1c trang web \u0111\u00e1nh b\u1ea1c ch\u01a1i g\u00f4n t\u1ed1t nh\u1ea5t c\u1ee7a V\u01b0\u01a1ng qu\u1ed1c Anh:<\/span><\/h3>\n<p><span style=\"color: #808080;\">S\u00e1ch th\u1ec3 thao n\u00e0y c\u0169ng \u0111\u1ec1 c\u1eadp \u0111\u1ebfn ch\u00ednh s\u00e1ch b\u1ea3o hi\u1ec3m acca tr\u00ean b\u1ed9 t\u00edch l\u0169y b\u00f3ng qu\u1ea7n v\u1ee3t hai v\u00e0 ba c\u00f3 \u00edt nh\u1ea5t b\u1ed1n t\u00f9y ch\u1ecdn. Nh\u1eefng ng\u01b0\u1eddi m\u1edbi \u0111\u1ebfn v\u1edbi BetBright c\u00f2n c\u00f3 m\u1ed9t l\u1eddi \u0111\u1ec1 ngh\u1ecb \u0111\u1ec3 \u0111\u00e1p \u1ee9ng nhu c\u1ea7u c\u1ee7a h\u1ecd. B\u1ea1n s\u1ebd nh\u1eadn \u0111\u01b0\u1ee3c 100 b\u1ea3ng ho\u00e0n to\u00e0n<a style=\"color: #808080;\" href=\"https:\/\/www.freebetsinfo.co.uk\/vi\/viet-bet\/\"> c\u01b0\u1ee3c mi\u1ec5n ph\u00ed<\/a> .<\/span><\/p>\n<p><span style=\"color: #808080;\"><strong>10Bet<\/strong><\/span><\/p>\n<p><span style=\"color: #808080;\">10Betis c\u0169ng l\u00e0 m\u1ed9t kho\u1ea3n \u0111\u1eb7t c\u01b0\u1ee3c ph\u00f9 h\u1ee3p khi n\u00f3i \u0111\u1ebfn \u0111\u1eb7t c\u01b0\u1ee3c \u0111ang th\u1ef1c hi\u1ec7n.<\/span><\/p>\n<p><span style=\"color: #808080;\">C\u00e1c d\u1ecbch v\u1ee5 chuy\u00ean nghi\u1ec7p l\u00e0 ho\u00e0n to\u00e0n \u1ea5n t\u01b0\u1ee3ng. V\u00ec v\u1eady, b\u1ea1n c\u00f3 th\u1ec3 c\u1eadp nh\u1eadt t\u1ea5t c\u1ea3 c\u00e1c m\u00f4n th\u1ec3 thao golf h\u00e0ng \u0111\u1ea7u tr\u00ean trang web c\u1ee7a h\u1ecd. Kh\u00f4ng c\u1ea7n ph\u1ea3i \u0111i du l\u1ecbch n\u01a1i kh\u00e1c.<\/span><\/p>\n<p><span style=\"color: #808080;\">N\u1ebfu b\u1ea1n l\u00e0 ng\u01b0\u1eddi m\u1edbi, b\u1ea1n c\u00f3 th\u1ec3 mong \u0111\u1ee3i nh\u1eadn \u0111\u01b0\u1ee3c kho\u1ea3n ho\u00e0n tr\u1ea3 v\u01b0\u1ee3t qu\u00e1 100% cho kho\u1ea3n thanh to\u00e1n tr\u01b0\u1edbc c\u1ee7a ri\u00eang b\u1ea1n, l\u00ean \u0111\u1ebfn \u00a3 200.<\/span><\/p>\n<p><span style=\"color: #808080;\">\u0110\u00f3 th\u1ef1c s\u1ef1 l\u00e0 m\u1ed9t th\u1ecfa thu\u1eadn t\u1ed1t c\u00f3 th\u1ec3 gi\u00fap b\u1ea1n t\u1eadn d\u1ee5ng t\u1ed1i \u0111a ti\u1ec1n c\u01b0\u1ee3c ch\u01a1i g\u00f4n c\u1ee7a m\u00ecnh<\/span><\/p>\n<p><span style=\"color: #808080;\">\u0110\u00f3 c\u0169ng l\u00e0 m\u1ed9t &#8216;th\u1ecfa thu\u1eadn t\u1eeb tr\u01b0\u1edbc&#8217; ho\u00e0n h\u1ea3o &#8211; kh\u00f4ng c\u1ea7n b\u00e1o tr\u01b0\u1edbc nh\u01b0 \u0111\u1eb7t c\u01b0\u1ee3c.<\/span><\/p>\n<h3><span style=\"color: #808080;\">Ho\u1ea1t \u0111\u1ed9ng th\u1ec3 thao Grosvenor<\/span><\/h3>\n<p><span style=\"color: #808080;\">M\u1eb7c d\u00f9 s\u00f2ng b\u1ea1c internet tr\u00ean \u0111\u1ea5t li\u1ec1n c\u1ee7a Grospvenor \u0111\u00e3 t\u1ed3n t\u1ea1i l\u00e2u \u0111\u1eddi, nh\u01b0ng ho\u1ea1t \u0111\u1ed9ng th\u1ec3 thao tr\u00ean internet c\u1ee7a n\u00f3 cung c\u1ea5p l\u00e0 danh hi\u1ec7u m\u1edbi nh\u1ea5t trong c\u00e1c ho\u1ea1t \u0111\u1ed9ng th\u1ec3 thao<a style=\"color: #808080;\" href=\"https:\/\/www.freebetsinfo.co.uk\/vi\/\"> nh\u00e0 c\u00e1i<\/a> .<\/span><\/p>\n<p><span style=\"color: #808080;\"> T\u1ea5t c\u1ea3 nh\u1eefng g\u00ec c\u1ea7n thi\u1ebft \u0111\u1ec3 t\u1ea1o ra n\u00f3 l\u00e0 m\u1ed9t kho\u1ea3n ti\u1ec1n g\u1eedi \u00a3 5.<\/span><\/p>\n<h3><span style=\"color: #808080;\">Nh\u1eadn \u01b0u \u0111\u00e3i \u0111\u1eb7t c\u01b0\u1ee3c ch\u01a1i g\u00f4n m\u1edbi nh\u1ea5t<\/span><\/h3>\n<p><span style=\"color: #808080;\">Th\u00f4ng tin c\u00e1 c\u01b0\u1ee3c mi\u1ec5n ph\u00ed cung c\u1ea5p trang web s\u1ebd h\u01b0\u1edbng d\u1eabn b\u1ea1n th\u00f4ng qua t\u1ea5t c\u1ea3 c\u00e1c ch\u01b0\u01a1ng tr\u00ecnh khuy\u1ebfn m\u00e3i g\u1ea7n \u0111\u00e2y nh\u1ea5t t\u1eeb V\u01b0\u01a1ng qu\u1ed1c Anh n\u1ed5i ti\u1ebfng<a style=\"color: #808080;\" href=\"https:\/\/www.freebetsinfo.co.uk\/vi\/\"> nh\u00e0 c\u00e1i<\/a> (v\u00e0 c\u1ea3 trong s\u1ed1 nh\u1eefng ng\u01b0\u1eddi m\u1edbi t\u1ed1t nh\u1ea5t). B\u1ea5t k\u1ec3 \u0111\u00f3 l\u00e0 ch\u01a1i g\u00f4n hay ho\u1ea1t \u0111\u1ed9ng n\u00f3i chung,<a style=\"color: #808080;\" href=\"https:\/\/www.freebetsinfo.co.uk\/vi\/\"> th\u00f4ng tin c\u01b0\u1ee3c mi\u1ec5n ph\u00ed<\/a> cung c\u1ea5p th\u00f4ng tin t\u1ed1t nh\u1ea5t cho nh\u1eefng ng\u01b0\u1eddi ch\u01a1i c\u00e1 c\u01b0\u1ee3c \u1edf V\u01b0\u01a1ng qu\u1ed1c Anh.<\/span><\/p>\n","protected":false},"excerpt":{"rendered":"T\u1ea1i sao ch\u01a1i C\u01b0\u1ee3c Golf c\u00f3 l\u1ebd l\u00e0 ho\u1ea1t \u0111\u1ed9ng th\u1ec3 thao \u0111\u01b0\u1ee3c s\u1eed d\u1ee5ng r\u1ed9ng r\u00e3i nh\u1ea5t \u0111\u1ec3 \u0111\u1eb7t c\u01b0\u1ee3c v\u00e0o C\u01b0\u1ee3c Golf B\u1eb1ng ch\u1ee9ng ban \u0111\u1ea7u v\u1ec1 vi\u1ec7c ch\u01a1i g\u00f4n t\u1ed3n t\u1ea1i t\u1eeb n\u0103m 1457 khi James II c\u1ed1 g\u1eafng ng\u0103n c\u1ea5m m\u00f4n th\u1ec3 thao n\u00e0y v\u00ec \u00f4ng c\u1ea3m th\u1ea5y n\u00f3 c\u1ea3n tr\u1edf&#8230; <a class=\"view-article\" href=\"https:\/\/www.freebetsinfo.co.uk\/vi\/danh-gon\/\">View Article<\/a>","protected":false},"author":1,"featured_media":0,"parent":0,"menu_order":0,"comment_status":"closed","ping_status":"closed","template":"asia-sports-page-template.php","meta":{"_uag_custom_page_level_css":"","footnotes":""},"class_list":["post-1881","page","type-page","status-publish","hentry"],"yoast_head":"<!-- This site is optimized with the Yoast SEO Premium plugin v19.5 (Yoast SEO v27.5) - https:\/\/yoast.com\/product\/yoast-seo-premium-wordpress\/ -->\n<title>C\u01b0\u1ee3c Golf , Nh\u1eadn \u01b0u \u0111\u00e3i \u0111\u1eb7t c\u01b0\u1ee3c ch\u01a1i g\u00f4n m\u1edbi nh\u1ea5t<\/title>\n<meta name=\"description\" content=\"C\u01b0\u1ee3c Golf Khuy\u1ebfn m\u00e3i ti\u1ec1n g\u1eedi l\u1ea7n \u0111\u1ea7u, Trang web c\u00e1 c\u01b0\u1ee3c ch\u01a1i g\u00f4n t\u1ed1t nh\u1ea5t v\u00e0 nh\u1eefng \u0111i\u1ec3m ch\u00ednh c\u1ea7n l\u01b0u \u00fd khi b\u1eaft \u0111\u1ea7u \u0111\u1eb7t c\u01b0\u1ee3c.\" \/>\n<meta name=\"robots\" content=\"index, follow, max-snippet:-1, max-image-preview:large, max-video-preview:-1\" \/>\n<link rel=\"canonical\" href=\"https:\/\/www.freebetsinfo.co.uk\/vi\/danh-gon\/\" \/>\n<meta property=\"og:locale\" content=\"vi_VN\" \/>\n<meta property=\"og:type\" content=\"article\" \/>\n<meta property=\"og:title\" content=\"C\u01b0\u1ee3c Golf\" \/>\n<meta property=\"og:description\" content=\"C\u01b0\u1ee3c Golf Khuy\u1ebfn m\u00e3i ti\u1ec1n g\u1eedi l\u1ea7n \u0111\u1ea7u, Trang web c\u00e1 c\u01b0\u1ee3c ch\u01a1i g\u00f4n t\u1ed1t nh\u1ea5t v\u00e0 nh\u1eefng \u0111i\u1ec3m ch\u00ednh c\u1ea7n l\u01b0u \u00fd khi b\u1eaft \u0111\u1ea7u \u0111\u1eb7t c\u01b0\u1ee3c.\" \/>\n<meta property=\"og:url\" content=\"https:\/\/www.freebetsinfo.co.uk\/vi\/danh-gon\/\" \/>\n<meta property=\"og:site_name\" content=\"Mi\u1ec5n ph\u00ed C\u01b0\u1ee3c, tr\u1ef1c Tuy\u1ebfn C\u01b0\u1ee3c th\u00f4ng tin c\u00e1 C\u01b0\u1ee3c\" \/>\n<meta property=\"article:modified_time\" content=\"2021-07-01T14:54:27+00:00\" \/>\n<meta name=\"twitter:card\" content=\"summary_large_image\" \/>\n<meta name=\"twitter:label1\" content=\"Est. reading time\" \/>\n\t<meta name=\"twitter:data1\" content=\"5 minutes\" \/>\n<script type=\"application\/ld+json\" class=\"yoast-schema-graph\">{\"@context\":\"https:\\\/\\\/schema.org\",\"@graph\":[{\"@type\":\"WebPage\",\"@id\":\"https:\\\/\\\/www.freebetsinfo.co.uk\\\/vi\\\/danh-gon\\\/\",\"url\":\"https:\\\/\\\/www.freebetsinfo.co.uk\\\/vi\\\/danh-gon\\\/\",\"name\":\"C\u01b0\u1ee3c Golf , Nh\u1eadn \u01b0u \u0111\u00e3i \u0111\u1eb7t c\u01b0\u1ee3c ch\u01a1i g\u00f4n m\u1edbi nh\u1ea5t\",\"isPartOf\":{\"@id\":\"https:\\\/\\\/www.freebetsinfo.co.uk\\\/vi\\\/#website\"},\"datePublished\":\"2017-11-18T09:42:42+00:00\",\"dateModified\":\"2021-07-01T14:54:27+00:00\",\"description\":\"C\u01b0\u1ee3c Golf Khuy\u1ebfn m\u00e3i ti\u1ec1n g\u1eedi l\u1ea7n \u0111\u1ea7u, Trang web c\u00e1 c\u01b0\u1ee3c ch\u01a1i g\u00f4n t\u1ed1t nh\u1ea5t v\u00e0 nh\u1eefng \u0111i\u1ec3m ch\u00ednh c\u1ea7n l\u01b0u \u00fd khi b\u1eaft \u0111\u1ea7u \u0111\u1eb7t c\u01b0\u1ee3c.\",\"breadcrumb\":{\"@id\":\"https:\\\/\\\/www.freebetsinfo.co.uk\\\/vi\\\/danh-gon\\\/#breadcrumb\"},\"inLanguage\":\"vi-VN\",\"potentialAction\":[{\"@type\":\"ReadAction\",\"target\":[\"https:\\\/\\\/www.freebetsinfo.co.uk\\\/vi\\\/danh-gon\\\/\"]}]},{\"@type\":\"BreadcrumbList\",\"@id\":\"https:\\\/\\\/www.freebetsinfo.co.uk\\\/vi\\\/danh-gon\\\/#breadcrumb\",\"itemListElement\":[{\"@type\":\"ListItem\",\"position\":1,\"name\":\"Home\",\"item\":\"https:\\\/\\\/www.freebetsinfo.co.uk\\\/vi\\\/\"},{\"@type\":\"ListItem\",\"position\":2,\"name\":\"C\u01b0\u1ee3c Golf\"}]},{\"@type\":\"WebSite\",\"@id\":\"https:\\\/\\\/www.freebetsinfo.co.uk\\\/vi\\\/#website\",\"url\":\"https:\\\/\\\/www.freebetsinfo.co.uk\\\/vi\\\/\",\"name\":\"Mi\u1ec5n ph\u00ed C\u01b0\u1ee3c, tr\u1ef1c Tuy\u1ebfn C\u01b0\u1ee3c th\u00f4ng tin c\u00e1 C\u01b0\u1ee3c\",\"description\":\"T\u1ed1t nh\u1ea5t c\u00e1 C\u01b0\u1ee3c tr\u1ef1c Tuy\u1ebfn v\u00e0 Casino Kh\u00f4ng c\u00f3 Ti\u1ec1n Th\u01b0\u1edfng M\u00e3! \u2705Tr\u1ef1c Tuy\u1ebfn H\u00e0ng \u0110\u1ea7u Trang Web \u0110\u1eb7t C\u01b0\u1ee3c Gi\u00e1, \u2705T\u1ed1t Nh\u1ea5t S\u00f2ng B\u1ea1c Tr\u1ef1c Tuy\u1ebfn Ti\u1ec1n Th\u01b0\u1edfng!\",\"potentialAction\":[{\"@type\":\"SearchAction\",\"target\":{\"@type\":\"EntryPoint\",\"urlTemplate\":\"https:\\\/\\\/www.freebetsinfo.co.uk\\\/vi\\\/?s={search_term_string}\"},\"query-input\":{\"@type\":\"PropertyValueSpecification\",\"valueRequired\":true,\"valueName\":\"search_term_string\"}}],\"inLanguage\":\"vi-VN\"}]}<\/script>\n<!-- \/ Yoast SEO Premium plugin. -->","yoast_head_json":{"title":"C\u01b0\u1ee3c Golf , Nh\u1eadn \u01b0u \u0111\u00e3i \u0111\u1eb7t c\u01b0\u1ee3c ch\u01a1i g\u00f4n m\u1edbi nh\u1ea5t","description":"C\u01b0\u1ee3c Golf Khuy\u1ebfn m\u00e3i ti\u1ec1n g\u1eedi l\u1ea7n \u0111\u1ea7u, Trang web c\u00e1 c\u01b0\u1ee3c ch\u01a1i g\u00f4n t\u1ed1t nh\u1ea5t v\u00e0 nh\u1eefng \u0111i\u1ec3m ch\u00ednh c\u1ea7n l\u01b0u \u00fd khi b\u1eaft \u0111\u1ea7u \u0111\u1eb7t c\u01b0\u1ee3c.","robots":{"index":"index","follow":"follow","max-snippet":"max-snippet:-1","max-image-preview":"max-image-preview:large","max-video-preview":"max-video-preview:-1"},"canonical":"https:\/\/www.freebetsinfo.co.uk\/vi\/danh-gon\/","og_locale":"vi_VN","og_type":"article","og_title":"C\u01b0\u1ee3c Golf","og_description":"C\u01b0\u1ee3c Golf Khuy\u1ebfn m\u00e3i ti\u1ec1n g\u1eedi l\u1ea7n \u0111\u1ea7u, Trang web c\u00e1 c\u01b0\u1ee3c ch\u01a1i g\u00f4n t\u1ed1t nh\u1ea5t v\u00e0 nh\u1eefng \u0111i\u1ec3m ch\u00ednh c\u1ea7n l\u01b0u \u00fd khi b\u1eaft \u0111\u1ea7u \u0111\u1eb7t c\u01b0\u1ee3c.","og_url":"https:\/\/www.freebetsinfo.co.uk\/vi\/danh-gon\/","og_site_name":"Mi\u1ec5n ph\u00ed C\u01b0\u1ee3c, tr\u1ef1c Tuy\u1ebfn C\u01b0\u1ee3c th\u00f4ng tin c\u00e1 C\u01b0\u1ee3c","article_modified_time":"2021-07-01T14:54:27+00:00","twitter_card":"summary_large_image","twitter_misc":{"Est. reading time":"5 minutes"},"schema":{"@context":"https:\/\/schema.org","@graph":[{"@type":"WebPage","@id":"https:\/\/www.freebetsinfo.co.uk\/vi\/danh-gon\/","url":"https:\/\/www.freebetsinfo.co.uk\/vi\/danh-gon\/","name":"C\u01b0\u1ee3c Golf , Nh\u1eadn \u01b0u \u0111\u00e3i \u0111\u1eb7t c\u01b0\u1ee3c ch\u01a1i g\u00f4n m\u1edbi nh\u1ea5t","isPartOf":{"@id":"https:\/\/www.freebetsinfo.co.uk\/vi\/#website"},"datePublished":"2017-11-18T09:42:42+00:00","dateModified":"2021-07-01T14:54:27+00:00","description":"C\u01b0\u1ee3c Golf Khuy\u1ebfn m\u00e3i ti\u1ec1n g\u1eedi l\u1ea7n \u0111\u1ea7u, Trang web c\u00e1 c\u01b0\u1ee3c ch\u01a1i g\u00f4n t\u1ed1t nh\u1ea5t v\u00e0 nh\u1eefng \u0111i\u1ec3m ch\u00ednh c\u1ea7n l\u01b0u \u00fd khi b\u1eaft \u0111\u1ea7u \u0111\u1eb7t c\u01b0\u1ee3c.","breadcrumb":{"@id":"https:\/\/www.freebetsinfo.co.uk\/vi\/danh-gon\/#breadcrumb"},"inLanguage":"vi-VN","potentialAction":[{"@type":"ReadAction","target":["https:\/\/www.freebetsinfo.co.uk\/vi\/danh-gon\/"]}]},{"@type":"BreadcrumbList","@id":"https:\/\/www.freebetsinfo.co.uk\/vi\/danh-gon\/#breadcrumb","itemListElement":[{"@type":"ListItem","position":1,"name":"Home","item":"https:\/\/www.freebetsinfo.co.uk\/vi\/"},{"@type":"ListItem","position":2,"name":"C\u01b0\u1ee3c Golf"}]},{"@type":"WebSite","@id":"https:\/\/www.freebetsinfo.co.uk\/vi\/#website","url":"https:\/\/www.freebetsinfo.co.uk\/vi\/","name":"Mi\u1ec5n ph\u00ed C\u01b0\u1ee3c, tr\u1ef1c Tuy\u1ebfn C\u01b0\u1ee3c th\u00f4ng tin c\u00e1 C\u01b0\u1ee3c","description":"T\u1ed1t nh\u1ea5t c\u00e1 C\u01b0\u1ee3c tr\u1ef1c Tuy\u1ebfn v\u00e0 Casino Kh\u00f4ng c\u00f3 Ti\u1ec1n Th\u01b0\u1edfng M\u00e3! \u2705Tr\u1ef1c Tuy\u1ebfn H\u00e0ng \u0110\u1ea7u Trang Web \u0110\u1eb7t C\u01b0\u1ee3c Gi\u00e1, \u2705T\u1ed1t Nh\u1ea5t S\u00f2ng B\u1ea1c Tr\u1ef1c Tuy\u1ebfn Ti\u1ec1n Th\u01b0\u1edfng!","potentialAction":[{"@type":"SearchAction","target":{"@type":"EntryPoint","urlTemplate":"https:\/\/www.freebetsinfo.co.uk\/vi\/?s={search_term_string}"},"query-input":{"@type":"PropertyValueSpecification","valueRequired":true,"valueName":"search_term_string"}}],"inLanguage":"vi-VN"}]}},"uagb_featured_image_src":{"full":false,"thumbnail":false,"medium":false,"medium_large":false,"large":false,"1536x1536":false,"2048x2048":false,"small":false,"custom-size":false},"uagb_author_info":{"display_name":"\u7ba1\u7406","author_link":"https:\/\/www.freebetsinfo.co.uk\/vi\/author\/kdfl4q\/"},"uagb_comment_info":0,"uagb_excerpt":"T\u1ea1i sao ch\u01a1i C\u01b0\u1ee3c Golf c\u00f3 l\u1ebd l\u00e0 ho\u1ea1t \u0111\u1ed9ng th\u1ec3 thao \u0111\u01b0\u1ee3c s\u1eed d\u1ee5ng r\u1ed9ng r\u00e3i nh\u1ea5t \u0111\u1ec3 \u0111\u1eb7t c\u01b0\u1ee3c v\u00e0o C\u01b0\u1ee3c Golf B\u1eb1ng ch\u1ee9ng ban \u0111\u1ea7u v\u1ec1 vi\u1ec7c ch\u01a1i g\u00f4n t\u1ed3n t\u1ea1i t\u1eeb n\u0103m 1457 khi James II c\u1ed1 g\u1eafng ng\u0103n c\u1ea5m m\u00f4n th\u1ec3 thao n\u00e0y v\u00ec \u00f4ng c\u1ea3m th\u1ea5y n\u00f3 c\u1ea3n tr\u1edf...&hellip;","_links":{"self":[{"href":"https:\/\/www.freebetsinfo.co.uk\/vi\/wp-json\/wp\/v2\/pages\/1881","targetHints":{"allow":["GET"]}}],"collection":[{"href":"https:\/\/www.freebetsinfo.co.uk\/vi\/wp-json\/wp\/v2\/pages"}],"about":[{"href":"https:\/\/www.freebetsinfo.co.uk\/vi\/wp-json\/wp\/v2\/types\/page"}],"author":[{"embeddable":true,"href":"https:\/\/www.freebetsinfo.co.uk\/vi\/wp-json\/wp\/v2\/users\/1"}],"replies":[{"embeddable":true,"href":"https:\/\/www.freebetsinfo.co.uk\/vi\/wp-json\/wp\/v2\/comments?post=1881"}],"version-history":[{"count":0,"href":"https:\/\/www.freebetsinfo.co.uk\/vi\/wp-json\/wp\/v2\/pages\/1881\/revisions"}],"wp:attachment":[{"href":"https:\/\/www.freebetsinfo.co.uk\/vi\/wp-json\/wp\/v2\/media?parent=1881"}],"curies":[{"name":"wp","href":"https:\/\/api.w.org\/{rel}","templated":true}]}}