{"id":1882,"date":"2017-11-18T09:21:45","date_gmt":"2017-11-18T09:21:45","guid":{"rendered":"https:\/\/www.freebetsinfo.co.uk\/viet-bet\/"},"modified":"2021-07-09T07:42:39","modified_gmt":"2021-07-09T07:42:39","slug":"c%c3%a1-c%c6%b0%e1%bb%a3c-mi%e1%bb%85n-ph%c3%ad","status":"publish","type":"page","link":"https:\/\/www.freebetsinfo.co.uk\/vi\/c%c3%a1-c%c6%b0%e1%bb%a3c-mi%e1%bb%85n-ph%c3%ad\/","title":{"rendered":"C\u00e1 c\u01b0\u1ee3c mi\u1ec5n ph\u00ed"},"content":{"rendered":"<h3><span style=\"color: #808080;\"><a style=\"color: #808080;\" href=\"https:\/\/www.freebetsinfo.co.uk\/free-bets\/\">C\u00e1 c\u01b0\u1ee3c th\u1ec3 thao<\/a> lu\u00f4n t\u00ecm ki\u1ebfm \u0111\u1ec3 c\u00f3 \u0111\u01b0\u1ee3c c\u00f4ng vi\u1ec7c kinh doanh m\u1edbi<\/span><\/h3>\n<p><span style=\"color: #808080;\">v\u00e0 s\u1ebd cung c\u1ea5p cho b\u1ea1n nhi\u1ec1u lo\u1ea1i c\u01b0\u1ee3c ph\u00f9 h\u1ee3p v\u00e0<a style=\"color: #808080;\" href=\"https:\/\/www.freebetsinfo.co.uk\/free-bets\/\"> C\u01b0\u1ee3c mi\u1ec5n ph\u00ed<\/a> . N\u00f3 \u00edt m\u1edd \u00e1m h\u01a1n b\u1edfi v\u00ec c\u00f3 v\u1ebb nh\u01b0, ch\u1eafc ch\u1eafn, h\u1ecd \u0111ang theo d\u00f5i ti\u1ec1n c\u1ee7a b\u1ea1n, tuy nhi\u00ean, n\u00f3 mang l\u1ea1i cho b\u1ea1n nhi\u1ec1u ti\u1ec1n h\u01a1n \u0111\u1ec3 gi\u00e0nh chi\u1ebfn th\u1eafng!<\/span><\/p>\n<p><span style=\"color: #808080;\">B\u00e0i vi\u1ebft n\u00e0y s\u1ebd tr\u00ecnh b\u00e0y m\u1ed9t s\u1ed1 lo\u1ea1i \u201c<a style=\"color: #808080;\" href=\"https:\/\/www.freebetsinfo.co.uk\/free-bets\/\"> \u0111\u1eb7t c\u01b0\u1ee3c mi\u1ec5n ph\u00ed<\/a> \u201d\u0110\u01b0\u1ee3c cung c\u1ea5p b\u1edfi s\u00e1ch gi\u00e1o khoa v\u1ec1 ho\u1ea1t \u0111\u1ed9ng th\u1ec3 thao tr\u1ef1c tuy\u1ebfn v\u00e0 nh\u1eefng g\u00ec b\u1ea1n c\u00f3 th\u1ec3 \u0111\u1ea1t \u0111\u01b0\u1ee3c khi s\u1eed d\u1ee5ng ch\u00fang. B\u1ea1n c\u0169ng c\u00f3 th\u1ec3 y\u00eau c\u1ea7u m\u1ed9t lo\u1ea1t c\u00e1c \u01b0u \u0111\u00e3i b\u00ean trong b\u00e0n l\u00e0m vi\u1ec7c.<\/span><\/p>\n<p><span style=\"color: #808080;\">B\u1ea1n mu\u1ed1n lu\u00f4n c\u1eadp nh\u1eadt t\u1eebng v\u00e1n c\u01b0\u1ee3c mi\u1ec5n ph\u00ed m\u1edbi nh\u1ea5t t\u1eeb nh\u00e0 c\u00e1i V\u01b0\u01a1ng qu\u1ed1c Anh? H\u00e3y xem ph\u1ea7n \u0111\u1eb7t c\u01b0\u1ee3c c\u1ee7a ch\u00fang t\u00f4i cung c\u1ea5p, trong \u0111\u00f3 ch\u00fang t\u00f4i \u0111\u0103ng ph\u00e2n ph\u1ed1i h\u00e0ng ng\u00e0y v\u00e0 ho\u00e0n to\u00e0n<a style=\"color: #808080;\" href=\"https:\/\/www.freebetsinfo.co.uk\/free-bets\/\"> \u0111\u1eb7t c\u01b0\u1ee3c mi\u1ec5n ph\u00ed<\/a> .<\/span><\/p>\n<h2><span style=\"color: #808080;\"><a style=\"color: #808080;\" href=\"https:\/\/www.freebetsinfo.co.uk\/free-bets\/\">C\u01b0\u1ee3c mi\u1ec5n ph\u00ed<\/a> Ph\u00f9 h\u1ee3p x\u00e2y d\u1ef1ng<\/span><\/h2>\n<p><span style=\"color: #808080;\"> Sau \u0111\u00f3, b\u1ea1n c\u00f3 th\u1ec3 s\u1eed d\u1ee5ng s\u1ed1 ti\u1ec1n \u0111\u1eb7t c\u01b0\u1ee3c mi\u1ec5n ph\u00ed c\u1ee7a m\u00ecnh \u0111\u1ec3 \u0111\u1eb7t c\u01b0\u1ee3c th\u00eam. \u0110i\u1ec1u n\u00e0y c\u00f3 th\u1ec3 ng\u0103n b\u1ea1n kh\u1ecfi c\u00e1c m\u1ee5c ti\u00eau \u0111\u1eb7t c\u01b0\u1ee3c h\u1ed9i ngh\u1ecb b\u1eb1ng c\u00e1ch ch\u1ec9 \u0111\u00e1nh b\u1ea1c tr\u00ean &#8216;dead certs&#8217;.<\/span><\/p>\n<h3><span style=\"color: #808080;\"><a style=\"color: #808080;\" href=\"https:\/\/www.freebetsinfo.co.uk\/free-bets\/\">C\u01b0\u1ee3c mi\u1ec5n ph\u00ed<\/a> Kh\u00f4ng \u0111\u1eb7t c\u01b0\u1ee3c mi\u1ec5n ph\u00ed tr\u1ea3 tr\u01b0\u1edbc<\/span><\/h3>\n<p><span style=\"color: #808080;\">B\u00e2y gi\u1edd ch\u00fang t\u00f4i \u0111ang n\u00f3i! M\u1ed9t s\u1ed1 tr\u00ean internet<a style=\"color: #808080;\" href=\"https:\/\/www.freebetsinfo.co.uk\"> trang web c\u00e1 c\u01b0\u1ee3c<\/a> s\u1ebd cung c\u1ea5p cho b\u1ea1n ti\u1ec1n c\u01b0\u1ee3c mi\u1ec5n ph\u00ed ch\u1ec9 \u0111\u01a1n gi\u1ea3n l\u00e0 \u0111\u0103ng k\u00fd v\u1edbi h\u1ecd. Th\u00f4ng th\u01b0\u1eddng, c\u00e1c lo\u1ea1i c\u01b0\u1ee3c n\u00e0y thu\u1ed9c nhi\u1ec1u lo\u1ea1i kh\u00e1c nhau &#8211; th\u01b0\u1eddng t\u1eeb \u00a3 5 \u0111\u1ebfn \u00a3 10. Sau khi ho\u00e0n th\u00e0nh ph\u01b0\u01a1ng ph\u00e1p ch\u1ec9 \u0111\u1ecbnh, b\u1ea1n s\u1ebd th\u1ea5y r\u1eb1ng m\u00ecnh s\u1ebd c\u00f3 m\u1ed9t s\u1ed1 ti\u1ec1n m\u1eb7t &#8216;mi\u1ec5n ph\u00ed&#8217; trong t\u00e0i kho\u1ea3n ng\u00e2n h\u00e0ng c\u1ee7a m\u00ecnh.<\/span><\/p>\n<p><span style=\"color: #808080;\">S\u1ed1 ti\u1ec1n n\u00e0y s\u1ebd kh\u00f4ng bao gi\u1edd r\u00fat \u0111\u01b0\u1ee3c &#8211; b\u1ea1n s\u1ebd PH\u1ea2I s\u1eed d\u1ee5ng n\u00f3 \u0111\u1ec3 \u0111\u1eb7t c\u01b0\u1ee3c. M\u1ed9t l\u1ea7n n\u1eefa, th\u00f4ng b\u00e1o tr\u01b0\u1edbc v\u1ec1 &#8216;t\u1ef7 l\u1ec7 c\u01b0\u1ee3c t\u1ed1i thi\u1ec3u&#8217; c\u00f3 th\u1ec3 s\u1ebd \u0111\u01b0\u1ee3c \u0111\u01b0a v\u00e0o ch\u01a1i, do \u0111\u00f3 b\u1ea1n s\u1ebd ch\u1ec9 c\u00f3 th\u1ec3 s\u1eed d\u1ee5ng c\u01b0\u1ee3c mi\u1ec5n ph\u00ed c\u1ee7a m\u00ecnh cho m\u1ed9t s\u1ed1 s\u1ef1 ki\u1ec7n nh\u1ea5t \u0111\u1ecbnh (m\u1ed9t l\u1ea7n n\u1eefa, kh\u00f4ng c\u00f3 &#8216;x\u00e1c nh\u1eadn ch\u1ebft&#8217;).<\/span><\/p>\n<p><span style=\"color: #808080;\">C\u00f3 m\u1ed9t y\u1ebfu t\u1ed1 \u1ed5n \u0111\u1ecbnh v\u1ec1 T\u1ea4T C\u1ea2 c\u00e1c c\u01b0\u1ee3c mi\u1ec5n ph\u00ed kh\u00f4ng c\u1ea7n g\u1eedi ti\u1ec1n trong T\u1ea4T C\u1ea2 s\u00e1ch gi\u00e1o khoa th\u1ec3 thao &#8211; &#8216;ti\u1ec1n \u0111\u1eb7t c\u01b0\u1ee3c mi\u1ec5n ph\u00ed&#8217; c\u1ee7a b\u1ea1n kh\u00f4ng th\u1ef1c s\u1ef1 tr\u1edf l\u1ea1i nh\u01b0 m\u1ed9t kho\u1ea3n ti\u1ec1n \u0111\u1eb7t c\u01b0\u1ee3c khi b\u1ea1n ph\u00e1t hi\u1ec7n ra m\u1ed9t c\u01b0\u1ee3c trong tr\u01b0\u1eddng h\u1ee3p c\u01b0\u1ee3c \u0111\u00f3 l\u00e0 ng\u01b0\u1eddi chi\u1ebfn th\u1eafng. V\u00ed d\u1ee5: trong tr\u01b0\u1eddng h\u1ee3p b\u1ea1n s\u1eed d\u1ee5ng 10 b\u1ea3ng ti\u1ec1n c\u00e1 nh\u00e2n c\u1ee7a m\u00ecnh \u0111\u1ec3 \u0111\u1eb7t c\u01b0\u1ee3c v\u00e0o vi\u1ec7c West Ham \u0111\u00e1nh b\u1ea1i Liverpool v\u1edbi t\u1ef7 s\u1ed1 2\/1 (3,00), b\u1ea1n s\u1ebd d\u1ef1 \u0111o\u00e1n nh\u1eadn l\u1ea1i 30 b\u1ea3ng (ti\u1ec1n th\u1eafng 20 b\u1ea3ng c\u0169ng nh\u01b0 ti\u1ec1n c\u01b0\u1ee3c 10 b\u1ea3ng c\u1ee7a b\u1ea1n) . N\u1ebfu b\u1ea1n \u0111ang s\u1eed d\u1ee5ng m\u1ed9t t\u00f9y ch\u1ecdn ho\u00e0n to\u00e0n mi\u1ec5n ph\u00ed, trong tr\u01b0\u1eddng h\u1ee3p \u0111\u00f3, ti\u1ec1n \u0111\u1eb7t c\u1ecdc c\u1ee7a b\u1ea1n s\u1ebd kh\u00f4ng \u0111\u01b0\u1ee3c tr\u1ea3 l\u1ea1i. Trong ho\u00e0n c\u1ea3nh \u0111\u00f3, b\u1ea1n s\u1ebd ch\u1ec9 nh\u1eadn \u0111\u01b0\u1ee3c \u00a3 20, thay v\u00ec \u00a3 30 m\u00e0 b\u1ea1n mong \u0111\u1ee3i.<\/span><\/p>\n<h3><span style=\"color: #808080;\">T\u00f9y ch\u1ecdn kh\u00f4ng c\u00f3 r\u1ee7i ro<\/span><\/h3>\n<p><span style=\"color: #808080;\">\u0110\u1eb7t c\u01b0\u1ee3c mi\u1ec5n ph\u00ed \u0111i\u1ec3n h\u00ecnh l\u00e0 m\u1ed9t c\u00e1ch t\u1ed1t \u0111\u1ec3 ki\u1ebfm m\u1ed9t s\u1ed1 ti\u1ec1n mi\u1ec5n ph\u00ed t\u1eeb H\u01b0\u1edbng d\u1eabn Ho\u1ea1t \u0111\u1ed9ng Th\u1ec3 thao tr\u00ean Internet.<\/span><\/p>\n<p><span style=\"color: #808080;\">Khi b\u1ea1n \u0111\u01b0\u1ee3c h\u01b0\u1edfng l\u1ee3i t\u1eeb vi\u1ec7c \u0111\u1eb7t c\u01b0\u1ee3c &#8220;kh\u00f4ng c\u00f3 r\u1ee7i ro&#8221;. B\u1ea1n s\u1ebd s\u1eed d\u1ee5ng ti\u1ec1n c\u1ee7a ri\u00eang b\u1ea1n. N\u00f3i chung, b\u1ea1n c\u00f3 th\u1ec3 kh\u00f4ng b\u1ecb gi\u1edbi h\u1ea1n &#8220;t\u1ef7 l\u1ec7 c\u01b0\u1ee3c th\u1ea5p nh\u1ea5t&#8221;, c\u00f3 ngh\u0129a l\u00e0 b\u1ea1n. N\u00f3 c\u00f3 th\u1ec3 \u0111\u01b0\u1ee3c theo \u00fd mu\u1ed1n c\u1ee7a ri\u00eang b\u1ea1n. T\u1ef1 do l\u1ef1a ch\u1ecdn tr\u00ean th\u1ecb tr\u01b0\u1eddng. B\u1ea5t k\u1ef3 l\u1ec5 k\u1ef7 ni\u1ec7m. N\u1ebfu \u0111\u1eb7t c\u01b0\u1ee3c c\u1ee7a b\u1ea1n. Th\u1ef1c s\u1ef1 l\u00e0 ng\u01b0\u1eddi chi\u1ebfn th\u1eafng, sau \u0111\u00f3 \u0103n m\u1eebng.<\/span><\/p>\n<p><span style=\"color: #808080;\">N\u1ebfu c\u01b0\u1ee3c c\u1ee7a b\u1ea1n thua, th\u00ec h\u01b0\u1edbng d\u1eabn ho\u1ea1t \u0111\u1ed9ng th\u1ec3 thao n\u00e0y. \u0110\u1eb7t c\u01b0\u1ee3c c\u1ee7a b\u1ea1n s\u1ebd \u0111\u01b0\u1ee3c ho\u00e0n tr\u1ea3 (l\u00ean \u0111\u1ebfn v\u00e0 bao g\u1ed3m c\u00e1c gi\u1edbi h\u1ea1n nh\u1ea5t \u0111\u1ecbnh)<\/span><\/p>\n<p><span style=\"color: #808080;\">Kh\u00f4ng tin \u0111i\u1ec1u \u0111\u00f3 c\u00f3 th\u1ec3 x\u1ea3y ra \u1edf Arsenal. \u0110\u1ec3 th\u00e0nh c\u00f4ng UEFA Champions League. Splurge trong tr\u00f2 ch\u01a1i, v\u00e0 sau \u0111\u00f3 m\u1ed9t l\u1ea7n ch\u00fang. N\u1ebfu b\u1ea1n b\u1ecb lo\u1ea1i \u1edf v\u00f2ng b\u1ea3ng, b\u1ea1n c\u00f3 th\u1ec3 tr\u1edf l\u1ea1i m\u1ed9t c\u00e1ch xa hoa), nh\u01b0ng \u0111\u00e2y l\u00e0 \u0111\u1eb7t c\u01b0\u1ee3c mi\u1ec5n ph\u00ed.<\/span><\/p>\n","protected":false},"excerpt":{"rendered":"C\u00e1 c\u01b0\u1ee3c th\u1ec3 thao lu\u00f4n t\u00ecm ki\u1ebfm \u0111\u1ec3 c\u00f3 \u0111\u01b0\u1ee3c c\u00f4ng vi\u1ec7c kinh doanh m\u1edbi v\u00e0 s\u1ebd cung c\u1ea5p cho b\u1ea1n nhi\u1ec1u lo\u1ea1i c\u01b0\u1ee3c ph\u00f9 h\u1ee3p v\u00e0 C\u01b0\u1ee3c mi\u1ec5n ph\u00ed . N\u00f3 \u00edt m\u1edd \u00e1m h\u01a1n b\u1edfi v\u00ec c\u00f3 v\u1ebb nh\u01b0, ch\u1eafc ch\u1eafn, h\u1ecd \u0111ang theo d\u00f5i ti\u1ec1n c\u1ee7a b\u1ea1n, tuy nhi\u00ean, n\u00f3 mang l\u1ea1i&#8230; <a class=\"view-article\" href=\"https:\/\/www.freebetsinfo.co.uk\/vi\/c%c3%a1-c%c6%b0%e1%bb%a3c-mi%e1%bb%85n-ph%c3%ad\/\">View Article<\/a>","protected":false},"author":1,"featured_media":0,"parent":0,"menu_order":0,"comment_status":"closed","ping_status":"closed","template":"free-page-template.php","meta":{"_uag_custom_page_level_css":"","footnotes":""},"class_list":["post-1882","page","type-page","status-publish","hentry"],"yoast_head":"<!-- This site is optimized with the Yoast SEO Premium plugin v19.5 (Yoast SEO v27.5) - https:\/\/yoast.com\/product\/yoast-seo-premium-wordpress\/ -->\n<title>Bet mi\u1ec5n ph\u00ed-nh\u1eadn c\u01b0\u1ee3c mi\u1ec5n ph\u00ed h\u00e0ng ng\u00e0y &amp; \u0111\u1ec1 xu\u1ea5t t\u1eeb Anh bookmakers.<\/title>\n<meta name=\"description\" content=\"Xem ph\u1ea1m vi r\u1ed9ng l\u1edbn c\u1ee7a ch\u00fang t\u00f4i \u0111\u1eb7t c\u01b0\u1ee3c mi\u1ec5n ph\u00ed ra kh\u1ecfi bookmakers c\u1ee7a V\u01b0\u01a1ng Qu\u1ed1c Anh l\u1edbn nh\u1ea5t c\u1ee7a b\u1ea1n v\u00e0 tuy\u00ean b\u1ed1 r\u1ea5t t\u1ed1t nh\u1ea5t v\u00e0 cung c\u1ea5p t\u1ed1t nh\u1ea5t t\u1eeb companions c\u1ee7a ch\u00fang t\u00f4i\" \/>\n<meta name=\"robots\" content=\"index, follow, max-snippet:-1, max-image-preview:large, max-video-preview:-1\" \/>\n<link rel=\"canonical\" href=\"https:\/\/www.freebetsinfo.co.uk\/vi\/c%c3%a1-c%c6%b0%e1%bb%a3c-mi%e1%bb%85n-ph%c3%ad\/\" \/>\n<meta property=\"og:locale\" content=\"vi_VN\" \/>\n<meta property=\"og:type\" content=\"article\" \/>\n<meta property=\"og:title\" content=\"C\u00e1 c\u01b0\u1ee3c mi\u1ec5n ph\u00ed\" \/>\n<meta property=\"og:description\" content=\"Xem ph\u1ea1m vi r\u1ed9ng l\u1edbn c\u1ee7a ch\u00fang t\u00f4i \u0111\u1eb7t c\u01b0\u1ee3c mi\u1ec5n ph\u00ed ra kh\u1ecfi bookmakers c\u1ee7a V\u01b0\u01a1ng Qu\u1ed1c Anh l\u1edbn nh\u1ea5t c\u1ee7a b\u1ea1n v\u00e0 tuy\u00ean b\u1ed1 r\u1ea5t t\u1ed1t nh\u1ea5t v\u00e0 cung c\u1ea5p t\u1ed1t nh\u1ea5t t\u1eeb companions c\u1ee7a ch\u00fang t\u00f4i\" \/>\n<meta property=\"og:url\" content=\"https:\/\/www.freebetsinfo.co.uk\/vi\/c%c3%a1-c%c6%b0%e1%bb%a3c-mi%e1%bb%85n-ph%c3%ad\/\" \/>\n<meta property=\"og:site_name\" content=\"Mi\u1ec5n ph\u00ed C\u01b0\u1ee3c, tr\u1ef1c Tuy\u1ebfn C\u01b0\u1ee3c th\u00f4ng tin c\u00e1 C\u01b0\u1ee3c\" \/>\n<meta property=\"article:modified_time\" content=\"2021-07-09T07:42:39+00:00\" \/>\n<meta name=\"twitter:card\" content=\"summary_large_image\" \/>\n<meta name=\"twitter:label1\" content=\"Est. reading time\" \/>\n\t<meta name=\"twitter:data1\" content=\"5 minutes\" \/>\n<script type=\"application\/ld+json\" class=\"yoast-schema-graph\">{\"@context\":\"https:\\\/\\\/schema.org\",\"@graph\":[{\"@type\":\"WebPage\",\"@id\":\"https:\\\/\\\/www.freebetsinfo.co.uk\\\/vi\\\/c%c3%a1-c%c6%b0%e1%bb%a3c-mi%e1%bb%85n-ph%c3%ad\\\/\",\"url\":\"https:\\\/\\\/www.freebetsinfo.co.uk\\\/vi\\\/c%c3%a1-c%c6%b0%e1%bb%a3c-mi%e1%bb%85n-ph%c3%ad\\\/\",\"name\":\"Bet mi\u1ec5n ph\u00ed-nh\u1eadn c\u01b0\u1ee3c mi\u1ec5n ph\u00ed h\u00e0ng ng\u00e0y & \u0111\u1ec1 xu\u1ea5t t\u1eeb Anh bookmakers.\",\"isPartOf\":{\"@id\":\"https:\\\/\\\/www.freebetsinfo.co.uk\\\/vi\\\/#website\"},\"datePublished\":\"2017-11-18T09:21:45+00:00\",\"dateModified\":\"2021-07-09T07:42:39+00:00\",\"description\":\"Xem ph\u1ea1m vi r\u1ed9ng l\u1edbn c\u1ee7a ch\u00fang t\u00f4i \u0111\u1eb7t c\u01b0\u1ee3c mi\u1ec5n ph\u00ed ra kh\u1ecfi bookmakers c\u1ee7a V\u01b0\u01a1ng Qu\u1ed1c Anh l\u1edbn nh\u1ea5t c\u1ee7a b\u1ea1n v\u00e0 tuy\u00ean b\u1ed1 r\u1ea5t t\u1ed1t nh\u1ea5t v\u00e0 cung c\u1ea5p t\u1ed1t nh\u1ea5t t\u1eeb companions c\u1ee7a ch\u00fang t\u00f4i\",\"breadcrumb\":{\"@id\":\"https:\\\/\\\/www.freebetsinfo.co.uk\\\/vi\\\/c%c3%a1-c%c6%b0%e1%bb%a3c-mi%e1%bb%85n-ph%c3%ad\\\/#breadcrumb\"},\"inLanguage\":\"vi-VN\",\"potentialAction\":[{\"@type\":\"ReadAction\",\"target\":[\"https:\\\/\\\/www.freebetsinfo.co.uk\\\/vi\\\/c%c3%a1-c%c6%b0%e1%bb%a3c-mi%e1%bb%85n-ph%c3%ad\\\/\"]}]},{\"@type\":\"BreadcrumbList\",\"@id\":\"https:\\\/\\\/www.freebetsinfo.co.uk\\\/vi\\\/c%c3%a1-c%c6%b0%e1%bb%a3c-mi%e1%bb%85n-ph%c3%ad\\\/#breadcrumb\",\"itemListElement\":[{\"@type\":\"ListItem\",\"position\":1,\"name\":\"Home\",\"item\":\"https:\\\/\\\/www.freebetsinfo.co.uk\\\/vi\\\/\"},{\"@type\":\"ListItem\",\"position\":2,\"name\":\"C\u00e1 c\u01b0\u1ee3c mi\u1ec5n ph\u00ed\"}]},{\"@type\":\"WebSite\",\"@id\":\"https:\\\/\\\/www.freebetsinfo.co.uk\\\/vi\\\/#website\",\"url\":\"https:\\\/\\\/www.freebetsinfo.co.uk\\\/vi\\\/\",\"name\":\"Mi\u1ec5n ph\u00ed C\u01b0\u1ee3c, tr\u1ef1c Tuy\u1ebfn C\u01b0\u1ee3c th\u00f4ng tin c\u00e1 C\u01b0\u1ee3c\",\"description\":\"T\u1ed1t nh\u1ea5t c\u00e1 C\u01b0\u1ee3c tr\u1ef1c Tuy\u1ebfn v\u00e0 Casino Kh\u00f4ng c\u00f3 Ti\u1ec1n Th\u01b0\u1edfng M\u00e3! \u2705Tr\u1ef1c Tuy\u1ebfn H\u00e0ng \u0110\u1ea7u Trang Web \u0110\u1eb7t C\u01b0\u1ee3c Gi\u00e1, \u2705T\u1ed1t Nh\u1ea5t S\u00f2ng B\u1ea1c Tr\u1ef1c Tuy\u1ebfn Ti\u1ec1n Th\u01b0\u1edfng!\",\"potentialAction\":[{\"@type\":\"SearchAction\",\"target\":{\"@type\":\"EntryPoint\",\"urlTemplate\":\"https:\\\/\\\/www.freebetsinfo.co.uk\\\/vi\\\/?s={search_term_string}\"},\"query-input\":{\"@type\":\"PropertyValueSpecification\",\"valueRequired\":true,\"valueName\":\"search_term_string\"}}],\"inLanguage\":\"vi-VN\"}]}<\/script>\n<!-- \/ Yoast SEO Premium plugin. -->","yoast_head_json":{"title":"Bet mi\u1ec5n ph\u00ed-nh\u1eadn c\u01b0\u1ee3c mi\u1ec5n ph\u00ed h\u00e0ng ng\u00e0y & \u0111\u1ec1 xu\u1ea5t t\u1eeb Anh bookmakers.","description":"Xem ph\u1ea1m vi r\u1ed9ng l\u1edbn c\u1ee7a ch\u00fang t\u00f4i \u0111\u1eb7t c\u01b0\u1ee3c mi\u1ec5n ph\u00ed ra kh\u1ecfi bookmakers c\u1ee7a V\u01b0\u01a1ng Qu\u1ed1c Anh l\u1edbn nh\u1ea5t c\u1ee7a b\u1ea1n v\u00e0 tuy\u00ean b\u1ed1 r\u1ea5t t\u1ed1t nh\u1ea5t v\u00e0 cung c\u1ea5p t\u1ed1t nh\u1ea5t t\u1eeb companions c\u1ee7a ch\u00fang t\u00f4i","robots":{"index":"index","follow":"follow","max-snippet":"max-snippet:-1","max-image-preview":"max-image-preview:large","max-video-preview":"max-video-preview:-1"},"canonical":"https:\/\/www.freebetsinfo.co.uk\/vi\/c%c3%a1-c%c6%b0%e1%bb%a3c-mi%e1%bb%85n-ph%c3%ad\/","og_locale":"vi_VN","og_type":"article","og_title":"C\u00e1 c\u01b0\u1ee3c mi\u1ec5n ph\u00ed","og_description":"Xem ph\u1ea1m vi r\u1ed9ng l\u1edbn c\u1ee7a ch\u00fang t\u00f4i \u0111\u1eb7t c\u01b0\u1ee3c mi\u1ec5n ph\u00ed ra kh\u1ecfi bookmakers c\u1ee7a V\u01b0\u01a1ng Qu\u1ed1c Anh l\u1edbn nh\u1ea5t c\u1ee7a b\u1ea1n v\u00e0 tuy\u00ean b\u1ed1 r\u1ea5t t\u1ed1t nh\u1ea5t v\u00e0 cung c\u1ea5p t\u1ed1t nh\u1ea5t t\u1eeb companions c\u1ee7a ch\u00fang t\u00f4i","og_url":"https:\/\/www.freebetsinfo.co.uk\/vi\/c%c3%a1-c%c6%b0%e1%bb%a3c-mi%e1%bb%85n-ph%c3%ad\/","og_site_name":"Mi\u1ec5n ph\u00ed C\u01b0\u1ee3c, tr\u1ef1c Tuy\u1ebfn C\u01b0\u1ee3c th\u00f4ng tin c\u00e1 C\u01b0\u1ee3c","article_modified_time":"2021-07-09T07:42:39+00:00","twitter_card":"summary_large_image","twitter_misc":{"Est. reading time":"5 minutes"},"schema":{"@context":"https:\/\/schema.org","@graph":[{"@type":"WebPage","@id":"https:\/\/www.freebetsinfo.co.uk\/vi\/c%c3%a1-c%c6%b0%e1%bb%a3c-mi%e1%bb%85n-ph%c3%ad\/","url":"https:\/\/www.freebetsinfo.co.uk\/vi\/c%c3%a1-c%c6%b0%e1%bb%a3c-mi%e1%bb%85n-ph%c3%ad\/","name":"Bet mi\u1ec5n ph\u00ed-nh\u1eadn c\u01b0\u1ee3c mi\u1ec5n ph\u00ed h\u00e0ng ng\u00e0y & \u0111\u1ec1 xu\u1ea5t t\u1eeb Anh bookmakers.","isPartOf":{"@id":"https:\/\/www.freebetsinfo.co.uk\/vi\/#website"},"datePublished":"2017-11-18T09:21:45+00:00","dateModified":"2021-07-09T07:42:39+00:00","description":"Xem ph\u1ea1m vi r\u1ed9ng l\u1edbn c\u1ee7a ch\u00fang t\u00f4i \u0111\u1eb7t c\u01b0\u1ee3c mi\u1ec5n ph\u00ed ra kh\u1ecfi bookmakers c\u1ee7a V\u01b0\u01a1ng Qu\u1ed1c Anh l\u1edbn nh\u1ea5t c\u1ee7a b\u1ea1n v\u00e0 tuy\u00ean b\u1ed1 r\u1ea5t t\u1ed1t nh\u1ea5t v\u00e0 cung c\u1ea5p t\u1ed1t nh\u1ea5t t\u1eeb companions c\u1ee7a ch\u00fang t\u00f4i","breadcrumb":{"@id":"https:\/\/www.freebetsinfo.co.uk\/vi\/c%c3%a1-c%c6%b0%e1%bb%a3c-mi%e1%bb%85n-ph%c3%ad\/#breadcrumb"},"inLanguage":"vi-VN","potentialAction":[{"@type":"ReadAction","target":["https:\/\/www.freebetsinfo.co.uk\/vi\/c%c3%a1-c%c6%b0%e1%bb%a3c-mi%e1%bb%85n-ph%c3%ad\/"]}]},{"@type":"BreadcrumbList","@id":"https:\/\/www.freebetsinfo.co.uk\/vi\/c%c3%a1-c%c6%b0%e1%bb%a3c-mi%e1%bb%85n-ph%c3%ad\/#breadcrumb","itemListElement":[{"@type":"ListItem","position":1,"name":"Home","item":"https:\/\/www.freebetsinfo.co.uk\/vi\/"},{"@type":"ListItem","position":2,"name":"C\u00e1 c\u01b0\u1ee3c mi\u1ec5n ph\u00ed"}]},{"@type":"WebSite","@id":"https:\/\/www.freebetsinfo.co.uk\/vi\/#website","url":"https:\/\/www.freebetsinfo.co.uk\/vi\/","name":"Mi\u1ec5n ph\u00ed C\u01b0\u1ee3c, tr\u1ef1c Tuy\u1ebfn C\u01b0\u1ee3c th\u00f4ng tin c\u00e1 C\u01b0\u1ee3c","description":"T\u1ed1t nh\u1ea5t c\u00e1 C\u01b0\u1ee3c tr\u1ef1c Tuy\u1ebfn v\u00e0 Casino Kh\u00f4ng c\u00f3 Ti\u1ec1n Th\u01b0\u1edfng M\u00e3! \u2705Tr\u1ef1c Tuy\u1ebfn H\u00e0ng \u0110\u1ea7u Trang Web \u0110\u1eb7t C\u01b0\u1ee3c Gi\u00e1, \u2705T\u1ed1t Nh\u1ea5t S\u00f2ng B\u1ea1c Tr\u1ef1c Tuy\u1ebfn Ti\u1ec1n Th\u01b0\u1edfng!","potentialAction":[{"@type":"SearchAction","target":{"@type":"EntryPoint","urlTemplate":"https:\/\/www.freebetsinfo.co.uk\/vi\/?s={search_term_string}"},"query-input":{"@type":"PropertyValueSpecification","valueRequired":true,"valueName":"search_term_string"}}],"inLanguage":"vi-VN"}]}},"uagb_featured_image_src":{"full":false,"thumbnail":false,"medium":false,"medium_large":false,"large":false,"1536x1536":false,"2048x2048":false,"small":false,"custom-size":false},"uagb_author_info":{"display_name":"\u7ba1\u7406","author_link":"https:\/\/www.freebetsinfo.co.uk\/vi\/author\/kdfl4q\/"},"uagb_comment_info":0,"uagb_excerpt":"C\u00e1 c\u01b0\u1ee3c th\u1ec3 thao lu\u00f4n t\u00ecm ki\u1ebfm \u0111\u1ec3 c\u00f3 \u0111\u01b0\u1ee3c c\u00f4ng vi\u1ec7c kinh doanh m\u1edbi v\u00e0 s\u1ebd cung c\u1ea5p cho b\u1ea1n nhi\u1ec1u lo\u1ea1i c\u01b0\u1ee3c ph\u00f9 h\u1ee3p v\u00e0 C\u01b0\u1ee3c mi\u1ec5n ph\u00ed . N\u00f3 \u00edt m\u1edd \u00e1m h\u01a1n b\u1edfi v\u00ec c\u00f3 v\u1ebb nh\u01b0, ch\u1eafc ch\u1eafn, h\u1ecd \u0111ang theo d\u00f5i ti\u1ec1n c\u1ee7a b\u1ea1n, tuy nhi\u00ean, n\u00f3 mang l\u1ea1i...&hellip;","_links":{"self":[{"href":"https:\/\/www.freebetsinfo.co.uk\/vi\/wp-json\/wp\/v2\/pages\/1882","targetHints":{"allow":["GET"]}}],"collection":[{"href":"https:\/\/www.freebetsinfo.co.uk\/vi\/wp-json\/wp\/v2\/pages"}],"about":[{"href":"https:\/\/www.freebetsinfo.co.uk\/vi\/wp-json\/wp\/v2\/types\/page"}],"author":[{"embeddable":true,"href":"https:\/\/www.freebetsinfo.co.uk\/vi\/wp-json\/wp\/v2\/users\/1"}],"replies":[{"embeddable":true,"href":"https:\/\/www.freebetsinfo.co.uk\/vi\/wp-json\/wp\/v2\/comments?post=1882"}],"version-history":[{"count":0,"href":"https:\/\/www.freebetsinfo.co.uk\/vi\/wp-json\/wp\/v2\/pages\/1882\/revisions"}],"wp:attachment":[{"href":"https:\/\/www.freebetsinfo.co.uk\/vi\/wp-json\/wp\/v2\/media?parent=1882"}],"curies":[{"name":"wp","href":"https:\/\/api.w.org\/{rel}","templated":true}]}}